{"id":7792,"date":"2025-09-22T13:02:13","date_gmt":"2025-09-22T13:02:13","guid":{"rendered":"https:\/\/phipower.org\/?post_type=product&#038;p=7792"},"modified":"2026-04-16T14:16:08","modified_gmt":"2026-04-16T14:16:08","slug":"inalador-de-hidrogenio-da-phipower-666-ml-min-de-hidrogenio-e-333-ml-min-de-oxigenio","status":"publish","type":"product","link":"https:\/\/phipower.org\/pt-pt\/product\/inalador-de-hidrogenio-da-phipower-666-ml-min-de-hidrogenio-e-333-ml-min-de-oxigenio\/","title":{"rendered":"Inalador de Hidrog\u00e9nio da Phipower | 666 ml\/min de Hidrog\u00e9nio e 333 ml\/min de Oxig\u00e9nio"},"content":{"rendered":"<h1 data-start=\"139\" data-end=\"220\">Inalador de Hidrog\u00e9nio da Phipower | 666 ml\/min de Hidrog\u00e9nio e 333 ml\/min de Oxig\u00e9nio<\/h1>\n<p data-start=\"222\" data-end=\"613\">O <strong data-start=\"225\" data-end=\"261\">inalador de hidrog\u00e9nio<\/strong> da <strong data-start=\"225\" data-end=\"261\">Phipower<\/strong> \u00e9 um dispositivo avan\u00e7ado concebido especificamente para a <strong data-start=\"322\" data-end=\"343\">terapia com hidrog\u00e9nio<\/strong> e <strong data-start=\"347\" data-end=\"372\">a inala\u00e7\u00e3o de oxi-hidrog\u00e9nio<\/strong>. Com uma impressionante produ\u00e7\u00e3o de <strong data-start=\"408\" data-end=\"442\">666 ml de g\u00e1s hidrog\u00e9nio por minuto<\/strong> e <strong data-start=\"446\" data-end=\"481\">333 ml de oxig\u00e9nio puro por minuto<\/strong> (total de 999 ml\/min), este inalador proporciona uma experi\u00eancia potente, est\u00e1vel e segura para uso dom\u00e9stico e profissional. <\/p>\n<p data-start=\"615\" data-end=\"768\">Gra\u00e7as \u00e0 sua tecnologia inovadora e \u00e0s suas extensas carater\u00edsticas de seguran\u00e7a, este modelo est\u00e1 entre os <strong data-start=\"710\" data-end=\"765\">inaladores de hidrog\u00e9nio mais fi\u00e1veis do mercado<\/strong>.<\/p>\n<hr data-start=\"770\" data-end=\"773\">\n<h2 data-start=\"775\" data-end=\"803\">Principais benef\u00edcios<\/h2>\n<p data-start=\"804\" data-end=\"1291\">\u2714 <strong data-start=\"806\" data-end=\"826\">Elevada capacidade:<\/strong> 999 ml\/min de fluxo total de g\u00e1s (666 ml H\u2082 + 333 ml O\u2082)<br data-start=\"878\" data-end=\"881\">\u2714 <strong data-start=\"883\" data-end=\"902\">Gases puros:<\/strong> \u2265 99,99% de hidrog\u00e9nio e oxig\u00e9nio puros<br data-start=\"938\" data-end=\"941\">\u2714 <strong data-start=\"943\" data-end=\"970\">Promo\u00e7\u00e3o da sa\u00fade:<\/strong> ideal para recupera\u00e7\u00e3o, relaxamento e vitalidade<br data-start=\"1017\" data-end=\"1020\">\u2714 <strong data-start=\"1022\" data-end=\"1042\">Sensores inteligentes:<\/strong> alarme de inclina\u00e7\u00e3o, prote\u00e7\u00e3o contra sobreaquecimento, monitoriza\u00e7\u00e3o da qualidade da \u00e1gua (TDS)<br data-start=\"1115\" data-end=\"1118\">\u2714 <strong data-start=\"1120\" data-end=\"1144\">F\u00e1cil de utilizar:<\/strong> modo dia\/noite, defini\u00e7\u00f5es de temporizador e visor n\u00edtido<br data-start=\"1197\" data-end=\"1200\">\u2714 <strong data-start=\"1202\" data-end=\"1223\">Multifuncional:<\/strong> adequado para uma \u00fanica utiliza\u00e7\u00e3o ou para v\u00e1rios utilizadores em simult\u00e2neo<\/p>\n<hr data-start=\"1293\" data-end=\"1296\">\n<h2 data-start=\"1298\" data-end=\"1316\">Especifica\u00e7\u00f5es<\/h2>\n<ul data-start=\"1317\" data-end=\"1803\">\n<li data-start=\"1317\" data-end=\"1364\">\n<p data-start=\"1319\" data-end=\"1364\"><strong data-start=\"1319\" data-end=\"1329\">Modelo:<\/strong> Inalador de hidrog\u00e9nio Phipower<\/p>\n<\/li>\n<li data-start=\"1365\" data-end=\"1400\">\n<p data-start=\"1367\" data-end=\"1400\"><strong data-start=\"1367\" data-end=\"1387\">D\u00e9bito de hidrog\u00e9nio:<\/strong> 666 ml\/min<\/p>\n<\/li>\n<li data-start=\"1401\" data-end=\"1434\">\n<p data-start=\"1403\" data-end=\"1434\"><strong data-start=\"1403\" data-end=\"1421\">D\u00e9bito de oxig\u00e9nio:<\/strong> 333 ml\/min<\/p>\n<\/li>\n<li data-start=\"1435\" data-end=\"1469\">\n<p data-start=\"1437\" data-end=\"1469\"><strong data-start=\"1437\" data-end=\"1456\">Caudal total de g\u00e1s:<\/strong> 999 ml\/min<\/p>\n<\/li>\n<li data-start=\"1470\" data-end=\"1503\">\n<p data-start=\"1472\" data-end=\"1503\"><strong data-start=\"1472\" data-end=\"1492\">Pureza do hidrog\u00e9nio:<\/strong> \u2265 99,99%<\/p>\n<\/li>\n<li data-start=\"1504\" data-end=\"1557\">\n<p data-start=\"1506\" data-end=\"1557\"><strong data-start=\"1506\" data-end=\"1525\">Dep\u00f3sito de \u00e1gua:<\/strong> 1,2 litros de \u00e1gua destilada<\/p>\n<\/li>\n<li data-start=\"1558\" data-end=\"1620\">\n<p data-start=\"1560\" data-end=\"1620\"><strong data-start=\"1560\" data-end=\"1578\">Sistema de filtragem:<\/strong> filtro de resina incorporado para \u00e1gua pura<\/p>\n<\/li>\n<li data-start=\"1621\" data-end=\"1708\">\n<p data-start=\"1623\" data-end=\"1708\"><strong data-start=\"1623\" data-end=\"1639\">Prote\u00e7\u00e3o:<\/strong> prote\u00e7\u00e3o contra sobreaquecimento, n\u00edvel de \u00e1gua baixo, dete\u00e7\u00e3o de distor\u00e7\u00e3o<\/p>\n<\/li>\n<li data-start=\"1709\" data-end=\"1738\">\n<p data-start=\"1711\" data-end=\"1738\"><strong data-start=\"1711\" data-end=\"1730\">Consumo de energia:<\/strong> 300 W<\/p>\n<\/li>\n<li data-start=\"1739\" data-end=\"1776\">\n<p data-start=\"1741\" data-end=\"1776\"><strong data-start=\"1741\" data-end=\"1754\">Tens\u00e3o:<\/strong> 110V-220V \/ 50-60Hz<\/p>\n<\/li>\n<li data-start=\"1777\" data-end=\"1803\">\n<p data-start=\"1779\" data-end=\"1803\"><strong data-start=\"1779\" data-end=\"1791\">Peso:<\/strong> aprox. 10 kg<\/p>\n<\/li>\n<\/ul>\n<hr data-start=\"1805\" data-end=\"1808\">\n<h2 data-start=\"1810\" data-end=\"1849\">Aplica\u00e7\u00f5es da terapia com hidrog\u00e9nio<\/h2>\n<p data-start=\"1850\" data-end=\"1922\">O <strong data-start=\"1853\" data-end=\"1889\">inalador de hidrog\u00e9nio da Phipower<\/strong> \u00e9 utilizado em todo o mundo:<\/p>\n<ul data-start=\"1923\" data-end=\"2203\">\n<li data-start=\"1923\" data-end=\"1983\">\n<p data-start=\"1925\" data-end=\"1983\"><strong data-start=\"1925\" data-end=\"1950\">Centros Wellness &amp; Spa<\/strong> para relaxamento e vitalidade<\/p>\n<\/li>\n<li data-start=\"1984\" data-end=\"2070\">\n<p data-start=\"1986\" data-end=\"2070\"><strong data-start=\"1986\" data-end=\"2029\">Ambientes m\u00e9dicos e terap\u00eauticos<\/strong> para apoiar os processos de recupera\u00e7\u00e3o<\/p>\n<\/li>\n<li data-start=\"2071\" data-end=\"2125\">\n<p data-start=\"2073\" data-end=\"2125\"><strong data-start=\"2073\" data-end=\"2089\">Utiliza\u00e7\u00e3o dom\u00e9stica<\/strong> para terapia di\u00e1ria com hidrog\u00e9nio<\/p>\n<\/li>\n<li data-start=\"2126\" data-end=\"2203\">\n<p data-start=\"2128\" data-end=\"2203\"><strong data-start=\"2128\" data-end=\"2151\">Desporto e reabilita\u00e7\u00e3o<\/strong> para recuperares mais rapidamente ap\u00f3s exerc\u00edcio intenso<\/p>\n<\/li>\n<\/ul>\n<hr data-start=\"2205\" data-end=\"2208\">\n<h2 data-start=\"2210\" data-end=\"2270\">Porqu\u00ea escolher o inalador de hidrog\u00e9nio da Phipower?<\/h2>\n<p data-start=\"2271\" data-end=\"2656\">O inalador de hidrog\u00e9nio da Phipower destaca-se pela sua <strong data-start=\"2335\" data-end=\"2355\">pot\u00eancia<\/strong>, <strong data-start=\"2357\" data-end=\"2385\">carater\u00edsticas de seguran\u00e7a<\/strong> e <strong data-start=\"2389\" data-end=\"2413\">facilidade de utiliza\u00e7\u00e3o<\/strong>. Gra\u00e7as aos seus <strong data-start=\"2426\" data-end=\"2452\">sensores TDS de infravermelhos<\/strong> e <strong data-start=\"2456\" data-end=\"2482\">controlos inteligentes<\/strong>, podes ter a certeza de que inalas sempre hidrog\u00e9nio e oxig\u00e9nio limpos e puros. Isto torna o inalador fi\u00e1vel, dur\u00e1vel e ideal tanto para principiantes como para utilizadores experientes.  <\/p>\n<hr data-start=\"2658\" data-end=\"2661\">\n<h1 data-start=\"2663\" data-end=\"2692\">FAQ &#8211; Perguntas mais frequentes<\/h1>\n<p data-start=\"2694\" data-end=\"2915\"><strong data-start=\"2694\" data-end=\"2755\">1.<\/strong> Qual <strong data-start=\"2694\" data-end=\"2755\">a quantidade de hidrog\u00e9nio e de oxig\u00e9nio produzida por este dispositivo?<\/strong><br data-start=\"2755\" data-end=\"2758\">O inalador de hidrog\u00e9nio da Phipower fornece <strong data-start=\"2801\" data-end=\"2832\">666 ml de hidrog\u00e9nio por minuto<\/strong> e <strong data-start=\"2836\" data-end=\"2866\">333 ml de oxig\u00e9nio por minuto<\/strong>, o que corresponde a uma <strong data-start=\"2884\" data-end=\"2912\">produ\u00e7\u00e3o total de 999 ml\/min<\/strong>.<\/p>\n<p data-start=\"2917\" data-end=\"3138\"><strong data-start=\"2917\" data-end=\"2963\">2. \u00c9 seguro inalar o hidrog\u00e9nio?<\/strong><br data-start=\"2963\" data-end=\"2966\">Sim, o inalador produz hidrog\u00e9nio e oxig\u00e9nio \u2265 99,99% puros. Al\u00e9m disso, o dispositivo est\u00e1 equipado com v\u00e1rios sensores e sistemas de seguran\u00e7a para uma utiliza\u00e7\u00e3o segura. <\/p>\n<p data-start=\"3140\" data-end=\"3299\"><strong data-start=\"3140\" data-end=\"3176\">3. Que \u00e1gua devo utilizar?<\/strong><br data-start=\"3176\" data-end=\"3179\">Utiliza sempre <strong data-start=\"3194\" data-end=\"3227\">\u00e1gua destilada (TDS = 0)<\/strong>. Assim, evita a forma\u00e7\u00e3o de calc\u00e1rio e prolonga a vida \u00fatil do aparelho. <\/p>\n<p data-start=\"3301\" data-end=\"3474\"><strong data-start=\"3301\" data-end=\"3345\">4. Com que frequ\u00eancia devo mudar a \u00e1gua?<\/strong><br data-start=\"3345\" data-end=\"3348\">O sensor TDS inteligente avisa-te automaticamente quando a \u00e1gua precisa de ser mudada.<\/p>\n<p data-start=\"3476\" data-end=\"3660\"><strong data-start=\"3476\" data-end=\"3546\">5. O inalador pode ser utilizado por v\u00e1rias pessoas ao mesmo tempo?<\/strong><br data-start=\"3546\" data-end=\"3549\">Sim, os conectores Y e X fornecidos permitem que v\u00e1rias pessoas inalem hidrog\u00e9nio ou oxig\u00e9nio ao mesmo tempo.<\/p>\n<p data-start=\"3662\" data-end=\"3711\"><strong data-start=\"3662\" data-end=\"3709\">6. Como \u00e9 que fa\u00e7o a manuten\u00e7\u00e3o do inalador de hidrog\u00e9nio?<\/strong><\/p>\n<ul data-start=\"3712\" data-end=\"3900\">\n<li data-start=\"3712\" data-end=\"3755\">\n<p data-start=\"3714\" data-end=\"3755\">Utiliza apenas \u00e1gua destilada<\/p>\n<\/li>\n<li data-start=\"3756\" data-end=\"3799\">\n<p data-start=\"3758\" data-end=\"3799\">Substitui o filtro de resina a cada 6-12 meses<\/p>\n<\/li>\n<li data-start=\"3800\" data-end=\"3850\">\n<p data-start=\"3802\" data-end=\"3850\">Limpa regularmente a tubagem e os acess\u00f3rios<\/p>\n<\/li>\n<li data-start=\"3851\" data-end=\"3900\">\n<p data-start=\"3853\" data-end=\"3900\">Segue as notifica\u00e7\u00f5es autom\u00e1ticas no ecr\u00e3<\/p>\n<\/li>\n<\/ul>\n<p data-start=\"3902\" data-end=\"4091\"><strong data-start=\"3902\" data-end=\"3958\">7. O que acontece se o aparelho sobreaquecer?<\/strong><br data-start=\"3958\" data-end=\"3961\">O inalador de hidrog\u00e9nio da Phipower desliga-se automaticamente em caso de sobreaquecimento e pode ser utilizado novamente em seguran\u00e7a depois de arrefecer.<\/p>\n<p><strong>Garantia:<\/strong><br \/>\n1 ano de garantia<\/p>\n<p><strong>Manual:<\/strong><\/p>\n<p><a href=\"https:\/\/drive.google.com\/file\/d\/1tO_7LtcqlEKURvNFHeui5bd1c_mLjvrD\/view?usp=sharing\">Descarrega o manual <strong>aqui <\/strong>.<\/a><\/p>\n<p>Para mais informa\u00e7\u00f5es sobre o potencial do hidrog\u00e9nio molecular, consulte <a href=\"https:\/\/www.ncbi.nlm.nih.gov\/pmc\/articles\/PMC3257754\/\">esta hiperliga\u00e7\u00e3o<\/a>.<\/p>\n","protected":false},"excerpt":{"rendered":"<p><strong>666 ml por minuto de hidrog\u00e9nio puro (H2)<\/strong><br \/>\n<strong>333 ml por minuto de oxig\u00e9nio puro (O2)<\/strong><br \/>\n<strong>O hidrog\u00e9nio \u00e9 um poderoso antioxidante<\/strong><br \/>\n<strong>O hidrog\u00e9nio d\u00e1 mais energia<\/strong><br \/>\n<strong>\u2714 <\/strong><strong>refor\u00e7a o sistema imunit\u00e1rio das c\u00e9lulas do corpo<\/strong><br \/>\n<strong>Nutre e protege a pele<\/strong><br \/>\n<strong>Aumenta o metabolismo<\/strong><br \/>\n<strong>Utilizar diretamente com \u00e1gua destilada<\/strong><\/p>\n","protected":false},"featured_media":10556,"comment_status":"open","ping_status":"closed","template":"","meta":[],"product_brand":[],"product_cat":[952,951,953],"product_tag":[],"class_list":{"0":"post-7792","1":"product","2":"type-product","3":"status-publish","4":"has-post-thumbnail","6":"product_cat-inhalador-de-gas-hidrogeno","7":"product_cat-productos","8":"product_cat-tratamiento-del-agua","9":"product_shipping_class-10-20-kg","11":"first","12":"instock","13":"taxable","14":"shipping-taxable","15":"purchasable","16":"product-type-simple"},"yoast_head":"<!-- This site is optimized with the Yoast SEO Premium plugin v23.6 (Yoast SEO v27.2) - https:\/\/yoast.com\/product\/yoast-seo-premium-wordpress\/ -->\n<title>Inalador de Hidrog\u00e9nio Phipower | 666 ml\/min de Hidrog\u00e9nio e 333 ml\/min de Oxig\u00e9nio<\/title>\n<meta name=\"description\" content=\"Descobre o Inalador de Hidrog\u00e9nio Phipower: 666 ml\/min de hidrog\u00e9nio e 333 ml\/min de oxig\u00e9nio. Seguro, potente e ideal para a terapia, a recupera\u00e7\u00e3o e a vitalidade.\" \/>\n<meta name=\"robots\" content=\"index, follow, max-snippet:-1, max-image-preview:large, max-video-preview:-1\" \/>\n<link rel=\"canonical\" href=\"https:\/\/phipower.org\/pt-pt\/product\/inalador-de-hidrogenio-da-phipower-666-ml-min-de-hidrogenio-e-333-ml-min-de-oxigenio\/\" \/>\n<meta property=\"og:locale\" content=\"pt_PT\" \/>\n<meta property=\"og:type\" content=\"article\" \/>\n<meta property=\"og:title\" content=\"Inalador de Hidrog\u00e9nio da Phipower | 666 ml\/min de Hidrog\u00e9nio e 333 ml\/min de Oxig\u00e9nio\" \/>\n<meta property=\"og:description\" content=\"Descobre o Inalador de Hidrog\u00e9nio Phipower: 666 ml\/min de hidrog\u00e9nio e 333 ml\/min de oxig\u00e9nio. Seguro, potente e ideal para a terapia, a recupera\u00e7\u00e3o e a vitalidade.\" \/>\n<meta property=\"og:url\" content=\"https:\/\/phipower.org\/pt-pt\/product\/inalador-de-hidrogenio-da-phipower-666-ml-min-de-hidrogenio-e-333-ml-min-de-oxigenio\/\" \/>\n<meta property=\"og:site_name\" content=\"Phipower\" \/>\n<meta property=\"article:publisher\" content=\"https:\/\/www.facebook.com\/phipowertools\/\" \/>\n<meta property=\"article:modified_time\" content=\"2026-04-16T14:16:08+00:00\" \/>\n<meta property=\"og:image\" content=\"https:\/\/phipower.org\/wp-content\/uploads\/2021\/09\/waterstofgas-inhaler-inhalator-H2-O2-300ml-H2-generator-medisch-apparaat-phipower-zijkant-1.jpg\" \/>\n\t<meta property=\"og:image:width\" content=\"1200\" \/>\n\t<meta property=\"og:image:height\" content=\"1200\" \/>\n\t<meta property=\"og:image:type\" content=\"image\/jpeg\" \/>\n<meta name=\"twitter:card\" content=\"summary_large_image\" \/>\n<meta name=\"twitter:site\" content=\"@phipower1\" \/>\n<meta name=\"twitter:label1\" content=\"pre\u00e7o\" \/>\n\t<meta name=\"twitter:data1\" content=\"&euro;1.499,00\" \/>\n\t<meta name=\"twitter:label2\" content=\"Disponibilidade\" \/>\n\t<meta name=\"twitter:data2\" content=\"Em stock\" \/>\n<script type=\"application\/ld+json\" class=\"yoast-schema-graph\">{\"@context\":\"https:\/\/schema.org\",\"@graph\":[{\"@type\":\"WebPage\",\"@id\":\"https:\/\/phipower.org\/pt-pt\/product\/inalador-de-hidrogenio-da-phipower-666-ml-min-de-hidrogenio-e-333-ml-min-de-oxigenio\/\",\"url\":\"https:\/\/phipower.org\/pt-pt\/product\/inalador-de-hidrogenio-da-phipower-666-ml-min-de-hidrogenio-e-333-ml-min-de-oxigenio\/\",\"name\":\"Inalador de Hidrog\u00e9nio Phipower | 666 ml\/min de Hidrog\u00e9nio e 333 ml\/min de Oxig\u00e9nio\",\"isPartOf\":{\"@id\":\"https:\/\/phipower.org\/pt-pt\/#website\"},\"primaryImageOfPage\":{\"@id\":\"https:\/\/phipower.org\/pt-pt\/product\/inalador-de-hidrogenio-da-phipower-666-ml-min-de-hidrogenio-e-333-ml-min-de-oxigenio\/#primaryimage\"},\"image\":{\"@id\":\"https:\/\/phipower.org\/pt-pt\/product\/inalador-de-hidrogenio-da-phipower-666-ml-min-de-hidrogenio-e-333-ml-min-de-oxigenio\/#primaryimage\"},\"thumbnailUrl\":\"https:\/\/phipower.org\/wp-content\/uploads\/2025\/09\/Waterstof-Inhalator-van-Phipower-666-mlmin-Waterstof-en-333-mlmin-Zuurstof.webp\",\"datePublished\":\"2025-09-22T13:02:13+00:00\",\"dateModified\":\"2026-04-16T14:16:08+00:00\",\"description\":\"Descobre o Inalador de Hidrog\u00e9nio Phipower: 666 ml\/min de hidrog\u00e9nio e 333 ml\/min de oxig\u00e9nio. Seguro, potente e ideal para a terapia, a recupera\u00e7\u00e3o e a vitalidade.\",\"breadcrumb\":{\"@id\":\"https:\/\/phipower.org\/pt-pt\/product\/inalador-de-hidrogenio-da-phipower-666-ml-min-de-hidrogenio-e-333-ml-min-de-oxigenio\/#breadcrumb\"},\"inLanguage\":\"pt-PT\",\"potentialAction\":[{\"@type\":\"ReadAction\",\"target\":[\"https:\/\/phipower.org\/pt-pt\/product\/inalador-de-hidrogenio-da-phipower-666-ml-min-de-hidrogenio-e-333-ml-min-de-oxigenio\/\"]}]},{\"@type\":\"ImageObject\",\"inLanguage\":\"pt-PT\",\"@id\":\"https:\/\/phipower.org\/pt-pt\/product\/inalador-de-hidrogenio-da-phipower-666-ml-min-de-hidrogenio-e-333-ml-min-de-oxigenio\/#primaryimage\",\"url\":\"https:\/\/phipower.org\/wp-content\/uploads\/2025\/09\/Waterstof-Inhalator-van-Phipower-666-mlmin-Waterstof-en-333-mlmin-Zuurstof.webp\",\"contentUrl\":\"https:\/\/phipower.org\/wp-content\/uploads\/2025\/09\/Waterstof-Inhalator-van-Phipower-666-mlmin-Waterstof-en-333-mlmin-Zuurstof.webp\",\"width\":1920,\"height\":1920},{\"@type\":\"BreadcrumbList\",\"@id\":\"https:\/\/phipower.org\/pt-pt\/product\/inalador-de-hidrogenio-da-phipower-666-ml-min-de-hidrogenio-e-333-ml-min-de-oxigenio\/#breadcrumb\",\"itemListElement\":[{\"@type\":\"ListItem\",\"position\":1,\"name\":\"Home\",\"item\":\"https:\/\/phipower.org\/pt-pt\/\"},{\"@type\":\"ListItem\",\"position\":2,\"name\":\"Loja\",\"item\":\"https:\/\/phipower.org\/pt-pt\/loja\/\"},{\"@type\":\"ListItem\",\"position\":3,\"name\":\"Inalador de Hidrog\u00e9nio da Phipower | 666 ml\/min de Hidrog\u00e9nio e 333 ml\/min de Oxig\u00e9nio\"}]},{\"@type\":\"WebSite\",\"@id\":\"https:\/\/phipower.org\/pt-pt\/#website\",\"url\":\"https:\/\/phipower.org\/pt-pt\/\",\"name\":\"Phipower: innovatieve gezondheidsproducten\",\"description\":\"innovatieve gezondheidsproducten\",\"publisher\":{\"@id\":\"https:\/\/phipower.org\/pt-pt\/#organization\"},\"potentialAction\":[{\"@type\":\"SearchAction\",\"target\":{\"@type\":\"EntryPoint\",\"urlTemplate\":\"https:\/\/phipower.org\/pt-pt\/?s={search_term_string}\"},\"query-input\":{\"@type\":\"PropertyValueSpecification\",\"valueRequired\":true,\"valueName\":\"search_term_string\"}}],\"inLanguage\":\"pt-PT\"},{\"@type\":\"Organization\",\"@id\":\"https:\/\/phipower.org\/pt-pt\/#organization\",\"name\":\"Phipower\",\"url\":\"https:\/\/phipower.org\/pt-pt\/\",\"logo\":{\"@type\":\"ImageObject\",\"inLanguage\":\"pt-PT\",\"@id\":\"https:\/\/phipower.org\/pt-pt\/#\/schema\/logo\/image\/\",\"url\":\"https:\/\/phipower.org\/wp-content\/uploads\/2019\/06\/z-logo-RGB-wit-power.png\",\"contentUrl\":\"https:\/\/phipower.org\/wp-content\/uploads\/2019\/06\/z-logo-RGB-wit-power.png\",\"width\":3273,\"height\":1389,\"caption\":\"Phipower\"},\"image\":{\"@id\":\"https:\/\/phipower.org\/pt-pt\/#\/schema\/logo\/image\/\"},\"sameAs\":[\"https:\/\/www.facebook.com\/phipowertools\/\",\"https:\/\/x.com\/phipower1\",\"https:\/\/www.tiktok.com\/@phipowerhealth\"]}]}<\/script>\n<meta property=\"product:price:amount\" content=\"1499.00\" \/>\n<meta property=\"product:price:currency\" content=\"EUR\" \/>\n<meta property=\"og:availability\" content=\"instock\" \/>\n<meta property=\"product:availability\" content=\"instock\" \/>\n<meta property=\"product:retailer_item_id\" content=\"7806140071688\" \/>\n<meta property=\"product:condition\" content=\"new\" \/>\n<!-- \/ Yoast SEO Premium plugin. -->","yoast_head_json":{"title":"Inalador de Hidrog\u00e9nio Phipower | 666 ml\/min de Hidrog\u00e9nio e 333 ml\/min de Oxig\u00e9nio","description":"Descobre o Inalador de Hidrog\u00e9nio Phipower: 666 ml\/min de hidrog\u00e9nio e 333 ml\/min de oxig\u00e9nio. Seguro, potente e ideal para a terapia, a recupera\u00e7\u00e3o e a vitalidade.","robots":{"index":"index","follow":"follow","max-snippet":"max-snippet:-1","max-image-preview":"max-image-preview:large","max-video-preview":"max-video-preview:-1"},"canonical":"https:\/\/phipower.org\/pt-pt\/product\/inalador-de-hidrogenio-da-phipower-666-ml-min-de-hidrogenio-e-333-ml-min-de-oxigenio\/","og_locale":"pt_PT","og_type":"article","og_title":"Inalador de Hidrog\u00e9nio da Phipower | 666 ml\/min de Hidrog\u00e9nio e 333 ml\/min de Oxig\u00e9nio","og_description":"Descobre o Inalador de Hidrog\u00e9nio Phipower: 666 ml\/min de hidrog\u00e9nio e 333 ml\/min de oxig\u00e9nio. Seguro, potente e ideal para a terapia, a recupera\u00e7\u00e3o e a vitalidade.","og_url":"https:\/\/phipower.org\/pt-pt\/product\/inalador-de-hidrogenio-da-phipower-666-ml-min-de-hidrogenio-e-333-ml-min-de-oxigenio\/","og_site_name":"Phipower","article_publisher":"https:\/\/www.facebook.com\/phipowertools\/","article_modified_time":"2026-04-16T14:16:08+00:00","og_image":[{"width":1200,"height":1200,"url":"https:\/\/phipower.org\/wp-content\/uploads\/2021\/09\/waterstofgas-inhaler-inhalator-H2-O2-300ml-H2-generator-medisch-apparaat-phipower-zijkant-1.jpg","type":"image\/jpeg"}],"twitter_card":"summary_large_image","twitter_site":"@phipower1","twitter_misc":{"pre\u00e7o":"&euro;1.499,00","Disponibilidade":"Em stock"},"schema":{"@context":"https:\/\/schema.org","@graph":[{"@type":"WebPage","@id":"https:\/\/phipower.org\/pt-pt\/product\/inalador-de-hidrogenio-da-phipower-666-ml-min-de-hidrogenio-e-333-ml-min-de-oxigenio\/","url":"https:\/\/phipower.org\/pt-pt\/product\/inalador-de-hidrogenio-da-phipower-666-ml-min-de-hidrogenio-e-333-ml-min-de-oxigenio\/","name":"Inalador de Hidrog\u00e9nio Phipower | 666 ml\/min de Hidrog\u00e9nio e 333 ml\/min de Oxig\u00e9nio","isPartOf":{"@id":"https:\/\/phipower.org\/pt-pt\/#website"},"primaryImageOfPage":{"@id":"https:\/\/phipower.org\/pt-pt\/product\/inalador-de-hidrogenio-da-phipower-666-ml-min-de-hidrogenio-e-333-ml-min-de-oxigenio\/#primaryimage"},"image":{"@id":"https:\/\/phipower.org\/pt-pt\/product\/inalador-de-hidrogenio-da-phipower-666-ml-min-de-hidrogenio-e-333-ml-min-de-oxigenio\/#primaryimage"},"thumbnailUrl":"https:\/\/phipower.org\/wp-content\/uploads\/2025\/09\/Waterstof-Inhalator-van-Phipower-666-mlmin-Waterstof-en-333-mlmin-Zuurstof.webp","datePublished":"2025-09-22T13:02:13+00:00","dateModified":"2026-04-16T14:16:08+00:00","description":"Descobre o Inalador de Hidrog\u00e9nio Phipower: 666 ml\/min de hidrog\u00e9nio e 333 ml\/min de oxig\u00e9nio. Seguro, potente e ideal para a terapia, a recupera\u00e7\u00e3o e a vitalidade.","breadcrumb":{"@id":"https:\/\/phipower.org\/pt-pt\/product\/inalador-de-hidrogenio-da-phipower-666-ml-min-de-hidrogenio-e-333-ml-min-de-oxigenio\/#breadcrumb"},"inLanguage":"pt-PT","potentialAction":[{"@type":"ReadAction","target":["https:\/\/phipower.org\/pt-pt\/product\/inalador-de-hidrogenio-da-phipower-666-ml-min-de-hidrogenio-e-333-ml-min-de-oxigenio\/"]}]},{"@type":"ImageObject","inLanguage":"pt-PT","@id":"https:\/\/phipower.org\/pt-pt\/product\/inalador-de-hidrogenio-da-phipower-666-ml-min-de-hidrogenio-e-333-ml-min-de-oxigenio\/#primaryimage","url":"https:\/\/phipower.org\/wp-content\/uploads\/2025\/09\/Waterstof-Inhalator-van-Phipower-666-mlmin-Waterstof-en-333-mlmin-Zuurstof.webp","contentUrl":"https:\/\/phipower.org\/wp-content\/uploads\/2025\/09\/Waterstof-Inhalator-van-Phipower-666-mlmin-Waterstof-en-333-mlmin-Zuurstof.webp","width":1920,"height":1920},{"@type":"BreadcrumbList","@id":"https:\/\/phipower.org\/pt-pt\/product\/inalador-de-hidrogenio-da-phipower-666-ml-min-de-hidrogenio-e-333-ml-min-de-oxigenio\/#breadcrumb","itemListElement":[{"@type":"ListItem","position":1,"name":"Home","item":"https:\/\/phipower.org\/pt-pt\/"},{"@type":"ListItem","position":2,"name":"Loja","item":"https:\/\/phipower.org\/pt-pt\/loja\/"},{"@type":"ListItem","position":3,"name":"Inalador de Hidrog\u00e9nio da Phipower | 666 ml\/min de Hidrog\u00e9nio e 333 ml\/min de Oxig\u00e9nio"}]},{"@type":"WebSite","@id":"https:\/\/phipower.org\/pt-pt\/#website","url":"https:\/\/phipower.org\/pt-pt\/","name":"Phipower: innovatieve gezondheidsproducten","description":"innovatieve gezondheidsproducten","publisher":{"@id":"https:\/\/phipower.org\/pt-pt\/#organization"},"potentialAction":[{"@type":"SearchAction","target":{"@type":"EntryPoint","urlTemplate":"https:\/\/phipower.org\/pt-pt\/?s={search_term_string}"},"query-input":{"@type":"PropertyValueSpecification","valueRequired":true,"valueName":"search_term_string"}}],"inLanguage":"pt-PT"},{"@type":"Organization","@id":"https:\/\/phipower.org\/pt-pt\/#organization","name":"Phipower","url":"https:\/\/phipower.org\/pt-pt\/","logo":{"@type":"ImageObject","inLanguage":"pt-PT","@id":"https:\/\/phipower.org\/pt-pt\/#\/schema\/logo\/image\/","url":"https:\/\/phipower.org\/wp-content\/uploads\/2019\/06\/z-logo-RGB-wit-power.png","contentUrl":"https:\/\/phipower.org\/wp-content\/uploads\/2019\/06\/z-logo-RGB-wit-power.png","width":3273,"height":1389,"caption":"Phipower"},"image":{"@id":"https:\/\/phipower.org\/pt-pt\/#\/schema\/logo\/image\/"},"sameAs":["https:\/\/www.facebook.com\/phipowertools\/","https:\/\/x.com\/phipower1","https:\/\/www.tiktok.com\/@phipowerhealth"]}]},"product_price_amount":"1499.00","product_price_currency":"EUR","og_availability":"instock","product_availability":"instock","product_retailer_item_id":"7806140071688","product_condition":"new"},"_links":{"self":[{"href":"https:\/\/phipower.org\/pt-pt\/wp-json\/wp\/v2\/product\/7792","targetHints":{"allow":["GET"]}}],"collection":[{"href":"https:\/\/phipower.org\/pt-pt\/wp-json\/wp\/v2\/product"}],"about":[{"href":"https:\/\/phipower.org\/pt-pt\/wp-json\/wp\/v2\/types\/product"}],"replies":[{"embeddable":true,"href":"https:\/\/phipower.org\/pt-pt\/wp-json\/wp\/v2\/comments?post=7792"}],"wp:featuredmedia":[{"embeddable":true,"href":"https:\/\/phipower.org\/pt-pt\/wp-json\/wp\/v2\/media\/10556"}],"wp:attachment":[{"href":"https:\/\/phipower.org\/pt-pt\/wp-json\/wp\/v2\/media?parent=7792"}],"wp:term":[{"taxonomy":"product_brand","embeddable":true,"href":"https:\/\/phipower.org\/pt-pt\/wp-json\/wp\/v2\/product_brand?post=7792"},{"taxonomy":"product_cat","embeddable":true,"href":"https:\/\/phipower.org\/pt-pt\/wp-json\/wp\/v2\/product_cat?post=7792"},{"taxonomy":"product_tag","embeddable":true,"href":"https:\/\/phipower.org\/pt-pt\/wp-json\/wp\/v2\/product_tag?post=7792"}],"curies":[{"name":"wp","href":"https:\/\/api.w.org\/{rel}","templated":true}]}}