{"id":7099,"date":"2025-05-26T10:41:58","date_gmt":"2025-05-26T10:41:58","guid":{"rendered":"https:\/\/phipower.org\/?post_type=product&#038;p=7099"},"modified":"2026-05-11T08:06:56","modified_gmt":"2026-05-11T08:06:56","slug":"valvulas-de-cortica-para-o-vitalizador-de-agua-phipower-atenuacao-do-som-e-fixacao-analemma-stir-bar-kopie","status":"publish","type":"product","link":"https:\/\/phipower.org\/pt-pt\/product\/valvulas-de-cortica-para-o-vitalizador-de-agua-phipower-atenuacao-do-som-e-fixacao-analemma-stir-bar-kopie\/","title":{"rendered":"Vareta de \u00c1gua Analemma \u2013 Transforme a sua \u00e1gua pot\u00e1vel em \u00e1gua coerente"},"content":{"rendered":"<h1>Vareta de \u00c1gua Analemma \u2013 Transforme a sua \u00e1gua pot\u00e1vel em \u00e1gua coerente<\/h1>\n<h4><strong>A partir de: 164,90 \u20ac \u2022 Em stock | \u2022 Funcionamento vital\u00edcio<\/strong><\/h4>\n<h2>\u2022 O que \u00e9 a \u00e1gua coerente?<\/h2>\n<p>A Vareta de \u00c1gua Analemma transforma a \u00e1gua da torneira comum em \u00e1gua coerente \u2013 estruturada, rica em energia e em harmonia natural. Isto traz benef\u00edcios diretos para a sua sa\u00fade, vitalidade e bem-estar. <\/p>\n<h2>\u2728 Principais benef\u00edcios<\/h2>\n<ul>\n<li>\u26a1 Mais energia celular (ATP)<\/li>\n<li>\ud83d\udee1\ufe0f Fortalece o sistema imunit\u00e1rio<\/li>\n<li>Rejuvenescimento da idade biol\u00f3gica<\/li>\n<li>\ud83e\udde0 Melhoria das ondas cerebrais e do foco<\/li>\n<li>\ud83e\udda0 Fortalece a flora intestinal<\/li>\n<li>\ud83c\udf31 Vitaliza plantas e animais<\/li>\n<\/ul>\n<h2>\ud83d\udd2c Efic\u00e1cia comprovada cientificamente<\/h2>\n<p>Estudos em dupla oculta\u00e7\u00e3o e controlados por placebo demonstram que a \u00e1gua Analemma aumenta significativamente a produ\u00e7\u00e3o de energia das c\u00e9lulas e restaura o equil\u00edbrio do microbioma.<\/p>\n<h2>\u2699\ufe0f Como funciona?<\/h2>\n<p>A c\u00e1psula de quartzo de vidro cont\u00e9m <strong>\u00e1gua-m\u00e3e<\/strong> que \u00e9 carregada energeticamente atrav\u00e9s de metais, geometria e luz solar e lunar. Ao mexer a \u00e1gua com a vareta, a sua \u00e1gua adota instantaneamente esta estrutura. <\/p>\n<h2>\ud83d\udd17 Integra\u00e7\u00e3o com o Gerador de \u00c1gua Vitalizada Phipower<\/h2>\n<p>A Vareta de \u00c1gua Analemma pode ser utilizada <strong>em combina\u00e7\u00e3o com o <a href=\"https:\/\/phipower.org\/product\/gevitaliseerd-water-maker-voor-vitaliseren-en-structureren-van-water-phipower\/\">Gerador de \u00c1gua Vitalizada da Phipower<\/a><\/strong> atrav\u00e9s de um <a href=\"https:\/\/phipower.org\/pt-pt\/product\/valvulas-de-cortica-para-o-vitalizador-de-agua-phipower-atenuacao-do-som-e-fixacao-analemma-stir-bar\/\"><strong>vedante de corti\u00e7a<\/strong><\/a>. Desta forma, enriquece a \u00e1gua vitalizada do v\u00f3rtice com a informa\u00e7\u00e3o coerente da \u00e1gua-m\u00e3e da vareta Analemma. <\/p>\n<ul>\n<li>V\u00f3rtice + frequ\u00eancias de luz + cristais (Phipower)<\/li>\n<li>\u00c1gua-m\u00e3e + transfer\u00eancia de cristais (Analemma)<\/li>\n<li>\ud83d\udc8e \u00c1gua vital e coerente definitiva<\/li>\n<\/ul>\n<h2>\ud83d\udccb Caracter\u00edsticas<\/h2>\n<ul>\n<li>Adequada para \u00e1gua, sumo, vinho, caf\u00e9 e muito mais<\/li>\n<li>Produzida de forma sustent\u00e1vel nos Pa\u00edses Baixos<\/li>\n<li>Efic\u00e1cia vital\u00edcia \u2013 sem pilhas, filtros ou manuten\u00e7\u00e3o<\/li>\n<li>Tamb\u00e9m para levar consigo \u2013 compacta e elegante<\/li>\n<\/ul>\n<h2>\u2764\ufe0f O que dizem os clientes?<\/h2>\n<blockquote>\n<p>\u201cA nossa pele, os nossos intestinos e o nosso c\u00e3o est\u00e3o mais saud\u00e1veis do que nunca.\u201d<br \/><em>\u2013 Stephanie, NL<\/em><\/p>\n<\/blockquote>\n<blockquote>\n<p>\u201cSinto-me mais calma, bebo mais e os meus filhos adoram a \u00e1gua.\u201d<br \/><em>\u2013 Wieteke, NL<\/em><\/p>\n<\/blockquote>\n<blockquote>\n<p>\u201cRelaxamento e clareza enormes em 15 minutos.\u201d<br \/><em>\u2013 Matthew, AU<\/em><\/p>\n<\/blockquote>\n<h2>\u2753 Perguntas frequentes (FAQ)<\/h2>\n<ul>\n<li><strong>Durante quanto tempo devo mexer com a vareta?<\/strong><br \/>15 segundos para um copo, 30 segundos para um jarro de \u00e1gua.<\/li>\n<li><strong>\u00c9 seguro para beb\u00e9s, animais de estima\u00e7\u00e3o ou plantas?<\/strong><br \/>Sim, a \u00e1gua coerente \u00e9 segura para todos e at\u00e9 particularmente ben\u00e9fica.<\/li>\n<li><strong>Isto tamb\u00e9m funciona com o Gerador de \u00c1gua Vitalizada Phipower?<\/strong><br \/>Sim! Com o vedante de corti\u00e7a correspondente, coloca a Vareta de \u00c1gua Analemma perfeitamente na <a href=\"https:\/\/phipower.org\/product\/gevitaliseerd-water-maker-voor-vitaliseren-en-structureren-van-water-phipower\/\">garrafa de v\u00f3rtice de \u00e1gua Phipower<\/a>. Assim, refor\u00e7a o efeito de ambos os sistemas.  <\/li>\n<\/ul>\n<h3 data-start=\"2719\" data-end=\"2772\">\ud83d\udcfa <strong data-start=\"2726\" data-end=\"2770\">Veja o v\u00eddeo sobre a utiliza\u00e7\u00e3o e o contexto<\/strong><\/h3>\n<p data-start=\"2773\" data-end=\"2800\"><a href=\"https:\/\/analemma-water.plugandpay.nl\/r?id=Yd58K2FE\">Ver v\u00eddeo<\/a><\/p>\n<h2>\ud83d\udcc2 Downloads<\/h2>\n<ul>\n<li><a href=\"https:\/\/drive.google.com\/file\/d\/12zGyJuRwNIhtY8xwoPeGilOQ2LGzOIty\/view?usp=sharing\">Manual da vareta de \u00e1gua em portugu\u00eas (PDF)<\/a><\/li>\n<li><a href=\"https:\/\/drive.google.com\/file\/d\/1MTC-4t77LG0AsQ1FWTpRx7FcemDUYxNX\/view?usp=sharing\">Efeitos da \u00e1gua Analemma nos n\u00edveis de ATP humano (PDF)<\/a><\/li>\n<li><a href=\"https:\/\/drive.google.com\/file\/d\/17JzY-72D2BuQ4ZM1xnR6HDxJGSk9AIhQ\/view?usp=sharing\">Efeitos da \u00e1gua Analemma no microbioma g\u00e1strico (PDF)<\/a><\/li>\n<li><a href=\"https:\/\/drive.google.com\/file\/d\/1flWoBrqx5eXE5dHat6esF-ouYQiMX0Yo\/view?usp=sharing\">Efeitos da \u00e1gua Analemma nas ondas cerebrais (PDF)<\/a><\/li>\n<li><a href=\"https:\/\/drive.google.com\/file\/d\/1Ls30753u8hsTbg-ehDygwBV6Ba8K0v-_\/view?usp=sharing\">Efeitos da \u00e1gua Analemma nas plantas e no solo (PDF)<\/a><\/li>\n<\/ul>\n<h2>\ud83d\uded2 Encomendar<\/h2>\n<p>\ud83d\ude80 Encomende <strong><a href=\"https:\/\/analemma-water.plugandpay.nl\/r?id=XwC7M61e\">aqui<\/a> <\/strong>e sinta hoje mesmo a diferen\u00e7a da \u00e1gua coerente.<\/p>\n<p><!-- Bestelknop Analemma Waterstaaf --><br \/><a style=\"display: inline-block;background-color: #4caf50;color: white;padding: 14px 28px;text-align: center;text-decoration: none;font-size: 16px;border-radius: 8px;font-weight: bold;margin-bottom: 10px\" href=\"https:\/\/analemma-water.plugandpay.nl\/r?id=XwC7M61e\" target=\"_blank\" rel=\"noopener\"><br \/>\u2022 Encomende agora a sua Vareta de \u00c1gua Analemma<br \/><\/a><\/p>\n<p><!-- Extra integratieknoppen --><a style=\"display: inline-block;background-color: #2196f3;color: white;padding: 12px 24px;text-align: center;text-decoration: none;font-size: 14px;border-radius: 6px;font-weight: bold;margin-right: 8px\" href=\"https:\/\/phipower.org\/product\/gevitaliseerd-water-maker-voor-vitaliseren-en-structureren-van-water-phipower\/\" target=\"_blank\" rel=\"noopener\"><br \/>\u2795 Adicionar Gerador de \u00c1gua Vitalizada<br \/><\/a><\/p>\n<p><a style=\"display: inline-block;background-color: #ff9800;color: white;padding: 12px 24px;text-align: center;text-decoration: none;font-size: 14px;border-radius: 6px;font-weight: bold\" href=\"https:\/\/phipower.org\/pt-pt\/product\/valvulas-de-cortica-para-o-vitalizador-de-agua-phipower-atenuacao-do-som-e-fixacao-analemma-stir-bar\/\" target=\"_blank\" rel=\"noopener\"><br \/>  Adicionar vedante de corti\u00e7a para integra\u00e7\u00e3o<br \/><\/a><\/p>\n","protected":false},"excerpt":{"rendered":"<p data-start=\"108\" data-end=\"521\">\u2022 aumenta a energia celular (ATP)<br data-start=\"186\" data-end=\"189\">\u2022 apoia o sistema imunit\u00e1rio<br data-start=\"216\" data-end=\"219\">\u2022 rejuvenesce a idade biol\u00f3gica<br data-start=\"250\" data-end=\"253\">\u2022 traz paz mental e clareza<br data-start=\"288\" data-end=\"291\">\u2022 funciona para toda a vida sem manuten\u00e7\u00e3o<br data-start=\"326\" data-end=\"329\">\u2022 efeito refor\u00e7ado com a <a href=\"https:\/\/phipower.org\/product\/gevitaliseerd-water-maker-voor-vitaliseren-en-structureren-van-water-phipower\/\">garrafa de v\u00f3rtice de \u00e1gua Phipower <\/a> <\/p>\n<p class=\"\" data-start=\"108\" data-end=\"521\">\n","protected":false},"featured_media":7105,"comment_status":"open","ping_status":"closed","template":"","meta":[],"product_brand":[],"product_cat":[1075,1083,996,993,995],"product_tag":[],"class_list":{"0":"post-7099","1":"product","2":"type-product","3":"status-publish","4":"has-post-thumbnail","6":"product_cat-agua-estruturada","7":"product_cat-agua-vitalizada","8":"product_cat-frequencias","9":"product_cat-produtos","10":"product_cat-tratamento-da-agua","12":"first","13":"instock","14":"taxable","15":"shipping-taxable","16":"product-type-external"},"yoast_head":"<!-- This site is optimized with the Yoast SEO Premium plugin v23.6 (Yoast SEO v27.2) - https:\/\/yoast.com\/product\/yoast-seo-premium-wordpress\/ -->\n<title>Vareta de \u00c1gua Analemma \u2013 \u00c1gua Coerente para Mais Energia e Equil\u00edbrio<\/title>\n<meta name=\"description\" content=\"Transforme a sua \u00e1gua pot\u00e1vel em \u00e1gua coerente. Aumente a sua energia, melhore o seu microbioma e integre com o Gerador de \u00c1gua Vital Phipower.\" \/>\n<meta name=\"robots\" content=\"index, follow, max-snippet:-1, max-image-preview:large, max-video-preview:-1\" \/>\n<link rel=\"canonical\" href=\"https:\/\/phipower.org\/pt-pt\/product\/valvulas-de-cortica-para-o-vitalizador-de-agua-phipower-atenuacao-do-som-e-fixacao-analemma-stir-bar-kopie\/\" \/>\n<meta property=\"og:locale\" content=\"pt_PT\" \/>\n<meta property=\"og:type\" content=\"article\" \/>\n<meta property=\"og:title\" content=\"Vareta de \u00c1gua Analemma \u2013 Transforme a sua \u00e1gua pot\u00e1vel em \u00e1gua coerente\" \/>\n<meta property=\"og:description\" content=\"Transforme a sua \u00e1gua pot\u00e1vel em \u00e1gua coerente. Aumente a sua energia, melhore o seu microbioma e integre com o Gerador de \u00c1gua Vital Phipower.\" \/>\n<meta property=\"og:url\" content=\"https:\/\/phipower.org\/pt-pt\/product\/valvulas-de-cortica-para-o-vitalizador-de-agua-phipower-atenuacao-do-som-e-fixacao-analemma-stir-bar-kopie\/\" \/>\n<meta property=\"og:site_name\" content=\"Phipower\" \/>\n<meta property=\"article:publisher\" content=\"https:\/\/www.facebook.com\/phipowertools\/\" \/>\n<meta property=\"article:modified_time\" content=\"2026-05-11T08:06:56+00:00\" \/>\n<meta property=\"og:image\" content=\"https:\/\/phipower.org\/wp-content\/uploads\/2018\/09\/photo-1-36-1.jpg\" \/>\n\t<meta property=\"og:image:width\" content=\"750\" \/>\n\t<meta property=\"og:image:height\" content=\"750\" \/>\n\t<meta property=\"og:image:type\" content=\"image\/jpeg\" \/>\n<meta name=\"twitter:card\" content=\"summary_large_image\" \/>\n<meta name=\"twitter:site\" content=\"@phipower1\" \/>\n<meta name=\"twitter:label1\" content=\"pre\u00e7o\" \/>\n\t<meta name=\"twitter:data1\" content=\"&euro;164,90\" \/>\n\t<meta name=\"twitter:label2\" content=\"Disponibilidade\" \/>\n\t<meta name=\"twitter:data2\" content=\"Em stock\" \/>\n<script type=\"application\/ld+json\" class=\"yoast-schema-graph\">{\"@context\":\"https:\/\/schema.org\",\"@graph\":[{\"@type\":\"WebPage\",\"@id\":\"https:\/\/phipower.org\/pt-pt\/product\/valvulas-de-cortica-para-o-vitalizador-de-agua-phipower-atenuacao-do-som-e-fixacao-analemma-stir-bar-kopie\/\",\"url\":\"https:\/\/phipower.org\/pt-pt\/product\/valvulas-de-cortica-para-o-vitalizador-de-agua-phipower-atenuacao-do-som-e-fixacao-analemma-stir-bar-kopie\/\",\"name\":\"Vareta de \u00c1gua Analemma \u2013 \u00c1gua Coerente para Mais Energia e Equil\u00edbrio\",\"isPartOf\":{\"@id\":\"https:\/\/phipower.org\/pt-pt\/#website\"},\"primaryImageOfPage\":{\"@id\":\"https:\/\/phipower.org\/pt-pt\/product\/valvulas-de-cortica-para-o-vitalizador-de-agua-phipower-atenuacao-do-som-e-fixacao-analemma-stir-bar-kopie\/#primaryimage\"},\"image\":{\"@id\":\"https:\/\/phipower.org\/pt-pt\/product\/valvulas-de-cortica-para-o-vitalizador-de-agua-phipower-atenuacao-do-som-e-fixacao-analemma-stir-bar-kopie\/#primaryimage\"},\"thumbnailUrl\":\"https:\/\/phipower.org\/wp-content\/uploads\/2025\/05\/analemma-waterstaaf-coherenct-vitaal-water.jpeg\",\"datePublished\":\"2025-05-26T10:41:58+00:00\",\"dateModified\":\"2026-05-11T08:06:56+00:00\",\"description\":\"Transforme a sua \u00e1gua pot\u00e1vel em \u00e1gua coerente. Aumente a sua energia, melhore o seu microbioma e integre com o Gerador de \u00c1gua Vital Phipower.\",\"breadcrumb\":{\"@id\":\"https:\/\/phipower.org\/pt-pt\/product\/valvulas-de-cortica-para-o-vitalizador-de-agua-phipower-atenuacao-do-som-e-fixacao-analemma-stir-bar-kopie\/#breadcrumb\"},\"inLanguage\":\"pt-PT\",\"potentialAction\":[{\"@type\":\"ReadAction\",\"target\":[\"https:\/\/phipower.org\/pt-pt\/product\/valvulas-de-cortica-para-o-vitalizador-de-agua-phipower-atenuacao-do-som-e-fixacao-analemma-stir-bar-kopie\/\"]}]},{\"@type\":\"ImageObject\",\"inLanguage\":\"pt-PT\",\"@id\":\"https:\/\/phipower.org\/pt-pt\/product\/valvulas-de-cortica-para-o-vitalizador-de-agua-phipower-atenuacao-do-som-e-fixacao-analemma-stir-bar-kopie\/#primaryimage\",\"url\":\"https:\/\/phipower.org\/wp-content\/uploads\/2025\/05\/analemma-waterstaaf-coherenct-vitaal-water.jpeg\",\"contentUrl\":\"https:\/\/phipower.org\/wp-content\/uploads\/2025\/05\/analemma-waterstaaf-coherenct-vitaal-water.jpeg\",\"width\":1200,\"height\":1178},{\"@type\":\"BreadcrumbList\",\"@id\":\"https:\/\/phipower.org\/pt-pt\/product\/valvulas-de-cortica-para-o-vitalizador-de-agua-phipower-atenuacao-do-som-e-fixacao-analemma-stir-bar-kopie\/#breadcrumb\",\"itemListElement\":[{\"@type\":\"ListItem\",\"position\":1,\"name\":\"Home\",\"item\":\"https:\/\/phipower.org\/pt-pt\/\"},{\"@type\":\"ListItem\",\"position\":2,\"name\":\"Shop\",\"item\":\"https:\/\/phipower.org\/shop\/\"},{\"@type\":\"ListItem\",\"position\":3,\"name\":\"Vareta de \u00c1gua Analemma \u2013 Transforme a sua \u00e1gua pot\u00e1vel em \u00e1gua coerente\"}]},{\"@type\":\"WebSite\",\"@id\":\"https:\/\/phipower.org\/pt-pt\/#website\",\"url\":\"https:\/\/phipower.org\/pt-pt\/\",\"name\":\"Phipower: innovatieve gezondheidsproducten\",\"description\":\"innovatieve gezondheidsproducten\",\"publisher\":{\"@id\":\"https:\/\/phipower.org\/pt-pt\/#organization\"},\"potentialAction\":[{\"@type\":\"SearchAction\",\"target\":{\"@type\":\"EntryPoint\",\"urlTemplate\":\"https:\/\/phipower.org\/pt-pt\/?s={search_term_string}\"},\"query-input\":{\"@type\":\"PropertyValueSpecification\",\"valueRequired\":true,\"valueName\":\"search_term_string\"}}],\"inLanguage\":\"pt-PT\"},{\"@type\":\"Organization\",\"@id\":\"https:\/\/phipower.org\/pt-pt\/#organization\",\"name\":\"Phipower\",\"url\":\"https:\/\/phipower.org\/pt-pt\/\",\"logo\":{\"@type\":\"ImageObject\",\"inLanguage\":\"pt-PT\",\"@id\":\"https:\/\/phipower.org\/pt-pt\/#\/schema\/logo\/image\/\",\"url\":\"https:\/\/phipower.org\/wp-content\/uploads\/2019\/06\/z-logo-RGB-wit-power.png\",\"contentUrl\":\"https:\/\/phipower.org\/wp-content\/uploads\/2019\/06\/z-logo-RGB-wit-power.png\",\"width\":3273,\"height\":1389,\"caption\":\"Phipower\"},\"image\":{\"@id\":\"https:\/\/phipower.org\/pt-pt\/#\/schema\/logo\/image\/\"},\"sameAs\":[\"https:\/\/www.facebook.com\/phipowertools\/\",\"https:\/\/x.com\/phipower1\",\"https:\/\/www.tiktok.com\/@phipowerhealth\"]}]}<\/script>\n<meta property=\"product:price:amount\" content=\"164.90\" \/>\n<meta property=\"product:price:currency\" content=\"EUR\" \/>\n<meta property=\"og:availability\" content=\"instock\" \/>\n<meta property=\"product:availability\" content=\"instock\" \/>\n<meta property=\"product:retailer_item_id\" content=\"7806140071770\" \/>\n<meta property=\"product:condition\" content=\"new\" \/>\n<!-- \/ Yoast SEO Premium plugin. -->","yoast_head_json":{"title":"Vareta de \u00c1gua Analemma \u2013 \u00c1gua Coerente para Mais Energia e Equil\u00edbrio","description":"Transforme a sua \u00e1gua pot\u00e1vel em \u00e1gua coerente. Aumente a sua energia, melhore o seu microbioma e integre com o Gerador de \u00c1gua Vital Phipower.","robots":{"index":"index","follow":"follow","max-snippet":"max-snippet:-1","max-image-preview":"max-image-preview:large","max-video-preview":"max-video-preview:-1"},"canonical":"https:\/\/phipower.org\/pt-pt\/product\/valvulas-de-cortica-para-o-vitalizador-de-agua-phipower-atenuacao-do-som-e-fixacao-analemma-stir-bar-kopie\/","og_locale":"pt_PT","og_type":"article","og_title":"Vareta de \u00c1gua Analemma \u2013 Transforme a sua \u00e1gua pot\u00e1vel em \u00e1gua coerente","og_description":"Transforme a sua \u00e1gua pot\u00e1vel em \u00e1gua coerente. Aumente a sua energia, melhore o seu microbioma e integre com o Gerador de \u00c1gua Vital Phipower.","og_url":"https:\/\/phipower.org\/pt-pt\/product\/valvulas-de-cortica-para-o-vitalizador-de-agua-phipower-atenuacao-do-som-e-fixacao-analemma-stir-bar-kopie\/","og_site_name":"Phipower","article_publisher":"https:\/\/www.facebook.com\/phipowertools\/","article_modified_time":"2026-05-11T08:06:56+00:00","og_image":[{"width":750,"height":750,"url":"https:\/\/phipower.org\/wp-content\/uploads\/2018\/09\/photo-1-36-1.jpg","type":"image\/jpeg"}],"twitter_card":"summary_large_image","twitter_site":"@phipower1","twitter_misc":{"pre\u00e7o":"&euro;164,90","Disponibilidade":"Em stock"},"schema":{"@context":"https:\/\/schema.org","@graph":[{"@type":"WebPage","@id":"https:\/\/phipower.org\/pt-pt\/product\/valvulas-de-cortica-para-o-vitalizador-de-agua-phipower-atenuacao-do-som-e-fixacao-analemma-stir-bar-kopie\/","url":"https:\/\/phipower.org\/pt-pt\/product\/valvulas-de-cortica-para-o-vitalizador-de-agua-phipower-atenuacao-do-som-e-fixacao-analemma-stir-bar-kopie\/","name":"Vareta de \u00c1gua Analemma \u2013 \u00c1gua Coerente para Mais Energia e Equil\u00edbrio","isPartOf":{"@id":"https:\/\/phipower.org\/pt-pt\/#website"},"primaryImageOfPage":{"@id":"https:\/\/phipower.org\/pt-pt\/product\/valvulas-de-cortica-para-o-vitalizador-de-agua-phipower-atenuacao-do-som-e-fixacao-analemma-stir-bar-kopie\/#primaryimage"},"image":{"@id":"https:\/\/phipower.org\/pt-pt\/product\/valvulas-de-cortica-para-o-vitalizador-de-agua-phipower-atenuacao-do-som-e-fixacao-analemma-stir-bar-kopie\/#primaryimage"},"thumbnailUrl":"https:\/\/phipower.org\/wp-content\/uploads\/2025\/05\/analemma-waterstaaf-coherenct-vitaal-water.jpeg","datePublished":"2025-05-26T10:41:58+00:00","dateModified":"2026-05-11T08:06:56+00:00","description":"Transforme a sua \u00e1gua pot\u00e1vel em \u00e1gua coerente. Aumente a sua energia, melhore o seu microbioma e integre com o Gerador de \u00c1gua Vital Phipower.","breadcrumb":{"@id":"https:\/\/phipower.org\/pt-pt\/product\/valvulas-de-cortica-para-o-vitalizador-de-agua-phipower-atenuacao-do-som-e-fixacao-analemma-stir-bar-kopie\/#breadcrumb"},"inLanguage":"pt-PT","potentialAction":[{"@type":"ReadAction","target":["https:\/\/phipower.org\/pt-pt\/product\/valvulas-de-cortica-para-o-vitalizador-de-agua-phipower-atenuacao-do-som-e-fixacao-analemma-stir-bar-kopie\/"]}]},{"@type":"ImageObject","inLanguage":"pt-PT","@id":"https:\/\/phipower.org\/pt-pt\/product\/valvulas-de-cortica-para-o-vitalizador-de-agua-phipower-atenuacao-do-som-e-fixacao-analemma-stir-bar-kopie\/#primaryimage","url":"https:\/\/phipower.org\/wp-content\/uploads\/2025\/05\/analemma-waterstaaf-coherenct-vitaal-water.jpeg","contentUrl":"https:\/\/phipower.org\/wp-content\/uploads\/2025\/05\/analemma-waterstaaf-coherenct-vitaal-water.jpeg","width":1200,"height":1178},{"@type":"BreadcrumbList","@id":"https:\/\/phipower.org\/pt-pt\/product\/valvulas-de-cortica-para-o-vitalizador-de-agua-phipower-atenuacao-do-som-e-fixacao-analemma-stir-bar-kopie\/#breadcrumb","itemListElement":[{"@type":"ListItem","position":1,"name":"Home","item":"https:\/\/phipower.org\/pt-pt\/"},{"@type":"ListItem","position":2,"name":"Shop","item":"https:\/\/phipower.org\/shop\/"},{"@type":"ListItem","position":3,"name":"Vareta de \u00c1gua Analemma \u2013 Transforme a sua \u00e1gua pot\u00e1vel em \u00e1gua coerente"}]},{"@type":"WebSite","@id":"https:\/\/phipower.org\/pt-pt\/#website","url":"https:\/\/phipower.org\/pt-pt\/","name":"Phipower: innovatieve gezondheidsproducten","description":"innovatieve gezondheidsproducten","publisher":{"@id":"https:\/\/phipower.org\/pt-pt\/#organization"},"potentialAction":[{"@type":"SearchAction","target":{"@type":"EntryPoint","urlTemplate":"https:\/\/phipower.org\/pt-pt\/?s={search_term_string}"},"query-input":{"@type":"PropertyValueSpecification","valueRequired":true,"valueName":"search_term_string"}}],"inLanguage":"pt-PT"},{"@type":"Organization","@id":"https:\/\/phipower.org\/pt-pt\/#organization","name":"Phipower","url":"https:\/\/phipower.org\/pt-pt\/","logo":{"@type":"ImageObject","inLanguage":"pt-PT","@id":"https:\/\/phipower.org\/pt-pt\/#\/schema\/logo\/image\/","url":"https:\/\/phipower.org\/wp-content\/uploads\/2019\/06\/z-logo-RGB-wit-power.png","contentUrl":"https:\/\/phipower.org\/wp-content\/uploads\/2019\/06\/z-logo-RGB-wit-power.png","width":3273,"height":1389,"caption":"Phipower"},"image":{"@id":"https:\/\/phipower.org\/pt-pt\/#\/schema\/logo\/image\/"},"sameAs":["https:\/\/www.facebook.com\/phipowertools\/","https:\/\/x.com\/phipower1","https:\/\/www.tiktok.com\/@phipowerhealth"]}]},"product_price_amount":"164.90","product_price_currency":"EUR","og_availability":"instock","product_availability":"instock","product_retailer_item_id":"7806140071770","product_condition":"new"},"_links":{"self":[{"href":"https:\/\/phipower.org\/pt-pt\/wp-json\/wp\/v2\/product\/7099","targetHints":{"allow":["GET"]}}],"collection":[{"href":"https:\/\/phipower.org\/pt-pt\/wp-json\/wp\/v2\/product"}],"about":[{"href":"https:\/\/phipower.org\/pt-pt\/wp-json\/wp\/v2\/types\/product"}],"replies":[{"embeddable":true,"href":"https:\/\/phipower.org\/pt-pt\/wp-json\/wp\/v2\/comments?post=7099"}],"wp:featuredmedia":[{"embeddable":true,"href":"https:\/\/phipower.org\/pt-pt\/wp-json\/wp\/v2\/media\/7105"}],"wp:attachment":[{"href":"https:\/\/phipower.org\/pt-pt\/wp-json\/wp\/v2\/media?parent=7099"}],"wp:term":[{"taxonomy":"product_brand","embeddable":true,"href":"https:\/\/phipower.org\/pt-pt\/wp-json\/wp\/v2\/product_brand?post=7099"},{"taxonomy":"product_cat","embeddable":true,"href":"https:\/\/phipower.org\/pt-pt\/wp-json\/wp\/v2\/product_cat?post=7099"},{"taxonomy":"product_tag","embeddable":true,"href":"https:\/\/phipower.org\/pt-pt\/wp-json\/wp\/v2\/product_tag?post=7099"}],"curies":[{"name":"wp","href":"https:\/\/api.w.org\/{rel}","templated":true}]}}