{"id":6931,"date":"2025-05-13T08:21:55","date_gmt":"2025-05-13T08:21:55","guid":{"rendered":"https:\/\/phipower.org\/?post_type=product&#038;p=6931"},"modified":"2026-04-16T14:16:25","modified_gmt":"2026-04-16T14:16:25","slug":"valvulas-de-cortica-para-o-vitalizador-de-agua-phipower-atenuacao-do-som-e-fixacao-analemma-stir-bar","status":"publish","type":"product","link":"https:\/\/phipower.org\/pt-pt\/product\/valvulas-de-cortica-para-o-vitalizador-de-agua-phipower-atenuacao-do-som-e-fixacao-analemma-stir-bar\/","title":{"rendered":"Tampas de Corti\u00e7a para Vitalizador de \u00c1gua Phipower \u2013 Redu\u00e7\u00e3o de Ru\u00eddo e Fixa\u00e7\u00e3o da Vareta Analemma"},"content":{"rendered":"<h1>Tampas de Corti\u00e7a para Vitalizador de \u00c1gua Phipower \u2013 Conjunto de 2<\/h1>\n<p>Melhore a sua experi\u00eancia com o <a href=\"https:\/\/phipower.org\/product\/gevitaliseerd-water-maker-voor-vitaliseren-en-structureren-van-water-phipower\/\"><strong>Gerador de \u00c1gua Vitalizada Phipower<\/strong><\/a> com este conjunto de duas <strong>tampas de corti\u00e7a<\/strong> funcionais. Concebidas para uma estrutura\u00e7\u00e3o ideal da \u00e1gua e redu\u00e7\u00e3o de ru\u00eddo, ideais para quem deseja uma \u00e1gua mais vital e mais tranquilidade em casa. <\/p>\n<h2>\u2705 O que inclui este conjunto?<\/h2>\n<h3>1. Tampa de Corti\u00e7a Integral \u2013 Redu\u00e7\u00e3o de Ru\u00eddo<\/h3>\n<p>Esta tampa veda completamente a parte superior do <a href=\"https:\/\/phipower.org\/product\/gevitaliseerd-water-maker-voor-vitaliseren-en-structureren-van-water-phipower\/\">vitalizador de \u00e1gua Phipower<\/a>. O resultado: <\/p>\n<ul>\n<li><strong>Redu\u00e7\u00e3o significativa de ru\u00eddo<\/strong> do v\u00f3rtice de \u00e1gua em rota\u00e7\u00e3o<\/li>\n<li><strong>Mais tranquilidade<\/strong> durante a medita\u00e7\u00e3o, o sono ou a terapia<\/li>\n<li>Ideal para utiliza\u00e7\u00e3o em ambientes silenciosos<\/li>\n<\/ul>\n<h3>2. Tampa de Corti\u00e7a com Orif\u00edcio de 10 mm \u2013 Para Vareta Analemma<\/h3>\n<p>A segunda tampa possui um <strong>orif\u00edcio de ajuste preciso de 10 mm<\/strong>, perfeitamente adequado para a <a href=\"https:\/\/phipower.org\/pt-pt\/produto\/valvulas-de-cortica-para-o-vitalizador-de-agua-phipower-atenuacao-do-som-e-fixacao-analemma-stir-bar-kopie\/\"><strong>vareta Analemma em vidro de quartzo<\/strong><\/a>. Com esta tampa, pode: <\/p>\n<ul>\n<li>Colocar a vareta firmemente no v\u00f3rtice<\/li>\n<li>Combinar o poder da <strong>energia dos cristais com a estrutura\u00e7\u00e3o da \u00e1gua<\/strong><\/li>\n<li>Refor\u00e7ar significativamente o efeito vitalizador da sua \u00e1gua<\/li>\n<\/ul>\n<h2>???? Material sustent\u00e1vel e natural<\/h2>\n<p>Ambas as tampas s\u00e3o fabricadas em <strong>corti\u00e7a de alta qualidade<\/strong>, um material natural com excelentes propriedades de veda\u00e7\u00e3o.<\/p>\n<ul>\n<li>Ecol\u00f3gico<\/li>\n<li>Leve<\/li>\n<li>Reutiliz\u00e1vel e duradouro<\/li>\n<\/ul>\n<h2>???? Porqu\u00ea escolher estas tampas de corti\u00e7a?<\/h2>\n<ul>\n<li>Ajuste perfeito para o Gerador de \u00c1gua Vital Phipower<\/li>\n<li>Suporta a <strong>estrutura\u00e7\u00e3o profunda e a energetiza\u00e7\u00e3o da \u00e1gua<\/strong><\/li>\n<li><strong>Reduz a polui\u00e7\u00e3o sonora<\/strong> causada pelo v\u00f3rtice<\/li>\n<li>Potencia o efeito da <a href=\"https:\/\/phipower.org\/pt-pt\/produto\/valvulas-de-cortica-para-o-vitalizador-de-agua-phipower-atenuacao-do-som-e-fixacao-analemma-stir-bar-kopie\/\"><strong>vareta de vidro de quartzo Analemma<\/strong><\/a><\/li>\n<li>Aspeto natural e f\u00e1cil de utilizar<\/li>\n<\/ul>\n<h2>???? Encomende j\u00e1 as suas tampas de corti\u00e7a para Phipower<\/h2>\n<p>Deseja mais tranquilidade ao vitalizar a sua \u00e1gua e criar uma estrutura mais poderosa com a energia dos cristais?<br \/>\n<strong>Encomende agora este pr\u00e1tico conjunto de tampas de corti\u00e7a<\/strong> e tire o m\u00e1ximo partido do seu <a href=\"https:\/\/phipower.org\/product\/gevitaliseerd-water-maker-voor-vitaliseren-en-structureren-van-water-phipower\/\">sistema Phipower<\/a>.<\/p>\n<p>&nbsp;<\/p>\n","protected":false},"excerpt":{"rendered":"<p class=\"\" data-start=\"108\" data-end=\"521\">\u2714 amortece o ru\u00eddo do redemoinho de \u00e1gua durante a vitaliza\u00e7\u00e3o<br data-start=\"168\" data-end=\"171\">\u2714 tampa com orif\u00edcio de 10 mm para coloca\u00e7\u00e3o da vareta Analemma<br data-start=\"235\" data-end=\"238\">\u2714 refor\u00e7a o efeito do v\u00f3rtice de \u00e1gua com energia de cristais<br data-start=\"299\" data-end=\"302\">\u2714 concebido \u00e0 medida para o Gerador de \u00c1gua Vitalizada Phipower<br data-start=\"364\" data-end=\"367\">\u2714 fabricado em corti\u00e7a natural e sustent\u00e1vel<br data-start=\"406\" data-end=\"409\">\u2714 f\u00e1cil de usar e com boa veda\u00e7\u00e3o<br data-start=\"451\" data-end=\"454\">\u2714 ideal para espa\u00e7os silenciosos como quartos e salas de terapia<\/p>\n","protected":false},"featured_media":7063,"comment_status":"open","ping_status":"closed","template":"","meta":[],"product_brand":[],"product_cat":[1075,1083,996,993,995],"product_tag":[],"class_list":{"0":"post-6931","1":"product","2":"type-product","3":"status-publish","4":"has-post-thumbnail","6":"product_cat-agua-estruturada","7":"product_cat-agua-vitalizada","8":"product_cat-frequencias","9":"product_cat-produtos","10":"product_cat-tratamento-da-agua","11":"product_shipping_class-0-2-kg","13":"first","14":"instock","15":"taxable","16":"shipping-taxable","17":"purchasable","18":"product-type-simple"},"yoast_head":"<!-- This site is optimized with the Yoast SEO Premium plugin v23.6 (Yoast SEO v27.2) - https:\/\/yoast.com\/product\/yoast-seo-premium-wordpress\/ -->\n<title>Tampas de Corti\u00e7a para Vitalizador de \u00c1gua Phipower \u2013 Redu\u00e7\u00e3o de Ru\u00eddo e Vareta Analemma<\/title>\n<meta name=\"description\" content=\"Conjunto de 2 tampas de corti\u00e7a para o Vitalizador de \u00c1gua Phipower. Amortece o ru\u00eddo do v\u00f3rtice e suporta a vareta Analemma para uma estrutura\u00e7\u00e3o adicional da \u00e1gua.\" \/>\n<meta name=\"robots\" content=\"index, follow, max-snippet:-1, max-image-preview:large, max-video-preview:-1\" \/>\n<link rel=\"canonical\" href=\"https:\/\/phipower.org\/pt-pt\/product\/valvulas-de-cortica-para-o-vitalizador-de-agua-phipower-atenuacao-do-som-e-fixacao-analemma-stir-bar\/\" \/>\n<meta property=\"og:locale\" content=\"pt_PT\" \/>\n<meta property=\"og:type\" content=\"article\" \/>\n<meta property=\"og:title\" content=\"Tampas de Corti\u00e7a para Vitalizador de \u00c1gua Phipower \u2013 Redu\u00e7\u00e3o de Ru\u00eddo e Fixa\u00e7\u00e3o da Vareta Analemma\" \/>\n<meta property=\"og:description\" content=\"Conjunto de 2 tampas de corti\u00e7a para o Vitalizador de \u00c1gua Phipower. Amortece o ru\u00eddo do v\u00f3rtice e suporta a vareta Analemma para uma estrutura\u00e7\u00e3o adicional da \u00e1gua.\" \/>\n<meta property=\"og:url\" content=\"https:\/\/phipower.org\/pt-pt\/product\/valvulas-de-cortica-para-o-vitalizador-de-agua-phipower-atenuacao-do-som-e-fixacao-analemma-stir-bar\/\" \/>\n<meta property=\"og:site_name\" content=\"Phipower\" \/>\n<meta property=\"article:publisher\" content=\"https:\/\/www.facebook.com\/phipowertools\/\" \/>\n<meta property=\"article:modified_time\" content=\"2026-04-16T14:16:25+00:00\" \/>\n<meta property=\"og:image\" content=\"https:\/\/phipower.org\/wp-content\/uploads\/2018\/09\/photo-1-36-1.jpg\" \/>\n\t<meta property=\"og:image:width\" content=\"750\" \/>\n\t<meta property=\"og:image:height\" content=\"750\" \/>\n\t<meta property=\"og:image:type\" content=\"image\/jpeg\" \/>\n<meta name=\"twitter:card\" content=\"summary_large_image\" \/>\n<meta name=\"twitter:site\" content=\"@phipower1\" \/>\n<meta name=\"twitter:label1\" content=\"pre\u00e7o\" \/>\n\t<meta name=\"twitter:data1\" content=\"&euro;29,00\" \/>\n\t<meta name=\"twitter:label2\" content=\"Disponibilidade\" \/>\n\t<meta name=\"twitter:data2\" content=\"Em stock\" \/>\n<script type=\"application\/ld+json\" class=\"yoast-schema-graph\">{\"@context\":\"https:\/\/schema.org\",\"@graph\":[{\"@type\":\"WebPage\",\"@id\":\"https:\/\/phipower.org\/pt-pt\/product\/valvulas-de-cortica-para-o-vitalizador-de-agua-phipower-atenuacao-do-som-e-fixacao-analemma-stir-bar\/\",\"url\":\"https:\/\/phipower.org\/pt-pt\/product\/valvulas-de-cortica-para-o-vitalizador-de-agua-phipower-atenuacao-do-som-e-fixacao-analemma-stir-bar\/\",\"name\":\"Tampas de Corti\u00e7a para Vitalizador de \u00c1gua Phipower \u2013 Redu\u00e7\u00e3o de Ru\u00eddo e Vareta Analemma\",\"isPartOf\":{\"@id\":\"https:\/\/phipower.org\/pt-pt\/#website\"},\"primaryImageOfPage\":{\"@id\":\"https:\/\/phipower.org\/pt-pt\/product\/valvulas-de-cortica-para-o-vitalizador-de-agua-phipower-atenuacao-do-som-e-fixacao-analemma-stir-bar\/#primaryimage\"},\"image\":{\"@id\":\"https:\/\/phipower.org\/pt-pt\/product\/valvulas-de-cortica-para-o-vitalizador-de-agua-phipower-atenuacao-do-som-e-fixacao-analemma-stir-bar\/#primaryimage\"},\"thumbnailUrl\":\"https:\/\/phipower.org\/wp-content\/uploads\/2025\/05\/Kurk-Afsluiters-voor-Phipower-Water-Vitalisator-Geluidsdemping-Bevestiging-Analemma-Roerstaaf.png\",\"datePublished\":\"2025-05-13T08:21:55+00:00\",\"dateModified\":\"2026-04-16T14:16:25+00:00\",\"description\":\"Conjunto de 2 tampas de corti\u00e7a para o Vitalizador de \u00c1gua Phipower. Amortece o ru\u00eddo do v\u00f3rtice e suporta a vareta Analemma para uma estrutura\u00e7\u00e3o adicional da \u00e1gua.\",\"breadcrumb\":{\"@id\":\"https:\/\/phipower.org\/pt-pt\/product\/valvulas-de-cortica-para-o-vitalizador-de-agua-phipower-atenuacao-do-som-e-fixacao-analemma-stir-bar\/#breadcrumb\"},\"inLanguage\":\"pt-PT\",\"potentialAction\":[{\"@type\":\"ReadAction\",\"target\":[\"https:\/\/phipower.org\/pt-pt\/product\/valvulas-de-cortica-para-o-vitalizador-de-agua-phipower-atenuacao-do-som-e-fixacao-analemma-stir-bar\/\"]}]},{\"@type\":\"ImageObject\",\"inLanguage\":\"pt-PT\",\"@id\":\"https:\/\/phipower.org\/pt-pt\/product\/valvulas-de-cortica-para-o-vitalizador-de-agua-phipower-atenuacao-do-som-e-fixacao-analemma-stir-bar\/#primaryimage\",\"url\":\"https:\/\/phipower.org\/wp-content\/uploads\/2025\/05\/Kurk-Afsluiters-voor-Phipower-Water-Vitalisator-Geluidsdemping-Bevestiging-Analemma-Roerstaaf.png\",\"contentUrl\":\"https:\/\/phipower.org\/wp-content\/uploads\/2025\/05\/Kurk-Afsluiters-voor-Phipower-Water-Vitalisator-Geluidsdemping-Bevestiging-Analemma-Roerstaaf.png\",\"width\":1200,\"height\":1200},{\"@type\":\"BreadcrumbList\",\"@id\":\"https:\/\/phipower.org\/pt-pt\/product\/valvulas-de-cortica-para-o-vitalizador-de-agua-phipower-atenuacao-do-som-e-fixacao-analemma-stir-bar\/#breadcrumb\",\"itemListElement\":[{\"@type\":\"ListItem\",\"position\":1,\"name\":\"Home\",\"item\":\"https:\/\/phipower.org\/pt-pt\/\"},{\"@type\":\"ListItem\",\"position\":2,\"name\":\"Loja\",\"item\":\"https:\/\/phipower.org\/pt-pt\/loja\/\"},{\"@type\":\"ListItem\",\"position\":3,\"name\":\"Tampas de Corti\u00e7a para Vitalizador de \u00c1gua Phipower \u2013 Redu\u00e7\u00e3o de Ru\u00eddo e Fixa\u00e7\u00e3o da Vareta Analemma\"}]},{\"@type\":\"WebSite\",\"@id\":\"https:\/\/phipower.org\/pt-pt\/#website\",\"url\":\"https:\/\/phipower.org\/pt-pt\/\",\"name\":\"Phipower: innovatieve gezondheidsproducten\",\"description\":\"innovatieve gezondheidsproducten\",\"publisher\":{\"@id\":\"https:\/\/phipower.org\/pt-pt\/#organization\"},\"potentialAction\":[{\"@type\":\"SearchAction\",\"target\":{\"@type\":\"EntryPoint\",\"urlTemplate\":\"https:\/\/phipower.org\/pt-pt\/?s={search_term_string}\"},\"query-input\":{\"@type\":\"PropertyValueSpecification\",\"valueRequired\":true,\"valueName\":\"search_term_string\"}}],\"inLanguage\":\"pt-PT\"},{\"@type\":\"Organization\",\"@id\":\"https:\/\/phipower.org\/pt-pt\/#organization\",\"name\":\"Phipower\",\"url\":\"https:\/\/phipower.org\/pt-pt\/\",\"logo\":{\"@type\":\"ImageObject\",\"inLanguage\":\"pt-PT\",\"@id\":\"https:\/\/phipower.org\/pt-pt\/#\/schema\/logo\/image\/\",\"url\":\"https:\/\/phipower.org\/wp-content\/uploads\/2019\/06\/z-logo-RGB-wit-power.png\",\"contentUrl\":\"https:\/\/phipower.org\/wp-content\/uploads\/2019\/06\/z-logo-RGB-wit-power.png\",\"width\":3273,\"height\":1389,\"caption\":\"Phipower\"},\"image\":{\"@id\":\"https:\/\/phipower.org\/pt-pt\/#\/schema\/logo\/image\/\"},\"sameAs\":[\"https:\/\/www.facebook.com\/phipowertools\/\",\"https:\/\/x.com\/phipower1\",\"https:\/\/www.tiktok.com\/@phipowerhealth\"]}]}<\/script>\n<meta property=\"product:price:amount\" content=\"29.00\" \/>\n<meta property=\"product:price:currency\" content=\"EUR\" \/>\n<meta property=\"og:availability\" content=\"instock\" \/>\n<meta property=\"product:availability\" content=\"instock\" \/>\n<meta property=\"product:retailer_item_id\" content=\"7806140071664\" \/>\n<meta property=\"product:condition\" content=\"new\" \/>\n<!-- \/ Yoast SEO Premium plugin. -->","yoast_head_json":{"title":"Tampas de Corti\u00e7a para Vitalizador de \u00c1gua Phipower \u2013 Redu\u00e7\u00e3o de Ru\u00eddo e Vareta Analemma","description":"Conjunto de 2 tampas de corti\u00e7a para o Vitalizador de \u00c1gua Phipower. Amortece o ru\u00eddo do v\u00f3rtice e suporta a vareta Analemma para uma estrutura\u00e7\u00e3o adicional da \u00e1gua.","robots":{"index":"index","follow":"follow","max-snippet":"max-snippet:-1","max-image-preview":"max-image-preview:large","max-video-preview":"max-video-preview:-1"},"canonical":"https:\/\/phipower.org\/pt-pt\/product\/valvulas-de-cortica-para-o-vitalizador-de-agua-phipower-atenuacao-do-som-e-fixacao-analemma-stir-bar\/","og_locale":"pt_PT","og_type":"article","og_title":"Tampas de Corti\u00e7a para Vitalizador de \u00c1gua Phipower \u2013 Redu\u00e7\u00e3o de Ru\u00eddo e Fixa\u00e7\u00e3o da Vareta Analemma","og_description":"Conjunto de 2 tampas de corti\u00e7a para o Vitalizador de \u00c1gua Phipower. Amortece o ru\u00eddo do v\u00f3rtice e suporta a vareta Analemma para uma estrutura\u00e7\u00e3o adicional da \u00e1gua.","og_url":"https:\/\/phipower.org\/pt-pt\/product\/valvulas-de-cortica-para-o-vitalizador-de-agua-phipower-atenuacao-do-som-e-fixacao-analemma-stir-bar\/","og_site_name":"Phipower","article_publisher":"https:\/\/www.facebook.com\/phipowertools\/","article_modified_time":"2026-04-16T14:16:25+00:00","og_image":[{"width":750,"height":750,"url":"https:\/\/phipower.org\/wp-content\/uploads\/2018\/09\/photo-1-36-1.jpg","type":"image\/jpeg"}],"twitter_card":"summary_large_image","twitter_site":"@phipower1","twitter_misc":{"pre\u00e7o":"&euro;29,00","Disponibilidade":"Em stock"},"schema":{"@context":"https:\/\/schema.org","@graph":[{"@type":"WebPage","@id":"https:\/\/phipower.org\/pt-pt\/product\/valvulas-de-cortica-para-o-vitalizador-de-agua-phipower-atenuacao-do-som-e-fixacao-analemma-stir-bar\/","url":"https:\/\/phipower.org\/pt-pt\/product\/valvulas-de-cortica-para-o-vitalizador-de-agua-phipower-atenuacao-do-som-e-fixacao-analemma-stir-bar\/","name":"Tampas de Corti\u00e7a para Vitalizador de \u00c1gua Phipower \u2013 Redu\u00e7\u00e3o de Ru\u00eddo e Vareta Analemma","isPartOf":{"@id":"https:\/\/phipower.org\/pt-pt\/#website"},"primaryImageOfPage":{"@id":"https:\/\/phipower.org\/pt-pt\/product\/valvulas-de-cortica-para-o-vitalizador-de-agua-phipower-atenuacao-do-som-e-fixacao-analemma-stir-bar\/#primaryimage"},"image":{"@id":"https:\/\/phipower.org\/pt-pt\/product\/valvulas-de-cortica-para-o-vitalizador-de-agua-phipower-atenuacao-do-som-e-fixacao-analemma-stir-bar\/#primaryimage"},"thumbnailUrl":"https:\/\/phipower.org\/wp-content\/uploads\/2025\/05\/Kurk-Afsluiters-voor-Phipower-Water-Vitalisator-Geluidsdemping-Bevestiging-Analemma-Roerstaaf.png","datePublished":"2025-05-13T08:21:55+00:00","dateModified":"2026-04-16T14:16:25+00:00","description":"Conjunto de 2 tampas de corti\u00e7a para o Vitalizador de \u00c1gua Phipower. Amortece o ru\u00eddo do v\u00f3rtice e suporta a vareta Analemma para uma estrutura\u00e7\u00e3o adicional da \u00e1gua.","breadcrumb":{"@id":"https:\/\/phipower.org\/pt-pt\/product\/valvulas-de-cortica-para-o-vitalizador-de-agua-phipower-atenuacao-do-som-e-fixacao-analemma-stir-bar\/#breadcrumb"},"inLanguage":"pt-PT","potentialAction":[{"@type":"ReadAction","target":["https:\/\/phipower.org\/pt-pt\/product\/valvulas-de-cortica-para-o-vitalizador-de-agua-phipower-atenuacao-do-som-e-fixacao-analemma-stir-bar\/"]}]},{"@type":"ImageObject","inLanguage":"pt-PT","@id":"https:\/\/phipower.org\/pt-pt\/product\/valvulas-de-cortica-para-o-vitalizador-de-agua-phipower-atenuacao-do-som-e-fixacao-analemma-stir-bar\/#primaryimage","url":"https:\/\/phipower.org\/wp-content\/uploads\/2025\/05\/Kurk-Afsluiters-voor-Phipower-Water-Vitalisator-Geluidsdemping-Bevestiging-Analemma-Roerstaaf.png","contentUrl":"https:\/\/phipower.org\/wp-content\/uploads\/2025\/05\/Kurk-Afsluiters-voor-Phipower-Water-Vitalisator-Geluidsdemping-Bevestiging-Analemma-Roerstaaf.png","width":1200,"height":1200},{"@type":"BreadcrumbList","@id":"https:\/\/phipower.org\/pt-pt\/product\/valvulas-de-cortica-para-o-vitalizador-de-agua-phipower-atenuacao-do-som-e-fixacao-analemma-stir-bar\/#breadcrumb","itemListElement":[{"@type":"ListItem","position":1,"name":"Home","item":"https:\/\/phipower.org\/pt-pt\/"},{"@type":"ListItem","position":2,"name":"Loja","item":"https:\/\/phipower.org\/pt-pt\/loja\/"},{"@type":"ListItem","position":3,"name":"Tampas de Corti\u00e7a para Vitalizador de \u00c1gua Phipower \u2013 Redu\u00e7\u00e3o de Ru\u00eddo e Fixa\u00e7\u00e3o da Vareta Analemma"}]},{"@type":"WebSite","@id":"https:\/\/phipower.org\/pt-pt\/#website","url":"https:\/\/phipower.org\/pt-pt\/","name":"Phipower: innovatieve gezondheidsproducten","description":"innovatieve gezondheidsproducten","publisher":{"@id":"https:\/\/phipower.org\/pt-pt\/#organization"},"potentialAction":[{"@type":"SearchAction","target":{"@type":"EntryPoint","urlTemplate":"https:\/\/phipower.org\/pt-pt\/?s={search_term_string}"},"query-input":{"@type":"PropertyValueSpecification","valueRequired":true,"valueName":"search_term_string"}}],"inLanguage":"pt-PT"},{"@type":"Organization","@id":"https:\/\/phipower.org\/pt-pt\/#organization","name":"Phipower","url":"https:\/\/phipower.org\/pt-pt\/","logo":{"@type":"ImageObject","inLanguage":"pt-PT","@id":"https:\/\/phipower.org\/pt-pt\/#\/schema\/logo\/image\/","url":"https:\/\/phipower.org\/wp-content\/uploads\/2019\/06\/z-logo-RGB-wit-power.png","contentUrl":"https:\/\/phipower.org\/wp-content\/uploads\/2019\/06\/z-logo-RGB-wit-power.png","width":3273,"height":1389,"caption":"Phipower"},"image":{"@id":"https:\/\/phipower.org\/pt-pt\/#\/schema\/logo\/image\/"},"sameAs":["https:\/\/www.facebook.com\/phipowertools\/","https:\/\/x.com\/phipower1","https:\/\/www.tiktok.com\/@phipowerhealth"]}]},"product_price_amount":"29.00","product_price_currency":"EUR","og_availability":"instock","product_availability":"instock","product_retailer_item_id":"7806140071664","product_condition":"new"},"_links":{"self":[{"href":"https:\/\/phipower.org\/pt-pt\/wp-json\/wp\/v2\/product\/6931","targetHints":{"allow":["GET"]}}],"collection":[{"href":"https:\/\/phipower.org\/pt-pt\/wp-json\/wp\/v2\/product"}],"about":[{"href":"https:\/\/phipower.org\/pt-pt\/wp-json\/wp\/v2\/types\/product"}],"replies":[{"embeddable":true,"href":"https:\/\/phipower.org\/pt-pt\/wp-json\/wp\/v2\/comments?post=6931"}],"wp:featuredmedia":[{"embeddable":true,"href":"https:\/\/phipower.org\/pt-pt\/wp-json\/wp\/v2\/media\/7063"}],"wp:attachment":[{"href":"https:\/\/phipower.org\/pt-pt\/wp-json\/wp\/v2\/media?parent=6931"}],"wp:term":[{"taxonomy":"product_brand","embeddable":true,"href":"https:\/\/phipower.org\/pt-pt\/wp-json\/wp\/v2\/product_brand?post=6931"},{"taxonomy":"product_cat","embeddable":true,"href":"https:\/\/phipower.org\/pt-pt\/wp-json\/wp\/v2\/product_cat?post=6931"},{"taxonomy":"product_tag","embeddable":true,"href":"https:\/\/phipower.org\/pt-pt\/wp-json\/wp\/v2\/product_tag?post=6931"}],"curies":[{"name":"wp","href":"https:\/\/api.w.org\/{rel}","templated":true}]}}