{"id":6824,"date":"2025-04-22T18:49:34","date_gmt":"2025-04-22T18:49:34","guid":{"rendered":"https:\/\/phipower.org\/?post_type=product&#038;p=6824"},"modified":"2026-04-16T14:17:13","modified_gmt":"2026-04-16T14:17:13","slug":"ovo-de-tortura-ovo-de-energia-compacto-para-protecao-pessoal-e-vitalizacao-kopie-kopie-kopie","status":"publish","type":"product","link":"https:\/\/phipower.org\/pt-pt\/product\/ovo-de-tortura-ovo-de-energia-compacto-para-protecao-pessoal-e-vitalizacao-kopie-kopie-kopie\/","title":{"rendered":"Melhoria de Solos Vita Earth \u2013 Restaure a For\u00e7a da Terra"},"content":{"rendered":"<section>\n<h2>A Necessidade de Vitaliza\u00e7\u00e3o da Terra<\/h2>\n<p>A terra onde vivemos tem sofrido muito devido \u00e0s atividades humanas. M\u00e9todos agr\u00edcolas industriais, produ\u00e7\u00e3o intensiva de alimentos e agentes qu\u00edmicos esgotaram e empobreceram o solo a n\u00edvel mundial. Como resultado, n\u00e3o s\u00f3 a fertilidade diminuiu, mas tamb\u00e9m a vida do solo e a qualidade energ\u00e9tica da terra foram severamente afetadas.  <\/p>\n<p><strong>Com a melhoria natural de solos Vita Earth, ajudamos a terra a restaurar a sua for\u00e7a original e a sua capacidade nutritiva.<\/strong> Assim, criamos uma base saud\u00e1vel para tudo o que vive na Terra.<\/p>\n<\/section>\n<section>\n<h2>O que \u00e9 o Vita Earth?<\/h2>\n<div class=\"features\">\n<ul>\n<li><strong>Material:<\/strong> Cilindro forte e resistente ao desgaste<\/li>\n<li><strong>Conte\u00fado:<\/strong> Ovos de Energia Blue Earth com energia vital elevada<\/li>\n<li><strong>Prote\u00e7\u00e3o:<\/strong> Resistente a intemp\u00e9ries, chuva, oscila\u00e7\u00f5es de temperatura e press\u00e3o do solo<\/li>\n<\/ul>\n<p><strong>\u00danico:<\/strong> Adequado para terra e meios aqu\u00e1ticos (lagos, ribeiros, tanques de \u00e1gua da chuva) para melhorar a qualidade energ\u00e9tica.<\/p>\n<\/div>\n<\/section>\n<section>\n<h2>Funcionamento do Vita Earth<\/h2>\n<div class=\"features\">\n<ul>\n<li>Aumentar significativamente o valor Bovis do solo<\/li>\n<li>Restaurar a fertilidade da terra<\/li>\n<li>Refor\u00e7ar o crescimento natural e a resist\u00eancia das plantas<\/li>\n<li>Reduzir a necessidade de aditivos artificiais<\/li>\n<li>Revitalizar e fortalecer a vida do solo<\/li>\n<\/ul>\n<p>Ao enterrar o Vita Earth a <strong>aprox. 80 cm de profundidade<\/strong>, ativa um campo energ\u00e9tico poderoso que torna as plantas mais saud\u00e1veis, vitais e menos suscet\u00edveis a doen\u00e7as.<\/p>\n<\/div>\n<\/section>\n<section>\n<h2>Uso e Aplica\u00e7\u00e3o<\/h2>\n<table>\n<thead>\n<tr>\n<th>Aplica\u00e7\u00e3o<\/th>\n<th>Resultado<\/th>\n<\/tr>\n<\/thead>\n<tbody>\n<tr>\n<td>Horta<\/td>\n<td>Melhor crescimento, colheita mais saborosa e saud\u00e1vel<\/td>\n<\/tr>\n<tr>\n<td>Pomar<\/td>\n<td>\u00c1rvores mais fortes e frutos resistentes<\/td>\n<\/tr>\n<tr>\n<td>Jardim de flores<\/td>\n<td>Flora\u00e7\u00e3o mais rica e melhor sa\u00fade das plantas<\/td>\n<\/tr>\n<tr>\n<td>Terreno agr\u00edcola<\/td>\n<td>Redu\u00e7\u00e3o da necessidade de fertiliza\u00e7\u00e3o artificial<\/td>\n<\/tr>\n<tr>\n<td>Meios aqu\u00e1ticos<\/td>\n<td>Melhoria da qualidade energ\u00e9tica de lagos e ribeiros<\/td>\n<\/tr>\n<\/tbody>\n<\/table>\n<h3>Instru\u00e7\u00f5es de utiliza\u00e7\u00e3o importantes<\/h3>\n<ul>\n<li>Enterre o Vita Earth a pelo menos 80 cm de profundidade, com o <strong>lado azul para cima<\/strong> para a m\u00e1xima efic\u00e1cia.<\/li>\n<li>Para \u00e1gua: coloque o Vita Earth em lagos, ribeiros ou tanques de \u00e1gua da chuva para aumentar o valor energ\u00e9tico da \u00e1gua.<\/li>\n<li>Para superf\u00edcies maiores: coloque v\u00e1rias unidades num padr\u00e3o geom\u00e9trico para um efeito sin\u00e9rgico.<\/li>\n<\/ul>\n<\/section>\n<section>\n<h2>Resultados na Pr\u00e1tica<\/h2>\n<div class=\"process\">\n<ul>\n<li>O solo recupera-se mais rapidamente.<\/li>\n<li>As plantas mostram mais vitalidade e for\u00e7a.<\/li>\n<li>Menor ou nenhuma necessidade de fertiliza\u00e7\u00e3o artificial.<\/li>\n<li>A vida do solo recupera e floresce.<\/li>\n<\/ul>\n<\/div>\n<\/section>\n<section>\n<h2>Blue Earth Innovations \u2013 Vitaliza\u00e7\u00e3o da Terra em Larga Escala<\/h2>\n<p>Com as inven\u00e7\u00f5es da <strong>Blue Earth Innovations<\/strong>, empenhamo-nos mundialmente para purificar, restaurar e vitalizar a terra.<\/p>\n<p>O Vita Earth \u00e9 um exemplo de como combinamos tecnologia com princ\u00edpios naturais para apoiar a sa\u00fade do nosso planeta.<\/p>\n<p>Juntos, trabalhamos para um futuro f\u00e9rtil e energeticamente forte para toda a vida na Terra.<\/p>\n<\/section>\n<h2>Encomende agora a sua melhoria natural de solos Vita Earth<\/h2>\n<p>Deseja fortalecer e vitalizar o seu jardim, pomar ou terreno agr\u00edcola de forma natural? Encomende agora o seu <strong>Vita Earth<\/strong> e sinta os efeitos positivos nas suas plantas, colheitas e ambiente! <\/p>\n","protected":false},"excerpt":{"rendered":"<p>\u2714 Aumenta a fertilidade natural do solo e promove o crescimento saud\u00e1vel das plantas<br \/>\n\u2714 Suprime microrganismos nocivos e estimula o ecossistema do solo<br \/>\n\u2714 Instala\u00e7\u00e3o simples e livre de manuten\u00e7\u00e3o ap\u00f3s a coloca\u00e7\u00e3o<br \/>\n\u2714 Fabricado de forma sustent\u00e1vel com materiais ecol\u00f3gicos e resistentes \u00e0s intemp\u00e9ries<\/p>\n","protected":false},"featured_media":6844,"comment_status":"open","ping_status":"closed","template":"","meta":[],"product_brand":[],"product_cat":[996,993],"product_tag":[],"class_list":{"0":"post-6824","1":"product","2":"type-product","3":"status-publish","4":"has-post-thumbnail","6":"product_cat-frequencias","7":"product_cat-produtos","9":"first","10":"instock","11":"taxable","12":"shipping-taxable","13":"purchasable","14":"product-type-simple"},"yoast_head":"<!-- This site is optimized with the Yoast SEO Premium plugin v23.6 (Yoast SEO v27.2) - https:\/\/yoast.com\/product\/yoast-seo-premium-wordpress\/ -->\n<title>Melhoria de Solos Vita Earth \u2013 Recupera\u00e7\u00e3o Natural do Solo e Vitaliza\u00e7\u00e3o da Terra<\/title>\n<meta name=\"description\" content=\"Aumente a fertilidade e a vitalidade do solo do seu jardim, pomar ou terreno agr\u00edcola com o Vita Earth. Descubra a nossa solu\u00e7\u00e3o natural de vitaliza\u00e7\u00e3o da terra para uma recupera\u00e7\u00e3o sustent\u00e1vel do solo e colheitas saud\u00e1veis.\" \/>\n<meta name=\"robots\" content=\"index, follow, max-snippet:-1, max-image-preview:large, max-video-preview:-1\" \/>\n<link rel=\"canonical\" href=\"https:\/\/phipower.org\/pt-pt\/product\/ovo-de-tortura-ovo-de-energia-compacto-para-protecao-pessoal-e-vitalizacao-kopie-kopie-kopie\/\" \/>\n<meta property=\"og:locale\" content=\"pt_PT\" \/>\n<meta property=\"og:type\" content=\"article\" \/>\n<meta property=\"og:title\" content=\"Melhoria de Solos Vita Earth \u2013 Restaure a For\u00e7a da Terra\" \/>\n<meta property=\"og:description\" content=\"Aumente a fertilidade e a vitalidade do solo do seu jardim, pomar ou terreno agr\u00edcola com o Vita Earth. Descubra a nossa solu\u00e7\u00e3o natural de vitaliza\u00e7\u00e3o da terra para uma recupera\u00e7\u00e3o sustent\u00e1vel do solo e colheitas saud\u00e1veis.\" \/>\n<meta property=\"og:url\" content=\"https:\/\/phipower.org\/pt-pt\/product\/ovo-de-tortura-ovo-de-energia-compacto-para-protecao-pessoal-e-vitalizacao-kopie-kopie-kopie\/\" \/>\n<meta property=\"og:site_name\" content=\"Phipower\" \/>\n<meta property=\"article:publisher\" content=\"https:\/\/www.facebook.com\/phipowertools\/\" \/>\n<meta property=\"article:modified_time\" content=\"2026-04-16T14:17:13+00:00\" \/>\n<meta property=\"og:image\" content=\"https:\/\/phipower.org\/wp-content\/uploads\/2018\/09\/photo-1-36-1.jpg\" \/>\n\t<meta property=\"og:image:width\" content=\"750\" \/>\n\t<meta property=\"og:image:height\" content=\"750\" \/>\n\t<meta property=\"og:image:type\" content=\"image\/jpeg\" \/>\n<meta name=\"twitter:card\" content=\"summary_large_image\" \/>\n<meta name=\"twitter:site\" content=\"@phipower1\" \/>\n<meta name=\"twitter:label1\" content=\"pre\u00e7o\" \/>\n\t<meta name=\"twitter:data1\" content=\"&euro;90,00\" \/>\n\t<meta name=\"twitter:label2\" content=\"Disponibilidade\" \/>\n\t<meta name=\"twitter:data2\" content=\"Em stock\" \/>\n<script type=\"application\/ld+json\" class=\"yoast-schema-graph\">{\"@context\":\"https:\/\/schema.org\",\"@graph\":[{\"@type\":\"WebPage\",\"@id\":\"https:\/\/phipower.org\/pt-pt\/product\/ovo-de-tortura-ovo-de-energia-compacto-para-protecao-pessoal-e-vitalizacao-kopie-kopie-kopie\/\",\"url\":\"https:\/\/phipower.org\/pt-pt\/product\/ovo-de-tortura-ovo-de-energia-compacto-para-protecao-pessoal-e-vitalizacao-kopie-kopie-kopie\/\",\"name\":\"Melhoria de Solos Vita Earth \u2013 Recupera\u00e7\u00e3o Natural do Solo e Vitaliza\u00e7\u00e3o da Terra\",\"isPartOf\":{\"@id\":\"https:\/\/phipower.org\/pt-pt\/#website\"},\"primaryImageOfPage\":{\"@id\":\"https:\/\/phipower.org\/pt-pt\/product\/ovo-de-tortura-ovo-de-energia-compacto-para-protecao-pessoal-e-vitalizacao-kopie-kopie-kopie\/#primaryimage\"},\"image\":{\"@id\":\"https:\/\/phipower.org\/pt-pt\/product\/ovo-de-tortura-ovo-de-energia-compacto-para-protecao-pessoal-e-vitalizacao-kopie-kopie-kopie\/#primaryimage\"},\"thumbnailUrl\":\"https:\/\/phipower.org\/wp-content\/uploads\/2025\/04\/vita-earth-verhoog-de-vruchtbaarheid-van-de-aarde.jpg\",\"datePublished\":\"2025-04-22T18:49:34+00:00\",\"dateModified\":\"2026-04-16T14:17:13+00:00\",\"description\":\"Aumente a fertilidade e a vitalidade do solo do seu jardim, pomar ou terreno agr\u00edcola com o Vita Earth. Descubra a nossa solu\u00e7\u00e3o natural de vitaliza\u00e7\u00e3o da terra para uma recupera\u00e7\u00e3o sustent\u00e1vel do solo e colheitas saud\u00e1veis.\",\"breadcrumb\":{\"@id\":\"https:\/\/phipower.org\/pt-pt\/product\/ovo-de-tortura-ovo-de-energia-compacto-para-protecao-pessoal-e-vitalizacao-kopie-kopie-kopie\/#breadcrumb\"},\"inLanguage\":\"pt-PT\",\"potentialAction\":[{\"@type\":\"ReadAction\",\"target\":[\"https:\/\/phipower.org\/pt-pt\/product\/ovo-de-tortura-ovo-de-energia-compacto-para-protecao-pessoal-e-vitalizacao-kopie-kopie-kopie\/\"]}]},{\"@type\":\"ImageObject\",\"inLanguage\":\"pt-PT\",\"@id\":\"https:\/\/phipower.org\/pt-pt\/product\/ovo-de-tortura-ovo-de-energia-compacto-para-protecao-pessoal-e-vitalizacao-kopie-kopie-kopie\/#primaryimage\",\"url\":\"https:\/\/phipower.org\/wp-content\/uploads\/2025\/04\/vita-earth-verhoog-de-vruchtbaarheid-van-de-aarde.jpg\",\"contentUrl\":\"https:\/\/phipower.org\/wp-content\/uploads\/2025\/04\/vita-earth-verhoog-de-vruchtbaarheid-van-de-aarde.jpg\",\"width\":600,\"height\":600},{\"@type\":\"BreadcrumbList\",\"@id\":\"https:\/\/phipower.org\/pt-pt\/product\/ovo-de-tortura-ovo-de-energia-compacto-para-protecao-pessoal-e-vitalizacao-kopie-kopie-kopie\/#breadcrumb\",\"itemListElement\":[{\"@type\":\"ListItem\",\"position\":1,\"name\":\"Home\",\"item\":\"https:\/\/phipower.org\/pt-pt\/\"},{\"@type\":\"ListItem\",\"position\":2,\"name\":\"Shop\",\"item\":\"https:\/\/phipower.org\/shop\/\"},{\"@type\":\"ListItem\",\"position\":3,\"name\":\"Melhoria de Solos Vita Earth \u2013 Restaure a For\u00e7a da Terra\"}]},{\"@type\":\"WebSite\",\"@id\":\"https:\/\/phipower.org\/pt-pt\/#website\",\"url\":\"https:\/\/phipower.org\/pt-pt\/\",\"name\":\"Phipower: innovatieve gezondheidsproducten\",\"description\":\"innovatieve gezondheidsproducten\",\"publisher\":{\"@id\":\"https:\/\/phipower.org\/pt-pt\/#organization\"},\"potentialAction\":[{\"@type\":\"SearchAction\",\"target\":{\"@type\":\"EntryPoint\",\"urlTemplate\":\"https:\/\/phipower.org\/pt-pt\/?s={search_term_string}\"},\"query-input\":{\"@type\":\"PropertyValueSpecification\",\"valueRequired\":true,\"valueName\":\"search_term_string\"}}],\"inLanguage\":\"pt-PT\"},{\"@type\":\"Organization\",\"@id\":\"https:\/\/phipower.org\/pt-pt\/#organization\",\"name\":\"Phipower\",\"url\":\"https:\/\/phipower.org\/pt-pt\/\",\"logo\":{\"@type\":\"ImageObject\",\"inLanguage\":\"pt-PT\",\"@id\":\"https:\/\/phipower.org\/pt-pt\/#\/schema\/logo\/image\/\",\"url\":\"https:\/\/phipower.org\/wp-content\/uploads\/2019\/06\/z-logo-RGB-wit-power.png\",\"contentUrl\":\"https:\/\/phipower.org\/wp-content\/uploads\/2019\/06\/z-logo-RGB-wit-power.png\",\"width\":3273,\"height\":1389,\"caption\":\"Phipower\"},\"image\":{\"@id\":\"https:\/\/phipower.org\/pt-pt\/#\/schema\/logo\/image\/\"},\"sameAs\":[\"https:\/\/www.facebook.com\/phipowertools\/\",\"https:\/\/x.com\/phipower1\",\"https:\/\/www.tiktok.com\/@phipowerhealth\"]}]}<\/script>\n<meta property=\"product:price:amount\" content=\"90.00\" \/>\n<meta property=\"product:price:currency\" content=\"EUR\" \/>\n<meta property=\"og:availability\" content=\"instock\" \/>\n<meta property=\"product:availability\" content=\"instock\" \/>\n<meta property=\"product:retailer_item_id\" content=\"7806140071718\" \/>\n<meta property=\"product:condition\" content=\"new\" \/>\n<!-- \/ Yoast SEO Premium plugin. -->","yoast_head_json":{"title":"Melhoria de Solos Vita Earth \u2013 Recupera\u00e7\u00e3o Natural do Solo e Vitaliza\u00e7\u00e3o da Terra","description":"Aumente a fertilidade e a vitalidade do solo do seu jardim, pomar ou terreno agr\u00edcola com o Vita Earth. Descubra a nossa solu\u00e7\u00e3o natural de vitaliza\u00e7\u00e3o da terra para uma recupera\u00e7\u00e3o sustent\u00e1vel do solo e colheitas saud\u00e1veis.","robots":{"index":"index","follow":"follow","max-snippet":"max-snippet:-1","max-image-preview":"max-image-preview:large","max-video-preview":"max-video-preview:-1"},"canonical":"https:\/\/phipower.org\/pt-pt\/product\/ovo-de-tortura-ovo-de-energia-compacto-para-protecao-pessoal-e-vitalizacao-kopie-kopie-kopie\/","og_locale":"pt_PT","og_type":"article","og_title":"Melhoria de Solos Vita Earth \u2013 Restaure a For\u00e7a da Terra","og_description":"Aumente a fertilidade e a vitalidade do solo do seu jardim, pomar ou terreno agr\u00edcola com o Vita Earth. Descubra a nossa solu\u00e7\u00e3o natural de vitaliza\u00e7\u00e3o da terra para uma recupera\u00e7\u00e3o sustent\u00e1vel do solo e colheitas saud\u00e1veis.","og_url":"https:\/\/phipower.org\/pt-pt\/product\/ovo-de-tortura-ovo-de-energia-compacto-para-protecao-pessoal-e-vitalizacao-kopie-kopie-kopie\/","og_site_name":"Phipower","article_publisher":"https:\/\/www.facebook.com\/phipowertools\/","article_modified_time":"2026-04-16T14:17:13+00:00","og_image":[{"width":750,"height":750,"url":"https:\/\/phipower.org\/wp-content\/uploads\/2018\/09\/photo-1-36-1.jpg","type":"image\/jpeg"}],"twitter_card":"summary_large_image","twitter_site":"@phipower1","twitter_misc":{"pre\u00e7o":"&euro;90,00","Disponibilidade":"Em stock"},"schema":{"@context":"https:\/\/schema.org","@graph":[{"@type":"WebPage","@id":"https:\/\/phipower.org\/pt-pt\/product\/ovo-de-tortura-ovo-de-energia-compacto-para-protecao-pessoal-e-vitalizacao-kopie-kopie-kopie\/","url":"https:\/\/phipower.org\/pt-pt\/product\/ovo-de-tortura-ovo-de-energia-compacto-para-protecao-pessoal-e-vitalizacao-kopie-kopie-kopie\/","name":"Melhoria de Solos Vita Earth \u2013 Recupera\u00e7\u00e3o Natural do Solo e Vitaliza\u00e7\u00e3o da Terra","isPartOf":{"@id":"https:\/\/phipower.org\/pt-pt\/#website"},"primaryImageOfPage":{"@id":"https:\/\/phipower.org\/pt-pt\/product\/ovo-de-tortura-ovo-de-energia-compacto-para-protecao-pessoal-e-vitalizacao-kopie-kopie-kopie\/#primaryimage"},"image":{"@id":"https:\/\/phipower.org\/pt-pt\/product\/ovo-de-tortura-ovo-de-energia-compacto-para-protecao-pessoal-e-vitalizacao-kopie-kopie-kopie\/#primaryimage"},"thumbnailUrl":"https:\/\/phipower.org\/wp-content\/uploads\/2025\/04\/vita-earth-verhoog-de-vruchtbaarheid-van-de-aarde.jpg","datePublished":"2025-04-22T18:49:34+00:00","dateModified":"2026-04-16T14:17:13+00:00","description":"Aumente a fertilidade e a vitalidade do solo do seu jardim, pomar ou terreno agr\u00edcola com o Vita Earth. Descubra a nossa solu\u00e7\u00e3o natural de vitaliza\u00e7\u00e3o da terra para uma recupera\u00e7\u00e3o sustent\u00e1vel do solo e colheitas saud\u00e1veis.","breadcrumb":{"@id":"https:\/\/phipower.org\/pt-pt\/product\/ovo-de-tortura-ovo-de-energia-compacto-para-protecao-pessoal-e-vitalizacao-kopie-kopie-kopie\/#breadcrumb"},"inLanguage":"pt-PT","potentialAction":[{"@type":"ReadAction","target":["https:\/\/phipower.org\/pt-pt\/product\/ovo-de-tortura-ovo-de-energia-compacto-para-protecao-pessoal-e-vitalizacao-kopie-kopie-kopie\/"]}]},{"@type":"ImageObject","inLanguage":"pt-PT","@id":"https:\/\/phipower.org\/pt-pt\/product\/ovo-de-tortura-ovo-de-energia-compacto-para-protecao-pessoal-e-vitalizacao-kopie-kopie-kopie\/#primaryimage","url":"https:\/\/phipower.org\/wp-content\/uploads\/2025\/04\/vita-earth-verhoog-de-vruchtbaarheid-van-de-aarde.jpg","contentUrl":"https:\/\/phipower.org\/wp-content\/uploads\/2025\/04\/vita-earth-verhoog-de-vruchtbaarheid-van-de-aarde.jpg","width":600,"height":600},{"@type":"BreadcrumbList","@id":"https:\/\/phipower.org\/pt-pt\/product\/ovo-de-tortura-ovo-de-energia-compacto-para-protecao-pessoal-e-vitalizacao-kopie-kopie-kopie\/#breadcrumb","itemListElement":[{"@type":"ListItem","position":1,"name":"Home","item":"https:\/\/phipower.org\/pt-pt\/"},{"@type":"ListItem","position":2,"name":"Shop","item":"https:\/\/phipower.org\/shop\/"},{"@type":"ListItem","position":3,"name":"Melhoria de Solos Vita Earth \u2013 Restaure a For\u00e7a da Terra"}]},{"@type":"WebSite","@id":"https:\/\/phipower.org\/pt-pt\/#website","url":"https:\/\/phipower.org\/pt-pt\/","name":"Phipower: innovatieve gezondheidsproducten","description":"innovatieve gezondheidsproducten","publisher":{"@id":"https:\/\/phipower.org\/pt-pt\/#organization"},"potentialAction":[{"@type":"SearchAction","target":{"@type":"EntryPoint","urlTemplate":"https:\/\/phipower.org\/pt-pt\/?s={search_term_string}"},"query-input":{"@type":"PropertyValueSpecification","valueRequired":true,"valueName":"search_term_string"}}],"inLanguage":"pt-PT"},{"@type":"Organization","@id":"https:\/\/phipower.org\/pt-pt\/#organization","name":"Phipower","url":"https:\/\/phipower.org\/pt-pt\/","logo":{"@type":"ImageObject","inLanguage":"pt-PT","@id":"https:\/\/phipower.org\/pt-pt\/#\/schema\/logo\/image\/","url":"https:\/\/phipower.org\/wp-content\/uploads\/2019\/06\/z-logo-RGB-wit-power.png","contentUrl":"https:\/\/phipower.org\/wp-content\/uploads\/2019\/06\/z-logo-RGB-wit-power.png","width":3273,"height":1389,"caption":"Phipower"},"image":{"@id":"https:\/\/phipower.org\/pt-pt\/#\/schema\/logo\/image\/"},"sameAs":["https:\/\/www.facebook.com\/phipowertools\/","https:\/\/x.com\/phipower1","https:\/\/www.tiktok.com\/@phipowerhealth"]}]},"product_price_amount":"90.00","product_price_currency":"EUR","og_availability":"instock","product_availability":"instock","product_retailer_item_id":"7806140071718","product_condition":"new"},"_links":{"self":[{"href":"https:\/\/phipower.org\/pt-pt\/wp-json\/wp\/v2\/product\/6824","targetHints":{"allow":["GET"]}}],"collection":[{"href":"https:\/\/phipower.org\/pt-pt\/wp-json\/wp\/v2\/product"}],"about":[{"href":"https:\/\/phipower.org\/pt-pt\/wp-json\/wp\/v2\/types\/product"}],"replies":[{"embeddable":true,"href":"https:\/\/phipower.org\/pt-pt\/wp-json\/wp\/v2\/comments?post=6824"}],"wp:featuredmedia":[{"embeddable":true,"href":"https:\/\/phipower.org\/pt-pt\/wp-json\/wp\/v2\/media\/6844"}],"wp:attachment":[{"href":"https:\/\/phipower.org\/pt-pt\/wp-json\/wp\/v2\/media?parent=6824"}],"wp:term":[{"taxonomy":"product_brand","embeddable":true,"href":"https:\/\/phipower.org\/pt-pt\/wp-json\/wp\/v2\/product_brand?post=6824"},{"taxonomy":"product_cat","embeddable":true,"href":"https:\/\/phipower.org\/pt-pt\/wp-json\/wp\/v2\/product_cat?post=6824"},{"taxonomy":"product_tag","embeddable":true,"href":"https:\/\/phipower.org\/pt-pt\/wp-json\/wp\/v2\/product_tag?post=6824"}],"curies":[{"name":"wp","href":"https:\/\/api.w.org\/{rel}","templated":true}]}}