{"id":6600,"date":"2025-03-09T09:42:02","date_gmt":"2025-03-09T09:42:02","guid":{"rendered":"https:\/\/phipower.org\/?post_type=product&#038;p=6600"},"modified":"2025-06-16T21:08:58","modified_gmt":"2025-06-16T21:08:58","slug":"lumisa-ovo-de-energia-da-terra-azul-para-vitalizacao-e-harmonizacao-kopie","status":"publish","type":"product","link":"https:\/\/phipower.org\/pt-pt\/produto\/lumisa-ovo-de-energia-da-terra-azul-para-vitalizacao-e-harmonizacao-kopie\/","title":{"rendered":"Ovo de Tortura | Ovo de Energia Compacto | Para prote\u00e7\u00e3o pessoal e vitaliza\u00e7\u00e3o|"},"content":{"rendered":"<div class=\"container\">\n<header><span style=\"color: #333333; font-size: 23.04px;\">Descri\u00e7\u00e3o Ovo de tartaruga Blue Earth<\/span><\/header>\n<section id=\"omschrijving\">O Ovo de Tartaruga Blue Earth foi concebido para prote\u00e7\u00e3o pessoal e fortalecimento do teu campo energ\u00e9tico. Gra\u00e7as ao seu efeito poderoso num raio de 2 metros, este pequeno ovo energ\u00e9tico oferece um apoio \u00f3timo para lidares com est\u00edmulos, emo\u00e7\u00f5es e energias externas. O elevado valor Bovis de aproximadamente 384.000 Bovis garante um refor\u00e7o not\u00e1vel do teu poder pessoal e do teu bem-estar.  <\/section>\n<section id=\"eigenschappen\">\n<h2>Carater\u00edsticas do ovo Tort Blue Earth<\/h2>\n<ul>\n<li><strong>Material:<\/strong> Ovo de codorniz cheio de Elixir de Terra Azul<\/li>\n<li><strong>Dimens\u00f5es:<\/strong> 3 cm (largura) x 4 cm (altura)<\/li>\n<li><strong>Peso:<\/strong> 37 gramas<\/li>\n<li><strong>Prote\u00e7\u00e3o:<\/strong> Revestimento de resina s\u00f3lida (imperme\u00e1vel e resistente a impactos)<\/li>\n<li><strong>Utiliza\u00e7\u00e3o:<\/strong> Compacto e port\u00e1til, ideal para colocar no bolso das cal\u00e7as, no bolso do casaco, ao lado do teu PC ou debaixo da almofada<\/li>\n<\/ul>\n<\/section>\n<section id=\"geschikt-voor\">\n<h2>A quem se destina o ovo Blue Earth Tort?<\/h2>\n<p>O ovo Tartaruga \u00e9 perfeito para quem \u00e9 sens\u00edvel aos est\u00edmulos e \u00e0s energias dos outros.<\/p>\n<h3>Adequado para:<\/h3>\n<ul>\n<li>Pessoas que s\u00e3o facilmente sobre-estimuladas<\/li>\n<li>Pessoas que sentem intensamente as emo\u00e7\u00f5es dos outros<\/li>\n<li>Quem procura uma prote\u00e7\u00e3o mais energ\u00e9tica<\/li>\n<li>Crian\u00e7as que t\u00eam dificuldade em concentrar-se ou que se distraem facilmente<\/li>\n<\/ul>\n<p>Ajuda-te a sentires-te mais seguro e mais calmo, para que possas estar melhor contigo mesmo.<\/p>\n<\/section>\n<section id=\"voordelen\">\n<h2>Porqu\u00ea escolher o ovo Tort Blue Earth?<\/h2>\n<ul>\n<li>Fortalece a tua energia pessoal e protege o teu campo energ\u00e9tico<\/li>\n<li>Promove a for\u00e7a interior e o equil\u00edbrio emocional<\/li>\n<li>Port\u00e1til, compacto e duradouro<\/li>\n<li>Adequado para adultos e crian\u00e7as<\/li>\n<\/ul>\n<\/section>\n<section id=\"productreeks\">\n<h2>Conhece a gama de produtos Blue Earth<\/h2>\n<p>O ovo de tartaruga pertence \u00e0 gama especial de ovos energ\u00e9ticos Blue Earth. Para al\u00e9m deste ovo port\u00e1til, tamb\u00e9m oferecemos ovos energ\u00e9ticos maiores, adequados para utiliza\u00e7\u00e3o em casa. O Lumi&#8217;Sa tamb\u00e9m faz parte da nossa gama e, gra\u00e7as a um revestimento protetor especial, oferece utiliza\u00e7\u00f5es vers\u00e1teis, como a energiza\u00e7\u00e3o da \u00e1gua.  <\/p>\n<p>V\u00ea tamb\u00e9m o nosso v\u00eddeo informativo para uma explica\u00e7\u00e3o detalhada do funcionamento e das vantagens dos nossos produtos Blue Earth.<\/p>\n<\/section>\n<section id=\"klantbeoordelingen\">\n<h2>Experi\u00eancias dos clientes<\/h2>\n<p>Gostar\u00edamos de conhecer a tua experi\u00eancia com o ovo Blue Earth Tortoise. Partilha a tua opini\u00e3o e ajuda outros a fazer uma escolha! <\/p>\n<\/section>\n<footer><strong>Encomenda j\u00e1 o teu ovo pessoal Blue Earth Tort e experimenta a energia positiva imediatamente!<\/strong><\/footer>\n<\/div>\n<p>&nbsp;<\/p>\n","protected":false},"excerpt":{"rendered":"<p>Fortalece o teu campo de energia pessoal<br \/>\n\u2714 Protege contra influ\u00eancias negativas e radia\u00e7\u00e3o<br \/>\n\u2714 Promove o equil\u00edbrio e a clareza interiores<br \/>\n\u2714 Compacto, dur\u00e1vel e sempre \u00e0 m\u00e3o<\/p>\n","protected":false},"featured_media":6613,"comment_status":"open","ping_status":"closed","template":"","meta":[],"product_brand":[],"product_cat":[996,993],"product_tag":[],"class_list":{"0":"post-6600","1":"product","2":"type-product","3":"status-publish","4":"has-post-thumbnail","6":"product_cat-frequencias","7":"product_cat-produtos","8":"product_shipping_class-2-5-kg","10":"first","11":"outofstock","12":"taxable","13":"shipping-taxable","14":"purchasable","15":"product-type-simple"},"yoast_head":"<!-- This site is optimized with the Yoast SEO Premium plugin v23.6 (Yoast SEO v27.2) - https:\/\/yoast.com\/product\/yoast-seo-premium-wordpress\/ -->\n<title>Ovo de tartaruga da Terra Azul - Prote\u00e7\u00e3o pessoal e fortalecimento energ\u00e9tico<\/title>\n<meta name=\"description\" content=\"Descobre o ovo Tort Blue Earth: amplifica\u00e7\u00e3o port\u00e1til de energia e prote\u00e7\u00e3o contra est\u00edmulos e energias externas. Ideal para adultos e crian\u00e7as!\" \/>\n<meta name=\"robots\" content=\"index, follow, max-snippet:-1, max-image-preview:large, max-video-preview:-1\" \/>\n<link rel=\"canonical\" href=\"https:\/\/phipower.org\/pt-pt\/produto\/lumisa-ovo-de-energia-da-terra-azul-para-vitalizacao-e-harmonizacao-kopie\/\" \/>\n<meta property=\"og:locale\" content=\"pt_PT\" \/>\n<meta property=\"og:type\" content=\"article\" \/>\n<meta property=\"og:title\" content=\"Ovo de Tortura | Ovo de Energia Compacto | Para prote\u00e7\u00e3o pessoal e vitaliza\u00e7\u00e3o|\" \/>\n<meta property=\"og:description\" content=\"Descobre o ovo Tort Blue Earth: amplifica\u00e7\u00e3o port\u00e1til de energia e prote\u00e7\u00e3o contra est\u00edmulos e energias externas. Ideal para adultos e crian\u00e7as!\" \/>\n<meta property=\"og:url\" content=\"https:\/\/phipower.org\/pt-pt\/produto\/lumisa-ovo-de-energia-da-terra-azul-para-vitalizacao-e-harmonizacao-kopie\/\" \/>\n<meta property=\"og:site_name\" content=\"Phipower\" \/>\n<meta property=\"article:publisher\" content=\"https:\/\/www.facebook.com\/phipowertools\/\" \/>\n<meta property=\"article:modified_time\" content=\"2025-06-16T21:08:58+00:00\" \/>\n<meta property=\"og:image\" content=\"https:\/\/phipower.org\/wp-content\/uploads\/2018\/09\/photo-1-36-1.jpg\" \/>\n\t<meta property=\"og:image:width\" content=\"750\" \/>\n\t<meta property=\"og:image:height\" content=\"750\" \/>\n\t<meta property=\"og:image:type\" content=\"image\/jpeg\" \/>\n<meta name=\"twitter:card\" content=\"summary_large_image\" \/>\n<meta name=\"twitter:site\" content=\"@phipower1\" \/>\n<meta name=\"twitter:label1\" content=\"pre\u00e7o\" \/>\n\t<meta name=\"twitter:data1\" content=\"&euro;48,00\" \/>\n\t<meta name=\"twitter:label2\" content=\"Disponibilidade\" \/>\n\t<meta name=\"twitter:data2\" content=\"Esgotado\" \/>\n<script type=\"application\/ld+json\" class=\"yoast-schema-graph\">{\"@context\":\"https:\/\/schema.org\",\"@graph\":[{\"@type\":\"WebPage\",\"@id\":\"https:\/\/phipower.org\/pt-pt\/produto\/lumisa-ovo-de-energia-da-terra-azul-para-vitalizacao-e-harmonizacao-kopie\/\",\"url\":\"https:\/\/phipower.org\/pt-pt\/produto\/lumisa-ovo-de-energia-da-terra-azul-para-vitalizacao-e-harmonizacao-kopie\/\",\"name\":\"Ovo de tartaruga da Terra Azul - Prote\u00e7\u00e3o pessoal e fortalecimento energ\u00e9tico\",\"isPartOf\":{\"@id\":\"https:\/\/phipower.org\/pt-pt\/#website\"},\"primaryImageOfPage\":{\"@id\":\"https:\/\/phipower.org\/pt-pt\/produto\/lumisa-ovo-de-energia-da-terra-azul-para-vitalizacao-e-harmonizacao-kopie\/#primaryimage\"},\"image\":{\"@id\":\"https:\/\/phipower.org\/pt-pt\/produto\/lumisa-ovo-de-energia-da-terra-azul-para-vitalizacao-e-harmonizacao-kopie\/#primaryimage\"},\"thumbnailUrl\":\"https:\/\/phipower.org\/wp-content\/uploads\/2025\/03\/Tortelei-energie-ei-blue-earth-phipower.jpg\",\"datePublished\":\"2025-03-09T09:42:02+00:00\",\"dateModified\":\"2025-06-16T21:08:58+00:00\",\"description\":\"Descobre o ovo Tort Blue Earth: amplifica\u00e7\u00e3o port\u00e1til de energia e prote\u00e7\u00e3o contra est\u00edmulos e energias externas. Ideal para adultos e crian\u00e7as!\",\"breadcrumb\":{\"@id\":\"https:\/\/phipower.org\/pt-pt\/produto\/lumisa-ovo-de-energia-da-terra-azul-para-vitalizacao-e-harmonizacao-kopie\/#breadcrumb\"},\"inLanguage\":\"pt-PT\",\"potentialAction\":[{\"@type\":\"ReadAction\",\"target\":[\"https:\/\/phipower.org\/pt-pt\/produto\/lumisa-ovo-de-energia-da-terra-azul-para-vitalizacao-e-harmonizacao-kopie\/\"]}]},{\"@type\":\"ImageObject\",\"inLanguage\":\"pt-PT\",\"@id\":\"https:\/\/phipower.org\/pt-pt\/produto\/lumisa-ovo-de-energia-da-terra-azul-para-vitalizacao-e-harmonizacao-kopie\/#primaryimage\",\"url\":\"https:\/\/phipower.org\/wp-content\/uploads\/2025\/03\/Tortelei-energie-ei-blue-earth-phipower.jpg\",\"contentUrl\":\"https:\/\/phipower.org\/wp-content\/uploads\/2025\/03\/Tortelei-energie-ei-blue-earth-phipower.jpg\",\"width\":600,\"height\":400},{\"@type\":\"BreadcrumbList\",\"@id\":\"https:\/\/phipower.org\/pt-pt\/produto\/lumisa-ovo-de-energia-da-terra-azul-para-vitalizacao-e-harmonizacao-kopie\/#breadcrumb\",\"itemListElement\":[{\"@type\":\"ListItem\",\"position\":1,\"name\":\"Home\",\"item\":\"https:\/\/phipower.org\/pt-pt\/\"},{\"@type\":\"ListItem\",\"position\":2,\"name\":\"Loja\",\"item\":\"https:\/\/phipower.org\/pt-pt\/loja\/\"},{\"@type\":\"ListItem\",\"position\":3,\"name\":\"Ovo de Tortura | Ovo de Energia Compacto | Para prote\u00e7\u00e3o pessoal e vitaliza\u00e7\u00e3o|\"}]},{\"@type\":\"WebSite\",\"@id\":\"https:\/\/phipower.org\/pt-pt\/#website\",\"url\":\"https:\/\/phipower.org\/pt-pt\/\",\"name\":\"Phipower: innovatieve gezondheidsproducten\",\"description\":\"innovatieve gezondheidsproducten\",\"publisher\":{\"@id\":\"https:\/\/phipower.org\/pt-pt\/#organization\"},\"potentialAction\":[{\"@type\":\"SearchAction\",\"target\":{\"@type\":\"EntryPoint\",\"urlTemplate\":\"https:\/\/phipower.org\/pt-pt\/?s={search_term_string}\"},\"query-input\":{\"@type\":\"PropertyValueSpecification\",\"valueRequired\":true,\"valueName\":\"search_term_string\"}}],\"inLanguage\":\"pt-PT\"},{\"@type\":\"Organization\",\"@id\":\"https:\/\/phipower.org\/pt-pt\/#organization\",\"name\":\"Phipower\",\"url\":\"https:\/\/phipower.org\/pt-pt\/\",\"logo\":{\"@type\":\"ImageObject\",\"inLanguage\":\"pt-PT\",\"@id\":\"https:\/\/phipower.org\/pt-pt\/#\/schema\/logo\/image\/\",\"url\":\"https:\/\/phipower.org\/wp-content\/uploads\/2019\/06\/z-logo-RGB-wit-power.png\",\"contentUrl\":\"https:\/\/phipower.org\/wp-content\/uploads\/2019\/06\/z-logo-RGB-wit-power.png\",\"width\":3273,\"height\":1389,\"caption\":\"Phipower\"},\"image\":{\"@id\":\"https:\/\/phipower.org\/pt-pt\/#\/schema\/logo\/image\/\"},\"sameAs\":[\"https:\/\/www.facebook.com\/phipowertools\/\",\"https:\/\/x.com\/phipower1\",\"https:\/\/www.tiktok.com\/@phipowerhealth\"]}]}<\/script>\n<meta property=\"product:price:amount\" content=\"48.00\" \/>\n<meta property=\"product:price:currency\" content=\"EUR\" \/>\n<meta property=\"og:availability\" content=\"out of stock\" \/>\n<meta property=\"product:availability\" content=\"out of stock\" \/>\n<meta property=\"product:retailer_item_id\" content=\"7806140071657\" \/>\n<meta property=\"product:condition\" content=\"new\" \/>\n<!-- \/ Yoast SEO Premium plugin. -->","yoast_head_json":{"title":"Ovo de tartaruga da Terra Azul - Prote\u00e7\u00e3o pessoal e fortalecimento energ\u00e9tico","description":"Descobre o ovo Tort Blue Earth: amplifica\u00e7\u00e3o port\u00e1til de energia e prote\u00e7\u00e3o contra est\u00edmulos e energias externas. Ideal para adultos e crian\u00e7as!","robots":{"index":"index","follow":"follow","max-snippet":"max-snippet:-1","max-image-preview":"max-image-preview:large","max-video-preview":"max-video-preview:-1"},"canonical":"https:\/\/phipower.org\/pt-pt\/produto\/lumisa-ovo-de-energia-da-terra-azul-para-vitalizacao-e-harmonizacao-kopie\/","og_locale":"pt_PT","og_type":"article","og_title":"Ovo de Tortura | Ovo de Energia Compacto | Para prote\u00e7\u00e3o pessoal e vitaliza\u00e7\u00e3o|","og_description":"Descobre o ovo Tort Blue Earth: amplifica\u00e7\u00e3o port\u00e1til de energia e prote\u00e7\u00e3o contra est\u00edmulos e energias externas. Ideal para adultos e crian\u00e7as!","og_url":"https:\/\/phipower.org\/pt-pt\/produto\/lumisa-ovo-de-energia-da-terra-azul-para-vitalizacao-e-harmonizacao-kopie\/","og_site_name":"Phipower","article_publisher":"https:\/\/www.facebook.com\/phipowertools\/","article_modified_time":"2025-06-16T21:08:58+00:00","og_image":[{"width":750,"height":750,"url":"https:\/\/phipower.org\/wp-content\/uploads\/2018\/09\/photo-1-36-1.jpg","type":"image\/jpeg"}],"twitter_card":"summary_large_image","twitter_site":"@phipower1","twitter_misc":{"pre\u00e7o":"&euro;48,00","Disponibilidade":"Esgotado"},"schema":{"@context":"https:\/\/schema.org","@graph":[{"@type":"WebPage","@id":"https:\/\/phipower.org\/pt-pt\/produto\/lumisa-ovo-de-energia-da-terra-azul-para-vitalizacao-e-harmonizacao-kopie\/","url":"https:\/\/phipower.org\/pt-pt\/produto\/lumisa-ovo-de-energia-da-terra-azul-para-vitalizacao-e-harmonizacao-kopie\/","name":"Ovo de tartaruga da Terra Azul - Prote\u00e7\u00e3o pessoal e fortalecimento energ\u00e9tico","isPartOf":{"@id":"https:\/\/phipower.org\/pt-pt\/#website"},"primaryImageOfPage":{"@id":"https:\/\/phipower.org\/pt-pt\/produto\/lumisa-ovo-de-energia-da-terra-azul-para-vitalizacao-e-harmonizacao-kopie\/#primaryimage"},"image":{"@id":"https:\/\/phipower.org\/pt-pt\/produto\/lumisa-ovo-de-energia-da-terra-azul-para-vitalizacao-e-harmonizacao-kopie\/#primaryimage"},"thumbnailUrl":"https:\/\/phipower.org\/wp-content\/uploads\/2025\/03\/Tortelei-energie-ei-blue-earth-phipower.jpg","datePublished":"2025-03-09T09:42:02+00:00","dateModified":"2025-06-16T21:08:58+00:00","description":"Descobre o ovo Tort Blue Earth: amplifica\u00e7\u00e3o port\u00e1til de energia e prote\u00e7\u00e3o contra est\u00edmulos e energias externas. Ideal para adultos e crian\u00e7as!","breadcrumb":{"@id":"https:\/\/phipower.org\/pt-pt\/produto\/lumisa-ovo-de-energia-da-terra-azul-para-vitalizacao-e-harmonizacao-kopie\/#breadcrumb"},"inLanguage":"pt-PT","potentialAction":[{"@type":"ReadAction","target":["https:\/\/phipower.org\/pt-pt\/produto\/lumisa-ovo-de-energia-da-terra-azul-para-vitalizacao-e-harmonizacao-kopie\/"]}]},{"@type":"ImageObject","inLanguage":"pt-PT","@id":"https:\/\/phipower.org\/pt-pt\/produto\/lumisa-ovo-de-energia-da-terra-azul-para-vitalizacao-e-harmonizacao-kopie\/#primaryimage","url":"https:\/\/phipower.org\/wp-content\/uploads\/2025\/03\/Tortelei-energie-ei-blue-earth-phipower.jpg","contentUrl":"https:\/\/phipower.org\/wp-content\/uploads\/2025\/03\/Tortelei-energie-ei-blue-earth-phipower.jpg","width":600,"height":400},{"@type":"BreadcrumbList","@id":"https:\/\/phipower.org\/pt-pt\/produto\/lumisa-ovo-de-energia-da-terra-azul-para-vitalizacao-e-harmonizacao-kopie\/#breadcrumb","itemListElement":[{"@type":"ListItem","position":1,"name":"Home","item":"https:\/\/phipower.org\/pt-pt\/"},{"@type":"ListItem","position":2,"name":"Loja","item":"https:\/\/phipower.org\/pt-pt\/loja\/"},{"@type":"ListItem","position":3,"name":"Ovo de Tortura | Ovo de Energia Compacto | Para prote\u00e7\u00e3o pessoal e vitaliza\u00e7\u00e3o|"}]},{"@type":"WebSite","@id":"https:\/\/phipower.org\/pt-pt\/#website","url":"https:\/\/phipower.org\/pt-pt\/","name":"Phipower: innovatieve gezondheidsproducten","description":"innovatieve gezondheidsproducten","publisher":{"@id":"https:\/\/phipower.org\/pt-pt\/#organization"},"potentialAction":[{"@type":"SearchAction","target":{"@type":"EntryPoint","urlTemplate":"https:\/\/phipower.org\/pt-pt\/?s={search_term_string}"},"query-input":{"@type":"PropertyValueSpecification","valueRequired":true,"valueName":"search_term_string"}}],"inLanguage":"pt-PT"},{"@type":"Organization","@id":"https:\/\/phipower.org\/pt-pt\/#organization","name":"Phipower","url":"https:\/\/phipower.org\/pt-pt\/","logo":{"@type":"ImageObject","inLanguage":"pt-PT","@id":"https:\/\/phipower.org\/pt-pt\/#\/schema\/logo\/image\/","url":"https:\/\/phipower.org\/wp-content\/uploads\/2019\/06\/z-logo-RGB-wit-power.png","contentUrl":"https:\/\/phipower.org\/wp-content\/uploads\/2019\/06\/z-logo-RGB-wit-power.png","width":3273,"height":1389,"caption":"Phipower"},"image":{"@id":"https:\/\/phipower.org\/pt-pt\/#\/schema\/logo\/image\/"},"sameAs":["https:\/\/www.facebook.com\/phipowertools\/","https:\/\/x.com\/phipower1","https:\/\/www.tiktok.com\/@phipowerhealth"]}]},"product_price_amount":"48.00","product_price_currency":"EUR","og_availability":"out of stock","product_availability":"out of stock","product_retailer_item_id":"7806140071657","product_condition":"new"},"_links":{"self":[{"href":"https:\/\/phipower.org\/pt-pt\/wp-json\/wp\/v2\/product\/6600","targetHints":{"allow":["GET"]}}],"collection":[{"href":"https:\/\/phipower.org\/pt-pt\/wp-json\/wp\/v2\/product"}],"about":[{"href":"https:\/\/phipower.org\/pt-pt\/wp-json\/wp\/v2\/types\/product"}],"replies":[{"embeddable":true,"href":"https:\/\/phipower.org\/pt-pt\/wp-json\/wp\/v2\/comments?post=6600"}],"wp:featuredmedia":[{"embeddable":true,"href":"https:\/\/phipower.org\/pt-pt\/wp-json\/wp\/v2\/media\/6613"}],"wp:attachment":[{"href":"https:\/\/phipower.org\/pt-pt\/wp-json\/wp\/v2\/media?parent=6600"}],"wp:term":[{"taxonomy":"product_brand","embeddable":true,"href":"https:\/\/phipower.org\/pt-pt\/wp-json\/wp\/v2\/product_brand?post=6600"},{"taxonomy":"product_cat","embeddable":true,"href":"https:\/\/phipower.org\/pt-pt\/wp-json\/wp\/v2\/product_cat?post=6600"},{"taxonomy":"product_tag","embeddable":true,"href":"https:\/\/phipower.org\/pt-pt\/wp-json\/wp\/v2\/product_tag?post=6600"}],"curies":[{"name":"wp","href":"https:\/\/api.w.org\/{rel}","templated":true}]}}