{"id":4168,"date":"2021-09-29T07:46:34","date_gmt":"2021-09-29T07:46:34","guid":{"rendered":"https:\/\/phipower.org\/product\/inalador-de-gas-hidrogenio-h2-300-ml-min-phipower\/"},"modified":"2026-04-13T15:29:04","modified_gmt":"2026-04-13T15:29:04","slug":"inalador-de-gas-hidrogenio-h2-300-ml-min-phipower","status":"publish","type":"product","link":"https:\/\/phipower.org\/pt-pt\/produto\/inalador-de-gas-hidrogenio-h2-300-ml-min-phipower\/","title":{"rendered":"Inalador de g\u00e1s hidrog\u00e9nio H2 300 ml\/min | Phipower"},"content":{"rendered":"<div class=\"video video-fit mb\" style=\"padding-top:56.25%;\"><p><iframe loading=\"lazy\" title=\"H2 Hydrogen Gas Inhaler review 300 ml per min  Phipower\" width=\"1020\" height=\"574\" src=\"https:\/\/www.youtube.com\/embed\/TBq-Kmmg6ws?feature=oembed\" frameborder=\"0\" allow=\"accelerometer; autoplay; clipboard-write; encrypted-media; gyroscope; picture-in-picture; web-share\" referrerpolicy=\"strict-origin-when-cross-origin\" allowfullscreen><\/iframe><\/p>\n<\/div>\n<h1>Inalador de G\u00e1s Hidrog\u00e9nio H2 | Phipower<\/h1>\n<p><strong>Gera hidrog\u00e9nio gasoso puro (H2) at\u00e9 300 ml por minuto<\/strong><br \/>\n<strong>\u2714 gera oxig\u00e9nio puro (O2) at\u00e9 150 ml por minuto<\/strong><br \/>\n<strong>Apoia o sistema imunit\u00e1rio<\/strong><br \/>\n<strong>Funciona continuamente at\u00e9 8 horas<\/strong><br \/>\n<strong>3 canais de sa\u00edda: 2 x sa\u00edda H2 (g\u00e1s hidrog\u00e9nio) e 1 x sa\u00edda O2 (oxig\u00e9nio)<\/strong><br \/>\n<strong>Regula\u00e7\u00e3o vari\u00e1vel por canal: 50 ml\/min, 100 ml\/min, 150 ml\/min<\/strong><br \/>\n<strong>Alta pureza: gera 99,996% de g\u00e1s H2 (hidrog\u00e9nio)<\/strong><br \/>\n<strong>Medi\u00e7\u00e3o da qualidade da \u00e1gua TDS incorporada<\/strong><br \/>\n<strong>Prote\u00e7\u00e3o m\u00faltipla contra sobrecarga, calor, press\u00e3o, etc.<\/strong><br \/>\n<strong>Filtro de \u00e1gua integrado<\/strong><br \/>\n<strong>Opera\u00e7\u00e3o f\u00e1cil atrav\u00e9s de teclas t\u00e1cteis<\/strong><\/p>\n<p><strong>Descri\u00e7\u00e3o:<\/strong><br \/>\nO Hidrog\u00e9nio Molecular \u00e9 o antioxidante mais poderoso do mundo.<\/p>\n<p>O g\u00e1s hidrog\u00e9nio \u00e9 facilmente absorvido pelo organismo, estimula o metabolismo e aumenta a microcircula\u00e7\u00e3o do corpo.<\/p>\n<p>O inalador de g\u00e1s hidrog\u00e9nio Phipower H2 possui 2 sa\u00eddas\/canais de g\u00e1s hidrog\u00e9nio, cada um fornecendo at\u00e9 150 ml de H2 puro (g\u00e1s hidrog\u00e9nio) por minuto.<\/p>\n<p>Isto permite que 2 pessoas utilizem o inalador de g\u00e1s hidrog\u00e9nio ao mesmo tempo.<\/p>\n<p>Atrav\u00e9s da pe\u00e7a em Y e das mangueiras de acoplamento fornecidas, tamb\u00e9m \u00e9 poss\u00edvel juntar as duas sa\u00eddas de g\u00e1s hidrog\u00e9nio num \u00fanico canal. Isto permite que a sa\u00edda de g\u00e1s hidrog\u00e9nio para uma pessoa individual seja aumentada para 300 ml por minuto.<\/p>\n<p>Al\u00e9m disso, existe uma sa\u00edda\/canal separado para oxig\u00e9nio puro at\u00e9 150 ml por minuto.<\/p>\n<p>Atrav\u00e9s dos <a href=\"https:\/\/phipower.org\/h2-waterstofgas-bril-voor-300-ml-min-h2-inhalator-phipower\/\">\u00f3culos de g\u00e1s hidrog\u00e9nio<\/a>, que podem ser adquiridos separadamente, o gerador de H2 pode tamb\u00e9m melhorar o funcionamento saud\u00e1vel dos olhos e dos ouvidos e evitar poss\u00edveis danos causados pelo stress oxidativo.<\/p>\n<p>Tamb\u00e9m \u00e9 poss\u00edvel gerar at\u00e9 300 ml de g\u00e1s hidrog\u00e9nio por minuto na \u00e1gua atrav\u00e9s do <a href=\"https:\/\/phipower.org\/h2-waterstofgas-bruis-stick-voor-300-ml-min-h2-inhalator-phipower\/\">bast\u00e3o efervescente<\/a> adquirido separadamente.<\/p>\n<p>Isto permite a produ\u00e7\u00e3o r\u00e1pida de \u00e1gua pot\u00e1vel rica em hidrog\u00e9nio.<\/p>\n<p>\u00c9 aconselh\u00e1vel inalar tanto o g\u00e1s hidrog\u00e9nio como o g\u00e1s oxig\u00e9nio. Por isso, n\u00e3o inalar os dois gases (H2 e O2) ao mesmo tempo.<\/p>\n<p>A sa\u00edda de cada canal (H2 e O2) \u00e9 regul\u00e1vel em incrementos de 50 ml\/min, 100 ml\/min a 150 ml\/min.<\/p>\n<p>O tempo de funcionamento \u00e9 ajust\u00e1vel atrav\u00e9s de teclas t\u00e1cteis em 30, 60, 90 minutos e 2, 3,4, 5, 6, 7 e 8 horas.<\/p>\n<p>O gerador de g\u00e1s hidrog\u00e9nio tem um modo noturno, que diminui a ilumina\u00e7\u00e3o da unidade.<\/p>\n<p>A unidade possui uma fun\u00e7\u00e3o de qualidade da \u00e1gua TDS incorporada para monitoriza\u00e7\u00e3o cont\u00ednua da qualidade da \u00e1gua.<\/p>\n<p>A m\u00e1quina deixa de funcionar quando a qualidade da \u00e1gua \u00e9 demasiado baixa.<\/p>\n<p>Utilizar apenas \u00e1gua destilada pura para o inalador de g\u00e1s hidrog\u00e9nio.<\/p>\n<p>Al\u00e9m disso, o gerador de g\u00e1s hidrog\u00e9nio possui prote\u00e7\u00e3o contra \u00e1gua baixa\/alta, prote\u00e7\u00e3o contra sobrepress\u00e3o, prote\u00e7\u00e3o contra desequil\u00edbrio e prote\u00e7\u00e3o contra sobreaquecimento.<\/p>\n<p>O gerador de H2 baseia-se numa tecnologia de c\u00e2mara dupla PEM sob a forma de uma membrana de permuta i\u00f3nica da DuPont com revestimento SPE de platina.<\/p>\n<p><strong>A embalagem \u00e9 composta por:<\/strong><br \/>\n1 x inalador de g\u00e1s hidrog\u00e9nio H2<br \/>\n2 x c\u00e2nula nasal de g\u00e1s H2 com coletor de \u00e1gua<br \/>\n1 x garrafa de desidrata\u00e7\u00e3o de O2<br \/>\n1 x suporte para a garrafa de desidrata\u00e7\u00e3o de O2<br \/>\n1x conetor de g\u00e1s O2 para Frasco de desumidifica\u00e7\u00e3o de O2<br \/>\n1 x c\u00e2nula nasal de g\u00e1s O2<br \/>\n1 x filtro de \u00e1gua (sobresselente)<br \/>\n1 x mangueira de desidrata\u00e7\u00e3o<br \/>\n1 x ficha de desidrata\u00e7\u00e3o<br \/>\n1 x cabo de alimenta\u00e7\u00e3o<br \/>\n1 x fus\u00edvel<br \/>\n1 x manual do utilizador<\/p>\n<p><strong>Breves instru\u00e7\u00f5es para a primeira utiliza\u00e7\u00e3o:<\/strong><\/p>\n<ol>\n<li>Encher o inalador de hidrog\u00e9nio gasoso com \u00e1gua destilada (aprox. 900 ml)<\/li>\n<li>Fechar hermeticamente o reservat\u00f3rio de \u00e1gua. N.B.: n\u00e3o retirar a tampa herm\u00e9tica cor de laranja.<\/li>\n<li>Ligar o cabo de alimenta\u00e7\u00e3o<\/li>\n<li>Ligar a c\u00e2nula nasal de g\u00e1s H2 com coletor de \u00e1gua a uma das duas sa\u00eddas de H2<\/li>\n<li>Colocar o interrutor geral na posi\u00e7\u00e3o 1 na parte de tr\u00e1s do aparelho<\/li>\n<li>Prima o bot\u00e3o de in\u00edcio\/pausa na parte superior do inalador de g\u00e1s de hidrog\u00e9nio<\/li>\n<li>O gerador de g\u00e1s hidrog\u00e9nio funciona agora durante 30 minutos<\/li>\n<li>\u00c9 poss\u00edvel definir um tempo de funcionamento mais longo atrav\u00e9s do bot\u00e3o do temporizador<\/li>\n<li>Para uma utiliza\u00e7\u00e3o inicial, n\u00e3o \u00e9 recomendado mais de 30 minutos por dia. Construa isto lentamente.<\/li>\n<li>A rela\u00e7\u00e3o de fluxo (50 ml\/min, 100 ml\/min e 150 ml\/min) pode ser definida atrav\u00e9s do bot\u00e3o de fluxo<\/li>\n<li>O modo dia\/noite pode ser definido atrav\u00e9s do bot\u00e3o de modo. No modo noturno, a luz \u00e9 reduzida.<\/li>\n<li>Para uma dosagem mais elevada: ligar a pe\u00e7a em Y atrav\u00e9s das mangueiras de acoplamento \u00e0s 2 sa\u00eddas de g\u00e1s hidrog\u00e9nio para uma sa\u00edda de 300 ml de g\u00e1s hidrog\u00e9nio por minuto<\/li>\n<\/ol>\n<p><strong>Especifica\u00e7\u00f5es:<\/strong><\/p>\n<ul>\n<li>Tecnologia de eletr\u00f3lise de c\u00e2mara dupla PEM<\/li>\n<li>El\u00e9ctrodos de tit\u00e2nio<\/li>\n<li>Membrana de permuta i\u00f3nica da DuPont com revestimento SPE de platina<\/li>\n<li>Capacidade do dep\u00f3sito de \u00e1gua: 1300 ml<\/li>\n<li>Tamanho do produto: 21 x 28 x 42 cm<\/li>\n<li>Peso l\u00edquido: 9,2 kg<\/li>\n<li>Peso bruto: 10 kg<\/li>\n<\/ul>\n<p><strong>Detalhes<\/strong><\/p>\n<ol>\n<li>Pode ser encomendada uma m\u00e1scara adicional que tamb\u00e9m permite o tratamento dos olhos e dos ouvidos com g\u00e1s hidrog\u00e9nio<\/li>\n<li>Pode ser encomendado um bloco efervescente adicional, permitindo que a \u00e1gua (da torneira) seja rapidamente transformada em \u00e1gua com g\u00e1s hidrog\u00e9nio<\/li>\n<\/ol>\n<p><strong>Resumo:<\/strong><\/p>\n<ul>\n<li>produz at\u00e9 300 ml por minuto de hidrog\u00e9nio puro (H2)<\/li>\n<li>gera at\u00e9 150 ml por minuto de oxig\u00e9nio puro (O2)<\/li>\n<li>tratar at\u00e9 3 pessoas em simult\u00e2neo<\/li>\n<li>pode ser utilizado diretamente com \u00e1gua destilada<\/li>\n<\/ul>\n<p><strong>Manuten\u00e7\u00e3o:<\/strong><br \/>\nSubstitui o filtro de \u00e1gua ap\u00f3s cerca de 6-12 meses de utiliza\u00e7\u00e3o<\/p>\n<p><strong>Garantia:<\/strong><br \/>\n1 ano de garantia<\/p>\n<p><strong>Manual:<\/strong><\/p>\n<p>Descarregar <strong><a href=\"https:\/\/drive.google.com\/file\/d\/1SrhM46BOpZAWFCvnT3g3A_dRkqHLPqLf\/view?usp=sharing\">aqui<\/a> <\/strong>o manual.<\/p>\n<p>Para mais informa\u00e7\u00f5es sobre o potencial do hidrog\u00e9nio molecular, consulte <a href=\"https:\/\/www.ncbi.nlm.nih.gov\/pmc\/articles\/PMC3257754\/\">esta hiperliga\u00e7\u00e3o<\/a>.<\/p>\n","protected":false},"excerpt":{"rendered":"<p><strong>300 ml por minuto de hidrog\u00e9nio puro (H2)<\/strong><br \/>\n<strong>150 ml por minuto de oxig\u00e9nio puro (O2)<\/strong><br \/>\n<strong>O hidrog\u00e9nio \u00e9 um poderoso antioxidante<\/strong><br \/>\n<strong>O hidrog\u00e9nio d\u00e1 mais energia<\/strong><br \/>\n<strong>\u2714 <\/strong><strong>refor\u00e7a o sistema imunit\u00e1rio das c\u00e9lulas do corpo<\/strong><br \/>\n<strong>Nutre e protege a pele<\/strong><br \/>\n<strong>Aumenta o metabolismo<\/strong><br \/>\n<strong>Utilizar diretamente com \u00e1gua destilada<\/strong><\/p>\n","protected":false},"featured_media":4169,"comment_status":"open","ping_status":"closed","template":"","meta":[],"product_brand":[],"product_cat":[994,993,995],"product_tag":[],"class_list":{"0":"post-4168","1":"product","2":"type-product","3":"status-publish","4":"has-post-thumbnail","6":"product_cat-inalador-de-hidrogenio-gasoso","7":"product_cat-produtos","8":"product_cat-tratamento-da-agua","10":"first","11":"onbackorder","12":"sale","13":"taxable","14":"shipping-taxable","15":"purchasable","16":"product-type-simple"},"yoast_head":"<!-- This site is optimized with the Yoast SEO Premium plugin v23.6 (Yoast SEO v27.2) - https:\/\/yoast.com\/product\/yoast-seo-premium-wordpress\/ -->\n<title>Inalador de g\u00e1s hidrog\u00e9nio | Melhore o seu bem-estar | Phipower<\/title>\n<meta name=\"description\" content=\"Experimente os benef\u00edcios do inalador avan\u00e7ado de g\u00e1s hidrog\u00e9nio da Phipower. Melhorar a sua sa\u00fade e bem-estar. Diga adeus ao stress oxidativo e ol\u00e1 a uma vida cheia de vitalidade.\" \/>\n<meta name=\"robots\" content=\"index, follow, max-snippet:-1, max-image-preview:large, max-video-preview:-1\" \/>\n<link rel=\"canonical\" href=\"https:\/\/phipower.org\/pt-pt\/produto\/inalador-de-gas-hidrogenio-h2-300-ml-min-phipower\/\" \/>\n<meta property=\"og:locale\" content=\"pt_PT\" \/>\n<meta property=\"og:type\" content=\"article\" \/>\n<meta property=\"og:title\" content=\"Inalador de g\u00e1s hidrog\u00e9nio H2 300 ml\/min | Phipower\" \/>\n<meta property=\"og:description\" content=\"Experimente os benef\u00edcios do inalador avan\u00e7ado de g\u00e1s hidrog\u00e9nio da Phipower. Melhorar a sua sa\u00fade e bem-estar. Diga adeus ao stress oxidativo e ol\u00e1 a uma vida cheia de vitalidade.\" \/>\n<meta property=\"og:url\" content=\"https:\/\/phipower.org\/pt-pt\/produto\/inalador-de-gas-hidrogenio-h2-300-ml-min-phipower\/\" \/>\n<meta property=\"og:site_name\" content=\"Phipower\" \/>\n<meta property=\"article:publisher\" content=\"https:\/\/www.facebook.com\/phipowertools\/\" \/>\n<meta property=\"article:modified_time\" content=\"2026-04-13T15:29:04+00:00\" \/>\n<meta property=\"og:image\" content=\"https:\/\/phipower.org\/wp-content\/uploads\/2021\/09\/waterstofgas-inhaler-inhalator-H2-O2-300ml-H2-generator-medisch-apparaat-phipower-zijkant-1.jpg\" \/>\n\t<meta property=\"og:image:width\" content=\"1200\" \/>\n\t<meta property=\"og:image:height\" content=\"1200\" \/>\n\t<meta property=\"og:image:type\" content=\"image\/jpeg\" \/>\n<meta name=\"twitter:card\" content=\"summary_large_image\" \/>\n<meta name=\"twitter:site\" content=\"@phipower1\" \/>\n<meta name=\"twitter:label1\" content=\"pre\u00e7o\" \/>\n\t<meta name=\"twitter:data1\" content=\"&euro;999,00\" \/>\n\t<meta name=\"twitter:label2\" content=\"Disponibilidade\" \/>\n\t<meta name=\"twitter:data2\" content=\"Por encomenda\" \/>\n<script type=\"application\/ld+json\" class=\"yoast-schema-graph\">{\"@context\":\"https:\/\/schema.org\",\"@graph\":[{\"@type\":\"WebPage\",\"@id\":\"https:\/\/phipower.org\/pt-pt\/produto\/inalador-de-gas-hidrogenio-h2-300-ml-min-phipower\/\",\"url\":\"https:\/\/phipower.org\/pt-pt\/produto\/inalador-de-gas-hidrogenio-h2-300-ml-min-phipower\/\",\"name\":\"Inalador de g\u00e1s hidrog\u00e9nio | Melhore o seu bem-estar | Phipower\",\"isPartOf\":{\"@id\":\"https:\/\/phipower.org\/pt-pt\/#website\"},\"primaryImageOfPage\":{\"@id\":\"https:\/\/phipower.org\/pt-pt\/produto\/inalador-de-gas-hidrogenio-h2-300-ml-min-phipower\/#primaryimage\"},\"image\":{\"@id\":\"https:\/\/phipower.org\/pt-pt\/produto\/inalador-de-gas-hidrogenio-h2-300-ml-min-phipower\/#primaryimage\"},\"thumbnailUrl\":\"https:\/\/phipower.org\/wp-content\/uploads\/2021\/09\/waterstofgas-inhaler-inhalator-H2-O2-300ml-H2-generator-medisch-apparaat-phipower-zijkant-1.jpg\",\"datePublished\":\"2021-09-29T07:46:34+00:00\",\"dateModified\":\"2026-04-13T15:29:04+00:00\",\"description\":\"Experimente os benef\u00edcios do inalador avan\u00e7ado de g\u00e1s hidrog\u00e9nio da Phipower. Melhorar a sua sa\u00fade e bem-estar. Diga adeus ao stress oxidativo e ol\u00e1 a uma vida cheia de vitalidade.\",\"breadcrumb\":{\"@id\":\"https:\/\/phipower.org\/pt-pt\/produto\/inalador-de-gas-hidrogenio-h2-300-ml-min-phipower\/#breadcrumb\"},\"inLanguage\":\"pt-PT\",\"potentialAction\":[{\"@type\":\"ReadAction\",\"target\":[\"https:\/\/phipower.org\/pt-pt\/produto\/inalador-de-gas-hidrogenio-h2-300-ml-min-phipower\/\"]}]},{\"@type\":\"ImageObject\",\"inLanguage\":\"pt-PT\",\"@id\":\"https:\/\/phipower.org\/pt-pt\/produto\/inalador-de-gas-hidrogenio-h2-300-ml-min-phipower\/#primaryimage\",\"url\":\"https:\/\/phipower.org\/wp-content\/uploads\/2021\/09\/waterstofgas-inhaler-inhalator-H2-O2-300ml-H2-generator-medisch-apparaat-phipower-zijkant-1.jpg\",\"contentUrl\":\"https:\/\/phipower.org\/wp-content\/uploads\/2021\/09\/waterstofgas-inhaler-inhalator-H2-O2-300ml-H2-generator-medisch-apparaat-phipower-zijkant-1.jpg\",\"width\":1200,\"height\":1200},{\"@type\":\"BreadcrumbList\",\"@id\":\"https:\/\/phipower.org\/pt-pt\/produto\/inalador-de-gas-hidrogenio-h2-300-ml-min-phipower\/#breadcrumb\",\"itemListElement\":[{\"@type\":\"ListItem\",\"position\":1,\"name\":\"Home\",\"item\":\"https:\/\/phipower.org\/pt-pt\/\"},{\"@type\":\"ListItem\",\"position\":2,\"name\":\"Shop\",\"item\":\"https:\/\/phipower.org\/shop\/\"},{\"@type\":\"ListItem\",\"position\":3,\"name\":\"Inalador de g\u00e1s hidrog\u00e9nio H2 300 ml\/min | Phipower\"}]},{\"@type\":\"WebSite\",\"@id\":\"https:\/\/phipower.org\/pt-pt\/#website\",\"url\":\"https:\/\/phipower.org\/pt-pt\/\",\"name\":\"Phipower: innovatieve gezondheidsproducten\",\"description\":\"innovatieve gezondheidsproducten\",\"publisher\":{\"@id\":\"https:\/\/phipower.org\/pt-pt\/#organization\"},\"potentialAction\":[{\"@type\":\"SearchAction\",\"target\":{\"@type\":\"EntryPoint\",\"urlTemplate\":\"https:\/\/phipower.org\/pt-pt\/?s={search_term_string}\"},\"query-input\":{\"@type\":\"PropertyValueSpecification\",\"valueRequired\":true,\"valueName\":\"search_term_string\"}}],\"inLanguage\":\"pt-PT\"},{\"@type\":\"Organization\",\"@id\":\"https:\/\/phipower.org\/pt-pt\/#organization\",\"name\":\"Phipower\",\"url\":\"https:\/\/phipower.org\/pt-pt\/\",\"logo\":{\"@type\":\"ImageObject\",\"inLanguage\":\"pt-PT\",\"@id\":\"https:\/\/phipower.org\/pt-pt\/#\/schema\/logo\/image\/\",\"url\":\"https:\/\/phipower.org\/wp-content\/uploads\/2019\/06\/z-logo-RGB-wit-power.png\",\"contentUrl\":\"https:\/\/phipower.org\/wp-content\/uploads\/2019\/06\/z-logo-RGB-wit-power.png\",\"width\":3273,\"height\":1389,\"caption\":\"Phipower\"},\"image\":{\"@id\":\"https:\/\/phipower.org\/pt-pt\/#\/schema\/logo\/image\/\"},\"sameAs\":[\"https:\/\/www.facebook.com\/phipowertools\/\",\"https:\/\/x.com\/phipower1\",\"https:\/\/www.tiktok.com\/@phipowerhealth\"]}]}<\/script>\n<meta property=\"product:price:amount\" content=\"999.00\" \/>\n<meta property=\"product:price:currency\" content=\"EUR\" \/>\n<meta property=\"og:availability\" content=\"backorder\" \/>\n<meta property=\"product:availability\" content=\"available for order\" \/>\n<meta property=\"product:retailer_item_id\" content=\"PHIWG450ML\" \/>\n<meta property=\"product:condition\" content=\"new\" \/>\n<!-- \/ Yoast SEO Premium plugin. -->","yoast_head_json":{"title":"Inalador de g\u00e1s hidrog\u00e9nio | Melhore o seu bem-estar | Phipower","description":"Experimente os benef\u00edcios do inalador avan\u00e7ado de g\u00e1s hidrog\u00e9nio da Phipower. Melhorar a sua sa\u00fade e bem-estar. Diga adeus ao stress oxidativo e ol\u00e1 a uma vida cheia de vitalidade.","robots":{"index":"index","follow":"follow","max-snippet":"max-snippet:-1","max-image-preview":"max-image-preview:large","max-video-preview":"max-video-preview:-1"},"canonical":"https:\/\/phipower.org\/pt-pt\/produto\/inalador-de-gas-hidrogenio-h2-300-ml-min-phipower\/","og_locale":"pt_PT","og_type":"article","og_title":"Inalador de g\u00e1s hidrog\u00e9nio H2 300 ml\/min | Phipower","og_description":"Experimente os benef\u00edcios do inalador avan\u00e7ado de g\u00e1s hidrog\u00e9nio da Phipower. Melhorar a sua sa\u00fade e bem-estar. Diga adeus ao stress oxidativo e ol\u00e1 a uma vida cheia de vitalidade.","og_url":"https:\/\/phipower.org\/pt-pt\/produto\/inalador-de-gas-hidrogenio-h2-300-ml-min-phipower\/","og_site_name":"Phipower","article_publisher":"https:\/\/www.facebook.com\/phipowertools\/","article_modified_time":"2026-04-13T15:29:04+00:00","og_image":[{"width":1200,"height":1200,"url":"https:\/\/phipower.org\/wp-content\/uploads\/2021\/09\/waterstofgas-inhaler-inhalator-H2-O2-300ml-H2-generator-medisch-apparaat-phipower-zijkant-1.jpg","type":"image\/jpeg"}],"twitter_card":"summary_large_image","twitter_site":"@phipower1","twitter_misc":{"pre\u00e7o":"&euro;999,00","Disponibilidade":"Por encomenda"},"schema":{"@context":"https:\/\/schema.org","@graph":[{"@type":"WebPage","@id":"https:\/\/phipower.org\/pt-pt\/produto\/inalador-de-gas-hidrogenio-h2-300-ml-min-phipower\/","url":"https:\/\/phipower.org\/pt-pt\/produto\/inalador-de-gas-hidrogenio-h2-300-ml-min-phipower\/","name":"Inalador de g\u00e1s hidrog\u00e9nio | Melhore o seu bem-estar | Phipower","isPartOf":{"@id":"https:\/\/phipower.org\/pt-pt\/#website"},"primaryImageOfPage":{"@id":"https:\/\/phipower.org\/pt-pt\/produto\/inalador-de-gas-hidrogenio-h2-300-ml-min-phipower\/#primaryimage"},"image":{"@id":"https:\/\/phipower.org\/pt-pt\/produto\/inalador-de-gas-hidrogenio-h2-300-ml-min-phipower\/#primaryimage"},"thumbnailUrl":"https:\/\/phipower.org\/wp-content\/uploads\/2021\/09\/waterstofgas-inhaler-inhalator-H2-O2-300ml-H2-generator-medisch-apparaat-phipower-zijkant-1.jpg","datePublished":"2021-09-29T07:46:34+00:00","dateModified":"2026-04-13T15:29:04+00:00","description":"Experimente os benef\u00edcios do inalador avan\u00e7ado de g\u00e1s hidrog\u00e9nio da Phipower. Melhorar a sua sa\u00fade e bem-estar. Diga adeus ao stress oxidativo e ol\u00e1 a uma vida cheia de vitalidade.","breadcrumb":{"@id":"https:\/\/phipower.org\/pt-pt\/produto\/inalador-de-gas-hidrogenio-h2-300-ml-min-phipower\/#breadcrumb"},"inLanguage":"pt-PT","potentialAction":[{"@type":"ReadAction","target":["https:\/\/phipower.org\/pt-pt\/produto\/inalador-de-gas-hidrogenio-h2-300-ml-min-phipower\/"]}]},{"@type":"ImageObject","inLanguage":"pt-PT","@id":"https:\/\/phipower.org\/pt-pt\/produto\/inalador-de-gas-hidrogenio-h2-300-ml-min-phipower\/#primaryimage","url":"https:\/\/phipower.org\/wp-content\/uploads\/2021\/09\/waterstofgas-inhaler-inhalator-H2-O2-300ml-H2-generator-medisch-apparaat-phipower-zijkant-1.jpg","contentUrl":"https:\/\/phipower.org\/wp-content\/uploads\/2021\/09\/waterstofgas-inhaler-inhalator-H2-O2-300ml-H2-generator-medisch-apparaat-phipower-zijkant-1.jpg","width":1200,"height":1200},{"@type":"BreadcrumbList","@id":"https:\/\/phipower.org\/pt-pt\/produto\/inalador-de-gas-hidrogenio-h2-300-ml-min-phipower\/#breadcrumb","itemListElement":[{"@type":"ListItem","position":1,"name":"Home","item":"https:\/\/phipower.org\/pt-pt\/"},{"@type":"ListItem","position":2,"name":"Shop","item":"https:\/\/phipower.org\/shop\/"},{"@type":"ListItem","position":3,"name":"Inalador de g\u00e1s hidrog\u00e9nio H2 300 ml\/min | Phipower"}]},{"@type":"WebSite","@id":"https:\/\/phipower.org\/pt-pt\/#website","url":"https:\/\/phipower.org\/pt-pt\/","name":"Phipower: innovatieve gezondheidsproducten","description":"innovatieve gezondheidsproducten","publisher":{"@id":"https:\/\/phipower.org\/pt-pt\/#organization"},"potentialAction":[{"@type":"SearchAction","target":{"@type":"EntryPoint","urlTemplate":"https:\/\/phipower.org\/pt-pt\/?s={search_term_string}"},"query-input":{"@type":"PropertyValueSpecification","valueRequired":true,"valueName":"search_term_string"}}],"inLanguage":"pt-PT"},{"@type":"Organization","@id":"https:\/\/phipower.org\/pt-pt\/#organization","name":"Phipower","url":"https:\/\/phipower.org\/pt-pt\/","logo":{"@type":"ImageObject","inLanguage":"pt-PT","@id":"https:\/\/phipower.org\/pt-pt\/#\/schema\/logo\/image\/","url":"https:\/\/phipower.org\/wp-content\/uploads\/2019\/06\/z-logo-RGB-wit-power.png","contentUrl":"https:\/\/phipower.org\/wp-content\/uploads\/2019\/06\/z-logo-RGB-wit-power.png","width":3273,"height":1389,"caption":"Phipower"},"image":{"@id":"https:\/\/phipower.org\/pt-pt\/#\/schema\/logo\/image\/"},"sameAs":["https:\/\/www.facebook.com\/phipowertools\/","https:\/\/x.com\/phipower1","https:\/\/www.tiktok.com\/@phipowerhealth"]}]},"product_price_amount":"999.00","product_price_currency":"EUR","og_availability":"backorder","product_availability":"available for order","product_retailer_item_id":"PHIWG450ML","product_condition":"new"},"_links":{"self":[{"href":"https:\/\/phipower.org\/pt-pt\/wp-json\/wp\/v2\/product\/4168","targetHints":{"allow":["GET"]}}],"collection":[{"href":"https:\/\/phipower.org\/pt-pt\/wp-json\/wp\/v2\/product"}],"about":[{"href":"https:\/\/phipower.org\/pt-pt\/wp-json\/wp\/v2\/types\/product"}],"replies":[{"embeddable":true,"href":"https:\/\/phipower.org\/pt-pt\/wp-json\/wp\/v2\/comments?post=4168"}],"wp:featuredmedia":[{"embeddable":true,"href":"https:\/\/phipower.org\/pt-pt\/wp-json\/wp\/v2\/media\/4169"}],"wp:attachment":[{"href":"https:\/\/phipower.org\/pt-pt\/wp-json\/wp\/v2\/media?parent=4168"}],"wp:term":[{"taxonomy":"product_brand","embeddable":true,"href":"https:\/\/phipower.org\/pt-pt\/wp-json\/wp\/v2\/product_brand?post=4168"},{"taxonomy":"product_cat","embeddable":true,"href":"https:\/\/phipower.org\/pt-pt\/wp-json\/wp\/v2\/product_cat?post=4168"},{"taxonomy":"product_tag","embeddable":true,"href":"https:\/\/phipower.org\/pt-pt\/wp-json\/wp\/v2\/product_tag?post=4168"}],"curies":[{"name":"wp","href":"https:\/\/api.w.org\/{rel}","templated":true}]}}