{"id":4156,"date":"2022-11-06T21:46:50","date_gmt":"2022-11-06T21:46:50","guid":{"rendered":"https:\/\/phipower.org\/product\/suporte-ajustavel-para-lampada-de-terapia-de-luz-vermelha-de-1500w-vermelho-profundo-nir-phipower\/"},"modified":"2026-04-16T14:20:31","modified_gmt":"2026-04-16T14:20:31","slug":"suporte-ajustavel-para-lampada-de-terapia-de-luz-vermelha-de-corpo-inteiro-de-1500-w-potencia-profunda-vermelho-nir","status":"publish","type":"product","link":"https:\/\/phipower.org\/pt-pt\/produto\/suporte-ajustavel-para-lampada-de-terapia-de-luz-vermelha-de-corpo-inteiro-de-1500-w-potencia-profunda-vermelho-nir\/","title":{"rendered":"Suporte ajust\u00e1vel para l\u00e2mpada de terapia de luz vermelha de 1500W | Vermelho profundo\/NIR | Phipower"},"content":{"rendered":"<h1>Suporte ajust\u00e1vel para l\u00e2mpada de terapia de luz vermelha de 1500W | Phipower<\/h1>\n<p><strong>\u2714 para montagem horizontal e vertical da l\u00e2mpada de 1500W<\/strong><br \/>\n<strong>\u2714 regul\u00e1vel em altura (103 &#8211; 148 cm)<\/strong><br \/>\n<strong>\u2714 livremente rotativo<\/strong><br \/>\n<strong>\u2714 telem\u00f3vel<\/strong><br \/>\n<strong>Fixar at\u00e9 4 l\u00e2mpadas (tratamento de corpo inteiro)<\/strong><br \/>\n<strong>\u2714 para uso dom\u00e9stico ou terapeutas<\/strong><br \/>\n<strong>\u2714 carreg\u00e1vel at\u00e9 50 kg<\/strong><\/p>\n<p><strong>Nota: A l\u00e2mpada vermelha de 1500 W n\u00e3o est\u00e1 inclu\u00edda e pode ser encomendada separadamente!<\/strong><\/p>\n<p><strong>Descri\u00e7\u00e3o:<\/strong><br \/>\nTrata-se de um suporte universal para <a href=\"https:\/\/phipower.org\/1-500w-full-body-rood-licht-therapie-lamp-diep-rood-nir-phipower\/\">a l\u00e2mpada de terapia de luz vermelha de 1500W da Phipower (encomendada em separado)<\/a>.<\/p>\n<p>Podem ser fixadas no suporte 1, 2 ou 4 <a href=\"https:\/\/phipower.org\/1-500w-full-body-rood-licht-therapie-lamp-diep-rood-nir-phipower\/\">l\u00e2mpadas de terapia de luz vermelha<\/a>.<\/p>\n<p>Deste modo, as l\u00e2mpadas podem ser colocadas tanto na horizontal como na vertical e podem tamb\u00e9m ser rodadas livremente.<\/p>\n<p>Como o suporte \u00e9 m\u00f3vel, pode ser utilizado de forma flex\u00edvel em casa ou por terapeutas.<\/p>\n<p>Foi escolhido um espetro ben\u00e9fico espec\u00edfico de luz infravermelha pr\u00f3xima (NIR) (850 nm) e de luz vermelha profunda (660 nm) para a <a href=\"https:\/\/phipower.org\/1-500w-full-body-rood-licht-therapie-lamp-diep-rood-nir-phipower\/\">l\u00e2mpada de luz vermelha<\/a> da Phipower.<\/p>\n<p>A investiga\u00e7\u00e3o demonstrou que a combina\u00e7\u00e3o destas frequ\u00eancias de luz vermelha \u00e9 particularmente ben\u00e9fica para o corpo humano.<\/p>\n<p>As frequ\u00eancias combinadas t\u00eam um efeito ben\u00e9fico no equil\u00edbrio energ\u00e9tico das nossas c\u00e9lulas, resultando em in\u00fameros benef\u00edcios clinicamente comprovados para a pele, o equil\u00edbrio energ\u00e9tico e o metabolismo.<\/p>\n<p>A combina\u00e7\u00e3o de luz vermelha profunda e NIR estimula as mitoc\u00f4ndrias celulares e reduz o stress oxidativo, fazendo com que nos sintamos com mais energia, mais fortes e recuperemos mais rapidamente.<\/p>\n<p>Basicamente, 1 l\u00e2mpada j\u00e1 pode ser utilizada para um bom tratamento corporal. Para uma cobertura total e um tratamento mais intensivo, recomenda-se uma extens\u00e3o para 2 l\u00e2mpadas.<\/p>\n<p>A intensidade m\u00e1xima pode ser obtida com 4 l\u00e2mpadas. De notar que o tempo de tratamento \u00e9 reduzido para cerca de 5 minutos de cada vez.<\/p>\n<p><strong>Utiliza\u00e7\u00e3o:<\/strong><\/p>\n<p>Atrav\u00e9s do suporte, entre outras coisas, o candeeiro pode ser pendurado na posi\u00e7\u00e3o horizontal (o candeeiro brilha de cima para baixo).<\/p>\n<p>O suporte pode ser colocado debaixo de uma cama, sof\u00e1 ou mesa de tratamento.<\/p>\n<p>Isto permite que o tratamento seja efectuado numa posi\u00e7\u00e3o deitada.<\/p>\n<p>O suporte \u00e9 regul\u00e1vel em altura (103 &#8211; 148 cm)<\/p>\n<p>Colocar a parte do corpo ou a superf\u00edcie da pele a tratar em frente da l\u00e2mpada, a uma dist\u00e2ncia de 15 a 90 cm (consoante a intensidade pretendida).<\/p>\n<p>Comece primeiro com uma dist\u00e2ncia ligeiramente maior e um tempo ligeiramente mais curto (cerca de 5 minutos) para experimentar o efeito.<\/p>\n<p>Utilizar sempre prote\u00e7\u00e3o ocular para proteger os olhos da luz vermelha intensa.<\/p>\n<p>Clique em RED e NIR para definir a luminosidade pretendida (predefini\u00e7\u00e3o = 100%).<\/p>\n<p>Clique no menu para definir o tempo de tratamento, o impulso NIR (se necess\u00e1rio) e o grupo (no caso de v\u00e1rias unidades ligadas).<\/p>\n<p>A meio da sess\u00e3o, ouve-se um sinal sonoro que indica que a sess\u00e3o est\u00e1 a meio e que a pessoa pode voltar para tr\u00e1s, se necess\u00e1rio.<\/p>\n<p>Aumentar lentamente o tempo de tratamento e a intensidade do tratamento (n\u00e3o mais de 10 minutos de cada vez no in\u00edcio).<\/p>\n<p>Ap\u00f3s o fim do tempo de tratamento, a l\u00e2mpada desliga-se automaticamente.<\/p>\n<p>Repetir o tratamento uma vez por dia at\u00e9 obter os resultados desejados.<\/p>\n<p>Consultar um m\u00e9dico para saber se existem contra-indica\u00e7\u00f5es fisiol\u00f3gicas para a utiliza\u00e7\u00e3o.<\/p>\n<p><strong>O pacote \u00e9 composto por:<\/strong><\/p>\n<p><img decoding=\"async\" class=\"alignnone size-medium wp-image-1927\" src=\"https:\/\/phipower.org\/wp-content\/uploads\/2022\/11\/Verstelbare-standaard-voor-1500W-Full-Body-Rood-Licht-Therapie-Lamp-Diep-RoodNIR-Phipower-verrijdbaar-onderdelen-563x400.jpg\" alt=\"\" width=\"563\" height=\"400\" srcset=\"https:\/\/phipower.org\/wp-content\/uploads\/2022\/11\/Verstelbare-standaard-voor-1500W-Full-Body-Rood-Licht-Therapie-Lamp-Diep-RoodNIR-Phipower-verrijdbaar-onderdelen-563x400.jpg 563w, https:\/\/phipower.org\/wp-content\/uploads\/2022\/11\/Verstelbare-standaard-voor-1500W-Full-Body-Rood-Licht-Therapie-Lamp-Diep-RoodNIR-Phipower-verrijdbaar-onderdelen-1127x800.jpg 1127w, https:\/\/phipower.org\/wp-content\/uploads\/2022\/11\/Verstelbare-standaard-voor-1500W-Full-Body-Rood-Licht-Therapie-Lamp-Diep-RoodNIR-Phipower-verrijdbaar-onderdelen-768x545.jpg 768w, https:\/\/phipower.org\/wp-content\/uploads\/2022\/11\/Verstelbare-standaard-voor-1500W-Full-Body-Rood-Licht-Therapie-Lamp-Diep-RoodNIR-Phipower-verrijdbaar-onderdelen-600x426.jpg 600w, https:\/\/phipower.org\/wp-content\/uploads\/2022\/11\/Verstelbare-standaard-voor-1500W-Full-Body-Rood-Licht-Therapie-Lamp-Diep-RoodNIR-Phipower-verrijdbaar-onderdelen.jpg 1186w\" sizes=\"(max-width: 563px) 100vw, 563px\" \/><\/p>\n<p><strong>Especifica\u00e7\u00f5es do suporte<\/strong><\/p>\n<ul>\n<li>dimens\u00f5es do suporte: 68 x 72 x 148 cm<\/li>\n<li>dimens\u00f5es da caixa: 110 x 50 x 8 cm<\/li>\n<li>peso do suporte: 10 kg<\/li>\n<li>peso bruto da embalagem: 11,8 kg<\/li>\n<\/ul>\n<p><strong>Garantia:<\/strong><br \/>\n1 ano de garantia<\/p>\n<p><strong>Manual:<\/strong><\/p>\n<p>O manual est\u00e1 <a href=\"https:\/\/drive.google.com\/file\/d\/19hHgp5uRaTN-_LuE0_AakyYj8xZawEhi\/view?usp=share_link\"><br \/>\n  <em>dispon\u00edvel aqui.<\/em><br \/>\n<\/a><\/p>\n<p><strong>Estudos de refer\u00eancia:<\/strong><\/p>\n<p><a href=\"https:\/\/www.ncbi.nlm.nih.gov\/pmc\/articles\/PMC5523874\/\">https:\/\/www.ncbi.nlm.nih.gov\/pmc\/articles\/PMC5523874\/<\/a><\/p>\n<p><a href=\"https:\/\/www.ncbi.nlm.nih.gov\/pmc\/articles\/PMC4846838\/\">https:\/\/www.ncbi.nlm.nih.gov\/pmc\/articles\/PMC4846838\/<\/a><\/p>\n<p><a href=\"https:\/\/www.ncbi.nlm.nih.gov\/pubmed\/28265160\">https:\/\/www.ncbi.nlm.nih.gov\/pubmed\/28265160<\/a><\/p>\n<p><a href=\"https:\/\/pubmed.ncbi.nlm.nih.gov\/24049929\/\">https:\/\/pubmed.ncbi.nlm.nih.gov\/24049929\/<\/a><\/p>\n<p><a href=\"https:\/\/www.ncbi.nlm.nih.gov\/pubmed\/19587693\">https:\/\/www.ncbi.nlm.nih.gov\/pubmed\/19587693<\/a><\/p>\n<p><a href=\"https:\/\/www.ncbi.nlm.nih.gov\/pmc\/articles\/PMC4560854\/#B31\">https:\/\/www.ncbi.nlm.nih.gov\/pmc\/articles\/PMC4560854\/#B31<\/a><\/p>\n<p><a href=\"https:\/\/www.ncbi.nlm.nih.gov\/pubmed\/30706177\">https:\/\/www.ncbi.nlm.nih.gov\/pubmed\/30706177<\/a><\/p>\n<p><a href=\"https:\/\/www.cell.com\/current-biology\/fulltext\/S0960-9822(06)01781-7\">https:\/\/www.cell.com\/current-biology\/fulltext\/S0960-9822(06)01781-7<\/a><\/p>\n<p><a href=\"https:\/\/www.sciencedirect.com\/science\/article\/pii\/0307441294900590?via%3Dihub\">https:\/\/www.sciencedirect.com\/science\/article\/pii\/0307441294900590?via%3Dihub<\/a><\/p>\n<p><a href=\"https:\/\/www.abebooks.com\/Fundamentals-Biochemistry-Life-Molecular-Level-2nd\/1346355380\/bd\">https:\/\/www.abebooks.com\/Fundamentals-Biochemistry-Life-Molecular-Level-2nd\/1346355380\/bd<\/a><\/p>\n<p><a href=\"http:\/\/www.pnas.org\/content\/105\/50\/19565.long\">http:\/\/www.pnas.org\/content\/105\/50\/19565.long<\/a><\/p>\n<p><a href=\"https:\/\/www.ncbi.nlm.nih.gov\/pmc\/articles\/PMC4432802\/\">https:\/\/www.ncbi.nlm.nih.gov\/pmc\/articles\/PMC4432802\/<\/a><\/p>\n<p><a href=\"https:\/\/www.ncbi.nlm.nih.gov\/pubmed\/24363178\">https:\/\/www.ncbi.nlm.nih.gov\/pubmed\/24363178<\/a><\/p>\n<p><a href=\"https:\/\/www.ncbi.nlm.nih.gov\/books\/NBK21154\/\">https:\/\/www.ncbi.nlm.nih.gov\/books\/NBK21154\/<\/a><\/p>\n<p><a href=\"https:\/\/www.ncbi.nlm.nih.gov\/pubmed\/24429632\">https:\/\/www.ncbi.nlm.nih.gov\/pubmed\/24429632<\/a><\/p>\n<p><strong>Nota Bene:<\/strong><br \/>\n<em>Os produtos de fototerapia da Phipower podem contribuir para a capacidade de regenera\u00e7\u00e3o da pele, aumentar o metabolismo e dar mais energia. As informa\u00e7\u00f5es contidas neste artigo destinam-se apenas a fins educacionais e n\u00e3o t\u00eam como objetivo apoiar a seguran\u00e7a ou a efic\u00e1cia dos dispositivos Phipower, nem diagnosticar, tratar, curar ou prevenir qualquer doen\u00e7a. N\u00e3o substitui uma consulta pessoal com o seu prestador de cuidados de sa\u00fade e n\u00e3o deve ser interpretado como aconselhamento m\u00e9dico.<\/em><\/p>\n","protected":false},"excerpt":{"rendered":"<p><strong>\u2714 para fixa\u00e7\u00e3o horizontal e vertical<\/strong><br \/>\n<strong>\u2714 ajust\u00e1vel em altura (103-148 cm)<\/strong><br \/>\n<strong>\u2714 m\u00f3vel<\/strong><br \/>\n<strong>\u2714 rota\u00e7\u00e3o livre<\/strong><br \/>\n<strong>\u2714 fixa\u00e7\u00e3o de at\u00e9 4 l\u00e2mpadas (tratamento de corpo inteiro)<\/strong><br \/>\n<strong>\u2714 para uso dom\u00e9stico ou terapeutas<\/strong><br \/>\n<strong>\u2714 suporta at\u00e9 50 kg<\/strong><\/p>\n","protected":false},"featured_media":4127,"comment_status":"open","ping_status":"closed","template":"","meta":[],"product_brand":[],"product_cat":[996,998,993],"product_tag":[],"class_list":{"0":"post-4156","1":"product","2":"type-product","3":"status-publish","4":"has-post-thumbnail","6":"product_cat-frequencias","7":"product_cat-lampada-de-terapia-de-luz-vermelha","8":"product_cat-produtos","9":"product_shipping_class-10-20-kg","11":"first","12":"instock","13":"taxable","14":"shipping-taxable","15":"purchasable","16":"product-type-simple"},"yoast_head":"<!-- This site is optimized with the Yoast SEO Premium plugin v23.6 (Yoast SEO v27.2) - https:\/\/yoast.com\/product\/yoast-seo-premium-wordpress\/ -->\n<title>Suporte ajust\u00e1vel para l\u00e2mpada de terapia de luz vermelha de 1500W | Vermelho profundo\/NIR | Phipower - Phipower<\/title>\n<meta name=\"description\" content=\"L\u00e2mpada LED de terapia de luz vermelha de corpo inteiro padr\u00e3o ajust\u00e1vel \u2714 1500W reduz a dor \u2714 estimula a forma\u00e7\u00e3o de colag\u00e9nio \u2714 reduz o tecido cicatricial\" \/>\n<meta name=\"robots\" content=\"index, follow, max-snippet:-1, max-image-preview:large, max-video-preview:-1\" \/>\n<link rel=\"canonical\" href=\"https:\/\/phipower.org\/pt-pt\/produto\/suporte-ajustavel-para-lampada-de-terapia-de-luz-vermelha-de-corpo-inteiro-de-1500-w-potencia-profunda-vermelho-nir\/\" \/>\n<meta property=\"og:locale\" content=\"pt_PT\" \/>\n<meta property=\"og:type\" content=\"article\" \/>\n<meta property=\"og:title\" content=\"Suporte ajust\u00e1vel para l\u00e2mpada de terapia de luz vermelha de 1500W | Vermelho profundo\/NIR | Phipower\" \/>\n<meta property=\"og:description\" content=\"L\u00e2mpada LED de terapia de luz vermelha de corpo inteiro padr\u00e3o ajust\u00e1vel \u2714 1500W reduz a dor \u2714 estimula a forma\u00e7\u00e3o de colag\u00e9nio \u2714 reduz o tecido cicatricial\" \/>\n<meta property=\"og:url\" content=\"https:\/\/phipower.org\/pt-pt\/produto\/suporte-ajustavel-para-lampada-de-terapia-de-luz-vermelha-de-corpo-inteiro-de-1500-w-potencia-profunda-vermelho-nir\/\" \/>\n<meta property=\"og:site_name\" content=\"Phipower\" \/>\n<meta property=\"article:publisher\" content=\"https:\/\/www.facebook.com\/phipowertools\/\" \/>\n<meta property=\"article:modified_time\" content=\"2026-04-16T14:20:31+00:00\" \/>\n<meta property=\"og:image\" content=\"https:\/\/phipower.org\/wp-content\/uploads\/2022\/11\/Verstelbare-standaard-voor-1500W-Full-Body-Rood-Licht-Therapie-Lamp-Diep-RoodNIR-Phipower-verrijdbaar.jpg\" \/>\n\t<meta property=\"og:image:width\" content=\"1200\" \/>\n\t<meta property=\"og:image:height\" content=\"1200\" \/>\n\t<meta property=\"og:image:type\" content=\"image\/jpeg\" \/>\n<meta name=\"twitter:card\" content=\"summary_large_image\" \/>\n<meta name=\"twitter:image\" content=\"https:\/\/phipower.org\/wp-content\/uploads\/2022\/10\/Rood-licht-therapie-red-light-therapy-near-infrared-infrarood-light-850-lamp-front.jpg\" \/>\n<meta name=\"twitter:site\" content=\"@phipower1\" \/>\n<meta name=\"twitter:label1\" content=\"pre\u00e7o\" \/>\n\t<meta name=\"twitter:data1\" content=\"&euro;399,00\" \/>\n\t<meta name=\"twitter:label2\" content=\"Disponibilidade\" \/>\n\t<meta name=\"twitter:data2\" content=\"Em stock\" \/>\n<script type=\"application\/ld+json\" class=\"yoast-schema-graph\">{\"@context\":\"https:\/\/schema.org\",\"@graph\":[{\"@type\":\"WebPage\",\"@id\":\"https:\/\/phipower.org\/pt-pt\/produto\/suporte-ajustavel-para-lampada-de-terapia-de-luz-vermelha-de-corpo-inteiro-de-1500-w-potencia-profunda-vermelho-nir\/\",\"url\":\"https:\/\/phipower.org\/pt-pt\/produto\/suporte-ajustavel-para-lampada-de-terapia-de-luz-vermelha-de-corpo-inteiro-de-1500-w-potencia-profunda-vermelho-nir\/\",\"name\":\"Suporte ajust\u00e1vel para l\u00e2mpada de terapia de luz vermelha de 1500W | Vermelho profundo\/NIR | Phipower - Phipower\",\"isPartOf\":{\"@id\":\"https:\/\/phipower.org\/pt-pt\/#website\"},\"primaryImageOfPage\":{\"@id\":\"https:\/\/phipower.org\/pt-pt\/produto\/suporte-ajustavel-para-lampada-de-terapia-de-luz-vermelha-de-corpo-inteiro-de-1500-w-potencia-profunda-vermelho-nir\/#primaryimage\"},\"image\":{\"@id\":\"https:\/\/phipower.org\/pt-pt\/produto\/suporte-ajustavel-para-lampada-de-terapia-de-luz-vermelha-de-corpo-inteiro-de-1500-w-potencia-profunda-vermelho-nir\/#primaryimage\"},\"thumbnailUrl\":\"https:\/\/phipower.org\/wp-content\/uploads\/2022\/11\/Rood-licht-therapie-red-light-therapy-near-infrared-light-660-nm-850-nm-stand-top.jpg\",\"datePublished\":\"2022-11-06T21:46:50+00:00\",\"dateModified\":\"2026-04-16T14:20:31+00:00\",\"description\":\"L\u00e2mpada LED de terapia de luz vermelha de corpo inteiro padr\u00e3o ajust\u00e1vel \u2714 1500W reduz a dor \u2714 estimula a forma\u00e7\u00e3o de colag\u00e9nio \u2714 reduz o tecido cicatricial\",\"breadcrumb\":{\"@id\":\"https:\/\/phipower.org\/pt-pt\/produto\/suporte-ajustavel-para-lampada-de-terapia-de-luz-vermelha-de-corpo-inteiro-de-1500-w-potencia-profunda-vermelho-nir\/#breadcrumb\"},\"inLanguage\":\"pt-PT\",\"potentialAction\":[{\"@type\":\"ReadAction\",\"target\":[\"https:\/\/phipower.org\/pt-pt\/produto\/suporte-ajustavel-para-lampada-de-terapia-de-luz-vermelha-de-corpo-inteiro-de-1500-w-potencia-profunda-vermelho-nir\/\"]}]},{\"@type\":\"ImageObject\",\"inLanguage\":\"pt-PT\",\"@id\":\"https:\/\/phipower.org\/pt-pt\/produto\/suporte-ajustavel-para-lampada-de-terapia-de-luz-vermelha-de-corpo-inteiro-de-1500-w-potencia-profunda-vermelho-nir\/#primaryimage\",\"url\":\"https:\/\/phipower.org\/wp-content\/uploads\/2022\/11\/Rood-licht-therapie-red-light-therapy-near-infrared-light-660-nm-850-nm-stand-top.jpg\",\"contentUrl\":\"https:\/\/phipower.org\/wp-content\/uploads\/2022\/11\/Rood-licht-therapie-red-light-therapy-near-infrared-light-660-nm-850-nm-stand-top.jpg\",\"width\":1200,\"height\":1200},{\"@type\":\"BreadcrumbList\",\"@id\":\"https:\/\/phipower.org\/pt-pt\/produto\/suporte-ajustavel-para-lampada-de-terapia-de-luz-vermelha-de-corpo-inteiro-de-1500-w-potencia-profunda-vermelho-nir\/#breadcrumb\",\"itemListElement\":[{\"@type\":\"ListItem\",\"position\":1,\"name\":\"Home\",\"item\":\"https:\/\/phipower.org\/pt-pt\/\"},{\"@type\":\"ListItem\",\"position\":2,\"name\":\"Loja\",\"item\":\"https:\/\/phipower.org\/pt-pt\/loja\/\"},{\"@type\":\"ListItem\",\"position\":3,\"name\":\"Suporte ajust\u00e1vel para l\u00e2mpada de terapia de luz vermelha de 1500W | Vermelho profundo\/NIR | Phipower\"}]},{\"@type\":\"WebSite\",\"@id\":\"https:\/\/phipower.org\/pt-pt\/#website\",\"url\":\"https:\/\/phipower.org\/pt-pt\/\",\"name\":\"Phipower: innovatieve gezondheidsproducten\",\"description\":\"innovatieve gezondheidsproducten\",\"publisher\":{\"@id\":\"https:\/\/phipower.org\/pt-pt\/#organization\"},\"potentialAction\":[{\"@type\":\"SearchAction\",\"target\":{\"@type\":\"EntryPoint\",\"urlTemplate\":\"https:\/\/phipower.org\/pt-pt\/?s={search_term_string}\"},\"query-input\":{\"@type\":\"PropertyValueSpecification\",\"valueRequired\":true,\"valueName\":\"search_term_string\"}}],\"inLanguage\":\"pt-PT\"},{\"@type\":\"Organization\",\"@id\":\"https:\/\/phipower.org\/pt-pt\/#organization\",\"name\":\"Phipower\",\"url\":\"https:\/\/phipower.org\/pt-pt\/\",\"logo\":{\"@type\":\"ImageObject\",\"inLanguage\":\"pt-PT\",\"@id\":\"https:\/\/phipower.org\/pt-pt\/#\/schema\/logo\/image\/\",\"url\":\"https:\/\/phipower.org\/wp-content\/uploads\/2019\/06\/z-logo-RGB-wit-power.png\",\"contentUrl\":\"https:\/\/phipower.org\/wp-content\/uploads\/2019\/06\/z-logo-RGB-wit-power.png\",\"width\":3273,\"height\":1389,\"caption\":\"Phipower\"},\"image\":{\"@id\":\"https:\/\/phipower.org\/pt-pt\/#\/schema\/logo\/image\/\"},\"sameAs\":[\"https:\/\/www.facebook.com\/phipowertools\/\",\"https:\/\/x.com\/phipower1\",\"https:\/\/www.tiktok.com\/@phipowerhealth\"]}]}<\/script>\n<meta property=\"product:price:amount\" content=\"399.00\" \/>\n<meta property=\"product:price:currency\" content=\"EUR\" \/>\n<meta property=\"og:availability\" content=\"instock\" \/>\n<meta property=\"product:availability\" content=\"instock\" \/>\n<meta property=\"product:retailer_item_id\" content=\"8719324436946\" \/>\n<meta property=\"product:condition\" content=\"new\" \/>\n<!-- \/ Yoast SEO Premium plugin. -->","yoast_head_json":{"title":"Suporte ajust\u00e1vel para l\u00e2mpada de terapia de luz vermelha de 1500W | Vermelho profundo\/NIR | Phipower - Phipower","description":"L\u00e2mpada LED de terapia de luz vermelha de corpo inteiro padr\u00e3o ajust\u00e1vel \u2714 1500W reduz a dor \u2714 estimula a forma\u00e7\u00e3o de colag\u00e9nio \u2714 reduz o tecido cicatricial","robots":{"index":"index","follow":"follow","max-snippet":"max-snippet:-1","max-image-preview":"max-image-preview:large","max-video-preview":"max-video-preview:-1"},"canonical":"https:\/\/phipower.org\/pt-pt\/produto\/suporte-ajustavel-para-lampada-de-terapia-de-luz-vermelha-de-corpo-inteiro-de-1500-w-potencia-profunda-vermelho-nir\/","og_locale":"pt_PT","og_type":"article","og_title":"Suporte ajust\u00e1vel para l\u00e2mpada de terapia de luz vermelha de 1500W | Vermelho profundo\/NIR | Phipower","og_description":"L\u00e2mpada LED de terapia de luz vermelha de corpo inteiro padr\u00e3o ajust\u00e1vel \u2714 1500W reduz a dor \u2714 estimula a forma\u00e7\u00e3o de colag\u00e9nio \u2714 reduz o tecido cicatricial","og_url":"https:\/\/phipower.org\/pt-pt\/produto\/suporte-ajustavel-para-lampada-de-terapia-de-luz-vermelha-de-corpo-inteiro-de-1500-w-potencia-profunda-vermelho-nir\/","og_site_name":"Phipower","article_publisher":"https:\/\/www.facebook.com\/phipowertools\/","article_modified_time":"2026-04-16T14:20:31+00:00","og_image":[{"width":1200,"height":1200,"url":"https:\/\/phipower.org\/wp-content\/uploads\/2022\/11\/Verstelbare-standaard-voor-1500W-Full-Body-Rood-Licht-Therapie-Lamp-Diep-RoodNIR-Phipower-verrijdbaar.jpg","type":"image\/jpeg"}],"twitter_card":"summary_large_image","twitter_image":"https:\/\/phipower.org\/wp-content\/uploads\/2022\/10\/Rood-licht-therapie-red-light-therapy-near-infrared-infrarood-light-850-lamp-front.jpg","twitter_site":"@phipower1","twitter_misc":{"pre\u00e7o":"&euro;399,00","Disponibilidade":"Em stock"},"schema":{"@context":"https:\/\/schema.org","@graph":[{"@type":"WebPage","@id":"https:\/\/phipower.org\/pt-pt\/produto\/suporte-ajustavel-para-lampada-de-terapia-de-luz-vermelha-de-corpo-inteiro-de-1500-w-potencia-profunda-vermelho-nir\/","url":"https:\/\/phipower.org\/pt-pt\/produto\/suporte-ajustavel-para-lampada-de-terapia-de-luz-vermelha-de-corpo-inteiro-de-1500-w-potencia-profunda-vermelho-nir\/","name":"Suporte ajust\u00e1vel para l\u00e2mpada de terapia de luz vermelha de 1500W | Vermelho profundo\/NIR | Phipower - Phipower","isPartOf":{"@id":"https:\/\/phipower.org\/pt-pt\/#website"},"primaryImageOfPage":{"@id":"https:\/\/phipower.org\/pt-pt\/produto\/suporte-ajustavel-para-lampada-de-terapia-de-luz-vermelha-de-corpo-inteiro-de-1500-w-potencia-profunda-vermelho-nir\/#primaryimage"},"image":{"@id":"https:\/\/phipower.org\/pt-pt\/produto\/suporte-ajustavel-para-lampada-de-terapia-de-luz-vermelha-de-corpo-inteiro-de-1500-w-potencia-profunda-vermelho-nir\/#primaryimage"},"thumbnailUrl":"https:\/\/phipower.org\/wp-content\/uploads\/2022\/11\/Rood-licht-therapie-red-light-therapy-near-infrared-light-660-nm-850-nm-stand-top.jpg","datePublished":"2022-11-06T21:46:50+00:00","dateModified":"2026-04-16T14:20:31+00:00","description":"L\u00e2mpada LED de terapia de luz vermelha de corpo inteiro padr\u00e3o ajust\u00e1vel \u2714 1500W reduz a dor \u2714 estimula a forma\u00e7\u00e3o de colag\u00e9nio \u2714 reduz o tecido cicatricial","breadcrumb":{"@id":"https:\/\/phipower.org\/pt-pt\/produto\/suporte-ajustavel-para-lampada-de-terapia-de-luz-vermelha-de-corpo-inteiro-de-1500-w-potencia-profunda-vermelho-nir\/#breadcrumb"},"inLanguage":"pt-PT","potentialAction":[{"@type":"ReadAction","target":["https:\/\/phipower.org\/pt-pt\/produto\/suporte-ajustavel-para-lampada-de-terapia-de-luz-vermelha-de-corpo-inteiro-de-1500-w-potencia-profunda-vermelho-nir\/"]}]},{"@type":"ImageObject","inLanguage":"pt-PT","@id":"https:\/\/phipower.org\/pt-pt\/produto\/suporte-ajustavel-para-lampada-de-terapia-de-luz-vermelha-de-corpo-inteiro-de-1500-w-potencia-profunda-vermelho-nir\/#primaryimage","url":"https:\/\/phipower.org\/wp-content\/uploads\/2022\/11\/Rood-licht-therapie-red-light-therapy-near-infrared-light-660-nm-850-nm-stand-top.jpg","contentUrl":"https:\/\/phipower.org\/wp-content\/uploads\/2022\/11\/Rood-licht-therapie-red-light-therapy-near-infrared-light-660-nm-850-nm-stand-top.jpg","width":1200,"height":1200},{"@type":"BreadcrumbList","@id":"https:\/\/phipower.org\/pt-pt\/produto\/suporte-ajustavel-para-lampada-de-terapia-de-luz-vermelha-de-corpo-inteiro-de-1500-w-potencia-profunda-vermelho-nir\/#breadcrumb","itemListElement":[{"@type":"ListItem","position":1,"name":"Home","item":"https:\/\/phipower.org\/pt-pt\/"},{"@type":"ListItem","position":2,"name":"Loja","item":"https:\/\/phipower.org\/pt-pt\/loja\/"},{"@type":"ListItem","position":3,"name":"Suporte ajust\u00e1vel para l\u00e2mpada de terapia de luz vermelha de 1500W | Vermelho profundo\/NIR | Phipower"}]},{"@type":"WebSite","@id":"https:\/\/phipower.org\/pt-pt\/#website","url":"https:\/\/phipower.org\/pt-pt\/","name":"Phipower: innovatieve gezondheidsproducten","description":"innovatieve gezondheidsproducten","publisher":{"@id":"https:\/\/phipower.org\/pt-pt\/#organization"},"potentialAction":[{"@type":"SearchAction","target":{"@type":"EntryPoint","urlTemplate":"https:\/\/phipower.org\/pt-pt\/?s={search_term_string}"},"query-input":{"@type":"PropertyValueSpecification","valueRequired":true,"valueName":"search_term_string"}}],"inLanguage":"pt-PT"},{"@type":"Organization","@id":"https:\/\/phipower.org\/pt-pt\/#organization","name":"Phipower","url":"https:\/\/phipower.org\/pt-pt\/","logo":{"@type":"ImageObject","inLanguage":"pt-PT","@id":"https:\/\/phipower.org\/pt-pt\/#\/schema\/logo\/image\/","url":"https:\/\/phipower.org\/wp-content\/uploads\/2019\/06\/z-logo-RGB-wit-power.png","contentUrl":"https:\/\/phipower.org\/wp-content\/uploads\/2019\/06\/z-logo-RGB-wit-power.png","width":3273,"height":1389,"caption":"Phipower"},"image":{"@id":"https:\/\/phipower.org\/pt-pt\/#\/schema\/logo\/image\/"},"sameAs":["https:\/\/www.facebook.com\/phipowertools\/","https:\/\/x.com\/phipower1","https:\/\/www.tiktok.com\/@phipowerhealth"]}]},"product_price_amount":"399.00","product_price_currency":"EUR","og_availability":"instock","product_availability":"instock","product_retailer_item_id":"8719324436946","product_condition":"new"},"_links":{"self":[{"href":"https:\/\/phipower.org\/pt-pt\/wp-json\/wp\/v2\/product\/4156","targetHints":{"allow":["GET"]}}],"collection":[{"href":"https:\/\/phipower.org\/pt-pt\/wp-json\/wp\/v2\/product"}],"about":[{"href":"https:\/\/phipower.org\/pt-pt\/wp-json\/wp\/v2\/types\/product"}],"replies":[{"embeddable":true,"href":"https:\/\/phipower.org\/pt-pt\/wp-json\/wp\/v2\/comments?post=4156"}],"wp:featuredmedia":[{"embeddable":true,"href":"https:\/\/phipower.org\/pt-pt\/wp-json\/wp\/v2\/media\/4127"}],"wp:attachment":[{"href":"https:\/\/phipower.org\/pt-pt\/wp-json\/wp\/v2\/media?parent=4156"}],"wp:term":[{"taxonomy":"product_brand","embeddable":true,"href":"https:\/\/phipower.org\/pt-pt\/wp-json\/wp\/v2\/product_brand?post=4156"},{"taxonomy":"product_cat","embeddable":true,"href":"https:\/\/phipower.org\/pt-pt\/wp-json\/wp\/v2\/product_cat?post=4156"},{"taxonomy":"product_tag","embeddable":true,"href":"https:\/\/phipower.org\/pt-pt\/wp-json\/wp\/v2\/product_tag?post=4156"}],"curies":[{"name":"wp","href":"https:\/\/api.w.org\/{rel}","templated":true}]}}