{"id":4074,"date":"2022-10-30T13:54:12","date_gmt":"2022-10-30T13:54:12","guid":{"rendered":"https:\/\/phipower.org\/product\/lampada-de-terapia-de-luz-vermelha-de-corpo-inteiro-1500w-vermelho-profundo-nir-phipower\/"},"modified":"2026-04-03T12:32:14","modified_gmt":"2026-04-03T12:32:14","slug":"lampada-de-terapia-de-luz-vermelha-de-corpo-inteiro-de-1500-watts-profunda-vermelha-nir-de-potencia","status":"publish","type":"product","link":"https:\/\/phipower.org\/pt-pt\/produto\/lampada-de-terapia-de-luz-vermelha-de-corpo-inteiro-de-1500-watts-profunda-vermelha-nir-de-potencia\/","title":{"rendered":"L\u00e2mpada de terapia de luz vermelha de corpo inteiro 1500W | Vermelho profundo\/NIR | Phipower"},"content":{"rendered":"<h1>L\u00e2mpada de terapia de luz vermelha 1500W | Phipower<\/h1>\n<p><strong>\u2714 para tratamento de corpo inteiro<\/strong><br \/>\n<strong>Pot\u00eancia de infravermelhos profundos\/pr\u00f3ximos do vermelho emitido de 1.500 W<\/strong><br \/>\n<strong>300 LEDs (150 x vermelho escuro + 150 x NIR)<\/strong><br \/>\n<strong>\u2714 com pulso ajust\u00e1vel (infravermelhos pr\u00f3ximos: de 0 a 20 Hz)<\/strong><br \/>\n<strong>Apoia a capacidade de repara\u00e7\u00e3o da pele<\/strong><br \/>\n<strong>bom para os m\u00fasculos e tecido conjuntivo<\/strong><br \/>\n<strong>Estimula a forma\u00e7\u00e3o de colag\u00e9nio<\/strong><br \/>\n<strong>\u2714 d\u00e1 energia<\/strong><br \/>\n<strong>Aumenta o metabolismo<\/strong><br \/>\n<strong>Tem um efeito positivo no f\u00edgado<\/strong><br \/>\n<strong>Promove o sono<\/strong><br \/>\n<strong>para uma mente clara<\/strong><\/p>\n<p><strong>Nota: o suporte ajust\u00e1vel n\u00e3o est\u00e1 inclu\u00eddo e pode ser encomendado separadamente!<\/strong><\/p>\n<p><strong>Descri\u00e7\u00e3o:<\/strong><br \/>\nO espetro ben\u00e9fico espec\u00edfico da luz infravermelha pr\u00f3xima (NIR) (850 nm) e da luz vermelha profunda (660 nm) foi escolhido para a l\u00e2mpada de terapia de luz vermelha da Phipower.<\/p>\n<p>A investiga\u00e7\u00e3o demonstrou que a combina\u00e7\u00e3o destas frequ\u00eancias de luz vermelha \u00e9 particularmente ben\u00e9fica para o corpo humano.<\/p>\n<p>As frequ\u00eancias combinadas t\u00eam um efeito ben\u00e9fico no equil\u00edbrio energ\u00e9tico das nossas c\u00e9lulas, resultando em in\u00fameros benef\u00edcios clinicamente comprovados para a pele, o equil\u00edbrio energ\u00e9tico e o metabolismo.<\/p>\n<p>A combina\u00e7\u00e3o de luz vermelha profunda e NIR estimula as mitoc\u00f4ndrias celulares e reduz o stress oxidativo, fazendo com que nos sintamos com mais energia, mais fortes e recuperemos mais rapidamente.<\/p>\n<p>Todas estas vantagens est\u00e3o reunidas numa l\u00e2mpada completa com um total de 300 luzes LED m\u00e9dicas (150 x NIR 850nm e 150 x Deep Red 660nm).<\/p>\n<p>A l\u00e2mpada emite at\u00e9 1.500 W de pot\u00eancia total e destina-se ao tratamento de todo o corpo.<\/p>\n<p>A parte de infravermelhos pr\u00f3ximos da l\u00e2mpada de terapia de luz (850nm) possui uma frequ\u00eancia de pulsa\u00e7\u00e3o ajust\u00e1vel de 0 a 20 Hz.<\/p>\n<p><strong>Utiliza\u00e7\u00e3o:<\/strong><br \/>\nA l\u00e2mpada \u00e9 facilmente fixada na vertical a uma porta atrav\u00e9s dos acess\u00f3rios inclu\u00eddos.<\/p>\n<p>Deste modo, o candeeiro de terapia \u00e9 regul\u00e1vel em altura de forma flex\u00edvel (vertical).<\/p>\n<p>Atrav\u00e9s de um <a href=\"https:\/\/phipower.org\/verstelbare-standaard-voor-1500w-full-body-rood-licht-therapie-lamp-diep-rood-nir-phipower\/\">suporte<\/a> encomendado em separado, o candeeiro tamb\u00e9m pode ser pendurado na posi\u00e7\u00e3o horizontal (o candeeiro brilha de cima para baixo).<\/p>\n<p>O suporte pode ser colocado debaixo de uma cama, sof\u00e1 ou mesa de tratamento.<\/p>\n<p>Isto permite que o tratamento seja efectuado numa posi\u00e7\u00e3o deitada.<\/p>\n<p>O <a href=\"https:\/\/phipower.org\/verstelbare-standaard-voor-1500w-full-body-rood-licht-therapie-lamp-diep-rood-nir-phipower\/\">suporte<\/a> \u00e9 regul\u00e1vel em altura, m\u00f3vel e pode ser rodado livremente.<\/p>\n<p>Podem ser fixadas at\u00e9 4 l\u00e2mpadas de 1.500 W no <a href=\"https:\/\/phipower.org\/verstelbare-standaard-voor-1500w-full-body-rood-licht-therapie-lamp-diep-rood-nir-phipower\/\">suporte<\/a> para um tratamento super intenso de corpo inteiro.<\/p>\n<p>Colocar a parte do corpo ou a superf\u00edcie da pele a tratar em frente da l\u00e2mpada, a uma dist\u00e2ncia de 15 a 90 cm (consoante a intensidade pretendida).<\/p>\n<p>Comece primeiro com uma dist\u00e2ncia ligeiramente maior e um tempo ligeiramente mais curto (cerca de 5 minutos) para experimentar o efeito.<\/p>\n<p>Utilizar sempre prote\u00e7\u00e3o ocular para proteger os olhos da luz vermelha intensa.<\/p>\n<p>Clique em RED e NIR para definir a luminosidade pretendida (predefini\u00e7\u00e3o = 100%).<\/p>\n<p>Clique no menu para definir o tempo de tratamento, o impulso NIR (se necess\u00e1rio) e o grupo (no caso de v\u00e1rias unidades ligadas).<\/p>\n<p>A meio da sess\u00e3o, ouve-se um sinal sonoro que indica que a sess\u00e3o est\u00e1 a meio e que a pessoa pode voltar para tr\u00e1s, se necess\u00e1rio.<\/p>\n<p>Aumentar lentamente o tempo de tratamento e a intensidade do tratamento (n\u00e3o mais de 10 minutos de cada vez no in\u00edcio).<\/p>\n<p>Ap\u00f3s o fim do tempo de tratamento, a l\u00e2mpada desliga-se automaticamente.<\/p>\n<p>Repetir o tratamento duas vezes por dia at\u00e9 obter os resultados desejados.<\/p>\n<p>Consultar um m\u00e9dico para saber se existem contra-indica\u00e7\u00f5es fisiol\u00f3gicas para a utiliza\u00e7\u00e3o.<\/p>\n<p><strong>O pacote \u00e9 composto por:<\/strong><\/p>\n<ul>\n<li>1 x l\u00e2mpada de terapia de luz vermelha<\/li>\n<li>1 x cabo de alimenta\u00e7\u00e3o<\/li>\n<li>1 x cabo de liga\u00e7\u00e3o (para acoplamento de v\u00e1rias unidades)<\/li>\n<li>1 x gancho para porta<\/li>\n<li>1 x sistema de suspens\u00e3o<\/li>\n<li>1 x prote\u00e7\u00e3o ocular<\/li>\n<li>1 x controlo remoto<\/li>\n<li>1 x manual<\/li>\n<li>1 x embalagem<\/li>\n<\/ul>\n<p><strong>Especifica\u00e7\u00f5es da l\u00e2mpada de fotobiomodula\u00e7\u00e3o LED:<\/strong><\/p>\n<ul>\n<li>dimens\u00f5es do candeeiro: 89 x 28 x 5 cm<\/li>\n<li>dimens\u00f5es da caixa: 100 x 33 x 8 cm<\/li>\n<li>peso da l\u00e2mpada: 10,1 kg<\/li>\n<li>peso bruto da embalagem: 10,8 kg<\/li>\n<li>Pot\u00eancia do LED: 1500W<\/li>\n<li>consumo de energia: 500W<\/li>\n<li>300 x LEDs (150 x NIR 850nm + 150 x Deep RED 660nm)<\/li>\n<li>vida \u00fatil prevista: 50.000 horas<\/li>\n<li>controlo do temporizador at\u00e9 30 min<\/li>\n<\/ul>\n<p><strong>Garantia:<\/strong><br \/>\n1 ano de garantia<\/p>\n<p><strong>Manual:<\/strong><\/p>\n<p>O manual est\u00e1 <a href=\"https:\/\/drive.google.com\/file\/d\/19hHgp5uRaTN-_LuE0_AakyYj8xZawEhi\/view?usp=share_link\"><br \/>\n  <em>dispon\u00edvel aqui.<\/em><br \/>\n<\/a><\/p>\n<p><strong>Estudos de refer\u00eancia:<\/strong><\/p>\n<p><a href=\"https:\/\/www.ncbi.nlm.nih.gov\/pmc\/articles\/PMC5523874\/\">https:\/\/www.ncbi.nlm.nih.gov\/pmc\/articles\/PMC5523874\/<\/a><\/p>\n<p><a href=\"https:\/\/www.ncbi.nlm.nih.gov\/pmc\/articles\/PMC4846838\/\">https:\/\/www.ncbi.nlm.nih.gov\/pmc\/articles\/PMC4846838\/<\/a><\/p>\n<p><a href=\"https:\/\/www.ncbi.nlm.nih.gov\/pubmed\/28265160\">https:\/\/www.ncbi.nlm.nih.gov\/pubmed\/28265160<\/a><\/p>\n<p><a href=\"https:\/\/pubmed.ncbi.nlm.nih.gov\/24049929\/\">https:\/\/pubmed.ncbi.nlm.nih.gov\/24049929\/<\/a><\/p>\n<p><a href=\"https:\/\/www.ncbi.nlm.nih.gov\/pubmed\/19587693\">https:\/\/www.ncbi.nlm.nih.gov\/pubmed\/19587693<\/a><\/p>\n<p><a href=\"https:\/\/www.ncbi.nlm.nih.gov\/pmc\/articles\/PMC4560854\/#B31\">https:\/\/www.ncbi.nlm.nih.gov\/pmc\/articles\/PMC4560854\/#B31<\/a><\/p>\n<p><a href=\"https:\/\/www.ncbi.nlm.nih.gov\/pubmed\/30706177\">https:\/\/www.ncbi.nlm.nih.gov\/pubmed\/30706177<\/a><\/p>\n<p><a href=\"https:\/\/www.cell.com\/current-biology\/fulltext\/S0960-9822(06)01781-7\">https:\/\/www.cell.com\/current-biology\/fulltext\/S0960-9822(06)01781-7<\/a><\/p>\n<p><a href=\"https:\/\/www.sciencedirect.com\/science\/article\/pii\/0307441294900590?via%3Dihub\">https:\/\/www.sciencedirect.com\/science\/article\/pii\/0307441294900590?via%3Dihub<\/a><\/p>\n<p><a href=\"https:\/\/www.abebooks.com\/Fundamentals-Biochemistry-Life-Molecular-Level-2nd\/1346355380\/bd\">https:\/\/www.abebooks.com\/Fundamentals-Biochemistry-Life-Molecular-Level-2nd\/1346355380\/bd<\/a><\/p>\n<p><a href=\"http:\/\/www.pnas.org\/content\/105\/50\/19565.long\">http:\/\/www.pnas.org\/content\/105\/50\/19565.long<\/a><\/p>\n<p><a href=\"https:\/\/www.ncbi.nlm.nih.gov\/pmc\/articles\/PMC4432802\/\">https:\/\/www.ncbi.nlm.nih.gov\/pmc\/articles\/PMC4432802\/<\/a><\/p>\n<p><a href=\"https:\/\/www.ncbi.nlm.nih.gov\/pubmed\/24363178\">https:\/\/www.ncbi.nlm.nih.gov\/pubmed\/24363178<\/a><\/p>\n<p><a href=\"https:\/\/www.ncbi.nlm.nih.gov\/books\/NBK21154\/\">https:\/\/www.ncbi.nlm.nih.gov\/books\/NBK21154\/<\/a><\/p>\n<p><a href=\"https:\/\/www.ncbi.nlm.nih.gov\/pubmed\/24429632\">https:\/\/www.ncbi.nlm.nih.gov\/pubmed\/24429632<\/a><\/p>\n<p><strong>Nota Bene:<\/strong><br \/>\n<em>Os produtos de fototerapia da Phipower podem contribuir para a capacidade de regenera\u00e7\u00e3o da pele, aumentar o metabolismo e dar mais energia. As informa\u00e7\u00f5es contidas neste artigo destinam-se apenas a fins educacionais e n\u00e3o t\u00eam como objetivo apoiar a seguran\u00e7a ou a efic\u00e1cia dos dispositivos Phipower, nem diagnosticar, tratar, curar ou prevenir qualquer doen\u00e7a. N\u00e3o substitui uma consulta pessoal com o seu prestador de cuidados de sa\u00fade e n\u00e3o deve ser interpretado como aconselhamento m\u00e9dico.<\/em><\/p>\n","protected":false},"excerpt":{"rendered":"<p><strong>L\u00e2mpada de terapia de luz vermelha de corpo inteiro<\/strong><br \/>\n<strong>1,500W de pot\u00eancia luminosa<\/strong><br \/>\n<strong>300 LEDs<\/strong><br \/>\n<strong>\u2714 reduz a dor<\/strong><br \/>\n<strong>Estimula a forma\u00e7\u00e3o de colag\u00e9nio<\/strong><br \/>\n<strong>reduz o tecido cicatricial<\/strong><br \/>\n<strong>Promove <span style=\"font-size: 14.4px;\">a cicatriza\u00e7\u00e3o de feridas<\/span><\/strong><br \/>\n<strong>\u2714 restaura os m\u00fasculos e o tecido conjuntivo<\/strong><br \/>\n<strong>\u2714 d\u00e1 energia<\/strong><br \/>\n<strong>Aumenta o metabolismo<\/strong><\/p>\n","protected":false},"featured_media":10419,"comment_status":"open","ping_status":"closed","template":"","meta":[],"product_brand":[],"product_cat":[931,892,60],"product_tag":[],"class_list":{"0":"post-4074","1":"product","2":"type-product","3":"status-publish","4":"has-post-thumbnail","6":"product_cat-frequenties","7":"product_cat-rood-licht-therapie-lamp","8":"product_cat-product","9":"product_shipping_class-10-20-kg","11":"first","12":"instock","13":"taxable","14":"shipping-taxable","15":"purchasable","16":"product-type-simple"},"yoast_head":"<!-- This site is optimized with the Yoast SEO Premium plugin v23.6 (Yoast SEO v27.2) - https:\/\/yoast.com\/product\/yoast-seo-premium-wordpress\/ -->\n<title>L\u00e2mpada de terapia de luz vermelha | Para mais energia | Phipower<\/title>\n<meta name=\"description\" content=\"L\u00e2mpada LED de terapia de luz vermelha de corpo inteiro \u2714 1500W \u2714 reduz a dor \u2714 estimula a forma\u00e7\u00e3o de colag\u00e9nio \u2714 reduz o tecido cicatricial \u2714 promove a cicatriza\u00e7\u00e3o de feridas\" \/>\n<meta name=\"robots\" content=\"index, follow, max-snippet:-1, max-image-preview:large, max-video-preview:-1\" \/>\n<link rel=\"canonical\" href=\"https:\/\/phipower.org\/pt-pt\/produto\/lampada-de-terapia-de-luz-vermelha-de-corpo-inteiro-de-1500-watts-profunda-vermelha-nir-de-potencia\/\" \/>\n<meta property=\"og:locale\" content=\"pt_PT\" \/>\n<meta property=\"og:type\" content=\"article\" \/>\n<meta property=\"og:title\" content=\"L\u00e2mpada de terapia de luz vermelha de corpo inteiro 1500W | Vermelho profundo\/NIR | Phipower\" \/>\n<meta property=\"og:description\" content=\"L\u00e2mpada LED de terapia de luz vermelha de corpo inteiro \u2714 1500W \u2714 reduz a dor \u2714 estimula a forma\u00e7\u00e3o de colag\u00e9nio \u2714 reduz o tecido cicatricial \u2714 promove a cicatriza\u00e7\u00e3o de feridas\" \/>\n<meta property=\"og:url\" content=\"https:\/\/phipower.org\/pt-pt\/produto\/lampada-de-terapia-de-luz-vermelha-de-corpo-inteiro-de-1500-watts-profunda-vermelha-nir-de-potencia\/\" \/>\n<meta property=\"og:site_name\" content=\"Phipower\" \/>\n<meta property=\"article:publisher\" content=\"https:\/\/www.facebook.com\/phipowertools\/\" \/>\n<meta property=\"article:modified_time\" content=\"2026-04-03T12:32:14+00:00\" \/>\n<meta property=\"og:image\" content=\"https:\/\/phipower.org\/wp-content\/uploads\/2022\/10\/Rood-licht-therapie-red-light-therapy-near-infrared-infrarood-light-850-lamp-front.jpg\" \/>\n\t<meta property=\"og:image:width\" content=\"1200\" \/>\n\t<meta property=\"og:image:height\" content=\"1200\" \/>\n\t<meta property=\"og:image:type\" content=\"image\/jpeg\" \/>\n<meta name=\"twitter:card\" content=\"summary_large_image\" \/>\n<meta name=\"twitter:image\" content=\"https:\/\/phipower.org\/wp-content\/uploads\/2022\/10\/Rood-licht-therapie-red-light-therapy-near-infrared-infrarood-light-850-lamp-front.jpg\" \/>\n<meta name=\"twitter:site\" content=\"@phipower1\" \/>\n<meta name=\"twitter:label1\" content=\"pre\u00e7o\" \/>\n\t<meta name=\"twitter:data1\" content=\"&euro;999,00\" \/>\n\t<meta name=\"twitter:label2\" content=\"Disponibilidade\" \/>\n\t<meta name=\"twitter:data2\" content=\"Em stock\" \/>\n<script type=\"application\/ld+json\" class=\"yoast-schema-graph\">{\"@context\":\"https:\/\/schema.org\",\"@graph\":[{\"@type\":\"WebPage\",\"@id\":\"https:\/\/phipower.org\/pt-pt\/produto\/lampada-de-terapia-de-luz-vermelha-de-corpo-inteiro-de-1500-watts-profunda-vermelha-nir-de-potencia\/\",\"url\":\"https:\/\/phipower.org\/pt-pt\/produto\/lampada-de-terapia-de-luz-vermelha-de-corpo-inteiro-de-1500-watts-profunda-vermelha-nir-de-potencia\/\",\"name\":\"L\u00e2mpada de terapia de luz vermelha | Para mais energia | Phipower\",\"isPartOf\":{\"@id\":\"https:\/\/phipower.org\/pt-pt\/#website\"},\"primaryImageOfPage\":{\"@id\":\"https:\/\/phipower.org\/pt-pt\/produto\/lampada-de-terapia-de-luz-vermelha-de-corpo-inteiro-de-1500-watts-profunda-vermelha-nir-de-potencia\/#primaryimage\"},\"image\":{\"@id\":\"https:\/\/phipower.org\/pt-pt\/produto\/lampada-de-terapia-de-luz-vermelha-de-corpo-inteiro-de-1500-watts-profunda-vermelha-nir-de-potencia\/#primaryimage\"},\"thumbnailUrl\":\"https:\/\/phipower.org\/wp-content\/uploads\/2022\/10\/rood-licht-therapie-lamp-phipower.jpeg\",\"datePublished\":\"2022-10-30T13:54:12+00:00\",\"dateModified\":\"2026-04-03T12:32:14+00:00\",\"description\":\"L\u00e2mpada LED de terapia de luz vermelha de corpo inteiro \u2714 1500W \u2714 reduz a dor \u2714 estimula a forma\u00e7\u00e3o de colag\u00e9nio \u2714 reduz o tecido cicatricial \u2714 promove a cicatriza\u00e7\u00e3o de feridas\",\"breadcrumb\":{\"@id\":\"https:\/\/phipower.org\/pt-pt\/produto\/lampada-de-terapia-de-luz-vermelha-de-corpo-inteiro-de-1500-watts-profunda-vermelha-nir-de-potencia\/#breadcrumb\"},\"inLanguage\":\"pt-PT\",\"potentialAction\":[{\"@type\":\"ReadAction\",\"target\":[\"https:\/\/phipower.org\/pt-pt\/produto\/lampada-de-terapia-de-luz-vermelha-de-corpo-inteiro-de-1500-watts-profunda-vermelha-nir-de-potencia\/\"]}]},{\"@type\":\"ImageObject\",\"inLanguage\":\"pt-PT\",\"@id\":\"https:\/\/phipower.org\/pt-pt\/produto\/lampada-de-terapia-de-luz-vermelha-de-corpo-inteiro-de-1500-watts-profunda-vermelha-nir-de-potencia\/#primaryimage\",\"url\":\"https:\/\/phipower.org\/wp-content\/uploads\/2022\/10\/rood-licht-therapie-lamp-phipower.jpeg\",\"contentUrl\":\"https:\/\/phipower.org\/wp-content\/uploads\/2022\/10\/rood-licht-therapie-lamp-phipower.jpeg\",\"width\":2048,\"height\":2048},{\"@type\":\"BreadcrumbList\",\"@id\":\"https:\/\/phipower.org\/pt-pt\/produto\/lampada-de-terapia-de-luz-vermelha-de-corpo-inteiro-de-1500-watts-profunda-vermelha-nir-de-potencia\/#breadcrumb\",\"itemListElement\":[{\"@type\":\"ListItem\",\"position\":1,\"name\":\"Home\",\"item\":\"https:\/\/phipower.org\/pt-pt\/\"},{\"@type\":\"ListItem\",\"position\":2,\"name\":\"Loja\",\"item\":\"https:\/\/phipower.org\/pt-pt\/loja\/\"},{\"@type\":\"ListItem\",\"position\":3,\"name\":\"L\u00e2mpada de terapia de luz vermelha de corpo inteiro 1500W | Vermelho profundo\/NIR | Phipower\"}]},{\"@type\":\"WebSite\",\"@id\":\"https:\/\/phipower.org\/pt-pt\/#website\",\"url\":\"https:\/\/phipower.org\/pt-pt\/\",\"name\":\"Phipower: innovatieve gezondheidsproducten\",\"description\":\"innovatieve gezondheidsproducten\",\"publisher\":{\"@id\":\"https:\/\/phipower.org\/pt-pt\/#organization\"},\"potentialAction\":[{\"@type\":\"SearchAction\",\"target\":{\"@type\":\"EntryPoint\",\"urlTemplate\":\"https:\/\/phipower.org\/pt-pt\/?s={search_term_string}\"},\"query-input\":{\"@type\":\"PropertyValueSpecification\",\"valueRequired\":true,\"valueName\":\"search_term_string\"}}],\"inLanguage\":\"pt-PT\"},{\"@type\":\"Organization\",\"@id\":\"https:\/\/phipower.org\/pt-pt\/#organization\",\"name\":\"Phipower\",\"url\":\"https:\/\/phipower.org\/pt-pt\/\",\"logo\":{\"@type\":\"ImageObject\",\"inLanguage\":\"pt-PT\",\"@id\":\"https:\/\/phipower.org\/pt-pt\/#\/schema\/logo\/image\/\",\"url\":\"https:\/\/phipower.org\/wp-content\/uploads\/2019\/06\/z-logo-RGB-wit-power.png\",\"contentUrl\":\"https:\/\/phipower.org\/wp-content\/uploads\/2019\/06\/z-logo-RGB-wit-power.png\",\"width\":3273,\"height\":1389,\"caption\":\"Phipower\"},\"image\":{\"@id\":\"https:\/\/phipower.org\/pt-pt\/#\/schema\/logo\/image\/\"},\"sameAs\":[\"https:\/\/www.facebook.com\/phipowertools\/\",\"https:\/\/x.com\/phipower1\",\"https:\/\/www.tiktok.com\/@phipowerhealth\"]}]}<\/script>\n<meta property=\"product:price:amount\" content=\"999.00\" \/>\n<meta property=\"product:price:currency\" content=\"EUR\" \/>\n<meta property=\"og:availability\" content=\"instock\" \/>\n<meta property=\"product:availability\" content=\"instock\" \/>\n<meta property=\"product:retailer_item_id\" content=\"8719324436939\" \/>\n<meta property=\"product:condition\" content=\"new\" \/>\n<!-- \/ Yoast SEO Premium plugin. -->","yoast_head_json":{"title":"L\u00e2mpada de terapia de luz vermelha | Para mais energia | Phipower","description":"L\u00e2mpada LED de terapia de luz vermelha de corpo inteiro \u2714 1500W \u2714 reduz a dor \u2714 estimula a forma\u00e7\u00e3o de colag\u00e9nio \u2714 reduz o tecido cicatricial \u2714 promove a cicatriza\u00e7\u00e3o de feridas","robots":{"index":"index","follow":"follow","max-snippet":"max-snippet:-1","max-image-preview":"max-image-preview:large","max-video-preview":"max-video-preview:-1"},"canonical":"https:\/\/phipower.org\/pt-pt\/produto\/lampada-de-terapia-de-luz-vermelha-de-corpo-inteiro-de-1500-watts-profunda-vermelha-nir-de-potencia\/","og_locale":"pt_PT","og_type":"article","og_title":"L\u00e2mpada de terapia de luz vermelha de corpo inteiro 1500W | Vermelho profundo\/NIR | Phipower","og_description":"L\u00e2mpada LED de terapia de luz vermelha de corpo inteiro \u2714 1500W \u2714 reduz a dor \u2714 estimula a forma\u00e7\u00e3o de colag\u00e9nio \u2714 reduz o tecido cicatricial \u2714 promove a cicatriza\u00e7\u00e3o de feridas","og_url":"https:\/\/phipower.org\/pt-pt\/produto\/lampada-de-terapia-de-luz-vermelha-de-corpo-inteiro-de-1500-watts-profunda-vermelha-nir-de-potencia\/","og_site_name":"Phipower","article_publisher":"https:\/\/www.facebook.com\/phipowertools\/","article_modified_time":"2026-04-03T12:32:14+00:00","og_image":[{"width":1200,"height":1200,"url":"https:\/\/phipower.org\/wp-content\/uploads\/2022\/10\/Rood-licht-therapie-red-light-therapy-near-infrared-infrarood-light-850-lamp-front.jpg","type":"image\/jpeg"}],"twitter_card":"summary_large_image","twitter_image":"https:\/\/phipower.org\/wp-content\/uploads\/2022\/10\/Rood-licht-therapie-red-light-therapy-near-infrared-infrarood-light-850-lamp-front.jpg","twitter_site":"@phipower1","twitter_misc":{"pre\u00e7o":"&euro;999,00","Disponibilidade":"Em stock"},"schema":{"@context":"https:\/\/schema.org","@graph":[{"@type":"WebPage","@id":"https:\/\/phipower.org\/pt-pt\/produto\/lampada-de-terapia-de-luz-vermelha-de-corpo-inteiro-de-1500-watts-profunda-vermelha-nir-de-potencia\/","url":"https:\/\/phipower.org\/pt-pt\/produto\/lampada-de-terapia-de-luz-vermelha-de-corpo-inteiro-de-1500-watts-profunda-vermelha-nir-de-potencia\/","name":"L\u00e2mpada de terapia de luz vermelha | Para mais energia | Phipower","isPartOf":{"@id":"https:\/\/phipower.org\/pt-pt\/#website"},"primaryImageOfPage":{"@id":"https:\/\/phipower.org\/pt-pt\/produto\/lampada-de-terapia-de-luz-vermelha-de-corpo-inteiro-de-1500-watts-profunda-vermelha-nir-de-potencia\/#primaryimage"},"image":{"@id":"https:\/\/phipower.org\/pt-pt\/produto\/lampada-de-terapia-de-luz-vermelha-de-corpo-inteiro-de-1500-watts-profunda-vermelha-nir-de-potencia\/#primaryimage"},"thumbnailUrl":"https:\/\/phipower.org\/wp-content\/uploads\/2022\/10\/rood-licht-therapie-lamp-phipower.jpeg","datePublished":"2022-10-30T13:54:12+00:00","dateModified":"2026-04-03T12:32:14+00:00","description":"L\u00e2mpada LED de terapia de luz vermelha de corpo inteiro \u2714 1500W \u2714 reduz a dor \u2714 estimula a forma\u00e7\u00e3o de colag\u00e9nio \u2714 reduz o tecido cicatricial \u2714 promove a cicatriza\u00e7\u00e3o de feridas","breadcrumb":{"@id":"https:\/\/phipower.org\/pt-pt\/produto\/lampada-de-terapia-de-luz-vermelha-de-corpo-inteiro-de-1500-watts-profunda-vermelha-nir-de-potencia\/#breadcrumb"},"inLanguage":"pt-PT","potentialAction":[{"@type":"ReadAction","target":["https:\/\/phipower.org\/pt-pt\/produto\/lampada-de-terapia-de-luz-vermelha-de-corpo-inteiro-de-1500-watts-profunda-vermelha-nir-de-potencia\/"]}]},{"@type":"ImageObject","inLanguage":"pt-PT","@id":"https:\/\/phipower.org\/pt-pt\/produto\/lampada-de-terapia-de-luz-vermelha-de-corpo-inteiro-de-1500-watts-profunda-vermelha-nir-de-potencia\/#primaryimage","url":"https:\/\/phipower.org\/wp-content\/uploads\/2022\/10\/rood-licht-therapie-lamp-phipower.jpeg","contentUrl":"https:\/\/phipower.org\/wp-content\/uploads\/2022\/10\/rood-licht-therapie-lamp-phipower.jpeg","width":2048,"height":2048},{"@type":"BreadcrumbList","@id":"https:\/\/phipower.org\/pt-pt\/produto\/lampada-de-terapia-de-luz-vermelha-de-corpo-inteiro-de-1500-watts-profunda-vermelha-nir-de-potencia\/#breadcrumb","itemListElement":[{"@type":"ListItem","position":1,"name":"Home","item":"https:\/\/phipower.org\/pt-pt\/"},{"@type":"ListItem","position":2,"name":"Loja","item":"https:\/\/phipower.org\/pt-pt\/loja\/"},{"@type":"ListItem","position":3,"name":"L\u00e2mpada de terapia de luz vermelha de corpo inteiro 1500W | Vermelho profundo\/NIR | Phipower"}]},{"@type":"WebSite","@id":"https:\/\/phipower.org\/pt-pt\/#website","url":"https:\/\/phipower.org\/pt-pt\/","name":"Phipower: innovatieve gezondheidsproducten","description":"innovatieve gezondheidsproducten","publisher":{"@id":"https:\/\/phipower.org\/pt-pt\/#organization"},"potentialAction":[{"@type":"SearchAction","target":{"@type":"EntryPoint","urlTemplate":"https:\/\/phipower.org\/pt-pt\/?s={search_term_string}"},"query-input":{"@type":"PropertyValueSpecification","valueRequired":true,"valueName":"search_term_string"}}],"inLanguage":"pt-PT"},{"@type":"Organization","@id":"https:\/\/phipower.org\/pt-pt\/#organization","name":"Phipower","url":"https:\/\/phipower.org\/pt-pt\/","logo":{"@type":"ImageObject","inLanguage":"pt-PT","@id":"https:\/\/phipower.org\/pt-pt\/#\/schema\/logo\/image\/","url":"https:\/\/phipower.org\/wp-content\/uploads\/2019\/06\/z-logo-RGB-wit-power.png","contentUrl":"https:\/\/phipower.org\/wp-content\/uploads\/2019\/06\/z-logo-RGB-wit-power.png","width":3273,"height":1389,"caption":"Phipower"},"image":{"@id":"https:\/\/phipower.org\/pt-pt\/#\/schema\/logo\/image\/"},"sameAs":["https:\/\/www.facebook.com\/phipowertools\/","https:\/\/x.com\/phipower1","https:\/\/www.tiktok.com\/@phipowerhealth"]}]},"product_price_amount":"999.00","product_price_currency":"EUR","og_availability":"instock","product_availability":"instock","product_retailer_item_id":"8719324436939","product_condition":"new"},"_links":{"self":[{"href":"https:\/\/phipower.org\/pt-pt\/wp-json\/wp\/v2\/product\/4074","targetHints":{"allow":["GET"]}}],"collection":[{"href":"https:\/\/phipower.org\/pt-pt\/wp-json\/wp\/v2\/product"}],"about":[{"href":"https:\/\/phipower.org\/pt-pt\/wp-json\/wp\/v2\/types\/product"}],"replies":[{"embeddable":true,"href":"https:\/\/phipower.org\/pt-pt\/wp-json\/wp\/v2\/comments?post=4074"}],"wp:featuredmedia":[{"embeddable":true,"href":"https:\/\/phipower.org\/pt-pt\/wp-json\/wp\/v2\/media\/10419"}],"wp:attachment":[{"href":"https:\/\/phipower.org\/pt-pt\/wp-json\/wp\/v2\/media?parent=4074"}],"wp:term":[{"taxonomy":"product_brand","embeddable":true,"href":"https:\/\/phipower.org\/pt-pt\/wp-json\/wp\/v2\/product_brand?post=4074"},{"taxonomy":"product_cat","embeddable":true,"href":"https:\/\/phipower.org\/pt-pt\/wp-json\/wp\/v2\/product_cat?post=4074"},{"taxonomy":"product_tag","embeddable":true,"href":"https:\/\/phipower.org\/pt-pt\/wp-json\/wp\/v2\/product_tag?post=4074"}],"curies":[{"name":"wp","href":"https:\/\/api.w.org\/{rel}","templated":true}]}}