{"id":4035,"date":"2022-07-14T09:43:45","date_gmt":"2022-07-14T09:43:45","guid":{"rendered":"https:\/\/phipower.org\/product\/gerador-de-agua-alcalina-ionizador-e-purificador-de-agua-filtro-de-carvao-ativo-phipower\/"},"modified":"2026-04-23T10:48:45","modified_gmt":"2026-04-23T10:48:45","slug":"gerador-de-agua-alcalina-ionizador-e-purificador-de-agua-filtro-de-carvao-ativo-phipower","status":"publish","type":"product","link":"https:\/\/phipower.org\/pt-pt\/produto\/gerador-de-agua-alcalina-ionizador-e-purificador-de-agua-filtro-de-carvao-ativo-phipower\/","title":{"rendered":"Gerador de \u00e1gua alcalina | Ionizador e purificador de \u00e1gua | Filtro de carv\u00e3o ativo | Phipower"},"content":{"rendered":"<div class=\"video video-fit mb\" style=\"padding-top:56.25%;\"><p><iframe title=\"PhiPower water ionizer machine Installation and review!\" width=\"1020\" height=\"574\" src=\"https:\/\/www.youtube.com\/embed\/aNatLvHHil0?feature=oembed\" frameborder=\"0\" allow=\"accelerometer; autoplay; clipboard-write; encrypted-media; gyroscope; picture-in-picture; web-share\" allowfullscreen><\/iframe><\/p>\n<\/div>\n<h1>Gerador de \u00e1gua alcalina | Ionizador e purificador de \u00e1gua | Filtro de carv\u00e3o ativo | Phipower<\/h1>\n<p><strong>converte a \u00e1gua da torneira em \u00e1gua alcalina purificada<\/strong><br \/>\n<strong>\u2714 f\u00e1cil de ligar<\/strong><br \/>\n<strong>\u2714 v\u00e1rias posi\u00e7\u00f5es poss\u00edveis<\/strong><br \/>\n<strong>\u00c1gua purificada (pH 7,0)<\/strong><br \/>\n<strong>\u00c1gua pot\u00e1vel (pH 7,5 &#8211; 8,5)<\/strong><br \/>\n<strong>\u00c1gua de cozedura (pH 8,0 &#8211; 9,0)<\/strong><br \/>\n<strong>\u00c1gua de limpeza (pH 9,0 &#8211; 10,5)<\/strong><br \/>\n<strong>\u00c1gua da pele (ligeiramente \u00e1cida: pH 5,0 &#8211; 6,5)<\/strong><br \/>\n<strong>\u00c1gua \u00e1cida para desinfe\u00e7\u00e3o (pH 3,5 &#8211; 5,5)<\/strong><br \/>\n<strong>com filtro de carv\u00e3o ativo para 6.000 litros de \u00e1gua<\/strong><\/p>\n<p><strong>Descri\u00e7\u00e3o<\/strong><br \/>\nCom este gerador\/ionizador de \u00e1gua alcalina, a \u00e1gua da torneira \u00e9 filtrada e depois levada ao valor de pH desejado atrav\u00e9s de eletr\u00f3lise.<\/p>\n<p>Aqui, o fluxo de \u00e1gua \u00e9 separado num componente \u00e1cido e num componente alcalino\/alcalino.<br \/>\nAqui s\u00e3o poss\u00edveis at\u00e9 7 qualidades de \u00e1gua.<\/p>\n<p>Estes s\u00e3o facilmente seleccionados atrav\u00e9s das teclas t\u00e1cteis do painel frontal.<\/p>\n<p>O visor mostra o valor de pH selecionado, o caudal, o valor de ORP e a vida \u00fatil restante do filtro (em litros).<\/p>\n<p>A qualidade desejada da \u00e1gua \u00e9 direccionada para o exterior atrav\u00e9s do bico flex\u00edvel.<\/p>\n<p>A outra parte da \u00e1gua (= \u00e1guas residuais) \u00e9 drenada atrav\u00e9s do adaptador da torneira.<\/p>\n<p>A eletr\u00f3lise \u00e9 efectuada atrav\u00e9s de 5 placas de tit\u00e2nio revestidas a platina de alta qualidade.<\/p>\n<p>Quando o ionizador de \u00e1gua \u00e9 ligado \u00e0 torneira, \u00e9 gerada \u00e1gua alcalina padr\u00e3o de n\u00edvel 2 (pH 8,0 ~ 9,0).<\/p>\n<p>Podem ent\u00e3o ser seleccionados diferentes modos com diferentes qualidades de \u00e1gua.<\/p>\n<p>Cada modo \u00e9 apoiado por uma m\u00fasica de fundo e uma voz que indica qual a qualidade da \u00e1gua selecionada.<\/p>\n<p>O ionizador de \u00e1gua pode gerar as seguintes qualidades de \u00e1gua:<\/p>\n<p><strong>\u00c1gua alcalina n\u00edvel 1 (pH 7,5 ~ 8,5)<\/strong><br \/>\nPara quem est\u00e1 a come\u00e7ar a beber \u00e1gua alcalina<br \/>\nEquilibra o pH interno e melhora a absor\u00e7\u00e3o de minerais<\/p>\n<p><strong>\u00c1gua b\u00e1sica n\u00edvel 2 (pH 8,0 ~ 9,0)<\/strong><br \/>\nPara cozinhar arroz e noodles, mant\u00e9m o sabor natural durante mais tempo<br \/>\nPara beber diariamente ap\u00f3s a primeira utiliza\u00e7\u00e3o n\u00edvel 1<br \/>\nPara fazer ch\u00e1 ou caf\u00e9 (reduz o amargor e melhora o sabor)<\/p>\n<p><strong>\u00c1gua b\u00e1sica n\u00edvel 3 (pH 8,5 ~ 10,0)<\/strong><br \/>\nPara consumo di\u00e1rio avan\u00e7ado<\/p>\n<p><strong>\u00c1gua b\u00e1sica de n\u00edvel 4 (pH 9,0 ~ 10,5)<\/strong><br \/>\nPara demolhar\/enxaguar legumes\/frutos, carne e peixe<br \/>\nPara reduzir os pesticidas nos legumes e nos frutos<br \/>\nPara reduzir o odor e os sabores estranhos na carne e no peixe<br \/>\nPara preservar os nutrientes e o sabor ao cozinhar legumes<\/p>\n<p><strong>\u00c1gua purificada (pH 7,0)<\/strong><br \/>\nPurificada por um filtro de carbono de alta qualidade<br \/>\nAdequada como \u00e1gua para biber\u00f5es<\/p>\n<p><strong>\u00c1gua \u00e1cida n\u00edvel 1 (pH 5,0 ~ 6,5)<\/strong><br \/>\n<em>Nota: N\u00e3o \u00e9 \u00e1gua pot\u00e1vel<\/em><br \/>\nPara limpar o rosto e a pele<br \/>\nA \u00e1gua aproxima-se do valor do pH da pele<br \/>\nIdeal para lavar a pele sens\u00edvel<br \/>\nLimpa os poros da pele<br \/>\nProporciona um cabelo brilhante<br \/>\nAdequado como after shave natural<\/p>\n<p><strong>\u00c1gua \u00e1cida n\u00edvel 2 (pH 3,5 ~ 5,5)<\/strong><br \/>\n<em>Nota: N\u00e3o h\u00e1 \u00e1gua pot\u00e1vel<\/em><br \/>\nAdequado para limpar lou\u00e7a e ch\u00e3o<br \/>\nRemove res\u00edduos de produtos qu\u00edmicos em frutas e legumes<\/p>\n<p><strong>A embalagem \u00e9 composta por:<\/strong><br \/>\n1 x Gerador b\u00e1sico de \u00e1gua\/ionizador<br \/>\n1 x Bocal<br \/>\n1 x Mangueira de \u00e1gua<br \/>\n1 x Adaptador de torneira<br \/>\n1 x Suporte de parede<br \/>\n1 x Anilhas de borracha e conetor<br \/>\n1 x Cabo de alimenta\u00e7\u00e3o<br \/>\n1 x Manual<\/p>\n<p><strong>Especifica\u00e7\u00f5es:<\/strong><\/p>\n<ul>\n<li>5 x el\u00e9ctrodos de tit\u00e2nio com revestimento de platina<\/li>\n<li>Consumo de energia: 5 &#8211; 90W<\/li>\n<li>Consumo em espera: 1W<\/li>\n<li>Caudal: 0,8 &#8211; 3,5 litros\/minuto<\/li>\n<li>Caudal ideal: 2 &#8211; 3 litros\/minuto<\/li>\n<li>Capacidade do filtro: aprox. 6000 litros<\/li>\n<li>Gama de pH: 3,5 &#8211; 10,5<\/li>\n<li>Gama ORP: +60 ~ 500mV<\/li>\n<li>Temperatura da \u00e1gua \u00e0 entrada: inferior a 45 \u00b0C<\/li>\n<li>Tamanho do produto: 25,8 x 17 x 11 cm<\/li>\n<li>Peso l\u00edquido: 1,5 kg<\/li>\n<\/ul>\n<p><strong>Manual:<\/strong><br \/>\n<a href=\"https:\/\/drive.google.com\/file\/d\/1LgJxYq90kNtR8mVIcBDpfvjp4uzo5-n2\/view?usp=sharing\">Descarregar o manual aqui<\/a><\/p>\n<div class=\"video video-fit mb\" style=\"padding-top:56.25%;\"><p><iframe title=\"Why a water ionizer?\" width=\"1020\" height=\"574\" src=\"https:\/\/www.youtube.com\/embed\/PtWQMON4VM8?feature=oembed\" frameborder=\"0\" allow=\"accelerometer; autoplay; clipboard-write; encrypted-media; gyroscope; picture-in-picture; web-share\" allowfullscreen><\/iframe><\/p>\n<\/div>\n","protected":false},"excerpt":{"rendered":"<p><strong>converte a \u00e1gua da torneira em \u00e1gua alcalina purificada<\/strong><br \/>\n<strong>\u2714 f\u00e1cil de ligar<\/strong><br \/>\n<strong>\u00c1gua purificada (pH 7,0)<\/strong><br \/>\n<strong>\u00c1gua pot\u00e1vel (pH 7,5 &#8211; 8,5)<\/strong><br \/>\n<strong>\u00c1gua de cozedura (pH 8,0 &#8211; 9,0)<\/strong><br \/>\n<strong>\u00c1gua de limpeza (pH 9,0 &#8211; 10,5)<\/strong><br \/>\n<strong>\u00c1gua da pele (ligeiramente \u00e1cida: pH 5,0 &#8211; 6,5)<\/strong><br \/>\n<strong>\u00c1gua \u00e1cida para desinfe\u00e7\u00e3o (pH 3,5 &#8211; 5,5)<\/strong><br \/>\n<strong>com filtro de carv\u00e3o ativo para 6.000 litros de \u00e1gua<\/strong><\/p>\n","protected":false},"featured_media":10428,"comment_status":"open","ping_status":"closed","template":"","meta":[],"product_brand":[],"product_cat":[999,993,995],"product_tag":[],"class_list":{"0":"post-4035","1":"product","2":"type-product","3":"status-publish","4":"has-post-thumbnail","6":"product_cat-gerador-de-agua-alcalina","7":"product_cat-produtos","8":"product_cat-tratamento-da-agua","9":"product_shipping_class-2-5-kg","11":"first","12":"instock","13":"taxable","14":"shipping-taxable","15":"purchasable","16":"product-type-simple"},"yoast_head":"<!-- This site is optimized with the Yoast SEO Premium plugin v23.6 (Yoast SEO v27.2) - https:\/\/yoast.com\/product\/yoast-seo-premium-wordpress\/ -->\n<title>Gerador de \u00e1gua alcalina | para uma hidrata\u00e7\u00e3o com pH equilibrado | Phipower<\/title>\n<meta name=\"description\" content=\"\u2714 transforma a \u00e1gua da torneira em \u00e1gua alcalina purificada \u2714 f\u00e1cil de ligar \u2714 v\u00e1rias defini\u00e7\u00f5es poss\u00edveis \u2714 \u00e1gua purificada (pH 7,0) \u2714 \u00e1gua pot\u00e1vel (pH 7,5 - 8,5)\" \/>\n<meta name=\"robots\" content=\"index, follow, max-snippet:-1, max-image-preview:large, max-video-preview:-1\" \/>\n<link rel=\"canonical\" href=\"https:\/\/phipower.org\/pt-pt\/produto\/gerador-de-agua-alcalina-ionizador-e-purificador-de-agua-filtro-de-carvao-ativo-phipower\/\" \/>\n<meta property=\"og:locale\" content=\"pt_PT\" \/>\n<meta property=\"og:type\" content=\"article\" \/>\n<meta property=\"og:title\" content=\"Gerador de \u00e1gua alcalina | Ionizador e purificador de \u00e1gua | Filtro de carv\u00e3o ativo | Phipower\" \/>\n<meta property=\"og:description\" content=\"\u2714 transforma a \u00e1gua da torneira em \u00e1gua alcalina purificada \u2714 f\u00e1cil de ligar \u2714 v\u00e1rias defini\u00e7\u00f5es poss\u00edveis \u2714 \u00e1gua purificada (pH 7,0) \u2714 \u00e1gua pot\u00e1vel (pH 7,5 - 8,5)\" \/>\n<meta property=\"og:url\" content=\"https:\/\/phipower.org\/pt-pt\/produto\/gerador-de-agua-alcalina-ionizador-e-purificador-de-agua-filtro-de-carvao-ativo-phipower\/\" \/>\n<meta property=\"og:site_name\" content=\"Phipower\" \/>\n<meta property=\"article:publisher\" content=\"https:\/\/www.facebook.com\/phipowertools\/\" \/>\n<meta property=\"article:modified_time\" content=\"2026-04-23T10:48:45+00:00\" \/>\n<meta property=\"og:image\" content=\"https:\/\/phipower.org\/wp-content\/uploads\/2021\/09\/waterstofgas-inhaler-inhalator-H2-O2-300ml-H2-generator-medisch-apparaat-phipower-zijkant-1.jpg\" \/>\n\t<meta property=\"og:image:width\" content=\"1200\" \/>\n\t<meta property=\"og:image:height\" content=\"1200\" \/>\n\t<meta property=\"og:image:type\" content=\"image\/jpeg\" \/>\n<meta name=\"twitter:card\" content=\"summary_large_image\" \/>\n<meta name=\"twitter:site\" content=\"@phipower1\" \/>\n<meta name=\"twitter:label1\" content=\"pre\u00e7o\" \/>\n\t<meta name=\"twitter:data1\" content=\"&euro;499,00\" \/>\n\t<meta name=\"twitter:label2\" content=\"Disponibilidade\" \/>\n\t<meta name=\"twitter:data2\" content=\"Em stock\" \/>\n<script type=\"application\/ld+json\" class=\"yoast-schema-graph\">{\"@context\":\"https:\/\/schema.org\",\"@graph\":[{\"@type\":\"WebPage\",\"@id\":\"https:\/\/phipower.org\/pt-pt\/produto\/gerador-de-agua-alcalina-ionizador-e-purificador-de-agua-filtro-de-carvao-ativo-phipower\/\",\"url\":\"https:\/\/phipower.org\/pt-pt\/produto\/gerador-de-agua-alcalina-ionizador-e-purificador-de-agua-filtro-de-carvao-ativo-phipower\/\",\"name\":\"Gerador de \u00e1gua alcalina | para uma hidrata\u00e7\u00e3o com pH equilibrado | Phipower\",\"isPartOf\":{\"@id\":\"https:\/\/phipower.org\/pt-pt\/#website\"},\"primaryImageOfPage\":{\"@id\":\"https:\/\/phipower.org\/pt-pt\/produto\/gerador-de-agua-alcalina-ionizador-e-purificador-de-agua-filtro-de-carvao-ativo-phipower\/#primaryimage\"},\"image\":{\"@id\":\"https:\/\/phipower.org\/pt-pt\/produto\/gerador-de-agua-alcalina-ionizador-e-purificador-de-agua-filtro-de-carvao-ativo-phipower\/#primaryimage\"},\"thumbnailUrl\":\"https:\/\/phipower.org\/wp-content\/uploads\/2022\/07\/Basisch-water-generator-Water-ionisator-en-zuivering-Actief-koolstoffilter-Phipower.webp\",\"datePublished\":\"2022-07-14T09:43:45+00:00\",\"dateModified\":\"2026-04-23T10:48:45+00:00\",\"description\":\"\u2714 transforma a \u00e1gua da torneira em \u00e1gua alcalina purificada \u2714 f\u00e1cil de ligar \u2714 v\u00e1rias defini\u00e7\u00f5es poss\u00edveis \u2714 \u00e1gua purificada (pH 7,0) \u2714 \u00e1gua pot\u00e1vel (pH 7,5 - 8,5)\",\"breadcrumb\":{\"@id\":\"https:\/\/phipower.org\/pt-pt\/produto\/gerador-de-agua-alcalina-ionizador-e-purificador-de-agua-filtro-de-carvao-ativo-phipower\/#breadcrumb\"},\"inLanguage\":\"pt-PT\",\"potentialAction\":[{\"@type\":\"ReadAction\",\"target\":[\"https:\/\/phipower.org\/pt-pt\/produto\/gerador-de-agua-alcalina-ionizador-e-purificador-de-agua-filtro-de-carvao-ativo-phipower\/\"]}]},{\"@type\":\"ImageObject\",\"inLanguage\":\"pt-PT\",\"@id\":\"https:\/\/phipower.org\/pt-pt\/produto\/gerador-de-agua-alcalina-ionizador-e-purificador-de-agua-filtro-de-carvao-ativo-phipower\/#primaryimage\",\"url\":\"https:\/\/phipower.org\/wp-content\/uploads\/2022\/07\/Basisch-water-generator-Water-ionisator-en-zuivering-Actief-koolstoffilter-Phipower.webp\",\"contentUrl\":\"https:\/\/phipower.org\/wp-content\/uploads\/2022\/07\/Basisch-water-generator-Water-ionisator-en-zuivering-Actief-koolstoffilter-Phipower.webp\",\"width\":1920,\"height\":1920},{\"@type\":\"BreadcrumbList\",\"@id\":\"https:\/\/phipower.org\/pt-pt\/produto\/gerador-de-agua-alcalina-ionizador-e-purificador-de-agua-filtro-de-carvao-ativo-phipower\/#breadcrumb\",\"itemListElement\":[{\"@type\":\"ListItem\",\"position\":1,\"name\":\"Home\",\"item\":\"https:\/\/phipower.org\/pt-pt\/\"},{\"@type\":\"ListItem\",\"position\":2,\"name\":\"Loja\",\"item\":\"https:\/\/phipower.org\/pt-pt\/loja\/\"},{\"@type\":\"ListItem\",\"position\":3,\"name\":\"Gerador de \u00e1gua alcalina | Ionizador e purificador de \u00e1gua | Filtro de carv\u00e3o ativo | Phipower\"}]},{\"@type\":\"WebSite\",\"@id\":\"https:\/\/phipower.org\/pt-pt\/#website\",\"url\":\"https:\/\/phipower.org\/pt-pt\/\",\"name\":\"Phipower: innovatieve gezondheidsproducten\",\"description\":\"innovatieve gezondheidsproducten\",\"publisher\":{\"@id\":\"https:\/\/phipower.org\/pt-pt\/#organization\"},\"potentialAction\":[{\"@type\":\"SearchAction\",\"target\":{\"@type\":\"EntryPoint\",\"urlTemplate\":\"https:\/\/phipower.org\/pt-pt\/?s={search_term_string}\"},\"query-input\":{\"@type\":\"PropertyValueSpecification\",\"valueRequired\":true,\"valueName\":\"search_term_string\"}}],\"inLanguage\":\"pt-PT\"},{\"@type\":\"Organization\",\"@id\":\"https:\/\/phipower.org\/pt-pt\/#organization\",\"name\":\"Phipower\",\"url\":\"https:\/\/phipower.org\/pt-pt\/\",\"logo\":{\"@type\":\"ImageObject\",\"inLanguage\":\"pt-PT\",\"@id\":\"https:\/\/phipower.org\/pt-pt\/#\/schema\/logo\/image\/\",\"url\":\"https:\/\/phipower.org\/wp-content\/uploads\/2019\/06\/z-logo-RGB-wit-power.png\",\"contentUrl\":\"https:\/\/phipower.org\/wp-content\/uploads\/2019\/06\/z-logo-RGB-wit-power.png\",\"width\":3273,\"height\":1389,\"caption\":\"Phipower\"},\"image\":{\"@id\":\"https:\/\/phipower.org\/pt-pt\/#\/schema\/logo\/image\/\"},\"sameAs\":[\"https:\/\/www.facebook.com\/phipowertools\/\",\"https:\/\/x.com\/phipower1\",\"https:\/\/www.tiktok.com\/@phipowerhealth\"]}]}<\/script>\n<meta property=\"product:price:amount\" content=\"499.00\" \/>\n<meta property=\"product:price:currency\" content=\"EUR\" \/>\n<meta property=\"og:availability\" content=\"instock\" \/>\n<meta property=\"product:availability\" content=\"instock\" \/>\n<meta property=\"product:retailer_item_id\" content=\"8719324436915\" \/>\n<meta property=\"product:condition\" content=\"new\" \/>\n<!-- \/ Yoast SEO Premium plugin. -->","yoast_head_json":{"title":"Gerador de \u00e1gua alcalina | para uma hidrata\u00e7\u00e3o com pH equilibrado | Phipower","description":"\u2714 transforma a \u00e1gua da torneira em \u00e1gua alcalina purificada \u2714 f\u00e1cil de ligar \u2714 v\u00e1rias defini\u00e7\u00f5es poss\u00edveis \u2714 \u00e1gua purificada (pH 7,0) \u2714 \u00e1gua pot\u00e1vel (pH 7,5 - 8,5)","robots":{"index":"index","follow":"follow","max-snippet":"max-snippet:-1","max-image-preview":"max-image-preview:large","max-video-preview":"max-video-preview:-1"},"canonical":"https:\/\/phipower.org\/pt-pt\/produto\/gerador-de-agua-alcalina-ionizador-e-purificador-de-agua-filtro-de-carvao-ativo-phipower\/","og_locale":"pt_PT","og_type":"article","og_title":"Gerador de \u00e1gua alcalina | Ionizador e purificador de \u00e1gua | Filtro de carv\u00e3o ativo | Phipower","og_description":"\u2714 transforma a \u00e1gua da torneira em \u00e1gua alcalina purificada \u2714 f\u00e1cil de ligar \u2714 v\u00e1rias defini\u00e7\u00f5es poss\u00edveis \u2714 \u00e1gua purificada (pH 7,0) \u2714 \u00e1gua pot\u00e1vel (pH 7,5 - 8,5)","og_url":"https:\/\/phipower.org\/pt-pt\/produto\/gerador-de-agua-alcalina-ionizador-e-purificador-de-agua-filtro-de-carvao-ativo-phipower\/","og_site_name":"Phipower","article_publisher":"https:\/\/www.facebook.com\/phipowertools\/","article_modified_time":"2026-04-23T10:48:45+00:00","og_image":[{"width":1200,"height":1200,"url":"https:\/\/phipower.org\/wp-content\/uploads\/2021\/09\/waterstofgas-inhaler-inhalator-H2-O2-300ml-H2-generator-medisch-apparaat-phipower-zijkant-1.jpg","type":"image\/jpeg"}],"twitter_card":"summary_large_image","twitter_site":"@phipower1","twitter_misc":{"pre\u00e7o":"&euro;499,00","Disponibilidade":"Em stock"},"schema":{"@context":"https:\/\/schema.org","@graph":[{"@type":"WebPage","@id":"https:\/\/phipower.org\/pt-pt\/produto\/gerador-de-agua-alcalina-ionizador-e-purificador-de-agua-filtro-de-carvao-ativo-phipower\/","url":"https:\/\/phipower.org\/pt-pt\/produto\/gerador-de-agua-alcalina-ionizador-e-purificador-de-agua-filtro-de-carvao-ativo-phipower\/","name":"Gerador de \u00e1gua alcalina | para uma hidrata\u00e7\u00e3o com pH equilibrado | Phipower","isPartOf":{"@id":"https:\/\/phipower.org\/pt-pt\/#website"},"primaryImageOfPage":{"@id":"https:\/\/phipower.org\/pt-pt\/produto\/gerador-de-agua-alcalina-ionizador-e-purificador-de-agua-filtro-de-carvao-ativo-phipower\/#primaryimage"},"image":{"@id":"https:\/\/phipower.org\/pt-pt\/produto\/gerador-de-agua-alcalina-ionizador-e-purificador-de-agua-filtro-de-carvao-ativo-phipower\/#primaryimage"},"thumbnailUrl":"https:\/\/phipower.org\/wp-content\/uploads\/2022\/07\/Basisch-water-generator-Water-ionisator-en-zuivering-Actief-koolstoffilter-Phipower.webp","datePublished":"2022-07-14T09:43:45+00:00","dateModified":"2026-04-23T10:48:45+00:00","description":"\u2714 transforma a \u00e1gua da torneira em \u00e1gua alcalina purificada \u2714 f\u00e1cil de ligar \u2714 v\u00e1rias defini\u00e7\u00f5es poss\u00edveis \u2714 \u00e1gua purificada (pH 7,0) \u2714 \u00e1gua pot\u00e1vel (pH 7,5 - 8,5)","breadcrumb":{"@id":"https:\/\/phipower.org\/pt-pt\/produto\/gerador-de-agua-alcalina-ionizador-e-purificador-de-agua-filtro-de-carvao-ativo-phipower\/#breadcrumb"},"inLanguage":"pt-PT","potentialAction":[{"@type":"ReadAction","target":["https:\/\/phipower.org\/pt-pt\/produto\/gerador-de-agua-alcalina-ionizador-e-purificador-de-agua-filtro-de-carvao-ativo-phipower\/"]}]},{"@type":"ImageObject","inLanguage":"pt-PT","@id":"https:\/\/phipower.org\/pt-pt\/produto\/gerador-de-agua-alcalina-ionizador-e-purificador-de-agua-filtro-de-carvao-ativo-phipower\/#primaryimage","url":"https:\/\/phipower.org\/wp-content\/uploads\/2022\/07\/Basisch-water-generator-Water-ionisator-en-zuivering-Actief-koolstoffilter-Phipower.webp","contentUrl":"https:\/\/phipower.org\/wp-content\/uploads\/2022\/07\/Basisch-water-generator-Water-ionisator-en-zuivering-Actief-koolstoffilter-Phipower.webp","width":1920,"height":1920},{"@type":"BreadcrumbList","@id":"https:\/\/phipower.org\/pt-pt\/produto\/gerador-de-agua-alcalina-ionizador-e-purificador-de-agua-filtro-de-carvao-ativo-phipower\/#breadcrumb","itemListElement":[{"@type":"ListItem","position":1,"name":"Home","item":"https:\/\/phipower.org\/pt-pt\/"},{"@type":"ListItem","position":2,"name":"Loja","item":"https:\/\/phipower.org\/pt-pt\/loja\/"},{"@type":"ListItem","position":3,"name":"Gerador de \u00e1gua alcalina | Ionizador e purificador de \u00e1gua | Filtro de carv\u00e3o ativo | Phipower"}]},{"@type":"WebSite","@id":"https:\/\/phipower.org\/pt-pt\/#website","url":"https:\/\/phipower.org\/pt-pt\/","name":"Phipower: innovatieve gezondheidsproducten","description":"innovatieve gezondheidsproducten","publisher":{"@id":"https:\/\/phipower.org\/pt-pt\/#organization"},"potentialAction":[{"@type":"SearchAction","target":{"@type":"EntryPoint","urlTemplate":"https:\/\/phipower.org\/pt-pt\/?s={search_term_string}"},"query-input":{"@type":"PropertyValueSpecification","valueRequired":true,"valueName":"search_term_string"}}],"inLanguage":"pt-PT"},{"@type":"Organization","@id":"https:\/\/phipower.org\/pt-pt\/#organization","name":"Phipower","url":"https:\/\/phipower.org\/pt-pt\/","logo":{"@type":"ImageObject","inLanguage":"pt-PT","@id":"https:\/\/phipower.org\/pt-pt\/#\/schema\/logo\/image\/","url":"https:\/\/phipower.org\/wp-content\/uploads\/2019\/06\/z-logo-RGB-wit-power.png","contentUrl":"https:\/\/phipower.org\/wp-content\/uploads\/2019\/06\/z-logo-RGB-wit-power.png","width":3273,"height":1389,"caption":"Phipower"},"image":{"@id":"https:\/\/phipower.org\/pt-pt\/#\/schema\/logo\/image\/"},"sameAs":["https:\/\/www.facebook.com\/phipowertools\/","https:\/\/x.com\/phipower1","https:\/\/www.tiktok.com\/@phipowerhealth"]}]},"product_price_amount":"499.00","product_price_currency":"EUR","og_availability":"instock","product_availability":"instock","product_retailer_item_id":"8719324436915","product_condition":"new"},"_links":{"self":[{"href":"https:\/\/phipower.org\/pt-pt\/wp-json\/wp\/v2\/product\/4035","targetHints":{"allow":["GET"]}}],"collection":[{"href":"https:\/\/phipower.org\/pt-pt\/wp-json\/wp\/v2\/product"}],"about":[{"href":"https:\/\/phipower.org\/pt-pt\/wp-json\/wp\/v2\/types\/product"}],"replies":[{"embeddable":true,"href":"https:\/\/phipower.org\/pt-pt\/wp-json\/wp\/v2\/comments?post=4035"}],"wp:featuredmedia":[{"embeddable":true,"href":"https:\/\/phipower.org\/pt-pt\/wp-json\/wp\/v2\/media\/10428"}],"wp:attachment":[{"href":"https:\/\/phipower.org\/pt-pt\/wp-json\/wp\/v2\/media?parent=4035"}],"wp:term":[{"taxonomy":"product_brand","embeddable":true,"href":"https:\/\/phipower.org\/pt-pt\/wp-json\/wp\/v2\/product_brand?post=4035"},{"taxonomy":"product_cat","embeddable":true,"href":"https:\/\/phipower.org\/pt-pt\/wp-json\/wp\/v2\/product_cat?post=4035"},{"taxonomy":"product_tag","embeddable":true,"href":"https:\/\/phipower.org\/pt-pt\/wp-json\/wp\/v2\/product_tag?post=4035"}],"curies":[{"name":"wp","href":"https:\/\/api.w.org\/{rel}","templated":true}]}}