{"id":4034,"date":"2020-05-19T11:54:46","date_gmt":"2020-05-19T11:54:46","guid":{"rendered":"https:\/\/phipower.org\/product\/lampada-de-terapia-de-luz-vermelha-vermelho-profundo-nir-phipower\/"},"modified":"2026-04-03T12:43:43","modified_gmt":"2026-04-03T12:43:43","slug":"lampada-de-terapia-de-luz-vermelha-vermelho-profundo-nir-phipower","status":"publish","type":"product","link":"https:\/\/phipower.org\/pt-pt\/produto\/lampada-de-terapia-de-luz-vermelha-vermelho-profundo-nir-phipower\/","title":{"rendered":"L\u00e2mpada de terapia de luz vermelha | Vermelho profundo\/NIR | Estimula a produ\u00e7\u00e3o de colag\u00e9nio | Phipower"},"content":{"rendered":"<div class=\"video video-fit mb\" style=\"padding-top:56.25%;\"><p><iframe title=\"New: Red Light Therapy Lamp | Deep Red\/NIR | Phipower\" width=\"1020\" height=\"574\" src=\"https:\/\/www.youtube.com\/embed\/CW7sz97KcRw?feature=oembed\" frameborder=\"0\" allow=\"accelerometer; autoplay; clipboard-write; encrypted-media; gyroscope; picture-in-picture; web-share\" allowfullscreen><\/iframe><\/p>\n<\/div>\n<h1>L\u00e2mpada de terapia de luz vermelha | Phipower<\/h1>\n<p><strong>Apoia a capacidade de repara\u00e7\u00e3o da pele<\/strong><br \/>\n<strong>bom para os m\u00fasculos e tecido conjuntivo<\/strong><br \/>\n<strong>Estimula a forma\u00e7\u00e3o de colag\u00e9nio<\/strong><br \/>\n<strong>\u2714 d\u00e1 energia<\/strong><br \/>\n<strong>Aumenta o metabolismo<\/strong><br \/>\n<strong>Tem um efeito positivo no f\u00edgado<\/strong><br \/>\n<strong>Promove o sono<\/strong><br \/>\n<strong>para uma mente clara<\/strong><br \/>\n<strong>A l\u00e2mpada n\u00e3o aquece<\/strong><\/p>\n<p><strong>Descri\u00e7\u00e3o:<\/strong><br \/>\nA terapia de luz vermelha da Phipower utiliza um espetro ben\u00e9fico espec\u00edfico de luz infravermelha pr\u00f3xima (NIR) (850 nm) e luz vermelha profunda (660 nm).<\/p>\n<p>A investiga\u00e7\u00e3o demonstrou que a combina\u00e7\u00e3o destas frequ\u00eancias de luz vermelha \u00e9 particularmente ben\u00e9fica para o corpo humano.<\/p>\n<p>As frequ\u00eancias combinadas t\u00eam um efeito ben\u00e9fico no equil\u00edbrio energ\u00e9tico das nossas c\u00e9lulas, resultando em in\u00fameros benef\u00edcios clinicamente comprovados para a pele, o equil\u00edbrio energ\u00e9tico e o metabolismo.<\/p>\n<p>A luz vermelha e a luz NIR estimulam as mitoc\u00f4ndrias celulares e reduzem o stress oxidativo, fazendo com que nos sintamos com mais energia, mais fortes e recuperemos mais rapidamente.<\/p>\n<p>Todas estas vantagens est\u00e3o reunidas numa pr\u00e1tica l\u00e2mpada com um total de 40 luzes LED m\u00e9dicas (20x NIR 850nm e 20x Deep Red 660nm).<\/p>\n<p><strong>Utiliza\u00e7\u00e3o:<\/strong><br \/>\nA l\u00e2mpada \u00e9 f\u00e1cil de colocar na vertical atrav\u00e9s do suporte integrado.<\/p>\n<p>Colocar a parte do corpo ou a superf\u00edcie da pele a tratar em frente da l\u00e2mpada, a uma dist\u00e2ncia de 0 a 60 cm (consoante a intensidade pretendida).<\/p>\n<p>Comece com uma dist\u00e2ncia ligeiramente maior para experimentar o efeito.<\/p>\n<p>Clique em RED e NIR para ativar a combina\u00e7\u00e3o de luzes e definir o tempo (10, 15 ou 20 min).<\/p>\n<p>Quando \u00e9 definida uma hora, a l\u00e2mpada desliga-se automaticamente.<\/p>\n<p>Quando n\u00e3o est\u00e1 definida uma hora, a luz permanece acesa.<\/p>\n<p>Repetir o tratamento duas vezes por dia at\u00e9 obter os resultados desejados.<\/p>\n<p>Consultar um m\u00e9dico para saber se existem contra-indica\u00e7\u00f5es fisiol\u00f3gicas para a utiliza\u00e7\u00e3o.<\/p>\n<p><strong>O pacote \u00e9 composto por:<\/strong><\/p>\n<ul>\n<li>1 x l\u00e2mpada de terapia de luz vermelha<\/li>\n<li>1 x adaptador de corrente (110-230VAC)<\/li>\n<li>1 x manual<\/li>\n<li>1 x embalagem de luxo<\/li>\n<\/ul>\n<p><strong>Especifica\u00e7\u00f5es da l\u00e2mpada de fotobiomodula\u00e7\u00e3o LED:<\/strong><\/p>\n<ul>\n<li>dimens\u00f5es do candeeiro: 24,7 x 14,7 x 4 cm<\/li>\n<li>dimens\u00f5es da caixa: 28 x 23 x 8 cm<\/li>\n<li>peso da l\u00e2mpada: 1,1 kg<\/li>\n<li>peso bruto da embalagem: 1,75 kg<\/li>\n<li>Pot\u00eancia do LED: 200W<\/li>\n<li>consumo de energia: 60W<\/li>\n<li>40 x LEDs (20 x NIR 850nm + 20 x Deep RED 660nm)<\/li>\n<li>vida \u00fatil prevista: 50.000 horas<\/li>\n<li>controlo do temporizador 10\/15\/20 min<\/li>\n<\/ul>\n<p><strong>Garantia:<\/strong><br \/>\n1 ano de garantia<\/p>\n<p><strong>Manual:<\/strong><br \/>\nClica <a href=\"https:\/\/drive.google.com\/file\/d\/1CzXxkBgJU40m94I9Bch-XIV3t4OWoxAy\/view?usp=sharing\">aqui<\/a> para obteres o <a href=\"https:\/\/drive.google.com\/file\/d\/1CzXxkBgJU40m94I9Bch-XIV3t4OWoxAy\/view?usp=sharing\">manual<\/a>.<\/p>\n<p><strong>Estudos de refer\u00eancia:<\/strong><\/p>\n<p><a href=\"https:\/\/www.ncbi.nlm.nih.gov\/pmc\/articles\/PMC5523874\/\">https:\/\/www.ncbi.nlm.nih.gov\/pmc\/articles\/PMC5523874\/<\/a><\/p>\n<p><a href=\"https:\/\/www.ncbi.nlm.nih.gov\/pmc\/articles\/PMC4846838\/\">https:\/\/www.ncbi.nlm.nih.gov\/pmc\/articles\/PMC4846838\/<\/a><\/p>\n<p><a href=\"https:\/\/www.ncbi.nlm.nih.gov\/pubmed\/28265160\">https:\/\/www.ncbi.nlm.nih.gov\/pubmed\/28265160<\/a><\/p>\n<p><a href=\"https:\/\/pubmed.ncbi.nlm.nih.gov\/24049929\/\">https:\/\/pubmed.ncbi.nlm.nih.gov\/24049929\/<\/a><\/p>\n<p><a href=\"https:\/\/www.ncbi.nlm.nih.gov\/pubmed\/19587693\">https:\/\/www.ncbi.nlm.nih.gov\/pubmed\/19587693<\/a><\/p>\n<p><a href=\"https:\/\/www.ncbi.nlm.nih.gov\/pmc\/articles\/PMC4560854\/#B31\">https:\/\/www.ncbi.nlm.nih.gov\/pmc\/articles\/PMC4560854\/#B31<\/a><\/p>\n<p><a href=\"https:\/\/www.ncbi.nlm.nih.gov\/pubmed\/30706177\">https:\/\/www.ncbi.nlm.nih.gov\/pubmed\/30706177<\/a><\/p>\n<p><a href=\"https:\/\/www.cell.com\/current-biology\/fulltext\/S0960-9822(06)01781-7\">https:\/\/www.cell.com\/current-biology\/fulltext\/S0960-9822(06)01781-7<\/a><\/p>\n<p><a href=\"https:\/\/www.sciencedirect.com\/science\/article\/pii\/0307441294900590?via%3Dihub\">https:\/\/www.sciencedirect.com\/science\/article\/pii\/0307441294900590?via%3Dihub<\/a><\/p>\n<p><a href=\"https:\/\/www.abebooks.com\/Fundamentals-Biochemistry-Life-Molecular-Level-2nd\/1346355380\/bd\">https:\/\/www.abebooks.com\/Fundamentals-Biochemistry-Life-Molecular-Level-2nd\/1346355380\/bd<\/a><\/p>\n<p><a href=\"http:\/\/www.pnas.org\/content\/105\/50\/19565.long\">http:\/\/www.pnas.org\/content\/105\/50\/19565.long<\/a><\/p>\n<p><a href=\"https:\/\/www.ncbi.nlm.nih.gov\/pmc\/articles\/PMC4432802\/\">https:\/\/www.ncbi.nlm.nih.gov\/pmc\/articles\/PMC4432802\/<\/a><\/p>\n<p><a href=\"https:\/\/www.ncbi.nlm.nih.gov\/pubmed\/24363178\">https:\/\/www.ncbi.nlm.nih.gov\/pubmed\/24363178<\/a><\/p>\n<p><a href=\"https:\/\/www.ncbi.nlm.nih.gov\/books\/NBK21154\/\">https:\/\/www.ncbi.nlm.nih.gov\/books\/NBK21154\/<\/a><\/p>\n<p><a href=\"https:\/\/www.ncbi.nlm.nih.gov\/pubmed\/24429632\">https:\/\/www.ncbi.nlm.nih.gov\/pubmed\/24429632<\/a><\/p>\n<p><strong>Nota Bene:<\/strong><br \/>\n<em>Os produtos de terapia com luz Phipower podem contribuir para a capacidade de cicatriza\u00e7\u00e3o da pele, aumentar o metabolismo e dar mais energia. As informa\u00e7\u00f5es contidas neste artigo destinam-se apenas a fins educacionais e n\u00e3o t\u00eam como objetivo apoiar a seguran\u00e7a ou a efic\u00e1cia dos dispositivos Phipower, nem diagnosticar, tratar, curar ou prevenir qualquer doen\u00e7a. N\u00e3o substitui uma consulta pessoal com o seu prestador de cuidados de sa\u00fade e n\u00e3o deve ser interpretado como aconselhamento m\u00e9dico.<\/em><\/p>\n","protected":false},"excerpt":{"rendered":"<p><strong>Reduz a dor<\/strong><br \/>\n<strong>Estimula a forma\u00e7\u00e3o de colag\u00e9nio<\/strong><br \/>\n<strong>Reduz o tecido cicatricial<\/strong><br \/>\n<strong>Promove <span style=\"font-size: 14.4px;\">a cicatriza\u00e7\u00e3o de feridas<\/span><\/strong><br \/>\n<strong>Restaura o tecido muscular e conjuntivo<\/strong><br \/>\n<strong>Fornece energia<\/strong><br \/>\n<strong>Promove o metabolismo <\/strong> <\/p>\n","protected":false},"featured_media":10279,"comment_status":"open","ping_status":"closed","template":"","meta":[],"product_brand":[],"product_cat":[998,993],"product_tag":[],"class_list":{"0":"post-4034","1":"product","2":"type-product","3":"status-publish","4":"has-post-thumbnail","6":"product_cat-lampada-de-terapia-de-luz-vermelha","7":"product_cat-produtos","8":"product_shipping_class-2-5-kg","10":"first","11":"instock","12":"taxable","13":"shipping-taxable","14":"purchasable","15":"product-type-simple"},"yoast_head":"<!-- This site is optimized with the Yoast SEO Premium plugin v23.6 (Yoast SEO v27.2) - https:\/\/yoast.com\/product\/yoast-seo-premium-wordpress\/ -->\n<title>L\u00e2mpada de terapia de luz vermelha | Melhore o seu bem-estar | Phipower<\/title>\n<meta name=\"description\" content=\"\u2714 reduz a dor \u2714 estimula a forma\u00e7\u00e3o de colag\u00e9nio \u2714 reduz o tecido cicatricial \u2714 promove a cicatriza\u00e7\u00e3o de feridas \u2714 d\u00e1 mais energia\" \/>\n<meta name=\"robots\" content=\"index, follow, max-snippet:-1, max-image-preview:large, max-video-preview:-1\" \/>\n<link rel=\"canonical\" href=\"https:\/\/phipower.org\/pt-pt\/produto\/lampada-de-terapia-de-luz-vermelha-vermelho-profundo-nir-phipower\/\" \/>\n<meta property=\"og:locale\" content=\"pt_PT\" \/>\n<meta property=\"og:type\" content=\"article\" \/>\n<meta property=\"og:title\" content=\"L\u00e2mpada de terapia de luz vermelha | Vermelho profundo\/NIR | Estimula a produ\u00e7\u00e3o de colag\u00e9nio | Phipower\" \/>\n<meta property=\"og:description\" content=\"\u2714 reduz a dor \u2714 estimula a forma\u00e7\u00e3o de colag\u00e9nio \u2714 reduz o tecido cicatricial \u2714 promove a cicatriza\u00e7\u00e3o de feridas \u2714 d\u00e1 mais energia\" \/>\n<meta property=\"og:url\" content=\"https:\/\/phipower.org\/pt-pt\/produto\/lampada-de-terapia-de-luz-vermelha-vermelho-profundo-nir-phipower\/\" \/>\n<meta property=\"og:site_name\" content=\"Phipower\" \/>\n<meta property=\"article:publisher\" content=\"https:\/\/www.facebook.com\/phipowertools\/\" \/>\n<meta property=\"article:modified_time\" content=\"2026-04-03T12:43:43+00:00\" \/>\n<meta property=\"og:image\" content=\"https:\/\/phipower.org\/wp-content\/uploads\/2020\/05\/Rood-licht-therapie-red-light-therapy-near-infrared-NIR-light-850-nm-deep-red-diep-rood-licht-660nm-side-02.jpg\" \/>\n\t<meta property=\"og:image:width\" content=\"1200\" \/>\n\t<meta property=\"og:image:height\" content=\"1200\" \/>\n\t<meta property=\"og:image:type\" content=\"image\/jpeg\" \/>\n<meta name=\"twitter:card\" content=\"summary_large_image\" \/>\n<meta name=\"twitter:image\" content=\"https:\/\/phipower.org\/wp-content\/uploads\/2020\/05\/Rood-licht-therapie-red-light-therapy-near-infrared-NIR-light-850-nm-deep-red-diep-rood-licht-660nm-side-02.jpg\" \/>\n<meta name=\"twitter:site\" content=\"@phipower1\" \/>\n<meta name=\"twitter:label1\" content=\"pre\u00e7o\" \/>\n\t<meta name=\"twitter:data1\" content=\"&euro;289,00\" \/>\n\t<meta name=\"twitter:label2\" content=\"Disponibilidade\" \/>\n\t<meta name=\"twitter:data2\" content=\"Em stock\" \/>\n<script type=\"application\/ld+json\" class=\"yoast-schema-graph\">{\"@context\":\"https:\/\/schema.org\",\"@graph\":[{\"@type\":\"WebPage\",\"@id\":\"https:\/\/phipower.org\/pt-pt\/produto\/lampada-de-terapia-de-luz-vermelha-vermelho-profundo-nir-phipower\/\",\"url\":\"https:\/\/phipower.org\/pt-pt\/produto\/lampada-de-terapia-de-luz-vermelha-vermelho-profundo-nir-phipower\/\",\"name\":\"L\u00e2mpada de terapia de luz vermelha | Melhore o seu bem-estar | Phipower\",\"isPartOf\":{\"@id\":\"https:\/\/phipower.org\/pt-pt\/#website\"},\"primaryImageOfPage\":{\"@id\":\"https:\/\/phipower.org\/pt-pt\/produto\/lampada-de-terapia-de-luz-vermelha-vermelho-profundo-nir-phipower\/#primaryimage\"},\"image\":{\"@id\":\"https:\/\/phipower.org\/pt-pt\/produto\/lampada-de-terapia-de-luz-vermelha-vermelho-profundo-nir-phipower\/#primaryimage\"},\"thumbnailUrl\":\"https:\/\/phipower.org\/wp-content\/uploads\/2020\/05\/Rood-licht-therapie-gezicht-energie-heling-phipower.jpg\",\"datePublished\":\"2020-05-19T11:54:46+00:00\",\"dateModified\":\"2026-04-03T12:43:43+00:00\",\"description\":\"\u2714 reduz a dor \u2714 estimula a forma\u00e7\u00e3o de colag\u00e9nio \u2714 reduz o tecido cicatricial \u2714 promove a cicatriza\u00e7\u00e3o de feridas \u2714 d\u00e1 mais energia\",\"breadcrumb\":{\"@id\":\"https:\/\/phipower.org\/pt-pt\/produto\/lampada-de-terapia-de-luz-vermelha-vermelho-profundo-nir-phipower\/#breadcrumb\"},\"inLanguage\":\"pt-PT\",\"potentialAction\":[{\"@type\":\"ReadAction\",\"target\":[\"https:\/\/phipower.org\/pt-pt\/produto\/lampada-de-terapia-de-luz-vermelha-vermelho-profundo-nir-phipower\/\"]}]},{\"@type\":\"ImageObject\",\"inLanguage\":\"pt-PT\",\"@id\":\"https:\/\/phipower.org\/pt-pt\/produto\/lampada-de-terapia-de-luz-vermelha-vermelho-profundo-nir-phipower\/#primaryimage\",\"url\":\"https:\/\/phipower.org\/wp-content\/uploads\/2020\/05\/Rood-licht-therapie-gezicht-energie-heling-phipower.jpg\",\"contentUrl\":\"https:\/\/phipower.org\/wp-content\/uploads\/2020\/05\/Rood-licht-therapie-gezicht-energie-heling-phipower.jpg\",\"width\":1024,\"height\":1024},{\"@type\":\"BreadcrumbList\",\"@id\":\"https:\/\/phipower.org\/pt-pt\/produto\/lampada-de-terapia-de-luz-vermelha-vermelho-profundo-nir-phipower\/#breadcrumb\",\"itemListElement\":[{\"@type\":\"ListItem\",\"position\":1,\"name\":\"Home\",\"item\":\"https:\/\/phipower.org\/pt-pt\/\"},{\"@type\":\"ListItem\",\"position\":2,\"name\":\"Loja\",\"item\":\"https:\/\/phipower.org\/pt-pt\/loja\/\"},{\"@type\":\"ListItem\",\"position\":3,\"name\":\"L\u00e2mpada de terapia de luz vermelha | Vermelho profundo\/NIR | Estimula a produ\u00e7\u00e3o de colag\u00e9nio | Phipower\"}]},{\"@type\":\"WebSite\",\"@id\":\"https:\/\/phipower.org\/pt-pt\/#website\",\"url\":\"https:\/\/phipower.org\/pt-pt\/\",\"name\":\"Phipower: innovatieve gezondheidsproducten\",\"description\":\"innovatieve gezondheidsproducten\",\"publisher\":{\"@id\":\"https:\/\/phipower.org\/pt-pt\/#organization\"},\"potentialAction\":[{\"@type\":\"SearchAction\",\"target\":{\"@type\":\"EntryPoint\",\"urlTemplate\":\"https:\/\/phipower.org\/pt-pt\/?s={search_term_string}\"},\"query-input\":{\"@type\":\"PropertyValueSpecification\",\"valueRequired\":true,\"valueName\":\"search_term_string\"}}],\"inLanguage\":\"pt-PT\"},{\"@type\":\"Organization\",\"@id\":\"https:\/\/phipower.org\/pt-pt\/#organization\",\"name\":\"Phipower\",\"url\":\"https:\/\/phipower.org\/pt-pt\/\",\"logo\":{\"@type\":\"ImageObject\",\"inLanguage\":\"pt-PT\",\"@id\":\"https:\/\/phipower.org\/pt-pt\/#\/schema\/logo\/image\/\",\"url\":\"https:\/\/phipower.org\/wp-content\/uploads\/2019\/06\/z-logo-RGB-wit-power.png\",\"contentUrl\":\"https:\/\/phipower.org\/wp-content\/uploads\/2019\/06\/z-logo-RGB-wit-power.png\",\"width\":3273,\"height\":1389,\"caption\":\"Phipower\"},\"image\":{\"@id\":\"https:\/\/phipower.org\/pt-pt\/#\/schema\/logo\/image\/\"},\"sameAs\":[\"https:\/\/www.facebook.com\/phipowertools\/\",\"https:\/\/x.com\/phipower1\",\"https:\/\/www.tiktok.com\/@phipowerhealth\"]}]}<\/script>\n<meta property=\"product:price:amount\" content=\"289.00\" \/>\n<meta property=\"product:price:currency\" content=\"EUR\" \/>\n<meta property=\"og:availability\" content=\"instock\" \/>\n<meta property=\"product:availability\" content=\"instock\" \/>\n<meta property=\"product:retailer_item_id\" content=\"8719324436571\" \/>\n<meta property=\"product:condition\" content=\"new\" \/>\n<!-- \/ Yoast SEO Premium plugin. -->","yoast_head_json":{"title":"L\u00e2mpada de terapia de luz vermelha | Melhore o seu bem-estar | Phipower","description":"\u2714 reduz a dor \u2714 estimula a forma\u00e7\u00e3o de colag\u00e9nio \u2714 reduz o tecido cicatricial \u2714 promove a cicatriza\u00e7\u00e3o de feridas \u2714 d\u00e1 mais energia","robots":{"index":"index","follow":"follow","max-snippet":"max-snippet:-1","max-image-preview":"max-image-preview:large","max-video-preview":"max-video-preview:-1"},"canonical":"https:\/\/phipower.org\/pt-pt\/produto\/lampada-de-terapia-de-luz-vermelha-vermelho-profundo-nir-phipower\/","og_locale":"pt_PT","og_type":"article","og_title":"L\u00e2mpada de terapia de luz vermelha | Vermelho profundo\/NIR | Estimula a produ\u00e7\u00e3o de colag\u00e9nio | Phipower","og_description":"\u2714 reduz a dor \u2714 estimula a forma\u00e7\u00e3o de colag\u00e9nio \u2714 reduz o tecido cicatricial \u2714 promove a cicatriza\u00e7\u00e3o de feridas \u2714 d\u00e1 mais energia","og_url":"https:\/\/phipower.org\/pt-pt\/produto\/lampada-de-terapia-de-luz-vermelha-vermelho-profundo-nir-phipower\/","og_site_name":"Phipower","article_publisher":"https:\/\/www.facebook.com\/phipowertools\/","article_modified_time":"2026-04-03T12:43:43+00:00","og_image":[{"width":1200,"height":1200,"url":"https:\/\/phipower.org\/wp-content\/uploads\/2020\/05\/Rood-licht-therapie-red-light-therapy-near-infrared-NIR-light-850-nm-deep-red-diep-rood-licht-660nm-side-02.jpg","type":"image\/jpeg"}],"twitter_card":"summary_large_image","twitter_image":"https:\/\/phipower.org\/wp-content\/uploads\/2020\/05\/Rood-licht-therapie-red-light-therapy-near-infrared-NIR-light-850-nm-deep-red-diep-rood-licht-660nm-side-02.jpg","twitter_site":"@phipower1","twitter_misc":{"pre\u00e7o":"&euro;289,00","Disponibilidade":"Em stock"},"schema":{"@context":"https:\/\/schema.org","@graph":[{"@type":"WebPage","@id":"https:\/\/phipower.org\/pt-pt\/produto\/lampada-de-terapia-de-luz-vermelha-vermelho-profundo-nir-phipower\/","url":"https:\/\/phipower.org\/pt-pt\/produto\/lampada-de-terapia-de-luz-vermelha-vermelho-profundo-nir-phipower\/","name":"L\u00e2mpada de terapia de luz vermelha | Melhore o seu bem-estar | Phipower","isPartOf":{"@id":"https:\/\/phipower.org\/pt-pt\/#website"},"primaryImageOfPage":{"@id":"https:\/\/phipower.org\/pt-pt\/produto\/lampada-de-terapia-de-luz-vermelha-vermelho-profundo-nir-phipower\/#primaryimage"},"image":{"@id":"https:\/\/phipower.org\/pt-pt\/produto\/lampada-de-terapia-de-luz-vermelha-vermelho-profundo-nir-phipower\/#primaryimage"},"thumbnailUrl":"https:\/\/phipower.org\/wp-content\/uploads\/2020\/05\/Rood-licht-therapie-gezicht-energie-heling-phipower.jpg","datePublished":"2020-05-19T11:54:46+00:00","dateModified":"2026-04-03T12:43:43+00:00","description":"\u2714 reduz a dor \u2714 estimula a forma\u00e7\u00e3o de colag\u00e9nio \u2714 reduz o tecido cicatricial \u2714 promove a cicatriza\u00e7\u00e3o de feridas \u2714 d\u00e1 mais energia","breadcrumb":{"@id":"https:\/\/phipower.org\/pt-pt\/produto\/lampada-de-terapia-de-luz-vermelha-vermelho-profundo-nir-phipower\/#breadcrumb"},"inLanguage":"pt-PT","potentialAction":[{"@type":"ReadAction","target":["https:\/\/phipower.org\/pt-pt\/produto\/lampada-de-terapia-de-luz-vermelha-vermelho-profundo-nir-phipower\/"]}]},{"@type":"ImageObject","inLanguage":"pt-PT","@id":"https:\/\/phipower.org\/pt-pt\/produto\/lampada-de-terapia-de-luz-vermelha-vermelho-profundo-nir-phipower\/#primaryimage","url":"https:\/\/phipower.org\/wp-content\/uploads\/2020\/05\/Rood-licht-therapie-gezicht-energie-heling-phipower.jpg","contentUrl":"https:\/\/phipower.org\/wp-content\/uploads\/2020\/05\/Rood-licht-therapie-gezicht-energie-heling-phipower.jpg","width":1024,"height":1024},{"@type":"BreadcrumbList","@id":"https:\/\/phipower.org\/pt-pt\/produto\/lampada-de-terapia-de-luz-vermelha-vermelho-profundo-nir-phipower\/#breadcrumb","itemListElement":[{"@type":"ListItem","position":1,"name":"Home","item":"https:\/\/phipower.org\/pt-pt\/"},{"@type":"ListItem","position":2,"name":"Loja","item":"https:\/\/phipower.org\/pt-pt\/loja\/"},{"@type":"ListItem","position":3,"name":"L\u00e2mpada de terapia de luz vermelha | Vermelho profundo\/NIR | Estimula a produ\u00e7\u00e3o de colag\u00e9nio | Phipower"}]},{"@type":"WebSite","@id":"https:\/\/phipower.org\/pt-pt\/#website","url":"https:\/\/phipower.org\/pt-pt\/","name":"Phipower: innovatieve gezondheidsproducten","description":"innovatieve gezondheidsproducten","publisher":{"@id":"https:\/\/phipower.org\/pt-pt\/#organization"},"potentialAction":[{"@type":"SearchAction","target":{"@type":"EntryPoint","urlTemplate":"https:\/\/phipower.org\/pt-pt\/?s={search_term_string}"},"query-input":{"@type":"PropertyValueSpecification","valueRequired":true,"valueName":"search_term_string"}}],"inLanguage":"pt-PT"},{"@type":"Organization","@id":"https:\/\/phipower.org\/pt-pt\/#organization","name":"Phipower","url":"https:\/\/phipower.org\/pt-pt\/","logo":{"@type":"ImageObject","inLanguage":"pt-PT","@id":"https:\/\/phipower.org\/pt-pt\/#\/schema\/logo\/image\/","url":"https:\/\/phipower.org\/wp-content\/uploads\/2019\/06\/z-logo-RGB-wit-power.png","contentUrl":"https:\/\/phipower.org\/wp-content\/uploads\/2019\/06\/z-logo-RGB-wit-power.png","width":3273,"height":1389,"caption":"Phipower"},"image":{"@id":"https:\/\/phipower.org\/pt-pt\/#\/schema\/logo\/image\/"},"sameAs":["https:\/\/www.facebook.com\/phipowertools\/","https:\/\/x.com\/phipower1","https:\/\/www.tiktok.com\/@phipowerhealth"]}]},"product_price_amount":"289.00","product_price_currency":"EUR","og_availability":"instock","product_availability":"instock","product_retailer_item_id":"8719324436571","product_condition":"new"},"_links":{"self":[{"href":"https:\/\/phipower.org\/pt-pt\/wp-json\/wp\/v2\/product\/4034","targetHints":{"allow":["GET"]}}],"collection":[{"href":"https:\/\/phipower.org\/pt-pt\/wp-json\/wp\/v2\/product"}],"about":[{"href":"https:\/\/phipower.org\/pt-pt\/wp-json\/wp\/v2\/types\/product"}],"replies":[{"embeddable":true,"href":"https:\/\/phipower.org\/pt-pt\/wp-json\/wp\/v2\/comments?post=4034"}],"wp:featuredmedia":[{"embeddable":true,"href":"https:\/\/phipower.org\/pt-pt\/wp-json\/wp\/v2\/media\/10279"}],"wp:attachment":[{"href":"https:\/\/phipower.org\/pt-pt\/wp-json\/wp\/v2\/media?parent=4034"}],"wp:term":[{"taxonomy":"product_brand","embeddable":true,"href":"https:\/\/phipower.org\/pt-pt\/wp-json\/wp\/v2\/product_brand?post=4034"},{"taxonomy":"product_cat","embeddable":true,"href":"https:\/\/phipower.org\/pt-pt\/wp-json\/wp\/v2\/product_cat?post=4034"},{"taxonomy":"product_tag","embeddable":true,"href":"https:\/\/phipower.org\/pt-pt\/wp-json\/wp\/v2\/product_tag?post=4034"}],"curies":[{"name":"wp","href":"https:\/\/api.w.org\/{rel}","templated":true}]}}