{"id":3998,"date":"2021-11-26T09:40:23","date_gmt":"2021-11-26T09:40:23","guid":{"rendered":"https:\/\/phipower.org\/product\/oculos-de-protecao-h2-hidrogenio-gasoso-para-inalador-h2-de-300-ml-minuto-phipower\/"},"modified":"2026-04-18T17:05:46","modified_gmt":"2026-04-18T17:05:46","slug":"oculos-de-protecao-h2-hidrogenio-gasoso-para-inalador-h2-de-300-ml-minuto-phipower","status":"publish","type":"product","link":"https:\/\/phipower.org\/pt-pt\/product\/oculos-de-protecao-h2-hidrogenio-gasoso-para-inalador-h2-de-300-ml-minuto-phipower\/","title":{"rendered":"\u00d3culos de prote\u00e7\u00e3o H2 Hidrog\u00e9nio gasoso para inalador H2 de 300 ml\/minuto | Phipower"},"content":{"rendered":"<h1>H2 \u00d3culos de prote\u00e7\u00e3o para g\u00e1s hidrog\u00e9nio para inalador de H2 de 300 ml\/min<\/h1>\n<p>\u2714 gera at\u00e9 300 ml por minuto de hidrog\u00e9nio gasoso puro (H2) em vidros<br \/>\n\u2714 gera at\u00e9 150 ml por minuto de oxig\u00e9nio puro (O2) em copos<br \/>\n\u2714 incluindo sa\u00eddas para os ouvidos<br \/>\nRefor\u00e7a o funcionamento saud\u00e1vel dos olhos e dos ouvidos<br \/>\nAcess\u00f3rio em  <a href=\"https:\/\/phipower.org\/h2-waterstofgas-inhalator-phipower\/\">Inalador de g\u00e1s hidrog\u00e9nio 300 ml\/min<\/a><\/p>\n<div class=\"video video-fit mb\" style=\"padding-top:56.25%;\"><p><iframe title=\"H2 Hydrogen Gas Inhaler review 300 ml per min  Phipower\" width=\"1020\" height=\"574\" src=\"https:\/\/www.youtube.com\/embed\/TBq-Kmmg6ws?feature=oembed\" frameborder=\"0\" allow=\"accelerometer; autoplay; clipboard-write; encrypted-media; gyroscope; picture-in-picture; web-share\" allowfullscreen><\/iframe><\/p>\n<\/div>\n","protected":false},"excerpt":{"rendered":"<p>Gera at\u00e9 300 ml por minuto de g\u00e1s hidrog\u00e9nio puro (H2) nos \u00f3culos de prote\u00e7\u00e3o<br \/>\n\u2714 Gera at\u00e9 150 ml por minuto de oxig\u00e9nio puro (O2) nos \u00f3culos de prote\u00e7\u00e3o<br \/>\n\u2714 Inclui sa\u00eddas para os ouvidos<br \/>\n\u2714 Refor\u00e7a o funcionamento saud\u00e1vel dos olhos e dos ouvidos<br \/>\n\u2714 Reduz os danos oxidativos<br \/>\n\u2714 Acess\u00f3rio para <a href=\"https:\/\/phipower.org\/h2-waterstofgas-inhalator-phipower\/\">inalador de g\u00e1s hidrog\u00e9nio de 300 ml\/min<\/a><\/p>\n","protected":false},"featured_media":4015,"comment_status":"open","ping_status":"closed","template":"","meta":[],"product_brand":[],"product_cat":[994,993,995],"product_tag":[],"class_list":{"0":"post-3998","1":"product","2":"type-product","3":"status-publish","4":"has-post-thumbnail","6":"product_cat-inalador-de-hidrogenio-gasoso","7":"product_cat-produtos","8":"product_cat-tratamento-da-agua","9":"product_shipping_class-0-2-kg","11":"first","12":"instock","13":"taxable","14":"shipping-taxable","15":"purchasable","16":"product-type-simple"},"yoast_head":"<!-- This site is optimized with the Yoast SEO Premium plugin v23.6 (Yoast SEO v27.2) - https:\/\/yoast.com\/product\/yoast-seo-premium-wordpress\/ -->\n<title>\u00d3culos de prote\u00e7\u00e3o H2 Hidrog\u00e9nio gasoso para inalador H2 de 300 ml\/minuto | Phipower - Phipower<\/title>\n<meta name=\"description\" content=\"\u2714 gera at\u00e9 300 ml por minuto de hidrog\u00e9nio gasoso puro (H2) em copos \u2714 gera at\u00e9 150 ml\/minuto de oxig\u00e9nio puro (O2) em copos \u2714 acess\u00f3rio para inalador de H2 \u2714 conetor para os ouvidos\" \/>\n<meta name=\"robots\" content=\"index, follow, max-snippet:-1, max-image-preview:large, max-video-preview:-1\" \/>\n<link rel=\"canonical\" href=\"https:\/\/phipower.org\/pt-pt\/product\/oculos-de-protecao-h2-hidrogenio-gasoso-para-inalador-h2-de-300-ml-minuto-phipower\/\" \/>\n<meta property=\"og:locale\" content=\"pt_PT\" \/>\n<meta property=\"og:type\" content=\"article\" \/>\n<meta property=\"og:title\" content=\"\u00d3culos de prote\u00e7\u00e3o H2 Hidrog\u00e9nio gasoso para inalador H2 de 300 ml\/minuto | Phipower\" \/>\n<meta property=\"og:description\" content=\"\u2714 gera at\u00e9 300 ml por minuto de hidrog\u00e9nio gasoso puro (H2) em copos \u2714 gera at\u00e9 150 ml\/minuto de oxig\u00e9nio puro (O2) em copos \u2714 acess\u00f3rio para inalador de H2 \u2714 conetor para os ouvidos\" \/>\n<meta property=\"og:url\" content=\"https:\/\/phipower.org\/pt-pt\/product\/oculos-de-protecao-h2-hidrogenio-gasoso-para-inalador-h2-de-300-ml-minuto-phipower\/\" \/>\n<meta property=\"og:site_name\" content=\"Phipower\" \/>\n<meta property=\"article:publisher\" content=\"https:\/\/www.facebook.com\/phipowertools\/\" \/>\n<meta property=\"article:modified_time\" content=\"2026-04-18T17:05:46+00:00\" \/>\n<meta property=\"og:image\" content=\"https:\/\/phipower.org\/wp-content\/uploads\/2021\/09\/waterstofgas-inhaler-inhalator-H2-O2-300ml-H2-generator-medisch-apparaat-phipower-zijkant-1.jpg\" \/>\n\t<meta property=\"og:image:width\" content=\"1200\" \/>\n\t<meta property=\"og:image:height\" content=\"1200\" \/>\n\t<meta property=\"og:image:type\" content=\"image\/jpeg\" \/>\n<meta name=\"twitter:card\" content=\"summary_large_image\" \/>\n<meta name=\"twitter:site\" content=\"@phipower1\" \/>\n<meta name=\"twitter:label1\" content=\"pre\u00e7o\" \/>\n\t<meta name=\"twitter:data1\" content=\"&euro;69,00\" \/>\n\t<meta name=\"twitter:label2\" content=\"Disponibilidade\" \/>\n\t<meta name=\"twitter:data2\" content=\"Em stock\" \/>\n<script type=\"application\/ld+json\" class=\"yoast-schema-graph\">{\"@context\":\"https:\/\/schema.org\",\"@graph\":[{\"@type\":\"WebPage\",\"@id\":\"https:\/\/phipower.org\/pt-pt\/product\/oculos-de-protecao-h2-hidrogenio-gasoso-para-inalador-h2-de-300-ml-minuto-phipower\/\",\"url\":\"https:\/\/phipower.org\/pt-pt\/product\/oculos-de-protecao-h2-hidrogenio-gasoso-para-inalador-h2-de-300-ml-minuto-phipower\/\",\"name\":\"\u00d3culos de prote\u00e7\u00e3o H2 Hidrog\u00e9nio gasoso para inalador H2 de 300 ml\/minuto | Phipower - Phipower\",\"isPartOf\":{\"@id\":\"https:\/\/phipower.org\/pt-pt\/#website\"},\"primaryImageOfPage\":{\"@id\":\"https:\/\/phipower.org\/pt-pt\/product\/oculos-de-protecao-h2-hidrogenio-gasoso-para-inalador-h2-de-300-ml-minuto-phipower\/#primaryimage\"},\"image\":{\"@id\":\"https:\/\/phipower.org\/pt-pt\/product\/oculos-de-protecao-h2-hidrogenio-gasoso-para-inalador-h2-de-300-ml-minuto-phipower\/#primaryimage\"},\"thumbnailUrl\":\"https:\/\/phipower.org\/wp-content\/uploads\/2021\/11\/Waterstofgas-H2-bril-accessoire-bij-300-ml-min-waterstofgas-inhalator-150-ml-min-zuurstof-inhalator-waterstof-canule-bril-oor-H2.jpg\",\"datePublished\":\"2021-11-26T09:40:23+00:00\",\"dateModified\":\"2026-04-18T17:05:46+00:00\",\"description\":\"\u2714 gera at\u00e9 300 ml por minuto de hidrog\u00e9nio gasoso puro (H2) em copos \u2714 gera at\u00e9 150 ml\/minuto de oxig\u00e9nio puro (O2) em copos \u2714 acess\u00f3rio para inalador de H2 \u2714 conetor para os ouvidos\",\"breadcrumb\":{\"@id\":\"https:\/\/phipower.org\/pt-pt\/product\/oculos-de-protecao-h2-hidrogenio-gasoso-para-inalador-h2-de-300-ml-minuto-phipower\/#breadcrumb\"},\"inLanguage\":\"pt-PT\",\"potentialAction\":[{\"@type\":\"ReadAction\",\"target\":[\"https:\/\/phipower.org\/pt-pt\/product\/oculos-de-protecao-h2-hidrogenio-gasoso-para-inalador-h2-de-300-ml-minuto-phipower\/\"]}]},{\"@type\":\"ImageObject\",\"inLanguage\":\"pt-PT\",\"@id\":\"https:\/\/phipower.org\/pt-pt\/product\/oculos-de-protecao-h2-hidrogenio-gasoso-para-inalador-h2-de-300-ml-minuto-phipower\/#primaryimage\",\"url\":\"https:\/\/phipower.org\/wp-content\/uploads\/2021\/11\/Waterstofgas-H2-bril-accessoire-bij-300-ml-min-waterstofgas-inhalator-150-ml-min-zuurstof-inhalator-waterstof-canule-bril-oor-H2.jpg\",\"contentUrl\":\"https:\/\/phipower.org\/wp-content\/uploads\/2021\/11\/Waterstofgas-H2-bril-accessoire-bij-300-ml-min-waterstofgas-inhalator-150-ml-min-zuurstof-inhalator-waterstof-canule-bril-oor-H2.jpg\",\"width\":1200,\"height\":1200},{\"@type\":\"BreadcrumbList\",\"@id\":\"https:\/\/phipower.org\/pt-pt\/product\/oculos-de-protecao-h2-hidrogenio-gasoso-para-inalador-h2-de-300-ml-minuto-phipower\/#breadcrumb\",\"itemListElement\":[{\"@type\":\"ListItem\",\"position\":1,\"name\":\"Home\",\"item\":\"https:\/\/phipower.org\/pt-pt\/\"},{\"@type\":\"ListItem\",\"position\":2,\"name\":\"Loja\",\"item\":\"https:\/\/phipower.org\/pt-pt\/loja\/\"},{\"@type\":\"ListItem\",\"position\":3,\"name\":\"\u00d3culos de prote\u00e7\u00e3o H2 Hidrog\u00e9nio gasoso para inalador H2 de 300 ml\/minuto | Phipower\"}]},{\"@type\":\"WebSite\",\"@id\":\"https:\/\/phipower.org\/pt-pt\/#website\",\"url\":\"https:\/\/phipower.org\/pt-pt\/\",\"name\":\"Phipower: innovatieve gezondheidsproducten\",\"description\":\"innovatieve gezondheidsproducten\",\"publisher\":{\"@id\":\"https:\/\/phipower.org\/pt-pt\/#organization\"},\"potentialAction\":[{\"@type\":\"SearchAction\",\"target\":{\"@type\":\"EntryPoint\",\"urlTemplate\":\"https:\/\/phipower.org\/pt-pt\/?s={search_term_string}\"},\"query-input\":{\"@type\":\"PropertyValueSpecification\",\"valueRequired\":true,\"valueName\":\"search_term_string\"}}],\"inLanguage\":\"pt-PT\"},{\"@type\":\"Organization\",\"@id\":\"https:\/\/phipower.org\/pt-pt\/#organization\",\"name\":\"Phipower\",\"url\":\"https:\/\/phipower.org\/pt-pt\/\",\"logo\":{\"@type\":\"ImageObject\",\"inLanguage\":\"pt-PT\",\"@id\":\"https:\/\/phipower.org\/pt-pt\/#\/schema\/logo\/image\/\",\"url\":\"https:\/\/phipower.org\/wp-content\/uploads\/2019\/06\/z-logo-RGB-wit-power.png\",\"contentUrl\":\"https:\/\/phipower.org\/wp-content\/uploads\/2019\/06\/z-logo-RGB-wit-power.png\",\"width\":3273,\"height\":1389,\"caption\":\"Phipower\"},\"image\":{\"@id\":\"https:\/\/phipower.org\/pt-pt\/#\/schema\/logo\/image\/\"},\"sameAs\":[\"https:\/\/www.facebook.com\/phipowertools\/\",\"https:\/\/x.com\/phipower1\",\"https:\/\/www.tiktok.com\/@phipowerhealth\"]}]}<\/script>\n<meta property=\"product:price:amount\" content=\"69.00\" \/>\n<meta property=\"product:price:currency\" content=\"EUR\" \/>\n<meta property=\"og:availability\" content=\"instock\" \/>\n<meta property=\"product:availability\" content=\"instock\" \/>\n<meta property=\"product:retailer_item_id\" content=\"8719324436885\" \/>\n<meta property=\"product:condition\" content=\"new\" \/>\n<!-- \/ Yoast SEO Premium plugin. -->","yoast_head_json":{"title":"\u00d3culos de prote\u00e7\u00e3o H2 Hidrog\u00e9nio gasoso para inalador H2 de 300 ml\/minuto | Phipower - Phipower","description":"\u2714 gera at\u00e9 300 ml por minuto de hidrog\u00e9nio gasoso puro (H2) em copos \u2714 gera at\u00e9 150 ml\/minuto de oxig\u00e9nio puro (O2) em copos \u2714 acess\u00f3rio para inalador de H2 \u2714 conetor para os ouvidos","robots":{"index":"index","follow":"follow","max-snippet":"max-snippet:-1","max-image-preview":"max-image-preview:large","max-video-preview":"max-video-preview:-1"},"canonical":"https:\/\/phipower.org\/pt-pt\/product\/oculos-de-protecao-h2-hidrogenio-gasoso-para-inalador-h2-de-300-ml-minuto-phipower\/","og_locale":"pt_PT","og_type":"article","og_title":"\u00d3culos de prote\u00e7\u00e3o H2 Hidrog\u00e9nio gasoso para inalador H2 de 300 ml\/minuto | Phipower","og_description":"\u2714 gera at\u00e9 300 ml por minuto de hidrog\u00e9nio gasoso puro (H2) em copos \u2714 gera at\u00e9 150 ml\/minuto de oxig\u00e9nio puro (O2) em copos \u2714 acess\u00f3rio para inalador de H2 \u2714 conetor para os ouvidos","og_url":"https:\/\/phipower.org\/pt-pt\/product\/oculos-de-protecao-h2-hidrogenio-gasoso-para-inalador-h2-de-300-ml-minuto-phipower\/","og_site_name":"Phipower","article_publisher":"https:\/\/www.facebook.com\/phipowertools\/","article_modified_time":"2026-04-18T17:05:46+00:00","og_image":[{"width":1200,"height":1200,"url":"https:\/\/phipower.org\/wp-content\/uploads\/2021\/09\/waterstofgas-inhaler-inhalator-H2-O2-300ml-H2-generator-medisch-apparaat-phipower-zijkant-1.jpg","type":"image\/jpeg"}],"twitter_card":"summary_large_image","twitter_site":"@phipower1","twitter_misc":{"pre\u00e7o":"&euro;69,00","Disponibilidade":"Em stock"},"schema":{"@context":"https:\/\/schema.org","@graph":[{"@type":"WebPage","@id":"https:\/\/phipower.org\/pt-pt\/product\/oculos-de-protecao-h2-hidrogenio-gasoso-para-inalador-h2-de-300-ml-minuto-phipower\/","url":"https:\/\/phipower.org\/pt-pt\/product\/oculos-de-protecao-h2-hidrogenio-gasoso-para-inalador-h2-de-300-ml-minuto-phipower\/","name":"\u00d3culos de prote\u00e7\u00e3o H2 Hidrog\u00e9nio gasoso para inalador H2 de 300 ml\/minuto | Phipower - Phipower","isPartOf":{"@id":"https:\/\/phipower.org\/pt-pt\/#website"},"primaryImageOfPage":{"@id":"https:\/\/phipower.org\/pt-pt\/product\/oculos-de-protecao-h2-hidrogenio-gasoso-para-inalador-h2-de-300-ml-minuto-phipower\/#primaryimage"},"image":{"@id":"https:\/\/phipower.org\/pt-pt\/product\/oculos-de-protecao-h2-hidrogenio-gasoso-para-inalador-h2-de-300-ml-minuto-phipower\/#primaryimage"},"thumbnailUrl":"https:\/\/phipower.org\/wp-content\/uploads\/2021\/11\/Waterstofgas-H2-bril-accessoire-bij-300-ml-min-waterstofgas-inhalator-150-ml-min-zuurstof-inhalator-waterstof-canule-bril-oor-H2.jpg","datePublished":"2021-11-26T09:40:23+00:00","dateModified":"2026-04-18T17:05:46+00:00","description":"\u2714 gera at\u00e9 300 ml por minuto de hidrog\u00e9nio gasoso puro (H2) em copos \u2714 gera at\u00e9 150 ml\/minuto de oxig\u00e9nio puro (O2) em copos \u2714 acess\u00f3rio para inalador de H2 \u2714 conetor para os ouvidos","breadcrumb":{"@id":"https:\/\/phipower.org\/pt-pt\/product\/oculos-de-protecao-h2-hidrogenio-gasoso-para-inalador-h2-de-300-ml-minuto-phipower\/#breadcrumb"},"inLanguage":"pt-PT","potentialAction":[{"@type":"ReadAction","target":["https:\/\/phipower.org\/pt-pt\/product\/oculos-de-protecao-h2-hidrogenio-gasoso-para-inalador-h2-de-300-ml-minuto-phipower\/"]}]},{"@type":"ImageObject","inLanguage":"pt-PT","@id":"https:\/\/phipower.org\/pt-pt\/product\/oculos-de-protecao-h2-hidrogenio-gasoso-para-inalador-h2-de-300-ml-minuto-phipower\/#primaryimage","url":"https:\/\/phipower.org\/wp-content\/uploads\/2021\/11\/Waterstofgas-H2-bril-accessoire-bij-300-ml-min-waterstofgas-inhalator-150-ml-min-zuurstof-inhalator-waterstof-canule-bril-oor-H2.jpg","contentUrl":"https:\/\/phipower.org\/wp-content\/uploads\/2021\/11\/Waterstofgas-H2-bril-accessoire-bij-300-ml-min-waterstofgas-inhalator-150-ml-min-zuurstof-inhalator-waterstof-canule-bril-oor-H2.jpg","width":1200,"height":1200},{"@type":"BreadcrumbList","@id":"https:\/\/phipower.org\/pt-pt\/product\/oculos-de-protecao-h2-hidrogenio-gasoso-para-inalador-h2-de-300-ml-minuto-phipower\/#breadcrumb","itemListElement":[{"@type":"ListItem","position":1,"name":"Home","item":"https:\/\/phipower.org\/pt-pt\/"},{"@type":"ListItem","position":2,"name":"Loja","item":"https:\/\/phipower.org\/pt-pt\/loja\/"},{"@type":"ListItem","position":3,"name":"\u00d3culos de prote\u00e7\u00e3o H2 Hidrog\u00e9nio gasoso para inalador H2 de 300 ml\/minuto | Phipower"}]},{"@type":"WebSite","@id":"https:\/\/phipower.org\/pt-pt\/#website","url":"https:\/\/phipower.org\/pt-pt\/","name":"Phipower: innovatieve gezondheidsproducten","description":"innovatieve gezondheidsproducten","publisher":{"@id":"https:\/\/phipower.org\/pt-pt\/#organization"},"potentialAction":[{"@type":"SearchAction","target":{"@type":"EntryPoint","urlTemplate":"https:\/\/phipower.org\/pt-pt\/?s={search_term_string}"},"query-input":{"@type":"PropertyValueSpecification","valueRequired":true,"valueName":"search_term_string"}}],"inLanguage":"pt-PT"},{"@type":"Organization","@id":"https:\/\/phipower.org\/pt-pt\/#organization","name":"Phipower","url":"https:\/\/phipower.org\/pt-pt\/","logo":{"@type":"ImageObject","inLanguage":"pt-PT","@id":"https:\/\/phipower.org\/pt-pt\/#\/schema\/logo\/image\/","url":"https:\/\/phipower.org\/wp-content\/uploads\/2019\/06\/z-logo-RGB-wit-power.png","contentUrl":"https:\/\/phipower.org\/wp-content\/uploads\/2019\/06\/z-logo-RGB-wit-power.png","width":3273,"height":1389,"caption":"Phipower"},"image":{"@id":"https:\/\/phipower.org\/pt-pt\/#\/schema\/logo\/image\/"},"sameAs":["https:\/\/www.facebook.com\/phipowertools\/","https:\/\/x.com\/phipower1","https:\/\/www.tiktok.com\/@phipowerhealth"]}]},"product_price_amount":"69.00","product_price_currency":"EUR","og_availability":"instock","product_availability":"instock","product_retailer_item_id":"8719324436885","product_condition":"new"},"_links":{"self":[{"href":"https:\/\/phipower.org\/pt-pt\/wp-json\/wp\/v2\/product\/3998","targetHints":{"allow":["GET"]}}],"collection":[{"href":"https:\/\/phipower.org\/pt-pt\/wp-json\/wp\/v2\/product"}],"about":[{"href":"https:\/\/phipower.org\/pt-pt\/wp-json\/wp\/v2\/types\/product"}],"replies":[{"embeddable":true,"href":"https:\/\/phipower.org\/pt-pt\/wp-json\/wp\/v2\/comments?post=3998"}],"wp:featuredmedia":[{"embeddable":true,"href":"https:\/\/phipower.org\/pt-pt\/wp-json\/wp\/v2\/media\/4015"}],"wp:attachment":[{"href":"https:\/\/phipower.org\/pt-pt\/wp-json\/wp\/v2\/media?parent=3998"}],"wp:term":[{"taxonomy":"product_brand","embeddable":true,"href":"https:\/\/phipower.org\/pt-pt\/wp-json\/wp\/v2\/product_brand?post=3998"},{"taxonomy":"product_cat","embeddable":true,"href":"https:\/\/phipower.org\/pt-pt\/wp-json\/wp\/v2\/product_cat?post=3998"},{"taxonomy":"product_tag","embeddable":true,"href":"https:\/\/phipower.org\/pt-pt\/wp-json\/wp\/v2\/product_tag?post=3998"}],"curies":[{"name":"wp","href":"https:\/\/api.w.org\/{rel}","templated":true}]}}