{"id":3978,"date":"2023-02-21T09:46:34","date_gmt":"2023-02-21T09:46:34","guid":{"rendered":"https:\/\/phipower.org\/product\/filtro-para-inalador-de-gas-hidrogenio-h2-300-ml-min-phipower\/"},"modified":"2026-04-16T14:19:58","modified_gmt":"2026-04-16T14:19:58","slug":"filtro-para-h2-hydrogen-gas-inhaler-300-ml-min-phipower","status":"publish","type":"product","link":"https:\/\/phipower.org\/pt-pt\/product\/filtro-para-h2-hydrogen-gas-inhaler-300-ml-min-phipower\/","title":{"rendered":"Filtro para inalador de g\u00e1s hidrog\u00e9nio H2 300 ml\/min | Phipower"},"content":{"rendered":"<h1>Filtro para inalador de g\u00e1s hidrog\u00e9nio H2 | Phipower<\/h1>\n<p>\u2714 filtro de \u00e1gua para o  <a href=\"https:\/\/phipower.org\/h2-waterstofgas-inhalator-phipower\/\">Inalador de g\u00e1s hidrog\u00e9nio H2 da Phipower<\/a><br \/>\n\u2714 o filtro de \u00e1gua deve ser substitu\u00eddo ap\u00f3s aprox. 6-12 meses de utiliza\u00e7\u00e3o<\/p>\n<p><strong>Manual:<\/strong><\/p>\n<p>Descarregar <strong><a href=\"https:\/\/drive.google.com\/file\/d\/1SrhM46BOpZAWFCvnT3g3A_dRkqHLPqLf\/view?usp=sharing\">aqui<\/a> <\/strong>o manual do inalador de g\u00e1s hidrog\u00e9nio H2.<\/p>\n<p>Para mais informa\u00e7\u00f5es sobre o potencial do hidrog\u00e9nio molecular, consulte <a href=\"https:\/\/www.ncbi.nlm.nih.gov\/pmc\/articles\/PMC3257754\/\">esta hiperliga\u00e7\u00e3o<\/a>.<\/p>\n","protected":false},"excerpt":{"rendered":"<p><strong>\u2714 filtro de \u00e1gua para Inalador de g\u00e1s hidrog\u00e9nio H2<\/strong><br \/>\n<strong>\u2714 substituir o filtro de \u00e1gua ap\u00f3s aprox. 6-12 meses de utiliza\u00e7\u00e3o<\/strong><\/p>\n","protected":false},"featured_media":4003,"comment_status":"open","ping_status":"closed","template":"","meta":[],"product_brand":[],"product_cat":[994,993,995],"product_tag":[],"class_list":{"0":"post-3978","1":"product","2":"type-product","3":"status-publish","4":"has-post-thumbnail","6":"product_cat-inalador-de-hidrogenio-gasoso","7":"product_cat-produtos","8":"product_cat-tratamento-da-agua","9":"product_shipping_class-0-2-kg","11":"first","12":"instock","13":"taxable","14":"shipping-taxable","15":"purchasable","16":"product-type-simple"},"yoast_head":"<!-- This site is optimized with the Yoast SEO Premium plugin v23.6 (Yoast SEO v27.2) - https:\/\/yoast.com\/product\/yoast-seo-premium-wordpress\/ -->\n<title>Filtro para inalador de g\u00e1s hidrog\u00e9nio H2 300 ml\/min | Phipower - Phipower<\/title>\n<meta name=\"description\" content=\"\u2714 filtro de \u00e1gua para inalador de g\u00e1s hidrog\u00e9nio H2 \u2714 gera at\u00e9 300 ml por minuto de hidrog\u00e9nio puro (H2) \u2714 nutre o corpo a n\u00edvel celular \u2714 d\u00e1 mais energia\" \/>\n<meta name=\"robots\" content=\"index, follow, max-snippet:-1, max-image-preview:large, max-video-preview:-1\" \/>\n<link rel=\"canonical\" href=\"https:\/\/phipower.org\/pt-pt\/product\/filtro-para-h2-hydrogen-gas-inhaler-300-ml-min-phipower\/\" \/>\n<meta property=\"og:locale\" content=\"pt_PT\" \/>\n<meta property=\"og:type\" content=\"article\" \/>\n<meta property=\"og:title\" content=\"Filtro para inalador de g\u00e1s hidrog\u00e9nio H2 300 ml\/min | Phipower\" \/>\n<meta property=\"og:description\" content=\"\u2714 filtro de \u00e1gua para inalador de g\u00e1s hidrog\u00e9nio H2 \u2714 gera at\u00e9 300 ml por minuto de hidrog\u00e9nio puro (H2) \u2714 nutre o corpo a n\u00edvel celular \u2714 d\u00e1 mais energia\" \/>\n<meta property=\"og:url\" content=\"https:\/\/phipower.org\/pt-pt\/product\/filtro-para-h2-hydrogen-gas-inhaler-300-ml-min-phipower\/\" \/>\n<meta property=\"og:site_name\" content=\"Phipower\" \/>\n<meta property=\"article:publisher\" content=\"https:\/\/www.facebook.com\/phipowertools\/\" \/>\n<meta property=\"article:modified_time\" content=\"2026-04-16T14:19:58+00:00\" \/>\n<meta property=\"og:image\" content=\"https:\/\/phipower.org\/wp-content\/uploads\/2021\/09\/waterstofgas-inhaler-inhalator-H2-O2-300ml-H2-generator-medisch-apparaat-phipower-zijkant-1.jpg\" \/>\n\t<meta property=\"og:image:width\" content=\"1200\" \/>\n\t<meta property=\"og:image:height\" content=\"1200\" \/>\n\t<meta property=\"og:image:type\" content=\"image\/jpeg\" \/>\n<meta name=\"twitter:card\" content=\"summary_large_image\" \/>\n<meta name=\"twitter:site\" content=\"@phipower1\" \/>\n<meta name=\"twitter:label1\" content=\"pre\u00e7o\" \/>\n\t<meta name=\"twitter:data1\" content=\"&euro;49,00\" \/>\n\t<meta name=\"twitter:label2\" content=\"Disponibilidade\" \/>\n\t<meta name=\"twitter:data2\" content=\"Em stock\" \/>\n<script type=\"application\/ld+json\" class=\"yoast-schema-graph\">{\"@context\":\"https:\/\/schema.org\",\"@graph\":[{\"@type\":\"WebPage\",\"@id\":\"https:\/\/phipower.org\/pt-pt\/product\/filtro-para-h2-hydrogen-gas-inhaler-300-ml-min-phipower\/\",\"url\":\"https:\/\/phipower.org\/pt-pt\/product\/filtro-para-h2-hydrogen-gas-inhaler-300-ml-min-phipower\/\",\"name\":\"Filtro para inalador de g\u00e1s hidrog\u00e9nio H2 300 ml\/min | Phipower - Phipower\",\"isPartOf\":{\"@id\":\"https:\/\/phipower.org\/pt-pt\/#website\"},\"primaryImageOfPage\":{\"@id\":\"https:\/\/phipower.org\/pt-pt\/product\/filtro-para-h2-hydrogen-gas-inhaler-300-ml-min-phipower\/#primaryimage\"},\"image\":{\"@id\":\"https:\/\/phipower.org\/pt-pt\/product\/filtro-para-h2-hydrogen-gas-inhaler-300-ml-min-phipower\/#primaryimage\"},\"thumbnailUrl\":\"https:\/\/phipower.org\/wp-content\/uploads\/2023\/02\/Filter-H2-waterstof-gas-inhalator-waterfilter-zijkant.jpg\",\"datePublished\":\"2023-02-21T09:46:34+00:00\",\"dateModified\":\"2026-04-16T14:19:58+00:00\",\"description\":\"\u2714 filtro de \u00e1gua para inalador de g\u00e1s hidrog\u00e9nio H2 \u2714 gera at\u00e9 300 ml por minuto de hidrog\u00e9nio puro (H2) \u2714 nutre o corpo a n\u00edvel celular \u2714 d\u00e1 mais energia\",\"breadcrumb\":{\"@id\":\"https:\/\/phipower.org\/pt-pt\/product\/filtro-para-h2-hydrogen-gas-inhaler-300-ml-min-phipower\/#breadcrumb\"},\"inLanguage\":\"pt-PT\",\"potentialAction\":[{\"@type\":\"ReadAction\",\"target\":[\"https:\/\/phipower.org\/pt-pt\/product\/filtro-para-h2-hydrogen-gas-inhaler-300-ml-min-phipower\/\"]}]},{\"@type\":\"ImageObject\",\"inLanguage\":\"pt-PT\",\"@id\":\"https:\/\/phipower.org\/pt-pt\/product\/filtro-para-h2-hydrogen-gas-inhaler-300-ml-min-phipower\/#primaryimage\",\"url\":\"https:\/\/phipower.org\/wp-content\/uploads\/2023\/02\/Filter-H2-waterstof-gas-inhalator-waterfilter-zijkant.jpg\",\"contentUrl\":\"https:\/\/phipower.org\/wp-content\/uploads\/2023\/02\/Filter-H2-waterstof-gas-inhalator-waterfilter-zijkant.jpg\",\"width\":1200,\"height\":1200},{\"@type\":\"BreadcrumbList\",\"@id\":\"https:\/\/phipower.org\/pt-pt\/product\/filtro-para-h2-hydrogen-gas-inhaler-300-ml-min-phipower\/#breadcrumb\",\"itemListElement\":[{\"@type\":\"ListItem\",\"position\":1,\"name\":\"Home\",\"item\":\"https:\/\/phipower.org\/pt-pt\/\"},{\"@type\":\"ListItem\",\"position\":2,\"name\":\"Loja\",\"item\":\"https:\/\/phipower.org\/pt-pt\/loja\/\"},{\"@type\":\"ListItem\",\"position\":3,\"name\":\"Filtro para inalador de g\u00e1s hidrog\u00e9nio H2 300 ml\/min | Phipower\"}]},{\"@type\":\"WebSite\",\"@id\":\"https:\/\/phipower.org\/pt-pt\/#website\",\"url\":\"https:\/\/phipower.org\/pt-pt\/\",\"name\":\"Phipower: innovatieve gezondheidsproducten\",\"description\":\"innovatieve gezondheidsproducten\",\"publisher\":{\"@id\":\"https:\/\/phipower.org\/pt-pt\/#organization\"},\"potentialAction\":[{\"@type\":\"SearchAction\",\"target\":{\"@type\":\"EntryPoint\",\"urlTemplate\":\"https:\/\/phipower.org\/pt-pt\/?s={search_term_string}\"},\"query-input\":{\"@type\":\"PropertyValueSpecification\",\"valueRequired\":true,\"valueName\":\"search_term_string\"}}],\"inLanguage\":\"pt-PT\"},{\"@type\":\"Organization\",\"@id\":\"https:\/\/phipower.org\/pt-pt\/#organization\",\"name\":\"Phipower\",\"url\":\"https:\/\/phipower.org\/pt-pt\/\",\"logo\":{\"@type\":\"ImageObject\",\"inLanguage\":\"pt-PT\",\"@id\":\"https:\/\/phipower.org\/pt-pt\/#\/schema\/logo\/image\/\",\"url\":\"https:\/\/phipower.org\/wp-content\/uploads\/2019\/06\/z-logo-RGB-wit-power.png\",\"contentUrl\":\"https:\/\/phipower.org\/wp-content\/uploads\/2019\/06\/z-logo-RGB-wit-power.png\",\"width\":3273,\"height\":1389,\"caption\":\"Phipower\"},\"image\":{\"@id\":\"https:\/\/phipower.org\/pt-pt\/#\/schema\/logo\/image\/\"},\"sameAs\":[\"https:\/\/www.facebook.com\/phipowertools\/\",\"https:\/\/x.com\/phipower1\",\"https:\/\/www.tiktok.com\/@phipowerhealth\"]}]}<\/script>\n<meta property=\"product:price:amount\" content=\"49.00\" \/>\n<meta property=\"product:price:currency\" content=\"EUR\" \/>\n<meta property=\"og:availability\" content=\"instock\" \/>\n<meta property=\"product:availability\" content=\"instock\" \/>\n<meta property=\"product:retailer_item_id\" content=\"7806140071404\" \/>\n<meta property=\"product:condition\" content=\"new\" \/>\n<!-- \/ Yoast SEO Premium plugin. -->","yoast_head_json":{"title":"Filtro para inalador de g\u00e1s hidrog\u00e9nio H2 300 ml\/min | Phipower - Phipower","description":"\u2714 filtro de \u00e1gua para inalador de g\u00e1s hidrog\u00e9nio H2 \u2714 gera at\u00e9 300 ml por minuto de hidrog\u00e9nio puro (H2) \u2714 nutre o corpo a n\u00edvel celular \u2714 d\u00e1 mais energia","robots":{"index":"index","follow":"follow","max-snippet":"max-snippet:-1","max-image-preview":"max-image-preview:large","max-video-preview":"max-video-preview:-1"},"canonical":"https:\/\/phipower.org\/pt-pt\/product\/filtro-para-h2-hydrogen-gas-inhaler-300-ml-min-phipower\/","og_locale":"pt_PT","og_type":"article","og_title":"Filtro para inalador de g\u00e1s hidrog\u00e9nio H2 300 ml\/min | Phipower","og_description":"\u2714 filtro de \u00e1gua para inalador de g\u00e1s hidrog\u00e9nio H2 \u2714 gera at\u00e9 300 ml por minuto de hidrog\u00e9nio puro (H2) \u2714 nutre o corpo a n\u00edvel celular \u2714 d\u00e1 mais energia","og_url":"https:\/\/phipower.org\/pt-pt\/product\/filtro-para-h2-hydrogen-gas-inhaler-300-ml-min-phipower\/","og_site_name":"Phipower","article_publisher":"https:\/\/www.facebook.com\/phipowertools\/","article_modified_time":"2026-04-16T14:19:58+00:00","og_image":[{"width":1200,"height":1200,"url":"https:\/\/phipower.org\/wp-content\/uploads\/2021\/09\/waterstofgas-inhaler-inhalator-H2-O2-300ml-H2-generator-medisch-apparaat-phipower-zijkant-1.jpg","type":"image\/jpeg"}],"twitter_card":"summary_large_image","twitter_site":"@phipower1","twitter_misc":{"pre\u00e7o":"&euro;49,00","Disponibilidade":"Em stock"},"schema":{"@context":"https:\/\/schema.org","@graph":[{"@type":"WebPage","@id":"https:\/\/phipower.org\/pt-pt\/product\/filtro-para-h2-hydrogen-gas-inhaler-300-ml-min-phipower\/","url":"https:\/\/phipower.org\/pt-pt\/product\/filtro-para-h2-hydrogen-gas-inhaler-300-ml-min-phipower\/","name":"Filtro para inalador de g\u00e1s hidrog\u00e9nio H2 300 ml\/min | Phipower - Phipower","isPartOf":{"@id":"https:\/\/phipower.org\/pt-pt\/#website"},"primaryImageOfPage":{"@id":"https:\/\/phipower.org\/pt-pt\/product\/filtro-para-h2-hydrogen-gas-inhaler-300-ml-min-phipower\/#primaryimage"},"image":{"@id":"https:\/\/phipower.org\/pt-pt\/product\/filtro-para-h2-hydrogen-gas-inhaler-300-ml-min-phipower\/#primaryimage"},"thumbnailUrl":"https:\/\/phipower.org\/wp-content\/uploads\/2023\/02\/Filter-H2-waterstof-gas-inhalator-waterfilter-zijkant.jpg","datePublished":"2023-02-21T09:46:34+00:00","dateModified":"2026-04-16T14:19:58+00:00","description":"\u2714 filtro de \u00e1gua para inalador de g\u00e1s hidrog\u00e9nio H2 \u2714 gera at\u00e9 300 ml por minuto de hidrog\u00e9nio puro (H2) \u2714 nutre o corpo a n\u00edvel celular \u2714 d\u00e1 mais energia","breadcrumb":{"@id":"https:\/\/phipower.org\/pt-pt\/product\/filtro-para-h2-hydrogen-gas-inhaler-300-ml-min-phipower\/#breadcrumb"},"inLanguage":"pt-PT","potentialAction":[{"@type":"ReadAction","target":["https:\/\/phipower.org\/pt-pt\/product\/filtro-para-h2-hydrogen-gas-inhaler-300-ml-min-phipower\/"]}]},{"@type":"ImageObject","inLanguage":"pt-PT","@id":"https:\/\/phipower.org\/pt-pt\/product\/filtro-para-h2-hydrogen-gas-inhaler-300-ml-min-phipower\/#primaryimage","url":"https:\/\/phipower.org\/wp-content\/uploads\/2023\/02\/Filter-H2-waterstof-gas-inhalator-waterfilter-zijkant.jpg","contentUrl":"https:\/\/phipower.org\/wp-content\/uploads\/2023\/02\/Filter-H2-waterstof-gas-inhalator-waterfilter-zijkant.jpg","width":1200,"height":1200},{"@type":"BreadcrumbList","@id":"https:\/\/phipower.org\/pt-pt\/product\/filtro-para-h2-hydrogen-gas-inhaler-300-ml-min-phipower\/#breadcrumb","itemListElement":[{"@type":"ListItem","position":1,"name":"Home","item":"https:\/\/phipower.org\/pt-pt\/"},{"@type":"ListItem","position":2,"name":"Loja","item":"https:\/\/phipower.org\/pt-pt\/loja\/"},{"@type":"ListItem","position":3,"name":"Filtro para inalador de g\u00e1s hidrog\u00e9nio H2 300 ml\/min | Phipower"}]},{"@type":"WebSite","@id":"https:\/\/phipower.org\/pt-pt\/#website","url":"https:\/\/phipower.org\/pt-pt\/","name":"Phipower: innovatieve gezondheidsproducten","description":"innovatieve gezondheidsproducten","publisher":{"@id":"https:\/\/phipower.org\/pt-pt\/#organization"},"potentialAction":[{"@type":"SearchAction","target":{"@type":"EntryPoint","urlTemplate":"https:\/\/phipower.org\/pt-pt\/?s={search_term_string}"},"query-input":{"@type":"PropertyValueSpecification","valueRequired":true,"valueName":"search_term_string"}}],"inLanguage":"pt-PT"},{"@type":"Organization","@id":"https:\/\/phipower.org\/pt-pt\/#organization","name":"Phipower","url":"https:\/\/phipower.org\/pt-pt\/","logo":{"@type":"ImageObject","inLanguage":"pt-PT","@id":"https:\/\/phipower.org\/pt-pt\/#\/schema\/logo\/image\/","url":"https:\/\/phipower.org\/wp-content\/uploads\/2019\/06\/z-logo-RGB-wit-power.png","contentUrl":"https:\/\/phipower.org\/wp-content\/uploads\/2019\/06\/z-logo-RGB-wit-power.png","width":3273,"height":1389,"caption":"Phipower"},"image":{"@id":"https:\/\/phipower.org\/pt-pt\/#\/schema\/logo\/image\/"},"sameAs":["https:\/\/www.facebook.com\/phipowertools\/","https:\/\/x.com\/phipower1","https:\/\/www.tiktok.com\/@phipowerhealth"]}]},"product_price_amount":"49.00","product_price_currency":"EUR","og_availability":"instock","product_availability":"instock","product_retailer_item_id":"7806140071404","product_condition":"new"},"_links":{"self":[{"href":"https:\/\/phipower.org\/pt-pt\/wp-json\/wp\/v2\/product\/3978","targetHints":{"allow":["GET"]}}],"collection":[{"href":"https:\/\/phipower.org\/pt-pt\/wp-json\/wp\/v2\/product"}],"about":[{"href":"https:\/\/phipower.org\/pt-pt\/wp-json\/wp\/v2\/types\/product"}],"replies":[{"embeddable":true,"href":"https:\/\/phipower.org\/pt-pt\/wp-json\/wp\/v2\/comments?post=3978"}],"wp:featuredmedia":[{"embeddable":true,"href":"https:\/\/phipower.org\/pt-pt\/wp-json\/wp\/v2\/media\/4003"}],"wp:attachment":[{"href":"https:\/\/phipower.org\/pt-pt\/wp-json\/wp\/v2\/media?parent=3978"}],"wp:term":[{"taxonomy":"product_brand","embeddable":true,"href":"https:\/\/phipower.org\/pt-pt\/wp-json\/wp\/v2\/product_brand?post=3978"},{"taxonomy":"product_cat","embeddable":true,"href":"https:\/\/phipower.org\/pt-pt\/wp-json\/wp\/v2\/product_cat?post=3978"},{"taxonomy":"product_tag","embeddable":true,"href":"https:\/\/phipower.org\/pt-pt\/wp-json\/wp\/v2\/product_tag?post=3978"}],"curies":[{"name":"wp","href":"https:\/\/api.w.org\/{rel}","templated":true}]}}