{"id":3958,"date":"2023-02-20T23:00:07","date_gmt":"2023-02-20T23:00:07","guid":{"rendered":"https:\/\/phipower.org\/product\/filtro-para-gerador-de-agua-alcalina-filtro-de-carvao-ativado-phipower\/"},"modified":"2026-04-16T14:19:52","modified_gmt":"2026-04-16T14:19:52","slug":"filtro-para-gerador-de-agua-basica-filtro-de-carbono-ativo-phipower","status":"publish","type":"product","link":"https:\/\/phipower.org\/pt-pt\/produto\/filtro-para-gerador-de-agua-basica-filtro-de-carbono-ativo-phipower\/","title":{"rendered":"Filtro para gerador de \u00e1gua alcalina | Filtro de carv\u00e3o ativado | Phipower"},"content":{"rendered":"<h1>Filtro para gerador de \u00e1gua alcalina | Filtro de carv\u00e3o ativado | Phipower<\/h1>\n<p><strong>Filtro de carv\u00e3o ativado para gerador de \u00e1gua alcalina<\/strong><br \/>\n<strong>Remo\u00e7\u00e3o eficaz de res\u00edduos indesej\u00e1veis na \u00e1gua da torneira<\/strong><br \/>\n<strong>Capacidade para 6.000 litros de \u00e1gua pura<\/strong><br \/>\n<strong>\u2714 f\u00e1cil de ligar<\/strong><\/p>\n<p><strong>Descri\u00e7\u00e3o<\/strong><br \/>\nCom este filtro para o <a href=\"https:\/\/phipower.org\/basisch-water-generator-water-ionisator-en-filter-phipower\/\">gerador\/ionizador de \u00e1gua alcalina Phipower<\/a>, podem ser filtrados e purificados at\u00e9 6.000 litros de \u00e1gua da torneira.<\/p>\n<p>O filtro \u00e9 f\u00e1cil de substituir e fixar.<\/p>\n<p>O filtro \u00e9 constitu\u00eddo por carv\u00e3o ativo de alta qualidade e garante, no entanto, um excelente fluxo.<\/p>\n<p>O filtro \u00e9 resistente a produtos qu\u00edmicos e elimina eficazmente a polui\u00e7\u00e3o org\u00e2nica, os res\u00edduos de cloro e outras subst\u00e2ncias indesej\u00e1veis da \u00e1gua da torneira.<\/p>\n<p>Veja as instru\u00e7\u00f5es abaixo para fixar o filtro no <a href=\"https:\/\/phipower.org\/basisch-water-generator-water-ionisator-en-filter-phipower\/\">gerador de \u00e1gua alcalina Phipower.<\/a><\/p>\n<p><strong>Manual:<\/strong><br \/>\n<a href=\"https:\/\/drive.google.com\/file\/d\/1LgJxYq90kNtR8mVIcBDpfvjp4uzo5-n2\/view?usp=sharing\">Descarregar o manual aqui<\/a><\/p>\n","protected":false},"excerpt":{"rendered":"<p><strong>\u2714 filtro de carv\u00e3o ativado para <a href=\"https:\/\/phipower.org\/basisch-water-generator-water-ionisator-en-filter-phipower\/\">gerador de \u00e1gua alcalina<\/a><\/strong><br \/>\n<strong>\u2714 remo\u00e7\u00e3o eficaz de res\u00edduos indesejados na \u00e1gua da torneira<\/strong><br \/>\n<strong>\u2714 adequado para 6.000 litros de \u00e1gua pura<\/strong><br \/>\n<strong>\u2714 f\u00e1cil de ligar<\/strong><\/p>\n","protected":false},"featured_media":3961,"comment_status":"open","ping_status":"closed","template":"","meta":[],"product_brand":[],"product_cat":[999,993,995],"product_tag":[],"class_list":{"0":"post-3958","1":"product","2":"type-product","3":"status-publish","4":"has-post-thumbnail","6":"product_cat-gerador-de-agua-alcalina","7":"product_cat-produtos","8":"product_cat-tratamento-da-agua","9":"product_shipping_class-0-2-kg","11":"first","12":"instock","13":"taxable","14":"shipping-taxable","15":"purchasable","16":"product-type-simple"},"yoast_head":"<!-- This site is optimized with the Yoast SEO Premium plugin v23.6 (Yoast SEO v27.2) - https:\/\/yoast.com\/product\/yoast-seo-premium-wordpress\/ -->\n<title>Filtro para gerador de \u00e1gua alcalina | Filtro de carv\u00e3o ativado | Phipower - Phipower<\/title>\n<meta name=\"description\" content=\"filtro de carv\u00e3o ativo para gerador de \u00e1gua alcalina \u2714 remo\u00e7\u00e3o eficaz de res\u00edduos indesej\u00e1veis na \u00e1gua da torneira \u2714 bom para 6.000 litros de \u00e1gua purificada\" \/>\n<meta name=\"robots\" content=\"index, follow, max-snippet:-1, max-image-preview:large, max-video-preview:-1\" \/>\n<link rel=\"canonical\" href=\"https:\/\/phipower.org\/pt-pt\/produto\/filtro-para-gerador-de-agua-basica-filtro-de-carbono-ativo-phipower\/\" \/>\n<meta property=\"og:locale\" content=\"pt_PT\" \/>\n<meta property=\"og:type\" content=\"article\" \/>\n<meta property=\"og:title\" content=\"Filtro para gerador de \u00e1gua alcalina | Filtro de carv\u00e3o ativado | Phipower\" \/>\n<meta property=\"og:description\" content=\"filtro de carv\u00e3o ativo para gerador de \u00e1gua alcalina \u2714 remo\u00e7\u00e3o eficaz de res\u00edduos indesej\u00e1veis na \u00e1gua da torneira \u2714 bom para 6.000 litros de \u00e1gua purificada\" \/>\n<meta property=\"og:url\" content=\"https:\/\/phipower.org\/pt-pt\/produto\/filtro-para-gerador-de-agua-basica-filtro-de-carbono-ativo-phipower\/\" \/>\n<meta property=\"og:site_name\" content=\"Phipower\" \/>\n<meta property=\"article:publisher\" content=\"https:\/\/www.facebook.com\/phipowertools\/\" \/>\n<meta property=\"article:modified_time\" content=\"2026-04-16T14:19:52+00:00\" \/>\n<meta property=\"og:image\" content=\"https:\/\/phipower.org\/wp-content\/uploads\/2021\/09\/waterstofgas-inhaler-inhalator-H2-O2-300ml-H2-generator-medisch-apparaat-phipower-zijkant-1.jpg\" \/>\n\t<meta property=\"og:image:width\" content=\"1200\" \/>\n\t<meta property=\"og:image:height\" content=\"1200\" \/>\n\t<meta property=\"og:image:type\" content=\"image\/jpeg\" \/>\n<meta name=\"twitter:card\" content=\"summary_large_image\" \/>\n<meta name=\"twitter:site\" content=\"@phipower1\" \/>\n<meta name=\"twitter:label1\" content=\"pre\u00e7o\" \/>\n\t<meta name=\"twitter:data1\" content=\"&euro;69,00\" \/>\n\t<meta name=\"twitter:label2\" content=\"Disponibilidade\" \/>\n\t<meta name=\"twitter:data2\" content=\"Em stock\" \/>\n<script type=\"application\/ld+json\" class=\"yoast-schema-graph\">{\"@context\":\"https:\/\/schema.org\",\"@graph\":[{\"@type\":\"WebPage\",\"@id\":\"https:\/\/phipower.org\/pt-pt\/produto\/filtro-para-gerador-de-agua-basica-filtro-de-carbono-ativo-phipower\/\",\"url\":\"https:\/\/phipower.org\/pt-pt\/produto\/filtro-para-gerador-de-agua-basica-filtro-de-carbono-ativo-phipower\/\",\"name\":\"Filtro para gerador de \u00e1gua alcalina | Filtro de carv\u00e3o ativado | Phipower - Phipower\",\"isPartOf\":{\"@id\":\"https:\/\/phipower.org\/pt-pt\/#website\"},\"primaryImageOfPage\":{\"@id\":\"https:\/\/phipower.org\/pt-pt\/produto\/filtro-para-gerador-de-agua-basica-filtro-de-carbono-ativo-phipower\/#primaryimage\"},\"image\":{\"@id\":\"https:\/\/phipower.org\/pt-pt\/produto\/filtro-para-gerador-de-agua-basica-filtro-de-carbono-ativo-phipower\/#primaryimage\"},\"thumbnailUrl\":\"https:\/\/phipower.org\/wp-content\/uploads\/2023\/02\/Filter-voor-basisch-water-generator-Actief-koolstoffilter-Phipower-voorkant.jpg\",\"datePublished\":\"2023-02-20T23:00:07+00:00\",\"dateModified\":\"2026-04-16T14:19:52+00:00\",\"description\":\"filtro de carv\u00e3o ativo para gerador de \u00e1gua alcalina \u2714 remo\u00e7\u00e3o eficaz de res\u00edduos indesej\u00e1veis na \u00e1gua da torneira \u2714 bom para 6.000 litros de \u00e1gua purificada\",\"breadcrumb\":{\"@id\":\"https:\/\/phipower.org\/pt-pt\/produto\/filtro-para-gerador-de-agua-basica-filtro-de-carbono-ativo-phipower\/#breadcrumb\"},\"inLanguage\":\"pt-PT\",\"potentialAction\":[{\"@type\":\"ReadAction\",\"target\":[\"https:\/\/phipower.org\/pt-pt\/produto\/filtro-para-gerador-de-agua-basica-filtro-de-carbono-ativo-phipower\/\"]}]},{\"@type\":\"ImageObject\",\"inLanguage\":\"pt-PT\",\"@id\":\"https:\/\/phipower.org\/pt-pt\/produto\/filtro-para-gerador-de-agua-basica-filtro-de-carbono-ativo-phipower\/#primaryimage\",\"url\":\"https:\/\/phipower.org\/wp-content\/uploads\/2023\/02\/Filter-voor-basisch-water-generator-Actief-koolstoffilter-Phipower-voorkant.jpg\",\"contentUrl\":\"https:\/\/phipower.org\/wp-content\/uploads\/2023\/02\/Filter-voor-basisch-water-generator-Actief-koolstoffilter-Phipower-voorkant.jpg\",\"width\":1200,\"height\":1200},{\"@type\":\"BreadcrumbList\",\"@id\":\"https:\/\/phipower.org\/pt-pt\/produto\/filtro-para-gerador-de-agua-basica-filtro-de-carbono-ativo-phipower\/#breadcrumb\",\"itemListElement\":[{\"@type\":\"ListItem\",\"position\":1,\"name\":\"Home\",\"item\":\"https:\/\/phipower.org\/pt-pt\/\"},{\"@type\":\"ListItem\",\"position\":2,\"name\":\"Loja\",\"item\":\"https:\/\/phipower.org\/pt-pt\/loja\/\"},{\"@type\":\"ListItem\",\"position\":3,\"name\":\"Filtro para gerador de \u00e1gua alcalina | Filtro de carv\u00e3o ativado | Phipower\"}]},{\"@type\":\"WebSite\",\"@id\":\"https:\/\/phipower.org\/pt-pt\/#website\",\"url\":\"https:\/\/phipower.org\/pt-pt\/\",\"name\":\"Phipower: innovatieve gezondheidsproducten\",\"description\":\"innovatieve gezondheidsproducten\",\"publisher\":{\"@id\":\"https:\/\/phipower.org\/pt-pt\/#organization\"},\"potentialAction\":[{\"@type\":\"SearchAction\",\"target\":{\"@type\":\"EntryPoint\",\"urlTemplate\":\"https:\/\/phipower.org\/pt-pt\/?s={search_term_string}\"},\"query-input\":{\"@type\":\"PropertyValueSpecification\",\"valueRequired\":true,\"valueName\":\"search_term_string\"}}],\"inLanguage\":\"pt-PT\"},{\"@type\":\"Organization\",\"@id\":\"https:\/\/phipower.org\/pt-pt\/#organization\",\"name\":\"Phipower\",\"url\":\"https:\/\/phipower.org\/pt-pt\/\",\"logo\":{\"@type\":\"ImageObject\",\"inLanguage\":\"pt-PT\",\"@id\":\"https:\/\/phipower.org\/pt-pt\/#\/schema\/logo\/image\/\",\"url\":\"https:\/\/phipower.org\/wp-content\/uploads\/2019\/06\/z-logo-RGB-wit-power.png\",\"contentUrl\":\"https:\/\/phipower.org\/wp-content\/uploads\/2019\/06\/z-logo-RGB-wit-power.png\",\"width\":3273,\"height\":1389,\"caption\":\"Phipower\"},\"image\":{\"@id\":\"https:\/\/phipower.org\/pt-pt\/#\/schema\/logo\/image\/\"},\"sameAs\":[\"https:\/\/www.facebook.com\/phipowertools\/\",\"https:\/\/x.com\/phipower1\",\"https:\/\/www.tiktok.com\/@phipowerhealth\"]}]}<\/script>\n<meta property=\"product:price:amount\" content=\"69.00\" \/>\n<meta property=\"product:price:currency\" content=\"EUR\" \/>\n<meta property=\"og:availability\" content=\"instock\" \/>\n<meta property=\"product:availability\" content=\"instock\" \/>\n<meta property=\"product:retailer_item_id\" content=\"7806140071411\" \/>\n<meta property=\"product:condition\" content=\"new\" \/>\n<!-- \/ Yoast SEO Premium plugin. -->","yoast_head_json":{"title":"Filtro para gerador de \u00e1gua alcalina | Filtro de carv\u00e3o ativado | Phipower - Phipower","description":"filtro de carv\u00e3o ativo para gerador de \u00e1gua alcalina \u2714 remo\u00e7\u00e3o eficaz de res\u00edduos indesej\u00e1veis na \u00e1gua da torneira \u2714 bom para 6.000 litros de \u00e1gua purificada","robots":{"index":"index","follow":"follow","max-snippet":"max-snippet:-1","max-image-preview":"max-image-preview:large","max-video-preview":"max-video-preview:-1"},"canonical":"https:\/\/phipower.org\/pt-pt\/produto\/filtro-para-gerador-de-agua-basica-filtro-de-carbono-ativo-phipower\/","og_locale":"pt_PT","og_type":"article","og_title":"Filtro para gerador de \u00e1gua alcalina | Filtro de carv\u00e3o ativado | Phipower","og_description":"filtro de carv\u00e3o ativo para gerador de \u00e1gua alcalina \u2714 remo\u00e7\u00e3o eficaz de res\u00edduos indesej\u00e1veis na \u00e1gua da torneira \u2714 bom para 6.000 litros de \u00e1gua purificada","og_url":"https:\/\/phipower.org\/pt-pt\/produto\/filtro-para-gerador-de-agua-basica-filtro-de-carbono-ativo-phipower\/","og_site_name":"Phipower","article_publisher":"https:\/\/www.facebook.com\/phipowertools\/","article_modified_time":"2026-04-16T14:19:52+00:00","og_image":[{"width":1200,"height":1200,"url":"https:\/\/phipower.org\/wp-content\/uploads\/2021\/09\/waterstofgas-inhaler-inhalator-H2-O2-300ml-H2-generator-medisch-apparaat-phipower-zijkant-1.jpg","type":"image\/jpeg"}],"twitter_card":"summary_large_image","twitter_site":"@phipower1","twitter_misc":{"pre\u00e7o":"&euro;69,00","Disponibilidade":"Em stock"},"schema":{"@context":"https:\/\/schema.org","@graph":[{"@type":"WebPage","@id":"https:\/\/phipower.org\/pt-pt\/produto\/filtro-para-gerador-de-agua-basica-filtro-de-carbono-ativo-phipower\/","url":"https:\/\/phipower.org\/pt-pt\/produto\/filtro-para-gerador-de-agua-basica-filtro-de-carbono-ativo-phipower\/","name":"Filtro para gerador de \u00e1gua alcalina | Filtro de carv\u00e3o ativado | Phipower - Phipower","isPartOf":{"@id":"https:\/\/phipower.org\/pt-pt\/#website"},"primaryImageOfPage":{"@id":"https:\/\/phipower.org\/pt-pt\/produto\/filtro-para-gerador-de-agua-basica-filtro-de-carbono-ativo-phipower\/#primaryimage"},"image":{"@id":"https:\/\/phipower.org\/pt-pt\/produto\/filtro-para-gerador-de-agua-basica-filtro-de-carbono-ativo-phipower\/#primaryimage"},"thumbnailUrl":"https:\/\/phipower.org\/wp-content\/uploads\/2023\/02\/Filter-voor-basisch-water-generator-Actief-koolstoffilter-Phipower-voorkant.jpg","datePublished":"2023-02-20T23:00:07+00:00","dateModified":"2026-04-16T14:19:52+00:00","description":"filtro de carv\u00e3o ativo para gerador de \u00e1gua alcalina \u2714 remo\u00e7\u00e3o eficaz de res\u00edduos indesej\u00e1veis na \u00e1gua da torneira \u2714 bom para 6.000 litros de \u00e1gua purificada","breadcrumb":{"@id":"https:\/\/phipower.org\/pt-pt\/produto\/filtro-para-gerador-de-agua-basica-filtro-de-carbono-ativo-phipower\/#breadcrumb"},"inLanguage":"pt-PT","potentialAction":[{"@type":"ReadAction","target":["https:\/\/phipower.org\/pt-pt\/produto\/filtro-para-gerador-de-agua-basica-filtro-de-carbono-ativo-phipower\/"]}]},{"@type":"ImageObject","inLanguage":"pt-PT","@id":"https:\/\/phipower.org\/pt-pt\/produto\/filtro-para-gerador-de-agua-basica-filtro-de-carbono-ativo-phipower\/#primaryimage","url":"https:\/\/phipower.org\/wp-content\/uploads\/2023\/02\/Filter-voor-basisch-water-generator-Actief-koolstoffilter-Phipower-voorkant.jpg","contentUrl":"https:\/\/phipower.org\/wp-content\/uploads\/2023\/02\/Filter-voor-basisch-water-generator-Actief-koolstoffilter-Phipower-voorkant.jpg","width":1200,"height":1200},{"@type":"BreadcrumbList","@id":"https:\/\/phipower.org\/pt-pt\/produto\/filtro-para-gerador-de-agua-basica-filtro-de-carbono-ativo-phipower\/#breadcrumb","itemListElement":[{"@type":"ListItem","position":1,"name":"Home","item":"https:\/\/phipower.org\/pt-pt\/"},{"@type":"ListItem","position":2,"name":"Loja","item":"https:\/\/phipower.org\/pt-pt\/loja\/"},{"@type":"ListItem","position":3,"name":"Filtro para gerador de \u00e1gua alcalina | Filtro de carv\u00e3o ativado | Phipower"}]},{"@type":"WebSite","@id":"https:\/\/phipower.org\/pt-pt\/#website","url":"https:\/\/phipower.org\/pt-pt\/","name":"Phipower: innovatieve gezondheidsproducten","description":"innovatieve gezondheidsproducten","publisher":{"@id":"https:\/\/phipower.org\/pt-pt\/#organization"},"potentialAction":[{"@type":"SearchAction","target":{"@type":"EntryPoint","urlTemplate":"https:\/\/phipower.org\/pt-pt\/?s={search_term_string}"},"query-input":{"@type":"PropertyValueSpecification","valueRequired":true,"valueName":"search_term_string"}}],"inLanguage":"pt-PT"},{"@type":"Organization","@id":"https:\/\/phipower.org\/pt-pt\/#organization","name":"Phipower","url":"https:\/\/phipower.org\/pt-pt\/","logo":{"@type":"ImageObject","inLanguage":"pt-PT","@id":"https:\/\/phipower.org\/pt-pt\/#\/schema\/logo\/image\/","url":"https:\/\/phipower.org\/wp-content\/uploads\/2019\/06\/z-logo-RGB-wit-power.png","contentUrl":"https:\/\/phipower.org\/wp-content\/uploads\/2019\/06\/z-logo-RGB-wit-power.png","width":3273,"height":1389,"caption":"Phipower"},"image":{"@id":"https:\/\/phipower.org\/pt-pt\/#\/schema\/logo\/image\/"},"sameAs":["https:\/\/www.facebook.com\/phipowertools\/","https:\/\/x.com\/phipower1","https:\/\/www.tiktok.com\/@phipowerhealth"]}]},"product_price_amount":"69.00","product_price_currency":"EUR","og_availability":"instock","product_availability":"instock","product_retailer_item_id":"7806140071411","product_condition":"new"},"_links":{"self":[{"href":"https:\/\/phipower.org\/pt-pt\/wp-json\/wp\/v2\/product\/3958","targetHints":{"allow":["GET"]}}],"collection":[{"href":"https:\/\/phipower.org\/pt-pt\/wp-json\/wp\/v2\/product"}],"about":[{"href":"https:\/\/phipower.org\/pt-pt\/wp-json\/wp\/v2\/types\/product"}],"replies":[{"embeddable":true,"href":"https:\/\/phipower.org\/pt-pt\/wp-json\/wp\/v2\/comments?post=3958"}],"wp:featuredmedia":[{"embeddable":true,"href":"https:\/\/phipower.org\/pt-pt\/wp-json\/wp\/v2\/media\/3961"}],"wp:attachment":[{"href":"https:\/\/phipower.org\/pt-pt\/wp-json\/wp\/v2\/media?parent=3958"}],"wp:term":[{"taxonomy":"product_brand","embeddable":true,"href":"https:\/\/phipower.org\/pt-pt\/wp-json\/wp\/v2\/product_brand?post=3958"},{"taxonomy":"product_cat","embeddable":true,"href":"https:\/\/phipower.org\/pt-pt\/wp-json\/wp\/v2\/product_cat?post=3958"},{"taxonomy":"product_tag","embeddable":true,"href":"https:\/\/phipower.org\/pt-pt\/wp-json\/wp\/v2\/product_tag?post=3958"}],"curies":[{"name":"wp","href":"https:\/\/api.w.org\/{rel}","templated":true}]}}