{"id":11840,"date":"2026-05-11T21:49:09","date_gmt":"2026-05-11T21:49:09","guid":{"rendered":"https:\/\/phipower.org\/product\/bio-harmonizador-rephiro-maquina-rife-integrada-phipower\/"},"modified":"2026-05-11T21:49:09","modified_gmt":"2026-05-11T21:49:09","slug":"bio-harmonizador-rephiro-maquina-rife-integrada-phipower","status":"publish","type":"product","link":"https:\/\/phipower.org\/pt-pt\/product\/bio-harmonizador-rephiro-maquina-rife-integrada-phipower\/","title":{"rendered":"Bio-harmonizador Rephiro | M\u00e1quina Rife Integrada | Phipower"},"content":{"rendered":"<h1>Bio-harmonizador Rephiro \u2013 Quando as c\u00e9lulas aprendem a cantar de novo<\/h1>\n<p>Restaure a harmonia natural do seu corpo<\/p>\n<p>O seu corpo sabe como se curar a si pr\u00f3prio. Tudo o que precisa \u00e9 da frequ\u00eancia certa para restaurar o seu equil\u00edbrio natural. <\/p>\n<p>O Bio-harmonizador Rephiro M\u00e1quina Rife \u00e9 um dispositivo compacto que promove a sua sa\u00fade, aumenta a vitalidade e potencia o bem-estar geral atrav\u00e9s da resson\u00e2ncia de frequ\u00eancias.<\/p>\n<h3>O que \u00e9 a M\u00e1quina Rife?<\/h3>\n<p>Baseada nas descobertas pioneiras do Dr. Royal Rife nos anos 30, a tecnologia Rife utiliza frequ\u00eancias espec\u00edficas para visar e harmonizar as vibra\u00e7\u00f5es celulares. Quando as c\u00e9lulas vibram \u00e0 sua frequ\u00eancia ideal, o corpo pode curar-se e regenerar-se de forma mais eficaz. <\/p>\n<h3>Porqu\u00ea o Rephiro?<\/h3>\n<ul>\n<li><strong>Tecnologia Integrada:<\/strong> Combina a terapia Rife com a bio-harmoniza\u00e7\u00e3o<\/li>\n<li><strong>F\u00e1cil de Utilizar:<\/strong> Basta lig\u00e1-lo e coloc\u00e1-lo perto de si<\/li>\n<li><strong>Port\u00e1til:<\/strong> Utilize-o em qualquer lugar \u2013 casa, escrit\u00f3rio, em viagem<\/li>\n<li><strong>Natural:<\/strong> Sem radia\u00e7\u00f5es nocivas, apenas frequ\u00eancias harm\u00f3nicas<\/li>\n<\/ul>\n<p>Descubra o poder da resson\u00e2ncia celular com o Bio-harmonizador Rephiro.<\/p>\n","protected":false},"excerpt":{"rendered":"<p>Bio-harmonizador Rephiro \u2013 Quando as c\u00e9lulas aprendem a cantar de novo Restaure a harmonia natural do seu corpo O seu corpo sabe como se curar a si pr\u00f3prio. Tudo o que precisa \u00e9 da frequ\u00eancia certa para restaurar o seu equil\u00edbrio natural. O Bio-harmonizador Rephiro M\u00e1quina Rife \u00e9 um dispositivo compacto que promove a sua&#8230;<\/p>\n","protected":false},"featured_media":0,"comment_status":"open","ping_status":"closed","template":"","meta":[],"product_brand":[],"product_cat":[],"product_tag":[],"class_list":{"0":"post-11840","1":"product","2":"type-product","3":"status-publish","6":"first","7":"instock","8":"taxable","9":"shipping-taxable","10":"product-type-simple"},"yoast_head":"<!-- This site is optimized with the Yoast SEO Premium plugin v23.6 (Yoast SEO v27.2) - https:\/\/yoast.com\/product\/yoast-seo-premium-wordpress\/ -->\n<title>Bio-harmonizador Rephiro | M\u00e1quina Rife Integrada | Phipower - Phipower<\/title>\n<meta name=\"robots\" content=\"index, follow, max-snippet:-1, max-image-preview:large, max-video-preview:-1\" \/>\n<link rel=\"canonical\" href=\"https:\/\/phipower.org\/pt-pt\/product\/bio-harmonizador-rephiro-maquina-rife-integrada-phipower\/\" \/>\n<meta property=\"og:locale\" content=\"pt_PT\" \/>\n<meta property=\"og:type\" content=\"article\" \/>\n<meta property=\"og:title\" content=\"Bio-harmonizador Rephiro | M\u00e1quina Rife Integrada | Phipower\" \/>\n<meta property=\"og:description\" content=\"Bio-harmonizador Rephiro \u2013 Quando as c\u00e9lulas aprendem a cantar de novo Restaure a harmonia natural do seu corpo O seu corpo sabe como se curar a si pr\u00f3prio. Tudo o que precisa \u00e9 da frequ\u00eancia certa para restaurar o seu equil\u00edbrio natural. O Bio-harmonizador Rephiro M\u00e1quina Rife \u00e9 um dispositivo compacto que promove a sua...\" \/>\n<meta property=\"og:url\" content=\"https:\/\/phipower.org\/pt-pt\/product\/bio-harmonizador-rephiro-maquina-rife-integrada-phipower\/\" \/>\n<meta property=\"og:site_name\" content=\"Phipower\" \/>\n<meta property=\"article:publisher\" content=\"https:\/\/www.facebook.com\/phipowertools\/\" \/>\n<meta property=\"og:image\" content=\"https:\/\/phipower.org\/wp-content\/uploads\/2019\/07\/Stroomschema-Phipower.jpg\" \/>\n\t<meta property=\"og:image:width\" content=\"1920\" \/>\n\t<meta property=\"og:image:height\" content=\"1080\" \/>\n\t<meta property=\"og:image:type\" content=\"image\/jpeg\" \/>\n<meta name=\"twitter:card\" content=\"summary_large_image\" \/>\n<meta name=\"twitter:site\" content=\"@phipower1\" \/>\n<meta name=\"twitter:label1\" content=\"pre\u00e7o\" \/>\n\t<meta name=\"twitter:data1\" content=\"\" \/>\n\t<meta name=\"twitter:label2\" content=\"Disponibilidade\" \/>\n\t<meta name=\"twitter:data2\" content=\"Em stock\" \/>\n<script type=\"application\/ld+json\" class=\"yoast-schema-graph\">{\"@context\":\"https:\/\/schema.org\",\"@graph\":[{\"@type\":\"WebPage\",\"@id\":\"https:\/\/phipower.org\/pt-pt\/product\/bio-harmonizador-rephiro-maquina-rife-integrada-phipower\/\",\"url\":\"https:\/\/phipower.org\/pt-pt\/product\/bio-harmonizador-rephiro-maquina-rife-integrada-phipower\/\",\"name\":\"Bio-harmonizador Rephiro | M\u00e1quina Rife Integrada | Phipower - Phipower\",\"isPartOf\":{\"@id\":\"https:\/\/phipower.org\/pt-pt\/#website\"},\"datePublished\":\"2026-05-11T21:49:09+00:00\",\"breadcrumb\":{\"@id\":\"https:\/\/phipower.org\/pt-pt\/product\/bio-harmonizador-rephiro-maquina-rife-integrada-phipower\/#breadcrumb\"},\"inLanguage\":\"pt-PT\",\"potentialAction\":[{\"@type\":\"ReadAction\",\"target\":[\"https:\/\/phipower.org\/pt-pt\/product\/bio-harmonizador-rephiro-maquina-rife-integrada-phipower\/\"]}]},{\"@type\":\"BreadcrumbList\",\"@id\":\"https:\/\/phipower.org\/pt-pt\/product\/bio-harmonizador-rephiro-maquina-rife-integrada-phipower\/#breadcrumb\",\"itemListElement\":[{\"@type\":\"ListItem\",\"position\":1,\"name\":\"Home\",\"item\":\"https:\/\/phipower.org\/pt-pt\/\"},{\"@type\":\"ListItem\",\"position\":2,\"name\":\"Shop\",\"item\":\"https:\/\/phipower.org\/shop\/\"},{\"@type\":\"ListItem\",\"position\":3,\"name\":\"Bio-harmonizador Rephiro | M\u00e1quina Rife Integrada | Phipower\"}]},{\"@type\":\"WebSite\",\"@id\":\"https:\/\/phipower.org\/pt-pt\/#website\",\"url\":\"https:\/\/phipower.org\/pt-pt\/\",\"name\":\"Phipower: innovatieve gezondheidsproducten\",\"description\":\"innovatieve gezondheidsproducten\",\"publisher\":{\"@id\":\"https:\/\/phipower.org\/pt-pt\/#organization\"},\"potentialAction\":[{\"@type\":\"SearchAction\",\"target\":{\"@type\":\"EntryPoint\",\"urlTemplate\":\"https:\/\/phipower.org\/pt-pt\/?s={search_term_string}\"},\"query-input\":{\"@type\":\"PropertyValueSpecification\",\"valueRequired\":true,\"valueName\":\"search_term_string\"}}],\"inLanguage\":\"pt-PT\"},{\"@type\":\"Organization\",\"@id\":\"https:\/\/phipower.org\/pt-pt\/#organization\",\"name\":\"Phipower\",\"url\":\"https:\/\/phipower.org\/pt-pt\/\",\"logo\":{\"@type\":\"ImageObject\",\"inLanguage\":\"pt-PT\",\"@id\":\"https:\/\/phipower.org\/pt-pt\/#\/schema\/logo\/image\/\",\"url\":\"https:\/\/phipower.org\/wp-content\/uploads\/2019\/06\/z-logo-RGB-wit-power.png\",\"contentUrl\":\"https:\/\/phipower.org\/wp-content\/uploads\/2019\/06\/z-logo-RGB-wit-power.png\",\"width\":3273,\"height\":1389,\"caption\":\"Phipower\"},\"image\":{\"@id\":\"https:\/\/phipower.org\/pt-pt\/#\/schema\/logo\/image\/\"},\"sameAs\":[\"https:\/\/www.facebook.com\/phipowertools\/\",\"https:\/\/x.com\/phipower1\",\"https:\/\/www.tiktok.com\/@phipowerhealth\"]}]}<\/script>\n<meta property=\"product:price:currency\" content=\"EUR\" \/>\n<meta property=\"og:availability\" content=\"instock\" \/>\n<meta property=\"product:availability\" content=\"instock\" \/>\n<meta property=\"product:condition\" content=\"new\" \/>\n<!-- \/ Yoast SEO Premium plugin. -->","yoast_head_json":{"title":"Bio-harmonizador Rephiro | M\u00e1quina Rife Integrada | Phipower - Phipower","robots":{"index":"index","follow":"follow","max-snippet":"max-snippet:-1","max-image-preview":"max-image-preview:large","max-video-preview":"max-video-preview:-1"},"canonical":"https:\/\/phipower.org\/pt-pt\/product\/bio-harmonizador-rephiro-maquina-rife-integrada-phipower\/","og_locale":"pt_PT","og_type":"article","og_title":"Bio-harmonizador Rephiro | M\u00e1quina Rife Integrada | Phipower","og_description":"Bio-harmonizador Rephiro \u2013 Quando as c\u00e9lulas aprendem a cantar de novo Restaure a harmonia natural do seu corpo O seu corpo sabe como se curar a si pr\u00f3prio. Tudo o que precisa \u00e9 da frequ\u00eancia certa para restaurar o seu equil\u00edbrio natural. O Bio-harmonizador Rephiro M\u00e1quina Rife \u00e9 um dispositivo compacto que promove a sua...","og_url":"https:\/\/phipower.org\/pt-pt\/product\/bio-harmonizador-rephiro-maquina-rife-integrada-phipower\/","og_site_name":"Phipower","article_publisher":"https:\/\/www.facebook.com\/phipowertools\/","og_image":[{"width":1920,"height":1080,"url":"https:\/\/phipower.org\/wp-content\/uploads\/2019\/07\/Stroomschema-Phipower.jpg","type":"image\/jpeg"}],"twitter_card":"summary_large_image","twitter_site":"@phipower1","twitter_misc":{"pre\u00e7o":"","Disponibilidade":"Em stock"},"schema":{"@context":"https:\/\/schema.org","@graph":[{"@type":"WebPage","@id":"https:\/\/phipower.org\/pt-pt\/product\/bio-harmonizador-rephiro-maquina-rife-integrada-phipower\/","url":"https:\/\/phipower.org\/pt-pt\/product\/bio-harmonizador-rephiro-maquina-rife-integrada-phipower\/","name":"Bio-harmonizador Rephiro | M\u00e1quina Rife Integrada | Phipower - Phipower","isPartOf":{"@id":"https:\/\/phipower.org\/pt-pt\/#website"},"datePublished":"2026-05-11T21:49:09+00:00","breadcrumb":{"@id":"https:\/\/phipower.org\/pt-pt\/product\/bio-harmonizador-rephiro-maquina-rife-integrada-phipower\/#breadcrumb"},"inLanguage":"pt-PT","potentialAction":[{"@type":"ReadAction","target":["https:\/\/phipower.org\/pt-pt\/product\/bio-harmonizador-rephiro-maquina-rife-integrada-phipower\/"]}]},{"@type":"BreadcrumbList","@id":"https:\/\/phipower.org\/pt-pt\/product\/bio-harmonizador-rephiro-maquina-rife-integrada-phipower\/#breadcrumb","itemListElement":[{"@type":"ListItem","position":1,"name":"Home","item":"https:\/\/phipower.org\/pt-pt\/"},{"@type":"ListItem","position":2,"name":"Shop","item":"https:\/\/phipower.org\/shop\/"},{"@type":"ListItem","position":3,"name":"Bio-harmonizador Rephiro | M\u00e1quina Rife Integrada | Phipower"}]},{"@type":"WebSite","@id":"https:\/\/phipower.org\/pt-pt\/#website","url":"https:\/\/phipower.org\/pt-pt\/","name":"Phipower: innovatieve gezondheidsproducten","description":"innovatieve gezondheidsproducten","publisher":{"@id":"https:\/\/phipower.org\/pt-pt\/#organization"},"potentialAction":[{"@type":"SearchAction","target":{"@type":"EntryPoint","urlTemplate":"https:\/\/phipower.org\/pt-pt\/?s={search_term_string}"},"query-input":{"@type":"PropertyValueSpecification","valueRequired":true,"valueName":"search_term_string"}}],"inLanguage":"pt-PT"},{"@type":"Organization","@id":"https:\/\/phipower.org\/pt-pt\/#organization","name":"Phipower","url":"https:\/\/phipower.org\/pt-pt\/","logo":{"@type":"ImageObject","inLanguage":"pt-PT","@id":"https:\/\/phipower.org\/pt-pt\/#\/schema\/logo\/image\/","url":"https:\/\/phipower.org\/wp-content\/uploads\/2019\/06\/z-logo-RGB-wit-power.png","contentUrl":"https:\/\/phipower.org\/wp-content\/uploads\/2019\/06\/z-logo-RGB-wit-power.png","width":3273,"height":1389,"caption":"Phipower"},"image":{"@id":"https:\/\/phipower.org\/pt-pt\/#\/schema\/logo\/image\/"},"sameAs":["https:\/\/www.facebook.com\/phipowertools\/","https:\/\/x.com\/phipower1","https:\/\/www.tiktok.com\/@phipowerhealth"]}]},"product_price_currency":"EUR","og_availability":"instock","product_availability":"instock","product_condition":"new"},"_links":{"self":[{"href":"https:\/\/phipower.org\/pt-pt\/wp-json\/wp\/v2\/product\/11840","targetHints":{"allow":["GET"]}}],"collection":[{"href":"https:\/\/phipower.org\/pt-pt\/wp-json\/wp\/v2\/product"}],"about":[{"href":"https:\/\/phipower.org\/pt-pt\/wp-json\/wp\/v2\/types\/product"}],"replies":[{"embeddable":true,"href":"https:\/\/phipower.org\/pt-pt\/wp-json\/wp\/v2\/comments?post=11840"}],"wp:attachment":[{"href":"https:\/\/phipower.org\/pt-pt\/wp-json\/wp\/v2\/media?parent=11840"}],"wp:term":[{"taxonomy":"product_brand","embeddable":true,"href":"https:\/\/phipower.org\/pt-pt\/wp-json\/wp\/v2\/product_brand?post=11840"},{"taxonomy":"product_cat","embeddable":true,"href":"https:\/\/phipower.org\/pt-pt\/wp-json\/wp\/v2\/product_cat?post=11840"},{"taxonomy":"product_tag","embeddable":true,"href":"https:\/\/phipower.org\/pt-pt\/wp-json\/wp\/v2\/product_tag?post=11840"}],"curies":[{"name":"wp","href":"https:\/\/api.w.org\/{rel}","templated":true}]}}