{"id":4041,"date":"2018-09-04T21:41:50","date_gmt":"2018-09-04T21:41:50","guid":{"rendered":"https:\/\/phipower.org\/metodos-de-pagamento\/"},"modified":"2023-08-22T13:11:58","modified_gmt":"2023-08-22T13:11:58","slug":"metodos-de-pagamento","status":"publish","type":"page","link":"https:\/\/phipower.org\/pt-pt\/metodos-de-pagamento\/","title":{"rendered":"M\u00e9todos de pagamento"},"content":{"rendered":"\n  <div class=\"banner has-hover is-full-height has-parallax\" id=\"banner-852978188\">\n          <div class=\"banner-inner fill\">\n        <div class=\"banner-bg fill\" data-parallax=\"-10\" data-parallax-container=\".banner\" data-parallax-background>\n            <img decoding=\"async\" width=\"1020\" height=\"682\" src=\"https:\/\/phipower.org\/wp-content\/uploads\/2018\/09\/andre-francois-557694-unsplash-1197x800.jpg\" class=\"bg attachment-large size-large\" alt=\"\" \/>                        <div class=\"overlay\"><\/div>            \n                    <\/div>\n\t\t\n        <div class=\"banner-layers container\">\n            <div class=\"fill banner-link\"><\/div>            \n   <div id=\"text-box-210684550\" class=\"text-box banner-layer x50 md-x50 lg-x50 y50 md-y50 lg-y50 res-text\">\n                                <div class=\"text-box-content text dark\">\n              \n              <div class=\"text-inner text-center\">\n                  \n<h3 class=\"uppercase\" style=\"text-align: left;\">M\u00e9todos de pagamento<\/h3>\n<p style=\"text-align: left;\">Atrav\u00e9s da Phipower, \u00e9 poss\u00edvel pagar com m\u00e9todos de pagamento bem conhecidos, como iDeal, Paypal, Bitcoin, v\u00e1rios cart\u00f5es de cr\u00e9dito e Afterpay.<\/p>\n<p style=\"text-align: left;\">Estes m\u00e9todos de pagamento podem ser seleccionados no menu pendente durante o processo de encomenda.<\/p>\n<p style=\"text-align: left;\">Al\u00e9m disso, \u00e9 poss\u00edvel efetuar pagamentos em mais de 50 <a href=\"https:\/\/nl.wikipedia.org\/wiki\/Cryptogeld\">moedas criptogr\u00e1ficas<\/a>.<\/p>\n<p style=\"text-align: left;\">De facto, para al\u00e9m da Bitcoin, h\u00e1 um grande n\u00famero de criptomoedas (como a NEO, LiteCoin, DigiByte, Verge, Dash e Monero) que oferecem uma op\u00e7\u00e3o de pagamento r\u00e1pida e segura.<\/p>\n<p style=\"text-align: left;\">A Phipower suporta pagamentos em criptomoedas seleccionadas porque estas s\u00e3o ferramentas de troca desenvolvidas pela comunidade.<\/p>\n<p style=\"text-align: left;\">As criptomoedas baseiam-se na tecnologia blockchain, permitindo a realiza\u00e7\u00e3o de transac\u00e7\u00f5es a n\u00edvel mundial, a baixo custo, altamente fi\u00e1veis e com um elevado grau de privacidade.<\/p>\n<p style=\"text-align: left;\">Ler mais informa\u00e7\u00f5es sobre Bitcoin e criptomoedas no<strong><br \/>\n  <a href=\"http:\/\/www.watisbitcoin.nl\/wat_is_bitcoin.php\"> seguinte artigo<\/a><br \/>\n<\/strong>.<\/p>\n<p style=\"text-align: left;\">Clique no bot\u00e3o abaixo para obter uma lista de criptomoedas que podem ser usadas para pagar na Phipower.<\/p>\n<a href=\"https:\/\/www.coinpayments.net\/supported-coins\" class=\"button secondary\" >\n\t\t<span>Criptomoedas suportadas<\/span>\n\t<\/a>\n\n              <\/div>\n           <\/div>\n                            \n<style>\n#text-box-210684550 {\n  width: 60%;\n}\n#text-box-210684550 .text-box-content {\n  font-size: 100%;\n}\n<\/style>\n    <\/div>\n \n        <\/div>\n      <\/div>\n\n            \n<style>\n#banner-852978188 {\n  padding-top: 100%;\n}\n#banner-852978188 .overlay {\n  background-color: rgba(0, 0, 0, 0.17);\n}\n<\/style>\n  <\/div>\n\n\n","protected":false},"excerpt":{"rendered":"","protected":false},"author":19,"featured_media":0,"parent":0,"menu_order":0,"comment_status":"closed","ping_status":"closed","template":"page-blank.php","meta":{"footnotes":""},"class_list":["post-4041","page","type-page","status-publish","hentry"],"yoast_head":"<!-- This site is optimized with the Yoast SEO Premium plugin v23.6 (Yoast SEO v27.2) - https:\/\/yoast.com\/product\/yoast-seo-premium-wordpress\/ -->\n<title>M\u00e9todos de pagamento - Phipower<\/title>\n<meta name=\"robots\" content=\"index, follow, max-snippet:-1, max-image-preview:large, max-video-preview:-1\" \/>\n<link rel=\"canonical\" href=\"https:\/\/phipower.org\/pt-pt\/metodos-de-pagamento\/\" \/>\n<meta property=\"og:locale\" content=\"pt_PT\" \/>\n<meta property=\"og:type\" content=\"article\" \/>\n<meta property=\"og:title\" content=\"M\u00e9todos de pagamento\" \/>\n<meta property=\"og:url\" content=\"https:\/\/phipower.org\/pt-pt\/metodos-de-pagamento\/\" \/>\n<meta property=\"og:site_name\" content=\"Phipower\" \/>\n<meta property=\"article:publisher\" content=\"https:\/\/www.facebook.com\/phipowertools\/\" \/>\n<meta property=\"article:modified_time\" content=\"2023-08-22T13:11:58+00:00\" \/>\n<meta property=\"og:image\" content=\"https:\/\/phipower.org\/wp-content\/uploads\/2019\/07\/Stroomschema-Phipower.jpg\" \/>\n\t<meta property=\"og:image:width\" content=\"1920\" \/>\n\t<meta property=\"og:image:height\" content=\"1080\" \/>\n\t<meta property=\"og:image:type\" content=\"image\/jpeg\" \/>\n<meta name=\"twitter:card\" content=\"summary_large_image\" \/>\n<meta name=\"twitter:site\" content=\"@phipower1\" \/>\n<meta name=\"twitter:label1\" content=\"Tempo estimado de leitura\" \/>\n\t<meta name=\"twitter:data1\" content=\"1 minuto\" \/>\n<script type=\"application\/ld+json\" class=\"yoast-schema-graph\">{\"@context\":\"https:\/\/schema.org\",\"@graph\":[{\"@type\":\"WebPage\",\"@id\":\"https:\/\/phipower.org\/pt-pt\/metodos-de-pagamento\/\",\"url\":\"https:\/\/phipower.org\/pt-pt\/metodos-de-pagamento\/\",\"name\":\"M\u00e9todos de pagamento - Phipower\",\"isPartOf\":{\"@id\":\"https:\/\/phipower.org\/pt-pt\/#website\"},\"datePublished\":\"2018-09-04T21:41:50+00:00\",\"dateModified\":\"2023-08-22T13:11:58+00:00\",\"breadcrumb\":{\"@id\":\"https:\/\/phipower.org\/pt-pt\/metodos-de-pagamento\/#breadcrumb\"},\"inLanguage\":\"pt-PT\",\"potentialAction\":[{\"@type\":\"ReadAction\",\"target\":[\"https:\/\/phipower.org\/pt-pt\/metodos-de-pagamento\/\"]}]},{\"@type\":\"BreadcrumbList\",\"@id\":\"https:\/\/phipower.org\/pt-pt\/metodos-de-pagamento\/#breadcrumb\",\"itemListElement\":[{\"@type\":\"ListItem\",\"position\":1,\"name\":\"Home\",\"item\":\"https:\/\/phipower.org\/pt-pt\/\"},{\"@type\":\"ListItem\",\"position\":2,\"name\":\"M\u00e9todos de pagamento\"}]},{\"@type\":\"WebSite\",\"@id\":\"https:\/\/phipower.org\/pt-pt\/#website\",\"url\":\"https:\/\/phipower.org\/pt-pt\/\",\"name\":\"Phipower: innovatieve gezondheidsproducten\",\"description\":\"innovatieve gezondheidsproducten\",\"publisher\":{\"@id\":\"https:\/\/phipower.org\/pt-pt\/#organization\"},\"potentialAction\":[{\"@type\":\"SearchAction\",\"target\":{\"@type\":\"EntryPoint\",\"urlTemplate\":\"https:\/\/phipower.org\/pt-pt\/?s={search_term_string}\"},\"query-input\":{\"@type\":\"PropertyValueSpecification\",\"valueRequired\":true,\"valueName\":\"search_term_string\"}}],\"inLanguage\":\"pt-PT\"},{\"@type\":\"Organization\",\"@id\":\"https:\/\/phipower.org\/pt-pt\/#organization\",\"name\":\"Phipower\",\"url\":\"https:\/\/phipower.org\/pt-pt\/\",\"logo\":{\"@type\":\"ImageObject\",\"inLanguage\":\"pt-PT\",\"@id\":\"https:\/\/phipower.org\/pt-pt\/#\/schema\/logo\/image\/\",\"url\":\"https:\/\/phipower.org\/wp-content\/uploads\/2019\/06\/z-logo-RGB-wit-power.png\",\"contentUrl\":\"https:\/\/phipower.org\/wp-content\/uploads\/2019\/06\/z-logo-RGB-wit-power.png\",\"width\":3273,\"height\":1389,\"caption\":\"Phipower\"},\"image\":{\"@id\":\"https:\/\/phipower.org\/pt-pt\/#\/schema\/logo\/image\/\"},\"sameAs\":[\"https:\/\/www.facebook.com\/phipowertools\/\",\"https:\/\/x.com\/phipower1\",\"https:\/\/www.tiktok.com\/@phipowerhealth\"]}]}<\/script>\n<!-- \/ Yoast SEO Premium plugin. -->","yoast_head_json":{"title":"M\u00e9todos de pagamento - Phipower","robots":{"index":"index","follow":"follow","max-snippet":"max-snippet:-1","max-image-preview":"max-image-preview:large","max-video-preview":"max-video-preview:-1"},"canonical":"https:\/\/phipower.org\/pt-pt\/metodos-de-pagamento\/","og_locale":"pt_PT","og_type":"article","og_title":"M\u00e9todos de pagamento","og_url":"https:\/\/phipower.org\/pt-pt\/metodos-de-pagamento\/","og_site_name":"Phipower","article_publisher":"https:\/\/www.facebook.com\/phipowertools\/","article_modified_time":"2023-08-22T13:11:58+00:00","og_image":[{"width":1920,"height":1080,"url":"https:\/\/phipower.org\/wp-content\/uploads\/2019\/07\/Stroomschema-Phipower.jpg","type":"image\/jpeg"}],"twitter_card":"summary_large_image","twitter_site":"@phipower1","twitter_misc":{"Tempo estimado de leitura":"1 minuto"},"schema":{"@context":"https:\/\/schema.org","@graph":[{"@type":"WebPage","@id":"https:\/\/phipower.org\/pt-pt\/metodos-de-pagamento\/","url":"https:\/\/phipower.org\/pt-pt\/metodos-de-pagamento\/","name":"M\u00e9todos de pagamento - Phipower","isPartOf":{"@id":"https:\/\/phipower.org\/pt-pt\/#website"},"datePublished":"2018-09-04T21:41:50+00:00","dateModified":"2023-08-22T13:11:58+00:00","breadcrumb":{"@id":"https:\/\/phipower.org\/pt-pt\/metodos-de-pagamento\/#breadcrumb"},"inLanguage":"pt-PT","potentialAction":[{"@type":"ReadAction","target":["https:\/\/phipower.org\/pt-pt\/metodos-de-pagamento\/"]}]},{"@type":"BreadcrumbList","@id":"https:\/\/phipower.org\/pt-pt\/metodos-de-pagamento\/#breadcrumb","itemListElement":[{"@type":"ListItem","position":1,"name":"Home","item":"https:\/\/phipower.org\/pt-pt\/"},{"@type":"ListItem","position":2,"name":"M\u00e9todos de pagamento"}]},{"@type":"WebSite","@id":"https:\/\/phipower.org\/pt-pt\/#website","url":"https:\/\/phipower.org\/pt-pt\/","name":"Phipower: innovatieve gezondheidsproducten","description":"innovatieve gezondheidsproducten","publisher":{"@id":"https:\/\/phipower.org\/pt-pt\/#organization"},"potentialAction":[{"@type":"SearchAction","target":{"@type":"EntryPoint","urlTemplate":"https:\/\/phipower.org\/pt-pt\/?s={search_term_string}"},"query-input":{"@type":"PropertyValueSpecification","valueRequired":true,"valueName":"search_term_string"}}],"inLanguage":"pt-PT"},{"@type":"Organization","@id":"https:\/\/phipower.org\/pt-pt\/#organization","name":"Phipower","url":"https:\/\/phipower.org\/pt-pt\/","logo":{"@type":"ImageObject","inLanguage":"pt-PT","@id":"https:\/\/phipower.org\/pt-pt\/#\/schema\/logo\/image\/","url":"https:\/\/phipower.org\/wp-content\/uploads\/2019\/06\/z-logo-RGB-wit-power.png","contentUrl":"https:\/\/phipower.org\/wp-content\/uploads\/2019\/06\/z-logo-RGB-wit-power.png","width":3273,"height":1389,"caption":"Phipower"},"image":{"@id":"https:\/\/phipower.org\/pt-pt\/#\/schema\/logo\/image\/"},"sameAs":["https:\/\/www.facebook.com\/phipowertools\/","https:\/\/x.com\/phipower1","https:\/\/www.tiktok.com\/@phipowerhealth"]}]}},"_links":{"self":[{"href":"https:\/\/phipower.org\/pt-pt\/wp-json\/wp\/v2\/pages\/4041","targetHints":{"allow":["GET"]}}],"collection":[{"href":"https:\/\/phipower.org\/pt-pt\/wp-json\/wp\/v2\/pages"}],"about":[{"href":"https:\/\/phipower.org\/pt-pt\/wp-json\/wp\/v2\/types\/page"}],"author":[{"embeddable":true,"href":"https:\/\/phipower.org\/pt-pt\/wp-json\/wp\/v2\/users\/19"}],"replies":[{"embeddable":true,"href":"https:\/\/phipower.org\/pt-pt\/wp-json\/wp\/v2\/comments?post=4041"}],"version-history":[{"count":4,"href":"https:\/\/phipower.org\/pt-pt\/wp-json\/wp\/v2\/pages\/4041\/revisions"}],"predecessor-version":[{"id":4072,"href":"https:\/\/phipower.org\/pt-pt\/wp-json\/wp\/v2\/pages\/4041\/revisions\/4072"}],"wp:attachment":[{"href":"https:\/\/phipower.org\/pt-pt\/wp-json\/wp\/v2\/media?parent=4041"}],"curies":[{"name":"wp","href":"https:\/\/api.w.org\/{rel}","templated":true}]}}