{"id":3911,"date":"2018-09-04T21:48:14","date_gmt":"2018-09-04T21:48:14","guid":{"rendered":"https:\/\/phipower.org\/contacto\/"},"modified":"2023-10-26T22:46:46","modified_gmt":"2023-10-26T22:46:46","slug":"contacto","status":"publish","type":"page","link":"https:\/\/phipower.org\/pt-pt\/contacto\/","title":{"rendered":"Contacto"},"content":{"rendered":"<h2><strong>Dados de contacto da Phipower<\/strong><\/h2>\n<p>Na Phipower, estamos sempre \u00e0 procura de solu\u00e7\u00f5es ben\u00e9ficas para os problemas do dia a dia. A nossa equipa de apoio ao cliente pode ser contactada por telefone ou por correio eletr\u00f3nico nos dias \u00fateis. Tem alguma pergunta ou coment\u00e1rio sobre algum dos nossos produtos? N\u00e3o hesite em contactar-nos.<strong><br \/>\n<\/strong><\/p>\n<p><strong>Endere\u00e7o da sucursal:<\/strong><br \/>\nPhipower<br \/>\nMarkenhaven 28<br \/>\n3826 AC Amersfoort<br \/>\nPa\u00edses Baixos<\/p>\n<p><strong>Endere\u00e7o para devolu\u00e7\u00e3o:<\/strong><br \/>\nPhipower<br \/>\nMarkenhaven 28<br \/>\n3826 AC Amersfoort<br \/>\nPa\u00edses Baixos<\/p>\n<p><strong>N\u00famero de telefone:<\/strong><br \/>\n085-3033501 (dispon\u00edvel de segunda a sexta-feira, das 8h30 \u00e0s 17h)<\/p>\n<p><strong>Correio eletr\u00f3nico:<\/strong><br \/>\ninfo@phipower.nl<\/p>\n<p><strong>N\u00famero da C\u00e2mara de Com\u00e9rcio:<\/strong><br \/>\n68972849<\/p>\n<p><strong>N\u00famero de identifica\u00e7\u00e3o para efeitos de IVA Pa\u00edses Baixos:<\/strong><br \/>\nNL857669990B01<\/p>\n","protected":false},"excerpt":{"rendered":"<p>Dados de contacto da Phipower Na Phipower, estamos sempre \u00e0 procura de solu\u00e7\u00f5es ben\u00e9ficas para os problemas do dia a dia. A nossa equipa de apoio ao cliente pode ser contactada por telefone ou por correio eletr\u00f3nico nos dias \u00fateis. Tem alguma pergunta ou coment\u00e1rio sobre algum dos nossos produtos? N\u00e3o hesite em contactar-nos. Endere\u00e7o&#8230;<\/p>\n","protected":false},"author":1,"featured_media":0,"parent":0,"menu_order":0,"comment_status":"closed","ping_status":"closed","template":"","meta":{"footnotes":""},"class_list":["post-3911","page","type-page","status-publish","hentry"],"yoast_head":"<!-- This site is optimized with the Yoast SEO Premium plugin v23.6 (Yoast SEO v27.2) - https:\/\/yoast.com\/product\/yoast-seo-premium-wordpress\/ -->\n<title>Entre em contacto para obter apoio \u00e0 sa\u00fade e ao bem-estar - Contactar a Phipower<\/title>\n<meta name=\"description\" content=\"Contacte a Phipower para quest\u00f5es ou informa\u00e7\u00f5es sobre os nossos produtos de sa\u00fade e bem-estar. A nossa equipa dedicada est\u00e1 pronta para o ajudar no seu caminho para o bem-estar.\" \/>\n<meta name=\"robots\" content=\"index, follow, max-snippet:-1, max-image-preview:large, max-video-preview:-1\" \/>\n<link rel=\"canonical\" href=\"https:\/\/phipower.org\/pt-pt\/contacto\/\" \/>\n<meta property=\"og:locale\" content=\"pt_PT\" \/>\n<meta property=\"og:type\" content=\"article\" \/>\n<meta property=\"og:title\" content=\"Contacto\" \/>\n<meta property=\"og:description\" content=\"Contacte a Phipower para quest\u00f5es ou informa\u00e7\u00f5es sobre os nossos produtos de sa\u00fade e bem-estar. A nossa equipa dedicada est\u00e1 pronta para o ajudar no seu caminho para o bem-estar.\" \/>\n<meta property=\"og:url\" content=\"https:\/\/phipower.org\/pt-pt\/contacto\/\" \/>\n<meta property=\"og:site_name\" content=\"Phipower\" \/>\n<meta property=\"article:publisher\" content=\"https:\/\/www.facebook.com\/phipowertools\/\" \/>\n<meta property=\"article:modified_time\" content=\"2023-10-26T22:46:46+00:00\" \/>\n<meta property=\"og:image\" content=\"https:\/\/phipower.org\/wp-content\/uploads\/2019\/07\/Stroomschema-Phipower.jpg\" \/>\n\t<meta property=\"og:image:width\" content=\"1920\" \/>\n\t<meta property=\"og:image:height\" content=\"1080\" \/>\n\t<meta property=\"og:image:type\" content=\"image\/jpeg\" \/>\n<meta name=\"twitter:card\" content=\"summary_large_image\" \/>\n<meta name=\"twitter:site\" content=\"@phipower1\" \/>\n<meta name=\"twitter:label1\" content=\"Tempo estimado de leitura\" \/>\n\t<meta name=\"twitter:data1\" content=\"1 minuto\" \/>\n<script type=\"application\/ld+json\" class=\"yoast-schema-graph\">{\"@context\":\"https:\/\/schema.org\",\"@graph\":[{\"@type\":\"WebPage\",\"@id\":\"https:\/\/phipower.org\/pt-pt\/contacto\/\",\"url\":\"https:\/\/phipower.org\/pt-pt\/contacto\/\",\"name\":\"Entre em contacto para obter apoio \u00e0 sa\u00fade e ao bem-estar - Contactar a Phipower\",\"isPartOf\":{\"@id\":\"https:\/\/phipower.org\/pt-pt\/#website\"},\"datePublished\":\"2018-09-04T21:48:14+00:00\",\"dateModified\":\"2023-10-26T22:46:46+00:00\",\"description\":\"Contacte a Phipower para quest\u00f5es ou informa\u00e7\u00f5es sobre os nossos produtos de sa\u00fade e bem-estar. A nossa equipa dedicada est\u00e1 pronta para o ajudar no seu caminho para o bem-estar.\",\"breadcrumb\":{\"@id\":\"https:\/\/phipower.org\/pt-pt\/contacto\/#breadcrumb\"},\"inLanguage\":\"pt-PT\",\"potentialAction\":[{\"@type\":\"ReadAction\",\"target\":[\"https:\/\/phipower.org\/pt-pt\/contacto\/\"]}]},{\"@type\":\"BreadcrumbList\",\"@id\":\"https:\/\/phipower.org\/pt-pt\/contacto\/#breadcrumb\",\"itemListElement\":[{\"@type\":\"ListItem\",\"position\":1,\"name\":\"Home\",\"item\":\"https:\/\/phipower.org\/pt-pt\/\"},{\"@type\":\"ListItem\",\"position\":2,\"name\":\"Contacto\"}]},{\"@type\":\"WebSite\",\"@id\":\"https:\/\/phipower.org\/pt-pt\/#website\",\"url\":\"https:\/\/phipower.org\/pt-pt\/\",\"name\":\"Phipower: innovatieve gezondheidsproducten\",\"description\":\"innovatieve gezondheidsproducten\",\"publisher\":{\"@id\":\"https:\/\/phipower.org\/pt-pt\/#organization\"},\"potentialAction\":[{\"@type\":\"SearchAction\",\"target\":{\"@type\":\"EntryPoint\",\"urlTemplate\":\"https:\/\/phipower.org\/pt-pt\/?s={search_term_string}\"},\"query-input\":{\"@type\":\"PropertyValueSpecification\",\"valueRequired\":true,\"valueName\":\"search_term_string\"}}],\"inLanguage\":\"pt-PT\"},{\"@type\":\"Organization\",\"@id\":\"https:\/\/phipower.org\/pt-pt\/#organization\",\"name\":\"Phipower\",\"url\":\"https:\/\/phipower.org\/pt-pt\/\",\"logo\":{\"@type\":\"ImageObject\",\"inLanguage\":\"pt-PT\",\"@id\":\"https:\/\/phipower.org\/pt-pt\/#\/schema\/logo\/image\/\",\"url\":\"https:\/\/phipower.org\/wp-content\/uploads\/2019\/06\/z-logo-RGB-wit-power.png\",\"contentUrl\":\"https:\/\/phipower.org\/wp-content\/uploads\/2019\/06\/z-logo-RGB-wit-power.png\",\"width\":3273,\"height\":1389,\"caption\":\"Phipower\"},\"image\":{\"@id\":\"https:\/\/phipower.org\/pt-pt\/#\/schema\/logo\/image\/\"},\"sameAs\":[\"https:\/\/www.facebook.com\/phipowertools\/\",\"https:\/\/x.com\/phipower1\",\"https:\/\/www.tiktok.com\/@phipowerhealth\"]}]}<\/script>\n<!-- \/ Yoast SEO Premium plugin. -->","yoast_head_json":{"title":"Entre em contacto para obter apoio \u00e0 sa\u00fade e ao bem-estar - Contactar a Phipower","description":"Contacte a Phipower para quest\u00f5es ou informa\u00e7\u00f5es sobre os nossos produtos de sa\u00fade e bem-estar. A nossa equipa dedicada est\u00e1 pronta para o ajudar no seu caminho para o bem-estar.","robots":{"index":"index","follow":"follow","max-snippet":"max-snippet:-1","max-image-preview":"max-image-preview:large","max-video-preview":"max-video-preview:-1"},"canonical":"https:\/\/phipower.org\/pt-pt\/contacto\/","og_locale":"pt_PT","og_type":"article","og_title":"Contacto","og_description":"Contacte a Phipower para quest\u00f5es ou informa\u00e7\u00f5es sobre os nossos produtos de sa\u00fade e bem-estar. A nossa equipa dedicada est\u00e1 pronta para o ajudar no seu caminho para o bem-estar.","og_url":"https:\/\/phipower.org\/pt-pt\/contacto\/","og_site_name":"Phipower","article_publisher":"https:\/\/www.facebook.com\/phipowertools\/","article_modified_time":"2023-10-26T22:46:46+00:00","og_image":[{"width":1920,"height":1080,"url":"https:\/\/phipower.org\/wp-content\/uploads\/2019\/07\/Stroomschema-Phipower.jpg","type":"image\/jpeg"}],"twitter_card":"summary_large_image","twitter_site":"@phipower1","twitter_misc":{"Tempo estimado de leitura":"1 minuto"},"schema":{"@context":"https:\/\/schema.org","@graph":[{"@type":"WebPage","@id":"https:\/\/phipower.org\/pt-pt\/contacto\/","url":"https:\/\/phipower.org\/pt-pt\/contacto\/","name":"Entre em contacto para obter apoio \u00e0 sa\u00fade e ao bem-estar - Contactar a Phipower","isPartOf":{"@id":"https:\/\/phipower.org\/pt-pt\/#website"},"datePublished":"2018-09-04T21:48:14+00:00","dateModified":"2023-10-26T22:46:46+00:00","description":"Contacte a Phipower para quest\u00f5es ou informa\u00e7\u00f5es sobre os nossos produtos de sa\u00fade e bem-estar. A nossa equipa dedicada est\u00e1 pronta para o ajudar no seu caminho para o bem-estar.","breadcrumb":{"@id":"https:\/\/phipower.org\/pt-pt\/contacto\/#breadcrumb"},"inLanguage":"pt-PT","potentialAction":[{"@type":"ReadAction","target":["https:\/\/phipower.org\/pt-pt\/contacto\/"]}]},{"@type":"BreadcrumbList","@id":"https:\/\/phipower.org\/pt-pt\/contacto\/#breadcrumb","itemListElement":[{"@type":"ListItem","position":1,"name":"Home","item":"https:\/\/phipower.org\/pt-pt\/"},{"@type":"ListItem","position":2,"name":"Contacto"}]},{"@type":"WebSite","@id":"https:\/\/phipower.org\/pt-pt\/#website","url":"https:\/\/phipower.org\/pt-pt\/","name":"Phipower: innovatieve gezondheidsproducten","description":"innovatieve gezondheidsproducten","publisher":{"@id":"https:\/\/phipower.org\/pt-pt\/#organization"},"potentialAction":[{"@type":"SearchAction","target":{"@type":"EntryPoint","urlTemplate":"https:\/\/phipower.org\/pt-pt\/?s={search_term_string}"},"query-input":{"@type":"PropertyValueSpecification","valueRequired":true,"valueName":"search_term_string"}}],"inLanguage":"pt-PT"},{"@type":"Organization","@id":"https:\/\/phipower.org\/pt-pt\/#organization","name":"Phipower","url":"https:\/\/phipower.org\/pt-pt\/","logo":{"@type":"ImageObject","inLanguage":"pt-PT","@id":"https:\/\/phipower.org\/pt-pt\/#\/schema\/logo\/image\/","url":"https:\/\/phipower.org\/wp-content\/uploads\/2019\/06\/z-logo-RGB-wit-power.png","contentUrl":"https:\/\/phipower.org\/wp-content\/uploads\/2019\/06\/z-logo-RGB-wit-power.png","width":3273,"height":1389,"caption":"Phipower"},"image":{"@id":"https:\/\/phipower.org\/pt-pt\/#\/schema\/logo\/image\/"},"sameAs":["https:\/\/www.facebook.com\/phipowertools\/","https:\/\/x.com\/phipower1","https:\/\/www.tiktok.com\/@phipowerhealth"]}]}},"_links":{"self":[{"href":"https:\/\/phipower.org\/pt-pt\/wp-json\/wp\/v2\/pages\/3911","targetHints":{"allow":["GET"]}}],"collection":[{"href":"https:\/\/phipower.org\/pt-pt\/wp-json\/wp\/v2\/pages"}],"about":[{"href":"https:\/\/phipower.org\/pt-pt\/wp-json\/wp\/v2\/types\/page"}],"author":[{"embeddable":true,"href":"https:\/\/phipower.org\/pt-pt\/wp-json\/wp\/v2\/users\/1"}],"replies":[{"embeddable":true,"href":"https:\/\/phipower.org\/pt-pt\/wp-json\/wp\/v2\/comments?post=3911"}],"version-history":[{"count":1,"href":"https:\/\/phipower.org\/pt-pt\/wp-json\/wp\/v2\/pages\/3911\/revisions"}],"predecessor-version":[{"id":4479,"href":"https:\/\/phipower.org\/pt-pt\/wp-json\/wp\/v2\/pages\/3911\/revisions\/4479"}],"wp:attachment":[{"href":"https:\/\/phipower.org\/pt-pt\/wp-json\/wp\/v2\/media?parent=3911"}],"curies":[{"name":"wp","href":"https:\/\/api.w.org\/{rel}","templated":true}]}}