{"id":3905,"date":"2018-09-04T21:45:44","date_gmt":"2018-09-04T21:45:44","guid":{"rendered":"https:\/\/phipower.org\/servico-ao-cliente\/"},"modified":"2023-10-26T10:55:05","modified_gmt":"2023-10-26T10:55:05","slug":"servico-ao-cliente","status":"publish","type":"page","link":"https:\/\/phipower.org\/pt-pt\/servico-ao-cliente\/","title":{"rendered":"Servi\u00e7o ao cliente"},"content":{"rendered":"<h1>Servi\u00e7o ao cliente Phipower<\/h1>\n<div>\n<p>Tem uma pergunta sobre um produto ou sobre a sua encomenda? N\u00e3o hesite em contactar a nossa equipa de apoio ao cliente e teremos todo o prazer em ajud\u00e1-lo. Estamos ao seu dispor de segunda a sexta-feira, das 8h30 \u00e0s 17h. Preencha o formul\u00e1rio \u00e0 direita ou ligue para 085 &#8211; 303 35 01.<\/p>\n<p><strong>Expedi\u00e7\u00e3o e devolu\u00e7\u00f5es<\/strong><br \/>\nTem d\u00favidas sobre uma encomenda efectuada ou uma devolu\u00e7\u00e3o? Se for o caso, contacte-nos e tenha \u00e0 m\u00e3o o n\u00famero da sua encomenda. Pode contactar-nos atrav\u00e9s do nosso n\u00famero de telefone ou endere\u00e7o eletr\u00f3nico. Por favor, leia previamente <a href=\"https:\/\/phipower.org\/service\/shipping-returns\/?_ga=1.120840715.2001467923.1461223340\">as<\/a> nossas <a href=\"https:\/\/phipower.org\/service\/shipping-returns\/?_ga=1.120840715.2001467923.1461223340\">condi\u00e7\u00f5es de entrega e de<\/a> volu\u00e7\u00e3o.<\/p>\n<p><strong>Tratamento de queixas<br \/>\n<\/strong>\u00c9 claro que \u00e9 aborrecido se tiver uma queixa sobre o servi\u00e7o tal como o experimentou. No entanto, pedimos-lhe que comunique a sua reclama\u00e7\u00e3o ao servi\u00e7o de contacto com o cliente por correio eletr\u00f3nico. Pode ser feito por correio eletr\u00f3nico, correio normal e\/ou telefone. O nosso pessoal de contacto com o cliente analisar\u00e1 a reclama\u00e7\u00e3o e tentar\u00e1 resolv\u00ea-la de forma satisfat\u00f3ria para todos.<\/p>\n<p>Os nossos pormenores:<br \/>\nMobisun\/Phipower<br \/>\nMarkenhaven 28<br \/>\n3826 AC Amersfoort<br \/>\ncorreio eletr\u00f3nico: info[at]phipower[.]nl<br \/>\n085-3033501 (dispon\u00edvel de segunda a sexta-feira, das 8h30 \u00e0s 17h)<\/p>\n<p>Depois de recebermos a sua queixa, enviar-lhe-emos um aviso de rece\u00e7\u00e3o. Responderemos \u00e0 sua queixa no prazo de 14 dias a contar da data da sua rece\u00e7\u00e3o; se demorar mais tempo, inform\u00e1-lo-emos.<\/p>\n<p>Se n\u00e3o gostar, pode sempre contactar o departamento de media\u00e7\u00e3o da Stichting Webshop Keurmerk, \u00e0 qual Mobisun.com est\u00e1 associado. Se, por qualquer raz\u00e3o, a tentativa de media\u00e7\u00e3o n\u00e3o conduzir a uma solu\u00e7\u00e3o satisfat\u00f3ria, existe a possibilidade de submeter o lit\u00edgio ao Comit\u00e9 de Lit\u00edgios (SGC).<\/p>\n<\/div>\n","protected":false},"excerpt":{"rendered":"<p>Servi\u00e7o ao cliente Phipower Tem uma pergunta sobre um produto ou sobre a sua encomenda? N\u00e3o hesite em contactar a nossa equipa de apoio ao cliente e teremos todo o prazer em ajud\u00e1-lo. Estamos ao seu dispor de segunda a sexta-feira, das 8h30 \u00e0s 17h. Preencha o formul\u00e1rio \u00e0 direita ou ligue para 085 &#8211;&#8230;<\/p>\n","protected":false},"author":1,"featured_media":0,"parent":0,"menu_order":0,"comment_status":"closed","ping_status":"closed","template":"","meta":{"footnotes":""},"class_list":["post-3905","page","type-page","status-publish","hentry"],"yoast_head":"<!-- This site is optimized with the Yoast SEO Premium plugin v23.6 (Yoast SEO v27.2) - https:\/\/yoast.com\/product\/yoast-seo-premium-wordpress\/ -->\n<title>Servi\u00e7o ao cliente de primeira classe na Phipower<\/title>\n<meta name=\"description\" content=\"e descubra a experi\u00eancia excecional de servi\u00e7o ao cliente da Phipower. A nossa equipa est\u00e1 pronta para o ajudar com quaisquer quest\u00f5es ou apoio de que possa necessitar durante a sua viagem de bem-estar.\" \/>\n<meta name=\"robots\" content=\"index, follow, max-snippet:-1, max-image-preview:large, max-video-preview:-1\" \/>\n<link rel=\"canonical\" href=\"https:\/\/phipower.org\/pt-pt\/servico-ao-cliente\/\" \/>\n<meta property=\"og:locale\" content=\"pt_PT\" \/>\n<meta property=\"og:type\" content=\"article\" \/>\n<meta property=\"og:title\" content=\"Servi\u00e7o ao cliente\" \/>\n<meta property=\"og:description\" content=\"e descubra a experi\u00eancia excecional de servi\u00e7o ao cliente da Phipower. A nossa equipa est\u00e1 pronta para o ajudar com quaisquer quest\u00f5es ou apoio de que possa necessitar durante a sua viagem de bem-estar.\" \/>\n<meta property=\"og:url\" content=\"https:\/\/phipower.org\/pt-pt\/servico-ao-cliente\/\" \/>\n<meta property=\"og:site_name\" content=\"Phipower\" \/>\n<meta property=\"article:publisher\" content=\"https:\/\/www.facebook.com\/phipowertools\/\" \/>\n<meta property=\"article:modified_time\" content=\"2023-10-26T10:55:05+00:00\" \/>\n<meta property=\"og:image\" content=\"https:\/\/phipower.org\/wp-content\/uploads\/2019\/07\/Stroomschema-Phipower.jpg\" \/>\n\t<meta property=\"og:image:width\" content=\"1920\" \/>\n\t<meta property=\"og:image:height\" content=\"1080\" \/>\n\t<meta property=\"og:image:type\" content=\"image\/jpeg\" \/>\n<meta name=\"twitter:card\" content=\"summary_large_image\" \/>\n<meta name=\"twitter:site\" content=\"@phipower1\" \/>\n<meta name=\"twitter:label1\" content=\"Tempo estimado de leitura\" \/>\n\t<meta name=\"twitter:data1\" content=\"2 minutos\" \/>\n<script type=\"application\/ld+json\" class=\"yoast-schema-graph\">{\"@context\":\"https:\/\/schema.org\",\"@graph\":[{\"@type\":\"WebPage\",\"@id\":\"https:\/\/phipower.org\/pt-pt\/servico-ao-cliente\/\",\"url\":\"https:\/\/phipower.org\/pt-pt\/servico-ao-cliente\/\",\"name\":\"Servi\u00e7o ao cliente de primeira classe na Phipower\",\"isPartOf\":{\"@id\":\"https:\/\/phipower.org\/pt-pt\/#website\"},\"datePublished\":\"2018-09-04T21:45:44+00:00\",\"dateModified\":\"2023-10-26T10:55:05+00:00\",\"description\":\"e descubra a experi\u00eancia excecional de servi\u00e7o ao cliente da Phipower. A nossa equipa est\u00e1 pronta para o ajudar com quaisquer quest\u00f5es ou apoio de que possa necessitar durante a sua viagem de bem-estar.\",\"breadcrumb\":{\"@id\":\"https:\/\/phipower.org\/pt-pt\/servico-ao-cliente\/#breadcrumb\"},\"inLanguage\":\"pt-PT\",\"potentialAction\":[{\"@type\":\"ReadAction\",\"target\":[\"https:\/\/phipower.org\/pt-pt\/servico-ao-cliente\/\"]}]},{\"@type\":\"BreadcrumbList\",\"@id\":\"https:\/\/phipower.org\/pt-pt\/servico-ao-cliente\/#breadcrumb\",\"itemListElement\":[{\"@type\":\"ListItem\",\"position\":1,\"name\":\"Home\",\"item\":\"https:\/\/phipower.org\/pt-pt\/\"},{\"@type\":\"ListItem\",\"position\":2,\"name\":\"Servi\u00e7o ao cliente\"}]},{\"@type\":\"WebSite\",\"@id\":\"https:\/\/phipower.org\/pt-pt\/#website\",\"url\":\"https:\/\/phipower.org\/pt-pt\/\",\"name\":\"Phipower: innovatieve gezondheidsproducten\",\"description\":\"innovatieve gezondheidsproducten\",\"publisher\":{\"@id\":\"https:\/\/phipower.org\/pt-pt\/#organization\"},\"potentialAction\":[{\"@type\":\"SearchAction\",\"target\":{\"@type\":\"EntryPoint\",\"urlTemplate\":\"https:\/\/phipower.org\/pt-pt\/?s={search_term_string}\"},\"query-input\":{\"@type\":\"PropertyValueSpecification\",\"valueRequired\":true,\"valueName\":\"search_term_string\"}}],\"inLanguage\":\"pt-PT\"},{\"@type\":\"Organization\",\"@id\":\"https:\/\/phipower.org\/pt-pt\/#organization\",\"name\":\"Phipower\",\"url\":\"https:\/\/phipower.org\/pt-pt\/\",\"logo\":{\"@type\":\"ImageObject\",\"inLanguage\":\"pt-PT\",\"@id\":\"https:\/\/phipower.org\/pt-pt\/#\/schema\/logo\/image\/\",\"url\":\"https:\/\/phipower.org\/wp-content\/uploads\/2019\/06\/z-logo-RGB-wit-power.png\",\"contentUrl\":\"https:\/\/phipower.org\/wp-content\/uploads\/2019\/06\/z-logo-RGB-wit-power.png\",\"width\":3273,\"height\":1389,\"caption\":\"Phipower\"},\"image\":{\"@id\":\"https:\/\/phipower.org\/pt-pt\/#\/schema\/logo\/image\/\"},\"sameAs\":[\"https:\/\/www.facebook.com\/phipowertools\/\",\"https:\/\/x.com\/phipower1\",\"https:\/\/www.tiktok.com\/@phipowerhealth\"]}]}<\/script>\n<!-- \/ Yoast SEO Premium plugin. -->","yoast_head_json":{"title":"Servi\u00e7o ao cliente de primeira classe na Phipower","description":"e descubra a experi\u00eancia excecional de servi\u00e7o ao cliente da Phipower. A nossa equipa est\u00e1 pronta para o ajudar com quaisquer quest\u00f5es ou apoio de que possa necessitar durante a sua viagem de bem-estar.","robots":{"index":"index","follow":"follow","max-snippet":"max-snippet:-1","max-image-preview":"max-image-preview:large","max-video-preview":"max-video-preview:-1"},"canonical":"https:\/\/phipower.org\/pt-pt\/servico-ao-cliente\/","og_locale":"pt_PT","og_type":"article","og_title":"Servi\u00e7o ao cliente","og_description":"e descubra a experi\u00eancia excecional de servi\u00e7o ao cliente da Phipower. A nossa equipa est\u00e1 pronta para o ajudar com quaisquer quest\u00f5es ou apoio de que possa necessitar durante a sua viagem de bem-estar.","og_url":"https:\/\/phipower.org\/pt-pt\/servico-ao-cliente\/","og_site_name":"Phipower","article_publisher":"https:\/\/www.facebook.com\/phipowertools\/","article_modified_time":"2023-10-26T10:55:05+00:00","og_image":[{"width":1920,"height":1080,"url":"https:\/\/phipower.org\/wp-content\/uploads\/2019\/07\/Stroomschema-Phipower.jpg","type":"image\/jpeg"}],"twitter_card":"summary_large_image","twitter_site":"@phipower1","twitter_misc":{"Tempo estimado de leitura":"2 minutos"},"schema":{"@context":"https:\/\/schema.org","@graph":[{"@type":"WebPage","@id":"https:\/\/phipower.org\/pt-pt\/servico-ao-cliente\/","url":"https:\/\/phipower.org\/pt-pt\/servico-ao-cliente\/","name":"Servi\u00e7o ao cliente de primeira classe na Phipower","isPartOf":{"@id":"https:\/\/phipower.org\/pt-pt\/#website"},"datePublished":"2018-09-04T21:45:44+00:00","dateModified":"2023-10-26T10:55:05+00:00","description":"e descubra a experi\u00eancia excecional de servi\u00e7o ao cliente da Phipower. A nossa equipa est\u00e1 pronta para o ajudar com quaisquer quest\u00f5es ou apoio de que possa necessitar durante a sua viagem de bem-estar.","breadcrumb":{"@id":"https:\/\/phipower.org\/pt-pt\/servico-ao-cliente\/#breadcrumb"},"inLanguage":"pt-PT","potentialAction":[{"@type":"ReadAction","target":["https:\/\/phipower.org\/pt-pt\/servico-ao-cliente\/"]}]},{"@type":"BreadcrumbList","@id":"https:\/\/phipower.org\/pt-pt\/servico-ao-cliente\/#breadcrumb","itemListElement":[{"@type":"ListItem","position":1,"name":"Home","item":"https:\/\/phipower.org\/pt-pt\/"},{"@type":"ListItem","position":2,"name":"Servi\u00e7o ao cliente"}]},{"@type":"WebSite","@id":"https:\/\/phipower.org\/pt-pt\/#website","url":"https:\/\/phipower.org\/pt-pt\/","name":"Phipower: innovatieve gezondheidsproducten","description":"innovatieve gezondheidsproducten","publisher":{"@id":"https:\/\/phipower.org\/pt-pt\/#organization"},"potentialAction":[{"@type":"SearchAction","target":{"@type":"EntryPoint","urlTemplate":"https:\/\/phipower.org\/pt-pt\/?s={search_term_string}"},"query-input":{"@type":"PropertyValueSpecification","valueRequired":true,"valueName":"search_term_string"}}],"inLanguage":"pt-PT"},{"@type":"Organization","@id":"https:\/\/phipower.org\/pt-pt\/#organization","name":"Phipower","url":"https:\/\/phipower.org\/pt-pt\/","logo":{"@type":"ImageObject","inLanguage":"pt-PT","@id":"https:\/\/phipower.org\/pt-pt\/#\/schema\/logo\/image\/","url":"https:\/\/phipower.org\/wp-content\/uploads\/2019\/06\/z-logo-RGB-wit-power.png","contentUrl":"https:\/\/phipower.org\/wp-content\/uploads\/2019\/06\/z-logo-RGB-wit-power.png","width":3273,"height":1389,"caption":"Phipower"},"image":{"@id":"https:\/\/phipower.org\/pt-pt\/#\/schema\/logo\/image\/"},"sameAs":["https:\/\/www.facebook.com\/phipowertools\/","https:\/\/x.com\/phipower1","https:\/\/www.tiktok.com\/@phipowerhealth"]}]}},"_links":{"self":[{"href":"https:\/\/phipower.org\/pt-pt\/wp-json\/wp\/v2\/pages\/3905","targetHints":{"allow":["GET"]}}],"collection":[{"href":"https:\/\/phipower.org\/pt-pt\/wp-json\/wp\/v2\/pages"}],"about":[{"href":"https:\/\/phipower.org\/pt-pt\/wp-json\/wp\/v2\/types\/page"}],"author":[{"embeddable":true,"href":"https:\/\/phipower.org\/pt-pt\/wp-json\/wp\/v2\/users\/1"}],"replies":[{"embeddable":true,"href":"https:\/\/phipower.org\/pt-pt\/wp-json\/wp\/v2\/comments?post=3905"}],"version-history":[{"count":1,"href":"https:\/\/phipower.org\/pt-pt\/wp-json\/wp\/v2\/pages\/3905\/revisions"}],"predecessor-version":[{"id":4443,"href":"https:\/\/phipower.org\/pt-pt\/wp-json\/wp\/v2\/pages\/3905\/revisions\/4443"}],"wp:attachment":[{"href":"https:\/\/phipower.org\/pt-pt\/wp-json\/wp\/v2\/media?parent=3905"}],"curies":[{"name":"wp","href":"https:\/\/api.w.org\/{rel}","templated":true}]}}