{"id":3868,"date":"2018-09-04T21:38:04","date_gmt":"2018-09-04T21:38:04","guid":{"rendered":"https:\/\/phipower.org\/declaracao-de-exoneracao-de-responsabilidade\/"},"modified":"2023-10-26T22:42:55","modified_gmt":"2023-10-26T22:42:55","slug":"declaracao-de-exoneracao-de-responsabilidade","status":"publish","type":"page","link":"https:\/\/phipower.org\/pt-pt\/declaracao-de-exoneracao-de-responsabilidade\/","title":{"rendered":"Declara\u00e7\u00e3o de exonera\u00e7\u00e3o de responsabilidade"},"content":{"rendered":"<p>Este s\u00edtio Web \u00e9 propriedade da Phipower. N\u00e3o \u00e9 permitido divulgar, copiar ou guardar o site ou partes do mesmo sem autoriza\u00e7\u00e3o expressa por escrito da Phipower. Esta autoriza\u00e7\u00e3o n\u00e3o \u00e9 necess\u00e1ria para utiliza\u00e7\u00e3o pessoal e n\u00e3o comercial.<\/p>\n<p>As informa\u00e7\u00f5es apresentadas neste s\u00edtio Web s\u00e3o compiladas pela Phipower com cuidado e aten\u00e7\u00e3o constantes. No entanto, as informa\u00e7\u00f5es publicadas no s\u00edtio podem estar incompletas e\/ou incorrectas. Os pre\u00e7os neste s\u00edtio Web s\u00e3o em euros, incluindo. 21% IVA, e sujeito a eventuais erros e altera\u00e7\u00f5es de pre\u00e7os.<\/p>\n<p>As informa\u00e7\u00f5es contidas no s\u00edtio s\u00e3o regularmente completadas e\/ou actualizadas. A Phipower reserva-se o direito de efetuar quaisquer altera\u00e7\u00f5es com efeito imediato e sem qualquer aviso pr\u00e9vio.<\/p>\n<p>Todas as informa\u00e7\u00f5es, produtos e servi\u00e7os s\u00e3o oferecidos no seu estado atual e sem qualquer garantia (impl\u00edcita) quanto \u00e0 sua disponibilidade, solidez, adequa\u00e7\u00e3o a um determinado fim ou outro.<\/p>\n<p>Embora a Phipower fa\u00e7a todos os esfor\u00e7os para evitar abusos, a Phipower n\u00e3o \u00e9 respons\u00e1vel pelas informa\u00e7\u00f5es e\/ou mensagens enviadas via Internet pelos utilizadores do site.<\/p>\n<p>A Phipower exclui qualquer responsabilidade por quaisquer danos directos ou indirectos, de qualquer natureza, resultantes ou de alguma forma relacionados com o site.<\/p>\n","protected":false},"excerpt":{"rendered":"<p>Este s\u00edtio Web \u00e9 propriedade da Phipower. N\u00e3o \u00e9 permitido divulgar, copiar ou guardar o site ou partes do mesmo sem autoriza\u00e7\u00e3o expressa por escrito da Phipower. Esta autoriza\u00e7\u00e3o n\u00e3o \u00e9 necess\u00e1ria para utiliza\u00e7\u00e3o pessoal e n\u00e3o comercial. As informa\u00e7\u00f5es apresentadas neste s\u00edtio Web s\u00e3o compiladas pela Phipower com cuidado e aten\u00e7\u00e3o constantes. No entanto,&#8230;<\/p>\n","protected":false},"author":1,"featured_media":0,"parent":0,"menu_order":0,"comment_status":"closed","ping_status":"closed","template":"","meta":{"footnotes":""},"class_list":["post-3868","page","type-page","status-publish","hentry"],"yoast_head":"<!-- This site is optimized with the Yoast SEO Premium plugin v23.6 (Yoast SEO v27.2) - https:\/\/yoast.com\/product\/yoast-seo-premium-wordpress\/ -->\n<title>Aviso de isen\u00e7\u00e3o de responsabilidade da Phipower: informa\u00e7\u00f5es importantes para os utilizadores<\/title>\n<meta name=\"description\" content=\"Por favor, leia a declara\u00e7\u00e3o de exonera\u00e7\u00e3o de responsabilidade da Phipower para compreender os termos e condi\u00e7\u00f5es de utiliza\u00e7\u00e3o do nosso s\u00edtio Web e dos nossos produtos. Valorizamos a transpar\u00eancia e queremos ter a certeza de que tem toda a informa\u00e7\u00e3o de que necessita.\" \/>\n<meta name=\"robots\" content=\"index, follow, max-snippet:-1, max-image-preview:large, max-video-preview:-1\" \/>\n<link rel=\"canonical\" href=\"https:\/\/phipower.org\/pt-pt\/declaracao-de-exoneracao-de-responsabilidade\/\" \/>\n<meta property=\"og:locale\" content=\"pt_PT\" \/>\n<meta property=\"og:type\" content=\"article\" \/>\n<meta property=\"og:title\" content=\"Declara\u00e7\u00e3o de exonera\u00e7\u00e3o de responsabilidade\" \/>\n<meta property=\"og:description\" content=\"Por favor, leia a declara\u00e7\u00e3o de exonera\u00e7\u00e3o de responsabilidade da Phipower para compreender os termos e condi\u00e7\u00f5es de utiliza\u00e7\u00e3o do nosso s\u00edtio Web e dos nossos produtos. Valorizamos a transpar\u00eancia e queremos ter a certeza de que tem toda a informa\u00e7\u00e3o de que necessita.\" \/>\n<meta property=\"og:url\" content=\"https:\/\/phipower.org\/pt-pt\/declaracao-de-exoneracao-de-responsabilidade\/\" \/>\n<meta property=\"og:site_name\" content=\"Phipower\" \/>\n<meta property=\"article:publisher\" content=\"https:\/\/www.facebook.com\/phipowertools\/\" \/>\n<meta property=\"article:modified_time\" content=\"2023-10-26T22:42:55+00:00\" \/>\n<meta property=\"og:image\" content=\"https:\/\/phipower.org\/wp-content\/uploads\/2019\/07\/Stroomschema-Phipower.jpg\" \/>\n\t<meta property=\"og:image:width\" content=\"1920\" \/>\n\t<meta property=\"og:image:height\" content=\"1080\" \/>\n\t<meta property=\"og:image:type\" content=\"image\/jpeg\" \/>\n<meta name=\"twitter:card\" content=\"summary_large_image\" \/>\n<meta name=\"twitter:site\" content=\"@phipower1\" \/>\n<meta name=\"twitter:label1\" content=\"Tempo estimado de leitura\" \/>\n\t<meta name=\"twitter:data1\" content=\"1 minuto\" \/>\n<script type=\"application\/ld+json\" class=\"yoast-schema-graph\">{\"@context\":\"https:\/\/schema.org\",\"@graph\":[{\"@type\":\"WebPage\",\"@id\":\"https:\/\/phipower.org\/pt-pt\/declaracao-de-exoneracao-de-responsabilidade\/\",\"url\":\"https:\/\/phipower.org\/pt-pt\/declaracao-de-exoneracao-de-responsabilidade\/\",\"name\":\"Aviso de isen\u00e7\u00e3o de responsabilidade da Phipower: informa\u00e7\u00f5es importantes para os utilizadores\",\"isPartOf\":{\"@id\":\"https:\/\/phipower.org\/pt-pt\/#website\"},\"datePublished\":\"2018-09-04T21:38:04+00:00\",\"dateModified\":\"2023-10-26T22:42:55+00:00\",\"description\":\"Por favor, leia a declara\u00e7\u00e3o de exonera\u00e7\u00e3o de responsabilidade da Phipower para compreender os termos e condi\u00e7\u00f5es de utiliza\u00e7\u00e3o do nosso s\u00edtio Web e dos nossos produtos. Valorizamos a transpar\u00eancia e queremos ter a certeza de que tem toda a informa\u00e7\u00e3o de que necessita.\",\"breadcrumb\":{\"@id\":\"https:\/\/phipower.org\/pt-pt\/declaracao-de-exoneracao-de-responsabilidade\/#breadcrumb\"},\"inLanguage\":\"pt-PT\",\"potentialAction\":[{\"@type\":\"ReadAction\",\"target\":[\"https:\/\/phipower.org\/pt-pt\/declaracao-de-exoneracao-de-responsabilidade\/\"]}]},{\"@type\":\"BreadcrumbList\",\"@id\":\"https:\/\/phipower.org\/pt-pt\/declaracao-de-exoneracao-de-responsabilidade\/#breadcrumb\",\"itemListElement\":[{\"@type\":\"ListItem\",\"position\":1,\"name\":\"Home\",\"item\":\"https:\/\/phipower.org\/pt-pt\/\"},{\"@type\":\"ListItem\",\"position\":2,\"name\":\"Declara\u00e7\u00e3o de exonera\u00e7\u00e3o de responsabilidade\"}]},{\"@type\":\"WebSite\",\"@id\":\"https:\/\/phipower.org\/pt-pt\/#website\",\"url\":\"https:\/\/phipower.org\/pt-pt\/\",\"name\":\"Phipower: innovatieve gezondheidsproducten\",\"description\":\"innovatieve gezondheidsproducten\",\"publisher\":{\"@id\":\"https:\/\/phipower.org\/pt-pt\/#organization\"},\"potentialAction\":[{\"@type\":\"SearchAction\",\"target\":{\"@type\":\"EntryPoint\",\"urlTemplate\":\"https:\/\/phipower.org\/pt-pt\/?s={search_term_string}\"},\"query-input\":{\"@type\":\"PropertyValueSpecification\",\"valueRequired\":true,\"valueName\":\"search_term_string\"}}],\"inLanguage\":\"pt-PT\"},{\"@type\":\"Organization\",\"@id\":\"https:\/\/phipower.org\/pt-pt\/#organization\",\"name\":\"Phipower\",\"url\":\"https:\/\/phipower.org\/pt-pt\/\",\"logo\":{\"@type\":\"ImageObject\",\"inLanguage\":\"pt-PT\",\"@id\":\"https:\/\/phipower.org\/pt-pt\/#\/schema\/logo\/image\/\",\"url\":\"https:\/\/phipower.org\/wp-content\/uploads\/2019\/06\/z-logo-RGB-wit-power.png\",\"contentUrl\":\"https:\/\/phipower.org\/wp-content\/uploads\/2019\/06\/z-logo-RGB-wit-power.png\",\"width\":3273,\"height\":1389,\"caption\":\"Phipower\"},\"image\":{\"@id\":\"https:\/\/phipower.org\/pt-pt\/#\/schema\/logo\/image\/\"},\"sameAs\":[\"https:\/\/www.facebook.com\/phipowertools\/\",\"https:\/\/x.com\/phipower1\",\"https:\/\/www.tiktok.com\/@phipowerhealth\"]}]}<\/script>\n<!-- \/ Yoast SEO Premium plugin. -->","yoast_head_json":{"title":"Aviso de isen\u00e7\u00e3o de responsabilidade da Phipower: informa\u00e7\u00f5es importantes para os utilizadores","description":"Por favor, leia a declara\u00e7\u00e3o de exonera\u00e7\u00e3o de responsabilidade da Phipower para compreender os termos e condi\u00e7\u00f5es de utiliza\u00e7\u00e3o do nosso s\u00edtio Web e dos nossos produtos. Valorizamos a transpar\u00eancia e queremos ter a certeza de que tem toda a informa\u00e7\u00e3o de que necessita.","robots":{"index":"index","follow":"follow","max-snippet":"max-snippet:-1","max-image-preview":"max-image-preview:large","max-video-preview":"max-video-preview:-1"},"canonical":"https:\/\/phipower.org\/pt-pt\/declaracao-de-exoneracao-de-responsabilidade\/","og_locale":"pt_PT","og_type":"article","og_title":"Declara\u00e7\u00e3o de exonera\u00e7\u00e3o de responsabilidade","og_description":"Por favor, leia a declara\u00e7\u00e3o de exonera\u00e7\u00e3o de responsabilidade da Phipower para compreender os termos e condi\u00e7\u00f5es de utiliza\u00e7\u00e3o do nosso s\u00edtio Web e dos nossos produtos. Valorizamos a transpar\u00eancia e queremos ter a certeza de que tem toda a informa\u00e7\u00e3o de que necessita.","og_url":"https:\/\/phipower.org\/pt-pt\/declaracao-de-exoneracao-de-responsabilidade\/","og_site_name":"Phipower","article_publisher":"https:\/\/www.facebook.com\/phipowertools\/","article_modified_time":"2023-10-26T22:42:55+00:00","og_image":[{"width":1920,"height":1080,"url":"https:\/\/phipower.org\/wp-content\/uploads\/2019\/07\/Stroomschema-Phipower.jpg","type":"image\/jpeg"}],"twitter_card":"summary_large_image","twitter_site":"@phipower1","twitter_misc":{"Tempo estimado de leitura":"1 minuto"},"schema":{"@context":"https:\/\/schema.org","@graph":[{"@type":"WebPage","@id":"https:\/\/phipower.org\/pt-pt\/declaracao-de-exoneracao-de-responsabilidade\/","url":"https:\/\/phipower.org\/pt-pt\/declaracao-de-exoneracao-de-responsabilidade\/","name":"Aviso de isen\u00e7\u00e3o de responsabilidade da Phipower: informa\u00e7\u00f5es importantes para os utilizadores","isPartOf":{"@id":"https:\/\/phipower.org\/pt-pt\/#website"},"datePublished":"2018-09-04T21:38:04+00:00","dateModified":"2023-10-26T22:42:55+00:00","description":"Por favor, leia a declara\u00e7\u00e3o de exonera\u00e7\u00e3o de responsabilidade da Phipower para compreender os termos e condi\u00e7\u00f5es de utiliza\u00e7\u00e3o do nosso s\u00edtio Web e dos nossos produtos. Valorizamos a transpar\u00eancia e queremos ter a certeza de que tem toda a informa\u00e7\u00e3o de que necessita.","breadcrumb":{"@id":"https:\/\/phipower.org\/pt-pt\/declaracao-de-exoneracao-de-responsabilidade\/#breadcrumb"},"inLanguage":"pt-PT","potentialAction":[{"@type":"ReadAction","target":["https:\/\/phipower.org\/pt-pt\/declaracao-de-exoneracao-de-responsabilidade\/"]}]},{"@type":"BreadcrumbList","@id":"https:\/\/phipower.org\/pt-pt\/declaracao-de-exoneracao-de-responsabilidade\/#breadcrumb","itemListElement":[{"@type":"ListItem","position":1,"name":"Home","item":"https:\/\/phipower.org\/pt-pt\/"},{"@type":"ListItem","position":2,"name":"Declara\u00e7\u00e3o de exonera\u00e7\u00e3o de responsabilidade"}]},{"@type":"WebSite","@id":"https:\/\/phipower.org\/pt-pt\/#website","url":"https:\/\/phipower.org\/pt-pt\/","name":"Phipower: innovatieve gezondheidsproducten","description":"innovatieve gezondheidsproducten","publisher":{"@id":"https:\/\/phipower.org\/pt-pt\/#organization"},"potentialAction":[{"@type":"SearchAction","target":{"@type":"EntryPoint","urlTemplate":"https:\/\/phipower.org\/pt-pt\/?s={search_term_string}"},"query-input":{"@type":"PropertyValueSpecification","valueRequired":true,"valueName":"search_term_string"}}],"inLanguage":"pt-PT"},{"@type":"Organization","@id":"https:\/\/phipower.org\/pt-pt\/#organization","name":"Phipower","url":"https:\/\/phipower.org\/pt-pt\/","logo":{"@type":"ImageObject","inLanguage":"pt-PT","@id":"https:\/\/phipower.org\/pt-pt\/#\/schema\/logo\/image\/","url":"https:\/\/phipower.org\/wp-content\/uploads\/2019\/06\/z-logo-RGB-wit-power.png","contentUrl":"https:\/\/phipower.org\/wp-content\/uploads\/2019\/06\/z-logo-RGB-wit-power.png","width":3273,"height":1389,"caption":"Phipower"},"image":{"@id":"https:\/\/phipower.org\/pt-pt\/#\/schema\/logo\/image\/"},"sameAs":["https:\/\/www.facebook.com\/phipowertools\/","https:\/\/x.com\/phipower1","https:\/\/www.tiktok.com\/@phipowerhealth"]}]}},"_links":{"self":[{"href":"https:\/\/phipower.org\/pt-pt\/wp-json\/wp\/v2\/pages\/3868","targetHints":{"allow":["GET"]}}],"collection":[{"href":"https:\/\/phipower.org\/pt-pt\/wp-json\/wp\/v2\/pages"}],"about":[{"href":"https:\/\/phipower.org\/pt-pt\/wp-json\/wp\/v2\/types\/page"}],"author":[{"embeddable":true,"href":"https:\/\/phipower.org\/pt-pt\/wp-json\/wp\/v2\/users\/1"}],"replies":[{"embeddable":true,"href":"https:\/\/phipower.org\/pt-pt\/wp-json\/wp\/v2\/comments?post=3868"}],"version-history":[{"count":1,"href":"https:\/\/phipower.org\/pt-pt\/wp-json\/wp\/v2\/pages\/3868\/revisions"}],"predecessor-version":[{"id":4455,"href":"https:\/\/phipower.org\/pt-pt\/wp-json\/wp\/v2\/pages\/3868\/revisions\/4455"}],"wp:attachment":[{"href":"https:\/\/phipower.org\/pt-pt\/wp-json\/wp\/v2\/media?parent=3868"}],"curies":[{"name":"wp","href":"https:\/\/api.w.org\/{rel}","templated":true}]}}