{"id":3861,"date":"2018-09-04T21:49:28","date_gmt":"2018-09-04T21:49:28","guid":{"rendered":"https:\/\/phipower.org\/garantia-e-reclamacoes\/"},"modified":"2023-10-26T10:56:17","modified_gmt":"2023-10-26T10:56:17","slug":"garantia-e-reclamacoes","status":"publish","type":"page","link":"https:\/\/phipower.org\/pt-pt\/garantia-e-reclamacoes\/","title":{"rendered":"Garantia e reclama\u00e7\u00f5es"},"content":{"rendered":"<p><strong>Garantia<\/strong><\/p>\n<p>Preocupamo-nos com os nossos produtos e, logicamente, fazemos o nosso melhor para lhos entregar nas melhores condi\u00e7\u00f5es. No entanto, por vezes acontece que uma encomenda se avarie durante o transporte ou que aconte\u00e7a qualquer outra coisa que o obrigue a reclamar a garantia. Legalmente, \u00e9 obrigado a comunicar-nos o defeito <strong>no prazo de dois meses a contar da sua descoberta<\/strong>. Se o defeito estiver dentro do prazo da garantia, procederemos \u00e0 sua repara\u00e7\u00e3o ou substitui\u00e7\u00e3o gratuitamente.<\/p>\n<p><strong>Queixas<\/strong><\/p>\n<p>Pode sempre acontecer que algo n\u00e3o corra como planeado. Encorajamo-lo a apresentar primeiro as suas queixas por correio eletr\u00f3nico para info@mobisun.com. Se tal n\u00e3o conduzir a uma solu\u00e7\u00e3o, \u00e9 poss\u00edvel submeter o lit\u00edgio a media\u00e7\u00e3o atrav\u00e9s da Stichting Webshop Keurmerk via <a href=\"https:\/\/www.keurmerk.info\/nl\/consumenten\/melden\/\">https:\/\/www.keurmerk.info\/nl\/consumenten\/melden\/.<\/a> A partir de 15 de fevereiro de 2016, os consumidores da UE tamb\u00e9m poder\u00e3o registar queixas atrav\u00e9s da plataforma RLL da Comiss\u00e3o Europeia. Esta plataforma RLL pode ser consultada em <a href=\"http:\/\/ec.europa.eu\/odr\">http:\/\/ec.europa.eu\/odr.<\/a> Se a sua queixa n\u00e3o estiver j\u00e1 pendente noutro local, pode apresent\u00e1-la atrav\u00e9s da plataforma da Uni\u00e3o Europeia.<\/p>\n","protected":false},"excerpt":{"rendered":"<p>Garantia Preocupamo-nos com os nossos produtos e, logicamente, fazemos o nosso melhor para lhos entregar nas melhores condi\u00e7\u00f5es. No entanto, por vezes acontece que uma encomenda se avarie durante o transporte ou que aconte\u00e7a qualquer outra coisa que o obrigue a reclamar a garantia. Legalmente, \u00e9 obrigado a comunicar-nos o defeito no prazo de dois&#8230;<\/p>\n","protected":false},"author":3,"featured_media":0,"parent":0,"menu_order":0,"comment_status":"closed","ping_status":"closed","template":"","meta":{"footnotes":""},"class_list":["post-3861","page","type-page","status-publish","hentry"],"yoast_head":"<!-- This site is optimized with the Yoast SEO Premium plugin v23.6 (Yoast SEO v27.2) - https:\/\/yoast.com\/product\/yoast-seo-premium-wordpress\/ -->\n<title>Pol\u00edtica de garantia e reclama\u00e7\u00f5es - Phipower<\/title>\n<meta name=\"description\" content=\"Leia mais sobre a garantia e a pol\u00edtica de reclama\u00e7\u00f5es da Phipower. A sua satisfa\u00e7\u00e3o \u00e9 a nossa prioridade e fazemos tudo o que est\u00e1 ao nosso alcance para responder \u00e0s suas preocupa\u00e7\u00f5es e garantir a sua satisfa\u00e7\u00e3o com os nossos produtos.\" \/>\n<meta name=\"robots\" content=\"index, follow, max-snippet:-1, max-image-preview:large, max-video-preview:-1\" \/>\n<link rel=\"canonical\" href=\"https:\/\/phipower.org\/pt-pt\/garantia-e-reclamacoes\/\" \/>\n<meta property=\"og:locale\" content=\"pt_PT\" \/>\n<meta property=\"og:type\" content=\"article\" \/>\n<meta property=\"og:title\" content=\"Garantia e reclama\u00e7\u00f5es\" \/>\n<meta property=\"og:description\" content=\"Leia mais sobre a garantia e a pol\u00edtica de reclama\u00e7\u00f5es da Phipower. A sua satisfa\u00e7\u00e3o \u00e9 a nossa prioridade e fazemos tudo o que est\u00e1 ao nosso alcance para responder \u00e0s suas preocupa\u00e7\u00f5es e garantir a sua satisfa\u00e7\u00e3o com os nossos produtos.\" \/>\n<meta property=\"og:url\" content=\"https:\/\/phipower.org\/pt-pt\/garantia-e-reclamacoes\/\" \/>\n<meta property=\"og:site_name\" content=\"Phipower\" \/>\n<meta property=\"article:publisher\" content=\"https:\/\/www.facebook.com\/phipowertools\/\" \/>\n<meta property=\"article:modified_time\" content=\"2023-10-26T10:56:17+00:00\" \/>\n<meta property=\"og:image\" content=\"https:\/\/phipower.org\/wp-content\/uploads\/2019\/07\/Stroomschema-Phipower.jpg\" \/>\n\t<meta property=\"og:image:width\" content=\"1920\" \/>\n\t<meta property=\"og:image:height\" content=\"1080\" \/>\n\t<meta property=\"og:image:type\" content=\"image\/jpeg\" \/>\n<meta name=\"twitter:card\" content=\"summary_large_image\" \/>\n<meta name=\"twitter:site\" content=\"@phipower1\" \/>\n<meta name=\"twitter:label1\" content=\"Tempo estimado de leitura\" \/>\n\t<meta name=\"twitter:data1\" content=\"1 minuto\" \/>\n<script type=\"application\/ld+json\" class=\"yoast-schema-graph\">{\"@context\":\"https:\/\/schema.org\",\"@graph\":[{\"@type\":\"WebPage\",\"@id\":\"https:\/\/phipower.org\/pt-pt\/garantia-e-reclamacoes\/\",\"url\":\"https:\/\/phipower.org\/pt-pt\/garantia-e-reclamacoes\/\",\"name\":\"Pol\u00edtica de garantia e reclama\u00e7\u00f5es - Phipower\",\"isPartOf\":{\"@id\":\"https:\/\/phipower.org\/pt-pt\/#website\"},\"datePublished\":\"2018-09-04T21:49:28+00:00\",\"dateModified\":\"2023-10-26T10:56:17+00:00\",\"description\":\"Leia mais sobre a garantia e a pol\u00edtica de reclama\u00e7\u00f5es da Phipower. A sua satisfa\u00e7\u00e3o \u00e9 a nossa prioridade e fazemos tudo o que est\u00e1 ao nosso alcance para responder \u00e0s suas preocupa\u00e7\u00f5es e garantir a sua satisfa\u00e7\u00e3o com os nossos produtos.\",\"breadcrumb\":{\"@id\":\"https:\/\/phipower.org\/pt-pt\/garantia-e-reclamacoes\/#breadcrumb\"},\"inLanguage\":\"pt-PT\",\"potentialAction\":[{\"@type\":\"ReadAction\",\"target\":[\"https:\/\/phipower.org\/pt-pt\/garantia-e-reclamacoes\/\"]}]},{\"@type\":\"BreadcrumbList\",\"@id\":\"https:\/\/phipower.org\/pt-pt\/garantia-e-reclamacoes\/#breadcrumb\",\"itemListElement\":[{\"@type\":\"ListItem\",\"position\":1,\"name\":\"Home\",\"item\":\"https:\/\/phipower.org\/pt-pt\/\"},{\"@type\":\"ListItem\",\"position\":2,\"name\":\"Garantia e reclama\u00e7\u00f5es\"}]},{\"@type\":\"WebSite\",\"@id\":\"https:\/\/phipower.org\/pt-pt\/#website\",\"url\":\"https:\/\/phipower.org\/pt-pt\/\",\"name\":\"Phipower: innovatieve gezondheidsproducten\",\"description\":\"innovatieve gezondheidsproducten\",\"publisher\":{\"@id\":\"https:\/\/phipower.org\/pt-pt\/#organization\"},\"potentialAction\":[{\"@type\":\"SearchAction\",\"target\":{\"@type\":\"EntryPoint\",\"urlTemplate\":\"https:\/\/phipower.org\/pt-pt\/?s={search_term_string}\"},\"query-input\":{\"@type\":\"PropertyValueSpecification\",\"valueRequired\":true,\"valueName\":\"search_term_string\"}}],\"inLanguage\":\"pt-PT\"},{\"@type\":\"Organization\",\"@id\":\"https:\/\/phipower.org\/pt-pt\/#organization\",\"name\":\"Phipower\",\"url\":\"https:\/\/phipower.org\/pt-pt\/\",\"logo\":{\"@type\":\"ImageObject\",\"inLanguage\":\"pt-PT\",\"@id\":\"https:\/\/phipower.org\/pt-pt\/#\/schema\/logo\/image\/\",\"url\":\"https:\/\/phipower.org\/wp-content\/uploads\/2019\/06\/z-logo-RGB-wit-power.png\",\"contentUrl\":\"https:\/\/phipower.org\/wp-content\/uploads\/2019\/06\/z-logo-RGB-wit-power.png\",\"width\":3273,\"height\":1389,\"caption\":\"Phipower\"},\"image\":{\"@id\":\"https:\/\/phipower.org\/pt-pt\/#\/schema\/logo\/image\/\"},\"sameAs\":[\"https:\/\/www.facebook.com\/phipowertools\/\",\"https:\/\/x.com\/phipower1\",\"https:\/\/www.tiktok.com\/@phipowerhealth\"]}]}<\/script>\n<!-- \/ Yoast SEO Premium plugin. -->","yoast_head_json":{"title":"Pol\u00edtica de garantia e reclama\u00e7\u00f5es - Phipower","description":"Leia mais sobre a garantia e a pol\u00edtica de reclama\u00e7\u00f5es da Phipower. A sua satisfa\u00e7\u00e3o \u00e9 a nossa prioridade e fazemos tudo o que est\u00e1 ao nosso alcance para responder \u00e0s suas preocupa\u00e7\u00f5es e garantir a sua satisfa\u00e7\u00e3o com os nossos produtos.","robots":{"index":"index","follow":"follow","max-snippet":"max-snippet:-1","max-image-preview":"max-image-preview:large","max-video-preview":"max-video-preview:-1"},"canonical":"https:\/\/phipower.org\/pt-pt\/garantia-e-reclamacoes\/","og_locale":"pt_PT","og_type":"article","og_title":"Garantia e reclama\u00e7\u00f5es","og_description":"Leia mais sobre a garantia e a pol\u00edtica de reclama\u00e7\u00f5es da Phipower. A sua satisfa\u00e7\u00e3o \u00e9 a nossa prioridade e fazemos tudo o que est\u00e1 ao nosso alcance para responder \u00e0s suas preocupa\u00e7\u00f5es e garantir a sua satisfa\u00e7\u00e3o com os nossos produtos.","og_url":"https:\/\/phipower.org\/pt-pt\/garantia-e-reclamacoes\/","og_site_name":"Phipower","article_publisher":"https:\/\/www.facebook.com\/phipowertools\/","article_modified_time":"2023-10-26T10:56:17+00:00","og_image":[{"width":1920,"height":1080,"url":"https:\/\/phipower.org\/wp-content\/uploads\/2019\/07\/Stroomschema-Phipower.jpg","type":"image\/jpeg"}],"twitter_card":"summary_large_image","twitter_site":"@phipower1","twitter_misc":{"Tempo estimado de leitura":"1 minuto"},"schema":{"@context":"https:\/\/schema.org","@graph":[{"@type":"WebPage","@id":"https:\/\/phipower.org\/pt-pt\/garantia-e-reclamacoes\/","url":"https:\/\/phipower.org\/pt-pt\/garantia-e-reclamacoes\/","name":"Pol\u00edtica de garantia e reclama\u00e7\u00f5es - Phipower","isPartOf":{"@id":"https:\/\/phipower.org\/pt-pt\/#website"},"datePublished":"2018-09-04T21:49:28+00:00","dateModified":"2023-10-26T10:56:17+00:00","description":"Leia mais sobre a garantia e a pol\u00edtica de reclama\u00e7\u00f5es da Phipower. A sua satisfa\u00e7\u00e3o \u00e9 a nossa prioridade e fazemos tudo o que est\u00e1 ao nosso alcance para responder \u00e0s suas preocupa\u00e7\u00f5es e garantir a sua satisfa\u00e7\u00e3o com os nossos produtos.","breadcrumb":{"@id":"https:\/\/phipower.org\/pt-pt\/garantia-e-reclamacoes\/#breadcrumb"},"inLanguage":"pt-PT","potentialAction":[{"@type":"ReadAction","target":["https:\/\/phipower.org\/pt-pt\/garantia-e-reclamacoes\/"]}]},{"@type":"BreadcrumbList","@id":"https:\/\/phipower.org\/pt-pt\/garantia-e-reclamacoes\/#breadcrumb","itemListElement":[{"@type":"ListItem","position":1,"name":"Home","item":"https:\/\/phipower.org\/pt-pt\/"},{"@type":"ListItem","position":2,"name":"Garantia e reclama\u00e7\u00f5es"}]},{"@type":"WebSite","@id":"https:\/\/phipower.org\/pt-pt\/#website","url":"https:\/\/phipower.org\/pt-pt\/","name":"Phipower: innovatieve gezondheidsproducten","description":"innovatieve gezondheidsproducten","publisher":{"@id":"https:\/\/phipower.org\/pt-pt\/#organization"},"potentialAction":[{"@type":"SearchAction","target":{"@type":"EntryPoint","urlTemplate":"https:\/\/phipower.org\/pt-pt\/?s={search_term_string}"},"query-input":{"@type":"PropertyValueSpecification","valueRequired":true,"valueName":"search_term_string"}}],"inLanguage":"pt-PT"},{"@type":"Organization","@id":"https:\/\/phipower.org\/pt-pt\/#organization","name":"Phipower","url":"https:\/\/phipower.org\/pt-pt\/","logo":{"@type":"ImageObject","inLanguage":"pt-PT","@id":"https:\/\/phipower.org\/pt-pt\/#\/schema\/logo\/image\/","url":"https:\/\/phipower.org\/wp-content\/uploads\/2019\/06\/z-logo-RGB-wit-power.png","contentUrl":"https:\/\/phipower.org\/wp-content\/uploads\/2019\/06\/z-logo-RGB-wit-power.png","width":3273,"height":1389,"caption":"Phipower"},"image":{"@id":"https:\/\/phipower.org\/pt-pt\/#\/schema\/logo\/image\/"},"sameAs":["https:\/\/www.facebook.com\/phipowertools\/","https:\/\/x.com\/phipower1","https:\/\/www.tiktok.com\/@phipowerhealth"]}]}},"_links":{"self":[{"href":"https:\/\/phipower.org\/pt-pt\/wp-json\/wp\/v2\/pages\/3861","targetHints":{"allow":["GET"]}}],"collection":[{"href":"https:\/\/phipower.org\/pt-pt\/wp-json\/wp\/v2\/pages"}],"about":[{"href":"https:\/\/phipower.org\/pt-pt\/wp-json\/wp\/v2\/types\/page"}],"author":[{"embeddable":true,"href":"https:\/\/phipower.org\/pt-pt\/wp-json\/wp\/v2\/users\/3"}],"replies":[{"embeddable":true,"href":"https:\/\/phipower.org\/pt-pt\/wp-json\/wp\/v2\/comments?post=3861"}],"version-history":[{"count":1,"href":"https:\/\/phipower.org\/pt-pt\/wp-json\/wp\/v2\/pages\/3861\/revisions"}],"predecessor-version":[{"id":4447,"href":"https:\/\/phipower.org\/pt-pt\/wp-json\/wp\/v2\/pages\/3861\/revisions\/4447"}],"wp:attachment":[{"href":"https:\/\/phipower.org\/pt-pt\/wp-json\/wp\/v2\/media?parent=3861"}],"curies":[{"name":"wp","href":"https:\/\/api.w.org\/{rel}","templated":true}]}}