{"id":6759,"date":"2025-04-18T14:13:48","date_gmt":"2025-04-18T14:13:48","guid":{"rendered":"https:\/\/phipower.org\/?post_type=product&#038;p=6759"},"modified":"2026-04-16T14:17:56","modified_gmt":"2026-04-16T14:17:56","slug":"uovo-della-tortura-uovo-compatto-di-energia-per-la-protezione-personale-e-la-vitalizzazione-kopie","status":"publish","type":"product","link":"https:\/\/phipower.org\/it\/prodotto\/uovo-della-tortura-uovo-compatto-di-energia-per-la-protezione-personale-e-la-vitalizzazione-kopie\/","title":{"rendered":"Uovo di Energia Grande | Aumenta la tua energia vitale e proteggi il tuo spazio"},"content":{"rendered":"<p><span style=\"font-size: 25.92px; color: #333333;\">Uovo energetico della Terra Blu &#8211; Grande: aumenta la tua energia vitale e proteggi il tuo spazio<\/span><\/p>\n<header>\n<section id=\"intro\">Prova il potere della pura energia vitale con l&#8217;<strong>Uovo energetico della Terra Blu &#8211; Grande<\/strong>. Con un impressionante <strong>valore Bovis di circa 1.500.000 Bovis<\/strong>, questo uovo energetico \u00e8 uno dei prodotti energetici pi\u00f9 potenti attualmente disponibili. L&#8217;effetto pu\u00f2 essere percepito fino a un raggio di <strong>66 metri<\/strong>, con l&#8217;influenza pi\u00f9 forte in un <strong>raggio di 8 metri<\/strong>. Ideale per chi vuole rafforzare, proteggere e armonizzare energeticamente la casa, lo spazio di lavoro o se stesso.   <\/p>\n<\/section>\n<section id=\"wat-is-ei\">\n<h2>Che cos&#8217;\u00e8 l&#8217;Uovo di Energia della Terra Blu?<\/h2>\n<p>L&#8217;<strong>Uovo di Energia della Terra Blu<\/strong> \u00e8 basato su un vero uovo di struzzo ed \u00e8 riempito con il nostro esclusivo <strong>Elisir della Terra Blu<\/strong>. Intorno all&#8217;uovo c&#8217;\u00e8 uno spesso strato protettivo di argilla, con un rinforzo di lino, che \u00e8 stato accuratamente applicato a mano. Questa combinazione garantisce che l&#8217;alta frequenza energetica venga mantenuta a lungo.  <\/p>\n<div class=\"features\">\n<ul>\n<li>L&#8217;<strong>acqua come vettore di informazioni<\/strong>: l&#8217;Elisir di Terra Blu \u00e8 stato appositamente trattato per immagazzinare ed emettere un&#8217;energia vitale eccezionalmente elevata.<\/li>\n<li><strong>Il potere della forma dell&#8217;uovo<\/strong>: la forma primordiale dell&#8217;uovo rafforza e protegge l&#8217;effetto energetico.<\/li>\n<li><strong>Con supporto in legno<\/strong>: ogni Energy Egg \u00e8 dotato di un elegante supporto in legno.<\/li>\n<\/ul>\n<\/div>\n<\/section>\n<section id=\"werking\">\n<h2>Funzionamento dell&#8217;Uovo di Energia &#8211; Grande<\/h2>\n<p>Tenere in mano o posizionare l&#8217;Uovo di Energia della Terra Blu nel tuo ambiente pu\u00f2 innescare un potente flusso di energia sia nel tuo corpo che nel tuo campo energetico personale. I principali benefici sono: <\/p>\n<div class=\"features\">\n<ul>\n<li>Rafforzare la capacit\u00e0 di auto-guarigione<\/li>\n<li>Stimolazione del sistema immunitario<\/li>\n<li>Neutralizzazione delle radiazioni nocive (come i campi elettromagnetici)<\/li>\n<li>Aumentare il flusso di energia in casa o in ufficio<\/li>\n<li>Ricordo della nostra coscienza originale<\/li>\n<li>Prova una sensazione di profonda calma e armonia<\/li>\n<\/ul>\n<\/div>\n<\/section>\n<section id=\"varianten\">\n<h2>Varianti e applicazioni<\/h2>\n<div class=\"variants\">\n<h3>Varianti disponibili<\/h3>\n<ul>\n<li><strong>Blue Earth Energy Egg &#8211; Small<\/strong>: ideale per le stanze pi\u00f9 piccole o per un luogo di lavoro.<\/li>\n<li><strong>Vita Earth<\/strong>: appositamente studiato per l&#8217;applicazione in terreni agricoli e giardini.<\/li>\n<li><strong>Lumi&#8217;Sa<\/strong>: un uovo robusto con protezione extra, adatto per l&#8217;uso in interni ed esterni.<\/li>\n<li><strong>Uovo di tartaruga<\/strong>: una versione piccola che puoi portare sempre con te.<\/li>\n<\/ul>\n<h3>Applicazioni<\/h3>\n<p>Perfetto per soggiorni, spazi di lavoro, sale di pratica o come supporto energetico nella tua sala di meditazione.<\/p>\n<\/div>\n<\/section>\n<section id=\"productieproces\">\n<h2>Processo di produzione<\/h2>\n<div class=\"process\">\n<p>Ogni Uovo di Energia della Terra Blu \u00e8 realizzato a mano con il massimo dell&#8217;amore e dell&#8217;attenzione. Il processo comprende: <\/p>\n<ol>\n<li>Riempire vere uova di struzzo con Blue Earth Elixir.<\/li>\n<li>Sigilla e avvolgi con diversi strati di argilla e lino.<\/li>\n<li>Ritocca manualmente le crepe naturali dopo l&#8217;asciugatura.<\/li>\n<li>Finitura con un esclusivo strato esterno in ceramica per una maggiore durata.<\/li>\n<\/ol>\n<p><strong>Materiali naturali<\/strong>: poich\u00e9 ogni Uovo \u00e8 unico, i colori e le dimensioni possono variare leggermente.<\/p>\n<p><strong>Dimensioni<\/strong>: Altezza media: 19 cm (escluso il supporto in legno di 3 cm)<\/p>\n<\/div>\n<\/section>\n<section id=\"rapport\">\n<h2>Rapporto indipendente: Vortex Vitalis<\/h2>\n<p>L&#8217;effetto energetico dell&#8217;Uovo di Energia della Terra Blu &#8211; Grande \u00e8 stato misurato in modo indipendente da <strong>Vortex Vitalis<\/strong>. Il rapporto del <time datetime=\"2025-03-05\">5 marzo 2025<\/time> conferma l&#8217;energia vitale eccezionalmente elevata dell&#8217;uovo. <a href=\"https:\/\/drive.google.com\/file\/d\/1jkQZSTrfizRx0OATmTHFU0_PzxdOWXLG\/view?usp=sharing\" target=\"_blank\" rel=\"noopener\">Visualizza il rapporto completo (PDF) per maggiori dettagli qui<\/a>. <\/p>\n<\/section>\n<h3>Ordina ora e prova tu stesso il potere dell&#8217;Uovo di Energia della Terra Blu!<\/h3>\n<\/header>\n","protected":false},"excerpt":{"rendered":"<p>\u2714 Stimola la capacit\u00e0 di autoguarigione del corpo e della mente<br \/>\n\u2714 Aumenta la frequenza vibrazionale del tuo spazio di vita e di lavoro<br \/>\n\u2714 Aiuta a ripristinare i flussi energetici naturali<br \/>\n\u2714 Realizzato a mano con materiali puri e naturali per la massima potenza<\/p>\n","protected":false},"featured_media":6766,"comment_status":"open","ping_status":"closed","template":"","meta":[],"product_brand":[],"product_cat":[982,978],"product_tag":[],"class_list":{"0":"post-6759","1":"product","2":"type-product","3":"status-publish","4":"has-post-thumbnail","6":"product_cat-frequenze","7":"product_cat-prodotti","9":"first","10":"outofstock","11":"taxable","12":"shipping-taxable","13":"purchasable","14":"product-type-simple"},"yoast_head":"<!-- This site is optimized with the Yoast SEO Premium plugin v23.6 (Yoast SEO v27.2) - https:\/\/yoast.com\/product\/yoast-seo-premium-wordpress\/ -->\n<title>Uovo energetico della Terra Blu grande - Aumenta la tua energia vitale | Phipower<\/title>\n<meta name=\"description\" content=\"Scopri l&#039;Uovo di Energia della Terra Blu Grande. Aumenta la tua energia vitale, neutralizza le radiazioni e crea uno spazio armonioso. Fatto a mano e potente!\" \/>\n<meta name=\"robots\" content=\"index, follow, max-snippet:-1, max-image-preview:large, max-video-preview:-1\" \/>\n<link rel=\"canonical\" href=\"https:\/\/phipower.org\/it\/prodotto\/uovo-della-tortura-uovo-compatto-di-energia-per-la-protezione-personale-e-la-vitalizzazione-kopie\/\" \/>\n<meta property=\"og:locale\" content=\"it_IT\" \/>\n<meta property=\"og:type\" content=\"article\" \/>\n<meta property=\"og:title\" content=\"Uovo di Energia Grande | Aumenta la tua energia vitale e proteggi il tuo spazio\" \/>\n<meta property=\"og:description\" content=\"Scopri l&#039;Uovo di Energia della Terra Blu Grande. Aumenta la tua energia vitale, neutralizza le radiazioni e crea uno spazio armonioso. Fatto a mano e potente!\" \/>\n<meta property=\"og:url\" content=\"https:\/\/phipower.org\/it\/prodotto\/uovo-della-tortura-uovo-compatto-di-energia-per-la-protezione-personale-e-la-vitalizzazione-kopie\/\" \/>\n<meta property=\"og:site_name\" content=\"Phipower\" \/>\n<meta property=\"article:publisher\" content=\"https:\/\/www.facebook.com\/phipowertools\/\" \/>\n<meta property=\"article:modified_time\" content=\"2026-04-16T14:17:56+00:00\" \/>\n<meta property=\"og:image\" content=\"https:\/\/phipower.org\/wp-content\/uploads\/2018\/09\/photo-1-36-1.jpg\" \/>\n\t<meta property=\"og:image:width\" content=\"750\" \/>\n\t<meta property=\"og:image:height\" content=\"750\" \/>\n\t<meta property=\"og:image:type\" content=\"image\/jpeg\" \/>\n<meta name=\"twitter:card\" content=\"summary_large_image\" \/>\n<meta name=\"twitter:site\" content=\"@phipower1\" \/>\n<meta name=\"twitter:label1\" content=\"Prezzo\" \/>\n\t<meta name=\"twitter:data1\" content=\"&euro;345,00\" \/>\n\t<meta name=\"twitter:label2\" content=\"Disponibilit\u00e0\" \/>\n\t<meta name=\"twitter:data2\" content=\"Esaurito\" \/>\n<script type=\"application\/ld+json\" class=\"yoast-schema-graph\">{\"@context\":\"https:\/\/schema.org\",\"@graph\":[{\"@type\":\"WebPage\",\"@id\":\"https:\/\/phipower.org\/it\/prodotto\/uovo-della-tortura-uovo-compatto-di-energia-per-la-protezione-personale-e-la-vitalizzazione-kopie\/\",\"url\":\"https:\/\/phipower.org\/it\/prodotto\/uovo-della-tortura-uovo-compatto-di-energia-per-la-protezione-personale-e-la-vitalizzazione-kopie\/\",\"name\":\"Uovo energetico della Terra Blu grande - Aumenta la tua energia vitale | Phipower\",\"isPartOf\":{\"@id\":\"https:\/\/phipower.org\/it\/#website\"},\"primaryImageOfPage\":{\"@id\":\"https:\/\/phipower.org\/it\/prodotto\/uovo-della-tortura-uovo-compatto-di-energia-per-la-protezione-personale-e-la-vitalizzazione-kopie\/#primaryimage\"},\"image\":{\"@id\":\"https:\/\/phipower.org\/it\/prodotto\/uovo-della-tortura-uovo-compatto-di-energia-per-la-protezione-personale-e-la-vitalizzazione-kopie\/#primaryimage\"},\"thumbnailUrl\":\"https:\/\/phipower.org\/wp-content\/uploads\/2025\/03\/Blue-Earth-energie-ei-groot.jpg\",\"datePublished\":\"2025-04-18T14:13:48+00:00\",\"dateModified\":\"2026-04-16T14:17:56+00:00\",\"description\":\"Scopri l'Uovo di Energia della Terra Blu Grande. Aumenta la tua energia vitale, neutralizza le radiazioni e crea uno spazio armonioso. Fatto a mano e potente!\",\"breadcrumb\":{\"@id\":\"https:\/\/phipower.org\/it\/prodotto\/uovo-della-tortura-uovo-compatto-di-energia-per-la-protezione-personale-e-la-vitalizzazione-kopie\/#breadcrumb\"},\"inLanguage\":\"it-IT\",\"potentialAction\":[{\"@type\":\"ReadAction\",\"target\":[\"https:\/\/phipower.org\/it\/prodotto\/uovo-della-tortura-uovo-compatto-di-energia-per-la-protezione-personale-e-la-vitalizzazione-kopie\/\"]}]},{\"@type\":\"ImageObject\",\"inLanguage\":\"it-IT\",\"@id\":\"https:\/\/phipower.org\/it\/prodotto\/uovo-della-tortura-uovo-compatto-di-energia-per-la-protezione-personale-e-la-vitalizzazione-kopie\/#primaryimage\",\"url\":\"https:\/\/phipower.org\/wp-content\/uploads\/2025\/03\/Blue-Earth-energie-ei-groot.jpg\",\"contentUrl\":\"https:\/\/phipower.org\/wp-content\/uploads\/2025\/03\/Blue-Earth-energie-ei-groot.jpg\",\"width\":600,\"height\":600},{\"@type\":\"BreadcrumbList\",\"@id\":\"https:\/\/phipower.org\/it\/prodotto\/uovo-della-tortura-uovo-compatto-di-energia-per-la-protezione-personale-e-la-vitalizzazione-kopie\/#breadcrumb\",\"itemListElement\":[{\"@type\":\"ListItem\",\"position\":1,\"name\":\"Home\",\"item\":\"https:\/\/phipower.org\/it\/\"},{\"@type\":\"ListItem\",\"position\":2,\"name\":\"Shop\",\"item\":\"https:\/\/phipower.org\/shop\/\"},{\"@type\":\"ListItem\",\"position\":3,\"name\":\"Uovo di Energia Grande | Aumenta la tua energia vitale e proteggi il tuo spazio\"}]},{\"@type\":\"WebSite\",\"@id\":\"https:\/\/phipower.org\/it\/#website\",\"url\":\"https:\/\/phipower.org\/it\/\",\"name\":\"Phipower: innovatieve gezondheidsproducten\",\"description\":\"De kracht van een perfecte gezondheid\",\"publisher\":{\"@id\":\"https:\/\/phipower.org\/it\/#organization\"},\"potentialAction\":[{\"@type\":\"SearchAction\",\"target\":{\"@type\":\"EntryPoint\",\"urlTemplate\":\"https:\/\/phipower.org\/it\/?s={search_term_string}\"},\"query-input\":{\"@type\":\"PropertyValueSpecification\",\"valueRequired\":true,\"valueName\":\"search_term_string\"}}],\"inLanguage\":\"it-IT\"},{\"@type\":\"Organization\",\"@id\":\"https:\/\/phipower.org\/it\/#organization\",\"name\":\"Phipower\",\"url\":\"https:\/\/phipower.org\/it\/\",\"logo\":{\"@type\":\"ImageObject\",\"inLanguage\":\"it-IT\",\"@id\":\"https:\/\/phipower.org\/it\/#\/schema\/logo\/image\/\",\"url\":\"https:\/\/phipower.org\/wp-content\/uploads\/2019\/06\/z-logo-RGB-wit-power.png\",\"contentUrl\":\"https:\/\/phipower.org\/wp-content\/uploads\/2019\/06\/z-logo-RGB-wit-power.png\",\"width\":3273,\"height\":1389,\"caption\":\"Phipower\"},\"image\":{\"@id\":\"https:\/\/phipower.org\/it\/#\/schema\/logo\/image\/\"},\"sameAs\":[\"https:\/\/www.facebook.com\/phipowertools\/\",\"https:\/\/x.com\/phipower1\",\"https:\/\/www.tiktok.com\/@phipowerhealth\"]}]}<\/script>\n<meta property=\"product:price:amount\" content=\"345.00\" \/>\n<meta property=\"product:price:currency\" content=\"EUR\" \/>\n<meta property=\"og:availability\" content=\"out of stock\" \/>\n<meta property=\"product:availability\" content=\"out of stock\" \/>\n<meta property=\"product:retailer_item_id\" content=\"7806140071695\" \/>\n<meta property=\"product:condition\" content=\"new\" \/>\n<!-- \/ Yoast SEO Premium plugin. -->","yoast_head_json":{"title":"Uovo energetico della Terra Blu grande - Aumenta la tua energia vitale | Phipower","description":"Scopri l'Uovo di Energia della Terra Blu Grande. Aumenta la tua energia vitale, neutralizza le radiazioni e crea uno spazio armonioso. Fatto a mano e potente!","robots":{"index":"index","follow":"follow","max-snippet":"max-snippet:-1","max-image-preview":"max-image-preview:large","max-video-preview":"max-video-preview:-1"},"canonical":"https:\/\/phipower.org\/it\/prodotto\/uovo-della-tortura-uovo-compatto-di-energia-per-la-protezione-personale-e-la-vitalizzazione-kopie\/","og_locale":"it_IT","og_type":"article","og_title":"Uovo di Energia Grande | Aumenta la tua energia vitale e proteggi il tuo spazio","og_description":"Scopri l'Uovo di Energia della Terra Blu Grande. Aumenta la tua energia vitale, neutralizza le radiazioni e crea uno spazio armonioso. Fatto a mano e potente!","og_url":"https:\/\/phipower.org\/it\/prodotto\/uovo-della-tortura-uovo-compatto-di-energia-per-la-protezione-personale-e-la-vitalizzazione-kopie\/","og_site_name":"Phipower","article_publisher":"https:\/\/www.facebook.com\/phipowertools\/","article_modified_time":"2026-04-16T14:17:56+00:00","og_image":[{"width":750,"height":750,"url":"https:\/\/phipower.org\/wp-content\/uploads\/2018\/09\/photo-1-36-1.jpg","type":"image\/jpeg"}],"twitter_card":"summary_large_image","twitter_site":"@phipower1","twitter_misc":{"Prezzo":"&euro;345,00","Disponibilit\u00e0":"Esaurito"},"schema":{"@context":"https:\/\/schema.org","@graph":[{"@type":"WebPage","@id":"https:\/\/phipower.org\/it\/prodotto\/uovo-della-tortura-uovo-compatto-di-energia-per-la-protezione-personale-e-la-vitalizzazione-kopie\/","url":"https:\/\/phipower.org\/it\/prodotto\/uovo-della-tortura-uovo-compatto-di-energia-per-la-protezione-personale-e-la-vitalizzazione-kopie\/","name":"Uovo energetico della Terra Blu grande - Aumenta la tua energia vitale | Phipower","isPartOf":{"@id":"https:\/\/phipower.org\/it\/#website"},"primaryImageOfPage":{"@id":"https:\/\/phipower.org\/it\/prodotto\/uovo-della-tortura-uovo-compatto-di-energia-per-la-protezione-personale-e-la-vitalizzazione-kopie\/#primaryimage"},"image":{"@id":"https:\/\/phipower.org\/it\/prodotto\/uovo-della-tortura-uovo-compatto-di-energia-per-la-protezione-personale-e-la-vitalizzazione-kopie\/#primaryimage"},"thumbnailUrl":"https:\/\/phipower.org\/wp-content\/uploads\/2025\/03\/Blue-Earth-energie-ei-groot.jpg","datePublished":"2025-04-18T14:13:48+00:00","dateModified":"2026-04-16T14:17:56+00:00","description":"Scopri l'Uovo di Energia della Terra Blu Grande. Aumenta la tua energia vitale, neutralizza le radiazioni e crea uno spazio armonioso. Fatto a mano e potente!","breadcrumb":{"@id":"https:\/\/phipower.org\/it\/prodotto\/uovo-della-tortura-uovo-compatto-di-energia-per-la-protezione-personale-e-la-vitalizzazione-kopie\/#breadcrumb"},"inLanguage":"it-IT","potentialAction":[{"@type":"ReadAction","target":["https:\/\/phipower.org\/it\/prodotto\/uovo-della-tortura-uovo-compatto-di-energia-per-la-protezione-personale-e-la-vitalizzazione-kopie\/"]}]},{"@type":"ImageObject","inLanguage":"it-IT","@id":"https:\/\/phipower.org\/it\/prodotto\/uovo-della-tortura-uovo-compatto-di-energia-per-la-protezione-personale-e-la-vitalizzazione-kopie\/#primaryimage","url":"https:\/\/phipower.org\/wp-content\/uploads\/2025\/03\/Blue-Earth-energie-ei-groot.jpg","contentUrl":"https:\/\/phipower.org\/wp-content\/uploads\/2025\/03\/Blue-Earth-energie-ei-groot.jpg","width":600,"height":600},{"@type":"BreadcrumbList","@id":"https:\/\/phipower.org\/it\/prodotto\/uovo-della-tortura-uovo-compatto-di-energia-per-la-protezione-personale-e-la-vitalizzazione-kopie\/#breadcrumb","itemListElement":[{"@type":"ListItem","position":1,"name":"Home","item":"https:\/\/phipower.org\/it\/"},{"@type":"ListItem","position":2,"name":"Shop","item":"https:\/\/phipower.org\/shop\/"},{"@type":"ListItem","position":3,"name":"Uovo di Energia Grande | Aumenta la tua energia vitale e proteggi il tuo spazio"}]},{"@type":"WebSite","@id":"https:\/\/phipower.org\/it\/#website","url":"https:\/\/phipower.org\/it\/","name":"Phipower: innovatieve gezondheidsproducten","description":"De kracht van een perfecte gezondheid","publisher":{"@id":"https:\/\/phipower.org\/it\/#organization"},"potentialAction":[{"@type":"SearchAction","target":{"@type":"EntryPoint","urlTemplate":"https:\/\/phipower.org\/it\/?s={search_term_string}"},"query-input":{"@type":"PropertyValueSpecification","valueRequired":true,"valueName":"search_term_string"}}],"inLanguage":"it-IT"},{"@type":"Organization","@id":"https:\/\/phipower.org\/it\/#organization","name":"Phipower","url":"https:\/\/phipower.org\/it\/","logo":{"@type":"ImageObject","inLanguage":"it-IT","@id":"https:\/\/phipower.org\/it\/#\/schema\/logo\/image\/","url":"https:\/\/phipower.org\/wp-content\/uploads\/2019\/06\/z-logo-RGB-wit-power.png","contentUrl":"https:\/\/phipower.org\/wp-content\/uploads\/2019\/06\/z-logo-RGB-wit-power.png","width":3273,"height":1389,"caption":"Phipower"},"image":{"@id":"https:\/\/phipower.org\/it\/#\/schema\/logo\/image\/"},"sameAs":["https:\/\/www.facebook.com\/phipowertools\/","https:\/\/x.com\/phipower1","https:\/\/www.tiktok.com\/@phipowerhealth"]}]},"product_price_amount":"345.00","product_price_currency":"EUR","og_availability":"out of stock","product_availability":"out of stock","product_retailer_item_id":"7806140071695","product_condition":"new"},"_links":{"self":[{"href":"https:\/\/phipower.org\/it\/wp-json\/wp\/v2\/product\/6759","targetHints":{"allow":["GET"]}}],"collection":[{"href":"https:\/\/phipower.org\/it\/wp-json\/wp\/v2\/product"}],"about":[{"href":"https:\/\/phipower.org\/it\/wp-json\/wp\/v2\/types\/product"}],"replies":[{"embeddable":true,"href":"https:\/\/phipower.org\/it\/wp-json\/wp\/v2\/comments?post=6759"}],"wp:featuredmedia":[{"embeddable":true,"href":"https:\/\/phipower.org\/it\/wp-json\/wp\/v2\/media\/6766"}],"wp:attachment":[{"href":"https:\/\/phipower.org\/it\/wp-json\/wp\/v2\/media?parent=6759"}],"wp:term":[{"taxonomy":"product_brand","embeddable":true,"href":"https:\/\/phipower.org\/it\/wp-json\/wp\/v2\/product_brand?post=6759"},{"taxonomy":"product_cat","embeddable":true,"href":"https:\/\/phipower.org\/it\/wp-json\/wp\/v2\/product_cat?post=6759"},{"taxonomy":"product_tag","embeddable":true,"href":"https:\/\/phipower.org\/it\/wp-json\/wp\/v2\/product_tag?post=6759"}],"curies":[{"name":"wp","href":"https:\/\/api.w.org\/{rel}","templated":true}]}}