{"id":4429,"date":"2023-10-20T13:51:59","date_gmt":"2023-10-20T13:51:59","guid":{"rendered":"https:\/\/phipower.org\/?post_type=product&#038;p=4429"},"modified":"2026-04-21T12:33:31","modified_gmt":"2026-04-21T12:33:31","slug":"piramide-di-meditazione","status":"publish","type":"product","link":"https:\/\/phipower.org\/it\/prodotto\/piramide-di-meditazione\/","title":{"rendered":"Meditazione piramidale | Aumentare il benessere e l&#8217;energia | Phipower"},"content":{"rendered":"<div class=\"video video-fit mb\" style=\"padding-top:56.25%;\"><p><iframe title=\"Phipower meditation pyramid installation instruction\" width=\"1020\" height=\"574\" src=\"https:\/\/www.youtube.com\/embed\/Hmy-DXmY0-w?feature=oembed&#038;enablejsapi=1&#038;origin=https:\/\/phipower.org\" frameborder=\"0\" allow=\"accelerometer; autoplay; clipboard-write; encrypted-media; gyroscope; picture-in-picture; web-share\" referrerpolicy=\"strict-origin-when-cross-origin\" allowfullscreen><\/iframe><\/p>\n<\/div>\n<div class=\"video video-fit mb\" style=\"padding-top:56.25%;\"><p><iframe title=\"Meditation Pyramid Phipower\" width=\"1020\" height=\"574\" src=\"https:\/\/www.youtube.com\/embed\/jDYovFC892k?feature=oembed\" frameborder=\"0\" allow=\"accelerometer; autoplay; clipboard-write; encrypted-media; gyroscope; picture-in-picture; web-share\" referrerpolicy=\"strict-origin-when-cross-origin\" allowfullscreen><\/iframe><\/p>\n<\/div>\n<div class=\"video video-fit mb\" style=\"padding-top:56.25%;\"><p><iframe title=\"????Phipower Medium Pyramid for charging water, fruits and for pets????\" width=\"1020\" height=\"574\" src=\"https:\/\/www.youtube.com\/embed\/OZnXoE81lYY?feature=oembed\" frameborder=\"0\" allow=\"accelerometer; autoplay; clipboard-write; encrypted-media; gyroscope; picture-in-picture; web-share\" referrerpolicy=\"strict-origin-when-cross-origin\" allowfullscreen><\/iframe><\/p>\n<\/div>\n<h1>Piramide di meditazione | 140 cm di altezza | Per pi\u00f9 energia e benessere<\/h1>\n<p><strong>Promuove meditazioni pi\u00f9 profonde<\/strong><br \/>\n<strong>Rafforza il campo magnetico terrestre<\/strong><br \/>\n<strong>Effetti percepiti: rilassamento, equilibrio, calma, protezione e benessere.<\/strong><br \/>\n<strong>Altre sensazioni: leggero formicolio, calore, assenza di stimoli esterni e livelli di energia pi\u00f9 elevati.<\/strong><br \/>\n<strong>Progettato secondo le dimensioni di Cheope (effetto di risonanza).<\/strong><br \/>\n<strong>completo di tubi, connettori e strumenti di installazione<\/strong><br \/>\n<strong>Facile da montare<\/strong><br \/>\n<strong>compresa la piramide superiore compatta<\/strong><br \/>\n<strong>Versione leggera (portatile)<\/strong><br \/>\n<strong>\u2714 pu\u00f2 essere assemblato in 2 dimensioni: medio (77 cm di altezza, superficie del pavimento 121 x 121 cm) e grande (140 cm di altezza, superficie del pavimento 220 x 220 cm)<\/strong><br \/>\n<strong>Sfera orgonica con cristalli di ametista in dotazione<\/strong><br \/>\n<strong>Completamente fatto a mano<\/strong><br \/>\n<strong>Materiale della base: alluminio con connettori in ottone<\/strong><br \/>\n<strong>\u2714 Resistente agli agenti atmosferici: non si scolorisce all&#8217;aria aperta come nel caso del rame.<\/strong><br \/>\n<strong>Scatola di spedizione compatta<\/strong><br \/>\n<strong>Spedizione in tutto il mondo possibile<\/strong><\/p>\n<h2>Descrizione:<\/h2>\n<p>Le piramidi emanano un potere armonizzante e ordinatore. La forma piramidale favorisce la meditazione concentrando questa energia armoniosa.<\/p>\n<p>Piramide significa letteralmente &#8220;fuoco&#8221; nel &#8220;mezzo&#8221;, il che significa che l&#8217;energia al centro della piramide \u00e8 la pi\u00f9 forte.<\/p>\n<p>Poich\u00e9 la forma della piramide \u00e8 coerente con la Grande Piramide di Cheope, i numeri magici pi, phi e la velocit\u00e0 della luce convergono all&#8217;interno della piramide di meditazione.<\/p>\n<p>Per ottenere prestazioni ottimali, \u00e8 importante allineare la piramide in modo che il lato della piramide sia in linea con il nord magnetico.<\/p>\n<p>Quando si medita sotto la piramide, si provano le seguenti sensazioni: protezione, calore, pace e rilassamento, leggero formicolio, assenza di stimoli esterni, meditazioni pi\u00f9 profonde, livelli energetici pi\u00f9 elevati. Per ulteriori informazioni, consultare questo <a href=\"https:\/\/www.wanttoknow.nl\/hoofdartikelen\/mysterieuze-krachten-van-piramide-structuren\/\">articolo<\/a>.<\/p>\n<p>In termini di forma, la piramide di meditazione \u00e8 una replica esatta della Grande Piramide di Giza, con un&#8217;inclinazione di 51,83\u00b0.<\/p>\n<p>La <a href=\"https:\/\/phipower.org\/it\/prodotto\/ametista-orgone-riempito-sfera-fipower\/\">sfera di orgonite inclusa<\/a>, da fissare nella parte superiore, \u00e8 composta da materiale organico, resina, polvere metallica, una spirale di rame e pietre semipreziose di ametista per un ulteriore effetto armonizzante.<\/p>\n<p>Grazie alla simbiosi tra risonanza energetica e connessione cosmica, questa sfera di <a href=\"https:\/\/phipower.org\/it\/prodotto\/ametista-orgone-riempito-sfera-fipower\/\">orgonite<\/a> potenzia il potere curativo della piramide.<\/p>\n<p>La piramide \u00e8 portatile e pu\u00f2 essere collocata all&#8217;interno o all&#8217;esterno per il relax e la meditazione.<\/p>\n<p>Realizzata in materiali leggeri che non arrugginiscono, la piramide si inserisce armoniosamente in qualsiasi spazio.<\/p>\n<h2>Dimensioni e costruzione<\/h2>\n<p>La piramide di meditazione Phipower si estende su una superficie di 220 cm x 220 cm e un&#8217;altezza di 140 cm.<\/p>\n<p>Il kit pu\u00f2 anche essere trasformato in una piramide pi\u00f9 piccola, con una superficie di 121 x 121 cm e un&#8217;altezza di 77 cm.<\/p>\n<p>L&#8217;assemblaggio \u00e8 un rituale a s\u00e9 stante, una danza di collegamento di tubi e connettori.<\/p>\n<p>Il <a href=\"https:\/\/drive.google.com\/file\/d\/1YpC2HFKyWBXUvzjVJUbfqLCL-ZvlfqI4\/view?usp=sharing\">manuale<\/a> guida l&#8217;utente in questo processo di creazione e connessione.<\/p>\n<h2>Posizione, energia e impatto<\/h2>\n<p>Per un&#8217;efficacia ottimale, puntare la piramide di meditazione con attenzione verso il nord magnetico.<\/p>\n<p>\u00c8 qui che inizia l&#8217;interazione tra forma ed energia.<\/p>\n<p>Al di sotto della piramide di meditazione, si dispiega un ventaglio di sensazioni: protezione, calore, tranquillit\u00e0, formicolio.<\/p>\n<p>Un&#8217;oasi di silenzio in cui gli stimoli esterni svaniscono e la meditazione si fa pi\u00f9 profonda, ancorata a livelli energetici pi\u00f9 elevati.<\/p>\n<p>Perdetevi nell&#8217;abbraccio protettivo, sentite l&#8217;energia sottile che permea la calma e il rilassamento che si manifestano come dolci onde.<\/p>\n<h2>Il pacchetto \u00e8 composto da:<\/h2>\n<ul>\n<li>8 x tubi di collegamento di base (lunghi)<\/li>\n<li>8 x tubi di collegamento obliqui\/diagonali (pi\u00f9 corti)<\/li>\n<li>4 x connettori di base (pezzi angolari)<\/li>\n<li>1 connettore superiore<\/li>\n<li>1 x sfera orgonica con gemme di ametista<\/li>\n<li>24 connettori per tubi<\/li>\n<li>2 chiavi per l&#8217;installazione<\/li>\n<li>1 manuale<\/li>\n<\/ul>\n<h2>Specifiche:<\/h2>\n<ul>\n<li>Superficie della piramide di meditazione: 220 cm x 220 cm, altezza: 140 cm.<\/li>\n<li>Superficie della piramide piccola: 121 cm x 121 cm, altezza: 77 cm.<\/li>\n<li>Dimensioni della scatola di spedizione: 135 x 22 x 15 cm (l x l x h), peso: 10 kg.<\/li>\n<\/ul>\n<p><span style=\"font-size: 23.04px; color: #333333;\">Istruzioni per il montaggio della piramide di meditazione grande:<\/span><\/p>\n<ol>\n<li>posare a terra gli 8 tubi di collegamento pi\u00f9 lunghi per formare una superficie quadrata (nota: utilizzare solo i tubi di collegamento pi\u00f9 lunghi)<\/li>\n<li>collegare saldamente tra loro gli 8 tubi di collegamento pi\u00f9 lunghi tramite i connettori per tubi utilizzando le 2 chiavi.<\/li>\n<li>Ne risultano 4 tubi di collegamento di base<\/li>\n<li>collegare i 4 tubi di collegamento di base ai 4 pezzi d&#8217;angolo tramite i connettori per tubi utilizzando le 2 chiavi.<\/li>\n<li>Collegare 2 tubi corti ciascuno tramite i connettori per tubi utilizzando le 2 chiavi.<\/li>\n<li>Si creano cos\u00ec 4 tubi di collegamento diagonali<\/li>\n<li>collegare i 4 tubi di collegamento diagonali al connettore superiore tramite i connettori dei tubi, utilizzando le 2 chiavi<\/li>\n<li>appoggiare la piramide sagomata a terra e fissarla con i 4 connettori della base tramite i connettori del tubo, utilizzando le 2 chiavi<\/li>\n<li>fissare la sfera di orgone alla base del gancio superiore<\/li>\n<li>posizionare il coperchio superiore in cima alla piramide<\/li>\n<\/ol>\n<h2>Manuale<\/h2>\n<p>Scaricate <a href=\"https:\/\/drive.google.com\/file\/d\/1YpC2HFKyWBXUvzjVJUbfqLCL-ZvlfqI4\/view?usp=sharing\">il manuale qui<\/a>.<\/p>\n<h2>Fatto a mano<\/h2>\n<p>La piramide di meditazione \u00e8 realizzata a mano, pertanto sono possibili piccole variazioni di dimensioni. Di conseguenza, i tubi di collegamento potrebbero non scorrere facilmente nei connettori. In questo caso, si consiglia di premere i tubi nei connettori il pi\u00f9 profondamente possibile con un movimento rotatorio. La piramide \u00e8 progettata in modo che tutti i tubi di collegamento possano adattarsi perfettamente agli angoli e alla parte superiore.<\/p>\n","protected":false},"excerpt":{"rendered":"<p><strong>Piramide di meditazione completa alta 140 cm<\/strong><br \/>\n<strong>Promuove meditazioni pi\u00f9 profonde<\/strong><br \/>\n<strong>Rafforza il campo magnetico terrestre<\/strong><br \/>\n<strong>Effetti percepiti: rilassamento, equilibrio, calma, protezione e benessere.<\/strong><br \/>\n<strong>Altre sensazioni: leggero formicolio, calore, assenza di stimoli esterni e livelli di energia pi\u00f9 elevati.<\/strong><br \/>\n<strong>Progettato secondo le dimensioni di Cheope (effetto di risonanza).<\/strong><br \/>\n<strong>completo di tubi, connettori e strumenti di installazione<\/strong><br \/>\n<strong>\u2714 pu\u00f2 essere assemblato in 2 dimensioni: medio (77 cm di altezza, superficie del pavimento 121 x 121 cm) e grande (140 cm di altezza, superficie del pavimento 220 x 220 cm)<\/strong><br \/>\n<strong>Facile da montare<\/strong><br \/>\n<strong>Compresa la piramide superiore compatta e la sfera orgonica.<\/strong><\/p>\n","protected":false},"featured_media":5744,"comment_status":"open","ping_status":"closed","template":"","meta":[],"product_brand":[],"product_cat":[982,1037,978],"product_tag":[],"class_list":{"0":"post-4429","1":"product","2":"type-product","3":"status-publish","4":"has-post-thumbnail","6":"product_cat-frequenze","7":"product_cat-piramide-di-meditazione","8":"product_cat-prodotti","9":"product_shipping_class-10-20-kg","11":"first","12":"instock","13":"taxable","14":"shipping-taxable","15":"purchasable","16":"product-type-simple"},"yoast_head":"<!-- This site is optimized with the Yoast SEO Premium plugin v23.6 (Yoast SEO v27.2) - https:\/\/yoast.com\/product\/yoast-seo-premium-wordpress\/ -->\n<title>Meditazione piramidale | Aumentare il benessere e l&#039;energia | Phipower - Phipower<\/title>\n<meta name=\"description\" content=\"\u2714 piramide di meditazione completa \u2714 promuove meditazioni pi\u00f9 profonde \u2714 rafforza il campo magnetico terrestre \u2714 genera rilassamento, equilibrio, tranquillit\u00e0 e benessere\" \/>\n<meta name=\"robots\" content=\"index, follow, max-snippet:-1, max-image-preview:large, max-video-preview:-1\" \/>\n<link rel=\"canonical\" href=\"https:\/\/phipower.org\/it\/prodotto\/piramide-di-meditazione\/\" \/>\n<meta property=\"og:locale\" content=\"it_IT\" \/>\n<meta property=\"og:type\" content=\"article\" \/>\n<meta property=\"og:title\" content=\"Meditazione piramidale | Aumentare il benessere e l&#039;energia | Phipower\" \/>\n<meta property=\"og:description\" content=\"\u2714 piramide di meditazione completa \u2714 promuove meditazioni pi\u00f9 profonde \u2714 rafforza il campo magnetico terrestre \u2714 genera rilassamento, equilibrio, tranquillit\u00e0 e benessere\" \/>\n<meta property=\"og:url\" content=\"https:\/\/phipower.org\/it\/prodotto\/piramide-di-meditazione\/\" \/>\n<meta property=\"og:site_name\" content=\"Phipower\" \/>\n<meta property=\"article:publisher\" content=\"https:\/\/www.facebook.com\/phipowertools\/\" \/>\n<meta property=\"article:modified_time\" content=\"2026-04-21T12:33:31+00:00\" \/>\n<meta property=\"og:image\" content=\"https:\/\/phipower.org\/wp-content\/uploads\/2018\/09\/photo-1-36-1.jpg\" \/>\n\t<meta property=\"og:image:width\" content=\"750\" \/>\n\t<meta property=\"og:image:height\" content=\"750\" \/>\n\t<meta property=\"og:image:type\" content=\"image\/jpeg\" \/>\n<meta name=\"twitter:card\" content=\"summary_large_image\" \/>\n<meta name=\"twitter:site\" content=\"@phipower1\" \/>\n<meta name=\"twitter:label1\" content=\"Prezzo\" \/>\n\t<meta name=\"twitter:data1\" content=\"&euro;299,00\" \/>\n\t<meta name=\"twitter:label2\" content=\"Disponibilit\u00e0\" \/>\n\t<meta name=\"twitter:data2\" content=\"In stock\" \/>\n<script type=\"application\/ld+json\" class=\"yoast-schema-graph\">{\"@context\":\"https:\/\/schema.org\",\"@graph\":[{\"@type\":\"WebPage\",\"@id\":\"https:\/\/phipower.org\/it\/prodotto\/piramide-di-meditazione\/\",\"url\":\"https:\/\/phipower.org\/it\/prodotto\/piramide-di-meditazione\/\",\"name\":\"Meditazione piramidale | Aumentare il benessere e l'energia | Phipower - Phipower\",\"isPartOf\":{\"@id\":\"https:\/\/phipower.org\/it\/#website\"},\"primaryImageOfPage\":{\"@id\":\"https:\/\/phipower.org\/it\/prodotto\/piramide-di-meditazione\/#primaryimage\"},\"image\":{\"@id\":\"https:\/\/phipower.org\/it\/prodotto\/piramide-di-meditazione\/#primaryimage\"},\"thumbnailUrl\":\"https:\/\/phipower.org\/wp-content\/uploads\/2023\/10\/tijn-touber-onder-meditatie-piramide-phipower-2.jpg\",\"datePublished\":\"2023-10-20T13:51:59+00:00\",\"dateModified\":\"2026-04-21T12:33:31+00:00\",\"description\":\"\u2714 piramide di meditazione completa \u2714 promuove meditazioni pi\u00f9 profonde \u2714 rafforza il campo magnetico terrestre \u2714 genera rilassamento, equilibrio, tranquillit\u00e0 e benessere\",\"breadcrumb\":{\"@id\":\"https:\/\/phipower.org\/it\/prodotto\/piramide-di-meditazione\/#breadcrumb\"},\"inLanguage\":\"it-IT\",\"potentialAction\":[{\"@type\":\"ReadAction\",\"target\":[\"https:\/\/phipower.org\/it\/prodotto\/piramide-di-meditazione\/\"]}]},{\"@type\":\"ImageObject\",\"inLanguage\":\"it-IT\",\"@id\":\"https:\/\/phipower.org\/it\/prodotto\/piramide-di-meditazione\/#primaryimage\",\"url\":\"https:\/\/phipower.org\/wp-content\/uploads\/2023\/10\/tijn-touber-onder-meditatie-piramide-phipower-2.jpg\",\"contentUrl\":\"https:\/\/phipower.org\/wp-content\/uploads\/2023\/10\/tijn-touber-onder-meditatie-piramide-phipower-2.jpg\",\"width\":1200,\"height\":1600},{\"@type\":\"BreadcrumbList\",\"@id\":\"https:\/\/phipower.org\/it\/prodotto\/piramide-di-meditazione\/#breadcrumb\",\"itemListElement\":[{\"@type\":\"ListItem\",\"position\":1,\"name\":\"Home\",\"item\":\"https:\/\/phipower.org\/it\/\"},{\"@type\":\"ListItem\",\"position\":2,\"name\":\"Negozio\",\"item\":\"https:\/\/phipower.org\/it\/negozio\/\"},{\"@type\":\"ListItem\",\"position\":3,\"name\":\"Meditazione piramidale | Aumentare il benessere e l&#8217;energia | Phipower\"}]},{\"@type\":\"WebSite\",\"@id\":\"https:\/\/phipower.org\/it\/#website\",\"url\":\"https:\/\/phipower.org\/it\/\",\"name\":\"Phipower: innovatieve gezondheidsproducten\",\"description\":\"De kracht van een perfecte gezondheid\",\"publisher\":{\"@id\":\"https:\/\/phipower.org\/it\/#organization\"},\"potentialAction\":[{\"@type\":\"SearchAction\",\"target\":{\"@type\":\"EntryPoint\",\"urlTemplate\":\"https:\/\/phipower.org\/it\/?s={search_term_string}\"},\"query-input\":{\"@type\":\"PropertyValueSpecification\",\"valueRequired\":true,\"valueName\":\"search_term_string\"}}],\"inLanguage\":\"it-IT\"},{\"@type\":\"Organization\",\"@id\":\"https:\/\/phipower.org\/it\/#organization\",\"name\":\"Phipower\",\"url\":\"https:\/\/phipower.org\/it\/\",\"logo\":{\"@type\":\"ImageObject\",\"inLanguage\":\"it-IT\",\"@id\":\"https:\/\/phipower.org\/it\/#\/schema\/logo\/image\/\",\"url\":\"https:\/\/phipower.org\/wp-content\/uploads\/2019\/06\/z-logo-RGB-wit-power.png\",\"contentUrl\":\"https:\/\/phipower.org\/wp-content\/uploads\/2019\/06\/z-logo-RGB-wit-power.png\",\"width\":3273,\"height\":1389,\"caption\":\"Phipower\"},\"image\":{\"@id\":\"https:\/\/phipower.org\/it\/#\/schema\/logo\/image\/\"},\"sameAs\":[\"https:\/\/www.facebook.com\/phipowertools\/\",\"https:\/\/x.com\/phipower1\",\"https:\/\/www.tiktok.com\/@phipowerhealth\"]}]}<\/script>\n<meta property=\"product:price:amount\" content=\"299.00\" \/>\n<meta property=\"product:price:currency\" content=\"EUR\" \/>\n<meta property=\"og:availability\" content=\"instock\" \/>\n<meta property=\"product:availability\" content=\"instock\" \/>\n<meta property=\"product:retailer_item_id\" content=\"7806140071381\" \/>\n<meta property=\"product:condition\" content=\"new\" \/>\n<!-- \/ Yoast SEO Premium plugin. -->","yoast_head_json":{"title":"Meditazione piramidale | Aumentare il benessere e l'energia | Phipower - Phipower","description":"\u2714 piramide di meditazione completa \u2714 promuove meditazioni pi\u00f9 profonde \u2714 rafforza il campo magnetico terrestre \u2714 genera rilassamento, equilibrio, tranquillit\u00e0 e benessere","robots":{"index":"index","follow":"follow","max-snippet":"max-snippet:-1","max-image-preview":"max-image-preview:large","max-video-preview":"max-video-preview:-1"},"canonical":"https:\/\/phipower.org\/it\/prodotto\/piramide-di-meditazione\/","og_locale":"it_IT","og_type":"article","og_title":"Meditazione piramidale | Aumentare il benessere e l'energia | Phipower","og_description":"\u2714 piramide di meditazione completa \u2714 promuove meditazioni pi\u00f9 profonde \u2714 rafforza il campo magnetico terrestre \u2714 genera rilassamento, equilibrio, tranquillit\u00e0 e benessere","og_url":"https:\/\/phipower.org\/it\/prodotto\/piramide-di-meditazione\/","og_site_name":"Phipower","article_publisher":"https:\/\/www.facebook.com\/phipowertools\/","article_modified_time":"2026-04-21T12:33:31+00:00","og_image":[{"width":750,"height":750,"url":"https:\/\/phipower.org\/wp-content\/uploads\/2018\/09\/photo-1-36-1.jpg","type":"image\/jpeg"}],"twitter_card":"summary_large_image","twitter_site":"@phipower1","twitter_misc":{"Prezzo":"&euro;299,00","Disponibilit\u00e0":"In stock"},"schema":{"@context":"https:\/\/schema.org","@graph":[{"@type":"WebPage","@id":"https:\/\/phipower.org\/it\/prodotto\/piramide-di-meditazione\/","url":"https:\/\/phipower.org\/it\/prodotto\/piramide-di-meditazione\/","name":"Meditazione piramidale | Aumentare il benessere e l'energia | Phipower - Phipower","isPartOf":{"@id":"https:\/\/phipower.org\/it\/#website"},"primaryImageOfPage":{"@id":"https:\/\/phipower.org\/it\/prodotto\/piramide-di-meditazione\/#primaryimage"},"image":{"@id":"https:\/\/phipower.org\/it\/prodotto\/piramide-di-meditazione\/#primaryimage"},"thumbnailUrl":"https:\/\/phipower.org\/wp-content\/uploads\/2023\/10\/tijn-touber-onder-meditatie-piramide-phipower-2.jpg","datePublished":"2023-10-20T13:51:59+00:00","dateModified":"2026-04-21T12:33:31+00:00","description":"\u2714 piramide di meditazione completa \u2714 promuove meditazioni pi\u00f9 profonde \u2714 rafforza il campo magnetico terrestre \u2714 genera rilassamento, equilibrio, tranquillit\u00e0 e benessere","breadcrumb":{"@id":"https:\/\/phipower.org\/it\/prodotto\/piramide-di-meditazione\/#breadcrumb"},"inLanguage":"it-IT","potentialAction":[{"@type":"ReadAction","target":["https:\/\/phipower.org\/it\/prodotto\/piramide-di-meditazione\/"]}]},{"@type":"ImageObject","inLanguage":"it-IT","@id":"https:\/\/phipower.org\/it\/prodotto\/piramide-di-meditazione\/#primaryimage","url":"https:\/\/phipower.org\/wp-content\/uploads\/2023\/10\/tijn-touber-onder-meditatie-piramide-phipower-2.jpg","contentUrl":"https:\/\/phipower.org\/wp-content\/uploads\/2023\/10\/tijn-touber-onder-meditatie-piramide-phipower-2.jpg","width":1200,"height":1600},{"@type":"BreadcrumbList","@id":"https:\/\/phipower.org\/it\/prodotto\/piramide-di-meditazione\/#breadcrumb","itemListElement":[{"@type":"ListItem","position":1,"name":"Home","item":"https:\/\/phipower.org\/it\/"},{"@type":"ListItem","position":2,"name":"Negozio","item":"https:\/\/phipower.org\/it\/negozio\/"},{"@type":"ListItem","position":3,"name":"Meditazione piramidale | Aumentare il benessere e l&#8217;energia | Phipower"}]},{"@type":"WebSite","@id":"https:\/\/phipower.org\/it\/#website","url":"https:\/\/phipower.org\/it\/","name":"Phipower: innovatieve gezondheidsproducten","description":"De kracht van een perfecte gezondheid","publisher":{"@id":"https:\/\/phipower.org\/it\/#organization"},"potentialAction":[{"@type":"SearchAction","target":{"@type":"EntryPoint","urlTemplate":"https:\/\/phipower.org\/it\/?s={search_term_string}"},"query-input":{"@type":"PropertyValueSpecification","valueRequired":true,"valueName":"search_term_string"}}],"inLanguage":"it-IT"},{"@type":"Organization","@id":"https:\/\/phipower.org\/it\/#organization","name":"Phipower","url":"https:\/\/phipower.org\/it\/","logo":{"@type":"ImageObject","inLanguage":"it-IT","@id":"https:\/\/phipower.org\/it\/#\/schema\/logo\/image\/","url":"https:\/\/phipower.org\/wp-content\/uploads\/2019\/06\/z-logo-RGB-wit-power.png","contentUrl":"https:\/\/phipower.org\/wp-content\/uploads\/2019\/06\/z-logo-RGB-wit-power.png","width":3273,"height":1389,"caption":"Phipower"},"image":{"@id":"https:\/\/phipower.org\/it\/#\/schema\/logo\/image\/"},"sameAs":["https:\/\/www.facebook.com\/phipowertools\/","https:\/\/x.com\/phipower1","https:\/\/www.tiktok.com\/@phipowerhealth"]}]},"product_price_amount":"299.00","product_price_currency":"EUR","og_availability":"instock","product_availability":"instock","product_retailer_item_id":"7806140071381","product_condition":"new"},"_links":{"self":[{"href":"https:\/\/phipower.org\/it\/wp-json\/wp\/v2\/product\/4429","targetHints":{"allow":["GET"]}}],"collection":[{"href":"https:\/\/phipower.org\/it\/wp-json\/wp\/v2\/product"}],"about":[{"href":"https:\/\/phipower.org\/it\/wp-json\/wp\/v2\/types\/product"}],"replies":[{"embeddable":true,"href":"https:\/\/phipower.org\/it\/wp-json\/wp\/v2\/comments?post=4429"}],"wp:featuredmedia":[{"embeddable":true,"href":"https:\/\/phipower.org\/it\/wp-json\/wp\/v2\/media\/5744"}],"wp:attachment":[{"href":"https:\/\/phipower.org\/it\/wp-json\/wp\/v2\/media?parent=4429"}],"wp:term":[{"taxonomy":"product_brand","embeddable":true,"href":"https:\/\/phipower.org\/it\/wp-json\/wp\/v2\/product_brand?post=4429"},{"taxonomy":"product_cat","embeddable":true,"href":"https:\/\/phipower.org\/it\/wp-json\/wp\/v2\/product_cat?post=4429"},{"taxonomy":"product_tag","embeddable":true,"href":"https:\/\/phipower.org\/it\/wp-json\/wp\/v2\/product_tag?post=4429"}],"curies":[{"name":"wp","href":"https:\/\/api.w.org\/{rel}","templated":true}]}}