{"id":3929,"date":"2022-11-06T21:46:50","date_gmt":"2022-11-06T21:46:50","guid":{"rendered":"https:\/\/phipower.org\/product\/supporto-regolabile-per-lampada-per-terapia-a-luce-rossa-da-1500w-rosso-intenso-nir-phipower\/"},"modified":"2026-04-16T14:20:08","modified_gmt":"2026-04-16T14:20:08","slug":"stativo-regolabile-per-lampada-terapeutica-a-luce-rossa-a-corpo-intero-da-1500w-profonda-rossa-nir-di-potenza","status":"publish","type":"product","link":"https:\/\/phipower.org\/it\/product\/stativo-regolabile-per-lampada-terapeutica-a-luce-rossa-a-corpo-intero-da-1500w-profonda-rossa-nir-di-potenza\/","title":{"rendered":"Supporto regolabile per lampada per terapia a luce rossa da 1500W | Rosso intenso\/NIR | Phipower"},"content":{"rendered":"<h1>Stativo regolabile per lampada per terapia della luce rossa da 1500W | Phipower<\/h1>\n<p><strong>per il montaggio orizzontale e verticale della lampada da 1500W<\/strong><br \/>\n<strong>Altezza regolabile (103 &#8211; 148 cm)<\/strong><br \/>\n<strong>liberamente ruotabile<\/strong><br \/>\n<strong>Cellulare<\/strong><br \/>\n<strong>Collegare fino a 4 lampade (trattamento completo del corpo)<\/strong><br \/>\n<strong>Per uso domestico o per terapisti<\/strong><br \/>\n<strong>Caricabile fino a 50 kg<\/strong><\/p>\n<p><strong>Nota: la lampadina rossa da 1500W non \u00e8 inclusa e pu\u00f2 essere ordinata separatamente!<\/strong><\/p>\n<p><strong>Descrizione:<\/strong><br \/>\nSi tratta di un supporto universale per <a href=\"https:\/\/phipower.org\/1-500w-full-body-rood-licht-therapie-lamp-diep-rood-nir-phipower\/\">la lampada per terapia a luce rossa da 1500 W di Phipower (da ordinare separatamente)<\/a>.<\/p>\n<p>Sullo stativo \u00e8 possibile fissare 1, 2 o 4 <a href=\"https:\/\/phipower.org\/1-500w-full-body-rood-licht-therapie-lamp-diep-rood-nir-phipower\/\">lampade per terapia a luce rossa<\/a>.<\/p>\n<p>In questo modo, le lampade possono essere posizionate sia in orizzontale che in verticale e sono anche liberamente ruotabili.<\/p>\n<p>Essendo mobile, lo stativo pu\u00f2 essere utilizzato in modo flessibile a casa o dai terapisti.<\/p>\n<p>Per la <a href=\"https:\/\/phipower.org\/1-500w-full-body-rood-licht-therapie-lamp-diep-rood-nir-phipower\/\">lampada a luce rossa<\/a> Phipower \u00e8 stato scelto uno specifico spettro benefico di luce nel vicino infrarosso (NIR) (850 nm) e di luce rossa profonda (660 nm).<\/p>\n<p>La ricerca ha dimostrato che la combinazione di queste frequenze di luce rossa \u00e8 particolarmente benefica per il corpo umano.<\/p>\n<p>Le frequenze combinate hanno un effetto benefico sull&#8217;equilibrio energetico delle nostre cellule, con numerosi benefici clinicamente provati per la pelle, l&#8217;equilibrio energetico e il metabolismo.<\/p>\n<p>La combinazione di luce rossa e NIR stimola i mitocondri cellulari e riduce lo stress ossidativo, facendoci sentire pi\u00f9 energici, pi\u00f9 forti e recuperando pi\u00f9 velocemente.<\/p>\n<p>In pratica, 1 lampada pu\u00f2 gi\u00e0 essere utilizzata per un buon trattamento del corpo. Per una copertura completa e un trattamento pi\u00f9 intensivo, si consiglia di estendere il trattamento a 2 lampade.<\/p>\n<p>L&#8217;intensit\u00e0 massima si ottiene con 4 lampade. Si noti che il tempo di trattamento si riduce a circa 5 minuti alla volta.<\/p>\n<p><strong>Utilizzo:<\/strong><\/p>\n<p>Grazie allo stativo, tra l&#8217;altro, la lampada pu\u00f2 essere appesa in posizione orizzontale (la lampada brilla dall&#8217;alto verso il basso).<\/p>\n<p>Il supporto pu\u00f2 essere fatto scorrere sotto il letto, il divano o il tavolo di trattamento.<\/p>\n<p>Ci\u00f2 consente di eseguire il trattamento in posizione distesa.<\/p>\n<p>Il supporto \u00e8 regolabile in altezza (103 &#8211; 148 cm)<\/p>\n<p>Posizionare la parte del corpo o la superficie cutanea da trattare davanti alla lampada a una distanza compresa tra 15 e 90 cm (a seconda dell&#8217;intensit\u00e0 desiderata).<\/p>\n<p>Iniziare con una distanza leggermente maggiore e un tempo leggermente inferiore (circa 5 minuti) per sperimentare l&#8217;effetto.<\/p>\n<p>Utilizzare sempre una protezione per gli occhi per proteggere gli occhi dall&#8217;intensa luce rossa.<\/p>\n<p>Fare clic su RED e NIR per impostare la luminosit\u00e0 desiderata (valore predefinito = 100%).<\/p>\n<p>Fare clic sul menu per impostare il tempo di trattamento, l&#8217;impulso NIR (se richiesto) e il gruppo (nel caso di pi\u00f9 unit\u00e0 collegate).<\/p>\n<p>A met\u00e0 della sessione, si sente un segnale acustico che indica che la sessione \u00e8 a met\u00e0 strada e che la persona pu\u00f2 voltarsi, se necessario.<\/p>\n<p>Aumentare lentamente la durata e l&#8217;intensit\u00e0 del trattamento (all&#8217;inizio non pi\u00f9 di 10 minuti alla volta).<\/p>\n<p>Allo scadere del tempo di trattamento, la lampada si spegne automaticamente.<\/p>\n<p>Ripetere il trattamento una volta al giorno fino al raggiungimento dei risultati desiderati.<\/p>\n<p>Consultare il medico per le controindicazioni fisiologiche all&#8217;uso.<\/p>\n<p><strong>Il pacchetto \u00e8 composto da:<\/strong><\/p>\n<p><img decoding=\"async\" class=\"alignnone size-medium wp-image-1927\" src=\"https:\/\/phipower.org\/wp-content\/uploads\/2022\/11\/Verstelbare-standaard-voor-1500W-Full-Body-Rood-Licht-Therapie-Lamp-Diep-RoodNIR-Phipower-verrijdbaar-onderdelen-563x400.jpg\" alt=\"\" width=\"563\" height=\"400\" srcset=\"https:\/\/phipower.org\/wp-content\/uploads\/2022\/11\/Verstelbare-standaard-voor-1500W-Full-Body-Rood-Licht-Therapie-Lamp-Diep-RoodNIR-Phipower-verrijdbaar-onderdelen-563x400.jpg 563w, https:\/\/phipower.org\/wp-content\/uploads\/2022\/11\/Verstelbare-standaard-voor-1500W-Full-Body-Rood-Licht-Therapie-Lamp-Diep-RoodNIR-Phipower-verrijdbaar-onderdelen-1127x800.jpg 1127w, https:\/\/phipower.org\/wp-content\/uploads\/2022\/11\/Verstelbare-standaard-voor-1500W-Full-Body-Rood-Licht-Therapie-Lamp-Diep-RoodNIR-Phipower-verrijdbaar-onderdelen-768x545.jpg 768w, https:\/\/phipower.org\/wp-content\/uploads\/2022\/11\/Verstelbare-standaard-voor-1500W-Full-Body-Rood-Licht-Therapie-Lamp-Diep-RoodNIR-Phipower-verrijdbaar-onderdelen-600x426.jpg 600w, https:\/\/phipower.org\/wp-content\/uploads\/2022\/11\/Verstelbare-standaard-voor-1500W-Full-Body-Rood-Licht-Therapie-Lamp-Diep-RoodNIR-Phipower-verrijdbaar-onderdelen.jpg 1186w\" sizes=\"(max-width: 563px) 100vw, 563px\" \/><\/p>\n<p><strong>Specifiche dello stand<\/strong><\/p>\n<ul>\n<li>dimensioni del supporto: 68 x 72 x 148 cm<\/li>\n<li>dimensioni scatola: 110 x 50 x 8 cm<\/li>\n<li>peso del supporto: 10 kg<\/li>\n<li>peso lordo della confezione: 11,8 kg<\/li>\n<\/ul>\n<p><strong>Garanzia:<\/strong><br \/>\n1 anno di garanzia<\/p>\n<p><strong>Manuale:<\/strong><\/p>\n<p>Il manuale \u00e8 <a href=\"https:\/\/drive.google.com\/file\/d\/19hHgp5uRaTN-_LuE0_AakyYj8xZawEhi\/view?usp=share_link\"><br \/>\n  <em>\u00e8 disponibile qui.<\/em><br \/>\n<\/a><\/p>\n<p><strong>Studi di riferimento:<\/strong><\/p>\n<p><a href=\"https:\/\/www.ncbi.nlm.nih.gov\/pmc\/articles\/PMC5523874\/\">https:\/\/www.ncbi.nlm.nih.gov\/pmc\/articles\/PMC5523874\/<\/a><\/p>\n<p><a href=\"https:\/\/www.ncbi.nlm.nih.gov\/pmc\/articles\/PMC4846838\/\">https:\/\/www.ncbi.nlm.nih.gov\/pmc\/articles\/PMC4846838\/<\/a><\/p>\n<p><a href=\"https:\/\/www.ncbi.nlm.nih.gov\/pubmed\/28265160\">https:\/\/www.ncbi.nlm.nih.gov\/pubmed\/28265160<\/a><\/p>\n<p><a href=\"https:\/\/pubmed.ncbi.nlm.nih.gov\/24049929\/\">https:\/\/pubmed.ncbi.nlm.nih.gov\/24049929\/<\/a><\/p>\n<p><a href=\"https:\/\/www.ncbi.nlm.nih.gov\/pubmed\/19587693\">https:\/\/www.ncbi.nlm.nih.gov\/pubmed\/19587693<\/a><\/p>\n<p><a href=\"https:\/\/www.ncbi.nlm.nih.gov\/pmc\/articles\/PMC4560854\/#B31\">https:\/\/www.ncbi.nlm.nih.gov\/pmc\/articles\/PMC4560854\/#B31<\/a><\/p>\n<p><a href=\"https:\/\/www.ncbi.nlm.nih.gov\/pubmed\/30706177\">https:\/\/www.ncbi.nlm.nih.gov\/pubmed\/30706177<\/a><\/p>\n<p><a href=\"https:\/\/www.cell.com\/current-biology\/fulltext\/S0960-9822(06)01781-7\">https:\/\/www.cell.com\/current-biology\/fulltext\/S0960-9822(06)01781-7<\/a><\/p>\n<p><a href=\"https:\/\/www.sciencedirect.com\/science\/article\/pii\/0307441294900590?via%3Dihub\">https:\/\/www.sciencedirect.com\/science\/article\/pii\/0307441294900590?via%3Dihub<\/a><\/p>\n<p><a href=\"https:\/\/www.abebooks.com\/Fundamentals-Biochemistry-Life-Molecular-Level-2nd\/1346355380\/bd\">https:\/\/www.abebooks.com\/Fundamentals-Biochemistry-Life-Molecular-Level-2nd\/1346355380\/bd<\/a><\/p>\n<p><a href=\"http:\/\/www.pnas.org\/content\/105\/50\/19565.long\">http:\/\/www.pnas.org\/content\/105\/50\/19565.long<\/a><\/p>\n<p><a href=\"https:\/\/www.ncbi.nlm.nih.gov\/pmc\/articles\/PMC4432802\/\">https:\/\/www.ncbi.nlm.nih.gov\/pmc\/articles\/PMC4432802\/<\/a><\/p>\n<p><a href=\"https:\/\/www.ncbi.nlm.nih.gov\/pubmed\/24363178\">https:\/\/www.ncbi.nlm.nih.gov\/pubmed\/24363178<\/a><\/p>\n<p><a href=\"https:\/\/www.ncbi.nlm.nih.gov\/books\/NBK21154\/\">https:\/\/www.ncbi.nlm.nih.gov\/books\/NBK21154\/<\/a><\/p>\n<p><a href=\"https:\/\/www.ncbi.nlm.nih.gov\/pubmed\/24429632\">https:\/\/www.ncbi.nlm.nih.gov\/pubmed\/24429632<\/a><\/p>\n<p><strong>Nota bene:<\/strong><br \/>\n<em>I prodotti di fototerapia Phipower possono contribuire alla capacit\u00e0 di rigenerazione della pelle, stimolare il metabolismo e dare pi\u00f9 energia. Le informazioni contenute in questo articolo hanno uno scopo puramente educativo e non sono destinate a sostenere la sicurezza o l&#8217;efficacia dei dispositivi Phipower, n\u00e9 a diagnosticare, trattare, curare o prevenire alcuna malattia. Non sostituisce un consulto personale con il proprio medico e non deve essere interpretato come un consiglio medico.<\/em><\/p>\n","protected":false},"excerpt":{"rendered":"<p><strong>\u2714 per montaggio orizzontale e verticale<\/strong><br \/>\n<strong>\u2714 regolabile in altezza (103-148 cm)<\/strong><br \/>\n<strong>\u2714 su ruote<\/strong><br \/>\n<strong>\u2714 rotazione libera<\/strong><br \/>\n<strong>\u2714 montaggio fino a 4 lampade (trattamento full body)<\/strong><br \/>\n<strong>\u2714 per uso domestico o professionale<\/strong><br \/>\n<strong>\u2714 portata fino a 50 kg<\/strong><\/p>\n","protected":false},"featured_media":3930,"comment_status":"open","ping_status":"closed","template":"","meta":[],"product_brand":[],"product_cat":[982,989,978],"product_tag":[],"class_list":{"0":"post-3929","1":"product","2":"type-product","3":"status-publish","4":"has-post-thumbnail","6":"product_cat-frequenze","7":"product_cat-lampada-per-terapia-a-luce-rossa","8":"product_cat-prodotti","9":"product_shipping_class-10-20-kg","11":"first","12":"instock","13":"taxable","14":"shipping-taxable","15":"purchasable","16":"product-type-simple"},"yoast_head":"<!-- This site is optimized with the Yoast SEO Premium plugin v23.6 (Yoast SEO v27.2) - https:\/\/yoast.com\/product\/yoast-seo-premium-wordpress\/ -->\n<title>Supporto regolabile per lampada per terapia a luce rossa da 1500W | Rosso intenso\/NIR | Phipower - Phipower<\/title>\n<meta name=\"description\" content=\"\u2714 lampada LED per terapia a luce rossa regolabile standard per tutto il corpo \u2714 1500W riduce il dolore \u2714 stimola la formazione di collagene \u2714 riduce il tessuto cicatriziale\" \/>\n<meta name=\"robots\" content=\"index, follow, max-snippet:-1, max-image-preview:large, max-video-preview:-1\" \/>\n<link rel=\"canonical\" href=\"https:\/\/phipower.org\/it\/product\/stativo-regolabile-per-lampada-terapeutica-a-luce-rossa-a-corpo-intero-da-1500w-profonda-rossa-nir-di-potenza\/\" \/>\n<meta property=\"og:locale\" content=\"it_IT\" \/>\n<meta property=\"og:type\" content=\"article\" \/>\n<meta property=\"og:title\" content=\"Supporto regolabile per lampada per terapia a luce rossa da 1500W | Rosso intenso\/NIR | Phipower\" \/>\n<meta property=\"og:description\" content=\"\u2714 lampada LED per terapia a luce rossa regolabile standard per tutto il corpo \u2714 1500W riduce il dolore \u2714 stimola la formazione di collagene \u2714 riduce il tessuto cicatriziale\" \/>\n<meta property=\"og:url\" content=\"https:\/\/phipower.org\/it\/product\/stativo-regolabile-per-lampada-terapeutica-a-luce-rossa-a-corpo-intero-da-1500w-profonda-rossa-nir-di-potenza\/\" \/>\n<meta property=\"og:site_name\" content=\"Phipower\" \/>\n<meta property=\"article:publisher\" content=\"https:\/\/www.facebook.com\/phipowertools\/\" \/>\n<meta property=\"article:modified_time\" content=\"2026-04-16T14:20:08+00:00\" \/>\n<meta property=\"og:image\" content=\"https:\/\/phipower.org\/wp-content\/uploads\/2022\/11\/Verstelbare-standaard-voor-1500W-Full-Body-Rood-Licht-Therapie-Lamp-Diep-RoodNIR-Phipower-verrijdbaar.jpg\" \/>\n\t<meta property=\"og:image:width\" content=\"1200\" \/>\n\t<meta property=\"og:image:height\" content=\"1200\" \/>\n\t<meta property=\"og:image:type\" content=\"image\/jpeg\" \/>\n<meta name=\"twitter:card\" content=\"summary_large_image\" \/>\n<meta name=\"twitter:image\" content=\"https:\/\/phipower.org\/wp-content\/uploads\/2022\/10\/Rood-licht-therapie-red-light-therapy-near-infrared-infrarood-light-850-lamp-front.jpg\" \/>\n<meta name=\"twitter:site\" content=\"@phipower1\" \/>\n<meta name=\"twitter:label1\" content=\"Prezzo\" \/>\n\t<meta name=\"twitter:data1\" content=\"&euro;399,00\" \/>\n\t<meta name=\"twitter:label2\" content=\"Disponibilit\u00e0\" \/>\n\t<meta name=\"twitter:data2\" content=\"In stock\" \/>\n<script type=\"application\/ld+json\" class=\"yoast-schema-graph\">{\"@context\":\"https:\/\/schema.org\",\"@graph\":[{\"@type\":\"WebPage\",\"@id\":\"https:\/\/phipower.org\/it\/product\/stativo-regolabile-per-lampada-terapeutica-a-luce-rossa-a-corpo-intero-da-1500w-profonda-rossa-nir-di-potenza\/\",\"url\":\"https:\/\/phipower.org\/it\/product\/stativo-regolabile-per-lampada-terapeutica-a-luce-rossa-a-corpo-intero-da-1500w-profonda-rossa-nir-di-potenza\/\",\"name\":\"Supporto regolabile per lampada per terapia a luce rossa da 1500W | Rosso intenso\/NIR | Phipower - Phipower\",\"isPartOf\":{\"@id\":\"https:\/\/phipower.org\/it\/#website\"},\"primaryImageOfPage\":{\"@id\":\"https:\/\/phipower.org\/it\/product\/stativo-regolabile-per-lampada-terapeutica-a-luce-rossa-a-corpo-intero-da-1500w-profonda-rossa-nir-di-potenza\/#primaryimage\"},\"image\":{\"@id\":\"https:\/\/phipower.org\/it\/product\/stativo-regolabile-per-lampada-terapeutica-a-luce-rossa-a-corpo-intero-da-1500w-profonda-rossa-nir-di-potenza\/#primaryimage\"},\"thumbnailUrl\":\"https:\/\/phipower.org\/wp-content\/uploads\/2022\/11\/Rood-licht-therapie-red-light-therapy-near-infrared-light-660-nm-850-nm-stand-top.jpg\",\"datePublished\":\"2022-11-06T21:46:50+00:00\",\"dateModified\":\"2026-04-16T14:20:08+00:00\",\"description\":\"\u2714 lampada LED per terapia a luce rossa regolabile standard per tutto il corpo \u2714 1500W riduce il dolore \u2714 stimola la formazione di collagene \u2714 riduce il tessuto cicatriziale\",\"breadcrumb\":{\"@id\":\"https:\/\/phipower.org\/it\/product\/stativo-regolabile-per-lampada-terapeutica-a-luce-rossa-a-corpo-intero-da-1500w-profonda-rossa-nir-di-potenza\/#breadcrumb\"},\"inLanguage\":\"it-IT\",\"potentialAction\":[{\"@type\":\"ReadAction\",\"target\":[\"https:\/\/phipower.org\/it\/product\/stativo-regolabile-per-lampada-terapeutica-a-luce-rossa-a-corpo-intero-da-1500w-profonda-rossa-nir-di-potenza\/\"]}]},{\"@type\":\"ImageObject\",\"inLanguage\":\"it-IT\",\"@id\":\"https:\/\/phipower.org\/it\/product\/stativo-regolabile-per-lampada-terapeutica-a-luce-rossa-a-corpo-intero-da-1500w-profonda-rossa-nir-di-potenza\/#primaryimage\",\"url\":\"https:\/\/phipower.org\/wp-content\/uploads\/2022\/11\/Rood-licht-therapie-red-light-therapy-near-infrared-light-660-nm-850-nm-stand-top.jpg\",\"contentUrl\":\"https:\/\/phipower.org\/wp-content\/uploads\/2022\/11\/Rood-licht-therapie-red-light-therapy-near-infrared-light-660-nm-850-nm-stand-top.jpg\",\"width\":1200,\"height\":1200},{\"@type\":\"BreadcrumbList\",\"@id\":\"https:\/\/phipower.org\/it\/product\/stativo-regolabile-per-lampada-terapeutica-a-luce-rossa-a-corpo-intero-da-1500w-profonda-rossa-nir-di-potenza\/#breadcrumb\",\"itemListElement\":[{\"@type\":\"ListItem\",\"position\":1,\"name\":\"Home\",\"item\":\"https:\/\/phipower.org\/it\/\"},{\"@type\":\"ListItem\",\"position\":2,\"name\":\"Negozio\",\"item\":\"https:\/\/phipower.org\/it\/negozio\/\"},{\"@type\":\"ListItem\",\"position\":3,\"name\":\"Supporto regolabile per lampada per terapia a luce rossa da 1500W | Rosso intenso\/NIR | Phipower\"}]},{\"@type\":\"WebSite\",\"@id\":\"https:\/\/phipower.org\/it\/#website\",\"url\":\"https:\/\/phipower.org\/it\/\",\"name\":\"Phipower: innovatieve gezondheidsproducten\",\"description\":\"De kracht van een perfecte gezondheid\",\"publisher\":{\"@id\":\"https:\/\/phipower.org\/it\/#organization\"},\"potentialAction\":[{\"@type\":\"SearchAction\",\"target\":{\"@type\":\"EntryPoint\",\"urlTemplate\":\"https:\/\/phipower.org\/it\/?s={search_term_string}\"},\"query-input\":{\"@type\":\"PropertyValueSpecification\",\"valueRequired\":true,\"valueName\":\"search_term_string\"}}],\"inLanguage\":\"it-IT\"},{\"@type\":\"Organization\",\"@id\":\"https:\/\/phipower.org\/it\/#organization\",\"name\":\"Phipower\",\"url\":\"https:\/\/phipower.org\/it\/\",\"logo\":{\"@type\":\"ImageObject\",\"inLanguage\":\"it-IT\",\"@id\":\"https:\/\/phipower.org\/it\/#\/schema\/logo\/image\/\",\"url\":\"https:\/\/phipower.org\/wp-content\/uploads\/2019\/06\/z-logo-RGB-wit-power.png\",\"contentUrl\":\"https:\/\/phipower.org\/wp-content\/uploads\/2019\/06\/z-logo-RGB-wit-power.png\",\"width\":3273,\"height\":1389,\"caption\":\"Phipower\"},\"image\":{\"@id\":\"https:\/\/phipower.org\/it\/#\/schema\/logo\/image\/\"},\"sameAs\":[\"https:\/\/www.facebook.com\/phipowertools\/\",\"https:\/\/x.com\/phipower1\",\"https:\/\/www.tiktok.com\/@phipowerhealth\"]}]}<\/script>\n<meta property=\"product:price:amount\" content=\"399.00\" \/>\n<meta property=\"product:price:currency\" content=\"EUR\" \/>\n<meta property=\"og:availability\" content=\"instock\" \/>\n<meta property=\"product:availability\" content=\"instock\" \/>\n<meta property=\"product:retailer_item_id\" content=\"8719324436946\" \/>\n<meta property=\"product:condition\" content=\"new\" \/>\n<!-- \/ Yoast SEO Premium plugin. -->","yoast_head_json":{"title":"Supporto regolabile per lampada per terapia a luce rossa da 1500W | Rosso intenso\/NIR | Phipower - Phipower","description":"\u2714 lampada LED per terapia a luce rossa regolabile standard per tutto il corpo \u2714 1500W riduce il dolore \u2714 stimola la formazione di collagene \u2714 riduce il tessuto cicatriziale","robots":{"index":"index","follow":"follow","max-snippet":"max-snippet:-1","max-image-preview":"max-image-preview:large","max-video-preview":"max-video-preview:-1"},"canonical":"https:\/\/phipower.org\/it\/product\/stativo-regolabile-per-lampada-terapeutica-a-luce-rossa-a-corpo-intero-da-1500w-profonda-rossa-nir-di-potenza\/","og_locale":"it_IT","og_type":"article","og_title":"Supporto regolabile per lampada per terapia a luce rossa da 1500W | Rosso intenso\/NIR | Phipower","og_description":"\u2714 lampada LED per terapia a luce rossa regolabile standard per tutto il corpo \u2714 1500W riduce il dolore \u2714 stimola la formazione di collagene \u2714 riduce il tessuto cicatriziale","og_url":"https:\/\/phipower.org\/it\/product\/stativo-regolabile-per-lampada-terapeutica-a-luce-rossa-a-corpo-intero-da-1500w-profonda-rossa-nir-di-potenza\/","og_site_name":"Phipower","article_publisher":"https:\/\/www.facebook.com\/phipowertools\/","article_modified_time":"2026-04-16T14:20:08+00:00","og_image":[{"width":1200,"height":1200,"url":"https:\/\/phipower.org\/wp-content\/uploads\/2022\/11\/Verstelbare-standaard-voor-1500W-Full-Body-Rood-Licht-Therapie-Lamp-Diep-RoodNIR-Phipower-verrijdbaar.jpg","type":"image\/jpeg"}],"twitter_card":"summary_large_image","twitter_image":"https:\/\/phipower.org\/wp-content\/uploads\/2022\/10\/Rood-licht-therapie-red-light-therapy-near-infrared-infrarood-light-850-lamp-front.jpg","twitter_site":"@phipower1","twitter_misc":{"Prezzo":"&euro;399,00","Disponibilit\u00e0":"In stock"},"schema":{"@context":"https:\/\/schema.org","@graph":[{"@type":"WebPage","@id":"https:\/\/phipower.org\/it\/product\/stativo-regolabile-per-lampada-terapeutica-a-luce-rossa-a-corpo-intero-da-1500w-profonda-rossa-nir-di-potenza\/","url":"https:\/\/phipower.org\/it\/product\/stativo-regolabile-per-lampada-terapeutica-a-luce-rossa-a-corpo-intero-da-1500w-profonda-rossa-nir-di-potenza\/","name":"Supporto regolabile per lampada per terapia a luce rossa da 1500W | Rosso intenso\/NIR | Phipower - Phipower","isPartOf":{"@id":"https:\/\/phipower.org\/it\/#website"},"primaryImageOfPage":{"@id":"https:\/\/phipower.org\/it\/product\/stativo-regolabile-per-lampada-terapeutica-a-luce-rossa-a-corpo-intero-da-1500w-profonda-rossa-nir-di-potenza\/#primaryimage"},"image":{"@id":"https:\/\/phipower.org\/it\/product\/stativo-regolabile-per-lampada-terapeutica-a-luce-rossa-a-corpo-intero-da-1500w-profonda-rossa-nir-di-potenza\/#primaryimage"},"thumbnailUrl":"https:\/\/phipower.org\/wp-content\/uploads\/2022\/11\/Rood-licht-therapie-red-light-therapy-near-infrared-light-660-nm-850-nm-stand-top.jpg","datePublished":"2022-11-06T21:46:50+00:00","dateModified":"2026-04-16T14:20:08+00:00","description":"\u2714 lampada LED per terapia a luce rossa regolabile standard per tutto il corpo \u2714 1500W riduce il dolore \u2714 stimola la formazione di collagene \u2714 riduce il tessuto cicatriziale","breadcrumb":{"@id":"https:\/\/phipower.org\/it\/product\/stativo-regolabile-per-lampada-terapeutica-a-luce-rossa-a-corpo-intero-da-1500w-profonda-rossa-nir-di-potenza\/#breadcrumb"},"inLanguage":"it-IT","potentialAction":[{"@type":"ReadAction","target":["https:\/\/phipower.org\/it\/product\/stativo-regolabile-per-lampada-terapeutica-a-luce-rossa-a-corpo-intero-da-1500w-profonda-rossa-nir-di-potenza\/"]}]},{"@type":"ImageObject","inLanguage":"it-IT","@id":"https:\/\/phipower.org\/it\/product\/stativo-regolabile-per-lampada-terapeutica-a-luce-rossa-a-corpo-intero-da-1500w-profonda-rossa-nir-di-potenza\/#primaryimage","url":"https:\/\/phipower.org\/wp-content\/uploads\/2022\/11\/Rood-licht-therapie-red-light-therapy-near-infrared-light-660-nm-850-nm-stand-top.jpg","contentUrl":"https:\/\/phipower.org\/wp-content\/uploads\/2022\/11\/Rood-licht-therapie-red-light-therapy-near-infrared-light-660-nm-850-nm-stand-top.jpg","width":1200,"height":1200},{"@type":"BreadcrumbList","@id":"https:\/\/phipower.org\/it\/product\/stativo-regolabile-per-lampada-terapeutica-a-luce-rossa-a-corpo-intero-da-1500w-profonda-rossa-nir-di-potenza\/#breadcrumb","itemListElement":[{"@type":"ListItem","position":1,"name":"Home","item":"https:\/\/phipower.org\/it\/"},{"@type":"ListItem","position":2,"name":"Negozio","item":"https:\/\/phipower.org\/it\/negozio\/"},{"@type":"ListItem","position":3,"name":"Supporto regolabile per lampada per terapia a luce rossa da 1500W | Rosso intenso\/NIR | Phipower"}]},{"@type":"WebSite","@id":"https:\/\/phipower.org\/it\/#website","url":"https:\/\/phipower.org\/it\/","name":"Phipower: innovatieve gezondheidsproducten","description":"De kracht van een perfecte gezondheid","publisher":{"@id":"https:\/\/phipower.org\/it\/#organization"},"potentialAction":[{"@type":"SearchAction","target":{"@type":"EntryPoint","urlTemplate":"https:\/\/phipower.org\/it\/?s={search_term_string}"},"query-input":{"@type":"PropertyValueSpecification","valueRequired":true,"valueName":"search_term_string"}}],"inLanguage":"it-IT"},{"@type":"Organization","@id":"https:\/\/phipower.org\/it\/#organization","name":"Phipower","url":"https:\/\/phipower.org\/it\/","logo":{"@type":"ImageObject","inLanguage":"it-IT","@id":"https:\/\/phipower.org\/it\/#\/schema\/logo\/image\/","url":"https:\/\/phipower.org\/wp-content\/uploads\/2019\/06\/z-logo-RGB-wit-power.png","contentUrl":"https:\/\/phipower.org\/wp-content\/uploads\/2019\/06\/z-logo-RGB-wit-power.png","width":3273,"height":1389,"caption":"Phipower"},"image":{"@id":"https:\/\/phipower.org\/it\/#\/schema\/logo\/image\/"},"sameAs":["https:\/\/www.facebook.com\/phipowertools\/","https:\/\/x.com\/phipower1","https:\/\/www.tiktok.com\/@phipowerhealth"]}]},"product_price_amount":"399.00","product_price_currency":"EUR","og_availability":"instock","product_availability":"instock","product_retailer_item_id":"8719324436946","product_condition":"new"},"_links":{"self":[{"href":"https:\/\/phipower.org\/it\/wp-json\/wp\/v2\/product\/3929","targetHints":{"allow":["GET"]}}],"collection":[{"href":"https:\/\/phipower.org\/it\/wp-json\/wp\/v2\/product"}],"about":[{"href":"https:\/\/phipower.org\/it\/wp-json\/wp\/v2\/types\/product"}],"replies":[{"embeddable":true,"href":"https:\/\/phipower.org\/it\/wp-json\/wp\/v2\/comments?post=3929"}],"wp:featuredmedia":[{"embeddable":true,"href":"https:\/\/phipower.org\/it\/wp-json\/wp\/v2\/media\/3930"}],"wp:attachment":[{"href":"https:\/\/phipower.org\/it\/wp-json\/wp\/v2\/media?parent=3929"}],"wp:term":[{"taxonomy":"product_brand","embeddable":true,"href":"https:\/\/phipower.org\/it\/wp-json\/wp\/v2\/product_brand?post=3929"},{"taxonomy":"product_cat","embeddable":true,"href":"https:\/\/phipower.org\/it\/wp-json\/wp\/v2\/product_cat?post=3929"},{"taxonomy":"product_tag","embeddable":true,"href":"https:\/\/phipower.org\/it\/wp-json\/wp\/v2\/product_tag?post=3929"}],"curies":[{"name":"wp","href":"https:\/\/api.w.org\/{rel}","templated":true}]}}