{"id":3870,"date":"2020-05-19T11:54:46","date_gmt":"2020-05-19T11:54:46","guid":{"rendered":"https:\/\/phipower.org\/product\/lampada-per-la-terapia-a-luce-rossa-rosso-intenso-nir-phipower\/"},"modified":"2026-04-03T12:43:43","modified_gmt":"2026-04-03T12:43:43","slug":"lampada-per-la-terapia-a-luce-rossa-rosso-intenso-nir-phipower","status":"publish","type":"product","link":"https:\/\/phipower.org\/it\/prodotto\/lampada-per-la-terapia-a-luce-rossa-rosso-intenso-nir-phipower\/","title":{"rendered":"Lampada per terapia a luce rossa | Rosso intenso\/NIR | Stimola la produzione di collagene | Phipower"},"content":{"rendered":"<div class=\"video video-fit mb\" style=\"padding-top:56.25%;\"><p><iframe title=\"New: Red Light Therapy Lamp | Deep Red\/NIR | Phipower\" width=\"1020\" height=\"574\" src=\"https:\/\/www.youtube.com\/embed\/CW7sz97KcRw?feature=oembed\" frameborder=\"0\" allow=\"accelerometer; autoplay; clipboard-write; encrypted-media; gyroscope; picture-in-picture; web-share\" allowfullscreen><\/iframe><\/p>\n<\/div>\n<h1>Lampada per la terapia della luce rossa | Phipower<\/h1>\n<p><strong>Sostiene la capacit\u00e0 di riparazione della pelle<\/strong><br \/>\n<strong>Ottimo per il tessuto muscolare e connettivo<\/strong><br \/>\n<strong>Stimola la formazione di collagene<\/strong><br \/>\n<strong>\u2714 d\u00e0 energia<\/strong><br \/>\n<strong>Aumenta il metabolismo<\/strong><br \/>\n<strong>Ha un effetto positivo sul fegato<\/strong><br \/>\n<strong>Favorisce il sonno<\/strong><br \/>\n<strong>Per una mente chiara<\/strong><br \/>\n<strong>La lampada non si scalda<\/strong><\/p>\n<p><strong>Descrizione:<\/strong><br \/>\nLa terapia a luce rossa di Phipower utilizza uno specifico spettro benefico di luce nel vicino infrarosso (NIR) (850 nm) e luce rossa profonda (660 nm).<\/p>\n<p>La ricerca ha dimostrato che la combinazione di queste frequenze di luce rossa \u00e8 particolarmente benefica per il corpo umano.<\/p>\n<p>Le frequenze combinate hanno un effetto benefico sull&#8217;equilibrio energetico delle nostre cellule, con numerosi benefici clinicamente provati per la pelle, l&#8217;equilibrio energetico e il metabolismo.<\/p>\n<p>La luce rossa e NIR stimola i mitocondri cellulari e riduce lo stress ossidativo, facendoci sentire pi\u00f9 energici, pi\u00f9 forti e recuperando pi\u00f9 velocemente.<\/p>\n<p>Tutti questi vantaggi sono riuniti in una pratica lampada con un totale di 40 luci LED medicali (20x NIR 850nm e 20x Deep Red 660nm).<\/p>\n<p><strong>Uso:<\/strong><br \/>\nLa lampada \u00e8 facile da posizionare in verticale grazie al supporto integrato.<\/p>\n<p>Posizionare la parte del corpo o la superficie cutanea da trattare davanti alla lampada a una distanza compresa tra 0 e 60 cm (a seconda dell&#8217;intensit\u00e0 desiderata).<\/p>\n<p>Iniziare con una distanza leggermente maggiore per sperimentare l&#8217;effetto.<\/p>\n<p>Fare clic su RED e NIR per attivare la combinazione di luci e impostare il tempo (10, 15 o 20 minuti).<\/p>\n<p>Quando viene impostata un&#8217;ora, la lampada si spegne automaticamente.<\/p>\n<p>Quando non \u00e8 stata impostata alcuna ora, la spia rimane accesa.<\/p>\n<p>Ripetere il trattamento due volte al giorno fino al raggiungimento dei risultati desiderati.<\/p>\n<p>Consultare il medico per le controindicazioni fisiologiche all&#8217;uso.<\/p>\n<p><strong>Il pacchetto \u00e8 composto da:<\/strong><\/p>\n<ul>\n<li>1 x lampada terapeutica a luce rossa<\/li>\n<li>1 adattatore di alimentazione (110-230VAC)<\/li>\n<li>1 manuale<\/li>\n<li>1 x confezione deluxe<\/li>\n<\/ul>\n<p><strong>Specifiche della lampada di fotobiomodulazione a LED:<\/strong><\/p>\n<ul>\n<li>dimensioni della lampada: 24,7 x 14,7 x 4 cm<\/li>\n<li>dimensioni della scatola: 28 x 23 x 8 cm<\/li>\n<li>peso della lampada: 1,1 kg<\/li>\n<li>peso lordo della confezione: 1,75 kg<\/li>\n<li>Potenza LED: 200W<\/li>\n<li>consumo di energia: 60W<\/li>\n<li>40 x LED (20 x NIR 850nm + 20 x Deep RED 660nm)<\/li>\n<li>Durata prevista: 50.000 ore<\/li>\n<li>controllo del timer 10\/15\/20 min<\/li>\n<\/ul>\n<p><strong>Garanzia:<\/strong><br \/>\n1 anno di garanzia<\/p>\n<p><strong>Manuale:<\/strong><br \/>\nClicca <a href=\"https:\/\/drive.google.com\/file\/d\/1CzXxkBgJU40m94I9Bch-XIV3t4OWoxAy\/view?usp=sharing\">qui<\/a> per il <a href=\"https:\/\/drive.google.com\/file\/d\/1CzXxkBgJU40m94I9Bch-XIV3t4OWoxAy\/view?usp=sharing\">manuale<\/a>.<\/p>\n<p><strong>Studi di riferimento:<\/strong><\/p>\n<p><a href=\"https:\/\/www.ncbi.nlm.nih.gov\/pmc\/articles\/PMC5523874\/\">https:\/\/www.ncbi.nlm.nih.gov\/pmc\/articles\/PMC5523874\/<\/a><\/p>\n<p><a href=\"https:\/\/www.ncbi.nlm.nih.gov\/pmc\/articles\/PMC4846838\/\">https:\/\/www.ncbi.nlm.nih.gov\/pmc\/articles\/PMC4846838\/<\/a><\/p>\n<p><a href=\"https:\/\/www.ncbi.nlm.nih.gov\/pubmed\/28265160\">https:\/\/www.ncbi.nlm.nih.gov\/pubmed\/28265160<\/a><\/p>\n<p><a href=\"https:\/\/pubmed.ncbi.nlm.nih.gov\/24049929\/\">https:\/\/pubmed.ncbi.nlm.nih.gov\/24049929\/<\/a><\/p>\n<p><a href=\"https:\/\/www.ncbi.nlm.nih.gov\/pubmed\/19587693\">https:\/\/www.ncbi.nlm.nih.gov\/pubmed\/19587693<\/a><\/p>\n<p><a href=\"https:\/\/www.ncbi.nlm.nih.gov\/pmc\/articles\/PMC4560854\/#B31\">https:\/\/www.ncbi.nlm.nih.gov\/pmc\/articles\/PMC4560854\/#B31<\/a><\/p>\n<p><a href=\"https:\/\/www.ncbi.nlm.nih.gov\/pubmed\/30706177\">https:\/\/www.ncbi.nlm.nih.gov\/pubmed\/30706177<\/a><\/p>\n<p><a href=\"https:\/\/www.cell.com\/current-biology\/fulltext\/S0960-9822(06)01781-7\">https:\/\/www.cell.com\/current-biology\/fulltext\/S0960-9822(06)01781-7<\/a><\/p>\n<p><a href=\"https:\/\/www.sciencedirect.com\/science\/article\/pii\/0307441294900590?via%3Dihub\">https:\/\/www.sciencedirect.com\/science\/article\/pii\/0307441294900590?via%3Dihub<\/a><\/p>\n<p><a href=\"https:\/\/www.abebooks.com\/Fundamentals-Biochemistry-Life-Molecular-Level-2nd\/1346355380\/bd\">https:\/\/www.abebooks.com\/Fundamentals-Biochemistry-Life-Molecular-Level-2nd\/1346355380\/bd<\/a><\/p>\n<p><a href=\"http:\/\/www.pnas.org\/content\/105\/50\/19565.long\">http:\/\/www.pnas.org\/content\/105\/50\/19565.long<\/a><\/p>\n<p><a href=\"https:\/\/www.ncbi.nlm.nih.gov\/pmc\/articles\/PMC4432802\/\">https:\/\/www.ncbi.nlm.nih.gov\/pmc\/articles\/PMC4432802\/<\/a><\/p>\n<p><a href=\"https:\/\/www.ncbi.nlm.nih.gov\/pubmed\/24363178\">https:\/\/www.ncbi.nlm.nih.gov\/pubmed\/24363178<\/a><\/p>\n<p><a href=\"https:\/\/www.ncbi.nlm.nih.gov\/books\/NBK21154\/\">https:\/\/www.ncbi.nlm.nih.gov\/books\/NBK21154\/<\/a><\/p>\n<p><a href=\"https:\/\/www.ncbi.nlm.nih.gov\/pubmed\/24429632\">https:\/\/www.ncbi.nlm.nih.gov\/pubmed\/24429632<\/a><\/p>\n<p><strong>Nota bene:<\/strong><br \/>\n<em>I prodotti per la terapia della luce Phipower possono contribuire alla capacit\u00e0 di rigenerazione della pelle, stimolare il metabolismo e dare pi\u00f9 energia. Le informazioni contenute in questo articolo hanno uno scopo puramente educativo e non sono destinate a sostenere la sicurezza o l&#8217;efficacia dei dispositivi Phipower, n\u00e9 a diagnosticare, trattare, curare o prevenire alcuna malattia. Non sostituisce un consulto personale con il proprio medico e non deve essere interpretato come un consiglio medico.<\/em><\/p>\n","protected":false},"excerpt":{"rendered":"<p><strong>Riduce il dolore<\/strong><br \/>\n<strong>Stimola la formazione di collagene<\/strong><br \/>\n<strong>Riduce il tessuto cicatriziale<\/strong><br \/>\n<strong>Promuove la <span style=\"font-size: 14.4px;\">guarigione delle ferite<\/span><\/strong><br \/>\n<strong>Ripristina il tessuto muscolare e connettivo<\/strong><br \/>\n<strong>Fornisce energia<\/strong><br \/>\n<strong>Favorisce il metabolismo <\/strong> <\/p>\n","protected":false},"featured_media":10278,"comment_status":"open","ping_status":"closed","template":"","meta":[],"product_brand":[],"product_cat":[989,978],"product_tag":[],"class_list":{"0":"post-3870","1":"product","2":"type-product","3":"status-publish","4":"has-post-thumbnail","6":"product_cat-lampada-per-terapia-a-luce-rossa","7":"product_cat-prodotti","8":"product_shipping_class-2-5-kg","10":"first","11":"instock","12":"taxable","13":"shipping-taxable","14":"purchasable","15":"product-type-simple"},"yoast_head":"<!-- This site is optimized with the Yoast SEO Premium plugin v23.6 (Yoast SEO v27.2) - https:\/\/yoast.com\/product\/yoast-seo-premium-wordpress\/ -->\n<title>Lampada per terapia a luce rossa | Migliora il tuo benessere | Phipower<\/title>\n<meta name=\"description\" content=\"\u2714 riduce il dolore \u2714 stimola la formazione di collagene \u2714 riduce il tessuto cicatriziale \u2714 favorisce la guarigione delle ferite \u2714 dona pi\u00f9 energia\" \/>\n<meta name=\"robots\" content=\"index, follow, max-snippet:-1, max-image-preview:large, max-video-preview:-1\" \/>\n<link rel=\"canonical\" href=\"https:\/\/phipower.org\/it\/prodotto\/lampada-per-la-terapia-a-luce-rossa-rosso-intenso-nir-phipower\/\" \/>\n<meta property=\"og:locale\" content=\"it_IT\" \/>\n<meta property=\"og:type\" content=\"article\" \/>\n<meta property=\"og:title\" content=\"Lampada per terapia a luce rossa | Rosso intenso\/NIR | Stimola la produzione di collagene | Phipower\" \/>\n<meta property=\"og:description\" content=\"\u2714 riduce il dolore \u2714 stimola la formazione di collagene \u2714 riduce il tessuto cicatriziale \u2714 favorisce la guarigione delle ferite \u2714 dona pi\u00f9 energia\" \/>\n<meta property=\"og:url\" content=\"https:\/\/phipower.org\/it\/prodotto\/lampada-per-la-terapia-a-luce-rossa-rosso-intenso-nir-phipower\/\" \/>\n<meta property=\"og:site_name\" content=\"Phipower\" \/>\n<meta property=\"article:publisher\" content=\"https:\/\/www.facebook.com\/phipowertools\/\" \/>\n<meta property=\"article:modified_time\" content=\"2026-04-03T12:43:43+00:00\" \/>\n<meta property=\"og:image\" content=\"https:\/\/phipower.org\/wp-content\/uploads\/2020\/05\/Rood-licht-therapie-red-light-therapy-near-infrared-NIR-light-850-nm-deep-red-diep-rood-licht-660nm-side-02.jpg\" \/>\n\t<meta property=\"og:image:width\" content=\"1200\" \/>\n\t<meta property=\"og:image:height\" content=\"1200\" \/>\n\t<meta property=\"og:image:type\" content=\"image\/jpeg\" \/>\n<meta name=\"twitter:card\" content=\"summary_large_image\" \/>\n<meta name=\"twitter:image\" content=\"https:\/\/phipower.org\/wp-content\/uploads\/2020\/05\/Rood-licht-therapie-red-light-therapy-near-infrared-NIR-light-850-nm-deep-red-diep-rood-licht-660nm-side-02.jpg\" \/>\n<meta name=\"twitter:site\" content=\"@phipower1\" \/>\n<meta name=\"twitter:label1\" content=\"Prezzo\" \/>\n\t<meta name=\"twitter:data1\" content=\"&euro;289,00\" \/>\n\t<meta name=\"twitter:label2\" content=\"Disponibilit\u00e0\" \/>\n\t<meta name=\"twitter:data2\" content=\"In stock\" \/>\n<script type=\"application\/ld+json\" class=\"yoast-schema-graph\">{\"@context\":\"https:\/\/schema.org\",\"@graph\":[{\"@type\":\"WebPage\",\"@id\":\"https:\/\/phipower.org\/it\/prodotto\/lampada-per-la-terapia-a-luce-rossa-rosso-intenso-nir-phipower\/\",\"url\":\"https:\/\/phipower.org\/it\/prodotto\/lampada-per-la-terapia-a-luce-rossa-rosso-intenso-nir-phipower\/\",\"name\":\"Lampada per terapia a luce rossa | Migliora il tuo benessere | Phipower\",\"isPartOf\":{\"@id\":\"https:\/\/phipower.org\/it\/#website\"},\"primaryImageOfPage\":{\"@id\":\"https:\/\/phipower.org\/it\/prodotto\/lampada-per-la-terapia-a-luce-rossa-rosso-intenso-nir-phipower\/#primaryimage\"},\"image\":{\"@id\":\"https:\/\/phipower.org\/it\/prodotto\/lampada-per-la-terapia-a-luce-rossa-rosso-intenso-nir-phipower\/#primaryimage\"},\"thumbnailUrl\":\"https:\/\/phipower.org\/wp-content\/uploads\/2020\/05\/Rood-licht-therapie-gezicht-energie-heling-phipower.jpg\",\"datePublished\":\"2020-05-19T11:54:46+00:00\",\"dateModified\":\"2026-04-03T12:43:43+00:00\",\"description\":\"\u2714 riduce il dolore \u2714 stimola la formazione di collagene \u2714 riduce il tessuto cicatriziale \u2714 favorisce la guarigione delle ferite \u2714 dona pi\u00f9 energia\",\"breadcrumb\":{\"@id\":\"https:\/\/phipower.org\/it\/prodotto\/lampada-per-la-terapia-a-luce-rossa-rosso-intenso-nir-phipower\/#breadcrumb\"},\"inLanguage\":\"it-IT\",\"potentialAction\":[{\"@type\":\"ReadAction\",\"target\":[\"https:\/\/phipower.org\/it\/prodotto\/lampada-per-la-terapia-a-luce-rossa-rosso-intenso-nir-phipower\/\"]}]},{\"@type\":\"ImageObject\",\"inLanguage\":\"it-IT\",\"@id\":\"https:\/\/phipower.org\/it\/prodotto\/lampada-per-la-terapia-a-luce-rossa-rosso-intenso-nir-phipower\/#primaryimage\",\"url\":\"https:\/\/phipower.org\/wp-content\/uploads\/2020\/05\/Rood-licht-therapie-gezicht-energie-heling-phipower.jpg\",\"contentUrl\":\"https:\/\/phipower.org\/wp-content\/uploads\/2020\/05\/Rood-licht-therapie-gezicht-energie-heling-phipower.jpg\",\"width\":1024,\"height\":1024},{\"@type\":\"BreadcrumbList\",\"@id\":\"https:\/\/phipower.org\/it\/prodotto\/lampada-per-la-terapia-a-luce-rossa-rosso-intenso-nir-phipower\/#breadcrumb\",\"itemListElement\":[{\"@type\":\"ListItem\",\"position\":1,\"name\":\"Home\",\"item\":\"https:\/\/phipower.org\/it\/\"},{\"@type\":\"ListItem\",\"position\":2,\"name\":\"Negozio\",\"item\":\"https:\/\/phipower.org\/it\/negozio\/\"},{\"@type\":\"ListItem\",\"position\":3,\"name\":\"Lampada per terapia a luce rossa | Rosso intenso\/NIR | Stimola la produzione di collagene | Phipower\"}]},{\"@type\":\"WebSite\",\"@id\":\"https:\/\/phipower.org\/it\/#website\",\"url\":\"https:\/\/phipower.org\/it\/\",\"name\":\"Phipower: innovatieve gezondheidsproducten\",\"description\":\"De kracht van een perfecte gezondheid\",\"publisher\":{\"@id\":\"https:\/\/phipower.org\/it\/#organization\"},\"potentialAction\":[{\"@type\":\"SearchAction\",\"target\":{\"@type\":\"EntryPoint\",\"urlTemplate\":\"https:\/\/phipower.org\/it\/?s={search_term_string}\"},\"query-input\":{\"@type\":\"PropertyValueSpecification\",\"valueRequired\":true,\"valueName\":\"search_term_string\"}}],\"inLanguage\":\"it-IT\"},{\"@type\":\"Organization\",\"@id\":\"https:\/\/phipower.org\/it\/#organization\",\"name\":\"Phipower\",\"url\":\"https:\/\/phipower.org\/it\/\",\"logo\":{\"@type\":\"ImageObject\",\"inLanguage\":\"it-IT\",\"@id\":\"https:\/\/phipower.org\/it\/#\/schema\/logo\/image\/\",\"url\":\"https:\/\/phipower.org\/wp-content\/uploads\/2019\/06\/z-logo-RGB-wit-power.png\",\"contentUrl\":\"https:\/\/phipower.org\/wp-content\/uploads\/2019\/06\/z-logo-RGB-wit-power.png\",\"width\":3273,\"height\":1389,\"caption\":\"Phipower\"},\"image\":{\"@id\":\"https:\/\/phipower.org\/it\/#\/schema\/logo\/image\/\"},\"sameAs\":[\"https:\/\/www.facebook.com\/phipowertools\/\",\"https:\/\/x.com\/phipower1\",\"https:\/\/www.tiktok.com\/@phipowerhealth\"]}]}<\/script>\n<meta property=\"product:price:amount\" content=\"289.00\" \/>\n<meta property=\"product:price:currency\" content=\"EUR\" \/>\n<meta property=\"og:availability\" content=\"instock\" \/>\n<meta property=\"product:availability\" content=\"instock\" \/>\n<meta property=\"product:retailer_item_id\" content=\"8719324436571\" \/>\n<meta property=\"product:condition\" content=\"new\" \/>\n<!-- \/ Yoast SEO Premium plugin. -->","yoast_head_json":{"title":"Lampada per terapia a luce rossa | Migliora il tuo benessere | Phipower","description":"\u2714 riduce il dolore \u2714 stimola la formazione di collagene \u2714 riduce il tessuto cicatriziale \u2714 favorisce la guarigione delle ferite \u2714 dona pi\u00f9 energia","robots":{"index":"index","follow":"follow","max-snippet":"max-snippet:-1","max-image-preview":"max-image-preview:large","max-video-preview":"max-video-preview:-1"},"canonical":"https:\/\/phipower.org\/it\/prodotto\/lampada-per-la-terapia-a-luce-rossa-rosso-intenso-nir-phipower\/","og_locale":"it_IT","og_type":"article","og_title":"Lampada per terapia a luce rossa | Rosso intenso\/NIR | Stimola la produzione di collagene | Phipower","og_description":"\u2714 riduce il dolore \u2714 stimola la formazione di collagene \u2714 riduce il tessuto cicatriziale \u2714 favorisce la guarigione delle ferite \u2714 dona pi\u00f9 energia","og_url":"https:\/\/phipower.org\/it\/prodotto\/lampada-per-la-terapia-a-luce-rossa-rosso-intenso-nir-phipower\/","og_site_name":"Phipower","article_publisher":"https:\/\/www.facebook.com\/phipowertools\/","article_modified_time":"2026-04-03T12:43:43+00:00","og_image":[{"width":1200,"height":1200,"url":"https:\/\/phipower.org\/wp-content\/uploads\/2020\/05\/Rood-licht-therapie-red-light-therapy-near-infrared-NIR-light-850-nm-deep-red-diep-rood-licht-660nm-side-02.jpg","type":"image\/jpeg"}],"twitter_card":"summary_large_image","twitter_image":"https:\/\/phipower.org\/wp-content\/uploads\/2020\/05\/Rood-licht-therapie-red-light-therapy-near-infrared-NIR-light-850-nm-deep-red-diep-rood-licht-660nm-side-02.jpg","twitter_site":"@phipower1","twitter_misc":{"Prezzo":"&euro;289,00","Disponibilit\u00e0":"In stock"},"schema":{"@context":"https:\/\/schema.org","@graph":[{"@type":"WebPage","@id":"https:\/\/phipower.org\/it\/prodotto\/lampada-per-la-terapia-a-luce-rossa-rosso-intenso-nir-phipower\/","url":"https:\/\/phipower.org\/it\/prodotto\/lampada-per-la-terapia-a-luce-rossa-rosso-intenso-nir-phipower\/","name":"Lampada per terapia a luce rossa | Migliora il tuo benessere | Phipower","isPartOf":{"@id":"https:\/\/phipower.org\/it\/#website"},"primaryImageOfPage":{"@id":"https:\/\/phipower.org\/it\/prodotto\/lampada-per-la-terapia-a-luce-rossa-rosso-intenso-nir-phipower\/#primaryimage"},"image":{"@id":"https:\/\/phipower.org\/it\/prodotto\/lampada-per-la-terapia-a-luce-rossa-rosso-intenso-nir-phipower\/#primaryimage"},"thumbnailUrl":"https:\/\/phipower.org\/wp-content\/uploads\/2020\/05\/Rood-licht-therapie-gezicht-energie-heling-phipower.jpg","datePublished":"2020-05-19T11:54:46+00:00","dateModified":"2026-04-03T12:43:43+00:00","description":"\u2714 riduce il dolore \u2714 stimola la formazione di collagene \u2714 riduce il tessuto cicatriziale \u2714 favorisce la guarigione delle ferite \u2714 dona pi\u00f9 energia","breadcrumb":{"@id":"https:\/\/phipower.org\/it\/prodotto\/lampada-per-la-terapia-a-luce-rossa-rosso-intenso-nir-phipower\/#breadcrumb"},"inLanguage":"it-IT","potentialAction":[{"@type":"ReadAction","target":["https:\/\/phipower.org\/it\/prodotto\/lampada-per-la-terapia-a-luce-rossa-rosso-intenso-nir-phipower\/"]}]},{"@type":"ImageObject","inLanguage":"it-IT","@id":"https:\/\/phipower.org\/it\/prodotto\/lampada-per-la-terapia-a-luce-rossa-rosso-intenso-nir-phipower\/#primaryimage","url":"https:\/\/phipower.org\/wp-content\/uploads\/2020\/05\/Rood-licht-therapie-gezicht-energie-heling-phipower.jpg","contentUrl":"https:\/\/phipower.org\/wp-content\/uploads\/2020\/05\/Rood-licht-therapie-gezicht-energie-heling-phipower.jpg","width":1024,"height":1024},{"@type":"BreadcrumbList","@id":"https:\/\/phipower.org\/it\/prodotto\/lampada-per-la-terapia-a-luce-rossa-rosso-intenso-nir-phipower\/#breadcrumb","itemListElement":[{"@type":"ListItem","position":1,"name":"Home","item":"https:\/\/phipower.org\/it\/"},{"@type":"ListItem","position":2,"name":"Negozio","item":"https:\/\/phipower.org\/it\/negozio\/"},{"@type":"ListItem","position":3,"name":"Lampada per terapia a luce rossa | Rosso intenso\/NIR | Stimola la produzione di collagene | Phipower"}]},{"@type":"WebSite","@id":"https:\/\/phipower.org\/it\/#website","url":"https:\/\/phipower.org\/it\/","name":"Phipower: innovatieve gezondheidsproducten","description":"De kracht van een perfecte gezondheid","publisher":{"@id":"https:\/\/phipower.org\/it\/#organization"},"potentialAction":[{"@type":"SearchAction","target":{"@type":"EntryPoint","urlTemplate":"https:\/\/phipower.org\/it\/?s={search_term_string}"},"query-input":{"@type":"PropertyValueSpecification","valueRequired":true,"valueName":"search_term_string"}}],"inLanguage":"it-IT"},{"@type":"Organization","@id":"https:\/\/phipower.org\/it\/#organization","name":"Phipower","url":"https:\/\/phipower.org\/it\/","logo":{"@type":"ImageObject","inLanguage":"it-IT","@id":"https:\/\/phipower.org\/it\/#\/schema\/logo\/image\/","url":"https:\/\/phipower.org\/wp-content\/uploads\/2019\/06\/z-logo-RGB-wit-power.png","contentUrl":"https:\/\/phipower.org\/wp-content\/uploads\/2019\/06\/z-logo-RGB-wit-power.png","width":3273,"height":1389,"caption":"Phipower"},"image":{"@id":"https:\/\/phipower.org\/it\/#\/schema\/logo\/image\/"},"sameAs":["https:\/\/www.facebook.com\/phipowertools\/","https:\/\/x.com\/phipower1","https:\/\/www.tiktok.com\/@phipowerhealth"]}]},"product_price_amount":"289.00","product_price_currency":"EUR","og_availability":"instock","product_availability":"instock","product_retailer_item_id":"8719324436571","product_condition":"new"},"_links":{"self":[{"href":"https:\/\/phipower.org\/it\/wp-json\/wp\/v2\/product\/3870","targetHints":{"allow":["GET"]}}],"collection":[{"href":"https:\/\/phipower.org\/it\/wp-json\/wp\/v2\/product"}],"about":[{"href":"https:\/\/phipower.org\/it\/wp-json\/wp\/v2\/types\/product"}],"replies":[{"embeddable":true,"href":"https:\/\/phipower.org\/it\/wp-json\/wp\/v2\/comments?post=3870"}],"wp:featuredmedia":[{"embeddable":true,"href":"https:\/\/phipower.org\/it\/wp-json\/wp\/v2\/media\/10278"}],"wp:attachment":[{"href":"https:\/\/phipower.org\/it\/wp-json\/wp\/v2\/media?parent=3870"}],"wp:term":[{"taxonomy":"product_brand","embeddable":true,"href":"https:\/\/phipower.org\/it\/wp-json\/wp\/v2\/product_brand?post=3870"},{"taxonomy":"product_cat","embeddable":true,"href":"https:\/\/phipower.org\/it\/wp-json\/wp\/v2\/product_cat?post=3870"},{"taxonomy":"product_tag","embeddable":true,"href":"https:\/\/phipower.org\/it\/wp-json\/wp\/v2\/product_tag?post=3870"}],"curies":[{"name":"wp","href":"https:\/\/api.w.org\/{rel}","templated":true}]}}