{"id":11844,"date":"2026-05-11T21:52:34","date_gmt":"2026-05-11T21:52:34","guid":{"rendered":"https:\/\/phipower.org\/product\/rephiro-bioarmonizzatore-macchina-rife-integrata-phipower-2\/"},"modified":"2026-05-11T21:52:34","modified_gmt":"2026-05-11T21:52:34","slug":"rephiro-bioarmonizzatore-macchina-rife-integrata-phipower-2","status":"publish","type":"product","link":"https:\/\/phipower.org\/it\/product\/rephiro-bioarmonizzatore-macchina-rife-integrata-phipower-2\/","title":{"rendered":"Rephiro Bioarmonizzatore | Macchina Rife Integrata | Phipower"},"content":{"rendered":"<h1>Rephiro Bioarmonizzatore \u2013 Quando le cellule imparano di nuovo a cantare<\/h1>\n<p>Ripristina l&#8217;armonia naturale del tuo corpo<\/p>\n<p>Il tuo corpo sa come guarire se stesso. Tutto ci\u00f2 di cui ha bisogno \u00e8 la giusta frequenza per ripristinare il suo equilibrio naturale. <\/p>\n<p>Il Rephiro Bioarmonizzatore Macchina Rife \u00e8 un dispositivo compatto che promuove la tua salute, aumenta la vitalit\u00e0 e potenzia il benessere generale attraverso la risonanza delle frequenze.<\/p>\n<h3>Cos&#8217;\u00e8 la Rife Machine?<\/h3>\n<p>Basata sulle scoperte pionieristiche del Dr. Royal Rife negli anni &#8217;30, la tecnologia Rife utilizza frequenze specifiche per mirare e armonizzare le vibrazioni cellulari.<\/p>\n<h3>Perch\u00e9 il Rephiro?<\/h3>\n<ul>\n<li><strong>Tecnologia Integrata:<\/strong> Combina la terapia Rife con la bioarmonizzazione<\/li>\n<li><strong>Facile da Usare:<\/strong> Basta accenderlo e posizionarlo vicino a te<\/li>\n<li><strong>Portatile:<\/strong> Usalo ovunque \u2013 casa, ufficio, in viaggio<\/li>\n<li><strong>Naturale:<\/strong> Nessuna radiazione nociva, solo frequenze armoniche<\/li>\n<\/ul>\n","protected":false},"excerpt":{"rendered":"<p>Rephiro Bioarmonizzatore \u2013 Quando le cellule imparano di nuovo a cantare Ripristina l&#8217;armonia naturale del tuo corpo Il tuo corpo sa come guarire se stesso. Tutto ci\u00f2 di cui ha bisogno \u00e8 la giusta frequenza per ripristinare il suo equilibrio naturale. Il Rephiro Bioarmonizzatore Macchina Rife \u00e8 un dispositivo compatto che promuove la tua salute,&#8230;<\/p>\n","protected":false},"featured_media":0,"comment_status":"open","ping_status":"closed","template":"","meta":[],"product_brand":[],"product_cat":[1013],"product_tag":[],"class_list":{"0":"post-11844","1":"product","2":"type-product","3":"status-publish","5":"product_cat-altro","7":"first","8":"instock","9":"taxable","10":"shipping-taxable","11":"product-type-simple"},"yoast_head":"<!-- This site is optimized with the Yoast SEO Premium plugin v23.6 (Yoast SEO v27.2) - https:\/\/yoast.com\/product\/yoast-seo-premium-wordpress\/ -->\n<title>Rephiro Bioarmonizzatore | Macchina Rife Integrata | Phipower - Phipower<\/title>\n<meta name=\"robots\" content=\"index, follow, max-snippet:-1, max-image-preview:large, max-video-preview:-1\" \/>\n<link rel=\"canonical\" href=\"https:\/\/phipower.org\/it\/product\/rephiro-bioarmonizzatore-macchina-rife-integrata-phipower-2\/\" \/>\n<meta property=\"og:locale\" content=\"it_IT\" \/>\n<meta property=\"og:type\" content=\"article\" \/>\n<meta property=\"og:title\" content=\"Rephiro Bioarmonizzatore | Macchina Rife Integrata | Phipower\" \/>\n<meta property=\"og:description\" content=\"Rephiro Bioarmonizzatore \u2013 Quando le cellule imparano di nuovo a cantare Ripristina l&#8217;armonia naturale del tuo corpo Il tuo corpo sa come guarire se stesso. Tutto ci\u00f2 di cui ha bisogno \u00e8 la giusta frequenza per ripristinare il suo equilibrio naturale. Il Rephiro Bioarmonizzatore Macchina Rife \u00e8 un dispositivo compatto che promuove la tua salute,...\" \/>\n<meta property=\"og:url\" content=\"https:\/\/phipower.org\/it\/product\/rephiro-bioarmonizzatore-macchina-rife-integrata-phipower-2\/\" \/>\n<meta property=\"og:site_name\" content=\"Phipower\" \/>\n<meta property=\"article:publisher\" content=\"https:\/\/www.facebook.com\/phipowertools\/\" \/>\n<meta property=\"og:image\" content=\"https:\/\/phipower.org\/wp-content\/uploads\/2019\/07\/Stroomschema-Phipower.jpg\" \/>\n\t<meta property=\"og:image:width\" content=\"1920\" \/>\n\t<meta property=\"og:image:height\" content=\"1080\" \/>\n\t<meta property=\"og:image:type\" content=\"image\/jpeg\" \/>\n<meta name=\"twitter:card\" content=\"summary_large_image\" \/>\n<meta name=\"twitter:site\" content=\"@phipower1\" \/>\n<meta name=\"twitter:label1\" content=\"Prezzo\" \/>\n\t<meta name=\"twitter:data1\" content=\"\" \/>\n\t<meta name=\"twitter:label2\" content=\"Disponibilit\u00e0\" \/>\n\t<meta name=\"twitter:data2\" content=\"In stock\" \/>\n<script type=\"application\/ld+json\" class=\"yoast-schema-graph\">{\"@context\":\"https:\/\/schema.org\",\"@graph\":[{\"@type\":\"WebPage\",\"@id\":\"https:\/\/phipower.org\/it\/product\/rephiro-bioarmonizzatore-macchina-rife-integrata-phipower-2\/\",\"url\":\"https:\/\/phipower.org\/it\/product\/rephiro-bioarmonizzatore-macchina-rife-integrata-phipower-2\/\",\"name\":\"Rephiro Bioarmonizzatore | Macchina Rife Integrata | Phipower - Phipower\",\"isPartOf\":{\"@id\":\"https:\/\/phipower.org\/it\/#website\"},\"datePublished\":\"2026-05-11T21:52:34+00:00\",\"breadcrumb\":{\"@id\":\"https:\/\/phipower.org\/it\/product\/rephiro-bioarmonizzatore-macchina-rife-integrata-phipower-2\/#breadcrumb\"},\"inLanguage\":\"it-IT\",\"potentialAction\":[{\"@type\":\"ReadAction\",\"target\":[\"https:\/\/phipower.org\/it\/product\/rephiro-bioarmonizzatore-macchina-rife-integrata-phipower-2\/\"]}]},{\"@type\":\"BreadcrumbList\",\"@id\":\"https:\/\/phipower.org\/it\/product\/rephiro-bioarmonizzatore-macchina-rife-integrata-phipower-2\/#breadcrumb\",\"itemListElement\":[{\"@type\":\"ListItem\",\"position\":1,\"name\":\"Home\",\"item\":\"https:\/\/phipower.org\/it\/\"},{\"@type\":\"ListItem\",\"position\":2,\"name\":\"Shop\",\"item\":\"https:\/\/phipower.org\/shop\/\"},{\"@type\":\"ListItem\",\"position\":3,\"name\":\"Rephiro Bioarmonizzatore | Macchina Rife Integrata | Phipower\"}]},{\"@type\":\"WebSite\",\"@id\":\"https:\/\/phipower.org\/it\/#website\",\"url\":\"https:\/\/phipower.org\/it\/\",\"name\":\"Phipower: innovatieve gezondheidsproducten\",\"description\":\"De kracht van een perfecte gezondheid\",\"publisher\":{\"@id\":\"https:\/\/phipower.org\/it\/#organization\"},\"potentialAction\":[{\"@type\":\"SearchAction\",\"target\":{\"@type\":\"EntryPoint\",\"urlTemplate\":\"https:\/\/phipower.org\/it\/?s={search_term_string}\"},\"query-input\":{\"@type\":\"PropertyValueSpecification\",\"valueRequired\":true,\"valueName\":\"search_term_string\"}}],\"inLanguage\":\"it-IT\"},{\"@type\":\"Organization\",\"@id\":\"https:\/\/phipower.org\/it\/#organization\",\"name\":\"Phipower\",\"url\":\"https:\/\/phipower.org\/it\/\",\"logo\":{\"@type\":\"ImageObject\",\"inLanguage\":\"it-IT\",\"@id\":\"https:\/\/phipower.org\/it\/#\/schema\/logo\/image\/\",\"url\":\"https:\/\/phipower.org\/wp-content\/uploads\/2019\/06\/z-logo-RGB-wit-power.png\",\"contentUrl\":\"https:\/\/phipower.org\/wp-content\/uploads\/2019\/06\/z-logo-RGB-wit-power.png\",\"width\":3273,\"height\":1389,\"caption\":\"Phipower\"},\"image\":{\"@id\":\"https:\/\/phipower.org\/it\/#\/schema\/logo\/image\/\"},\"sameAs\":[\"https:\/\/www.facebook.com\/phipowertools\/\",\"https:\/\/x.com\/phipower1\",\"https:\/\/www.tiktok.com\/@phipowerhealth\"]}]}<\/script>\n<meta property=\"product:price:currency\" content=\"EUR\" \/>\n<meta property=\"og:availability\" content=\"instock\" \/>\n<meta property=\"product:availability\" content=\"instock\" \/>\n<meta property=\"product:condition\" content=\"new\" \/>\n<!-- \/ Yoast SEO Premium plugin. -->","yoast_head_json":{"title":"Rephiro Bioarmonizzatore | Macchina Rife Integrata | Phipower - Phipower","robots":{"index":"index","follow":"follow","max-snippet":"max-snippet:-1","max-image-preview":"max-image-preview:large","max-video-preview":"max-video-preview:-1"},"canonical":"https:\/\/phipower.org\/it\/product\/rephiro-bioarmonizzatore-macchina-rife-integrata-phipower-2\/","og_locale":"it_IT","og_type":"article","og_title":"Rephiro Bioarmonizzatore | Macchina Rife Integrata | Phipower","og_description":"Rephiro Bioarmonizzatore \u2013 Quando le cellule imparano di nuovo a cantare Ripristina l&#8217;armonia naturale del tuo corpo Il tuo corpo sa come guarire se stesso. Tutto ci\u00f2 di cui ha bisogno \u00e8 la giusta frequenza per ripristinare il suo equilibrio naturale. Il Rephiro Bioarmonizzatore Macchina Rife \u00e8 un dispositivo compatto che promuove la tua salute,...","og_url":"https:\/\/phipower.org\/it\/product\/rephiro-bioarmonizzatore-macchina-rife-integrata-phipower-2\/","og_site_name":"Phipower","article_publisher":"https:\/\/www.facebook.com\/phipowertools\/","og_image":[{"width":1920,"height":1080,"url":"https:\/\/phipower.org\/wp-content\/uploads\/2019\/07\/Stroomschema-Phipower.jpg","type":"image\/jpeg"}],"twitter_card":"summary_large_image","twitter_site":"@phipower1","twitter_misc":{"Prezzo":"","Disponibilit\u00e0":"In stock"},"schema":{"@context":"https:\/\/schema.org","@graph":[{"@type":"WebPage","@id":"https:\/\/phipower.org\/it\/product\/rephiro-bioarmonizzatore-macchina-rife-integrata-phipower-2\/","url":"https:\/\/phipower.org\/it\/product\/rephiro-bioarmonizzatore-macchina-rife-integrata-phipower-2\/","name":"Rephiro Bioarmonizzatore | Macchina Rife Integrata | Phipower - Phipower","isPartOf":{"@id":"https:\/\/phipower.org\/it\/#website"},"datePublished":"2026-05-11T21:52:34+00:00","breadcrumb":{"@id":"https:\/\/phipower.org\/it\/product\/rephiro-bioarmonizzatore-macchina-rife-integrata-phipower-2\/#breadcrumb"},"inLanguage":"it-IT","potentialAction":[{"@type":"ReadAction","target":["https:\/\/phipower.org\/it\/product\/rephiro-bioarmonizzatore-macchina-rife-integrata-phipower-2\/"]}]},{"@type":"BreadcrumbList","@id":"https:\/\/phipower.org\/it\/product\/rephiro-bioarmonizzatore-macchina-rife-integrata-phipower-2\/#breadcrumb","itemListElement":[{"@type":"ListItem","position":1,"name":"Home","item":"https:\/\/phipower.org\/it\/"},{"@type":"ListItem","position":2,"name":"Shop","item":"https:\/\/phipower.org\/shop\/"},{"@type":"ListItem","position":3,"name":"Rephiro Bioarmonizzatore | Macchina Rife Integrata | Phipower"}]},{"@type":"WebSite","@id":"https:\/\/phipower.org\/it\/#website","url":"https:\/\/phipower.org\/it\/","name":"Phipower: innovatieve gezondheidsproducten","description":"De kracht van een perfecte gezondheid","publisher":{"@id":"https:\/\/phipower.org\/it\/#organization"},"potentialAction":[{"@type":"SearchAction","target":{"@type":"EntryPoint","urlTemplate":"https:\/\/phipower.org\/it\/?s={search_term_string}"},"query-input":{"@type":"PropertyValueSpecification","valueRequired":true,"valueName":"search_term_string"}}],"inLanguage":"it-IT"},{"@type":"Organization","@id":"https:\/\/phipower.org\/it\/#organization","name":"Phipower","url":"https:\/\/phipower.org\/it\/","logo":{"@type":"ImageObject","inLanguage":"it-IT","@id":"https:\/\/phipower.org\/it\/#\/schema\/logo\/image\/","url":"https:\/\/phipower.org\/wp-content\/uploads\/2019\/06\/z-logo-RGB-wit-power.png","contentUrl":"https:\/\/phipower.org\/wp-content\/uploads\/2019\/06\/z-logo-RGB-wit-power.png","width":3273,"height":1389,"caption":"Phipower"},"image":{"@id":"https:\/\/phipower.org\/it\/#\/schema\/logo\/image\/"},"sameAs":["https:\/\/www.facebook.com\/phipowertools\/","https:\/\/x.com\/phipower1","https:\/\/www.tiktok.com\/@phipowerhealth"]}]},"product_price_currency":"EUR","og_availability":"instock","product_availability":"instock","product_condition":"new"},"_links":{"self":[{"href":"https:\/\/phipower.org\/it\/wp-json\/wp\/v2\/product\/11844","targetHints":{"allow":["GET"]}}],"collection":[{"href":"https:\/\/phipower.org\/it\/wp-json\/wp\/v2\/product"}],"about":[{"href":"https:\/\/phipower.org\/it\/wp-json\/wp\/v2\/types\/product"}],"replies":[{"embeddable":true,"href":"https:\/\/phipower.org\/it\/wp-json\/wp\/v2\/comments?post=11844"}],"wp:attachment":[{"href":"https:\/\/phipower.org\/it\/wp-json\/wp\/v2\/media?parent=11844"}],"wp:term":[{"taxonomy":"product_brand","embeddable":true,"href":"https:\/\/phipower.org\/it\/wp-json\/wp\/v2\/product_brand?post=11844"},{"taxonomy":"product_cat","embeddable":true,"href":"https:\/\/phipower.org\/it\/wp-json\/wp\/v2\/product_cat?post=11844"},{"taxonomy":"product_tag","embeddable":true,"href":"https:\/\/phipower.org\/it\/wp-json\/wp\/v2\/product_tag?post=11844"}],"curies":[{"name":"wp","href":"https:\/\/api.w.org\/{rel}","templated":true}]}}