{"id":3714,"date":"2018-09-04T21:38:04","date_gmt":"2018-09-04T21:38:04","guid":{"rendered":"https:\/\/phipower.org\/dichiarazione-di-non-responsabilita\/"},"modified":"2023-10-26T22:42:55","modified_gmt":"2023-10-26T22:42:55","slug":"dichiarazione-di-non-responsabilita","status":"publish","type":"page","link":"https:\/\/phipower.org\/it\/dichiarazione-di-non-responsabilita\/","title":{"rendered":"Dichiarazione di non responsabilit\u00e0"},"content":{"rendered":"<p>Questo sito web \u00e8 di propriet\u00e0 di Phipower. Non \u00e8 consentito divulgare, copiare o salvare il sito o parti di esso senza l&#8217;esplicita autorizzazione scritta di Phipower. Questa autorizzazione non \u00e8 necessaria per l&#8217;uso personale e non commerciale.<\/p>\n<p>Le informazioni visualizzate su questo sito web sono compilate da Phipower con costante cura e attenzione. Tuttavia, le informazioni pubblicate sul sito possono essere incomplete e\/o errate. I prezzi su questo sito web sono espressi in euro, incluso. 21% di IVA, e soggetto a eventuali errori e variazioni di prezzo.<\/p>\n<p>Le informazioni contenute nel sito vengono regolarmente integrate e\/o aggiornate. Phipower si riserva il diritto di apportare modifiche con effetto immediato e senza alcun preavviso.<\/p>\n<p>Tutte le informazioni, i prodotti e i servizi sono offerti nel loro stato attuale e senza alcuna garanzia (implicita) sulla loro disponibilit\u00e0, solidit\u00e0, idoneit\u00e0 per uno scopo particolare o altro.<\/p>\n<p>Sebbene Phipower si impegni al massimo per prevenire gli abusi, Phipower non \u00e8 responsabile delle informazioni e\/o dei messaggi inviati dagli utenti del sito web via Internet.<\/p>\n<p>Phipower esclude qualsiasi responsabilit\u00e0 per danni diretti o indiretti, di qualsiasi natura, derivanti da o in qualsiasi modo correlati al sito web.<\/p>\n","protected":false},"excerpt":{"rendered":"<p>Questo sito web \u00e8 di propriet\u00e0 di Phipower. Non \u00e8 consentito divulgare, copiare o salvare il sito o parti di esso senza l&#8217;esplicita autorizzazione scritta di Phipower. Questa autorizzazione non \u00e8 necessaria per l&#8217;uso personale e non commerciale. Le informazioni visualizzate su questo sito web sono compilate da Phipower con costante cura e attenzione. Tuttavia,&#8230;<\/p>\n","protected":false},"author":1,"featured_media":0,"parent":0,"menu_order":0,"comment_status":"closed","ping_status":"closed","template":"","meta":{"footnotes":""},"class_list":["post-3714","page","type-page","status-publish","hentry"],"yoast_head":"<!-- This site is optimized with the Yoast SEO Premium plugin v23.6 (Yoast SEO v27.2) - https:\/\/yoast.com\/product\/yoast-seo-premium-wordpress\/ -->\n<title>Phipower Disclaimer: informazioni importanti per gli utenti<\/title>\n<meta name=\"description\" content=\"Si prega di leggere l&#039;esclusione di responsabilit\u00e0 di Phipower per comprendere i termini e le condizioni di utilizzo del nostro sito web e dei nostri prodotti. Teniamo alla trasparenza e vogliamo assicurarci che abbiate tutte le informazioni di cui avete bisogno.\" \/>\n<meta name=\"robots\" content=\"index, follow, max-snippet:-1, max-image-preview:large, max-video-preview:-1\" \/>\n<link rel=\"canonical\" href=\"https:\/\/phipower.org\/it\/dichiarazione-di-non-responsabilita\/\" \/>\n<meta property=\"og:locale\" content=\"it_IT\" \/>\n<meta property=\"og:type\" content=\"article\" \/>\n<meta property=\"og:title\" content=\"Dichiarazione di non responsabilit\u00e0\" \/>\n<meta property=\"og:description\" content=\"Si prega di leggere l&#039;esclusione di responsabilit\u00e0 di Phipower per comprendere i termini e le condizioni di utilizzo del nostro sito web e dei nostri prodotti. Teniamo alla trasparenza e vogliamo assicurarci che abbiate tutte le informazioni di cui avete bisogno.\" \/>\n<meta property=\"og:url\" content=\"https:\/\/phipower.org\/it\/dichiarazione-di-non-responsabilita\/\" \/>\n<meta property=\"og:site_name\" content=\"Phipower\" \/>\n<meta property=\"article:publisher\" content=\"https:\/\/www.facebook.com\/phipowertools\/\" \/>\n<meta property=\"article:modified_time\" content=\"2023-10-26T22:42:55+00:00\" \/>\n<meta property=\"og:image\" content=\"https:\/\/phipower.org\/wp-content\/uploads\/2019\/07\/Stroomschema-Phipower.jpg\" \/>\n\t<meta property=\"og:image:width\" content=\"1920\" \/>\n\t<meta property=\"og:image:height\" content=\"1080\" \/>\n\t<meta property=\"og:image:type\" content=\"image\/jpeg\" \/>\n<meta name=\"twitter:card\" content=\"summary_large_image\" \/>\n<meta name=\"twitter:site\" content=\"@phipower1\" \/>\n<meta name=\"twitter:label1\" content=\"Tempo di lettura stimato\" \/>\n\t<meta name=\"twitter:data1\" content=\"1 minuto\" \/>\n<script type=\"application\/ld+json\" class=\"yoast-schema-graph\">{\"@context\":\"https:\/\/schema.org\",\"@graph\":[{\"@type\":\"WebPage\",\"@id\":\"https:\/\/phipower.org\/it\/dichiarazione-di-non-responsabilita\/\",\"url\":\"https:\/\/phipower.org\/it\/dichiarazione-di-non-responsabilita\/\",\"name\":\"Phipower Disclaimer: informazioni importanti per gli utenti\",\"isPartOf\":{\"@id\":\"https:\/\/phipower.org\/it\/#website\"},\"datePublished\":\"2018-09-04T21:38:04+00:00\",\"dateModified\":\"2023-10-26T22:42:55+00:00\",\"description\":\"Si prega di leggere l'esclusione di responsabilit\u00e0 di Phipower per comprendere i termini e le condizioni di utilizzo del nostro sito web e dei nostri prodotti. Teniamo alla trasparenza e vogliamo assicurarci che abbiate tutte le informazioni di cui avete bisogno.\",\"breadcrumb\":{\"@id\":\"https:\/\/phipower.org\/it\/dichiarazione-di-non-responsabilita\/#breadcrumb\"},\"inLanguage\":\"it-IT\",\"potentialAction\":[{\"@type\":\"ReadAction\",\"target\":[\"https:\/\/phipower.org\/it\/dichiarazione-di-non-responsabilita\/\"]}]},{\"@type\":\"BreadcrumbList\",\"@id\":\"https:\/\/phipower.org\/it\/dichiarazione-di-non-responsabilita\/#breadcrumb\",\"itemListElement\":[{\"@type\":\"ListItem\",\"position\":1,\"name\":\"Home\",\"item\":\"https:\/\/phipower.org\/it\/\"},{\"@type\":\"ListItem\",\"position\":2,\"name\":\"Dichiarazione di non responsabilit\u00e0\"}]},{\"@type\":\"WebSite\",\"@id\":\"https:\/\/phipower.org\/it\/#website\",\"url\":\"https:\/\/phipower.org\/it\/\",\"name\":\"Phipower: innovatieve gezondheidsproducten\",\"description\":\"De kracht van een perfecte gezondheid\",\"publisher\":{\"@id\":\"https:\/\/phipower.org\/it\/#organization\"},\"potentialAction\":[{\"@type\":\"SearchAction\",\"target\":{\"@type\":\"EntryPoint\",\"urlTemplate\":\"https:\/\/phipower.org\/it\/?s={search_term_string}\"},\"query-input\":{\"@type\":\"PropertyValueSpecification\",\"valueRequired\":true,\"valueName\":\"search_term_string\"}}],\"inLanguage\":\"it-IT\"},{\"@type\":\"Organization\",\"@id\":\"https:\/\/phipower.org\/it\/#organization\",\"name\":\"Phipower\",\"url\":\"https:\/\/phipower.org\/it\/\",\"logo\":{\"@type\":\"ImageObject\",\"inLanguage\":\"it-IT\",\"@id\":\"https:\/\/phipower.org\/it\/#\/schema\/logo\/image\/\",\"url\":\"https:\/\/phipower.org\/wp-content\/uploads\/2019\/06\/z-logo-RGB-wit-power.png\",\"contentUrl\":\"https:\/\/phipower.org\/wp-content\/uploads\/2019\/06\/z-logo-RGB-wit-power.png\",\"width\":3273,\"height\":1389,\"caption\":\"Phipower\"},\"image\":{\"@id\":\"https:\/\/phipower.org\/it\/#\/schema\/logo\/image\/\"},\"sameAs\":[\"https:\/\/www.facebook.com\/phipowertools\/\",\"https:\/\/x.com\/phipower1\",\"https:\/\/www.tiktok.com\/@phipowerhealth\"]}]}<\/script>\n<!-- \/ Yoast SEO Premium plugin. -->","yoast_head_json":{"title":"Phipower Disclaimer: informazioni importanti per gli utenti","description":"Si prega di leggere l'esclusione di responsabilit\u00e0 di Phipower per comprendere i termini e le condizioni di utilizzo del nostro sito web e dei nostri prodotti. Teniamo alla trasparenza e vogliamo assicurarci che abbiate tutte le informazioni di cui avete bisogno.","robots":{"index":"index","follow":"follow","max-snippet":"max-snippet:-1","max-image-preview":"max-image-preview:large","max-video-preview":"max-video-preview:-1"},"canonical":"https:\/\/phipower.org\/it\/dichiarazione-di-non-responsabilita\/","og_locale":"it_IT","og_type":"article","og_title":"Dichiarazione di non responsabilit\u00e0","og_description":"Si prega di leggere l'esclusione di responsabilit\u00e0 di Phipower per comprendere i termini e le condizioni di utilizzo del nostro sito web e dei nostri prodotti. Teniamo alla trasparenza e vogliamo assicurarci che abbiate tutte le informazioni di cui avete bisogno.","og_url":"https:\/\/phipower.org\/it\/dichiarazione-di-non-responsabilita\/","og_site_name":"Phipower","article_publisher":"https:\/\/www.facebook.com\/phipowertools\/","article_modified_time":"2023-10-26T22:42:55+00:00","og_image":[{"width":1920,"height":1080,"url":"https:\/\/phipower.org\/wp-content\/uploads\/2019\/07\/Stroomschema-Phipower.jpg","type":"image\/jpeg"}],"twitter_card":"summary_large_image","twitter_site":"@phipower1","twitter_misc":{"Tempo di lettura stimato":"1 minuto"},"schema":{"@context":"https:\/\/schema.org","@graph":[{"@type":"WebPage","@id":"https:\/\/phipower.org\/it\/dichiarazione-di-non-responsabilita\/","url":"https:\/\/phipower.org\/it\/dichiarazione-di-non-responsabilita\/","name":"Phipower Disclaimer: informazioni importanti per gli utenti","isPartOf":{"@id":"https:\/\/phipower.org\/it\/#website"},"datePublished":"2018-09-04T21:38:04+00:00","dateModified":"2023-10-26T22:42:55+00:00","description":"Si prega di leggere l'esclusione di responsabilit\u00e0 di Phipower per comprendere i termini e le condizioni di utilizzo del nostro sito web e dei nostri prodotti. Teniamo alla trasparenza e vogliamo assicurarci che abbiate tutte le informazioni di cui avete bisogno.","breadcrumb":{"@id":"https:\/\/phipower.org\/it\/dichiarazione-di-non-responsabilita\/#breadcrumb"},"inLanguage":"it-IT","potentialAction":[{"@type":"ReadAction","target":["https:\/\/phipower.org\/it\/dichiarazione-di-non-responsabilita\/"]}]},{"@type":"BreadcrumbList","@id":"https:\/\/phipower.org\/it\/dichiarazione-di-non-responsabilita\/#breadcrumb","itemListElement":[{"@type":"ListItem","position":1,"name":"Home","item":"https:\/\/phipower.org\/it\/"},{"@type":"ListItem","position":2,"name":"Dichiarazione di non responsabilit\u00e0"}]},{"@type":"WebSite","@id":"https:\/\/phipower.org\/it\/#website","url":"https:\/\/phipower.org\/it\/","name":"Phipower: innovatieve gezondheidsproducten","description":"De kracht van een perfecte gezondheid","publisher":{"@id":"https:\/\/phipower.org\/it\/#organization"},"potentialAction":[{"@type":"SearchAction","target":{"@type":"EntryPoint","urlTemplate":"https:\/\/phipower.org\/it\/?s={search_term_string}"},"query-input":{"@type":"PropertyValueSpecification","valueRequired":true,"valueName":"search_term_string"}}],"inLanguage":"it-IT"},{"@type":"Organization","@id":"https:\/\/phipower.org\/it\/#organization","name":"Phipower","url":"https:\/\/phipower.org\/it\/","logo":{"@type":"ImageObject","inLanguage":"it-IT","@id":"https:\/\/phipower.org\/it\/#\/schema\/logo\/image\/","url":"https:\/\/phipower.org\/wp-content\/uploads\/2019\/06\/z-logo-RGB-wit-power.png","contentUrl":"https:\/\/phipower.org\/wp-content\/uploads\/2019\/06\/z-logo-RGB-wit-power.png","width":3273,"height":1389,"caption":"Phipower"},"image":{"@id":"https:\/\/phipower.org\/it\/#\/schema\/logo\/image\/"},"sameAs":["https:\/\/www.facebook.com\/phipowertools\/","https:\/\/x.com\/phipower1","https:\/\/www.tiktok.com\/@phipowerhealth"]}]}},"_links":{"self":[{"href":"https:\/\/phipower.org\/it\/wp-json\/wp\/v2\/pages\/3714","targetHints":{"allow":["GET"]}}],"collection":[{"href":"https:\/\/phipower.org\/it\/wp-json\/wp\/v2\/pages"}],"about":[{"href":"https:\/\/phipower.org\/it\/wp-json\/wp\/v2\/types\/page"}],"author":[{"embeddable":true,"href":"https:\/\/phipower.org\/it\/wp-json\/wp\/v2\/users\/1"}],"replies":[{"embeddable":true,"href":"https:\/\/phipower.org\/it\/wp-json\/wp\/v2\/comments?post=3714"}],"version-history":[{"count":1,"href":"https:\/\/phipower.org\/it\/wp-json\/wp\/v2\/pages\/3714\/revisions"}],"predecessor-version":[{"id":4454,"href":"https:\/\/phipower.org\/it\/wp-json\/wp\/v2\/pages\/3714\/revisions\/4454"}],"wp:attachment":[{"href":"https:\/\/phipower.org\/it\/wp-json\/wp\/v2\/media?parent=3714"}],"curies":[{"name":"wp","href":"https:\/\/api.w.org\/{rel}","templated":true}]}}