{"id":7790,"date":"2025-09-22T13:02:13","date_gmt":"2025-09-22T13:02:13","guid":{"rendered":"https:\/\/phipower.org\/?post_type=product&#038;p=7790"},"modified":"2026-04-15T15:40:49","modified_gmt":"2026-04-15T15:40:49","slug":"inhalateur-dhydrogene-de-phipower-666-ml-min-dhydrogene-et-333-ml-min-doxygene","status":"publish","type":"product","link":"https:\/\/phipower.org\/fr\/product\/inhalateur-dhydrogene-de-phipower-666-ml-min-dhydrogene-et-333-ml-min-doxygene\/","title":{"rendered":"Inhalateur d&rsquo;hydrog\u00e8ne de Phipower &#8211; 666 ml\/min d&rsquo;hydrog\u00e8ne et 333 ml\/min d&rsquo;oxyg\u00e8ne"},"content":{"rendered":"<h1 data-start=\"139\" data-end=\"220\">Inhalateur d&rsquo;hydrog\u00e8ne de Phipower | 666 ml\/min d&rsquo;hydrog\u00e8ne et 333 ml\/min d&rsquo;oxyg\u00e8ne<\/h1>\n<p data-start=\"222\" data-end=\"613\">L&rsquo;<strong data-start=\"225\" data-end=\"261\">inhalateur d&rsquo;hydrog\u00e8ne de Phipower<\/strong> est un appareil de pointe con\u00e7u sp\u00e9cifiquement pour l&rsquo;<strong data-start=\"322\" data-end=\"343\">hydrog\u00e9noth\u00e9rapie<\/strong> et l&rsquo;<strong data-start=\"347\" data-end=\"372\">inhalation d&rsquo;oxyhydrog\u00e8ne<\/strong>. Avec un d\u00e9bit impressionnant de <strong data-start=\"408\" data-end=\"442\">666 ml d&rsquo;hydrog\u00e8ne gazeux par minute<\/strong> et <strong data-start=\"446\" data-end=\"481\">333 ml d&rsquo;oxyg\u00e8ne pur par minute<\/strong> (999 ml\/min au total), cet inhalateur offre une exp\u00e9rience puissante, stable et s\u00fbre pour une utilisation domestique et professionnelle. <\/p>\n<p data-start=\"615\" data-end=\"768\">Gr\u00e2ce \u00e0 sa technologie innovante et \u00e0 ses nombreux dispositifs de s\u00e9curit\u00e9, ce mod\u00e8le figure parmi les <strong data-start=\"710\" data-end=\"765\">inhalateurs d&rsquo;hydrog\u00e8ne les plus fiables du march\u00e9.<\/strong><\/p>\n<hr data-start=\"770\" data-end=\"773\">\n<h2 data-start=\"775\" data-end=\"803\">Principaux avantages<\/h2>\n<p data-start=\"804\" data-end=\"1291\">\u2714 <strong data-start=\"806\" data-end=\"826\">Grande capacit\u00e9 :<\/strong> d\u00e9bit total de gaz de 999 ml\/min (666 ml H\u2082 + 333 ml O\u2082)<br data-start=\"878\" data-end=\"881\">\u2714 <strong data-start=\"883\" data-end=\"902\">Gaz purs :<\/strong> \u2265 99,99% d&rsquo;hydrog\u00e8ne et d&rsquo;oxyg\u00e8ne purs<br data-start=\"938\" data-end=\"941\">\u2714 <strong data-start=\"943\" data-end=\"970\">Promotion de la sant\u00e9 :<\/strong> id\u00e9al pour la r\u00e9cup\u00e9ration, la relaxation et la vitalit\u00e9<br data-start=\"1017\" data-end=\"1020\">\u2714 <strong data-start=\"1022\" data-end=\"1042\">Capteurs intelligents :<\/strong> alarme d&rsquo;inclinaison, protection contre la surchauffe, surveillance de la qualit\u00e9 de l&rsquo;eau (TDS)<br data-start=\"1115\" data-end=\"1118\">\u2714 <strong data-start=\"1120\" data-end=\"1144\">Convivialit\u00e9 :<\/strong> mode jour\/nuit, r\u00e9glages de la minuterie et affichage clair<br data-start=\"1197\" data-end=\"1200\">\u2714 <strong data-start=\"1202\" data-end=\"1223\">Multifonctionnel :<\/strong> convient \u00e0 un usage unique ou \u00e0 plusieurs utilisateurs simultan\u00e9ment.<\/p>\n<hr data-start=\"1293\" data-end=\"1296\">\n<h2 data-start=\"1298\" data-end=\"1316\">Sp\u00e9cifications<\/h2>\n<ul data-start=\"1317\" data-end=\"1803\">\n<li data-start=\"1317\" data-end=\"1364\">\n<p data-start=\"1319\" data-end=\"1364\"><strong data-start=\"1319\" data-end=\"1329\">Mod\u00e8le :<\/strong> Inhalateur \u00e0 hydrog\u00e8ne de Phipower<\/p>\n<\/li>\n<li data-start=\"1365\" data-end=\"1400\">\n<p data-start=\"1367\" data-end=\"1400\"><strong data-start=\"1367\" data-end=\"1387\">D\u00e9bit d&rsquo;hydrog\u00e8ne :<\/strong> 666 ml\/min<\/p>\n<\/li>\n<li data-start=\"1401\" data-end=\"1434\">\n<p data-start=\"1403\" data-end=\"1434\"><strong data-start=\"1403\" data-end=\"1421\">D\u00e9bit d&rsquo;oxyg\u00e8ne :<\/strong> 333 ml\/min<\/p>\n<\/li>\n<li data-start=\"1435\" data-end=\"1469\">\n<p data-start=\"1437\" data-end=\"1469\"><strong data-start=\"1437\" data-end=\"1456\">D\u00e9bit total de gaz :<\/strong> 999 ml\/min<\/p>\n<\/li>\n<li data-start=\"1470\" data-end=\"1503\">\n<p data-start=\"1472\" data-end=\"1503\"><strong data-start=\"1472\" data-end=\"1492\">Puret\u00e9 de l&rsquo;hydrog\u00e8ne :<\/strong> \u2265 99,99%.<\/p>\n<\/li>\n<li data-start=\"1504\" data-end=\"1557\">\n<p data-start=\"1506\" data-end=\"1557\"><strong data-start=\"1506\" data-end=\"1525\">R\u00e9servoir d&rsquo;eau :<\/strong> 1,2 litre d&rsquo;eau distill\u00e9e<\/p>\n<\/li>\n<li data-start=\"1558\" data-end=\"1620\">\n<p data-start=\"1560\" data-end=\"1620\"><strong data-start=\"1560\" data-end=\"1578\">Syst\u00e8me de filtrage :<\/strong> filtre \u00e0 r\u00e9sine int\u00e9gr\u00e9 pour une eau pure<\/p>\n<\/li>\n<li data-start=\"1621\" data-end=\"1708\">\n<p data-start=\"1623\" data-end=\"1708\"><strong data-start=\"1623\" data-end=\"1639\">S\u00e9curit\u00e9 :<\/strong> protection contre la surchauffe, niveau d&rsquo;eau bas, d\u00e9tection de biais<\/p>\n<\/li>\n<li data-start=\"1709\" data-end=\"1738\">\n<p data-start=\"1711\" data-end=\"1738\"><strong data-start=\"1711\" data-end=\"1730\">Consommation \u00e9lectrique :<\/strong> 300 W<\/p>\n<\/li>\n<li data-start=\"1739\" data-end=\"1776\">\n<p data-start=\"1741\" data-end=\"1776\"><strong data-start=\"1741\" data-end=\"1754\">Tension :<\/strong> 110V-220V \/ 50-60Hz<\/p>\n<\/li>\n<li data-start=\"1777\" data-end=\"1803\">\n<p data-start=\"1779\" data-end=\"1803\"><strong data-start=\"1779\" data-end=\"1791\">Poids :<\/strong> environ 10 kg<\/p>\n<\/li>\n<\/ul>\n<hr data-start=\"1805\" data-end=\"1808\">\n<h2 data-start=\"1810\" data-end=\"1849\">Applications de la th\u00e9rapie par l&rsquo;hydrog\u00e8ne<\/h2>\n<p data-start=\"1850\" data-end=\"1922\"><strong data-start=\"1853\" data-end=\"1889\">L&rsquo;inhalateur d&rsquo;hydrog\u00e8ne de Phipower<\/strong> est utilis\u00e9 dans le monde entier :<\/p>\n<ul data-start=\"1923\" data-end=\"2203\">\n<li data-start=\"1923\" data-end=\"1983\">\n<p data-start=\"1925\" data-end=\"1983\"><strong data-start=\"1925\" data-end=\"1950\">Centres de bien-\u00eatre et de spa<\/strong> pour la d\u00e9tente et la vitalit\u00e9<\/p>\n<\/li>\n<li data-start=\"1984\" data-end=\"2070\">\n<p data-start=\"1986\" data-end=\"2070\"><strong data-start=\"1986\" data-end=\"2029\">Des cadres m\u00e9dicaux et th\u00e9rapeutiques<\/strong> pour soutenir les processus de r\u00e9tablissement<\/p>\n<\/li>\n<li data-start=\"2071\" data-end=\"2125\">\n<p data-start=\"2073\" data-end=\"2125\"><strong data-start=\"2073\" data-end=\"2089\">Utilisation \u00e0 domicile<\/strong> pour une hydroth\u00e9rapie quotidienne<\/p>\n<\/li>\n<li data-start=\"2126\" data-end=\"2203\">\n<p data-start=\"2128\" data-end=\"2203\"><strong data-start=\"2128\" data-end=\"2151\">Sports et r\u00e9\u00e9ducation<\/strong> pour r\u00e9cup\u00e9rer plus rapidement apr\u00e8s un exercice intense<\/p>\n<\/li>\n<\/ul>\n<hr data-start=\"2205\" data-end=\"2208\">\n<h2 data-start=\"2210\" data-end=\"2270\">Pourquoi choisir l&rsquo;inhalateur \u00e0 l&rsquo;hydrog\u00e8ne de Phipower ?<\/h2>\n<p data-start=\"2271\" data-end=\"2656\">L&rsquo;inhalateur d&rsquo;hydrog\u00e8ne de Phipower se distingue par sa <strong data-start=\"2335\" data-end=\"2355\">puissance<\/strong>, ses <strong data-start=\"2357\" data-end=\"2385\">caract\u00e9ristiques de s\u00e9curit\u00e9<\/strong> et sa <strong data-start=\"2389\" data-end=\"2413\">facilit\u00e9 d&rsquo;utilisation<\/strong>. Gr\u00e2ce \u00e0 ses <strong data-start=\"2426\" data-end=\"2452\">capteurs infrarouges TDS<\/strong> et \u00e0 ses <strong data-start=\"2456\" data-end=\"2482\">commandes intelligentes<\/strong>, vous pouvez \u00eatre s\u00fbr de toujours inhaler de l&rsquo;hydrog\u00e8ne et de l&rsquo;oxyg\u00e8ne propres et purs. L&rsquo;inhalateur est donc fiable, durable et id\u00e9al pour les d\u00e9butants comme pour les utilisateurs exp\u00e9riment\u00e9s.  <\/p>\n<hr data-start=\"2658\" data-end=\"2661\">\n<h1 data-start=\"2663\" data-end=\"2692\">FAQ &#8211; Questions fr\u00e9quemment pos\u00e9es<\/h1>\n<p data-start=\"2694\" data-end=\"2915\"><strong data-start=\"2694\" data-end=\"2755\">1. Quelle quantit\u00e9 d&rsquo;hydrog\u00e8ne et d&rsquo;oxyg\u00e8ne ce dispositif produit-il ?<\/strong><br data-start=\"2755\" data-end=\"2758\">L&rsquo;inhalateur d&rsquo;hydrog\u00e8ne de Phipower produit <strong data-start=\"2801\" data-end=\"2832\">666 ml d&rsquo;hydrog\u00e8ne par minute<\/strong> et <strong data-start=\"2836\" data-end=\"2866\">333 ml d&rsquo;oxyg\u00e8ne par minute<\/strong>, ce qui repr\u00e9sente une <strong data-start=\"2884\" data-end=\"2912\">production totale de 999 ml\/min.<\/strong><\/p>\n<p data-start=\"2917\" data-end=\"3138\"><strong data-start=\"2917\" data-end=\"2963\">2. L&rsquo;hydrog\u00e8ne peut-il \u00eatre inhal\u00e9 sans danger ?<\/strong><br data-start=\"2963\" data-end=\"2966\">Oui, l&rsquo;inhalateur produit de l&rsquo;hydrog\u00e8ne et de l&rsquo;oxyg\u00e8ne purs \u00e0 \u2265 99,99 %. De plus, l&rsquo;appareil est \u00e9quip\u00e9 de plusieurs capteurs et syst\u00e8mes de s\u00e9curit\u00e9 pour une utilisation sans danger. <\/p>\n<p data-start=\"3140\" data-end=\"3299\"><strong data-start=\"3140\" data-end=\"3176\">3. Quelle eau dois-je utiliser ?<\/strong><br data-start=\"3176\" data-end=\"3179\">Utilisez toujours de <strong data-start=\"3194\" data-end=\"3227\">l&rsquo;eau distill\u00e9e (TDS = 0)<\/strong>. Vous \u00e9viterez ainsi les d\u00e9p\u00f4ts de calcaire et prolongerez la dur\u00e9e de vie de l&rsquo;appareil. <\/p>\n<p data-start=\"3301\" data-end=\"3474\"><strong data-start=\"3301\" data-end=\"3345\">4. \u00c0 quelle fr\u00e9quence dois-je changer l&rsquo;eau ?<\/strong><br data-start=\"3345\" data-end=\"3348\">Le capteur intelligent de TDS vous avertit automatiquement lorsque l&rsquo;eau doit \u00eatre chang\u00e9e.<\/p>\n<p data-start=\"3476\" data-end=\"3660\"><strong data-start=\"3476\" data-end=\"3546\">5. L&rsquo;inhalateur peut-il \u00eatre utilis\u00e9 par plusieurs personnes en m\u00eame temps ?<\/strong><br data-start=\"3546\" data-end=\"3549\">Oui, les connecteurs Y et X fournis permettent \u00e0 plusieurs personnes d&rsquo;inhaler de l&rsquo;hydrog\u00e8ne ou de l&rsquo;oxyg\u00e8ne en m\u00eame temps.<\/p>\n<p data-start=\"3662\" data-end=\"3711\"><strong data-start=\"3662\" data-end=\"3709\">6. Comment entretenir l&rsquo;inhalateur d&rsquo;hydrog\u00e8ne ?<\/strong><\/p>\n<ul data-start=\"3712\" data-end=\"3900\">\n<li data-start=\"3712\" data-end=\"3755\">\n<p data-start=\"3714\" data-end=\"3755\">Utilisez uniquement de l&rsquo;eau distill\u00e9e<\/p>\n<\/li>\n<li data-start=\"3756\" data-end=\"3799\">\n<p data-start=\"3758\" data-end=\"3799\">Remplacez le filtre \u00e0 r\u00e9sine tous les 6 \u00e0 12 mois<\/p>\n<\/li>\n<li data-start=\"3800\" data-end=\"3850\">\n<p data-start=\"3802\" data-end=\"3850\">Nettoyez r\u00e9guli\u00e8rement les tuyaux et les accessoires<\/p>\n<\/li>\n<li data-start=\"3851\" data-end=\"3900\">\n<p data-start=\"3853\" data-end=\"3900\">Suivez les notifications automatiques sur l&rsquo;\u00e9cran<\/p>\n<\/li>\n<\/ul>\n<p data-start=\"3902\" data-end=\"4091\"><strong data-start=\"3902\" data-end=\"3958\">7. Que se passe-t-il en cas de surchauffe de l&rsquo;appareil ?<\/strong><br data-start=\"3958\" data-end=\"3961\">L&rsquo;inhalateur d&rsquo;hydrog\u00e8ne de Phipower s&rsquo;\u00e9teint automatiquement en cas de surchauffe et peut \u00eatre r\u00e9utilis\u00e9 en toute s\u00e9curit\u00e9 apr\u00e8s refroidissement.<\/p>\n<p><strong>Garantie :<\/strong><br \/>\n1 an de garantie<\/p>\n<p><strong>Manuel :<\/strong><\/p>\n<p><a href=\"https:\/\/drive.google.com\/file\/d\/1tO_7LtcqlEKURvNFHeui5bd1c_mLjvrD\/view?usp=sharing\">T\u00e9l\u00e9chargez le manuel <strong>ici. <\/strong><\/a><\/p>\n<p>Pour plus d&rsquo;informations sur le potentiel de l&rsquo;hydrog\u00e8ne mol\u00e9culaire, voir <a href=\"https:\/\/www.ncbi.nlm.nih.gov\/pmc\/articles\/PMC3257754\/\">ce site web<\/a>.<\/p>\n","protected":false},"excerpt":{"rendered":"<p><strong>666 ml par minute d&rsquo;hydrog\u00e8ne pur (H2)<\/strong><br \/>\n<strong>333 ml par minute d&rsquo;oxyg\u00e8ne pur (O2)<\/strong><br \/>\n<strong>\u2714 l&rsquo;hydrog\u00e8ne est un puissant antioxydant<\/strong><br \/>\n<strong>\u2714 l&rsquo;hydrog\u00e8ne donne plus d&rsquo;\u00e9nergie<\/strong><br \/>\n<strong>\u2714 <\/strong><strong>renforce le syst\u00e8me immunitaire des cellules de l&rsquo;organisme<\/strong><br \/>\n<strong>\u2714 nourrit et prot\u00e8ge la peau<\/strong><br \/>\n<strong>\u2714 stimule le m\u00e9tabolisme<\/strong><br \/>\n<strong>\u2714 \u00e0 utiliser directement avec de l&rsquo;eau distill\u00e9e<\/strong><\/p>\n","protected":false},"featured_media":10554,"comment_status":"open","ping_status":"closed","template":"","meta":[],"product_brand":[],"product_cat":[964,963,965],"product_tag":[],"class_list":{"0":"post-7790","1":"product","2":"type-product","3":"status-publish","4":"has-post-thumbnail","6":"product_cat-inhalateur-de-gaz-hydrogene","7":"product_cat-produits","8":"product_cat-traitement-de-leau","9":"product_shipping_class-10-20-kg","11":"first","12":"instock","13":"taxable","14":"shipping-taxable","15":"purchasable","16":"product-type-simple"},"yoast_head":"<!-- This site is optimized with the Yoast SEO Premium plugin v23.6 (Yoast SEO v27.2) - https:\/\/yoast.com\/product\/yoast-seo-premium-wordpress\/ -->\n<title>Inhalateur d&#039;hydrog\u00e8ne Phipower | 666 ml\/min d&#039;hydrog\u00e8ne et 333 ml\/min d&#039;oxyg\u00e8ne<\/title>\n<meta name=\"description\" content=\"D\u00e9couvrez l&#039;inhalateur d&#039;hydrog\u00e8ne Phipower : 666 ml\/min d&#039;hydrog\u00e8ne et 333 ml\/min d&#039;oxyg\u00e8ne. S\u00fbr, puissant et id\u00e9al pour la th\u00e9rapie, la r\u00e9cup\u00e9ration et la vitalit\u00e9.\" \/>\n<meta name=\"robots\" content=\"index, follow, max-snippet:-1, max-image-preview:large, max-video-preview:-1\" \/>\n<link rel=\"canonical\" href=\"https:\/\/phipower.org\/fr\/product\/inhalateur-dhydrogene-de-phipower-666-ml-min-dhydrogene-et-333-ml-min-doxygene\/\" \/>\n<meta property=\"og:locale\" content=\"fr_FR\" \/>\n<meta property=\"og:type\" content=\"article\" \/>\n<meta property=\"og:title\" content=\"Inhalateur d&#039;hydrog\u00e8ne de Phipower - 666 ml\/min d&#039;hydrog\u00e8ne et 333 ml\/min d&#039;oxyg\u00e8ne\" \/>\n<meta property=\"og:description\" content=\"D\u00e9couvrez l&#039;inhalateur d&#039;hydrog\u00e8ne Phipower : 666 ml\/min d&#039;hydrog\u00e8ne et 333 ml\/min d&#039;oxyg\u00e8ne. S\u00fbr, puissant et id\u00e9al pour la th\u00e9rapie, la r\u00e9cup\u00e9ration et la vitalit\u00e9.\" \/>\n<meta property=\"og:url\" content=\"https:\/\/phipower.org\/fr\/product\/inhalateur-dhydrogene-de-phipower-666-ml-min-dhydrogene-et-333-ml-min-doxygene\/\" \/>\n<meta property=\"og:site_name\" content=\"Phipower\" \/>\n<meta property=\"article:publisher\" content=\"https:\/\/www.facebook.com\/phipowertools\/\" \/>\n<meta property=\"article:modified_time\" content=\"2026-04-15T15:40:49+00:00\" \/>\n<meta property=\"og:image\" content=\"https:\/\/phipower.org\/wp-content\/uploads\/2021\/09\/waterstofgas-inhaler-inhalator-H2-O2-300ml-H2-generator-medisch-apparaat-phipower-zijkant-1.jpg\" \/>\n\t<meta property=\"og:image:width\" content=\"1200\" \/>\n\t<meta property=\"og:image:height\" content=\"1200\" \/>\n\t<meta property=\"og:image:type\" content=\"image\/jpeg\" \/>\n<meta name=\"twitter:card\" content=\"summary_large_image\" \/>\n<meta name=\"twitter:site\" content=\"@phipower1\" \/>\n<meta name=\"twitter:label1\" content=\"Prix\" \/>\n\t<meta name=\"twitter:data1\" content=\"&euro;1.499,00\" \/>\n\t<meta name=\"twitter:label2\" content=\"Disponibilit\u00e9\" \/>\n\t<meta name=\"twitter:data2\" content=\"En stock\" \/>\n<script type=\"application\/ld+json\" class=\"yoast-schema-graph\">{\"@context\":\"https:\/\/schema.org\",\"@graph\":[{\"@type\":\"WebPage\",\"@id\":\"https:\/\/phipower.org\/fr\/product\/inhalateur-dhydrogene-de-phipower-666-ml-min-dhydrogene-et-333-ml-min-doxygene\/\",\"url\":\"https:\/\/phipower.org\/fr\/product\/inhalateur-dhydrogene-de-phipower-666-ml-min-dhydrogene-et-333-ml-min-doxygene\/\",\"name\":\"Inhalateur d'hydrog\u00e8ne Phipower | 666 ml\/min d'hydrog\u00e8ne et 333 ml\/min d'oxyg\u00e8ne\",\"isPartOf\":{\"@id\":\"https:\/\/phipower.org\/fr\/#website\"},\"primaryImageOfPage\":{\"@id\":\"https:\/\/phipower.org\/fr\/product\/inhalateur-dhydrogene-de-phipower-666-ml-min-dhydrogene-et-333-ml-min-doxygene\/#primaryimage\"},\"image\":{\"@id\":\"https:\/\/phipower.org\/fr\/product\/inhalateur-dhydrogene-de-phipower-666-ml-min-dhydrogene-et-333-ml-min-doxygene\/#primaryimage\"},\"thumbnailUrl\":\"https:\/\/phipower.org\/wp-content\/uploads\/2025\/09\/Waterstof-Inhalator-van-Phipower-666-mlmin-Waterstof-en-333-mlmin-Zuurstof.webp\",\"datePublished\":\"2025-09-22T13:02:13+00:00\",\"dateModified\":\"2026-04-15T15:40:49+00:00\",\"description\":\"D\u00e9couvrez l'inhalateur d'hydrog\u00e8ne Phipower : 666 ml\/min d'hydrog\u00e8ne et 333 ml\/min d'oxyg\u00e8ne. S\u00fbr, puissant et id\u00e9al pour la th\u00e9rapie, la r\u00e9cup\u00e9ration et la vitalit\u00e9.\",\"breadcrumb\":{\"@id\":\"https:\/\/phipower.org\/fr\/product\/inhalateur-dhydrogene-de-phipower-666-ml-min-dhydrogene-et-333-ml-min-doxygene\/#breadcrumb\"},\"inLanguage\":\"fr-FR\",\"potentialAction\":[{\"@type\":\"ReadAction\",\"target\":[\"https:\/\/phipower.org\/fr\/product\/inhalateur-dhydrogene-de-phipower-666-ml-min-dhydrogene-et-333-ml-min-doxygene\/\"]}]},{\"@type\":\"ImageObject\",\"inLanguage\":\"fr-FR\",\"@id\":\"https:\/\/phipower.org\/fr\/product\/inhalateur-dhydrogene-de-phipower-666-ml-min-dhydrogene-et-333-ml-min-doxygene\/#primaryimage\",\"url\":\"https:\/\/phipower.org\/wp-content\/uploads\/2025\/09\/Waterstof-Inhalator-van-Phipower-666-mlmin-Waterstof-en-333-mlmin-Zuurstof.webp\",\"contentUrl\":\"https:\/\/phipower.org\/wp-content\/uploads\/2025\/09\/Waterstof-Inhalator-van-Phipower-666-mlmin-Waterstof-en-333-mlmin-Zuurstof.webp\",\"width\":1920,\"height\":1920},{\"@type\":\"BreadcrumbList\",\"@id\":\"https:\/\/phipower.org\/fr\/product\/inhalateur-dhydrogene-de-phipower-666-ml-min-dhydrogene-et-333-ml-min-doxygene\/#breadcrumb\",\"itemListElement\":[{\"@type\":\"ListItem\",\"position\":1,\"name\":\"Home\",\"item\":\"https:\/\/phipower.org\/fr\/\"},{\"@type\":\"ListItem\",\"position\":2,\"name\":\"Boutique\",\"item\":\"https:\/\/phipower.org\/fr\/boutique\/\"},{\"@type\":\"ListItem\",\"position\":3,\"name\":\"Inhalateur d&#8217;hydrog\u00e8ne de Phipower &#8211; 666 ml\/min d&#8217;hydrog\u00e8ne et 333 ml\/min d&#8217;oxyg\u00e8ne\"}]},{\"@type\":\"WebSite\",\"@id\":\"https:\/\/phipower.org\/fr\/#website\",\"url\":\"https:\/\/phipower.org\/fr\/\",\"name\":\"Phipower: innovatieve gezondheidsproducten\",\"description\":\"innovatieve gezondheidsproducten\",\"publisher\":{\"@id\":\"https:\/\/phipower.org\/fr\/#organization\"},\"potentialAction\":[{\"@type\":\"SearchAction\",\"target\":{\"@type\":\"EntryPoint\",\"urlTemplate\":\"https:\/\/phipower.org\/fr\/?s={search_term_string}\"},\"query-input\":{\"@type\":\"PropertyValueSpecification\",\"valueRequired\":true,\"valueName\":\"search_term_string\"}}],\"inLanguage\":\"fr-FR\"},{\"@type\":\"Organization\",\"@id\":\"https:\/\/phipower.org\/fr\/#organization\",\"name\":\"Phipower\",\"url\":\"https:\/\/phipower.org\/fr\/\",\"logo\":{\"@type\":\"ImageObject\",\"inLanguage\":\"fr-FR\",\"@id\":\"https:\/\/phipower.org\/fr\/#\/schema\/logo\/image\/\",\"url\":\"https:\/\/phipower.org\/wp-content\/uploads\/2019\/06\/z-logo-RGB-wit-power.png\",\"contentUrl\":\"https:\/\/phipower.org\/wp-content\/uploads\/2019\/06\/z-logo-RGB-wit-power.png\",\"width\":3273,\"height\":1389,\"caption\":\"Phipower\"},\"image\":{\"@id\":\"https:\/\/phipower.org\/fr\/#\/schema\/logo\/image\/\"},\"sameAs\":[\"https:\/\/www.facebook.com\/phipowertools\/\",\"https:\/\/x.com\/phipower1\",\"https:\/\/www.tiktok.com\/@phipowerhealth\"]}]}<\/script>\n<meta property=\"product:price:amount\" content=\"1499.00\" \/>\n<meta property=\"product:price:currency\" content=\"EUR\" \/>\n<meta property=\"og:availability\" content=\"instock\" \/>\n<meta property=\"product:availability\" content=\"instock\" \/>\n<meta property=\"product:retailer_item_id\" content=\"7806140071688\" \/>\n<meta property=\"product:condition\" content=\"new\" \/>\n<!-- \/ Yoast SEO Premium plugin. -->","yoast_head_json":{"title":"Inhalateur d'hydrog\u00e8ne Phipower | 666 ml\/min d'hydrog\u00e8ne et 333 ml\/min d'oxyg\u00e8ne","description":"D\u00e9couvrez l'inhalateur d'hydrog\u00e8ne Phipower : 666 ml\/min d'hydrog\u00e8ne et 333 ml\/min d'oxyg\u00e8ne. S\u00fbr, puissant et id\u00e9al pour la th\u00e9rapie, la r\u00e9cup\u00e9ration et la vitalit\u00e9.","robots":{"index":"index","follow":"follow","max-snippet":"max-snippet:-1","max-image-preview":"max-image-preview:large","max-video-preview":"max-video-preview:-1"},"canonical":"https:\/\/phipower.org\/fr\/product\/inhalateur-dhydrogene-de-phipower-666-ml-min-dhydrogene-et-333-ml-min-doxygene\/","og_locale":"fr_FR","og_type":"article","og_title":"Inhalateur d'hydrog\u00e8ne de Phipower - 666 ml\/min d'hydrog\u00e8ne et 333 ml\/min d'oxyg\u00e8ne","og_description":"D\u00e9couvrez l'inhalateur d'hydrog\u00e8ne Phipower : 666 ml\/min d'hydrog\u00e8ne et 333 ml\/min d'oxyg\u00e8ne. S\u00fbr, puissant et id\u00e9al pour la th\u00e9rapie, la r\u00e9cup\u00e9ration et la vitalit\u00e9.","og_url":"https:\/\/phipower.org\/fr\/product\/inhalateur-dhydrogene-de-phipower-666-ml-min-dhydrogene-et-333-ml-min-doxygene\/","og_site_name":"Phipower","article_publisher":"https:\/\/www.facebook.com\/phipowertools\/","article_modified_time":"2026-04-15T15:40:49+00:00","og_image":[{"width":1200,"height":1200,"url":"https:\/\/phipower.org\/wp-content\/uploads\/2021\/09\/waterstofgas-inhaler-inhalator-H2-O2-300ml-H2-generator-medisch-apparaat-phipower-zijkant-1.jpg","type":"image\/jpeg"}],"twitter_card":"summary_large_image","twitter_site":"@phipower1","twitter_misc":{"Prix":"&euro;1.499,00","Disponibilit\u00e9":"En stock"},"schema":{"@context":"https:\/\/schema.org","@graph":[{"@type":"WebPage","@id":"https:\/\/phipower.org\/fr\/product\/inhalateur-dhydrogene-de-phipower-666-ml-min-dhydrogene-et-333-ml-min-doxygene\/","url":"https:\/\/phipower.org\/fr\/product\/inhalateur-dhydrogene-de-phipower-666-ml-min-dhydrogene-et-333-ml-min-doxygene\/","name":"Inhalateur d'hydrog\u00e8ne Phipower | 666 ml\/min d'hydrog\u00e8ne et 333 ml\/min d'oxyg\u00e8ne","isPartOf":{"@id":"https:\/\/phipower.org\/fr\/#website"},"primaryImageOfPage":{"@id":"https:\/\/phipower.org\/fr\/product\/inhalateur-dhydrogene-de-phipower-666-ml-min-dhydrogene-et-333-ml-min-doxygene\/#primaryimage"},"image":{"@id":"https:\/\/phipower.org\/fr\/product\/inhalateur-dhydrogene-de-phipower-666-ml-min-dhydrogene-et-333-ml-min-doxygene\/#primaryimage"},"thumbnailUrl":"https:\/\/phipower.org\/wp-content\/uploads\/2025\/09\/Waterstof-Inhalator-van-Phipower-666-mlmin-Waterstof-en-333-mlmin-Zuurstof.webp","datePublished":"2025-09-22T13:02:13+00:00","dateModified":"2026-04-15T15:40:49+00:00","description":"D\u00e9couvrez l'inhalateur d'hydrog\u00e8ne Phipower : 666 ml\/min d'hydrog\u00e8ne et 333 ml\/min d'oxyg\u00e8ne. S\u00fbr, puissant et id\u00e9al pour la th\u00e9rapie, la r\u00e9cup\u00e9ration et la vitalit\u00e9.","breadcrumb":{"@id":"https:\/\/phipower.org\/fr\/product\/inhalateur-dhydrogene-de-phipower-666-ml-min-dhydrogene-et-333-ml-min-doxygene\/#breadcrumb"},"inLanguage":"fr-FR","potentialAction":[{"@type":"ReadAction","target":["https:\/\/phipower.org\/fr\/product\/inhalateur-dhydrogene-de-phipower-666-ml-min-dhydrogene-et-333-ml-min-doxygene\/"]}]},{"@type":"ImageObject","inLanguage":"fr-FR","@id":"https:\/\/phipower.org\/fr\/product\/inhalateur-dhydrogene-de-phipower-666-ml-min-dhydrogene-et-333-ml-min-doxygene\/#primaryimage","url":"https:\/\/phipower.org\/wp-content\/uploads\/2025\/09\/Waterstof-Inhalator-van-Phipower-666-mlmin-Waterstof-en-333-mlmin-Zuurstof.webp","contentUrl":"https:\/\/phipower.org\/wp-content\/uploads\/2025\/09\/Waterstof-Inhalator-van-Phipower-666-mlmin-Waterstof-en-333-mlmin-Zuurstof.webp","width":1920,"height":1920},{"@type":"BreadcrumbList","@id":"https:\/\/phipower.org\/fr\/product\/inhalateur-dhydrogene-de-phipower-666-ml-min-dhydrogene-et-333-ml-min-doxygene\/#breadcrumb","itemListElement":[{"@type":"ListItem","position":1,"name":"Home","item":"https:\/\/phipower.org\/fr\/"},{"@type":"ListItem","position":2,"name":"Boutique","item":"https:\/\/phipower.org\/fr\/boutique\/"},{"@type":"ListItem","position":3,"name":"Inhalateur d&#8217;hydrog\u00e8ne de Phipower &#8211; 666 ml\/min d&#8217;hydrog\u00e8ne et 333 ml\/min d&#8217;oxyg\u00e8ne"}]},{"@type":"WebSite","@id":"https:\/\/phipower.org\/fr\/#website","url":"https:\/\/phipower.org\/fr\/","name":"Phipower: innovatieve gezondheidsproducten","description":"innovatieve gezondheidsproducten","publisher":{"@id":"https:\/\/phipower.org\/fr\/#organization"},"potentialAction":[{"@type":"SearchAction","target":{"@type":"EntryPoint","urlTemplate":"https:\/\/phipower.org\/fr\/?s={search_term_string}"},"query-input":{"@type":"PropertyValueSpecification","valueRequired":true,"valueName":"search_term_string"}}],"inLanguage":"fr-FR"},{"@type":"Organization","@id":"https:\/\/phipower.org\/fr\/#organization","name":"Phipower","url":"https:\/\/phipower.org\/fr\/","logo":{"@type":"ImageObject","inLanguage":"fr-FR","@id":"https:\/\/phipower.org\/fr\/#\/schema\/logo\/image\/","url":"https:\/\/phipower.org\/wp-content\/uploads\/2019\/06\/z-logo-RGB-wit-power.png","contentUrl":"https:\/\/phipower.org\/wp-content\/uploads\/2019\/06\/z-logo-RGB-wit-power.png","width":3273,"height":1389,"caption":"Phipower"},"image":{"@id":"https:\/\/phipower.org\/fr\/#\/schema\/logo\/image\/"},"sameAs":["https:\/\/www.facebook.com\/phipowertools\/","https:\/\/x.com\/phipower1","https:\/\/www.tiktok.com\/@phipowerhealth"]}]},"product_price_amount":"1499.00","product_price_currency":"EUR","og_availability":"instock","product_availability":"instock","product_retailer_item_id":"7806140071688","product_condition":"new"},"_links":{"self":[{"href":"https:\/\/phipower.org\/fr\/wp-json\/wp\/v2\/product\/7790","targetHints":{"allow":["GET"]}}],"collection":[{"href":"https:\/\/phipower.org\/fr\/wp-json\/wp\/v2\/product"}],"about":[{"href":"https:\/\/phipower.org\/fr\/wp-json\/wp\/v2\/types\/product"}],"replies":[{"embeddable":true,"href":"https:\/\/phipower.org\/fr\/wp-json\/wp\/v2\/comments?post=7790"}],"wp:featuredmedia":[{"embeddable":true,"href":"https:\/\/phipower.org\/fr\/wp-json\/wp\/v2\/media\/10554"}],"wp:attachment":[{"href":"https:\/\/phipower.org\/fr\/wp-json\/wp\/v2\/media?parent=7790"}],"wp:term":[{"taxonomy":"product_brand","embeddable":true,"href":"https:\/\/phipower.org\/fr\/wp-json\/wp\/v2\/product_brand?post=7790"},{"taxonomy":"product_cat","embeddable":true,"href":"https:\/\/phipower.org\/fr\/wp-json\/wp\/v2\/product_cat?post=7790"},{"taxonomy":"product_tag","embeddable":true,"href":"https:\/\/phipower.org\/fr\/wp-json\/wp\/v2\/product_tag?post=7790"}],"curies":[{"name":"wp","href":"https:\/\/api.w.org\/{rel}","templated":true}]}}