{"id":7473,"date":"2025-07-17T09:23:11","date_gmt":"2025-07-17T09:23:11","guid":{"rendered":"https:\/\/phipower.org\/?post_type=product&#038;p=7473"},"modified":"2026-04-16T14:21:41","modified_gmt":"2026-04-16T14:21:41","slug":"agitateur-magnetique-agitateur-magnetique-fleur-de-vie-lumiere-led-pour-vitaliser-et-structurer-leau-phipower-kopie","status":"publish","type":"product","link":"https:\/\/phipower.org\/fr\/produit\/agitateur-magnetique-agitateur-magnetique-fleur-de-vie-lumiere-led-pour-vitaliser-et-structurer-leau-phipower-kopie\/","title":{"rendered":"Agitateur magn\u00e9tique | Fleur de Vie \u00c9ternelle | \u00c9clairage LED | Pour vitaliser et structurer l\u2019eau | Phipower"},"content":{"rendered":"<h1>Agitateur magn\u00e9tique pour la vitalisation et la structuration de l\u2019eau<\/h1>\n<h2>Transformez votre eau avec notre agitateur magn\u00e9tique<\/h2>\n<p>Donnez vie \u00e0 votre eau potable avec l\u2019innovant agitateur magn\u00e9tique Phipower. Cet outil avanc\u00e9 cr\u00e9e un tourbillon dans l\u2019eau, contribuant \u00e0 sa vitalit\u00e9 et \u00e0 sa structure. Gr\u00e2ce \u00e0 la combinaison de la technologie magn\u00e9tique et de l\u2019\u00e9clairage LED, cet appareil est con\u00e7u pour une qualit\u00e9 d\u2019eau optimale.  <\/p>\n<h2>Caract\u00e9ristiques principales<\/h2>\n<ul>\n<li><strong>Symbole de la Fleur de Vie \u00c9ternelle :<\/strong> Le symbole transparent de la Fleur de Vie \u00c9ternelle sur la surface (\u00e9galement appel\u00e9 Lotus de Vie) renforce les propri\u00e9t\u00e9s \u00e9nerg\u00e9tiques de l\u2019eau. Ce motif est connu pour son influence harmonisante et revitalisante. <\/li>\n<li><strong>\u00c9clairage LED statique :<\/strong> Quatre fr\u00e9quences lumineuses (405 nm violet, 470 nm bleu, 660 nm rouge et 850 nm infrarouge) am\u00e9liorent la vitalit\u00e9 de l\u2019eau en optimisant sa structure \u00e9nerg\u00e9tique.<\/li>\n<li><strong>Utilisation simple :<\/strong> Facilement r\u00e9glable avec un bouton rotatif et \u00e9quip\u00e9 d\u2019un bouton-poussoir m\u00e9tallique pour activer l\u2019\u00e9clairage LED.<\/li>\n<\/ul>\n<h2>Mode d\u2019emploi<\/h2>\n<ol>\n<li>Placez l\u2019agitateur magn\u00e9tique sur une surface de travail horizontale.<\/li>\n<li>Branchez l\u2019adaptateur secteur sur une prise 110-220 V et connectez le c\u00e2ble Type-C \u00e0 l\u2019agitateur.<\/li>\n<li>Remplissez une bouteille d\u2019eau juste en dessous du goulot et placez le barreau magn\u00e9tique au centre de la bouteille.<\/li>\n<li>Allumez l\u2019agitateur et r\u00e9glez la vitesse avec le bouton rotatif jusqu\u2019\u00e0 ce qu\u2019un tourbillon se forme.<\/li>\n<li>Si vous le souhaitez, activez l\u2019\u00e9clairage LED via le bouton-poussoir pour profiter des bienfaits des fr\u00e9quences lumineuses.<\/li>\n<\/ol>\n<p>Apr\u00e8s environ 10 \u00e0 20 minutes, l\u2019eau est suffisamment vitalis\u00e9e et structur\u00e9e, pr\u00eate \u00e0 \u00eatre bue.<\/p>\n<h2>R\u00e9glage pr\u00e9cis<\/h2>\n<p>Tournez le bouton vers la droite pour ajuster la vitesse de l\u2019agitateur magn\u00e9tique jusqu\u2019\u00e0 obtenir le tourbillon ou vortex souhait\u00e9. Ce processus demande de la pr\u00e9cision. \u00c0 une vitesse trop \u00e9lev\u00e9e, le barreau magn\u00e9tique peut se d\u00e9saxer et aucun tourbillon d\u2019eau ne sera form\u00e9. Il est conseill\u00e9 d\u2019augmenter la vitesse progressivement.   L\u2019eau a une m\u00e9moire et d\u00e8s que le premier tourbillon est atteint, la vitesse peut \u00eatre l\u00e9g\u00e8rement augment\u00e9e dans cette plage.<\/p>\n<h2>L\u2019effet positif des fr\u00e9quences lumineuses sur l\u2019eau<\/h2>\n<p>L\u2019agitateur magn\u00e9tique Phipower est \u00e9quip\u00e9 d\u2019un \u00e9clairage LED \u00e9mettant des fr\u00e9quences lumineuses sp\u00e9cifiques :<\/p>\n<ul>\n<li><strong>405 nm (violet) :<\/strong> Favorise la purification et l\u2019harmonisation.<\/li>\n<li><strong>470 nm (bleu) :<\/strong> Favorise le calme et la fra\u00eecheur.<\/li>\n<li><strong>660 nm (rouge) :<\/strong> Stimule l\u2019\u00e9nergie et la vitalit\u00e9.<\/li>\n<li><strong>850 nm (infrarouge) :<\/strong> Am\u00e9liore la structure \u00e9nerg\u00e9tique.<\/li>\n<\/ul>\n<h2>Optimisez avec des sph\u00e8res de cristal<\/h2>\n<p>Renforcez les effets de votre traitement de l\u2019eau en ajoutant d\u00e9licatement des sph\u00e8res de cristal rondes dans la bouteille \u00e0 vortex. Cet ajout optionnel am\u00e9liore la qualit\u00e9 \u00e9nerg\u00e9tique de l\u2019eau pour une exp\u00e9rience de vitalit\u00e9 encore plus profonde. Placez d\u00e9licatement les sph\u00e8res de cristal rondes dans l\u2019eau de la bouteille \u00e0 l\u2019aide d\u2019une cuill\u00e8re.  Veillez \u00e0 ne pas endommager la bouteille ou les sph\u00e8res lors de leur insertion.<\/p>\n<h2>Sp\u00e9cifications techniques de l\u2019agitateur magn\u00e9tique<\/h2>\n<ul>\n<li><strong>Num\u00e9ro de mod\u00e8le :<\/strong> PHMS3000RPMLED<\/li>\n<li><strong>Moteur :<\/strong> Moteur sans balais (5 W)<\/li>\n<li><strong>Puissance LED :<\/strong> 3 W<\/li>\n<li><strong>Surface de travail :<\/strong> 120 x 120 mm<\/li>\n<li><strong>Volume d\u2019agitation maximal :<\/strong> 3 litres<\/li>\n<li><strong>Plage de vitesse :<\/strong> 500-3000 tr\/min<\/li>\n<li><strong>Couleurs LED :<\/strong> Violet (405 nm), Bleu (470 nm), Rouge (660 nm), Infrarouge (850 nm)<\/li>\n<li><strong>Dimensions :<\/strong> 146 x 156 x 45 mm<\/li>\n<li><strong>Poids :<\/strong> 450 g net, 650 g brut<\/li>\n<li><strong>Temp\u00e9rature de fonctionnement :<\/strong> 5-40 \u00b0C<\/li>\n<li><strong>Humidit\u00e9 :<\/strong> Max. 80 %<\/li>\n<\/ul>\n<h2>Contenu de l\u2019emballage<\/h2>\n<ul>\n<li>Manuel<\/li>\n<li>Agitateur magn\u00e9tique<\/li>\n<li>Adaptateur secteur 12 V<\/li>\n<li>Barreau magn\u00e9tique<\/li>\n<\/ul>\n<h2>Les 10 bienfaits de l\u2019eau structur\u00e9e :<\/h2>\n<p>Voici un aper\u00e7u des 10 bienfaits de l\u2019utilisation d\u2019une eau tourbillonn\u00e9e par vortex et structur\u00e9e :<\/p>\n<ol>\n<li>Hydratation am\u00e9lior\u00e9e : Gr\u00e2ce \u00e0 la structuration des mol\u00e9cules d\u2019eau, celles-ci sont plus facilement absorb\u00e9es par les cellules du corps, ce qui entra\u00eene une meilleure hydratation au niveau cellulaire.<\/li>\n<li>Vitalit\u00e9 accrue : Le tourbillonnement et la structuration de l\u2019eau via un vortex augmentent sa qualit\u00e9 \u00e9nerg\u00e9tique, ce qui peut mener \u00e0 un sentiment accru de vitalit\u00e9 et de bien-\u00eatre lors d\u2019une consommation r\u00e9guli\u00e8re.<\/li>\n<li>Meilleur profil gustatif : L\u2019eau structur\u00e9e a souvent un go\u00fbt plus doux et plus fluide, ce qui rend sa consommation plus agr\u00e9able et peut encourager \u00e0 boire davantage d\u2019eau.<\/li>\n<li>Meilleure absorption des nutriments : L\u2019eau structur\u00e9e peut am\u00e9liorer l\u2019absorption des nutriments issus des aliments et des compl\u00e9ments, permettant au corps de mieux profiter des nutriments qu\u2019il re\u00e7oit.<\/li>\n<li>Soutien de la digestion : Boire de l\u2019eau tourbillonn\u00e9e peut favoriser la digestion et aider le corps \u00e0 traiter les aliments plus efficacement.<\/li>\n<li>Effets d\u00e9toxifiants : La structure am\u00e9lior\u00e9e de l\u2019eau peut aider \u00e0 d\u00e9toxifier le corps en facilitant l\u2019\u00e9limination des toxines et des d\u00e9chets.<\/li>\n<li>Meilleure absorption de l\u2019oxyg\u00e8ne : L\u2019eau structur\u00e9e peut augmenter la solubilit\u00e9 de l\u2019oxyg\u00e8ne dans l\u2019eau, permettant au corps de mieux absorber et transporter l\u2019oxyg\u00e8ne vers les cellules et les tissus.<\/li>\n<li>Activit\u00e9 antioxydante accrue : Certaines \u00e9tudes sugg\u00e8rent que l\u2019eau structur\u00e9e peut pr\u00e9senter une activit\u00e9 antioxydante accrue, contribuant \u00e0 neutraliser les radicaux libres et \u00e0 r\u00e9duire le stress oxydatif dans le corps.<\/li>\n<li>Meilleure condition de la peau et des cheveux : Boire r\u00e9guli\u00e8rement de l\u2019eau tourbillonn\u00e9e peut contribuer \u00e0 une peau et des cheveux plus sains, car elle hydrate et aide \u00e0 \u00e9liminer les toxines pouvant les endommager.<\/li>\n<li>\u00c9cologique : La structuration de l\u2019eau ne n\u00e9cessite aucun ajout de produits chimiques ni de sources d\u2019\u00e9nergie externes, ce qui en fait un moyen \u00e9cologique et durable d\u2019am\u00e9liorer la qualit\u00e9 de l\u2019eau potable.<\/li>\n<\/ol>\n<h2>Am\u00e9liorez la qualit\u00e9 de votre eau en toute simplicit\u00e9<\/h2>\n<p>Lib\u00e9rez tout le potentiel de votre eau potable avec notre agitateur magn\u00e9tique. Facile \u00e0 utiliser, avec des r\u00e9sultats \u00e9tonnants. Commandez maintenant et profitez d\u2019une r\u00e9volution rafra\u00eechissante de la qualit\u00e9 de l\u2019eau ! <\/p>\n","protected":false},"excerpt":{"rendered":"<p><strong>\u2714 agitateur magn\u00e9tique<\/strong><br \/>\n<strong>\u2714 cr\u00e9e un vortex naturel dans l\u2019eau<\/strong><br \/>\n<strong>\u2714 structure et vitalise l\u2019eau<\/strong><\/p>\n","protected":false},"featured_media":7524,"comment_status":"open","ping_status":"closed","template":"","meta":[],"product_brand":[],"product_cat":[1071,1080,967,963,965],"product_tag":[],"class_list":{"0":"post-7473","1":"product","2":"type-product","3":"status-publish","4":"has-post-thumbnail","6":"product_cat-eau-structuree","7":"product_cat-eau-vitalisee","8":"product_cat-frequences","9":"product_cat-produits","10":"product_cat-traitement-de-leau","11":"product_shipping_class-0-2-kg","13":"first","14":"instock","15":"taxable","16":"shipping-taxable","17":"purchasable","18":"product-type-simple"},"yoast_head":"<!-- This site is optimized with the Yoast SEO Premium plugin v23.6 (Yoast SEO v27.2) - https:\/\/yoast.com\/product\/yoast-seo-premium-wordpress\/ -->\n<title>Agitateur magn\u00e9tique pour la vitalisation de l\u2019eau \u2013 Phipower<\/title>\n<meta name=\"description\" content=\"Am\u00e9liorez la vitalit\u00e9 et la structure de votre eau potable avec l\u2019agitateur magn\u00e9tique Phipower. Vortex magn\u00e9tique et fr\u00e9quences lumineuses LED pour une eau optimale.\" \/>\n<meta name=\"robots\" content=\"index, follow, max-snippet:-1, max-image-preview:large, max-video-preview:-1\" \/>\n<link rel=\"canonical\" href=\"https:\/\/phipower.org\/fr\/produit\/agitateur-magnetique-agitateur-magnetique-fleur-de-vie-lumiere-led-pour-vitaliser-et-structurer-leau-phipower-kopie\/\" \/>\n<meta property=\"og:locale\" content=\"fr_FR\" \/>\n<meta property=\"og:type\" content=\"article\" \/>\n<meta property=\"og:title\" content=\"Agitateur magn\u00e9tique | Fleur de Vie \u00c9ternelle | \u00c9clairage LED | Pour vitaliser et structurer l\u2019eau | Phipower\" \/>\n<meta property=\"og:description\" content=\"Am\u00e9liorez la vitalit\u00e9 et la structure de votre eau potable avec l\u2019agitateur magn\u00e9tique Phipower. Vortex magn\u00e9tique et fr\u00e9quences lumineuses LED pour une eau optimale.\" \/>\n<meta property=\"og:url\" content=\"https:\/\/phipower.org\/fr\/produit\/agitateur-magnetique-agitateur-magnetique-fleur-de-vie-lumiere-led-pour-vitaliser-et-structurer-leau-phipower-kopie\/\" \/>\n<meta property=\"og:site_name\" content=\"Phipower\" \/>\n<meta property=\"article:publisher\" content=\"https:\/\/www.facebook.com\/phipowertools\/\" \/>\n<meta property=\"article:modified_time\" content=\"2026-04-16T14:21:41+00:00\" \/>\n<meta property=\"og:image\" content=\"https:\/\/phipower.org\/wp-content\/uploads\/2018\/09\/photo-1-36-1.jpg\" \/>\n\t<meta property=\"og:image:width\" content=\"750\" \/>\n\t<meta property=\"og:image:height\" content=\"750\" \/>\n\t<meta property=\"og:image:type\" content=\"image\/jpeg\" \/>\n<meta name=\"twitter:card\" content=\"summary_large_image\" \/>\n<meta name=\"twitter:site\" content=\"@phipower1\" \/>\n<meta name=\"twitter:label1\" content=\"Prix\" \/>\n\t<meta name=\"twitter:data1\" content=\"&euro;79,00\" \/>\n\t<meta name=\"twitter:label2\" content=\"Disponibilit\u00e9\" \/>\n\t<meta name=\"twitter:data2\" content=\"En stock\" \/>\n<script type=\"application\/ld+json\" class=\"yoast-schema-graph\">{\"@context\":\"https:\/\/schema.org\",\"@graph\":[{\"@type\":\"WebPage\",\"@id\":\"https:\/\/phipower.org\/fr\/produit\/agitateur-magnetique-agitateur-magnetique-fleur-de-vie-lumiere-led-pour-vitaliser-et-structurer-leau-phipower-kopie\/\",\"url\":\"https:\/\/phipower.org\/fr\/produit\/agitateur-magnetique-agitateur-magnetique-fleur-de-vie-lumiere-led-pour-vitaliser-et-structurer-leau-phipower-kopie\/\",\"name\":\"Agitateur magn\u00e9tique pour la vitalisation de l\u2019eau \u2013 Phipower\",\"isPartOf\":{\"@id\":\"https:\/\/phipower.org\/fr\/#website\"},\"primaryImageOfPage\":{\"@id\":\"https:\/\/phipower.org\/fr\/produit\/agitateur-magnetique-agitateur-magnetique-fleur-de-vie-lumiere-led-pour-vitaliser-et-structurer-leau-phipower-kopie\/#primaryimage\"},\"image\":{\"@id\":\"https:\/\/phipower.org\/fr\/produit\/agitateur-magnetique-agitateur-magnetique-fleur-de-vie-lumiere-led-pour-vitaliser-et-structurer-leau-phipower-kopie\/#primaryimage\"},\"thumbnailUrl\":\"https:\/\/phipower.org\/wp-content\/uploads\/2025\/07\/Magneet-roerder-ethernal-flower-of-life-voor-vitaal-water-met-led-zijkant.jpg\",\"datePublished\":\"2025-07-17T09:23:11+00:00\",\"dateModified\":\"2026-04-16T14:21:41+00:00\",\"description\":\"Am\u00e9liorez la vitalit\u00e9 et la structure de votre eau potable avec l\u2019agitateur magn\u00e9tique Phipower. Vortex magn\u00e9tique et fr\u00e9quences lumineuses LED pour une eau optimale.\",\"breadcrumb\":{\"@id\":\"https:\/\/phipower.org\/fr\/produit\/agitateur-magnetique-agitateur-magnetique-fleur-de-vie-lumiere-led-pour-vitaliser-et-structurer-leau-phipower-kopie\/#breadcrumb\"},\"inLanguage\":\"fr-FR\",\"potentialAction\":[{\"@type\":\"ReadAction\",\"target\":[\"https:\/\/phipower.org\/fr\/produit\/agitateur-magnetique-agitateur-magnetique-fleur-de-vie-lumiere-led-pour-vitaliser-et-structurer-leau-phipower-kopie\/\"]}]},{\"@type\":\"ImageObject\",\"inLanguage\":\"fr-FR\",\"@id\":\"https:\/\/phipower.org\/fr\/produit\/agitateur-magnetique-agitateur-magnetique-fleur-de-vie-lumiere-led-pour-vitaliser-et-structurer-leau-phipower-kopie\/#primaryimage\",\"url\":\"https:\/\/phipower.org\/wp-content\/uploads\/2025\/07\/Magneet-roerder-ethernal-flower-of-life-voor-vitaal-water-met-led-zijkant.jpg\",\"contentUrl\":\"https:\/\/phipower.org\/wp-content\/uploads\/2025\/07\/Magneet-roerder-ethernal-flower-of-life-voor-vitaal-water-met-led-zijkant.jpg\",\"width\":1200,\"height\":1200},{\"@type\":\"BreadcrumbList\",\"@id\":\"https:\/\/phipower.org\/fr\/produit\/agitateur-magnetique-agitateur-magnetique-fleur-de-vie-lumiere-led-pour-vitaliser-et-structurer-leau-phipower-kopie\/#breadcrumb\",\"itemListElement\":[{\"@type\":\"ListItem\",\"position\":1,\"name\":\"Home\",\"item\":\"https:\/\/phipower.org\/fr\/\"},{\"@type\":\"ListItem\",\"position\":2,\"name\":\"Boutique\",\"item\":\"https:\/\/phipower.org\/fr\/boutique\/\"},{\"@type\":\"ListItem\",\"position\":3,\"name\":\"Agitateur magn\u00e9tique | Fleur de Vie \u00c9ternelle | \u00c9clairage LED | Pour vitaliser et structurer l\u2019eau | Phipower\"}]},{\"@type\":\"WebSite\",\"@id\":\"https:\/\/phipower.org\/fr\/#website\",\"url\":\"https:\/\/phipower.org\/fr\/\",\"name\":\"Phipower: innovatieve gezondheidsproducten\",\"description\":\"innovatieve gezondheidsproducten\",\"publisher\":{\"@id\":\"https:\/\/phipower.org\/fr\/#organization\"},\"potentialAction\":[{\"@type\":\"SearchAction\",\"target\":{\"@type\":\"EntryPoint\",\"urlTemplate\":\"https:\/\/phipower.org\/fr\/?s={search_term_string}\"},\"query-input\":{\"@type\":\"PropertyValueSpecification\",\"valueRequired\":true,\"valueName\":\"search_term_string\"}}],\"inLanguage\":\"fr-FR\"},{\"@type\":\"Organization\",\"@id\":\"https:\/\/phipower.org\/fr\/#organization\",\"name\":\"Phipower\",\"url\":\"https:\/\/phipower.org\/fr\/\",\"logo\":{\"@type\":\"ImageObject\",\"inLanguage\":\"fr-FR\",\"@id\":\"https:\/\/phipower.org\/fr\/#\/schema\/logo\/image\/\",\"url\":\"https:\/\/phipower.org\/wp-content\/uploads\/2019\/06\/z-logo-RGB-wit-power.png\",\"contentUrl\":\"https:\/\/phipower.org\/wp-content\/uploads\/2019\/06\/z-logo-RGB-wit-power.png\",\"width\":3273,\"height\":1389,\"caption\":\"Phipower\"},\"image\":{\"@id\":\"https:\/\/phipower.org\/fr\/#\/schema\/logo\/image\/\"},\"sameAs\":[\"https:\/\/www.facebook.com\/phipowertools\/\",\"https:\/\/x.com\/phipower1\",\"https:\/\/www.tiktok.com\/@phipowerhealth\"]}]}<\/script>\n<meta property=\"product:price:amount\" content=\"79.00\" \/>\n<meta property=\"product:price:currency\" content=\"EUR\" \/>\n<meta property=\"og:availability\" content=\"instock\" \/>\n<meta property=\"product:availability\" content=\"instock\" \/>\n<meta property=\"product:retailer_item_id\" content=\"7806140071732\" \/>\n<meta property=\"product:condition\" content=\"new\" \/>\n<!-- \/ Yoast SEO Premium plugin. -->","yoast_head_json":{"title":"Agitateur magn\u00e9tique pour la vitalisation de l\u2019eau \u2013 Phipower","description":"Am\u00e9liorez la vitalit\u00e9 et la structure de votre eau potable avec l\u2019agitateur magn\u00e9tique Phipower. Vortex magn\u00e9tique et fr\u00e9quences lumineuses LED pour une eau optimale.","robots":{"index":"index","follow":"follow","max-snippet":"max-snippet:-1","max-image-preview":"max-image-preview:large","max-video-preview":"max-video-preview:-1"},"canonical":"https:\/\/phipower.org\/fr\/produit\/agitateur-magnetique-agitateur-magnetique-fleur-de-vie-lumiere-led-pour-vitaliser-et-structurer-leau-phipower-kopie\/","og_locale":"fr_FR","og_type":"article","og_title":"Agitateur magn\u00e9tique | Fleur de Vie \u00c9ternelle | \u00c9clairage LED | Pour vitaliser et structurer l\u2019eau | Phipower","og_description":"Am\u00e9liorez la vitalit\u00e9 et la structure de votre eau potable avec l\u2019agitateur magn\u00e9tique Phipower. Vortex magn\u00e9tique et fr\u00e9quences lumineuses LED pour une eau optimale.","og_url":"https:\/\/phipower.org\/fr\/produit\/agitateur-magnetique-agitateur-magnetique-fleur-de-vie-lumiere-led-pour-vitaliser-et-structurer-leau-phipower-kopie\/","og_site_name":"Phipower","article_publisher":"https:\/\/www.facebook.com\/phipowertools\/","article_modified_time":"2026-04-16T14:21:41+00:00","og_image":[{"width":750,"height":750,"url":"https:\/\/phipower.org\/wp-content\/uploads\/2018\/09\/photo-1-36-1.jpg","type":"image\/jpeg"}],"twitter_card":"summary_large_image","twitter_site":"@phipower1","twitter_misc":{"Prix":"&euro;79,00","Disponibilit\u00e9":"En stock"},"schema":{"@context":"https:\/\/schema.org","@graph":[{"@type":"WebPage","@id":"https:\/\/phipower.org\/fr\/produit\/agitateur-magnetique-agitateur-magnetique-fleur-de-vie-lumiere-led-pour-vitaliser-et-structurer-leau-phipower-kopie\/","url":"https:\/\/phipower.org\/fr\/produit\/agitateur-magnetique-agitateur-magnetique-fleur-de-vie-lumiere-led-pour-vitaliser-et-structurer-leau-phipower-kopie\/","name":"Agitateur magn\u00e9tique pour la vitalisation de l\u2019eau \u2013 Phipower","isPartOf":{"@id":"https:\/\/phipower.org\/fr\/#website"},"primaryImageOfPage":{"@id":"https:\/\/phipower.org\/fr\/produit\/agitateur-magnetique-agitateur-magnetique-fleur-de-vie-lumiere-led-pour-vitaliser-et-structurer-leau-phipower-kopie\/#primaryimage"},"image":{"@id":"https:\/\/phipower.org\/fr\/produit\/agitateur-magnetique-agitateur-magnetique-fleur-de-vie-lumiere-led-pour-vitaliser-et-structurer-leau-phipower-kopie\/#primaryimage"},"thumbnailUrl":"https:\/\/phipower.org\/wp-content\/uploads\/2025\/07\/Magneet-roerder-ethernal-flower-of-life-voor-vitaal-water-met-led-zijkant.jpg","datePublished":"2025-07-17T09:23:11+00:00","dateModified":"2026-04-16T14:21:41+00:00","description":"Am\u00e9liorez la vitalit\u00e9 et la structure de votre eau potable avec l\u2019agitateur magn\u00e9tique Phipower. Vortex magn\u00e9tique et fr\u00e9quences lumineuses LED pour une eau optimale.","breadcrumb":{"@id":"https:\/\/phipower.org\/fr\/produit\/agitateur-magnetique-agitateur-magnetique-fleur-de-vie-lumiere-led-pour-vitaliser-et-structurer-leau-phipower-kopie\/#breadcrumb"},"inLanguage":"fr-FR","potentialAction":[{"@type":"ReadAction","target":["https:\/\/phipower.org\/fr\/produit\/agitateur-magnetique-agitateur-magnetique-fleur-de-vie-lumiere-led-pour-vitaliser-et-structurer-leau-phipower-kopie\/"]}]},{"@type":"ImageObject","inLanguage":"fr-FR","@id":"https:\/\/phipower.org\/fr\/produit\/agitateur-magnetique-agitateur-magnetique-fleur-de-vie-lumiere-led-pour-vitaliser-et-structurer-leau-phipower-kopie\/#primaryimage","url":"https:\/\/phipower.org\/wp-content\/uploads\/2025\/07\/Magneet-roerder-ethernal-flower-of-life-voor-vitaal-water-met-led-zijkant.jpg","contentUrl":"https:\/\/phipower.org\/wp-content\/uploads\/2025\/07\/Magneet-roerder-ethernal-flower-of-life-voor-vitaal-water-met-led-zijkant.jpg","width":1200,"height":1200},{"@type":"BreadcrumbList","@id":"https:\/\/phipower.org\/fr\/produit\/agitateur-magnetique-agitateur-magnetique-fleur-de-vie-lumiere-led-pour-vitaliser-et-structurer-leau-phipower-kopie\/#breadcrumb","itemListElement":[{"@type":"ListItem","position":1,"name":"Home","item":"https:\/\/phipower.org\/fr\/"},{"@type":"ListItem","position":2,"name":"Boutique","item":"https:\/\/phipower.org\/fr\/boutique\/"},{"@type":"ListItem","position":3,"name":"Agitateur magn\u00e9tique | Fleur de Vie \u00c9ternelle | \u00c9clairage LED | Pour vitaliser et structurer l\u2019eau | Phipower"}]},{"@type":"WebSite","@id":"https:\/\/phipower.org\/fr\/#website","url":"https:\/\/phipower.org\/fr\/","name":"Phipower: innovatieve gezondheidsproducten","description":"innovatieve gezondheidsproducten","publisher":{"@id":"https:\/\/phipower.org\/fr\/#organization"},"potentialAction":[{"@type":"SearchAction","target":{"@type":"EntryPoint","urlTemplate":"https:\/\/phipower.org\/fr\/?s={search_term_string}"},"query-input":{"@type":"PropertyValueSpecification","valueRequired":true,"valueName":"search_term_string"}}],"inLanguage":"fr-FR"},{"@type":"Organization","@id":"https:\/\/phipower.org\/fr\/#organization","name":"Phipower","url":"https:\/\/phipower.org\/fr\/","logo":{"@type":"ImageObject","inLanguage":"fr-FR","@id":"https:\/\/phipower.org\/fr\/#\/schema\/logo\/image\/","url":"https:\/\/phipower.org\/wp-content\/uploads\/2019\/06\/z-logo-RGB-wit-power.png","contentUrl":"https:\/\/phipower.org\/wp-content\/uploads\/2019\/06\/z-logo-RGB-wit-power.png","width":3273,"height":1389,"caption":"Phipower"},"image":{"@id":"https:\/\/phipower.org\/fr\/#\/schema\/logo\/image\/"},"sameAs":["https:\/\/www.facebook.com\/phipowertools\/","https:\/\/x.com\/phipower1","https:\/\/www.tiktok.com\/@phipowerhealth"]}]},"product_price_amount":"79.00","product_price_currency":"EUR","og_availability":"instock","product_availability":"instock","product_retailer_item_id":"7806140071732","product_condition":"new"},"_links":{"self":[{"href":"https:\/\/phipower.org\/fr\/wp-json\/wp\/v2\/product\/7473","targetHints":{"allow":["GET"]}}],"collection":[{"href":"https:\/\/phipower.org\/fr\/wp-json\/wp\/v2\/product"}],"about":[{"href":"https:\/\/phipower.org\/fr\/wp-json\/wp\/v2\/types\/product"}],"replies":[{"embeddable":true,"href":"https:\/\/phipower.org\/fr\/wp-json\/wp\/v2\/comments?post=7473"}],"wp:featuredmedia":[{"embeddable":true,"href":"https:\/\/phipower.org\/fr\/wp-json\/wp\/v2\/media\/7524"}],"wp:attachment":[{"href":"https:\/\/phipower.org\/fr\/wp-json\/wp\/v2\/media?parent=7473"}],"wp:term":[{"taxonomy":"product_brand","embeddable":true,"href":"https:\/\/phipower.org\/fr\/wp-json\/wp\/v2\/product_brand?post=7473"},{"taxonomy":"product_cat","embeddable":true,"href":"https:\/\/phipower.org\/fr\/wp-json\/wp\/v2\/product_cat?post=7473"},{"taxonomy":"product_tag","embeddable":true,"href":"https:\/\/phipower.org\/fr\/wp-json\/wp\/v2\/product_tag?post=7473"}],"curies":[{"name":"wp","href":"https:\/\/api.w.org\/{rel}","templated":true}]}}