{"id":7193,"date":"2025-06-06T10:40:54","date_gmt":"2025-06-06T10:40:54","guid":{"rendered":"https:\/\/phipower.org\/?post_type=product&#038;p=7193"},"modified":"2026-05-09T10:12:25","modified_gmt":"2026-05-09T10:12:25","slug":"bouteille-a-remous-pour-vitaliser-et-structurer-leau-phipower-kopie-2","status":"publish","type":"product","link":"https:\/\/phipower.org\/fr\/produit\/bouteille-a-remous-pour-vitaliser-et-structurer-leau-phipower-kopie-2\/","title":{"rendered":"Bouteille de vitalisation d\u2019eau | 2,0 litres | Pour vitaliser et structurer l\u2019eau | Phipower"},"content":{"rendered":"<h1>Bouteille de Vitalisation d\u2019Eau Phipower \u2013 2,0 Litres<\/h1>\n<p><strong>Pour vitaliser et structurer l\u2019eau du robinet | Bouteille vortex artisanale en verre borosilicat\u00e9 | Avec bouchon en li\u00e8ge et support Analemma<\/strong><\/p>\n<h2>Transformez l\u2019eau du robinet en eau vivante et structur\u00e9e<\/h2>\n<p>D\u00e9couvrez la puissance de l\u2019eau vitalis\u00e9e avec la bouteille \u00e0 vortex Phipower fabriqu\u00e9e \u00e0 la main. Cette bouteille de haute qualit\u00e9 de 2,0 litres est sp\u00e9cialement con\u00e7ue pour structurer et \u00e9nergiser l\u2019eau via la technologie vortex. En combinaison avec un <a href=\"https:\/\/phipower.org\/product\/magneet-roerder-magnetic-strirrer-voor-vitaliseren-en-structureren-van-water-phipower\/\">agitateur magn\u00e9tique<\/a> et des <a href=\"https:\/\/phipower.org\/fr\/product\/triangle-dor-amethyste-cristal-de-montagne-quartz-rose-pour-vitaliser-et-structurer-leau-puissance\/\">cristaux<\/a>, vous cr\u00e9ez facilement chez vous une eau potable dot\u00e9e d\u2019une vitalit\u00e9 renouvel\u00e9e, d\u2019un go\u00fbt naturel et d\u2019une structure harmonique.  <\/p>\n<blockquote>\n<p><strong>\u26a0\ufe0f Attention :<\/strong> ce produit concerne uniquement la bouteille d\u2019eau.<br \/> Pour le pack complet incluant l\u2019agitateur magn\u00e9tique et les cristaux, cliquez <a href=\"https:\/\/phipower.org\/product\/vitaal-water-maker-2-0-liter-voor-gevitaliseerd-en-gestructureerd-water-phipower\/\">ici<\/a>.<\/p>\n<\/blockquote>\n<hr>\n<h2>Caract\u00e9ristiques principales#<\/h2>\n<ul>\n<li>\u2022 <strong>Fabriqu\u00e9e \u00e0 la main en verre borosilicat\u00e9 durable (Boro 3.3)<\/strong> \u2013 R\u00e9sistante \u00e0 la chaleur, aux rayures et adapt\u00e9e \u00e0 un usage quotidien<\/li>\n<li>\u2022 <strong>Lavable au lave-vaisselle<\/strong> \u2013 Facile \u00e0 nettoyer (lavage \u00e0 la main recommand\u00e9 pour une dur\u00e9e de vie prolong\u00e9e)<\/li>\n<li>\u2022 <strong>Contenance : 2,0 litres<\/strong> \u2013 Id\u00e9ale pour la maison, le bureau ou en d\u00e9placement<\/li>\n<li>\u2022 <strong>Bouchon en li\u00e8ge avec isolation phonique<\/strong> \u2013 R\u00e9duit le bruit pendant la formation du vortex<\/li>\n<li>\u2022 <strong data-start=\"1501\" data-end=\"1559\">Bouchon en Li\u00e8ge avec Trou de 10 mm \u2013 <a href=\"https:\/\/phipower.org\/fr\/produit\/valves-en-liege-pour-phipower-water-vitaliser-sound-attenuation-fixation-analemma-stir-bar-kopie\/\">Pour Tige d\u2019Agitation Analemma<\/a><\/strong><br data-start=\"1559\" data-end=\"1562\">\u2013 Placez votre tige d\u2019agitation en cristal fermement au centre du vortex<br data-start=\"1630\" data-end=\"1633\">\u2013 Combinez la structuration de l\u2019eau avec l\u2019effet \u00e9nerg\u00e9tique du verre de quartz<\/li>\n<li>\u2022 <a href=\"https:\/\/phipower.org\/fr\/product\/triangle-dor-amethyste-cristal-de-montagne-quartz-rose-pour-vitaliser-et-structurer-leau-puissance\/\"><strong>Optionnel avec pierres pr\u00e9cieuses<\/strong><\/a> \u2013 Combinez avec l\u2019am\u00e9thyste, le cristal de roche et le quartz rose pour un effet \u00e9nerg\u00e9tique suppl\u00e9mentaire<\/li>\n<\/ul>\n<hr>\n<h2>Comment \u00e7a marche ?<\/h2>\n<p>En pla\u00e7ant la bouteille sur un <a href=\"https:\/\/phipower.org\/product\/magneet-roerder-magnetic-strirrer-voor-vitaliseren-en-structureren-van-water-phipower\/\">agitateur magn\u00e9tique<\/a>, un vortex tourbillonnant se cr\u00e9e dans l\u2019eau. Ce tourbillon restructure l\u2019ordre mol\u00e9culaire de l\u2019eau, ce qui contribue \u00e0 un profil de boisson plus naturel, plus doux et plus vital. Ajoutez des pierres pr\u00e9cieuses pour un effet harmonisant suppl\u00e9mentaire.  <\/p>\n<hr>\n<h2>Application avec la <a href=\"https:\/\/phipower.org\/fr\/produit\/valves-en-liege-pour-phipower-water-vitaliser-sound-attenuation-fixation-analemma-stir-bar-kopie\/\">tige d\u2019agitation Analemma<\/a><\/h2>\n<p>La bouteille d\u2019eau est \u00e9quip\u00e9e d\u2019un <strong>support sp\u00e9cial en li\u00e8ge<\/strong> dans lequel la <a href=\"https:\/\/phipower.org\/fr\/produit\/valves-en-liege-pour-phipower-water-vitaliser-sound-attenuation-fixation-analemma-stir-bar-kopie\/\">tige d\u2019agitation Analemma<\/a> s\u2019ins\u00e8re parfaitement. Cette tige renforce les propri\u00e9t\u00e9s structurantes de l\u2019eau et contribue \u00e0 la stabilit\u00e9 durable de la structure vitale. <\/p>\n<hr>\n<h2>Nettoyage &amp; utilisation<\/h2>\n<ul>\n<li>Rincez la bouteille avant la premi\u00e8re utilisation avec de l\u2019eau ti\u00e8de et un savon doux<\/li>\n<li>Convient au lave-vaisselle, mais le lavage \u00e0 la main est recommand\u00e9<\/li>\n<li>Ajoutez les <a href=\"https:\/\/phipower.org\/fr\/product\/triangle-dor-amethyste-cristal-de-montagne-quartz-rose-pour-vitaliser-et-structurer-leau-puissance\/\">pierres pr\u00e9cieuses<\/a> avec pr\u00e9caution en tenant la bouteille horizontalement<\/li>\n<li>V\u00e9rifiez que le bouchon verseur est bien fix\u00e9 pour une utilisation en toute s\u00e9curit\u00e9<\/li>\n<\/ul>\n<hr>\n<h2>Durable &amp; esth\u00e9tique<\/h2>\n<p>Chaque bouteille est unique, fabriqu\u00e9e \u00e0 la main et allie artisanat et fonctionnalit\u00e9. Le design transparent permet au mouvement du vortex de prendre vie visuellement \u2013 un rituel \u00e0 la fois apaisant et puissant dans votre hydratation quotidienne. <\/p>\n<hr>\n<h2>Commandez maintenant et d\u00e9couvrez la puissance de l\u2019eau structur\u00e9e<\/h2>\n<p>Ressentez la diff\u00e9rence d\u2019une eau vivante et vitale. Commandez d\u00e8s aujourd\u2019hui votre <strong>Bouteille de Vitalisation d\u2019Eau Phipower 2,0 L<\/strong> et am\u00e9liorez votre exp\u00e9rience de boisson de mani\u00e8re naturelle. <\/p>\n","protected":false},"excerpt":{"rendered":"<p><strong>\u2714 bouteille \u00e0 vortex pour g\u00e9n\u00e9rer de l\u2019eau vitale<\/strong><br \/>\n<strong>\u2714 cr\u00e9e un vortex naturel dans l\u2019eau avec l\u2019agitateur magn\u00e9tique<\/strong><br \/>\n<strong>\u2714 structure et vitalise l\u2019eau<\/strong><br \/>\n<strong>\u2714 commandez le <a href=\"https:\/\/phipower.org\/product\/vitaal-water-maker-2-0-liter-voor-gevitaliseerd-en-gestructureerd-water-phipower\/\">pack produit complet ici<\/a><\/strong><\/p>\n","protected":false},"featured_media":7231,"comment_status":"open","ping_status":"closed","template":"","meta":[],"product_brand":[],"product_cat":[963,965],"product_tag":[],"class_list":{"0":"post-7193","1":"product","2":"type-product","3":"status-publish","4":"has-post-thumbnail","6":"product_cat-produits","7":"product_cat-traitement-de-leau","9":"first","10":"onbackorder","11":"taxable","12":"shipping-taxable","13":"purchasable","14":"product-type-simple"},"yoast_head":"<!-- This site is optimized with the Yoast SEO Premium plugin v23.6 (Yoast SEO v27.2) - https:\/\/yoast.com\/product\/yoast-seo-premium-wordpress\/ -->\n<title>Bouteille de Vitalisation d\u2019Eau Phipower 2,0 L \u2013 Pour une Eau Structur\u00e9e &amp; Vitale<\/title>\n<meta name=\"description\" content=\"D\u00e9couvrez la puissance de l\u2019eau vivante avec la Bouteille de Vitalisation d\u2019Eau Phipower 2,0 L. Fabriqu\u00e9e \u00e0 la main en verre borosilicat\u00e9, avec bouchons en li\u00e8ge.\" \/>\n<meta name=\"robots\" content=\"index, follow, max-snippet:-1, max-image-preview:large, max-video-preview:-1\" \/>\n<link rel=\"canonical\" href=\"https:\/\/phipower.org\/fr\/produit\/bouteille-a-remous-pour-vitaliser-et-structurer-leau-phipower-kopie-2\/\" \/>\n<meta property=\"og:locale\" content=\"fr_FR\" \/>\n<meta property=\"og:type\" content=\"article\" \/>\n<meta property=\"og:title\" content=\"Bouteille de vitalisation d\u2019eau | 2,0 litres | Pour vitaliser et structurer l\u2019eau | Phipower\" \/>\n<meta property=\"og:description\" content=\"D\u00e9couvrez la puissance de l\u2019eau vivante avec la Bouteille de Vitalisation d\u2019Eau Phipower 2,0 L. Fabriqu\u00e9e \u00e0 la main en verre borosilicat\u00e9, avec bouchons en li\u00e8ge.\" \/>\n<meta property=\"og:url\" content=\"https:\/\/phipower.org\/fr\/produit\/bouteille-a-remous-pour-vitaliser-et-structurer-leau-phipower-kopie-2\/\" \/>\n<meta property=\"og:site_name\" content=\"Phipower\" \/>\n<meta property=\"article:publisher\" content=\"https:\/\/www.facebook.com\/phipowertools\/\" \/>\n<meta property=\"article:modified_time\" content=\"2026-05-09T10:12:25+00:00\" \/>\n<meta property=\"og:image\" content=\"https:\/\/phipower.org\/wp-content\/uploads\/2018\/09\/photo-1-36-1.jpg\" \/>\n\t<meta property=\"og:image:width\" content=\"750\" \/>\n\t<meta property=\"og:image:height\" content=\"750\" \/>\n\t<meta property=\"og:image:type\" content=\"image\/jpeg\" \/>\n<meta name=\"twitter:card\" content=\"summary_large_image\" \/>\n<meta name=\"twitter:site\" content=\"@phipower1\" \/>\n<meta name=\"twitter:label1\" content=\"Prix\" \/>\n\t<meta name=\"twitter:data1\" content=\"&euro;99,00\" \/>\n\t<meta name=\"twitter:label2\" content=\"Disponibilit\u00e9\" \/>\n\t<meta name=\"twitter:data2\" content=\"En r\u00e9assort\" \/>\n<script type=\"application\/ld+json\" class=\"yoast-schema-graph\">{\"@context\":\"https:\/\/schema.org\",\"@graph\":[{\"@type\":\"WebPage\",\"@id\":\"https:\/\/phipower.org\/fr\/produit\/bouteille-a-remous-pour-vitaliser-et-structurer-leau-phipower-kopie-2\/\",\"url\":\"https:\/\/phipower.org\/fr\/produit\/bouteille-a-remous-pour-vitaliser-et-structurer-leau-phipower-kopie-2\/\",\"name\":\"Bouteille de Vitalisation d\u2019Eau Phipower 2,0 L \u2013 Pour une Eau Structur\u00e9e & Vitale\",\"isPartOf\":{\"@id\":\"https:\/\/phipower.org\/fr\/#website\"},\"primaryImageOfPage\":{\"@id\":\"https:\/\/phipower.org\/fr\/produit\/bouteille-a-remous-pour-vitaliser-et-structurer-leau-phipower-kopie-2\/#primaryimage\"},\"image\":{\"@id\":\"https:\/\/phipower.org\/fr\/produit\/bouteille-a-remous-pour-vitaliser-et-structurer-leau-phipower-kopie-2\/#primaryimage\"},\"thumbnailUrl\":\"https:\/\/phipower.org\/wp-content\/uploads\/2025\/06\/Vortex-Waterfles-2.0L-\u2013-Voor-Vitaliseren-Structureren-van-Water-Phipower-Water-Vitalisatie-Fles-met-kurk.jpg\",\"datePublished\":\"2025-06-06T10:40:54+00:00\",\"dateModified\":\"2026-05-09T10:12:25+00:00\",\"description\":\"D\u00e9couvrez la puissance de l\u2019eau vivante avec la Bouteille de Vitalisation d\u2019Eau Phipower 2,0 L. Fabriqu\u00e9e \u00e0 la main en verre borosilicat\u00e9, avec bouchons en li\u00e8ge.\",\"breadcrumb\":{\"@id\":\"https:\/\/phipower.org\/fr\/produit\/bouteille-a-remous-pour-vitaliser-et-structurer-leau-phipower-kopie-2\/#breadcrumb\"},\"inLanguage\":\"fr-FR\",\"potentialAction\":[{\"@type\":\"ReadAction\",\"target\":[\"https:\/\/phipower.org\/fr\/produit\/bouteille-a-remous-pour-vitaliser-et-structurer-leau-phipower-kopie-2\/\"]}]},{\"@type\":\"ImageObject\",\"inLanguage\":\"fr-FR\",\"@id\":\"https:\/\/phipower.org\/fr\/produit\/bouteille-a-remous-pour-vitaliser-et-structurer-leau-phipower-kopie-2\/#primaryimage\",\"url\":\"https:\/\/phipower.org\/wp-content\/uploads\/2025\/06\/Vortex-Waterfles-2.0L-\u2013-Voor-Vitaliseren-Structureren-van-Water-Phipower-Water-Vitalisatie-Fles-met-kurk.jpg\",\"contentUrl\":\"https:\/\/phipower.org\/wp-content\/uploads\/2025\/06\/Vortex-Waterfles-2.0L-\u2013-Voor-Vitaliseren-Structureren-van-Water-Phipower-Water-Vitalisatie-Fles-met-kurk.jpg\",\"width\":1200,\"height\":1200},{\"@type\":\"BreadcrumbList\",\"@id\":\"https:\/\/phipower.org\/fr\/produit\/bouteille-a-remous-pour-vitaliser-et-structurer-leau-phipower-kopie-2\/#breadcrumb\",\"itemListElement\":[{\"@type\":\"ListItem\",\"position\":1,\"name\":\"Home\",\"item\":\"https:\/\/phipower.org\/fr\/\"},{\"@type\":\"ListItem\",\"position\":2,\"name\":\"Shop\",\"item\":\"https:\/\/phipower.org\/shop\/\"},{\"@type\":\"ListItem\",\"position\":3,\"name\":\"Bouteille de vitalisation d\u2019eau | 2,0 litres | Pour vitaliser et structurer l\u2019eau | Phipower\"}]},{\"@type\":\"WebSite\",\"@id\":\"https:\/\/phipower.org\/fr\/#website\",\"url\":\"https:\/\/phipower.org\/fr\/\",\"name\":\"Phipower: innovatieve gezondheidsproducten\",\"description\":\"innovatieve gezondheidsproducten\",\"publisher\":{\"@id\":\"https:\/\/phipower.org\/fr\/#organization\"},\"potentialAction\":[{\"@type\":\"SearchAction\",\"target\":{\"@type\":\"EntryPoint\",\"urlTemplate\":\"https:\/\/phipower.org\/fr\/?s={search_term_string}\"},\"query-input\":{\"@type\":\"PropertyValueSpecification\",\"valueRequired\":true,\"valueName\":\"search_term_string\"}}],\"inLanguage\":\"fr-FR\"},{\"@type\":\"Organization\",\"@id\":\"https:\/\/phipower.org\/fr\/#organization\",\"name\":\"Phipower\",\"url\":\"https:\/\/phipower.org\/fr\/\",\"logo\":{\"@type\":\"ImageObject\",\"inLanguage\":\"fr-FR\",\"@id\":\"https:\/\/phipower.org\/fr\/#\/schema\/logo\/image\/\",\"url\":\"https:\/\/phipower.org\/wp-content\/uploads\/2019\/06\/z-logo-RGB-wit-power.png\",\"contentUrl\":\"https:\/\/phipower.org\/wp-content\/uploads\/2019\/06\/z-logo-RGB-wit-power.png\",\"width\":3273,\"height\":1389,\"caption\":\"Phipower\"},\"image\":{\"@id\":\"https:\/\/phipower.org\/fr\/#\/schema\/logo\/image\/\"},\"sameAs\":[\"https:\/\/www.facebook.com\/phipowertools\/\",\"https:\/\/x.com\/phipower1\",\"https:\/\/www.tiktok.com\/@phipowerhealth\"]}]}<\/script>\n<meta property=\"product:price:amount\" content=\"99.00\" \/>\n<meta property=\"product:price:currency\" content=\"EUR\" \/>\n<meta property=\"og:availability\" content=\"backorder\" \/>\n<meta property=\"product:availability\" content=\"available for order\" \/>\n<meta property=\"product:retailer_item_id\" content=\"7806140071633\" \/>\n<meta property=\"product:condition\" content=\"new\" \/>\n<!-- \/ Yoast SEO Premium plugin. -->","yoast_head_json":{"title":"Bouteille de Vitalisation d\u2019Eau Phipower 2,0 L \u2013 Pour une Eau Structur\u00e9e & Vitale","description":"D\u00e9couvrez la puissance de l\u2019eau vivante avec la Bouteille de Vitalisation d\u2019Eau Phipower 2,0 L. Fabriqu\u00e9e \u00e0 la main en verre borosilicat\u00e9, avec bouchons en li\u00e8ge.","robots":{"index":"index","follow":"follow","max-snippet":"max-snippet:-1","max-image-preview":"max-image-preview:large","max-video-preview":"max-video-preview:-1"},"canonical":"https:\/\/phipower.org\/fr\/produit\/bouteille-a-remous-pour-vitaliser-et-structurer-leau-phipower-kopie-2\/","og_locale":"fr_FR","og_type":"article","og_title":"Bouteille de vitalisation d\u2019eau | 2,0 litres | Pour vitaliser et structurer l\u2019eau | Phipower","og_description":"D\u00e9couvrez la puissance de l\u2019eau vivante avec la Bouteille de Vitalisation d\u2019Eau Phipower 2,0 L. Fabriqu\u00e9e \u00e0 la main en verre borosilicat\u00e9, avec bouchons en li\u00e8ge.","og_url":"https:\/\/phipower.org\/fr\/produit\/bouteille-a-remous-pour-vitaliser-et-structurer-leau-phipower-kopie-2\/","og_site_name":"Phipower","article_publisher":"https:\/\/www.facebook.com\/phipowertools\/","article_modified_time":"2026-05-09T10:12:25+00:00","og_image":[{"width":750,"height":750,"url":"https:\/\/phipower.org\/wp-content\/uploads\/2018\/09\/photo-1-36-1.jpg","type":"image\/jpeg"}],"twitter_card":"summary_large_image","twitter_site":"@phipower1","twitter_misc":{"Prix":"&euro;99,00","Disponibilit\u00e9":"En r\u00e9assort"},"schema":{"@context":"https:\/\/schema.org","@graph":[{"@type":"WebPage","@id":"https:\/\/phipower.org\/fr\/produit\/bouteille-a-remous-pour-vitaliser-et-structurer-leau-phipower-kopie-2\/","url":"https:\/\/phipower.org\/fr\/produit\/bouteille-a-remous-pour-vitaliser-et-structurer-leau-phipower-kopie-2\/","name":"Bouteille de Vitalisation d\u2019Eau Phipower 2,0 L \u2013 Pour une Eau Structur\u00e9e & Vitale","isPartOf":{"@id":"https:\/\/phipower.org\/fr\/#website"},"primaryImageOfPage":{"@id":"https:\/\/phipower.org\/fr\/produit\/bouteille-a-remous-pour-vitaliser-et-structurer-leau-phipower-kopie-2\/#primaryimage"},"image":{"@id":"https:\/\/phipower.org\/fr\/produit\/bouteille-a-remous-pour-vitaliser-et-structurer-leau-phipower-kopie-2\/#primaryimage"},"thumbnailUrl":"https:\/\/phipower.org\/wp-content\/uploads\/2025\/06\/Vortex-Waterfles-2.0L-\u2013-Voor-Vitaliseren-Structureren-van-Water-Phipower-Water-Vitalisatie-Fles-met-kurk.jpg","datePublished":"2025-06-06T10:40:54+00:00","dateModified":"2026-05-09T10:12:25+00:00","description":"D\u00e9couvrez la puissance de l\u2019eau vivante avec la Bouteille de Vitalisation d\u2019Eau Phipower 2,0 L. Fabriqu\u00e9e \u00e0 la main en verre borosilicat\u00e9, avec bouchons en li\u00e8ge.","breadcrumb":{"@id":"https:\/\/phipower.org\/fr\/produit\/bouteille-a-remous-pour-vitaliser-et-structurer-leau-phipower-kopie-2\/#breadcrumb"},"inLanguage":"fr-FR","potentialAction":[{"@type":"ReadAction","target":["https:\/\/phipower.org\/fr\/produit\/bouteille-a-remous-pour-vitaliser-et-structurer-leau-phipower-kopie-2\/"]}]},{"@type":"ImageObject","inLanguage":"fr-FR","@id":"https:\/\/phipower.org\/fr\/produit\/bouteille-a-remous-pour-vitaliser-et-structurer-leau-phipower-kopie-2\/#primaryimage","url":"https:\/\/phipower.org\/wp-content\/uploads\/2025\/06\/Vortex-Waterfles-2.0L-\u2013-Voor-Vitaliseren-Structureren-van-Water-Phipower-Water-Vitalisatie-Fles-met-kurk.jpg","contentUrl":"https:\/\/phipower.org\/wp-content\/uploads\/2025\/06\/Vortex-Waterfles-2.0L-\u2013-Voor-Vitaliseren-Structureren-van-Water-Phipower-Water-Vitalisatie-Fles-met-kurk.jpg","width":1200,"height":1200},{"@type":"BreadcrumbList","@id":"https:\/\/phipower.org\/fr\/produit\/bouteille-a-remous-pour-vitaliser-et-structurer-leau-phipower-kopie-2\/#breadcrumb","itemListElement":[{"@type":"ListItem","position":1,"name":"Home","item":"https:\/\/phipower.org\/fr\/"},{"@type":"ListItem","position":2,"name":"Shop","item":"https:\/\/phipower.org\/shop\/"},{"@type":"ListItem","position":3,"name":"Bouteille de vitalisation d\u2019eau | 2,0 litres | Pour vitaliser et structurer l\u2019eau | Phipower"}]},{"@type":"WebSite","@id":"https:\/\/phipower.org\/fr\/#website","url":"https:\/\/phipower.org\/fr\/","name":"Phipower: innovatieve gezondheidsproducten","description":"innovatieve gezondheidsproducten","publisher":{"@id":"https:\/\/phipower.org\/fr\/#organization"},"potentialAction":[{"@type":"SearchAction","target":{"@type":"EntryPoint","urlTemplate":"https:\/\/phipower.org\/fr\/?s={search_term_string}"},"query-input":{"@type":"PropertyValueSpecification","valueRequired":true,"valueName":"search_term_string"}}],"inLanguage":"fr-FR"},{"@type":"Organization","@id":"https:\/\/phipower.org\/fr\/#organization","name":"Phipower","url":"https:\/\/phipower.org\/fr\/","logo":{"@type":"ImageObject","inLanguage":"fr-FR","@id":"https:\/\/phipower.org\/fr\/#\/schema\/logo\/image\/","url":"https:\/\/phipower.org\/wp-content\/uploads\/2019\/06\/z-logo-RGB-wit-power.png","contentUrl":"https:\/\/phipower.org\/wp-content\/uploads\/2019\/06\/z-logo-RGB-wit-power.png","width":3273,"height":1389,"caption":"Phipower"},"image":{"@id":"https:\/\/phipower.org\/fr\/#\/schema\/logo\/image\/"},"sameAs":["https:\/\/www.facebook.com\/phipowertools\/","https:\/\/x.com\/phipower1","https:\/\/www.tiktok.com\/@phipowerhealth"]}]},"product_price_amount":"99.00","product_price_currency":"EUR","og_availability":"backorder","product_availability":"available for order","product_retailer_item_id":"7806140071633","product_condition":"new"},"_links":{"self":[{"href":"https:\/\/phipower.org\/fr\/wp-json\/wp\/v2\/product\/7193","targetHints":{"allow":["GET"]}}],"collection":[{"href":"https:\/\/phipower.org\/fr\/wp-json\/wp\/v2\/product"}],"about":[{"href":"https:\/\/phipower.org\/fr\/wp-json\/wp\/v2\/types\/product"}],"replies":[{"embeddable":true,"href":"https:\/\/phipower.org\/fr\/wp-json\/wp\/v2\/comments?post=7193"}],"wp:featuredmedia":[{"embeddable":true,"href":"https:\/\/phipower.org\/fr\/wp-json\/wp\/v2\/media\/7231"}],"wp:attachment":[{"href":"https:\/\/phipower.org\/fr\/wp-json\/wp\/v2\/media?parent=7193"}],"wp:term":[{"taxonomy":"product_brand","embeddable":true,"href":"https:\/\/phipower.org\/fr\/wp-json\/wp\/v2\/product_brand?post=7193"},{"taxonomy":"product_cat","embeddable":true,"href":"https:\/\/phipower.org\/fr\/wp-json\/wp\/v2\/product_cat?post=7193"},{"taxonomy":"product_tag","embeddable":true,"href":"https:\/\/phipower.org\/fr\/wp-json\/wp\/v2\/product_tag?post=7193"}],"curies":[{"name":"wp","href":"https:\/\/api.w.org\/{rel}","templated":true}]}}