{"id":7097,"date":"2025-05-26T10:41:58","date_gmt":"2025-05-26T10:41:58","guid":{"rendered":"https:\/\/phipower.org\/?post_type=product&#038;p=7097"},"modified":"2025-05-30T13:11:55","modified_gmt":"2025-05-30T13:11:55","slug":"valves-en-liege-pour-phipower-water-vitaliser-sound-attenuation-fixation-analemma-stir-bar-kopie","status":"publish","type":"product","link":"https:\/\/phipower.org\/fr\/produit\/valves-en-liege-pour-phipower-water-vitaliser-sound-attenuation-fixation-analemma-stir-bar-kopie\/","title":{"rendered":"Analemma Water Rod &#8211; Transformez votre eau potable en eau coh\u00e9rente"},"content":{"rendered":"<h1>Analemma Water Rod &#8211; Transformez votre eau potable en eau coh\u00e9rente<\/h1>\n<h4><strong>A partir de : \u20ac164.90 \u2714 En stock \u2714 Effet \u00e0 vie<\/strong><\/h4>\n<h2>\u2705 Qu&rsquo;est-ce qu&rsquo;une eau coh\u00e9rente ?<\/h2>\n<p>La canne \u00e0 eau Analemma transforme l&rsquo;eau du robinet ordinaire en une eau coh\u00e9rente &#8211; structur\u00e9e, riche en \u00e9nergie et en harmonie naturelle. Cela a des effets b\u00e9n\u00e9fiques directs sur votre sant\u00e9, votre vitalit\u00e9 et votre bien-\u00eatre. <\/p>\n<h2>???? Principaux avantages<\/h2>\n<ul>\n<li>???? Plus d&rsquo;\u00e9nergie cellulaire (ATP)<\/li>\n<li>????\ufe0f Renforce le syst\u00e8me immunitaire<\/li>\n<li>\u23f3 Rajeunissement de l&rsquo;\u00e2ge biologique<\/li>\n<li>???? Am\u00e9lioration des ondes c\u00e9r\u00e9brales et de la concentration<\/li>\n<li>???? Renforce la flore intestinale<\/li>\n<li>???? Vitaliser les plantes et les animaux<\/li>\n<\/ul>\n<h2>???? Efficacit\u00e9 scientifiquement prouv\u00e9e<\/h2>\n<p>Une \u00e9tude en double aveugle contre placebo montre que l&rsquo;eau Analemma augmente significativement la production d \u00ab \u00e9nergie cellulaire et r\u00e9tablit l \u00bb \u00e9quilibre du microbiome.<\/p>\n<h2>???? Comment cela fonctionne-t-il ?<\/h2>\n<p>La capsule de quartz en verre contient de <strong>l&rsquo;eau m\u00e8re<\/strong> charg\u00e9e \u00e9nerg\u00e9tiquement par les m\u00e9taux, la g\u00e9om\u00e9trie et la lumi\u00e8re du soleil et de la lune. En remuant l&rsquo;eau avec la baguette, votre eau prend instantan\u00e9ment cette structure. <\/p>\n<h2>???? Int\u00e9gration avec le dessalinisateur Phipower Vitalised<\/h2>\n<p>La tige d&rsquo;eau Analemma peut \u00eatre utilis\u00e9e en <strong>conjonction avec le <a href=\"https:\/\/phipower.org\/fr\/produit\/bundle-bouteille-tourbillon-deau-agitateur-magnetique-triangle-dore-pour-vitaliser-et-structurer-leau-phipower\/\">dessalinisateur Vitalised Water Maker de Phipower<\/a><\/strong> par le biais d&rsquo;une <a href=\"https:\/\/phipower.org\/fr\/?post_type=product&#038;p=6929\"><strong>valve en li\u00e8ge<\/strong><\/a>. De cette mani\u00e8re, vous enrichissez l&rsquo;eau vitalis\u00e9e du vortex avec l&rsquo;information coh\u00e9rente de l&rsquo;eau m\u00e8re de la tige d&rsquo;eau Analemma. <\/p>\n<ul>\n<li>\u2728 Vortex + fr\u00e9quences lumineuses + cristaux (Phipower)<\/li>\n<li>\u2795 Eau de mer + transfert de cristaux (Analemma)<\/li>\n<li>???? L&rsquo;eau vitale et coh\u00e9rente ultime<\/li>\n<\/ul>\n<h2>???? Propri\u00e9t\u00e9s<\/h2>\n<ul>\n<li>Convient pour l&rsquo;eau, le jus, le vin, le caf\u00e9, etc.<\/li>\n<li>Produit de mani\u00e8re durable aux Pays-Bas<\/li>\n<li>Efficacit\u00e9 \u00e0 vie &#8211; pas de batterie, de filtre ou d&rsquo;entretien n\u00e9cessaire<\/li>\n<li>\u00c9galement pour les voyages &#8211; compact et \u00e9l\u00e9gant<\/li>\n<\/ul>\n<h2>\u2764\ufe0f Que disent les clients ?<\/h2>\n<blockquote><p>\u00ab Notre peau, nos intestins et notre chien sont plus sains que jamais<em> \u00bb<\/em><br \/>\n<em>&#8211; Stephanie, NL<\/em><\/p><\/blockquote>\n<blockquote><p>\u00ab Je me sens plus calme, je bois plus et mes enfants adorent l&rsquo;eau<em> \u00bb<\/em><br \/>\n<em>&#8211; Wieteke, NL<\/em><\/p><\/blockquote>\n<blockquote><p>\u00ab D\u00e9tente et clart\u00e9 \u00e9normes en 15 minutes<em>. \u00bb<\/em><br \/>\n<em>&#8211; Matthew, AU<\/em><\/p><\/blockquote>\n<h2>???? Foire aux questions (FAQ)<\/h2>\n<ul>\n<li><strong>Pendant combien de temps dois-je remuer avec la tige ?<\/strong><br \/>\n15 secondes pour un verre, 30 secondes pour une carafe d&rsquo;eau.<\/li>\n<li><strong>Est-il sans danger pour les b\u00e9b\u00e9s, les animaux domestiques ou les plantes ?<\/strong><br \/>\nOui, l&rsquo;eau coh\u00e9rente est sans danger pour tous et m\u00eame extr\u00eamement b\u00e9n\u00e9fique.<\/li>\n<li><strong>Cela fonctionne-t-il \u00e9galement avec le dessalinisateur Phipower Vitalised Water Maker ?<\/strong><br \/>\nOui, gr\u00e2ce \u00e0 la valve en li\u00e8ge assortie, vous placez parfaitement la tige d&rsquo;eau Analemma dans la <a href=\"https:\/\/phipower.org\/fr\/produit\/bundle-bouteille-tourbillon-deau-agitateur-magnetique-triangle-dore-pour-vitaliser-et-structurer-leau-phipower\/\">bouteille d&rsquo;eau Phipower<\/a>. Vous renforcez ainsi l&rsquo;effet des deux syst\u00e8mes.  <\/li>\n<\/ul>\n<h3 data-start=\"2719\" data-end=\"2772\">???? <strong data-start=\"2726\" data-end=\"2770\">Regardez la vid\u00e9o sur l&rsquo;utilisation et le contexte<\/strong><\/h3>\n<p data-start=\"2773\" data-end=\"2800\"><a href=\"https:\/\/analemma-water.plugandpay.nl\/r?id=Yd58K2FE\">Voir la vid\u00e9o<\/a><\/p>\n<h2>???? T\u00e9l\u00e9chargements<\/h2>\n<ul>\n<li><a href=\"https:\/\/drive.google.com\/file\/d\/12zGyJuRwNIhtY8xwoPeGilOQ2LGzOIty\/view?usp=sharing\">Manuel de la canne \u00e0 eau (PDF)<\/a><\/li>\n<li><a href=\"https:\/\/drive.google.com\/file\/d\/1MTC-4t77LG0AsQ1FWTpRx7FcemDUYxNX\/view?usp=sharing\">Effets de l&rsquo;eau Analemma sur les niveaux d&rsquo;ATP chez l&rsquo;homme (PDF)<\/a><\/li>\n<li><a href=\"https:\/\/drive.google.com\/file\/d\/17JzY-72D2BuQ4ZM1xnR6HDxJGSk9AIhQ\/view?usp=sharing\">Effets de l&rsquo;eau Analemma sur le microbiome gastrique (PDF)<\/a><\/li>\n<li><a href=\"https:\/\/drive.google.com\/file\/d\/1flWoBrqx5eXE5dHat6esF-ouYQiMX0Yo\/view?usp=sharing\">Effets de l&rsquo;eau ou des ondes c\u00e9r\u00e9brales Analemma (PDF)<\/a><\/li>\n<li><a href=\"https:\/\/drive.google.com\/file\/d\/1Ls30753u8hsTbg-ehDygwBV6Ba8K0v-_\/view?usp=sharing\">Effets de l&rsquo;eau Analemma sur les plantes et le sol (PDF)<\/a><\/li>\n<\/ul>\n<h2>???? Commande<\/h2>\n<p>???? Commandez <strong><a href=\"https:\/\/analemma-water.plugandpay.nl\/r?id=XwC7M61e\">ici<\/a> <\/strong>et faites l&rsquo;exp\u00e9rience de la diff\u00e9rence d&rsquo;une eau coh\u00e9rente d\u00e8s aujourd&rsquo;hui.<\/p>\n<p><!-- Bestelknop Analemma Waterstaaf --><br \/>\n<a style=\"display: inline-block; background-color: #4caf50; color: white; padding: 14px 28px; text-align: center; text-decoration: none; font-size: 16px; border-radius: 8px; font-weight: bold; margin-bottom: 10px;\" href=\"https:\/\/analemma-water.plugandpay.nl\/r?id=XwC7M61e\" target=\"_blank\" rel=\"noopener\"><br \/>\n\u2705 Commandez d\u00e8s maintenant votre b\u00e2ton d&rsquo;eau Analemma<br \/>\n<\/a><\/p>\n<p><!-- Extra integratieknoppen --><a style=\"display: inline-block; background-color: #2196f3; color: white; padding: 12px 24px; text-align: center; text-decoration: none; font-size: 14px; border-radius: 6px; font-weight: bold; margin-right: 8px;\" href=\"https:\/\/phipower.org\/fr\/produit\/bundle-bouteille-tourbillon-deau-agitateur-magnetique-triangle-dore-pour-vitaliser-et-structurer-leau-phipower\/\" target=\"_blank\" rel=\"noopener\"><br \/>\n???? Ajouter le Dessalinisateur Vitalis\u00e9<br \/>\n<\/a><\/p>\n<p><a style=\"display: inline-block; background-color: #ff9800; color: white; padding: 12px 24px; text-align: center; text-decoration: none; font-size: 14px; border-radius: 6px; font-weight: bold;\" href=\"https:\/\/phipower.org\/fr\/?post_type=product&#038;p=6929\" target=\"_blank\" rel=\"noopener\"><br \/>\n\u2795 Ajouter une valve de li\u00e8ge pour l&rsquo;int\u00e9gration<br \/>\n<\/a><\/p>\n","protected":false},"excerpt":{"rendered":"<p data-start=\"108\" data-end=\"521\">\u2714 augmente l \u00ab \u00e9nergie cellulaire (ATP)<br data-start=\"186\" data-end=\"189\">\u2714 soutient le syst\u00e8me immunitaire<br data-start=\"216\" data-end=\"219\">\u2714 rajeunit l \u00bb \u00e2ge biologique<br data-start=\"250\" data-end=\"253\">\u2714 apporte calme et clart\u00e9 mentale<br data-start=\"288\" data-end=\"291\">\u2714 fonctionne \u00e0 vie sans entretien<br data-start=\"326\" data-end=\"329\">\u2714 action renforc\u00e9e avec la <a href=\"https:\/\/phipower.org\/fr\/produit\/bundle-bouteille-tourbillon-deau-agitateur-magnetique-triangle-dore-pour-vitaliser-et-structurer-leau-phipower\/\">bouteille d&rsquo;eau tourbillonnante Phipower <\/a> <\/p>\n<p class=\"\" data-start=\"108\" data-end=\"521\">\n","protected":false},"featured_media":7102,"comment_status":"open","ping_status":"closed","template":"","meta":[],"product_brand":[],"product_cat":[1071,1080,967,963,965],"product_tag":[],"class_list":{"0":"post-7097","1":"product","2":"type-product","3":"status-publish","4":"has-post-thumbnail","6":"product_cat-eau-structuree","7":"product_cat-eau-vitalisee","8":"product_cat-frequences","9":"product_cat-produits","10":"product_cat-traitement-de-leau","11":"product_shipping_class-0-2-kg","13":"first","14":"instock","15":"taxable","16":"shipping-taxable","17":"product-type-external"},"yoast_head":"<!-- This site is optimized with the Yoast SEO Premium plugin v23.6 (Yoast SEO v27.2) - https:\/\/yoast.com\/product\/yoast-seo-premium-wordpress\/ -->\n<title>Analemma Water Rod - Une eau coh\u00e9rente pour plus d \u00ab \u00e9nergie et d \u00bb \u00e9quilibre<\/title>\n<meta name=\"description\" content=\"Transformez votre eau potable en eau coh\u00e9rente mAugmentez votre \u00e9nergie, am\u00e9liorez votre microbiome et int\u00e9grez le Phipower Vital Water Maker.\" \/>\n<meta name=\"robots\" content=\"index, follow, max-snippet:-1, max-image-preview:large, max-video-preview:-1\" \/>\n<link rel=\"canonical\" href=\"https:\/\/phipower.org\/fr\/produit\/valves-en-liege-pour-phipower-water-vitaliser-sound-attenuation-fixation-analemma-stir-bar-kopie\/\" \/>\n<meta property=\"og:locale\" content=\"fr_FR\" \/>\n<meta property=\"og:type\" content=\"article\" \/>\n<meta property=\"og:title\" content=\"Analemma Water Rod - Transformez votre eau potable en eau coh\u00e9rente\" \/>\n<meta property=\"og:description\" content=\"Transformez votre eau potable en eau coh\u00e9rente mAugmentez votre \u00e9nergie, am\u00e9liorez votre microbiome et int\u00e9grez le Phipower Vital Water Maker.\" \/>\n<meta property=\"og:url\" content=\"https:\/\/phipower.org\/fr\/produit\/valves-en-liege-pour-phipower-water-vitaliser-sound-attenuation-fixation-analemma-stir-bar-kopie\/\" \/>\n<meta property=\"og:site_name\" content=\"Phipower\" \/>\n<meta property=\"article:publisher\" content=\"https:\/\/www.facebook.com\/phipowertools\/\" \/>\n<meta property=\"article:modified_time\" content=\"2025-05-30T13:11:55+00:00\" \/>\n<meta property=\"og:image\" content=\"https:\/\/phipower.org\/wp-content\/uploads\/2018\/09\/photo-1-36-1.jpg\" \/>\n\t<meta property=\"og:image:width\" content=\"750\" \/>\n\t<meta property=\"og:image:height\" content=\"750\" \/>\n\t<meta property=\"og:image:type\" content=\"image\/jpeg\" \/>\n<meta name=\"twitter:card\" content=\"summary_large_image\" \/>\n<meta name=\"twitter:site\" content=\"@phipower1\" \/>\n<meta name=\"twitter:label1\" content=\"Prix\" \/>\n\t<meta name=\"twitter:data1\" content=\"&euro;164,90\" \/>\n\t<meta name=\"twitter:label2\" content=\"Disponibilit\u00e9\" \/>\n\t<meta name=\"twitter:data2\" content=\"En stock\" \/>\n<script type=\"application\/ld+json\" class=\"yoast-schema-graph\">{\"@context\":\"https:\/\/schema.org\",\"@graph\":[{\"@type\":\"WebPage\",\"@id\":\"https:\/\/phipower.org\/fr\/produit\/valves-en-liege-pour-phipower-water-vitaliser-sound-attenuation-fixation-analemma-stir-bar-kopie\/\",\"url\":\"https:\/\/phipower.org\/fr\/produit\/valves-en-liege-pour-phipower-water-vitaliser-sound-attenuation-fixation-analemma-stir-bar-kopie\/\",\"name\":\"Analemma Water Rod - Une eau coh\u00e9rente pour plus d \u00ab \u00e9nergie et d \u00bb \u00e9quilibre\",\"isPartOf\":{\"@id\":\"https:\/\/phipower.org\/fr\/#website\"},\"primaryImageOfPage\":{\"@id\":\"https:\/\/phipower.org\/fr\/produit\/valves-en-liege-pour-phipower-water-vitaliser-sound-attenuation-fixation-analemma-stir-bar-kopie\/#primaryimage\"},\"image\":{\"@id\":\"https:\/\/phipower.org\/fr\/produit\/valves-en-liege-pour-phipower-water-vitaliser-sound-attenuation-fixation-analemma-stir-bar-kopie\/#primaryimage\"},\"thumbnailUrl\":\"https:\/\/phipower.org\/wp-content\/uploads\/2025\/05\/analemma-waterstaaf-coherenct-vitaal-water.jpeg\",\"datePublished\":\"2025-05-26T10:41:58+00:00\",\"dateModified\":\"2025-05-30T13:11:55+00:00\",\"description\":\"Transformez votre eau potable en eau coh\u00e9rente mAugmentez votre \u00e9nergie, am\u00e9liorez votre microbiome et int\u00e9grez le Phipower Vital Water Maker.\",\"breadcrumb\":{\"@id\":\"https:\/\/phipower.org\/fr\/produit\/valves-en-liege-pour-phipower-water-vitaliser-sound-attenuation-fixation-analemma-stir-bar-kopie\/#breadcrumb\"},\"inLanguage\":\"fr-FR\",\"potentialAction\":[{\"@type\":\"ReadAction\",\"target\":[\"https:\/\/phipower.org\/fr\/produit\/valves-en-liege-pour-phipower-water-vitaliser-sound-attenuation-fixation-analemma-stir-bar-kopie\/\"]}]},{\"@type\":\"ImageObject\",\"inLanguage\":\"fr-FR\",\"@id\":\"https:\/\/phipower.org\/fr\/produit\/valves-en-liege-pour-phipower-water-vitaliser-sound-attenuation-fixation-analemma-stir-bar-kopie\/#primaryimage\",\"url\":\"https:\/\/phipower.org\/wp-content\/uploads\/2025\/05\/analemma-waterstaaf-coherenct-vitaal-water.jpeg\",\"contentUrl\":\"https:\/\/phipower.org\/wp-content\/uploads\/2025\/05\/analemma-waterstaaf-coherenct-vitaal-water.jpeg\",\"width\":1200,\"height\":1178},{\"@type\":\"BreadcrumbList\",\"@id\":\"https:\/\/phipower.org\/fr\/produit\/valves-en-liege-pour-phipower-water-vitaliser-sound-attenuation-fixation-analemma-stir-bar-kopie\/#breadcrumb\",\"itemListElement\":[{\"@type\":\"ListItem\",\"position\":1,\"name\":\"Home\",\"item\":\"https:\/\/phipower.org\/fr\/\"},{\"@type\":\"ListItem\",\"position\":2,\"name\":\"Boutique\",\"item\":\"https:\/\/phipower.org\/fr\/boutique\/\"},{\"@type\":\"ListItem\",\"position\":3,\"name\":\"Analemma Water Rod &#8211; Transformez votre eau potable en eau coh\u00e9rente\"}]},{\"@type\":\"WebSite\",\"@id\":\"https:\/\/phipower.org\/fr\/#website\",\"url\":\"https:\/\/phipower.org\/fr\/\",\"name\":\"Phipower: innovatieve gezondheidsproducten\",\"description\":\"innovatieve gezondheidsproducten\",\"publisher\":{\"@id\":\"https:\/\/phipower.org\/fr\/#organization\"},\"potentialAction\":[{\"@type\":\"SearchAction\",\"target\":{\"@type\":\"EntryPoint\",\"urlTemplate\":\"https:\/\/phipower.org\/fr\/?s={search_term_string}\"},\"query-input\":{\"@type\":\"PropertyValueSpecification\",\"valueRequired\":true,\"valueName\":\"search_term_string\"}}],\"inLanguage\":\"fr-FR\"},{\"@type\":\"Organization\",\"@id\":\"https:\/\/phipower.org\/fr\/#organization\",\"name\":\"Phipower\",\"url\":\"https:\/\/phipower.org\/fr\/\",\"logo\":{\"@type\":\"ImageObject\",\"inLanguage\":\"fr-FR\",\"@id\":\"https:\/\/phipower.org\/fr\/#\/schema\/logo\/image\/\",\"url\":\"https:\/\/phipower.org\/wp-content\/uploads\/2019\/06\/z-logo-RGB-wit-power.png\",\"contentUrl\":\"https:\/\/phipower.org\/wp-content\/uploads\/2019\/06\/z-logo-RGB-wit-power.png\",\"width\":3273,\"height\":1389,\"caption\":\"Phipower\"},\"image\":{\"@id\":\"https:\/\/phipower.org\/fr\/#\/schema\/logo\/image\/\"},\"sameAs\":[\"https:\/\/www.facebook.com\/phipowertools\/\",\"https:\/\/x.com\/phipower1\",\"https:\/\/www.tiktok.com\/@phipowerhealth\"]}]}<\/script>\n<meta property=\"product:price:amount\" content=\"164.90\" \/>\n<meta property=\"product:price:currency\" content=\"EUR\" \/>\n<meta property=\"og:availability\" content=\"instock\" \/>\n<meta property=\"product:availability\" content=\"instock\" \/>\n<meta property=\"product:retailer_item_id\" content=\"AnalemmaStaafBasic\" \/>\n<meta property=\"product:condition\" content=\"new\" \/>\n<!-- \/ Yoast SEO Premium plugin. -->","yoast_head_json":{"title":"Analemma Water Rod - Une eau coh\u00e9rente pour plus d \u00ab \u00e9nergie et d \u00bb \u00e9quilibre","description":"Transformez votre eau potable en eau coh\u00e9rente mAugmentez votre \u00e9nergie, am\u00e9liorez votre microbiome et int\u00e9grez le Phipower Vital Water Maker.","robots":{"index":"index","follow":"follow","max-snippet":"max-snippet:-1","max-image-preview":"max-image-preview:large","max-video-preview":"max-video-preview:-1"},"canonical":"https:\/\/phipower.org\/fr\/produit\/valves-en-liege-pour-phipower-water-vitaliser-sound-attenuation-fixation-analemma-stir-bar-kopie\/","og_locale":"fr_FR","og_type":"article","og_title":"Analemma Water Rod - Transformez votre eau potable en eau coh\u00e9rente","og_description":"Transformez votre eau potable en eau coh\u00e9rente mAugmentez votre \u00e9nergie, am\u00e9liorez votre microbiome et int\u00e9grez le Phipower Vital Water Maker.","og_url":"https:\/\/phipower.org\/fr\/produit\/valves-en-liege-pour-phipower-water-vitaliser-sound-attenuation-fixation-analemma-stir-bar-kopie\/","og_site_name":"Phipower","article_publisher":"https:\/\/www.facebook.com\/phipowertools\/","article_modified_time":"2025-05-30T13:11:55+00:00","og_image":[{"width":750,"height":750,"url":"https:\/\/phipower.org\/wp-content\/uploads\/2018\/09\/photo-1-36-1.jpg","type":"image\/jpeg"}],"twitter_card":"summary_large_image","twitter_site":"@phipower1","twitter_misc":{"Prix":"&euro;164,90","Disponibilit\u00e9":"En stock"},"schema":{"@context":"https:\/\/schema.org","@graph":[{"@type":"WebPage","@id":"https:\/\/phipower.org\/fr\/produit\/valves-en-liege-pour-phipower-water-vitaliser-sound-attenuation-fixation-analemma-stir-bar-kopie\/","url":"https:\/\/phipower.org\/fr\/produit\/valves-en-liege-pour-phipower-water-vitaliser-sound-attenuation-fixation-analemma-stir-bar-kopie\/","name":"Analemma Water Rod - Une eau coh\u00e9rente pour plus d \u00ab \u00e9nergie et d \u00bb \u00e9quilibre","isPartOf":{"@id":"https:\/\/phipower.org\/fr\/#website"},"primaryImageOfPage":{"@id":"https:\/\/phipower.org\/fr\/produit\/valves-en-liege-pour-phipower-water-vitaliser-sound-attenuation-fixation-analemma-stir-bar-kopie\/#primaryimage"},"image":{"@id":"https:\/\/phipower.org\/fr\/produit\/valves-en-liege-pour-phipower-water-vitaliser-sound-attenuation-fixation-analemma-stir-bar-kopie\/#primaryimage"},"thumbnailUrl":"https:\/\/phipower.org\/wp-content\/uploads\/2025\/05\/analemma-waterstaaf-coherenct-vitaal-water.jpeg","datePublished":"2025-05-26T10:41:58+00:00","dateModified":"2025-05-30T13:11:55+00:00","description":"Transformez votre eau potable en eau coh\u00e9rente mAugmentez votre \u00e9nergie, am\u00e9liorez votre microbiome et int\u00e9grez le Phipower Vital Water Maker.","breadcrumb":{"@id":"https:\/\/phipower.org\/fr\/produit\/valves-en-liege-pour-phipower-water-vitaliser-sound-attenuation-fixation-analemma-stir-bar-kopie\/#breadcrumb"},"inLanguage":"fr-FR","potentialAction":[{"@type":"ReadAction","target":["https:\/\/phipower.org\/fr\/produit\/valves-en-liege-pour-phipower-water-vitaliser-sound-attenuation-fixation-analemma-stir-bar-kopie\/"]}]},{"@type":"ImageObject","inLanguage":"fr-FR","@id":"https:\/\/phipower.org\/fr\/produit\/valves-en-liege-pour-phipower-water-vitaliser-sound-attenuation-fixation-analemma-stir-bar-kopie\/#primaryimage","url":"https:\/\/phipower.org\/wp-content\/uploads\/2025\/05\/analemma-waterstaaf-coherenct-vitaal-water.jpeg","contentUrl":"https:\/\/phipower.org\/wp-content\/uploads\/2025\/05\/analemma-waterstaaf-coherenct-vitaal-water.jpeg","width":1200,"height":1178},{"@type":"BreadcrumbList","@id":"https:\/\/phipower.org\/fr\/produit\/valves-en-liege-pour-phipower-water-vitaliser-sound-attenuation-fixation-analemma-stir-bar-kopie\/#breadcrumb","itemListElement":[{"@type":"ListItem","position":1,"name":"Home","item":"https:\/\/phipower.org\/fr\/"},{"@type":"ListItem","position":2,"name":"Boutique","item":"https:\/\/phipower.org\/fr\/boutique\/"},{"@type":"ListItem","position":3,"name":"Analemma Water Rod &#8211; Transformez votre eau potable en eau coh\u00e9rente"}]},{"@type":"WebSite","@id":"https:\/\/phipower.org\/fr\/#website","url":"https:\/\/phipower.org\/fr\/","name":"Phipower: innovatieve gezondheidsproducten","description":"innovatieve gezondheidsproducten","publisher":{"@id":"https:\/\/phipower.org\/fr\/#organization"},"potentialAction":[{"@type":"SearchAction","target":{"@type":"EntryPoint","urlTemplate":"https:\/\/phipower.org\/fr\/?s={search_term_string}"},"query-input":{"@type":"PropertyValueSpecification","valueRequired":true,"valueName":"search_term_string"}}],"inLanguage":"fr-FR"},{"@type":"Organization","@id":"https:\/\/phipower.org\/fr\/#organization","name":"Phipower","url":"https:\/\/phipower.org\/fr\/","logo":{"@type":"ImageObject","inLanguage":"fr-FR","@id":"https:\/\/phipower.org\/fr\/#\/schema\/logo\/image\/","url":"https:\/\/phipower.org\/wp-content\/uploads\/2019\/06\/z-logo-RGB-wit-power.png","contentUrl":"https:\/\/phipower.org\/wp-content\/uploads\/2019\/06\/z-logo-RGB-wit-power.png","width":3273,"height":1389,"caption":"Phipower"},"image":{"@id":"https:\/\/phipower.org\/fr\/#\/schema\/logo\/image\/"},"sameAs":["https:\/\/www.facebook.com\/phipowertools\/","https:\/\/x.com\/phipower1","https:\/\/www.tiktok.com\/@phipowerhealth"]}]},"product_price_amount":"164.90","product_price_currency":"EUR","og_availability":"instock","product_availability":"instock","product_retailer_item_id":"AnalemmaStaafBasic","product_condition":"new"},"_links":{"self":[{"href":"https:\/\/phipower.org\/fr\/wp-json\/wp\/v2\/product\/7097","targetHints":{"allow":["GET"]}}],"collection":[{"href":"https:\/\/phipower.org\/fr\/wp-json\/wp\/v2\/product"}],"about":[{"href":"https:\/\/phipower.org\/fr\/wp-json\/wp\/v2\/types\/product"}],"replies":[{"embeddable":true,"href":"https:\/\/phipower.org\/fr\/wp-json\/wp\/v2\/comments?post=7097"}],"wp:featuredmedia":[{"embeddable":true,"href":"https:\/\/phipower.org\/fr\/wp-json\/wp\/v2\/media\/7102"}],"wp:attachment":[{"href":"https:\/\/phipower.org\/fr\/wp-json\/wp\/v2\/media?parent=7097"}],"wp:term":[{"taxonomy":"product_brand","embeddable":true,"href":"https:\/\/phipower.org\/fr\/wp-json\/wp\/v2\/product_brand?post=7097"},{"taxonomy":"product_cat","embeddable":true,"href":"https:\/\/phipower.org\/fr\/wp-json\/wp\/v2\/product_cat?post=7097"},{"taxonomy":"product_tag","embeddable":true,"href":"https:\/\/phipower.org\/fr\/wp-json\/wp\/v2\/product_tag?post=7097"}],"curies":[{"name":"wp","href":"https:\/\/api.w.org\/{rel}","templated":true}]}}