{"id":6822,"date":"2025-04-22T18:49:34","date_gmt":"2025-04-22T18:49:34","guid":{"rendered":"https:\/\/phipower.org\/?post_type=product&#038;p=6822"},"modified":"2026-04-16T14:17:25","modified_gmt":"2026-04-16T14:17:25","slug":"tort-egg-compact-energy-egg-pour-la-protection-personnelle-et-la-vitalisation-kopie-kopie-kopie","status":"publish","type":"product","link":"https:\/\/phipower.org\/fr\/product\/tort-egg-compact-energy-egg-pour-la-protection-personnelle-et-la-vitalisation-kopie-kopie-kopie\/","title":{"rendered":"Am\u00e9lioration du sol Vita Earth \u2013 Restaurez la force de la terre"},"content":{"rendered":"<section>\n<h2>La n\u00e9cessit\u00e9 de la vitalisation de la terre<\/h2>\n<p>La terre sur laquelle nous vivons a beaucoup souffert des activit\u00e9s humaines. Les m\u00e9thodes agricoles industrielles, la production alimentaire intensive et les produits chimiques ont \u00e9puis\u00e9 et appauvri les sols du monde entier. En cons\u00e9quence, non seulement la fertilit\u00e9 a diminu\u00e9, mais la vie du sol et la qualit\u00e9 \u00e9nerg\u00e9tique de la terre ont \u00e9galement \u00e9t\u00e9 fortement affect\u00e9es.  <\/p>\n<p><strong>Avec l\u2019am\u00e9lioration naturelle du sol Vita Earth, nous aidons la terre \u00e0 retrouver sa force originelle et sa capacit\u00e9 nourrici\u00e8re.<\/strong> Nous cr\u00e9ons ainsi une base saine pour tout ce qui vit sur terre.<\/p>\n<\/section>\n<section>\n<h2>Qu\u2019est-ce que Vita Earth ?<\/h2>\n<div class=\"features\">\n<ul>\n<li><strong>Mat\u00e9riau :<\/strong> Cylindre robuste et r\u00e9sistant \u00e0 l\u2019usure<\/li>\n<li><strong>Contenu :<\/strong> \u0152ufs d\u2019\u00e9nergie Blue Earth \u00e0 l\u2019\u00e9nergie vitale accrue<\/li>\n<li><strong>Protection :<\/strong> R\u00e9sistant aux intemp\u00e9ries, \u00e0 la pluie, aux variations de temp\u00e9rature et \u00e0 la pression du sol<\/li>\n<\/ul>\n<p><strong>Unique :<\/strong> Convient aussi bien \u00e0 la terre qu\u2019aux points d\u2019eau (\u00e9tangs, ruisseaux, r\u00e9cup\u00e9rateurs d\u2019eau de pluie) pour am\u00e9liorer la qualit\u00e9 \u00e9nerg\u00e9tique.<\/p>\n<\/div>\n<\/section>\n<section>\n<h2>Fonctionnement de Vita Earth<\/h2>\n<div class=\"features\">\n<ul>\n<li>Augmenter consid\u00e9rablement la valeur Bovis du sol<\/li>\n<li>Restaurer la fertilit\u00e9 de la terre<\/li>\n<li>Renforcer la croissance naturelle et la r\u00e9sistance des plantes<\/li>\n<li>R\u00e9duire le besoin d\u2019additifs artificiels<\/li>\n<li>Revitaliser et renforcer la vie du sol<\/li>\n<\/ul>\n<p>En enterrant le Vita Earth \u00e0 <strong>env. 80 cm de profondeur<\/strong>, vous activez un champ \u00e9nerg\u00e9tique puissant qui rend les plantes plus saines, plus vitales et moins sensibles aux maladies.<\/p>\n<\/div>\n<\/section>\n<section>\n<h2>Utilisation et application<\/h2>\n<table>\n<thead>\n<tr>\n<th>Application<\/th>\n<th>R\u00e9sultat<\/th>\n<\/tr>\n<\/thead>\n<tbody>\n<tr>\n<td>Potager<\/td>\n<td>Meilleure croissance, r\u00e9colte plus savoureuse et plus saine<\/td>\n<\/tr>\n<tr>\n<td>Verger<\/td>\n<td>Arbres plus forts et fruits r\u00e9sistants<\/td>\n<\/tr>\n<tr>\n<td>Jardin fleuri<\/td>\n<td>Floraison plus abondante et sant\u00e9 des plantes am\u00e9lior\u00e9e<\/td>\n<\/tr>\n<tr>\n<td>Terrain agricole<\/td>\n<td>R\u00e9duction du besoin de fertilisation artificielle<\/td>\n<\/tr>\n<tr>\n<td>Points d\u2019eau<\/td>\n<td>Qualit\u00e9 \u00e9nerg\u00e9tique am\u00e9lior\u00e9e des \u00e9tangs et ruisseaux<\/td>\n<\/tr>\n<\/tbody>\n<\/table>\n<h3>Instructions d\u2019utilisation importantes<\/h3>\n<ul>\n<li>Enterrez le Vita Earth \u00e0 au moins 80 cm de profondeur, avec le <strong>c\u00f4t\u00e9 bleu vers le haut<\/strong> pour une efficacit\u00e9 maximale.<\/li>\n<li>Pour l\u2019eau : placez le Vita Earth dans les \u00e9tangs, ruisseaux ou r\u00e9cup\u00e9rateurs d\u2019eau de pluie pour augmenter la valeur \u00e9nerg\u00e9tique de l\u2019eau.<\/li>\n<li>Pour les grandes surfaces : placez plusieurs unit\u00e9s selon un motif g\u00e9om\u00e9trique pour un effet synergique.<\/li>\n<\/ul>\n<\/section>\n<section>\n<h2>R\u00e9sultats en pratique<\/h2>\n<div class=\"process\">\n<ul>\n<li>Le sol se r\u00e9g\u00e9n\u00e8re plus rapidement.<\/li>\n<li>Les plantes affichent plus de vitalit\u00e9 et de force.<\/li>\n<li>Fertilisation artificielle r\u00e9duite ou devenue inutile.<\/li>\n<li>La vie du sol se r\u00e9tablit et prosp\u00e8re.<\/li>\n<\/ul>\n<\/div>\n<\/section>\n<section>\n<h2>Blue Earth Innovations \u2013 Vitalisation de la terre \u00e0 grande \u00e9chelle<\/h2>\n<p>Gr\u00e2ce aux inventions de <strong>Blue Earth Innovations<\/strong>, nous nous engageons mondialement \u00e0 purifier, restaurer et vitaliser la terre.<\/p>\n<p>Vita Earth est un exemple de la mani\u00e8re dont nous combinons la technologie avec les principes naturels pour soutenir la sant\u00e9 de notre plan\u00e8te.<\/p>\n<p>Ensemble, nous \u0153uvrons pour un avenir fertile et \u00e9nerg\u00e9tiquement puissant pour toute vie sur terre.<\/p>\n<\/section>\n<h2>Commandez d\u00e8s maintenant votre am\u00e9lioration naturelle du sol Vita Earth<\/h2>\n<p>Souhaitez-vous renforcer et vitaliser votre jardin, verger ou terrain agricole de mani\u00e8re naturelle ? Commandez d\u00e8s maintenant votre <strong>Vita Earth<\/strong> et d\u00e9couvrez les effets positifs sur vos plantes, vos r\u00e9coltes et votre environnement ! <\/p>\n","protected":false},"excerpt":{"rendered":"<p>\u2714 Augmente la fertilit\u00e9 naturelle du sol et favorise une croissance saine des plantes<br \/>\n\u2714 Supprime les micro-organismes nuisibles et stimule l\u2019\u00e9cosyst\u00e8me du sol<br \/>\n\u2714 Installation simple et sans entretien apr\u00e8s la pose<br \/>\n\u2714 Fabrication durable \u00e0 partir de mat\u00e9riaux \u00e9cologiques et r\u00e9sistants aux intemp\u00e9ries<\/p>\n","protected":false},"featured_media":6841,"comment_status":"open","ping_status":"closed","template":"","meta":[],"product_brand":[],"product_cat":[967,963],"product_tag":[],"class_list":{"0":"post-6822","1":"product","2":"type-product","3":"status-publish","4":"has-post-thumbnail","6":"product_cat-frequences","7":"product_cat-produits","8":"product_shipping_class-0-2-kg","10":"first","11":"instock","12":"taxable","13":"shipping-taxable","14":"purchasable","15":"product-type-simple"},"yoast_head":"<!-- This site is optimized with the Yoast SEO Premium plugin v23.6 (Yoast SEO v27.2) - https:\/\/yoast.com\/product\/yoast-seo-premium-wordpress\/ -->\n<title>Am\u00e9lioration du sol Vita Earth \u2013 Restauration naturelle du sol &amp; vitalisation de la terre<\/title>\n<meta name=\"description\" content=\"Augmentez la fertilit\u00e9 et la vitalit\u00e9 du sol de votre jardin, verger ou terrain agricole avec Vita Earth. D\u00e9couvrez notre solution naturelle de vitalisation de la terre pour une restauration durable du sol et des r\u00e9coltes saines.\" \/>\n<meta name=\"robots\" content=\"index, follow, max-snippet:-1, max-image-preview:large, max-video-preview:-1\" \/>\n<link rel=\"canonical\" href=\"https:\/\/phipower.org\/fr\/product\/tort-egg-compact-energy-egg-pour-la-protection-personnelle-et-la-vitalisation-kopie-kopie-kopie\/\" \/>\n<meta property=\"og:locale\" content=\"fr_FR\" \/>\n<meta property=\"og:type\" content=\"article\" \/>\n<meta property=\"og:title\" content=\"Am\u00e9lioration du sol Vita Earth \u2013 Restaurez la force de la terre\" \/>\n<meta property=\"og:description\" content=\"Augmentez la fertilit\u00e9 et la vitalit\u00e9 du sol de votre jardin, verger ou terrain agricole avec Vita Earth. D\u00e9couvrez notre solution naturelle de vitalisation de la terre pour une restauration durable du sol et des r\u00e9coltes saines.\" \/>\n<meta property=\"og:url\" content=\"https:\/\/phipower.org\/fr\/product\/tort-egg-compact-energy-egg-pour-la-protection-personnelle-et-la-vitalisation-kopie-kopie-kopie\/\" \/>\n<meta property=\"og:site_name\" content=\"Phipower\" \/>\n<meta property=\"article:publisher\" content=\"https:\/\/www.facebook.com\/phipowertools\/\" \/>\n<meta property=\"article:modified_time\" content=\"2026-04-16T14:17:25+00:00\" \/>\n<meta property=\"og:image\" content=\"https:\/\/phipower.org\/wp-content\/uploads\/2018\/09\/photo-1-36-1.jpg\" \/>\n\t<meta property=\"og:image:width\" content=\"750\" \/>\n\t<meta property=\"og:image:height\" content=\"750\" \/>\n\t<meta property=\"og:image:type\" content=\"image\/jpeg\" \/>\n<meta name=\"twitter:card\" content=\"summary_large_image\" \/>\n<meta name=\"twitter:site\" content=\"@phipower1\" \/>\n<meta name=\"twitter:label1\" content=\"Prix\" \/>\n\t<meta name=\"twitter:data1\" content=\"&euro;90,00\" \/>\n\t<meta name=\"twitter:label2\" content=\"Disponibilit\u00e9\" \/>\n\t<meta name=\"twitter:data2\" content=\"En stock\" \/>\n<script type=\"application\/ld+json\" class=\"yoast-schema-graph\">{\"@context\":\"https:\/\/schema.org\",\"@graph\":[{\"@type\":\"WebPage\",\"@id\":\"https:\/\/phipower.org\/fr\/product\/tort-egg-compact-energy-egg-pour-la-protection-personnelle-et-la-vitalisation-kopie-kopie-kopie\/\",\"url\":\"https:\/\/phipower.org\/fr\/product\/tort-egg-compact-energy-egg-pour-la-protection-personnelle-et-la-vitalisation-kopie-kopie-kopie\/\",\"name\":\"Am\u00e9lioration du sol Vita Earth \u2013 Restauration naturelle du sol & vitalisation de la terre\",\"isPartOf\":{\"@id\":\"https:\/\/phipower.org\/fr\/#website\"},\"primaryImageOfPage\":{\"@id\":\"https:\/\/phipower.org\/fr\/product\/tort-egg-compact-energy-egg-pour-la-protection-personnelle-et-la-vitalisation-kopie-kopie-kopie\/#primaryimage\"},\"image\":{\"@id\":\"https:\/\/phipower.org\/fr\/product\/tort-egg-compact-energy-egg-pour-la-protection-personnelle-et-la-vitalisation-kopie-kopie-kopie\/#primaryimage\"},\"thumbnailUrl\":\"https:\/\/phipower.org\/wp-content\/uploads\/2025\/04\/vita-earth-verhoog-de-vruchtbaarheid-van-de-aarde.jpg\",\"datePublished\":\"2025-04-22T18:49:34+00:00\",\"dateModified\":\"2026-04-16T14:17:25+00:00\",\"description\":\"Augmentez la fertilit\u00e9 et la vitalit\u00e9 du sol de votre jardin, verger ou terrain agricole avec Vita Earth. D\u00e9couvrez notre solution naturelle de vitalisation de la terre pour une restauration durable du sol et des r\u00e9coltes saines.\",\"breadcrumb\":{\"@id\":\"https:\/\/phipower.org\/fr\/product\/tort-egg-compact-energy-egg-pour-la-protection-personnelle-et-la-vitalisation-kopie-kopie-kopie\/#breadcrumb\"},\"inLanguage\":\"fr-FR\",\"potentialAction\":[{\"@type\":\"ReadAction\",\"target\":[\"https:\/\/phipower.org\/fr\/product\/tort-egg-compact-energy-egg-pour-la-protection-personnelle-et-la-vitalisation-kopie-kopie-kopie\/\"]}]},{\"@type\":\"ImageObject\",\"inLanguage\":\"fr-FR\",\"@id\":\"https:\/\/phipower.org\/fr\/product\/tort-egg-compact-energy-egg-pour-la-protection-personnelle-et-la-vitalisation-kopie-kopie-kopie\/#primaryimage\",\"url\":\"https:\/\/phipower.org\/wp-content\/uploads\/2025\/04\/vita-earth-verhoog-de-vruchtbaarheid-van-de-aarde.jpg\",\"contentUrl\":\"https:\/\/phipower.org\/wp-content\/uploads\/2025\/04\/vita-earth-verhoog-de-vruchtbaarheid-van-de-aarde.jpg\",\"width\":600,\"height\":600},{\"@type\":\"BreadcrumbList\",\"@id\":\"https:\/\/phipower.org\/fr\/product\/tort-egg-compact-energy-egg-pour-la-protection-personnelle-et-la-vitalisation-kopie-kopie-kopie\/#breadcrumb\",\"itemListElement\":[{\"@type\":\"ListItem\",\"position\":1,\"name\":\"Home\",\"item\":\"https:\/\/phipower.org\/fr\/\"},{\"@type\":\"ListItem\",\"position\":2,\"name\":\"Boutique\",\"item\":\"https:\/\/phipower.org\/fr\/boutique\/\"},{\"@type\":\"ListItem\",\"position\":3,\"name\":\"Am\u00e9lioration du sol Vita Earth \u2013 Restaurez la force de la terre\"}]},{\"@type\":\"WebSite\",\"@id\":\"https:\/\/phipower.org\/fr\/#website\",\"url\":\"https:\/\/phipower.org\/fr\/\",\"name\":\"Phipower: innovatieve gezondheidsproducten\",\"description\":\"innovatieve gezondheidsproducten\",\"publisher\":{\"@id\":\"https:\/\/phipower.org\/fr\/#organization\"},\"potentialAction\":[{\"@type\":\"SearchAction\",\"target\":{\"@type\":\"EntryPoint\",\"urlTemplate\":\"https:\/\/phipower.org\/fr\/?s={search_term_string}\"},\"query-input\":{\"@type\":\"PropertyValueSpecification\",\"valueRequired\":true,\"valueName\":\"search_term_string\"}}],\"inLanguage\":\"fr-FR\"},{\"@type\":\"Organization\",\"@id\":\"https:\/\/phipower.org\/fr\/#organization\",\"name\":\"Phipower\",\"url\":\"https:\/\/phipower.org\/fr\/\",\"logo\":{\"@type\":\"ImageObject\",\"inLanguage\":\"fr-FR\",\"@id\":\"https:\/\/phipower.org\/fr\/#\/schema\/logo\/image\/\",\"url\":\"https:\/\/phipower.org\/wp-content\/uploads\/2019\/06\/z-logo-RGB-wit-power.png\",\"contentUrl\":\"https:\/\/phipower.org\/wp-content\/uploads\/2019\/06\/z-logo-RGB-wit-power.png\",\"width\":3273,\"height\":1389,\"caption\":\"Phipower\"},\"image\":{\"@id\":\"https:\/\/phipower.org\/fr\/#\/schema\/logo\/image\/\"},\"sameAs\":[\"https:\/\/www.facebook.com\/phipowertools\/\",\"https:\/\/x.com\/phipower1\",\"https:\/\/www.tiktok.com\/@phipowerhealth\"]}]}<\/script>\n<meta property=\"product:price:amount\" content=\"90.00\" \/>\n<meta property=\"product:price:currency\" content=\"EUR\" \/>\n<meta property=\"og:availability\" content=\"instock\" \/>\n<meta property=\"product:availability\" content=\"instock\" \/>\n<meta property=\"product:retailer_item_id\" content=\"7806140071718\" \/>\n<meta property=\"product:condition\" content=\"new\" \/>\n<!-- \/ Yoast SEO Premium plugin. -->","yoast_head_json":{"title":"Am\u00e9lioration du sol Vita Earth \u2013 Restauration naturelle du sol & vitalisation de la terre","description":"Augmentez la fertilit\u00e9 et la vitalit\u00e9 du sol de votre jardin, verger ou terrain agricole avec Vita Earth. D\u00e9couvrez notre solution naturelle de vitalisation de la terre pour une restauration durable du sol et des r\u00e9coltes saines.","robots":{"index":"index","follow":"follow","max-snippet":"max-snippet:-1","max-image-preview":"max-image-preview:large","max-video-preview":"max-video-preview:-1"},"canonical":"https:\/\/phipower.org\/fr\/product\/tort-egg-compact-energy-egg-pour-la-protection-personnelle-et-la-vitalisation-kopie-kopie-kopie\/","og_locale":"fr_FR","og_type":"article","og_title":"Am\u00e9lioration du sol Vita Earth \u2013 Restaurez la force de la terre","og_description":"Augmentez la fertilit\u00e9 et la vitalit\u00e9 du sol de votre jardin, verger ou terrain agricole avec Vita Earth. D\u00e9couvrez notre solution naturelle de vitalisation de la terre pour une restauration durable du sol et des r\u00e9coltes saines.","og_url":"https:\/\/phipower.org\/fr\/product\/tort-egg-compact-energy-egg-pour-la-protection-personnelle-et-la-vitalisation-kopie-kopie-kopie\/","og_site_name":"Phipower","article_publisher":"https:\/\/www.facebook.com\/phipowertools\/","article_modified_time":"2026-04-16T14:17:25+00:00","og_image":[{"width":750,"height":750,"url":"https:\/\/phipower.org\/wp-content\/uploads\/2018\/09\/photo-1-36-1.jpg","type":"image\/jpeg"}],"twitter_card":"summary_large_image","twitter_site":"@phipower1","twitter_misc":{"Prix":"&euro;90,00","Disponibilit\u00e9":"En stock"},"schema":{"@context":"https:\/\/schema.org","@graph":[{"@type":"WebPage","@id":"https:\/\/phipower.org\/fr\/product\/tort-egg-compact-energy-egg-pour-la-protection-personnelle-et-la-vitalisation-kopie-kopie-kopie\/","url":"https:\/\/phipower.org\/fr\/product\/tort-egg-compact-energy-egg-pour-la-protection-personnelle-et-la-vitalisation-kopie-kopie-kopie\/","name":"Am\u00e9lioration du sol Vita Earth \u2013 Restauration naturelle du sol & vitalisation de la terre","isPartOf":{"@id":"https:\/\/phipower.org\/fr\/#website"},"primaryImageOfPage":{"@id":"https:\/\/phipower.org\/fr\/product\/tort-egg-compact-energy-egg-pour-la-protection-personnelle-et-la-vitalisation-kopie-kopie-kopie\/#primaryimage"},"image":{"@id":"https:\/\/phipower.org\/fr\/product\/tort-egg-compact-energy-egg-pour-la-protection-personnelle-et-la-vitalisation-kopie-kopie-kopie\/#primaryimage"},"thumbnailUrl":"https:\/\/phipower.org\/wp-content\/uploads\/2025\/04\/vita-earth-verhoog-de-vruchtbaarheid-van-de-aarde.jpg","datePublished":"2025-04-22T18:49:34+00:00","dateModified":"2026-04-16T14:17:25+00:00","description":"Augmentez la fertilit\u00e9 et la vitalit\u00e9 du sol de votre jardin, verger ou terrain agricole avec Vita Earth. D\u00e9couvrez notre solution naturelle de vitalisation de la terre pour une restauration durable du sol et des r\u00e9coltes saines.","breadcrumb":{"@id":"https:\/\/phipower.org\/fr\/product\/tort-egg-compact-energy-egg-pour-la-protection-personnelle-et-la-vitalisation-kopie-kopie-kopie\/#breadcrumb"},"inLanguage":"fr-FR","potentialAction":[{"@type":"ReadAction","target":["https:\/\/phipower.org\/fr\/product\/tort-egg-compact-energy-egg-pour-la-protection-personnelle-et-la-vitalisation-kopie-kopie-kopie\/"]}]},{"@type":"ImageObject","inLanguage":"fr-FR","@id":"https:\/\/phipower.org\/fr\/product\/tort-egg-compact-energy-egg-pour-la-protection-personnelle-et-la-vitalisation-kopie-kopie-kopie\/#primaryimage","url":"https:\/\/phipower.org\/wp-content\/uploads\/2025\/04\/vita-earth-verhoog-de-vruchtbaarheid-van-de-aarde.jpg","contentUrl":"https:\/\/phipower.org\/wp-content\/uploads\/2025\/04\/vita-earth-verhoog-de-vruchtbaarheid-van-de-aarde.jpg","width":600,"height":600},{"@type":"BreadcrumbList","@id":"https:\/\/phipower.org\/fr\/product\/tort-egg-compact-energy-egg-pour-la-protection-personnelle-et-la-vitalisation-kopie-kopie-kopie\/#breadcrumb","itemListElement":[{"@type":"ListItem","position":1,"name":"Home","item":"https:\/\/phipower.org\/fr\/"},{"@type":"ListItem","position":2,"name":"Boutique","item":"https:\/\/phipower.org\/fr\/boutique\/"},{"@type":"ListItem","position":3,"name":"Am\u00e9lioration du sol Vita Earth \u2013 Restaurez la force de la terre"}]},{"@type":"WebSite","@id":"https:\/\/phipower.org\/fr\/#website","url":"https:\/\/phipower.org\/fr\/","name":"Phipower: innovatieve gezondheidsproducten","description":"innovatieve gezondheidsproducten","publisher":{"@id":"https:\/\/phipower.org\/fr\/#organization"},"potentialAction":[{"@type":"SearchAction","target":{"@type":"EntryPoint","urlTemplate":"https:\/\/phipower.org\/fr\/?s={search_term_string}"},"query-input":{"@type":"PropertyValueSpecification","valueRequired":true,"valueName":"search_term_string"}}],"inLanguage":"fr-FR"},{"@type":"Organization","@id":"https:\/\/phipower.org\/fr\/#organization","name":"Phipower","url":"https:\/\/phipower.org\/fr\/","logo":{"@type":"ImageObject","inLanguage":"fr-FR","@id":"https:\/\/phipower.org\/fr\/#\/schema\/logo\/image\/","url":"https:\/\/phipower.org\/wp-content\/uploads\/2019\/06\/z-logo-RGB-wit-power.png","contentUrl":"https:\/\/phipower.org\/wp-content\/uploads\/2019\/06\/z-logo-RGB-wit-power.png","width":3273,"height":1389,"caption":"Phipower"},"image":{"@id":"https:\/\/phipower.org\/fr\/#\/schema\/logo\/image\/"},"sameAs":["https:\/\/www.facebook.com\/phipowertools\/","https:\/\/x.com\/phipower1","https:\/\/www.tiktok.com\/@phipowerhealth"]}]},"product_price_amount":"90.00","product_price_currency":"EUR","og_availability":"instock","product_availability":"instock","product_retailer_item_id":"7806140071718","product_condition":"new"},"_links":{"self":[{"href":"https:\/\/phipower.org\/fr\/wp-json\/wp\/v2\/product\/6822","targetHints":{"allow":["GET"]}}],"collection":[{"href":"https:\/\/phipower.org\/fr\/wp-json\/wp\/v2\/product"}],"about":[{"href":"https:\/\/phipower.org\/fr\/wp-json\/wp\/v2\/types\/product"}],"replies":[{"embeddable":true,"href":"https:\/\/phipower.org\/fr\/wp-json\/wp\/v2\/comments?post=6822"}],"wp:featuredmedia":[{"embeddable":true,"href":"https:\/\/phipower.org\/fr\/wp-json\/wp\/v2\/media\/6841"}],"wp:attachment":[{"href":"https:\/\/phipower.org\/fr\/wp-json\/wp\/v2\/media?parent=6822"}],"wp:term":[{"taxonomy":"product_brand","embeddable":true,"href":"https:\/\/phipower.org\/fr\/wp-json\/wp\/v2\/product_brand?post=6822"},{"taxonomy":"product_cat","embeddable":true,"href":"https:\/\/phipower.org\/fr\/wp-json\/wp\/v2\/product_cat?post=6822"},{"taxonomy":"product_tag","embeddable":true,"href":"https:\/\/phipower.org\/fr\/wp-json\/wp\/v2\/product_tag?post=6822"}],"curies":[{"name":"wp","href":"https:\/\/api.w.org\/{rel}","templated":true}]}}