{"id":6781,"date":"2025-04-18T14:54:16","date_gmt":"2025-04-18T14:54:16","guid":{"rendered":"https:\/\/phipower.org\/?post_type=product&#038;p=6781"},"modified":"2026-04-16T14:17:25","modified_gmt":"2026-04-16T14:17:25","slug":"tort-egg-compact-energy-egg-pour-la-protection-personnelle-et-la-vitalisation-kopie-kopie","status":"publish","type":"product","link":"https:\/\/phipower.org\/fr\/produit\/tort-egg-compact-energy-egg-pour-la-protection-personnelle-et-la-vitalisation-kopie-kopie\/","title":{"rendered":"Oeuf d&rsquo;\u00e9nergie de la Terre Bleue Petit &#8211; Purifiez votre champ d&rsquo;\u00e9nergie et vos espaces | Phipower"},"content":{"rendered":"<header>\n<h1>Oeuf \u00e9nerg\u00e9tique de la Terre Bleue &#8211; Petit<\/h1>\n<\/header>\n<section id=\"intro\">\n<p>D\u00e9couvrez la puissance de l&rsquo;\u00e9nergie vitale pure avec l&rsquo;<strong>\u0153uf \u00e9nerg\u00e9tique Blue Earth &#8211; Small<\/strong>. Cet \u0153uf \u00e9nerg\u00e9tique compact a une <strong>valeur Bovis<\/strong> impressionnante <strong>d&rsquo;environ 1 450 000 Bovis<\/strong>, ce qui lui permet d&rsquo;\u00e9mettre une \u00e9nergie puissante et harmonisante. L&rsquo;effet se fait sentir dans un rayon de <strong>7 m\u00e8tres<\/strong>, avec une port\u00e9e maximale de <strong>60 m\u00e8tres.<\/strong> Parfait pour ceux qui souhaitent purifier, prot\u00e9ger et renforcer \u00e9nerg\u00e9tiquement leur espace de vie, de travail ou de m\u00e9ditation.   <\/p>\n<p>Consultez le rapport de mesure ind\u00e9pendant au bas de cette page pour plus d&rsquo;informations sur le fonctionnement et la puissance de l&rsquo;Energy Egg &#8211; Small.<\/p>\n<\/section>\n<section id=\"wat-is-ei\">\n<h2>Qu&rsquo;est-ce que l&rsquo;\u0153uf Blue Earth Energy Egg &#8211; Small ?<\/h2>\n<div class=\"features\">\n<ul>\n<li><strong>Mat\u00e9riau :<\/strong> \u0152uf de canard rempli d&rsquo;\u00e9lixir \u00e9nerg\u00e9tique de Terre Bleue.<\/li>\n<li>L&rsquo;<strong>eau comme vecteur d&rsquo;information :<\/strong> l&rsquo;Elixir emmagasine une grande \u00e9nergie vitale et l&rsquo;irradie en permanence.<\/li>\n<li><strong>Fabriqu\u00e9 \u00e0 la main :<\/strong> Couche protectrice d&rsquo;argile et de lin, appliqu\u00e9e \u00e0 la main.<\/li>\n<li><strong>Support en bois inclus :<\/strong> Support de si\u00e8ge \u00e9l\u00e9gant inclus.<\/li>\n<\/ul>\n<p>Le processus artisanal pr\u00e9serve la fr\u00e9quence \u00e9nerg\u00e9tique \u00e9lev\u00e9e pendant une longue p\u00e9riode.<\/p>\n<\/p><\/div>\n<\/section>\n<section id=\"werking\">\n<h2>Fonctionnement de l&rsquo;\u0153uf d&rsquo;\u00e9nergie &#8211; Petit<\/h2>\n<div class=\"features\">\n<ul>\n<li>Augmente l&rsquo;\u00e9nergie vitale naturelle<\/li>\n<li>Stimule la capacit\u00e9 d&rsquo;autogu\u00e9rison et le syst\u00e8me immunitaire<\/li>\n<li>Neutralise les rayonnements nocifs (Wi-Fi et appareils \u00e9lectrom\u00e9nagers, par exemple)<\/li>\n<li>Augmente l&rsquo;\u00e9nergie et la fluidit\u00e9 des espaces de vie et de travail<\/li>\n<li>Vous rappelle votre conscience originelle<\/li>\n<li>Apporte calme, d\u00e9tente et harmonie int\u00e9rieure<\/li>\n<\/ul>\n<p>L&rsquo;eau &#8211; le composant principal de l&rsquo;Elixir &#8211; est un excellent vecteur d&rsquo;information. Gr\u00e2ce \u00e0 notre traitement sp\u00e9cial, la valeur \u00e9nerg\u00e9tique reste puissante pendant longtemps. <\/p>\n<\/p><\/div>\n<\/section>\n<section id=\"variaties\">\n<h2>Variations dans la gamme de produits Terre Bleue<\/h2>\n<table>\n<thead>\n<tr>\n<th>Produit<\/th>\n<th>Adapt\u00e9 \u00e0<\/th>\n<th>D\u00e9tails<\/th>\n<\/tr>\n<\/thead>\n<tbody>\n<tr>\n<td>Blue Earth Energy Egg &#8211; Petit<\/td>\n<td>Petits espaces, lieux de travail<\/td>\n<td>Champ d&rsquo;\u00e9nergie compact et puissant jusqu&rsquo;\u00e0 60 m\u00e8tres<\/td>\n<\/tr>\n<tr>\n<td>Oeuf \u00e9nerg\u00e9tique Terre Bleue &#8211; Grand<\/td>\n<td>Maisons enti\u00e8res, grands espaces<\/td>\n<td>Rendement \u00e9nerg\u00e9tique maximal jusqu&rsquo;\u00e0 66 m\u00e8tres<\/td>\n<\/tr>\n<tr>\n<td>Vita Earth<\/td>\n<td>Agriculture et jardinage<\/td>\n<td>Sp\u00e9cialement pour la mise \u00e0 la terre et l&rsquo;am\u00e9lioration du sol<\/td>\n<\/tr>\n<tr>\n<td>Lumi&rsquo;Sa<\/td>\n<td>Utilisation \u00e0 l&rsquo;int\u00e9rieur et \u00e0 l&rsquo;ext\u00e9rieur<\/td>\n<td>Tr\u00e8s robuste et polyvalent<\/td>\n<\/tr>\n<tr>\n<td>Oeuf de tortue<\/td>\n<td>Usage personnel, en d\u00e9placement<\/td>\n<td>Amplification d&rsquo;\u00e9nergie portable<\/td>\n<\/tr>\n<\/tbody>\n<\/table>\n<\/section>\n<section id=\"productieproces\">\n<h2>Processus de production<\/h2>\n<div class=\"process\">\n<ol>\n<li>S\u00e9lection et pr\u00e9paration de v\u00e9ritables \u0153ufs de cane.<\/li>\n<li>Remplissage avec notre Elixir de Terre Bleue sp\u00e9cialement trait\u00e9.<\/li>\n<li>Imperm\u00e9abilisation et multiples couches d&rsquo;argile et de lin.<\/li>\n<li>R\u00e9paration manuelle des fissures naturelles apr\u00e8s s\u00e9chage.<\/li>\n<li>Couche ext\u00e9rieure en c\u00e9ramique pour une plus grande durabilit\u00e9.<\/li>\n<\/ol>\n<p>En raison des mat\u00e9riaux naturels et du travail \u00e0 la main, chaque \u0153uf peut varier en couleur et en forme, ce qui le rend unique.<\/p>\n<\/p><\/div>\n<\/section>\n<section id=\"rapport\">\n<h2>Rapport sur l&rsquo;\u00e9nergie ind\u00e9pendante : Vortex Vitalis<\/h2>\n<p>La puissance \u00e9nerg\u00e9tique de l&rsquo;\u0152uf d&rsquo;\u00e9nergie de la Terre bleue &#8211; Petit a \u00e9t\u00e9 confirm\u00e9e de mani\u00e8re ind\u00e9pendante par Vortex Vitalis dans son rapport dat\u00e9 du <time datetime=\"2025-03-05\">5 mars 2025<\/time>. <a href=\"https:\/\/drive.google.com\/file\/d\/19sbyBIXydYBayj6jLN4ZIYYFYiAMkgdA\/view?usp=sharing\" target=\"_blank\" rel=\"noopener\">Consultez le rapport complet (PDF) pour obtenir les r\u00e9sultats d\u00e9taill\u00e9s des mesures ici<\/a>.<\/p>\n<\/section>\n<h2>Commandez votre \u0153uf \u00e9nerg\u00e9tique Terre Bleue &#8211; Petit<\/h2>\n<p>Voulez-vous purifier votre espace de vie, renforcer votre \u00e9nergie personnelle et vous prot\u00e9ger des radiations ? Commandez maintenant et exp\u00e9rimentez la puissance d&rsquo;une \u00e9nergie vitale accrue au quotidien ! <\/p>\n","protected":false},"excerpt":{"rendered":"<p>\u2714 Cr\u00e9e un puissant champ \u00e9nerg\u00e9tique protecteur contre les influences ext\u00e9rieures<br \/>\n\u2714 Am\u00e9liore la concentration et la paix int\u00e9rieure<br \/>\n\u2714 Favorise une connexion harmonieuse entre le corps, l&rsquo;esprit et l&rsquo;environnement<br \/>\n\u2714 Taille compacte, id\u00e9ale pour la maison, le travail ou en d\u00e9placement<\/p>\n","protected":false},"featured_media":6794,"comment_status":"open","ping_status":"closed","template":"","meta":[],"product_brand":[],"product_cat":[967,963],"product_tag":[],"class_list":{"0":"post-6781","1":"product","2":"type-product","3":"status-publish","4":"has-post-thumbnail","6":"product_cat-frequences","7":"product_cat-produits","9":"first","10":"instock","11":"taxable","12":"shipping-taxable","13":"purchasable","14":"product-type-simple"},"yoast_head":"<!-- This site is optimized with the Yoast SEO Premium plugin v23.6 (Yoast SEO v27.2) - https:\/\/yoast.com\/product\/yoast-seo-premium-wordpress\/ -->\n<title>Oeuf d&#039;\u00e9nergie de la Terre Bleue Grand - Augmentez votre \u00e9nergie vitale | Phipower<\/title>\n<meta name=\"description\" content=\"Meta Description:Augmentez votre \u00e9nergie vitale et prot\u00e9gez votre espace avec le Blue Earth Energy Egg Small. Compact, puissant et fait \u00e0 la main. Maintenant disponible chez Phipower !\" \/>\n<meta name=\"robots\" content=\"index, follow, max-snippet:-1, max-image-preview:large, max-video-preview:-1\" \/>\n<link rel=\"canonical\" href=\"https:\/\/phipower.org\/fr\/produit\/tort-egg-compact-energy-egg-pour-la-protection-personnelle-et-la-vitalisation-kopie-kopie\/\" \/>\n<meta property=\"og:locale\" content=\"fr_FR\" \/>\n<meta property=\"og:type\" content=\"article\" \/>\n<meta property=\"og:title\" content=\"Oeuf d&#039;\u00e9nergie de la Terre Bleue Petit - Purifiez votre champ d&#039;\u00e9nergie et vos espaces | Phipower\" \/>\n<meta property=\"og:description\" content=\"Meta Description:Augmentez votre \u00e9nergie vitale et prot\u00e9gez votre espace avec le Blue Earth Energy Egg Small. Compact, puissant et fait \u00e0 la main. Maintenant disponible chez Phipower !\" \/>\n<meta property=\"og:url\" content=\"https:\/\/phipower.org\/fr\/produit\/tort-egg-compact-energy-egg-pour-la-protection-personnelle-et-la-vitalisation-kopie-kopie\/\" \/>\n<meta property=\"og:site_name\" content=\"Phipower\" \/>\n<meta property=\"article:publisher\" content=\"https:\/\/www.facebook.com\/phipowertools\/\" \/>\n<meta property=\"article:modified_time\" content=\"2026-04-16T14:17:25+00:00\" \/>\n<meta property=\"og:image\" content=\"https:\/\/phipower.org\/wp-content\/uploads\/2018\/09\/photo-1-36-1.jpg\" \/>\n\t<meta property=\"og:image:width\" content=\"750\" \/>\n\t<meta property=\"og:image:height\" content=\"750\" \/>\n\t<meta property=\"og:image:type\" content=\"image\/jpeg\" \/>\n<meta name=\"twitter:card\" content=\"summary_large_image\" \/>\n<meta name=\"twitter:site\" content=\"@phipower1\" \/>\n<meta name=\"twitter:label1\" content=\"Prix\" \/>\n\t<meta name=\"twitter:data1\" content=\"&euro;196,00\" \/>\n\t<meta name=\"twitter:label2\" content=\"Disponibilit\u00e9\" \/>\n\t<meta name=\"twitter:data2\" content=\"En stock\" \/>\n<script type=\"application\/ld+json\" class=\"yoast-schema-graph\">{\"@context\":\"https:\/\/schema.org\",\"@graph\":[{\"@type\":\"WebPage\",\"@id\":\"https:\/\/phipower.org\/fr\/produit\/tort-egg-compact-energy-egg-pour-la-protection-personnelle-et-la-vitalisation-kopie-kopie\/\",\"url\":\"https:\/\/phipower.org\/fr\/produit\/tort-egg-compact-energy-egg-pour-la-protection-personnelle-et-la-vitalisation-kopie-kopie\/\",\"name\":\"Oeuf d'\u00e9nergie de la Terre Bleue Grand - Augmentez votre \u00e9nergie vitale | Phipower\",\"isPartOf\":{\"@id\":\"https:\/\/phipower.org\/fr\/#website\"},\"primaryImageOfPage\":{\"@id\":\"https:\/\/phipower.org\/fr\/produit\/tort-egg-compact-energy-egg-pour-la-protection-personnelle-et-la-vitalisation-kopie-kopie\/#primaryimage\"},\"image\":{\"@id\":\"https:\/\/phipower.org\/fr\/produit\/tort-egg-compact-energy-egg-pour-la-protection-personnelle-et-la-vitalisation-kopie-kopie\/#primaryimage\"},\"thumbnailUrl\":\"https:\/\/phipower.org\/wp-content\/uploads\/2025\/04\/blue-earth-klein-energie-ei.jpg\",\"datePublished\":\"2025-04-18T14:54:16+00:00\",\"dateModified\":\"2026-04-16T14:17:25+00:00\",\"description\":\"Meta Description:Augmentez votre \u00e9nergie vitale et prot\u00e9gez votre espace avec le Blue Earth Energy Egg Small. Compact, puissant et fait \u00e0 la main. Maintenant disponible chez Phipower !\",\"breadcrumb\":{\"@id\":\"https:\/\/phipower.org\/fr\/produit\/tort-egg-compact-energy-egg-pour-la-protection-personnelle-et-la-vitalisation-kopie-kopie\/#breadcrumb\"},\"inLanguage\":\"fr-FR\",\"potentialAction\":[{\"@type\":\"ReadAction\",\"target\":[\"https:\/\/phipower.org\/fr\/produit\/tort-egg-compact-energy-egg-pour-la-protection-personnelle-et-la-vitalisation-kopie-kopie\/\"]}]},{\"@type\":\"ImageObject\",\"inLanguage\":\"fr-FR\",\"@id\":\"https:\/\/phipower.org\/fr\/produit\/tort-egg-compact-energy-egg-pour-la-protection-personnelle-et-la-vitalisation-kopie-kopie\/#primaryimage\",\"url\":\"https:\/\/phipower.org\/wp-content\/uploads\/2025\/04\/blue-earth-klein-energie-ei.jpg\",\"contentUrl\":\"https:\/\/phipower.org\/wp-content\/uploads\/2025\/04\/blue-earth-klein-energie-ei.jpg\",\"width\":600,\"height\":600},{\"@type\":\"BreadcrumbList\",\"@id\":\"https:\/\/phipower.org\/fr\/produit\/tort-egg-compact-energy-egg-pour-la-protection-personnelle-et-la-vitalisation-kopie-kopie\/#breadcrumb\",\"itemListElement\":[{\"@type\":\"ListItem\",\"position\":1,\"name\":\"Home\",\"item\":\"https:\/\/phipower.org\/fr\/\"},{\"@type\":\"ListItem\",\"position\":2,\"name\":\"Shop\",\"item\":\"https:\/\/phipower.org\/shop\/\"},{\"@type\":\"ListItem\",\"position\":3,\"name\":\"Oeuf d&#8217;\u00e9nergie de la Terre Bleue Petit &#8211; Purifiez votre champ d&#8217;\u00e9nergie et vos espaces | Phipower\"}]},{\"@type\":\"WebSite\",\"@id\":\"https:\/\/phipower.org\/fr\/#website\",\"url\":\"https:\/\/phipower.org\/fr\/\",\"name\":\"Phipower: innovatieve gezondheidsproducten\",\"description\":\"innovatieve gezondheidsproducten\",\"publisher\":{\"@id\":\"https:\/\/phipower.org\/fr\/#organization\"},\"potentialAction\":[{\"@type\":\"SearchAction\",\"target\":{\"@type\":\"EntryPoint\",\"urlTemplate\":\"https:\/\/phipower.org\/fr\/?s={search_term_string}\"},\"query-input\":{\"@type\":\"PropertyValueSpecification\",\"valueRequired\":true,\"valueName\":\"search_term_string\"}}],\"inLanguage\":\"fr-FR\"},{\"@type\":\"Organization\",\"@id\":\"https:\/\/phipower.org\/fr\/#organization\",\"name\":\"Phipower\",\"url\":\"https:\/\/phipower.org\/fr\/\",\"logo\":{\"@type\":\"ImageObject\",\"inLanguage\":\"fr-FR\",\"@id\":\"https:\/\/phipower.org\/fr\/#\/schema\/logo\/image\/\",\"url\":\"https:\/\/phipower.org\/wp-content\/uploads\/2019\/06\/z-logo-RGB-wit-power.png\",\"contentUrl\":\"https:\/\/phipower.org\/wp-content\/uploads\/2019\/06\/z-logo-RGB-wit-power.png\",\"width\":3273,\"height\":1389,\"caption\":\"Phipower\"},\"image\":{\"@id\":\"https:\/\/phipower.org\/fr\/#\/schema\/logo\/image\/\"},\"sameAs\":[\"https:\/\/www.facebook.com\/phipowertools\/\",\"https:\/\/x.com\/phipower1\",\"https:\/\/www.tiktok.com\/@phipowerhealth\"]}]}<\/script>\n<meta property=\"product:price:amount\" content=\"196.00\" \/>\n<meta property=\"product:price:currency\" content=\"EUR\" \/>\n<meta property=\"og:availability\" content=\"instock\" \/>\n<meta property=\"product:availability\" content=\"instock\" \/>\n<meta property=\"product:retailer_item_id\" content=\"7806140071701\" \/>\n<meta property=\"product:condition\" content=\"new\" \/>\n<!-- \/ Yoast SEO Premium plugin. -->","yoast_head_json":{"title":"Oeuf d'\u00e9nergie de la Terre Bleue Grand - Augmentez votre \u00e9nergie vitale | Phipower","description":"Meta Description:Augmentez votre \u00e9nergie vitale et prot\u00e9gez votre espace avec le Blue Earth Energy Egg Small. Compact, puissant et fait \u00e0 la main. Maintenant disponible chez Phipower !","robots":{"index":"index","follow":"follow","max-snippet":"max-snippet:-1","max-image-preview":"max-image-preview:large","max-video-preview":"max-video-preview:-1"},"canonical":"https:\/\/phipower.org\/fr\/produit\/tort-egg-compact-energy-egg-pour-la-protection-personnelle-et-la-vitalisation-kopie-kopie\/","og_locale":"fr_FR","og_type":"article","og_title":"Oeuf d'\u00e9nergie de la Terre Bleue Petit - Purifiez votre champ d'\u00e9nergie et vos espaces | Phipower","og_description":"Meta Description:Augmentez votre \u00e9nergie vitale et prot\u00e9gez votre espace avec le Blue Earth Energy Egg Small. Compact, puissant et fait \u00e0 la main. Maintenant disponible chez Phipower !","og_url":"https:\/\/phipower.org\/fr\/produit\/tort-egg-compact-energy-egg-pour-la-protection-personnelle-et-la-vitalisation-kopie-kopie\/","og_site_name":"Phipower","article_publisher":"https:\/\/www.facebook.com\/phipowertools\/","article_modified_time":"2026-04-16T14:17:25+00:00","og_image":[{"width":750,"height":750,"url":"https:\/\/phipower.org\/wp-content\/uploads\/2018\/09\/photo-1-36-1.jpg","type":"image\/jpeg"}],"twitter_card":"summary_large_image","twitter_site":"@phipower1","twitter_misc":{"Prix":"&euro;196,00","Disponibilit\u00e9":"En stock"},"schema":{"@context":"https:\/\/schema.org","@graph":[{"@type":"WebPage","@id":"https:\/\/phipower.org\/fr\/produit\/tort-egg-compact-energy-egg-pour-la-protection-personnelle-et-la-vitalisation-kopie-kopie\/","url":"https:\/\/phipower.org\/fr\/produit\/tort-egg-compact-energy-egg-pour-la-protection-personnelle-et-la-vitalisation-kopie-kopie\/","name":"Oeuf d'\u00e9nergie de la Terre Bleue Grand - Augmentez votre \u00e9nergie vitale | Phipower","isPartOf":{"@id":"https:\/\/phipower.org\/fr\/#website"},"primaryImageOfPage":{"@id":"https:\/\/phipower.org\/fr\/produit\/tort-egg-compact-energy-egg-pour-la-protection-personnelle-et-la-vitalisation-kopie-kopie\/#primaryimage"},"image":{"@id":"https:\/\/phipower.org\/fr\/produit\/tort-egg-compact-energy-egg-pour-la-protection-personnelle-et-la-vitalisation-kopie-kopie\/#primaryimage"},"thumbnailUrl":"https:\/\/phipower.org\/wp-content\/uploads\/2025\/04\/blue-earth-klein-energie-ei.jpg","datePublished":"2025-04-18T14:54:16+00:00","dateModified":"2026-04-16T14:17:25+00:00","description":"Meta Description:Augmentez votre \u00e9nergie vitale et prot\u00e9gez votre espace avec le Blue Earth Energy Egg Small. Compact, puissant et fait \u00e0 la main. Maintenant disponible chez Phipower !","breadcrumb":{"@id":"https:\/\/phipower.org\/fr\/produit\/tort-egg-compact-energy-egg-pour-la-protection-personnelle-et-la-vitalisation-kopie-kopie\/#breadcrumb"},"inLanguage":"fr-FR","potentialAction":[{"@type":"ReadAction","target":["https:\/\/phipower.org\/fr\/produit\/tort-egg-compact-energy-egg-pour-la-protection-personnelle-et-la-vitalisation-kopie-kopie\/"]}]},{"@type":"ImageObject","inLanguage":"fr-FR","@id":"https:\/\/phipower.org\/fr\/produit\/tort-egg-compact-energy-egg-pour-la-protection-personnelle-et-la-vitalisation-kopie-kopie\/#primaryimage","url":"https:\/\/phipower.org\/wp-content\/uploads\/2025\/04\/blue-earth-klein-energie-ei.jpg","contentUrl":"https:\/\/phipower.org\/wp-content\/uploads\/2025\/04\/blue-earth-klein-energie-ei.jpg","width":600,"height":600},{"@type":"BreadcrumbList","@id":"https:\/\/phipower.org\/fr\/produit\/tort-egg-compact-energy-egg-pour-la-protection-personnelle-et-la-vitalisation-kopie-kopie\/#breadcrumb","itemListElement":[{"@type":"ListItem","position":1,"name":"Home","item":"https:\/\/phipower.org\/fr\/"},{"@type":"ListItem","position":2,"name":"Shop","item":"https:\/\/phipower.org\/shop\/"},{"@type":"ListItem","position":3,"name":"Oeuf d&#8217;\u00e9nergie de la Terre Bleue Petit &#8211; Purifiez votre champ d&#8217;\u00e9nergie et vos espaces | Phipower"}]},{"@type":"WebSite","@id":"https:\/\/phipower.org\/fr\/#website","url":"https:\/\/phipower.org\/fr\/","name":"Phipower: innovatieve gezondheidsproducten","description":"innovatieve gezondheidsproducten","publisher":{"@id":"https:\/\/phipower.org\/fr\/#organization"},"potentialAction":[{"@type":"SearchAction","target":{"@type":"EntryPoint","urlTemplate":"https:\/\/phipower.org\/fr\/?s={search_term_string}"},"query-input":{"@type":"PropertyValueSpecification","valueRequired":true,"valueName":"search_term_string"}}],"inLanguage":"fr-FR"},{"@type":"Organization","@id":"https:\/\/phipower.org\/fr\/#organization","name":"Phipower","url":"https:\/\/phipower.org\/fr\/","logo":{"@type":"ImageObject","inLanguage":"fr-FR","@id":"https:\/\/phipower.org\/fr\/#\/schema\/logo\/image\/","url":"https:\/\/phipower.org\/wp-content\/uploads\/2019\/06\/z-logo-RGB-wit-power.png","contentUrl":"https:\/\/phipower.org\/wp-content\/uploads\/2019\/06\/z-logo-RGB-wit-power.png","width":3273,"height":1389,"caption":"Phipower"},"image":{"@id":"https:\/\/phipower.org\/fr\/#\/schema\/logo\/image\/"},"sameAs":["https:\/\/www.facebook.com\/phipowertools\/","https:\/\/x.com\/phipower1","https:\/\/www.tiktok.com\/@phipowerhealth"]}]},"product_price_amount":"196.00","product_price_currency":"EUR","og_availability":"instock","product_availability":"instock","product_retailer_item_id":"7806140071701","product_condition":"new"},"_links":{"self":[{"href":"https:\/\/phipower.org\/fr\/wp-json\/wp\/v2\/product\/6781","targetHints":{"allow":["GET"]}}],"collection":[{"href":"https:\/\/phipower.org\/fr\/wp-json\/wp\/v2\/product"}],"about":[{"href":"https:\/\/phipower.org\/fr\/wp-json\/wp\/v2\/types\/product"}],"replies":[{"embeddable":true,"href":"https:\/\/phipower.org\/fr\/wp-json\/wp\/v2\/comments?post=6781"}],"wp:featuredmedia":[{"embeddable":true,"href":"https:\/\/phipower.org\/fr\/wp-json\/wp\/v2\/media\/6794"}],"wp:attachment":[{"href":"https:\/\/phipower.org\/fr\/wp-json\/wp\/v2\/media?parent=6781"}],"wp:term":[{"taxonomy":"product_brand","embeddable":true,"href":"https:\/\/phipower.org\/fr\/wp-json\/wp\/v2\/product_brand?post=6781"},{"taxonomy":"product_cat","embeddable":true,"href":"https:\/\/phipower.org\/fr\/wp-json\/wp\/v2\/product_cat?post=6781"},{"taxonomy":"product_tag","embeddable":true,"href":"https:\/\/phipower.org\/fr\/wp-json\/wp\/v2\/product_tag?post=6781"}],"curies":[{"name":"wp","href":"https:\/\/api.w.org\/{rel}","templated":true}]}}