{"id":6758,"date":"2025-04-18T14:13:48","date_gmt":"2025-04-18T14:13:48","guid":{"rendered":"https:\/\/phipower.org\/?post_type=product&#038;p=6758"},"modified":"2026-04-16T14:18:02","modified_gmt":"2026-04-16T14:18:02","slug":"tort-egg-compact-energy-egg-pour-la-protection-personnelle-et-la-vitalisation-kopie","status":"publish","type":"product","link":"https:\/\/phipower.org\/fr\/produit\/tort-egg-compact-energy-egg-pour-la-protection-personnelle-et-la-vitalisation-kopie\/","title":{"rendered":"Energy Egg Large | Augmentez votre \u00e9nergie vitale et prot\u00e9gez votre espace"},"content":{"rendered":"<p><span style=\"font-size: 25.92px; color: #333333;\">Oeuf \u00e9nerg\u00e9tique de la Terre Bleue &#8211; Grand : Augmentez votre \u00e9nergie vitale et prot\u00e9gez votre espace<\/span><\/p>\n<header>\n<section id=\"intro\">Faites l&rsquo;exp\u00e9rience de la puissance de l&rsquo;\u00e9nergie vitale pure avec l&rsquo;<strong>\u0153uf \u00e9nerg\u00e9tique de la Terre Bleue &#8211; Grand.<\/strong> Avec une <strong>valeur Bovis<\/strong> impressionnante d <strong>&lsquo;environ 1 500 000 Bovis<\/strong>, cet \u0153uf \u00e9nerg\u00e9tique fait partie des produits \u00e9nerg\u00e9tiques les plus puissants actuellement disponibles. L&rsquo;effet peut \u00eatre ressenti dans un rayon de <strong>66 m\u00e8tres<\/strong>, l&rsquo;influence la plus forte se situant dans un <strong>rayon de 8 m\u00e8tres<\/strong>. Id\u00e9al pour ceux qui souhaitent renforcer, prot\u00e9ger et harmoniser \u00e9nerg\u00e9tiquement leur maison, leur lieu de travail ou eux-m\u00eames.   <\/p>\n<\/section>\n<section id=\"wat-is-ei\">\n<h2>Qu&rsquo;est-ce que l&rsquo;\u0153uf d&rsquo;\u00e9nergie de la Terre bleue ?<\/h2>\n<p>L&rsquo;<strong>\u0153uf \u00e9nerg\u00e9tique de la Terre Bleue<\/strong> est bas\u00e9 sur un v\u00e9ritable \u0153uf d&rsquo;autruche et rempli de notre <strong>\u00e9lixir<\/strong> unique <strong>de la Terre Bleue<\/strong>. Autour de l&rsquo;\u0153uf se trouve une \u00e9paisse couche protectrice d&rsquo;argile, avec un renfort de lin, qui a \u00e9t\u00e9 soigneusement appliqu\u00e9e \u00e0 la main. Cette combinaison garantit que la fr\u00e9quence \u00e9nerg\u00e9tique \u00e9lev\u00e9e est maintenue pendant longtemps.  <\/p>\n<div class=\"features\">\n<ul>\n<li>L&rsquo;<strong>eau comme vecteur d&rsquo;information<\/strong>: l&rsquo;\u00e9lixir de la Terre bleue a \u00e9t\u00e9 sp\u00e9cialement trait\u00e9 pour stocker et \u00e9mettre une \u00e9nergie vitale exceptionnellement \u00e9lev\u00e9e.<\/li>\n<li><strong>La puissance de la forme de l&rsquo;<\/strong>\u0153uf : la forme primitive de l&rsquo;\u0153uf renforce et prot\u00e8ge l&rsquo;effet \u00e9nerg\u00e9tique.<\/li>\n<li><strong>Avec support en bois<\/strong>: chaque Energy Egg est livr\u00e9 avec un \u00e9l\u00e9gant support de si\u00e8ge en bois.<\/li>\n<\/ul>\n<\/div>\n<\/section>\n<section id=\"werking\">\n<h2>Fonctionnement de l&rsquo;\u0153uf de l&rsquo;\u00e9nergie &#8211; Large<\/h2>\n<p>Tenir ou placer l&rsquo;\u0152uf d&rsquo;\u00e9nergie de la Terre bleue dans votre environnement peut d\u00e9clencher un puissant flux d&rsquo;\u00e9nergie dans votre corps et votre champ d&rsquo;\u00e9nergie personnel. Les principaux avantages sont les suivants : <\/p>\n<div class=\"features\">\n<ul>\n<li>Renforcer la capacit\u00e9 d&rsquo;auto-gu\u00e9rison<\/li>\n<li>Stimulation du syst\u00e8me immunitaire<\/li>\n<li>Neutralisation des rayonnements nocifs (tels que les champs \u00e9lectromagn\u00e9tiques)<\/li>\n<li>Augmenter le flux d&rsquo;\u00e9nergie dans la maison ou le bureau<\/li>\n<li>Le souvenir de notre conscience originelle<\/li>\n<li>Faites l&rsquo;exp\u00e9rience d&rsquo;un calme profond et d&rsquo;une sensation d&rsquo;harmonie<\/li>\n<\/ul>\n<\/div>\n<\/section>\n<section id=\"varianten\">\n<h2>Variantes et applications<\/h2>\n<div class=\"variants\">\n<h3>Variantes disponibles<\/h3>\n<ul>\n<li><strong>Blue Earth Energy Egg &#8211; Small<\/strong>: id\u00e9al pour les petites pi\u00e8ces ou le lieu de travail.<\/li>\n<li><strong>Vita Earth<\/strong>: sp\u00e9cialement con\u00e7u pour l&rsquo;application dans les terres agricoles et les jardins.<\/li>\n<li><strong>Lumi&rsquo;Sa<\/strong>: un \u0153uf robuste avec une protection suppl\u00e9mentaire, adapt\u00e9 \u00e0 une utilisation int\u00e9rieure et ext\u00e9rieure.<\/li>\n<li><strong>\u0152uf de tortue<\/strong>: une petite version que vous pouvez toujours avoir sur vous.<\/li>\n<\/ul>\n<h3>Applications<\/h3>\n<p>Parfait pour les salons, les espaces de travail, les salles de pratique ou comme soutien \u00e9nerg\u00e9tique dans votre salle de m\u00e9ditation.<\/p>\n<\/div>\n<\/section>\n<section id=\"productieproces\">\n<h2>Processus de production<\/h2>\n<div class=\"process\">\n<p>Chaque \u0153uf \u00e9nerg\u00e9tique de la Terre Bleue est fabriqu\u00e9 \u00e0 la main avec le plus grand amour et la plus grande attention. Le processus comprend <\/p>\n<ol>\n<li>Remplir de v\u00e9ritables \u0153ufs d&rsquo;autruche avec de l&rsquo;Elixir de Terre Bleue.<\/li>\n<li>Fermez herm\u00e9tiquement et enveloppez de plusieurs couches d&rsquo;argile et de lin.<\/li>\n<li>Retouchez manuellement les fissures naturelles apr\u00e8s s\u00e9chage.<\/li>\n<li>Finition avec une couche ext\u00e9rieure unique en c\u00e9ramique pour une plus grande durabilit\u00e9.<\/li>\n<\/ol>\n<p><strong>Mat\u00e9riaux naturels<\/strong>: chaque \u0153uf \u00e9tant unique, les couleurs et les tailles peuvent varier l\u00e9g\u00e8rement.<\/p>\n<p><strong>Dimensions<\/strong>: Hauteur moyenne : 19 cm (sans le support en bois de 3 cm)<\/p>\n<\/div>\n<\/section>\n<section id=\"rapport\">\n<h2>Rapport ind\u00e9pendant : Vortex Vitalis<\/h2>\n<p>L&rsquo;effet \u00e9nerg\u00e9tique de l&rsquo;\u0153uf Blue Earth Energy Egg &#8211; Large a \u00e9t\u00e9 mesur\u00e9 de mani\u00e8re ind\u00e9pendante par <strong>Vortex Vitalis<\/strong>. Le rapport dat\u00e9 du <time datetime=\"2025-03-05\">5 mars 2025<\/time> confirme l&rsquo;\u00e9nergie vitale exceptionnellement \u00e9lev\u00e9e de l&rsquo;\u0153uf. Pour plus de d\u00e9tails <a href=\"https:\/\/drive.google.com\/file\/d\/1jkQZSTrfizRx0OATmTHFU0_PzxdOWXLG\/view?usp=sharing\" target=\"_blank\" rel=\"noopener\">, consultez le rapport complet (PDF) ici<\/a>. <\/p>\n<\/section>\n<h3>Commandez maintenant et d\u00e9couvrez par vous-m\u00eame le pouvoir de l&rsquo;\u0153uf \u00e9nerg\u00e9tique de la Terre Bleue !<\/h3>\n<\/header>\n","protected":false},"excerpt":{"rendered":"<p>\u2714 Stimule la capacit\u00e9 d&rsquo;auto-gu\u00e9rison du corps et de l&rsquo;esprit<br \/>\n\u2714 Augmente la fr\u00e9quence vibratoire de votre espace de vie et de travail<br \/>\n\u2714 Aide \u00e0 restaurer les flux d&rsquo;\u00e9nergie naturels<br \/>\n\u2714 Fabriqu\u00e9 \u00e0 la main \u00e0 partir de mat\u00e9riaux purs et naturels pour une puissance maximale<\/p>\n","protected":false},"featured_media":6764,"comment_status":"open","ping_status":"closed","template":"","meta":[],"product_brand":[],"product_cat":[967,963],"product_tag":[],"class_list":{"0":"post-6758","1":"product","2":"type-product","3":"status-publish","4":"has-post-thumbnail","6":"product_cat-frequences","7":"product_cat-produits","9":"first","10":"outofstock","11":"taxable","12":"shipping-taxable","13":"purchasable","14":"product-type-simple"},"yoast_head":"<!-- This site is optimized with the Yoast SEO Premium plugin v23.6 (Yoast SEO v27.2) - https:\/\/yoast.com\/product\/yoast-seo-premium-wordpress\/ -->\n<title>Oeuf d&#039;\u00e9nergie de la Terre Bleue Grand - Augmentez votre \u00e9nergie vitale | Phipower<\/title>\n<meta name=\"description\" content=\"D\u00e9couvrez le Blue Earth Energy Egg Large. Augmentez votre \u00e9nergie vitale, neutralisez les radiations et cr\u00e9ez un espace harmonieux. Fabriqu\u00e9 \u00e0 la main et puissant !\" \/>\n<meta name=\"robots\" content=\"index, follow, max-snippet:-1, max-image-preview:large, max-video-preview:-1\" \/>\n<link rel=\"canonical\" href=\"https:\/\/phipower.org\/fr\/produit\/tort-egg-compact-energy-egg-pour-la-protection-personnelle-et-la-vitalisation-kopie\/\" \/>\n<meta property=\"og:locale\" content=\"fr_FR\" \/>\n<meta property=\"og:type\" content=\"article\" \/>\n<meta property=\"og:title\" content=\"Energy Egg Large | Augmentez votre \u00e9nergie vitale et prot\u00e9gez votre espace\" \/>\n<meta property=\"og:description\" content=\"D\u00e9couvrez le Blue Earth Energy Egg Large. Augmentez votre \u00e9nergie vitale, neutralisez les radiations et cr\u00e9ez un espace harmonieux. Fabriqu\u00e9 \u00e0 la main et puissant !\" \/>\n<meta property=\"og:url\" content=\"https:\/\/phipower.org\/fr\/produit\/tort-egg-compact-energy-egg-pour-la-protection-personnelle-et-la-vitalisation-kopie\/\" \/>\n<meta property=\"og:site_name\" content=\"Phipower\" \/>\n<meta property=\"article:publisher\" content=\"https:\/\/www.facebook.com\/phipowertools\/\" \/>\n<meta property=\"article:modified_time\" content=\"2026-04-16T14:18:02+00:00\" \/>\n<meta property=\"og:image\" content=\"https:\/\/phipower.org\/wp-content\/uploads\/2018\/09\/photo-1-36-1.jpg\" \/>\n\t<meta property=\"og:image:width\" content=\"750\" \/>\n\t<meta property=\"og:image:height\" content=\"750\" \/>\n\t<meta property=\"og:image:type\" content=\"image\/jpeg\" \/>\n<meta name=\"twitter:card\" content=\"summary_large_image\" \/>\n<meta name=\"twitter:site\" content=\"@phipower1\" \/>\n<meta name=\"twitter:label1\" content=\"Prix\" \/>\n\t<meta name=\"twitter:data1\" content=\"&euro;345,00\" \/>\n\t<meta name=\"twitter:label2\" content=\"Disponibilit\u00e9\" \/>\n\t<meta name=\"twitter:data2\" content=\"Rupture de stock\" \/>\n<script type=\"application\/ld+json\" class=\"yoast-schema-graph\">{\"@context\":\"https:\/\/schema.org\",\"@graph\":[{\"@type\":\"WebPage\",\"@id\":\"https:\/\/phipower.org\/fr\/produit\/tort-egg-compact-energy-egg-pour-la-protection-personnelle-et-la-vitalisation-kopie\/\",\"url\":\"https:\/\/phipower.org\/fr\/produit\/tort-egg-compact-energy-egg-pour-la-protection-personnelle-et-la-vitalisation-kopie\/\",\"name\":\"Oeuf d'\u00e9nergie de la Terre Bleue Grand - Augmentez votre \u00e9nergie vitale | Phipower\",\"isPartOf\":{\"@id\":\"https:\/\/phipower.org\/fr\/#website\"},\"primaryImageOfPage\":{\"@id\":\"https:\/\/phipower.org\/fr\/produit\/tort-egg-compact-energy-egg-pour-la-protection-personnelle-et-la-vitalisation-kopie\/#primaryimage\"},\"image\":{\"@id\":\"https:\/\/phipower.org\/fr\/produit\/tort-egg-compact-energy-egg-pour-la-protection-personnelle-et-la-vitalisation-kopie\/#primaryimage\"},\"thumbnailUrl\":\"https:\/\/phipower.org\/wp-content\/uploads\/2025\/03\/Blue-Earth-energie-ei-groot.jpg\",\"datePublished\":\"2025-04-18T14:13:48+00:00\",\"dateModified\":\"2026-04-16T14:18:02+00:00\",\"description\":\"D\u00e9couvrez le Blue Earth Energy Egg Large. Augmentez votre \u00e9nergie vitale, neutralisez les radiations et cr\u00e9ez un espace harmonieux. Fabriqu\u00e9 \u00e0 la main et puissant !\",\"breadcrumb\":{\"@id\":\"https:\/\/phipower.org\/fr\/produit\/tort-egg-compact-energy-egg-pour-la-protection-personnelle-et-la-vitalisation-kopie\/#breadcrumb\"},\"inLanguage\":\"fr-FR\",\"potentialAction\":[{\"@type\":\"ReadAction\",\"target\":[\"https:\/\/phipower.org\/fr\/produit\/tort-egg-compact-energy-egg-pour-la-protection-personnelle-et-la-vitalisation-kopie\/\"]}]},{\"@type\":\"ImageObject\",\"inLanguage\":\"fr-FR\",\"@id\":\"https:\/\/phipower.org\/fr\/produit\/tort-egg-compact-energy-egg-pour-la-protection-personnelle-et-la-vitalisation-kopie\/#primaryimage\",\"url\":\"https:\/\/phipower.org\/wp-content\/uploads\/2025\/03\/Blue-Earth-energie-ei-groot.jpg\",\"contentUrl\":\"https:\/\/phipower.org\/wp-content\/uploads\/2025\/03\/Blue-Earth-energie-ei-groot.jpg\",\"width\":600,\"height\":600},{\"@type\":\"BreadcrumbList\",\"@id\":\"https:\/\/phipower.org\/fr\/produit\/tort-egg-compact-energy-egg-pour-la-protection-personnelle-et-la-vitalisation-kopie\/#breadcrumb\",\"itemListElement\":[{\"@type\":\"ListItem\",\"position\":1,\"name\":\"Home\",\"item\":\"https:\/\/phipower.org\/fr\/\"},{\"@type\":\"ListItem\",\"position\":2,\"name\":\"Shop\",\"item\":\"https:\/\/phipower.org\/shop\/\"},{\"@type\":\"ListItem\",\"position\":3,\"name\":\"Energy Egg Large | Augmentez votre \u00e9nergie vitale et prot\u00e9gez votre espace\"}]},{\"@type\":\"WebSite\",\"@id\":\"https:\/\/phipower.org\/fr\/#website\",\"url\":\"https:\/\/phipower.org\/fr\/\",\"name\":\"Phipower: innovatieve gezondheidsproducten\",\"description\":\"innovatieve gezondheidsproducten\",\"publisher\":{\"@id\":\"https:\/\/phipower.org\/fr\/#organization\"},\"potentialAction\":[{\"@type\":\"SearchAction\",\"target\":{\"@type\":\"EntryPoint\",\"urlTemplate\":\"https:\/\/phipower.org\/fr\/?s={search_term_string}\"},\"query-input\":{\"@type\":\"PropertyValueSpecification\",\"valueRequired\":true,\"valueName\":\"search_term_string\"}}],\"inLanguage\":\"fr-FR\"},{\"@type\":\"Organization\",\"@id\":\"https:\/\/phipower.org\/fr\/#organization\",\"name\":\"Phipower\",\"url\":\"https:\/\/phipower.org\/fr\/\",\"logo\":{\"@type\":\"ImageObject\",\"inLanguage\":\"fr-FR\",\"@id\":\"https:\/\/phipower.org\/fr\/#\/schema\/logo\/image\/\",\"url\":\"https:\/\/phipower.org\/wp-content\/uploads\/2019\/06\/z-logo-RGB-wit-power.png\",\"contentUrl\":\"https:\/\/phipower.org\/wp-content\/uploads\/2019\/06\/z-logo-RGB-wit-power.png\",\"width\":3273,\"height\":1389,\"caption\":\"Phipower\"},\"image\":{\"@id\":\"https:\/\/phipower.org\/fr\/#\/schema\/logo\/image\/\"},\"sameAs\":[\"https:\/\/www.facebook.com\/phipowertools\/\",\"https:\/\/x.com\/phipower1\",\"https:\/\/www.tiktok.com\/@phipowerhealth\"]}]}<\/script>\n<meta property=\"product:price:amount\" content=\"345.00\" \/>\n<meta property=\"product:price:currency\" content=\"EUR\" \/>\n<meta property=\"og:availability\" content=\"out of stock\" \/>\n<meta property=\"product:availability\" content=\"out of stock\" \/>\n<meta property=\"product:retailer_item_id\" content=\"7806140071695\" \/>\n<meta property=\"product:condition\" content=\"new\" \/>\n<!-- \/ Yoast SEO Premium plugin. -->","yoast_head_json":{"title":"Oeuf d'\u00e9nergie de la Terre Bleue Grand - Augmentez votre \u00e9nergie vitale | Phipower","description":"D\u00e9couvrez le Blue Earth Energy Egg Large. Augmentez votre \u00e9nergie vitale, neutralisez les radiations et cr\u00e9ez un espace harmonieux. Fabriqu\u00e9 \u00e0 la main et puissant !","robots":{"index":"index","follow":"follow","max-snippet":"max-snippet:-1","max-image-preview":"max-image-preview:large","max-video-preview":"max-video-preview:-1"},"canonical":"https:\/\/phipower.org\/fr\/produit\/tort-egg-compact-energy-egg-pour-la-protection-personnelle-et-la-vitalisation-kopie\/","og_locale":"fr_FR","og_type":"article","og_title":"Energy Egg Large | Augmentez votre \u00e9nergie vitale et prot\u00e9gez votre espace","og_description":"D\u00e9couvrez le Blue Earth Energy Egg Large. Augmentez votre \u00e9nergie vitale, neutralisez les radiations et cr\u00e9ez un espace harmonieux. Fabriqu\u00e9 \u00e0 la main et puissant !","og_url":"https:\/\/phipower.org\/fr\/produit\/tort-egg-compact-energy-egg-pour-la-protection-personnelle-et-la-vitalisation-kopie\/","og_site_name":"Phipower","article_publisher":"https:\/\/www.facebook.com\/phipowertools\/","article_modified_time":"2026-04-16T14:18:02+00:00","og_image":[{"width":750,"height":750,"url":"https:\/\/phipower.org\/wp-content\/uploads\/2018\/09\/photo-1-36-1.jpg","type":"image\/jpeg"}],"twitter_card":"summary_large_image","twitter_site":"@phipower1","twitter_misc":{"Prix":"&euro;345,00","Disponibilit\u00e9":"Rupture de stock"},"schema":{"@context":"https:\/\/schema.org","@graph":[{"@type":"WebPage","@id":"https:\/\/phipower.org\/fr\/produit\/tort-egg-compact-energy-egg-pour-la-protection-personnelle-et-la-vitalisation-kopie\/","url":"https:\/\/phipower.org\/fr\/produit\/tort-egg-compact-energy-egg-pour-la-protection-personnelle-et-la-vitalisation-kopie\/","name":"Oeuf d'\u00e9nergie de la Terre Bleue Grand - Augmentez votre \u00e9nergie vitale | Phipower","isPartOf":{"@id":"https:\/\/phipower.org\/fr\/#website"},"primaryImageOfPage":{"@id":"https:\/\/phipower.org\/fr\/produit\/tort-egg-compact-energy-egg-pour-la-protection-personnelle-et-la-vitalisation-kopie\/#primaryimage"},"image":{"@id":"https:\/\/phipower.org\/fr\/produit\/tort-egg-compact-energy-egg-pour-la-protection-personnelle-et-la-vitalisation-kopie\/#primaryimage"},"thumbnailUrl":"https:\/\/phipower.org\/wp-content\/uploads\/2025\/03\/Blue-Earth-energie-ei-groot.jpg","datePublished":"2025-04-18T14:13:48+00:00","dateModified":"2026-04-16T14:18:02+00:00","description":"D\u00e9couvrez le Blue Earth Energy Egg Large. Augmentez votre \u00e9nergie vitale, neutralisez les radiations et cr\u00e9ez un espace harmonieux. Fabriqu\u00e9 \u00e0 la main et puissant !","breadcrumb":{"@id":"https:\/\/phipower.org\/fr\/produit\/tort-egg-compact-energy-egg-pour-la-protection-personnelle-et-la-vitalisation-kopie\/#breadcrumb"},"inLanguage":"fr-FR","potentialAction":[{"@type":"ReadAction","target":["https:\/\/phipower.org\/fr\/produit\/tort-egg-compact-energy-egg-pour-la-protection-personnelle-et-la-vitalisation-kopie\/"]}]},{"@type":"ImageObject","inLanguage":"fr-FR","@id":"https:\/\/phipower.org\/fr\/produit\/tort-egg-compact-energy-egg-pour-la-protection-personnelle-et-la-vitalisation-kopie\/#primaryimage","url":"https:\/\/phipower.org\/wp-content\/uploads\/2025\/03\/Blue-Earth-energie-ei-groot.jpg","contentUrl":"https:\/\/phipower.org\/wp-content\/uploads\/2025\/03\/Blue-Earth-energie-ei-groot.jpg","width":600,"height":600},{"@type":"BreadcrumbList","@id":"https:\/\/phipower.org\/fr\/produit\/tort-egg-compact-energy-egg-pour-la-protection-personnelle-et-la-vitalisation-kopie\/#breadcrumb","itemListElement":[{"@type":"ListItem","position":1,"name":"Home","item":"https:\/\/phipower.org\/fr\/"},{"@type":"ListItem","position":2,"name":"Shop","item":"https:\/\/phipower.org\/shop\/"},{"@type":"ListItem","position":3,"name":"Energy Egg Large | Augmentez votre \u00e9nergie vitale et prot\u00e9gez votre espace"}]},{"@type":"WebSite","@id":"https:\/\/phipower.org\/fr\/#website","url":"https:\/\/phipower.org\/fr\/","name":"Phipower: innovatieve gezondheidsproducten","description":"innovatieve gezondheidsproducten","publisher":{"@id":"https:\/\/phipower.org\/fr\/#organization"},"potentialAction":[{"@type":"SearchAction","target":{"@type":"EntryPoint","urlTemplate":"https:\/\/phipower.org\/fr\/?s={search_term_string}"},"query-input":{"@type":"PropertyValueSpecification","valueRequired":true,"valueName":"search_term_string"}}],"inLanguage":"fr-FR"},{"@type":"Organization","@id":"https:\/\/phipower.org\/fr\/#organization","name":"Phipower","url":"https:\/\/phipower.org\/fr\/","logo":{"@type":"ImageObject","inLanguage":"fr-FR","@id":"https:\/\/phipower.org\/fr\/#\/schema\/logo\/image\/","url":"https:\/\/phipower.org\/wp-content\/uploads\/2019\/06\/z-logo-RGB-wit-power.png","contentUrl":"https:\/\/phipower.org\/wp-content\/uploads\/2019\/06\/z-logo-RGB-wit-power.png","width":3273,"height":1389,"caption":"Phipower"},"image":{"@id":"https:\/\/phipower.org\/fr\/#\/schema\/logo\/image\/"},"sameAs":["https:\/\/www.facebook.com\/phipowertools\/","https:\/\/x.com\/phipower1","https:\/\/www.tiktok.com\/@phipowerhealth"]}]},"product_price_amount":"345.00","product_price_currency":"EUR","og_availability":"out of stock","product_availability":"out of stock","product_retailer_item_id":"7806140071695","product_condition":"new"},"_links":{"self":[{"href":"https:\/\/phipower.org\/fr\/wp-json\/wp\/v2\/product\/6758","targetHints":{"allow":["GET"]}}],"collection":[{"href":"https:\/\/phipower.org\/fr\/wp-json\/wp\/v2\/product"}],"about":[{"href":"https:\/\/phipower.org\/fr\/wp-json\/wp\/v2\/types\/product"}],"replies":[{"embeddable":true,"href":"https:\/\/phipower.org\/fr\/wp-json\/wp\/v2\/comments?post=6758"}],"wp:featuredmedia":[{"embeddable":true,"href":"https:\/\/phipower.org\/fr\/wp-json\/wp\/v2\/media\/6764"}],"wp:attachment":[{"href":"https:\/\/phipower.org\/fr\/wp-json\/wp\/v2\/media?parent=6758"}],"wp:term":[{"taxonomy":"product_brand","embeddable":true,"href":"https:\/\/phipower.org\/fr\/wp-json\/wp\/v2\/product_brand?post=6758"},{"taxonomy":"product_cat","embeddable":true,"href":"https:\/\/phipower.org\/fr\/wp-json\/wp\/v2\/product_cat?post=6758"},{"taxonomy":"product_tag","embeddable":true,"href":"https:\/\/phipower.org\/fr\/wp-json\/wp\/v2\/product_tag?post=6758"}],"curies":[{"name":"wp","href":"https:\/\/api.w.org\/{rel}","templated":true}]}}