{"id":6598,"date":"2025-03-09T09:42:02","date_gmt":"2025-03-09T09:42:02","guid":{"rendered":"https:\/\/phipower.org\/?post_type=product&#038;p=6598"},"modified":"2025-06-16T21:02:46","modified_gmt":"2025-06-16T21:02:46","slug":"lumisa-oeuf-denergie-de-la-terre-bleue-pour-la-vitalisation-et-lharmonisation-kopie","status":"publish","type":"product","link":"https:\/\/phipower.org\/fr\/produit\/lumisa-oeuf-denergie-de-la-terre-bleue-pour-la-vitalisation-et-lharmonisation-kopie\/","title":{"rendered":"Tort egg | Compact Energy Egg | Pour la protection personnelle et la vitalisation|"},"content":{"rendered":"<div class=\"container\">\n<header><span style=\"color: #333333; font-size: 23.04px;\">Description Terre Bleue \u0152uf de Tortue<\/span><\/header>\n<section id=\"omschrijving\">L&rsquo;\u0153uf de tortue Blue Earth est con\u00e7u pour la protection personnelle et le renforcement de votre champ \u00e9nerg\u00e9tique. Gr\u00e2ce \u00e0 son effet puissant dans un rayon de 2 m\u00e8tres, ce petit \u0153uf \u00e9nerg\u00e9tique offre un soutien optimal dans la gestion des stimuli, des \u00e9motions et des \u00e9nergies ext\u00e9rieures. La valeur Bovis \u00e9lev\u00e9e d&rsquo;environ 384 000 Bovis garantit un renforcement sensible de votre pouvoir personnel et de votre bien-\u00eatre.  <\/section>\n<section id=\"eigenschappen\">\n<h2>Caract\u00e9ristiques de l&rsquo;\u0153uf Tort Blue Earth<\/h2>\n<ul>\n<li><strong>Mat\u00e9riau :<\/strong> \u0153uf de caille rempli d&rsquo;\u00e9lixir de terre bleue<\/li>\n<li><strong>Dimensions :<\/strong> 3 cm (largeur) x 4 cm (hauteur)<\/li>\n<li><strong>Poids :<\/strong> 37 grammes<\/li>\n<li><strong>Protection :<\/strong> Avec un rev\u00eatement en r\u00e9sine solide (\u00e9tanche et r\u00e9sistant aux chocs)<\/li>\n<li><strong>Utilisation :<\/strong> Compact et portable, id\u00e9al pour la poche de pantalon, la poche de veste, \u00e0 c\u00f4t\u00e9 de votre PC ou sous l&rsquo;oreiller.<\/li>\n<\/ul>\n<\/section>\n<section id=\"geschikt-voor\">\n<h2>\u00c0 qui s&rsquo;adresse l&rsquo;\u0153uf Blue Earth Tort ?<\/h2>\n<p>L&rsquo;\u0153uf Tortue est parfait pour les personnes sensibles aux stimuli et aux \u00e9nergies des autres.<\/p>\n<h3>Convient pour :<\/h3>\n<ul>\n<li>Les personnes qui sont facilement surstimul\u00e9es<\/li>\n<li>Personnes qui ressentent intens\u00e9ment les \u00e9motions des autres<\/li>\n<li>Toute personne \u00e0 la recherche d&rsquo;une protection plus \u00e9nergique<\/li>\n<li>Les enfants qui ont des difficult\u00e9s \u00e0 se concentrer ou qui sont facilement distraits.<\/li>\n<\/ul>\n<p>Il vous aide \u00e0 vous sentir plus en s\u00e9curit\u00e9 et plus calme, ce qui vous permet de mieux vous comporter avec vous-m\u00eame.<\/p>\n<\/section>\n<section id=\"voordelen\">\n<h2>Pourquoi choisir l&rsquo;\u0153uf Blue Earth Tort ?<\/h2>\n<ul>\n<li>Renforce votre \u00e9nergie personnelle et prot\u00e8ge votre champ \u00e9nerg\u00e9tique<\/li>\n<li>Favorise la force int\u00e9rieure et l&rsquo;\u00e9quilibre \u00e9motionnel<\/li>\n<li>Portable, compact et durable<\/li>\n<li>Convient aux adultes et aux enfants<\/li>\n<\/ul>\n<\/section>\n<section id=\"productreeks\">\n<h2>D\u00e9couvrez la gamme de produits Blue Earth<\/h2>\n<p>L&rsquo;\u0153uf de tortue fait partie de la gamme sp\u00e9ciale d&rsquo;\u0153ufs \u00e9nerg\u00e9tiques Blue Earth. Outre cet \u0153uf portable, nous proposons \u00e9galement des \u0153ufs d&rsquo;\u00e9nergie plus grands, adapt\u00e9s \u00e0 une utilisation domestique. Le Lumi&rsquo;Sa fait \u00e9galement partie de notre gamme et, gr\u00e2ce \u00e0 un rev\u00eatement protecteur sp\u00e9cial, il offre de multiples possibilit\u00e9s d&rsquo;utilisation, notamment pour \u00e9nerg\u00e9tiser l&rsquo;eau.  <\/p>\n<p>Regardez \u00e9galement notre vid\u00e9o d&rsquo;information pour une explication d\u00e9taill\u00e9e du fonctionnement et des avantages de nos produits Blue Earth.<\/p>\n<\/section>\n<section id=\"klantbeoordelingen\">\n<h2>Exp\u00e9riences des clients<\/h2>\n<p>Nous aimerions conna\u00eetre votre exp\u00e9rience avec l&rsquo;\u0153uf de tortue Blue Earth. Partagez votre opinion et aidez les autres \u00e0 faire leur choix ! <\/p>\n<\/section>\n<footer><strong>Commandez d\u00e8s \u00e0 pr\u00e9sent votre \u0153uf Blue Earth Tort personnel et b\u00e9n\u00e9ficiez imm\u00e9diatement de l&rsquo;\u00e9nergie positive !<\/strong><\/footer>\n<\/div>\n<p>&nbsp;<\/p>\n","protected":false},"excerpt":{"rendered":"<p>\u2714 Renforce votre champ \u00e9nerg\u00e9tique personnel<br \/>\n\u2714 Prot\u00e8ge contre les influences et les radiations n\u00e9gatives<br \/>\n\u2714 Favorise l&rsquo;\u00e9quilibre et la clart\u00e9 int\u00e9rieurs<br \/>\n\u2714 Compact, durable et toujours \u00e0 port\u00e9e de main<\/p>\n","protected":false},"featured_media":6610,"comment_status":"open","ping_status":"closed","template":"","meta":[],"product_brand":[],"product_cat":[967,963],"product_tag":[],"class_list":{"0":"post-6598","1":"product","2":"type-product","3":"status-publish","4":"has-post-thumbnail","6":"product_cat-frequences","7":"product_cat-produits","8":"product_shipping_class-2-5-kg","10":"first","11":"outofstock","12":"taxable","13":"shipping-taxable","14":"purchasable","15":"product-type-simple"},"yoast_head":"<!-- This site is optimized with the Yoast SEO Premium plugin v23.6 (Yoast SEO v27.2) - https:\/\/yoast.com\/product\/yoast-seo-premium-wordpress\/ -->\n<title>\u0152uf de tortue de la Terre Bleue - Protection personnelle et renforcement \u00e9nerg\u00e9tique<\/title>\n<meta name=\"description\" content=\"D\u00e9couvrez l&#039;\u0153uf Tort Blue Earth : amplification d&#039;\u00e9nergie portable et protection contre les stimuli et les \u00e9nergies externes. Id\u00e9al pour les adultes et les enfants !\" \/>\n<meta name=\"robots\" content=\"index, follow, max-snippet:-1, max-image-preview:large, max-video-preview:-1\" \/>\n<link rel=\"canonical\" href=\"https:\/\/phipower.org\/fr\/produit\/lumisa-oeuf-denergie-de-la-terre-bleue-pour-la-vitalisation-et-lharmonisation-kopie\/\" \/>\n<meta property=\"og:locale\" content=\"fr_FR\" \/>\n<meta property=\"og:type\" content=\"article\" \/>\n<meta property=\"og:title\" content=\"Tort egg | Compact Energy Egg | Pour la protection personnelle et la vitalisation|\" \/>\n<meta property=\"og:description\" content=\"D\u00e9couvrez l&#039;\u0153uf Tort Blue Earth : amplification d&#039;\u00e9nergie portable et protection contre les stimuli et les \u00e9nergies externes. Id\u00e9al pour les adultes et les enfants !\" \/>\n<meta property=\"og:url\" content=\"https:\/\/phipower.org\/fr\/produit\/lumisa-oeuf-denergie-de-la-terre-bleue-pour-la-vitalisation-et-lharmonisation-kopie\/\" \/>\n<meta property=\"og:site_name\" content=\"Phipower\" \/>\n<meta property=\"article:publisher\" content=\"https:\/\/www.facebook.com\/phipowertools\/\" \/>\n<meta property=\"article:modified_time\" content=\"2025-06-16T21:02:46+00:00\" \/>\n<meta property=\"og:image\" content=\"https:\/\/phipower.org\/wp-content\/uploads\/2018\/09\/photo-1-36-1.jpg\" \/>\n\t<meta property=\"og:image:width\" content=\"750\" \/>\n\t<meta property=\"og:image:height\" content=\"750\" \/>\n\t<meta property=\"og:image:type\" content=\"image\/jpeg\" \/>\n<meta name=\"twitter:card\" content=\"summary_large_image\" \/>\n<meta name=\"twitter:site\" content=\"@phipower1\" \/>\n<meta name=\"twitter:label1\" content=\"Prix\" \/>\n\t<meta name=\"twitter:data1\" content=\"&euro;48,00\" \/>\n\t<meta name=\"twitter:label2\" content=\"Disponibilit\u00e9\" \/>\n\t<meta name=\"twitter:data2\" content=\"Rupture de stock\" \/>\n<script type=\"application\/ld+json\" class=\"yoast-schema-graph\">{\"@context\":\"https:\/\/schema.org\",\"@graph\":[{\"@type\":\"WebPage\",\"@id\":\"https:\/\/phipower.org\/fr\/produit\/lumisa-oeuf-denergie-de-la-terre-bleue-pour-la-vitalisation-et-lharmonisation-kopie\/\",\"url\":\"https:\/\/phipower.org\/fr\/produit\/lumisa-oeuf-denergie-de-la-terre-bleue-pour-la-vitalisation-et-lharmonisation-kopie\/\",\"name\":\"\u0152uf de tortue de la Terre Bleue - Protection personnelle et renforcement \u00e9nerg\u00e9tique\",\"isPartOf\":{\"@id\":\"https:\/\/phipower.org\/fr\/#website\"},\"primaryImageOfPage\":{\"@id\":\"https:\/\/phipower.org\/fr\/produit\/lumisa-oeuf-denergie-de-la-terre-bleue-pour-la-vitalisation-et-lharmonisation-kopie\/#primaryimage\"},\"image\":{\"@id\":\"https:\/\/phipower.org\/fr\/produit\/lumisa-oeuf-denergie-de-la-terre-bleue-pour-la-vitalisation-et-lharmonisation-kopie\/#primaryimage\"},\"thumbnailUrl\":\"https:\/\/phipower.org\/wp-content\/uploads\/2025\/03\/Tortelei-energie-ei-blue-earth-phipower.jpg\",\"datePublished\":\"2025-03-09T09:42:02+00:00\",\"dateModified\":\"2025-06-16T21:02:46+00:00\",\"description\":\"D\u00e9couvrez l'\u0153uf Tort Blue Earth : amplification d'\u00e9nergie portable et protection contre les stimuli et les \u00e9nergies externes. Id\u00e9al pour les adultes et les enfants !\",\"breadcrumb\":{\"@id\":\"https:\/\/phipower.org\/fr\/produit\/lumisa-oeuf-denergie-de-la-terre-bleue-pour-la-vitalisation-et-lharmonisation-kopie\/#breadcrumb\"},\"inLanguage\":\"fr-FR\",\"potentialAction\":[{\"@type\":\"ReadAction\",\"target\":[\"https:\/\/phipower.org\/fr\/produit\/lumisa-oeuf-denergie-de-la-terre-bleue-pour-la-vitalisation-et-lharmonisation-kopie\/\"]}]},{\"@type\":\"ImageObject\",\"inLanguage\":\"fr-FR\",\"@id\":\"https:\/\/phipower.org\/fr\/produit\/lumisa-oeuf-denergie-de-la-terre-bleue-pour-la-vitalisation-et-lharmonisation-kopie\/#primaryimage\",\"url\":\"https:\/\/phipower.org\/wp-content\/uploads\/2025\/03\/Tortelei-energie-ei-blue-earth-phipower.jpg\",\"contentUrl\":\"https:\/\/phipower.org\/wp-content\/uploads\/2025\/03\/Tortelei-energie-ei-blue-earth-phipower.jpg\",\"width\":600,\"height\":400},{\"@type\":\"BreadcrumbList\",\"@id\":\"https:\/\/phipower.org\/fr\/produit\/lumisa-oeuf-denergie-de-la-terre-bleue-pour-la-vitalisation-et-lharmonisation-kopie\/#breadcrumb\",\"itemListElement\":[{\"@type\":\"ListItem\",\"position\":1,\"name\":\"Home\",\"item\":\"https:\/\/phipower.org\/fr\/\"},{\"@type\":\"ListItem\",\"position\":2,\"name\":\"Boutique\",\"item\":\"https:\/\/phipower.org\/fr\/boutique\/\"},{\"@type\":\"ListItem\",\"position\":3,\"name\":\"Tort egg | Compact Energy Egg | Pour la protection personnelle et la vitalisation|\"}]},{\"@type\":\"WebSite\",\"@id\":\"https:\/\/phipower.org\/fr\/#website\",\"url\":\"https:\/\/phipower.org\/fr\/\",\"name\":\"Phipower: innovatieve gezondheidsproducten\",\"description\":\"innovatieve gezondheidsproducten\",\"publisher\":{\"@id\":\"https:\/\/phipower.org\/fr\/#organization\"},\"potentialAction\":[{\"@type\":\"SearchAction\",\"target\":{\"@type\":\"EntryPoint\",\"urlTemplate\":\"https:\/\/phipower.org\/fr\/?s={search_term_string}\"},\"query-input\":{\"@type\":\"PropertyValueSpecification\",\"valueRequired\":true,\"valueName\":\"search_term_string\"}}],\"inLanguage\":\"fr-FR\"},{\"@type\":\"Organization\",\"@id\":\"https:\/\/phipower.org\/fr\/#organization\",\"name\":\"Phipower\",\"url\":\"https:\/\/phipower.org\/fr\/\",\"logo\":{\"@type\":\"ImageObject\",\"inLanguage\":\"fr-FR\",\"@id\":\"https:\/\/phipower.org\/fr\/#\/schema\/logo\/image\/\",\"url\":\"https:\/\/phipower.org\/wp-content\/uploads\/2019\/06\/z-logo-RGB-wit-power.png\",\"contentUrl\":\"https:\/\/phipower.org\/wp-content\/uploads\/2019\/06\/z-logo-RGB-wit-power.png\",\"width\":3273,\"height\":1389,\"caption\":\"Phipower\"},\"image\":{\"@id\":\"https:\/\/phipower.org\/fr\/#\/schema\/logo\/image\/\"},\"sameAs\":[\"https:\/\/www.facebook.com\/phipowertools\/\",\"https:\/\/x.com\/phipower1\",\"https:\/\/www.tiktok.com\/@phipowerhealth\"]}]}<\/script>\n<meta property=\"product:price:amount\" content=\"48.00\" \/>\n<meta property=\"product:price:currency\" content=\"EUR\" \/>\n<meta property=\"og:availability\" content=\"out of stock\" \/>\n<meta property=\"product:availability\" content=\"out of stock\" \/>\n<meta property=\"product:retailer_item_id\" content=\"7806140071657\" \/>\n<meta property=\"product:condition\" content=\"new\" \/>\n<!-- \/ Yoast SEO Premium plugin. -->","yoast_head_json":{"title":"\u0152uf de tortue de la Terre Bleue - Protection personnelle et renforcement \u00e9nerg\u00e9tique","description":"D\u00e9couvrez l'\u0153uf Tort Blue Earth : amplification d'\u00e9nergie portable et protection contre les stimuli et les \u00e9nergies externes. Id\u00e9al pour les adultes et les enfants !","robots":{"index":"index","follow":"follow","max-snippet":"max-snippet:-1","max-image-preview":"max-image-preview:large","max-video-preview":"max-video-preview:-1"},"canonical":"https:\/\/phipower.org\/fr\/produit\/lumisa-oeuf-denergie-de-la-terre-bleue-pour-la-vitalisation-et-lharmonisation-kopie\/","og_locale":"fr_FR","og_type":"article","og_title":"Tort egg | Compact Energy Egg | Pour la protection personnelle et la vitalisation|","og_description":"D\u00e9couvrez l'\u0153uf Tort Blue Earth : amplification d'\u00e9nergie portable et protection contre les stimuli et les \u00e9nergies externes. Id\u00e9al pour les adultes et les enfants !","og_url":"https:\/\/phipower.org\/fr\/produit\/lumisa-oeuf-denergie-de-la-terre-bleue-pour-la-vitalisation-et-lharmonisation-kopie\/","og_site_name":"Phipower","article_publisher":"https:\/\/www.facebook.com\/phipowertools\/","article_modified_time":"2025-06-16T21:02:46+00:00","og_image":[{"width":750,"height":750,"url":"https:\/\/phipower.org\/wp-content\/uploads\/2018\/09\/photo-1-36-1.jpg","type":"image\/jpeg"}],"twitter_card":"summary_large_image","twitter_site":"@phipower1","twitter_misc":{"Prix":"&euro;48,00","Disponibilit\u00e9":"Rupture de stock"},"schema":{"@context":"https:\/\/schema.org","@graph":[{"@type":"WebPage","@id":"https:\/\/phipower.org\/fr\/produit\/lumisa-oeuf-denergie-de-la-terre-bleue-pour-la-vitalisation-et-lharmonisation-kopie\/","url":"https:\/\/phipower.org\/fr\/produit\/lumisa-oeuf-denergie-de-la-terre-bleue-pour-la-vitalisation-et-lharmonisation-kopie\/","name":"\u0152uf de tortue de la Terre Bleue - Protection personnelle et renforcement \u00e9nerg\u00e9tique","isPartOf":{"@id":"https:\/\/phipower.org\/fr\/#website"},"primaryImageOfPage":{"@id":"https:\/\/phipower.org\/fr\/produit\/lumisa-oeuf-denergie-de-la-terre-bleue-pour-la-vitalisation-et-lharmonisation-kopie\/#primaryimage"},"image":{"@id":"https:\/\/phipower.org\/fr\/produit\/lumisa-oeuf-denergie-de-la-terre-bleue-pour-la-vitalisation-et-lharmonisation-kopie\/#primaryimage"},"thumbnailUrl":"https:\/\/phipower.org\/wp-content\/uploads\/2025\/03\/Tortelei-energie-ei-blue-earth-phipower.jpg","datePublished":"2025-03-09T09:42:02+00:00","dateModified":"2025-06-16T21:02:46+00:00","description":"D\u00e9couvrez l'\u0153uf Tort Blue Earth : amplification d'\u00e9nergie portable et protection contre les stimuli et les \u00e9nergies externes. Id\u00e9al pour les adultes et les enfants !","breadcrumb":{"@id":"https:\/\/phipower.org\/fr\/produit\/lumisa-oeuf-denergie-de-la-terre-bleue-pour-la-vitalisation-et-lharmonisation-kopie\/#breadcrumb"},"inLanguage":"fr-FR","potentialAction":[{"@type":"ReadAction","target":["https:\/\/phipower.org\/fr\/produit\/lumisa-oeuf-denergie-de-la-terre-bleue-pour-la-vitalisation-et-lharmonisation-kopie\/"]}]},{"@type":"ImageObject","inLanguage":"fr-FR","@id":"https:\/\/phipower.org\/fr\/produit\/lumisa-oeuf-denergie-de-la-terre-bleue-pour-la-vitalisation-et-lharmonisation-kopie\/#primaryimage","url":"https:\/\/phipower.org\/wp-content\/uploads\/2025\/03\/Tortelei-energie-ei-blue-earth-phipower.jpg","contentUrl":"https:\/\/phipower.org\/wp-content\/uploads\/2025\/03\/Tortelei-energie-ei-blue-earth-phipower.jpg","width":600,"height":400},{"@type":"BreadcrumbList","@id":"https:\/\/phipower.org\/fr\/produit\/lumisa-oeuf-denergie-de-la-terre-bleue-pour-la-vitalisation-et-lharmonisation-kopie\/#breadcrumb","itemListElement":[{"@type":"ListItem","position":1,"name":"Home","item":"https:\/\/phipower.org\/fr\/"},{"@type":"ListItem","position":2,"name":"Boutique","item":"https:\/\/phipower.org\/fr\/boutique\/"},{"@type":"ListItem","position":3,"name":"Tort egg | Compact Energy Egg | Pour la protection personnelle et la vitalisation|"}]},{"@type":"WebSite","@id":"https:\/\/phipower.org\/fr\/#website","url":"https:\/\/phipower.org\/fr\/","name":"Phipower: innovatieve gezondheidsproducten","description":"innovatieve gezondheidsproducten","publisher":{"@id":"https:\/\/phipower.org\/fr\/#organization"},"potentialAction":[{"@type":"SearchAction","target":{"@type":"EntryPoint","urlTemplate":"https:\/\/phipower.org\/fr\/?s={search_term_string}"},"query-input":{"@type":"PropertyValueSpecification","valueRequired":true,"valueName":"search_term_string"}}],"inLanguage":"fr-FR"},{"@type":"Organization","@id":"https:\/\/phipower.org\/fr\/#organization","name":"Phipower","url":"https:\/\/phipower.org\/fr\/","logo":{"@type":"ImageObject","inLanguage":"fr-FR","@id":"https:\/\/phipower.org\/fr\/#\/schema\/logo\/image\/","url":"https:\/\/phipower.org\/wp-content\/uploads\/2019\/06\/z-logo-RGB-wit-power.png","contentUrl":"https:\/\/phipower.org\/wp-content\/uploads\/2019\/06\/z-logo-RGB-wit-power.png","width":3273,"height":1389,"caption":"Phipower"},"image":{"@id":"https:\/\/phipower.org\/fr\/#\/schema\/logo\/image\/"},"sameAs":["https:\/\/www.facebook.com\/phipowertools\/","https:\/\/x.com\/phipower1","https:\/\/www.tiktok.com\/@phipowerhealth"]}]},"product_price_amount":"48.00","product_price_currency":"EUR","og_availability":"out of stock","product_availability":"out of stock","product_retailer_item_id":"7806140071657","product_condition":"new"},"_links":{"self":[{"href":"https:\/\/phipower.org\/fr\/wp-json\/wp\/v2\/product\/6598","targetHints":{"allow":["GET"]}}],"collection":[{"href":"https:\/\/phipower.org\/fr\/wp-json\/wp\/v2\/product"}],"about":[{"href":"https:\/\/phipower.org\/fr\/wp-json\/wp\/v2\/types\/product"}],"replies":[{"embeddable":true,"href":"https:\/\/phipower.org\/fr\/wp-json\/wp\/v2\/comments?post=6598"}],"wp:featuredmedia":[{"embeddable":true,"href":"https:\/\/phipower.org\/fr\/wp-json\/wp\/v2\/media\/6610"}],"wp:attachment":[{"href":"https:\/\/phipower.org\/fr\/wp-json\/wp\/v2\/media?parent=6598"}],"wp:term":[{"taxonomy":"product_brand","embeddable":true,"href":"https:\/\/phipower.org\/fr\/wp-json\/wp\/v2\/product_brand?post=6598"},{"taxonomy":"product_cat","embeddable":true,"href":"https:\/\/phipower.org\/fr\/wp-json\/wp\/v2\/product_cat?post=6598"},{"taxonomy":"product_tag","embeddable":true,"href":"https:\/\/phipower.org\/fr\/wp-json\/wp\/v2\/product_tag?post=6598"}],"curies":[{"name":"wp","href":"https:\/\/api.w.org\/{rel}","templated":true}]}}