{"id":5098,"date":"2024-02-12T17:48:54","date_gmt":"2024-02-12T17:48:54","guid":{"rendered":"https:\/\/phipower.org\/?post_type=product&#038;p=5098"},"modified":"2026-04-16T14:19:10","modified_gmt":"2026-04-16T14:19:10","slug":"bouteille-a-tourbillon-deau-pour-vitaliser-et-structurer-leau-phipower","status":"publish","type":"product","link":"https:\/\/phipower.org\/fr\/product\/bouteille-a-tourbillon-deau-pour-vitaliser-et-structurer-leau-phipower\/","title":{"rendered":"Bouteille \u00e0 vortex | Pour vitaliser et structurer l\u2019eau | Phipower"},"content":{"rendered":"<h1>Cr\u00e9ez d\u00e8s maintenant une eau structur\u00e9e et vitalis\u00e9e avec la bouteille \u00e0 vortex de Phipower<\/h1>\n<h2>D\u00e9couvrez la force de l\u2019eau naturellement vitalisante<\/h2>\n<p>D\u00e9couvrez les propri\u00e9t\u00e9s revitalisantes de l\u2019eau structur\u00e9e avec notre bouteille \u00e0 vortex.<\/p>\n<p>Cette bouteille innovante transforme, en combinaison avec l\u2019<a href=\"https:\/\/phipower.org\/product\/magneet-roerder-magnetic-strirrer-voor-vitaliseren-en-structureren-van-water-phipower\/\">agitateur magn\u00e9tique<\/a>, l\u2019eau du robinet ordinaire en une boisson dynamique et rafra\u00eechissante, pr\u00eate \u00e0 nourrir et hydrater votre corps.<\/p>\n<p>Commandez d\u00e8s maintenant le <a href=\"https:\/\/phipower.org\/product\/bundel-water-wervel-fles-magneetroerder-golden-triange-voor-vitaliseren-en-structureren-van-water-phipower\/\">pack complet bouteille \u00e0 vortex<\/a>, agitateur magn\u00e9tique et <a href=\"https:\/\/phipower.org\/fr\/produit\/triangle-dor-amethyste-cristal-de-montagne-quartz-rose-pour-vitaliser-et-structurer-leau-puissance\/\">cristaux du triangle d\u2019or<\/a> : la <a href=\"https:\/\/phipower.org\/product\/bundel-water-wervel-fles-magneetroerder-golden-triange-voor-vitaliseren-en-structureren-van-water-phipower\/\">solution<\/a> compl\u00e8te pour g\u00e9n\u00e9rer de l\u2019eau structur\u00e9e.<\/p>\n<p>ATTENTION : ceci ne concerne que la bouteille. Pour obtenir le kit complet de fabrication de l&rsquo;eau vitalis\u00e9e et textur\u00e9e, cliquez <strong><br \/>\n  <a href=\"https:\/\/phipower.org\/product\/bundel-water-wervel-fles-magneetroerder-golden-triange-voor-vitaliseren-en-structureren-van-water-phipower\/\">ici<\/a><br \/>\n<\/strong><\/p>\n<h2>Conception durable pour un usage quotidien<\/h2>\n<p>La bouteille \u00e0 vortex est livr\u00e9e avec un bouchon verseur pratique, facilitant le remplissage tout en a\u00e9rant l\u2019eau pour un go\u00fbt rafra\u00eechissant.<\/p>\n<p>Fabriqu\u00e9e en verre souffl\u00e9 \u00e0 la bouche, chaque bouteille pr\u00e9sente des caract\u00e9ristiques uniques, tout en \u00e9tant d\u00e9licate mais durable pour un usage quotidien.<\/p>\n<h2>Triangle d\u2019or : Am\u00e9thyste, Cristal de roche et Quartz rose<\/h2>\n<p>Ajoutez en option des sph\u00e8res de cristal sous forme d\u2019<a href=\"https:\/\/phipower.org\/fr\/produit\/triangle-dor-amethyste-cristal-de-montagne-quartz-rose-pour-vitaliser-et-structurer-leau-puissance\/\">am\u00e9thyste, cristal de roche et quartz rose<\/a> pour plus d\u2019\u00e9nergie et d\u2019harmonie. Les \u00e9nergies harmonieuses de l\u2019am\u00e9thyste, du quartz rose et du cristal de roche sont amplifi\u00e9es par le mouvement du vortex, offrant une exp\u00e9rience de boisson rafra\u00eechissante et vitalisante.<\/p>\n<h2>Prudence recommand\u00e9e<\/h2>\n<p>Ins\u00e9rez d\u00e9licatement les sph\u00e8res de cristal dans la bouteille \u00e0 l\u2019aide d\u2019une cuill\u00e8re pour \u00e9viter d\u2019endommager le verre ou les cristaux. Lors du service, veillez \u00e0 ce que le bec verseur soit solidement fix\u00e9 \u00e0 la bouteille.<\/p>\n<h2>Nettoyage facile pour un plaisir durable<\/h2>\n<p>Notre bouteille \u00e0 vortex passe au lave-vaisselle, mais le lavage \u00e0 la main est recommand\u00e9 pour une long\u00e9vit\u00e9 accrue. Nettoyez soigneusement avant la premi\u00e8re utilisation avec de l\u2019eau chaude savonneuse et \u00e9vitez les produits chimiques agressifs pour pr\u00e9server l\u2019int\u00e9grit\u00e9 naturelle du verre.<\/p>\n<h2>Service client et garantie<\/h2>\n<p>Nous garantissons la qualit\u00e9 de nos produits et offrons une garantie de 12 mois. N\u2019h\u00e9sitez pas \u00e0 nous contacter via info@phipower.kinsta.cloud pour toute question ou probl\u00e8me. T\u00e9l\u00e9chargez le <a href=\"https:\/\/drive.google.com\/file\/d\/1gSt_OzJ-dRBmQMXMQ1p6w9zKDQDQ_Z_M\/view?usp=sharing\">manuel<\/a> ici.<\/p>\n<h2>Transformez votre exp\u00e9rience d\u2019hydratation avec notre bouteille \u00e0 vortex pratique<\/h2>\n<p>Commandez aujourd\u2019hui et profitez des bienfaits d\u2019une eau vitale et structur\u00e9e partout avec vous. Red\u00e9couvrez le pouvoir de l\u2019hydratation avec notre bouteille \u00e0 vortex pratique et efficace.<\/p>\n","protected":false},"excerpt":{"rendered":"<p><strong>\u2714 bouteille \u00e0 vortex pour g\u00e9n\u00e9rer de l\u2019eau structur\u00e9e<\/strong><br \/>\n<strong>\u2714 cr\u00e9e un vortex naturel dans l\u2019eau avec l\u2019agitateur magn\u00e9tique<\/strong><br \/>\n<strong>\u2714 structure et vitalise l\u2019eau<\/strong><br \/>\n<strong>\u2714 commandez le <a href=\"https:\/\/phipower.org\/product\/bundel-water-wervel-fles-magneetroerder-golden-triange-voor-vitaliseren-en-structureren-van-water-phipower\/\">pack complet ici<\/a><\/strong><\/p>\n","protected":false},"featured_media":5110,"comment_status":"open","ping_status":"closed","template":"","meta":[],"product_brand":[],"product_cat":[963,965],"product_tag":[],"class_list":{"0":"post-5098","1":"product","2":"type-product","3":"status-publish","4":"has-post-thumbnail","6":"product_cat-produits","7":"product_cat-traitement-de-leau","8":"product_shipping_class-0-2-kg","10":"first","11":"instock","12":"taxable","13":"shipping-taxable","14":"purchasable","15":"product-type-simple"},"yoast_head":"<!-- This site is optimized with the Yoast SEO Premium plugin v23.6 (Yoast SEO v27.2) - https:\/\/yoast.com\/product\/yoast-seo-premium-wordpress\/ -->\n<title>Bouteille \u00e0 vortex Phipower | Vitalisation et structuration de l\u2019eau<\/title>\n<meta name=\"description\" content=\"La bouteille \u00e0 vortex g\u00e9n\u00e8re, en combinaison avec l\u2019agitateur magn\u00e9tique, un tourbillon\/vortex cr\u00e9ant une eau vitale et structur\u00e9e.\" \/>\n<meta name=\"robots\" content=\"index, follow, max-snippet:-1, max-image-preview:large, max-video-preview:-1\" \/>\n<link rel=\"canonical\" href=\"https:\/\/phipower.org\/fr\/product\/bouteille-a-tourbillon-deau-pour-vitaliser-et-structurer-leau-phipower\/\" \/>\n<meta property=\"og:locale\" content=\"fr_FR\" \/>\n<meta property=\"og:type\" content=\"article\" \/>\n<meta property=\"og:title\" content=\"Bouteille \u00e0 vortex | Pour vitaliser et structurer l\u2019eau | Phipower\" \/>\n<meta property=\"og:description\" content=\"La bouteille \u00e0 vortex g\u00e9n\u00e8re, en combinaison avec l\u2019agitateur magn\u00e9tique, un tourbillon\/vortex cr\u00e9ant une eau vitale et structur\u00e9e.\" \/>\n<meta property=\"og:url\" content=\"https:\/\/phipower.org\/fr\/product\/bouteille-a-tourbillon-deau-pour-vitaliser-et-structurer-leau-phipower\/\" \/>\n<meta property=\"og:site_name\" content=\"Phipower\" \/>\n<meta property=\"article:publisher\" content=\"https:\/\/www.facebook.com\/phipowertools\/\" \/>\n<meta property=\"article:modified_time\" content=\"2026-04-16T14:19:10+00:00\" \/>\n<meta property=\"og:image\" content=\"https:\/\/phipower.org\/wp-content\/uploads\/2018\/09\/photo-1-36-1.jpg\" \/>\n\t<meta property=\"og:image:width\" content=\"750\" \/>\n\t<meta property=\"og:image:height\" content=\"750\" \/>\n\t<meta property=\"og:image:type\" content=\"image\/jpeg\" \/>\n<meta name=\"twitter:card\" content=\"summary_large_image\" \/>\n<meta name=\"twitter:site\" content=\"@phipower1\" \/>\n<meta name=\"twitter:label1\" content=\"Prix\" \/>\n\t<meta name=\"twitter:data1\" content=\"&euro;59,00\" \/>\n\t<meta name=\"twitter:label2\" content=\"Disponibilit\u00e9\" \/>\n\t<meta name=\"twitter:data2\" content=\"En stock\" \/>\n<script type=\"application\/ld+json\" class=\"yoast-schema-graph\">{\"@context\":\"https:\/\/schema.org\",\"@graph\":[{\"@type\":\"WebPage\",\"@id\":\"https:\/\/phipower.org\/fr\/product\/bouteille-a-tourbillon-deau-pour-vitaliser-et-structurer-leau-phipower\/\",\"url\":\"https:\/\/phipower.org\/fr\/product\/bouteille-a-tourbillon-deau-pour-vitaliser-et-structurer-leau-phipower\/\",\"name\":\"Bouteille \u00e0 vortex Phipower | Vitalisation et structuration de l\u2019eau\",\"isPartOf\":{\"@id\":\"https:\/\/phipower.org\/fr\/#website\"},\"primaryImageOfPage\":{\"@id\":\"https:\/\/phipower.org\/fr\/product\/bouteille-a-tourbillon-deau-pour-vitaliser-et-structurer-leau-phipower\/#primaryimage\"},\"image\":{\"@id\":\"https:\/\/phipower.org\/fr\/product\/bouteille-a-tourbillon-deau-pour-vitaliser-et-structurer-leau-phipower\/#primaryimage\"},\"thumbnailUrl\":\"https:\/\/phipower.org\/wp-content\/uploads\/2024\/02\/water-wervel-fles-phipower-voor-gestructureerd-en-gevitaliseerd-water-zijkant.jpg\",\"datePublished\":\"2024-02-12T17:48:54+00:00\",\"dateModified\":\"2026-04-16T14:19:10+00:00\",\"description\":\"La bouteille \u00e0 vortex g\u00e9n\u00e8re, en combinaison avec l\u2019agitateur magn\u00e9tique, un tourbillon\/vortex cr\u00e9ant une eau vitale et structur\u00e9e.\",\"breadcrumb\":{\"@id\":\"https:\/\/phipower.org\/fr\/product\/bouteille-a-tourbillon-deau-pour-vitaliser-et-structurer-leau-phipower\/#breadcrumb\"},\"inLanguage\":\"fr-FR\",\"potentialAction\":[{\"@type\":\"ReadAction\",\"target\":[\"https:\/\/phipower.org\/fr\/product\/bouteille-a-tourbillon-deau-pour-vitaliser-et-structurer-leau-phipower\/\"]}]},{\"@type\":\"ImageObject\",\"inLanguage\":\"fr-FR\",\"@id\":\"https:\/\/phipower.org\/fr\/product\/bouteille-a-tourbillon-deau-pour-vitaliser-et-structurer-leau-phipower\/#primaryimage\",\"url\":\"https:\/\/phipower.org\/wp-content\/uploads\/2024\/02\/water-wervel-fles-phipower-voor-gestructureerd-en-gevitaliseerd-water-zijkant.jpg\",\"contentUrl\":\"https:\/\/phipower.org\/wp-content\/uploads\/2024\/02\/water-wervel-fles-phipower-voor-gestructureerd-en-gevitaliseerd-water-zijkant.jpg\",\"width\":1000,\"height\":1000},{\"@type\":\"BreadcrumbList\",\"@id\":\"https:\/\/phipower.org\/fr\/product\/bouteille-a-tourbillon-deau-pour-vitaliser-et-structurer-leau-phipower\/#breadcrumb\",\"itemListElement\":[{\"@type\":\"ListItem\",\"position\":1,\"name\":\"Home\",\"item\":\"https:\/\/phipower.org\/fr\/\"},{\"@type\":\"ListItem\",\"position\":2,\"name\":\"Boutique\",\"item\":\"https:\/\/phipower.org\/fr\/boutique\/\"},{\"@type\":\"ListItem\",\"position\":3,\"name\":\"Bouteille \u00e0 vortex | Pour vitaliser et structurer l\u2019eau | Phipower\"}]},{\"@type\":\"WebSite\",\"@id\":\"https:\/\/phipower.org\/fr\/#website\",\"url\":\"https:\/\/phipower.org\/fr\/\",\"name\":\"Phipower: innovatieve gezondheidsproducten\",\"description\":\"innovatieve gezondheidsproducten\",\"publisher\":{\"@id\":\"https:\/\/phipower.org\/fr\/#organization\"},\"potentialAction\":[{\"@type\":\"SearchAction\",\"target\":{\"@type\":\"EntryPoint\",\"urlTemplate\":\"https:\/\/phipower.org\/fr\/?s={search_term_string}\"},\"query-input\":{\"@type\":\"PropertyValueSpecification\",\"valueRequired\":true,\"valueName\":\"search_term_string\"}}],\"inLanguage\":\"fr-FR\"},{\"@type\":\"Organization\",\"@id\":\"https:\/\/phipower.org\/fr\/#organization\",\"name\":\"Phipower\",\"url\":\"https:\/\/phipower.org\/fr\/\",\"logo\":{\"@type\":\"ImageObject\",\"inLanguage\":\"fr-FR\",\"@id\":\"https:\/\/phipower.org\/fr\/#\/schema\/logo\/image\/\",\"url\":\"https:\/\/phipower.org\/wp-content\/uploads\/2019\/06\/z-logo-RGB-wit-power.png\",\"contentUrl\":\"https:\/\/phipower.org\/wp-content\/uploads\/2019\/06\/z-logo-RGB-wit-power.png\",\"width\":3273,\"height\":1389,\"caption\":\"Phipower\"},\"image\":{\"@id\":\"https:\/\/phipower.org\/fr\/#\/schema\/logo\/image\/\"},\"sameAs\":[\"https:\/\/www.facebook.com\/phipowertools\/\",\"https:\/\/x.com\/phipower1\",\"https:\/\/www.tiktok.com\/@phipowerhealth\"]}]}<\/script>\n<meta property=\"product:price:amount\" content=\"59.00\" \/>\n<meta property=\"product:price:currency\" content=\"EUR\" \/>\n<meta property=\"og:availability\" content=\"instock\" \/>\n<meta property=\"product:availability\" content=\"instock\" \/>\n<meta property=\"product:retailer_item_id\" content=\"7806140071466\" \/>\n<meta property=\"product:condition\" content=\"new\" \/>\n<!-- \/ Yoast SEO Premium plugin. -->","yoast_head_json":{"title":"Bouteille \u00e0 vortex Phipower | Vitalisation et structuration de l\u2019eau","description":"La bouteille \u00e0 vortex g\u00e9n\u00e8re, en combinaison avec l\u2019agitateur magn\u00e9tique, un tourbillon\/vortex cr\u00e9ant une eau vitale et structur\u00e9e.","robots":{"index":"index","follow":"follow","max-snippet":"max-snippet:-1","max-image-preview":"max-image-preview:large","max-video-preview":"max-video-preview:-1"},"canonical":"https:\/\/phipower.org\/fr\/product\/bouteille-a-tourbillon-deau-pour-vitaliser-et-structurer-leau-phipower\/","og_locale":"fr_FR","og_type":"article","og_title":"Bouteille \u00e0 vortex | Pour vitaliser et structurer l\u2019eau | Phipower","og_description":"La bouteille \u00e0 vortex g\u00e9n\u00e8re, en combinaison avec l\u2019agitateur magn\u00e9tique, un tourbillon\/vortex cr\u00e9ant une eau vitale et structur\u00e9e.","og_url":"https:\/\/phipower.org\/fr\/product\/bouteille-a-tourbillon-deau-pour-vitaliser-et-structurer-leau-phipower\/","og_site_name":"Phipower","article_publisher":"https:\/\/www.facebook.com\/phipowertools\/","article_modified_time":"2026-04-16T14:19:10+00:00","og_image":[{"width":750,"height":750,"url":"https:\/\/phipower.org\/wp-content\/uploads\/2018\/09\/photo-1-36-1.jpg","type":"image\/jpeg"}],"twitter_card":"summary_large_image","twitter_site":"@phipower1","twitter_misc":{"Prix":"&euro;59,00","Disponibilit\u00e9":"En stock"},"schema":{"@context":"https:\/\/schema.org","@graph":[{"@type":"WebPage","@id":"https:\/\/phipower.org\/fr\/product\/bouteille-a-tourbillon-deau-pour-vitaliser-et-structurer-leau-phipower\/","url":"https:\/\/phipower.org\/fr\/product\/bouteille-a-tourbillon-deau-pour-vitaliser-et-structurer-leau-phipower\/","name":"Bouteille \u00e0 vortex Phipower | Vitalisation et structuration de l\u2019eau","isPartOf":{"@id":"https:\/\/phipower.org\/fr\/#website"},"primaryImageOfPage":{"@id":"https:\/\/phipower.org\/fr\/product\/bouteille-a-tourbillon-deau-pour-vitaliser-et-structurer-leau-phipower\/#primaryimage"},"image":{"@id":"https:\/\/phipower.org\/fr\/product\/bouteille-a-tourbillon-deau-pour-vitaliser-et-structurer-leau-phipower\/#primaryimage"},"thumbnailUrl":"https:\/\/phipower.org\/wp-content\/uploads\/2024\/02\/water-wervel-fles-phipower-voor-gestructureerd-en-gevitaliseerd-water-zijkant.jpg","datePublished":"2024-02-12T17:48:54+00:00","dateModified":"2026-04-16T14:19:10+00:00","description":"La bouteille \u00e0 vortex g\u00e9n\u00e8re, en combinaison avec l\u2019agitateur magn\u00e9tique, un tourbillon\/vortex cr\u00e9ant une eau vitale et structur\u00e9e.","breadcrumb":{"@id":"https:\/\/phipower.org\/fr\/product\/bouteille-a-tourbillon-deau-pour-vitaliser-et-structurer-leau-phipower\/#breadcrumb"},"inLanguage":"fr-FR","potentialAction":[{"@type":"ReadAction","target":["https:\/\/phipower.org\/fr\/product\/bouteille-a-tourbillon-deau-pour-vitaliser-et-structurer-leau-phipower\/"]}]},{"@type":"ImageObject","inLanguage":"fr-FR","@id":"https:\/\/phipower.org\/fr\/product\/bouteille-a-tourbillon-deau-pour-vitaliser-et-structurer-leau-phipower\/#primaryimage","url":"https:\/\/phipower.org\/wp-content\/uploads\/2024\/02\/water-wervel-fles-phipower-voor-gestructureerd-en-gevitaliseerd-water-zijkant.jpg","contentUrl":"https:\/\/phipower.org\/wp-content\/uploads\/2024\/02\/water-wervel-fles-phipower-voor-gestructureerd-en-gevitaliseerd-water-zijkant.jpg","width":1000,"height":1000},{"@type":"BreadcrumbList","@id":"https:\/\/phipower.org\/fr\/product\/bouteille-a-tourbillon-deau-pour-vitaliser-et-structurer-leau-phipower\/#breadcrumb","itemListElement":[{"@type":"ListItem","position":1,"name":"Home","item":"https:\/\/phipower.org\/fr\/"},{"@type":"ListItem","position":2,"name":"Boutique","item":"https:\/\/phipower.org\/fr\/boutique\/"},{"@type":"ListItem","position":3,"name":"Bouteille \u00e0 vortex | Pour vitaliser et structurer l\u2019eau | Phipower"}]},{"@type":"WebSite","@id":"https:\/\/phipower.org\/fr\/#website","url":"https:\/\/phipower.org\/fr\/","name":"Phipower: innovatieve gezondheidsproducten","description":"innovatieve gezondheidsproducten","publisher":{"@id":"https:\/\/phipower.org\/fr\/#organization"},"potentialAction":[{"@type":"SearchAction","target":{"@type":"EntryPoint","urlTemplate":"https:\/\/phipower.org\/fr\/?s={search_term_string}"},"query-input":{"@type":"PropertyValueSpecification","valueRequired":true,"valueName":"search_term_string"}}],"inLanguage":"fr-FR"},{"@type":"Organization","@id":"https:\/\/phipower.org\/fr\/#organization","name":"Phipower","url":"https:\/\/phipower.org\/fr\/","logo":{"@type":"ImageObject","inLanguage":"fr-FR","@id":"https:\/\/phipower.org\/fr\/#\/schema\/logo\/image\/","url":"https:\/\/phipower.org\/wp-content\/uploads\/2019\/06\/z-logo-RGB-wit-power.png","contentUrl":"https:\/\/phipower.org\/wp-content\/uploads\/2019\/06\/z-logo-RGB-wit-power.png","width":3273,"height":1389,"caption":"Phipower"},"image":{"@id":"https:\/\/phipower.org\/fr\/#\/schema\/logo\/image\/"},"sameAs":["https:\/\/www.facebook.com\/phipowertools\/","https:\/\/x.com\/phipower1","https:\/\/www.tiktok.com\/@phipowerhealth"]}]},"product_price_amount":"59.00","product_price_currency":"EUR","og_availability":"instock","product_availability":"instock","product_retailer_item_id":"7806140071466","product_condition":"new"},"_links":{"self":[{"href":"https:\/\/phipower.org\/fr\/wp-json\/wp\/v2\/product\/5098","targetHints":{"allow":["GET"]}}],"collection":[{"href":"https:\/\/phipower.org\/fr\/wp-json\/wp\/v2\/product"}],"about":[{"href":"https:\/\/phipower.org\/fr\/wp-json\/wp\/v2\/types\/product"}],"replies":[{"embeddable":true,"href":"https:\/\/phipower.org\/fr\/wp-json\/wp\/v2\/comments?post=5098"}],"wp:featuredmedia":[{"embeddable":true,"href":"https:\/\/phipower.org\/fr\/wp-json\/wp\/v2\/media\/5110"}],"wp:attachment":[{"href":"https:\/\/phipower.org\/fr\/wp-json\/wp\/v2\/media?parent=5098"}],"wp:term":[{"taxonomy":"product_brand","embeddable":true,"href":"https:\/\/phipower.org\/fr\/wp-json\/wp\/v2\/product_brand?post=5098"},{"taxonomy":"product_cat","embeddable":true,"href":"https:\/\/phipower.org\/fr\/wp-json\/wp\/v2\/product_cat?post=5098"},{"taxonomy":"product_tag","embeddable":true,"href":"https:\/\/phipower.org\/fr\/wp-json\/wp\/v2\/product_tag?post=5098"}],"curies":[{"name":"wp","href":"https:\/\/api.w.org\/{rel}","templated":true}]}}