{"id":4573,"date":"2023-11-14T17:32:45","date_gmt":"2023-11-14T17:32:45","guid":{"rendered":"https:\/\/phipower.org\/?post_type=product&#038;p=4573"},"modified":"2026-04-16T14:21:41","modified_gmt":"2026-04-16T14:21:41","slug":"triangle-dor-amethyste-cristal-de-montagne-quartz-rose-pour-vitaliser-et-structurer-leau-puissance","status":"publish","type":"product","link":"https:\/\/phipower.org\/fr\/product\/triangle-dor-amethyste-cristal-de-montagne-quartz-rose-pour-vitaliser-et-structurer-leau-puissance\/","title":{"rendered":"Triangle d&rsquo;or | Am\u00e9thyste | Cristal de roche | Quartz rose | Pour vitaliser et structurer l&rsquo;eau | Phipower"},"content":{"rendered":"<h1>Triangle d\u2019or : Am\u00e9thyste, Cristal de roche et Quartz rose<\/h1>\n<p><em>Pour vitaliser et structurer l&rsquo;eau<\/em><\/p>\n<h2>D\u00e9couvrez la puissance du Triangle d&rsquo;Or<\/h2>\n<p>Dans le monde des cristaux et des pierres pr\u00e9cieuses, il existe une combinaison fascinante connue sous le nom de \u00ab\u00a0Triangle d&rsquo;or\u00a0\u00bb. Cette composition unique d&rsquo;am\u00e9thyste, de cristal de roche et de quartz rose promet non seulement une beaut\u00e9 esth\u00e9tique, mais aussi la capacit\u00e9 d&rsquo;enrichir et de structurer l&rsquo;eau.<\/p>\n<p>Plongeons dans les propri\u00e9t\u00e9s de ces pierres et d\u00e9couvrons comment elles agissent ensemble pour cr\u00e9er une \u00e9nergie harmonieuse.<\/p>\n<p>Bien entendu, vous pouvez \u00e9galement commander imm\u00e9diatement l&rsquo;<a href=\"https:\/\/phipower.org\/product\/bundel-water-wervel-fles-magneetroerder-golden-triange-voor-vitaliseren-en-structureren-van-water-phipower\/\">ensemble des produits<\/a> afin de g\u00e9n\u00e9rer imm\u00e9diatement de l&rsquo;eau structur\u00e9e.<\/p>\n<h2>1. Am\u00e9thyste : la reine des pierres pr\u00e9cieuses<\/h2>\n<p>L&rsquo;am\u00e9thyste, avec ses teintes violettes profondes, est connue pour ses propri\u00e9t\u00e9s spirituelles depuis des si\u00e8cles. Il est souvent associ\u00e9 au calme et \u00e0 la clart\u00e9. Dans le Triangle d&rsquo;Or, l&rsquo;am\u00e9thyste repr\u00e9sente la dimension spirituelle et apporte un sentiment de paix et de tranquillit\u00e9. On dit que l&rsquo;am\u00e9thyste transforme les \u00e9nergies n\u00e9gatives et cr\u00e9e une atmosph\u00e8re protectrice.<\/p>\n<h2>2. Le cristal de roche : la source d&rsquo;\u00e9nergie pure<\/h2>\n<p>Le cristal de roche, avec son aspect transparent et clair, symbolise la puret\u00e9 et la clart\u00e9. Dans le Triangle d&rsquo;Or, le cristal de roche agit comme un amplificateur d&rsquo;\u00e9nergie. Elle est connue pour renforcer les propri\u00e9t\u00e9s des autres pierres et \u00e9mettre une \u00e9nergie purificatrice. Combin\u00e9 \u00e0 l&rsquo;am\u00e9thyste et au quartz rose, le cristal de roche devient un puissant catalyseur de vibrations positives.<\/p>\n<h2>3. Quartz rose : la pierre de l&rsquo;amour<\/h2>\n<p>Le quartz rose, avec sa couleur rose tendre, est consid\u00e9r\u00e9 comme la pierre de l&rsquo;amour et du bien-\u00eatre \u00e9motionnel. Dans le triangle d&rsquo;or, le quartz rose repr\u00e9sente l&rsquo;\u00e9nergie d&rsquo;amour. Il est associ\u00e9 \u00e0 l&rsquo;ouverture du chakra du c\u0153ur et favorise les relations amoureuses, l&rsquo;acceptation de soi et la compassion. Le quartz rose ajoute une dimension chaleureuse et rassurante \u00e0 cette composition harmonieuse.<\/p>\n<h2>La magie du Triangle d&rsquo;Or pour l&rsquo;eau<\/h2>\n<p>La combinaison de l&rsquo;am\u00e9thyste, du cristal de roche et du quartz rose n&rsquo;est pas seulement esth\u00e9tique, elle influence \u00e9galement les propri\u00e9t\u00e9s \u00e9nerg\u00e9tiques de l&rsquo;eau.<\/p>\n<p>En utilisant ces pierres pour charger l&rsquo;eau, on dit que l&rsquo;eau est impr\u00e9gn\u00e9e d&rsquo;\u00e9nergie positive, d&rsquo;harmonie et de puret\u00e9.<\/p>\n<p>Le processus de structuration de l&rsquo;eau avec les pierres du Triangle d&rsquo;Or peut \u00eatre simple : placez les pierres dans une carafe en verre et laissez l&rsquo;eau entrer en contact avec leur \u00e9nergie pendant un certain temps.<\/p>\n<p>Les propri\u00e9t\u00e9s curatives des pierres sont infus\u00e9es dans l&rsquo;eau, cr\u00e9ant un \u00e9lixir rafra\u00eechissant qui est \u00e0 la fois apaisant et revitalisant.<\/p>\n<h2>Bouteille d&rsquo;eau avec technologie Phipower<\/h2>\n<p>D\u00e9couvrez une mani\u00e8re r\u00e9volutionnaire d&rsquo;exp\u00e9rimenter la puissance du Triangle d&rsquo;Or avec <a href=\"https:\/\/phipower.org\/product\/bundel-water-wervel-fles-magneetroerder-golden-triange-voor-vitaliseren-en-structureren-van-water-phipower\/\">la bouteille Water Vortex de Phipower<\/a>. Cette bouteille utilise un mouvement de vortex pour activer et vitaliser l&rsquo;eau. Les \u00e9nergies harmonieuses de l&rsquo;am\u00e9thyste, du quartz rose et du cristal de roche sont amplifi\u00e9es par le mouvement tourbillonnaire de l&rsquo;<a href=\"https:\/\/phipower.org\/product\/magneet-roerder-magnetic-strirrer-voor-vitaliseren-en-structureren-van-water-phipower\/\">agitateur magn\u00e9tique<\/a>, ce qui donne une boisson rafra\u00eechissante et \u00e9nergisante. Commandez ici l&rsquo;<a href=\"https:\/\/phipower.org\/product\/bundel-water-wervel-fles-magneetroerder-golden-triange-voor-vitaliseren-en-structureren-van-water-phipower\/\">ensemble des produits <\/a>permettant de g\u00e9n\u00e9rer de l&rsquo;eau structur\u00e9e.<\/p>\n<h2>L&rsquo;importance du triangle d&rsquo;or pour la spiritualit\u00e9 et le bien-\u00eatre<\/h2>\n<p>En tant que chercheurs d&rsquo;\u00e9quilibre et de bien-\u00eatre dans notre vie quotidienne, le Triangle d&rsquo;Or est une d\u00e9couverte fascinante. Que vous vous int\u00e9ressiez aux cristaux pour leur signification spirituelle, leur beaut\u00e9 esth\u00e9tique ou les bienfaits potentiels de l&rsquo;eau vitalis\u00e9e, cette combinaison d&rsquo;am\u00e9thyste, de cristal de roche et de quartz rose offre un voyage fascinant vers une compr\u00e9hension plus profonde du monde \u00e9nerg\u00e9tique.<\/p>\n<h2>Sp\u00e9cifications<\/h2>\n<p>Contenu de l&#8217;emballage :<\/p>\n<p>1 x sph\u00e8re d\u2019am\u00e9thyste (diam\u00e8tre ~ 2,5 cm)<br \/>\n1 x sph\u00e8re de cristal de roche (diam\u00e8tre ~ 2,5 cm)<br \/>\n1 x sph\u00e8re de quartz rose (diam\u00e8tre ~ 2,5 cm)<\/p>\n<p>Poids : 25 \u00e0 30 grammes par boule de cristal.<\/p>\n<h2>Conclusion : ajoutez le Triangle d&rsquo;Or \u00e0 votre vie<\/h2>\n<p>Si vous cherchez un moyen simple d&rsquo;ajouter de l&rsquo;\u00e9nergie positive \u00e0 votre routine quotidienne, pensez au Triangle d&rsquo;Or. Placez ces belles pierres dans votre espace de vie, portez-les sur vous comme des bijoux ou utilisez-les pour enrichir votre eau. D\u00e9couvrez la magie de l&rsquo;am\u00e9thyste, du cristal de roche et du quartz rose et apportez une touche d&rsquo;harmonie dans votre vie avec le Triangle d&rsquo;Or.<\/p>\n<h2>Des avantages \u00e0 la pelle :<\/h2>\n<p>&#8211; Harmonie \u00e9nerg\u00e9tique : Le Triangle d&rsquo;Or apporte \u00e9quilibre et harmonie \u00e0 votre environnement.<br \/>\n&#8211; Croissance spirituelle : l&rsquo;am\u00e9thyste stimule la clart\u00e9 d&rsquo;esprit et le d\u00e9veloppement spirituel.<br \/>\n&#8211; Energie d&rsquo;amour : le quartz rose favorise l&rsquo;\u00e9nergie positive et la gu\u00e9rison \u00e9motionnelle.<br \/>\n&#8211; Purification : le cristal de roche purifie les \u00e9nergies et renforce l&rsquo;aura.<br \/>\n&#8211; Structuration de l&rsquo;eau : permettre \u00e0 l&rsquo;eau d&rsquo;entrer en contact avec les pierres pour un \u00e9lixir rafra\u00eechissant.<br \/>\n&#8211; Technologie Phipower : D\u00e9couvrez la puissance du Triangle d&rsquo;Or gr\u00e2ce \u00e0 la bouteille Water Swirl de Phipower.<\/p>\n<p>Faites-vous plaisir avec le Triangle d&rsquo;Or et d\u00e9couvrez la magie des cristaux de gu\u00e9rison. Transformez votre routine quotidienne et entourez-vous de l&rsquo;\u00e9nergie positive de ces magnifiques boules de cristal d&rsquo;am\u00e9thyste, de quartz rose et de roche. Apportez l&rsquo;\u00e9quilibre, l&rsquo;harmonie et la gu\u00e9rison dans votre vie gr\u00e2ce \u00e0 ce cadeau de M\u00e8re Nature. Commandez d\u00e8s maintenant l&rsquo;<a href=\"https:\/\/phipower.org\/product\/bundel-water-wervel-fles-magneetroerder-golden-triange-voor-vitaliseren-en-structureren-van-water-phipower\/\">ensemble des produits<\/a> et profitez des avantages de l&rsquo;eau structur\u00e9e.<\/p>\n","protected":false},"excerpt":{"rendered":"<p><strong>\u2714 structure et vitalise l\u2019eau<\/strong><br \/>\n<strong>\u2714 L\u2019am\u00e9thyste stimule la clart\u00e9 d\u2019esprit<\/strong><br \/>\n<strong>\u2714 Le cristal de roche purifie les \u00e9nergies<\/strong><br \/>\n<strong>\u2714 Le quartz rose favorise le bien-\u00eatre \u00e9motionnel<\/strong><br \/>\n<strong>\u2714 Efficacit\u00e9 accrue gr\u00e2ce au mouvement de vortex de la bouteille dynamisante Phipower<\/strong><\/p>\n","protected":false},"featured_media":4587,"comment_status":"open","ping_status":"closed","template":"","meta":[],"product_brand":[],"product_cat":[1071,1080,967,963,965],"product_tag":[],"class_list":{"0":"post-4573","1":"product","2":"type-product","3":"status-publish","4":"has-post-thumbnail","6":"product_cat-eau-structuree","7":"product_cat-eau-vitalisee","8":"product_cat-frequences","9":"product_cat-produits","10":"product_cat-traitement-de-leau","11":"product_shipping_class-0-2-kg","13":"first","14":"instock","15":"taxable","16":"shipping-taxable","17":"purchasable","18":"product-type-simple"},"yoast_head":"<!-- This site is optimized with the Yoast SEO Premium plugin v23.6 (Yoast SEO v27.2) - https:\/\/yoast.com\/product\/yoast-seo-premium-wordpress\/ -->\n<title>Triangle d&#039;Or | Gemmes | Eau vitale et structurante<\/title>\n<meta name=\"description\" content=\"La combinaison de l&#039;am\u00e9thyste, du cristal de roche et du quartz rose permet d&#039;obtenir une eau potable merveilleusement rafra\u00eechissante, textur\u00e9e et vitalis\u00e9e.\" \/>\n<meta name=\"robots\" content=\"index, follow, max-snippet:-1, max-image-preview:large, max-video-preview:-1\" \/>\n<link rel=\"canonical\" href=\"https:\/\/phipower.org\/fr\/product\/triangle-dor-amethyste-cristal-de-montagne-quartz-rose-pour-vitaliser-et-structurer-leau-puissance\/\" \/>\n<meta property=\"og:locale\" content=\"fr_FR\" \/>\n<meta property=\"og:type\" content=\"article\" \/>\n<meta property=\"og:title\" content=\"Triangle d&#039;or | Am\u00e9thyste | Cristal de roche | Quartz rose | Pour vitaliser et structurer l&#039;eau | Phipower\" \/>\n<meta property=\"og:description\" content=\"La combinaison de l&#039;am\u00e9thyste, du cristal de roche et du quartz rose permet d&#039;obtenir une eau potable merveilleusement rafra\u00eechissante, textur\u00e9e et vitalis\u00e9e.\" \/>\n<meta property=\"og:url\" content=\"https:\/\/phipower.org\/fr\/product\/triangle-dor-amethyste-cristal-de-montagne-quartz-rose-pour-vitaliser-et-structurer-leau-puissance\/\" \/>\n<meta property=\"og:site_name\" content=\"Phipower\" \/>\n<meta property=\"article:publisher\" content=\"https:\/\/www.facebook.com\/phipowertools\/\" \/>\n<meta property=\"article:modified_time\" content=\"2026-04-16T14:21:41+00:00\" \/>\n<meta property=\"og:image\" content=\"https:\/\/phipower.org\/wp-content\/uploads\/2018\/09\/photo-1-36-1.jpg\" \/>\n\t<meta property=\"og:image:width\" content=\"750\" \/>\n\t<meta property=\"og:image:height\" content=\"750\" \/>\n\t<meta property=\"og:image:type\" content=\"image\/jpeg\" \/>\n<meta name=\"twitter:card\" content=\"summary_large_image\" \/>\n<meta name=\"twitter:site\" content=\"@phipower1\" \/>\n<meta name=\"twitter:label1\" content=\"Prix\" \/>\n\t<meta name=\"twitter:data1\" content=\"&euro;39,00\" \/>\n\t<meta name=\"twitter:label2\" content=\"Disponibilit\u00e9\" \/>\n\t<meta name=\"twitter:data2\" content=\"En stock\" \/>\n<script type=\"application\/ld+json\" class=\"yoast-schema-graph\">{\"@context\":\"https:\/\/schema.org\",\"@graph\":[{\"@type\":\"WebPage\",\"@id\":\"https:\/\/phipower.org\/fr\/product\/triangle-dor-amethyste-cristal-de-montagne-quartz-rose-pour-vitaliser-et-structurer-leau-puissance\/\",\"url\":\"https:\/\/phipower.org\/fr\/product\/triangle-dor-amethyste-cristal-de-montagne-quartz-rose-pour-vitaliser-et-structurer-leau-puissance\/\",\"name\":\"Triangle d'Or | Gemmes | Eau vitale et structurante\",\"isPartOf\":{\"@id\":\"https:\/\/phipower.org\/fr\/#website\"},\"primaryImageOfPage\":{\"@id\":\"https:\/\/phipower.org\/fr\/product\/triangle-dor-amethyste-cristal-de-montagne-quartz-rose-pour-vitaliser-et-structurer-leau-puissance\/#primaryimage\"},\"image\":{\"@id\":\"https:\/\/phipower.org\/fr\/product\/triangle-dor-amethyste-cristal-de-montagne-quartz-rose-pour-vitaliser-et-structurer-leau-puissance\/#primaryimage\"},\"thumbnailUrl\":\"https:\/\/phipower.org\/wp-content\/uploads\/2023\/11\/Golden-Triangle-Helende-Kristallen-Amethist-Bergkristal-Rozenkwarts-Voor-vitaliseren-en-structureren-van-water-Phipower-halfedelstenen-los.jpg\",\"datePublished\":\"2023-11-14T17:32:45+00:00\",\"dateModified\":\"2026-04-16T14:21:41+00:00\",\"description\":\"La combinaison de l'am\u00e9thyste, du cristal de roche et du quartz rose permet d'obtenir une eau potable merveilleusement rafra\u00eechissante, textur\u00e9e et vitalis\u00e9e.\",\"breadcrumb\":{\"@id\":\"https:\/\/phipower.org\/fr\/product\/triangle-dor-amethyste-cristal-de-montagne-quartz-rose-pour-vitaliser-et-structurer-leau-puissance\/#breadcrumb\"},\"inLanguage\":\"fr-FR\",\"potentialAction\":[{\"@type\":\"ReadAction\",\"target\":[\"https:\/\/phipower.org\/fr\/product\/triangle-dor-amethyste-cristal-de-montagne-quartz-rose-pour-vitaliser-et-structurer-leau-puissance\/\"]}]},{\"@type\":\"ImageObject\",\"inLanguage\":\"fr-FR\",\"@id\":\"https:\/\/phipower.org\/fr\/product\/triangle-dor-amethyste-cristal-de-montagne-quartz-rose-pour-vitaliser-et-structurer-leau-puissance\/#primaryimage\",\"url\":\"https:\/\/phipower.org\/wp-content\/uploads\/2023\/11\/Golden-Triangle-Helende-Kristallen-Amethist-Bergkristal-Rozenkwarts-Voor-vitaliseren-en-structureren-van-water-Phipower-halfedelstenen-los.jpg\",\"contentUrl\":\"https:\/\/phipower.org\/wp-content\/uploads\/2023\/11\/Golden-Triangle-Helende-Kristallen-Amethist-Bergkristal-Rozenkwarts-Voor-vitaliseren-en-structureren-van-water-Phipower-halfedelstenen-los.jpg\",\"width\":1200,\"height\":1200},{\"@type\":\"BreadcrumbList\",\"@id\":\"https:\/\/phipower.org\/fr\/product\/triangle-dor-amethyste-cristal-de-montagne-quartz-rose-pour-vitaliser-et-structurer-leau-puissance\/#breadcrumb\",\"itemListElement\":[{\"@type\":\"ListItem\",\"position\":1,\"name\":\"Home\",\"item\":\"https:\/\/phipower.org\/fr\/\"},{\"@type\":\"ListItem\",\"position\":2,\"name\":\"Boutique\",\"item\":\"https:\/\/phipower.org\/fr\/boutique\/\"},{\"@type\":\"ListItem\",\"position\":3,\"name\":\"Triangle d&#8217;or | Am\u00e9thyste | Cristal de roche | Quartz rose | Pour vitaliser et structurer l&#8217;eau | Phipower\"}]},{\"@type\":\"WebSite\",\"@id\":\"https:\/\/phipower.org\/fr\/#website\",\"url\":\"https:\/\/phipower.org\/fr\/\",\"name\":\"Phipower: innovatieve gezondheidsproducten\",\"description\":\"innovatieve gezondheidsproducten\",\"publisher\":{\"@id\":\"https:\/\/phipower.org\/fr\/#organization\"},\"potentialAction\":[{\"@type\":\"SearchAction\",\"target\":{\"@type\":\"EntryPoint\",\"urlTemplate\":\"https:\/\/phipower.org\/fr\/?s={search_term_string}\"},\"query-input\":{\"@type\":\"PropertyValueSpecification\",\"valueRequired\":true,\"valueName\":\"search_term_string\"}}],\"inLanguage\":\"fr-FR\"},{\"@type\":\"Organization\",\"@id\":\"https:\/\/phipower.org\/fr\/#organization\",\"name\":\"Phipower\",\"url\":\"https:\/\/phipower.org\/fr\/\",\"logo\":{\"@type\":\"ImageObject\",\"inLanguage\":\"fr-FR\",\"@id\":\"https:\/\/phipower.org\/fr\/#\/schema\/logo\/image\/\",\"url\":\"https:\/\/phipower.org\/wp-content\/uploads\/2019\/06\/z-logo-RGB-wit-power.png\",\"contentUrl\":\"https:\/\/phipower.org\/wp-content\/uploads\/2019\/06\/z-logo-RGB-wit-power.png\",\"width\":3273,\"height\":1389,\"caption\":\"Phipower\"},\"image\":{\"@id\":\"https:\/\/phipower.org\/fr\/#\/schema\/logo\/image\/\"},\"sameAs\":[\"https:\/\/www.facebook.com\/phipowertools\/\",\"https:\/\/x.com\/phipower1\",\"https:\/\/www.tiktok.com\/@phipowerhealth\"]}]}<\/script>\n<meta property=\"product:price:amount\" content=\"39.00\" \/>\n<meta property=\"product:price:currency\" content=\"EUR\" \/>\n<meta property=\"og:availability\" content=\"instock\" \/>\n<meta property=\"product:availability\" content=\"instock\" \/>\n<meta property=\"product:retailer_item_id\" content=\"7806140071497\" \/>\n<meta property=\"product:condition\" content=\"new\" \/>\n<!-- \/ Yoast SEO Premium plugin. -->","yoast_head_json":{"title":"Triangle d'Or | Gemmes | Eau vitale et structurante","description":"La combinaison de l'am\u00e9thyste, du cristal de roche et du quartz rose permet d'obtenir une eau potable merveilleusement rafra\u00eechissante, textur\u00e9e et vitalis\u00e9e.","robots":{"index":"index","follow":"follow","max-snippet":"max-snippet:-1","max-image-preview":"max-image-preview:large","max-video-preview":"max-video-preview:-1"},"canonical":"https:\/\/phipower.org\/fr\/product\/triangle-dor-amethyste-cristal-de-montagne-quartz-rose-pour-vitaliser-et-structurer-leau-puissance\/","og_locale":"fr_FR","og_type":"article","og_title":"Triangle d'or | Am\u00e9thyste | Cristal de roche | Quartz rose | Pour vitaliser et structurer l'eau | Phipower","og_description":"La combinaison de l'am\u00e9thyste, du cristal de roche et du quartz rose permet d'obtenir une eau potable merveilleusement rafra\u00eechissante, textur\u00e9e et vitalis\u00e9e.","og_url":"https:\/\/phipower.org\/fr\/product\/triangle-dor-amethyste-cristal-de-montagne-quartz-rose-pour-vitaliser-et-structurer-leau-puissance\/","og_site_name":"Phipower","article_publisher":"https:\/\/www.facebook.com\/phipowertools\/","article_modified_time":"2026-04-16T14:21:41+00:00","og_image":[{"width":750,"height":750,"url":"https:\/\/phipower.org\/wp-content\/uploads\/2018\/09\/photo-1-36-1.jpg","type":"image\/jpeg"}],"twitter_card":"summary_large_image","twitter_site":"@phipower1","twitter_misc":{"Prix":"&euro;39,00","Disponibilit\u00e9":"En stock"},"schema":{"@context":"https:\/\/schema.org","@graph":[{"@type":"WebPage","@id":"https:\/\/phipower.org\/fr\/product\/triangle-dor-amethyste-cristal-de-montagne-quartz-rose-pour-vitaliser-et-structurer-leau-puissance\/","url":"https:\/\/phipower.org\/fr\/product\/triangle-dor-amethyste-cristal-de-montagne-quartz-rose-pour-vitaliser-et-structurer-leau-puissance\/","name":"Triangle d'Or | Gemmes | Eau vitale et structurante","isPartOf":{"@id":"https:\/\/phipower.org\/fr\/#website"},"primaryImageOfPage":{"@id":"https:\/\/phipower.org\/fr\/product\/triangle-dor-amethyste-cristal-de-montagne-quartz-rose-pour-vitaliser-et-structurer-leau-puissance\/#primaryimage"},"image":{"@id":"https:\/\/phipower.org\/fr\/product\/triangle-dor-amethyste-cristal-de-montagne-quartz-rose-pour-vitaliser-et-structurer-leau-puissance\/#primaryimage"},"thumbnailUrl":"https:\/\/phipower.org\/wp-content\/uploads\/2023\/11\/Golden-Triangle-Helende-Kristallen-Amethist-Bergkristal-Rozenkwarts-Voor-vitaliseren-en-structureren-van-water-Phipower-halfedelstenen-los.jpg","datePublished":"2023-11-14T17:32:45+00:00","dateModified":"2026-04-16T14:21:41+00:00","description":"La combinaison de l'am\u00e9thyste, du cristal de roche et du quartz rose permet d'obtenir une eau potable merveilleusement rafra\u00eechissante, textur\u00e9e et vitalis\u00e9e.","breadcrumb":{"@id":"https:\/\/phipower.org\/fr\/product\/triangle-dor-amethyste-cristal-de-montagne-quartz-rose-pour-vitaliser-et-structurer-leau-puissance\/#breadcrumb"},"inLanguage":"fr-FR","potentialAction":[{"@type":"ReadAction","target":["https:\/\/phipower.org\/fr\/product\/triangle-dor-amethyste-cristal-de-montagne-quartz-rose-pour-vitaliser-et-structurer-leau-puissance\/"]}]},{"@type":"ImageObject","inLanguage":"fr-FR","@id":"https:\/\/phipower.org\/fr\/product\/triangle-dor-amethyste-cristal-de-montagne-quartz-rose-pour-vitaliser-et-structurer-leau-puissance\/#primaryimage","url":"https:\/\/phipower.org\/wp-content\/uploads\/2023\/11\/Golden-Triangle-Helende-Kristallen-Amethist-Bergkristal-Rozenkwarts-Voor-vitaliseren-en-structureren-van-water-Phipower-halfedelstenen-los.jpg","contentUrl":"https:\/\/phipower.org\/wp-content\/uploads\/2023\/11\/Golden-Triangle-Helende-Kristallen-Amethist-Bergkristal-Rozenkwarts-Voor-vitaliseren-en-structureren-van-water-Phipower-halfedelstenen-los.jpg","width":1200,"height":1200},{"@type":"BreadcrumbList","@id":"https:\/\/phipower.org\/fr\/product\/triangle-dor-amethyste-cristal-de-montagne-quartz-rose-pour-vitaliser-et-structurer-leau-puissance\/#breadcrumb","itemListElement":[{"@type":"ListItem","position":1,"name":"Home","item":"https:\/\/phipower.org\/fr\/"},{"@type":"ListItem","position":2,"name":"Boutique","item":"https:\/\/phipower.org\/fr\/boutique\/"},{"@type":"ListItem","position":3,"name":"Triangle d&#8217;or | Am\u00e9thyste | Cristal de roche | Quartz rose | Pour vitaliser et structurer l&#8217;eau | Phipower"}]},{"@type":"WebSite","@id":"https:\/\/phipower.org\/fr\/#website","url":"https:\/\/phipower.org\/fr\/","name":"Phipower: innovatieve gezondheidsproducten","description":"innovatieve gezondheidsproducten","publisher":{"@id":"https:\/\/phipower.org\/fr\/#organization"},"potentialAction":[{"@type":"SearchAction","target":{"@type":"EntryPoint","urlTemplate":"https:\/\/phipower.org\/fr\/?s={search_term_string}"},"query-input":{"@type":"PropertyValueSpecification","valueRequired":true,"valueName":"search_term_string"}}],"inLanguage":"fr-FR"},{"@type":"Organization","@id":"https:\/\/phipower.org\/fr\/#organization","name":"Phipower","url":"https:\/\/phipower.org\/fr\/","logo":{"@type":"ImageObject","inLanguage":"fr-FR","@id":"https:\/\/phipower.org\/fr\/#\/schema\/logo\/image\/","url":"https:\/\/phipower.org\/wp-content\/uploads\/2019\/06\/z-logo-RGB-wit-power.png","contentUrl":"https:\/\/phipower.org\/wp-content\/uploads\/2019\/06\/z-logo-RGB-wit-power.png","width":3273,"height":1389,"caption":"Phipower"},"image":{"@id":"https:\/\/phipower.org\/fr\/#\/schema\/logo\/image\/"},"sameAs":["https:\/\/www.facebook.com\/phipowertools\/","https:\/\/x.com\/phipower1","https:\/\/www.tiktok.com\/@phipowerhealth"]}]},"product_price_amount":"39.00","product_price_currency":"EUR","og_availability":"instock","product_availability":"instock","product_retailer_item_id":"7806140071497","product_condition":"new"},"_links":{"self":[{"href":"https:\/\/phipower.org\/fr\/wp-json\/wp\/v2\/product\/4573","targetHints":{"allow":["GET"]}}],"collection":[{"href":"https:\/\/phipower.org\/fr\/wp-json\/wp\/v2\/product"}],"about":[{"href":"https:\/\/phipower.org\/fr\/wp-json\/wp\/v2\/types\/product"}],"replies":[{"embeddable":true,"href":"https:\/\/phipower.org\/fr\/wp-json\/wp\/v2\/comments?post=4573"}],"wp:featuredmedia":[{"embeddable":true,"href":"https:\/\/phipower.org\/fr\/wp-json\/wp\/v2\/media\/4587"}],"wp:attachment":[{"href":"https:\/\/phipower.org\/fr\/wp-json\/wp\/v2\/media?parent=4573"}],"wp:term":[{"taxonomy":"product_brand","embeddable":true,"href":"https:\/\/phipower.org\/fr\/wp-json\/wp\/v2\/product_brand?post=4573"},{"taxonomy":"product_cat","embeddable":true,"href":"https:\/\/phipower.org\/fr\/wp-json\/wp\/v2\/product_cat?post=4573"},{"taxonomy":"product_tag","embeddable":true,"href":"https:\/\/phipower.org\/fr\/wp-json\/wp\/v2\/product_tag?post=4573"}],"curies":[{"name":"wp","href":"https:\/\/api.w.org\/{rel}","templated":true}]}}