{"id":4428,"date":"2023-10-20T13:51:59","date_gmt":"2023-10-20T13:51:59","guid":{"rendered":"https:\/\/phipower.org\/?post_type=product&#038;p=4428"},"modified":"2026-04-21T12:33:31","modified_gmt":"2026-04-21T12:33:31","slug":"pyramide-de-meditation","status":"publish","type":"product","link":"https:\/\/phipower.org\/fr\/produit\/pyramide-de-meditation\/","title":{"rendered":"Pyramide de m\u00e9ditation | Augmenter votre bien-\u00eatre et votre \u00e9nergie | Phipower"},"content":{"rendered":"<div class=\"video video-fit mb\" style=\"padding-top:56.25%;\"><p><iframe title=\"Phipower meditation pyramid installation instruction\" width=\"1020\" height=\"574\" src=\"https:\/\/www.youtube.com\/embed\/Hmy-DXmY0-w?feature=oembed&#038;enablejsapi=1&#038;origin=https:\/\/phipower.org\" frameborder=\"0\" allow=\"accelerometer; autoplay; clipboard-write; encrypted-media; gyroscope; picture-in-picture; web-share\" referrerpolicy=\"strict-origin-when-cross-origin\" allowfullscreen><\/iframe><\/p>\n<\/div>\n<div class=\"video video-fit mb\" style=\"padding-top:56.25%;\"><p><iframe title=\"Meditation Pyramid Phipower\" width=\"1020\" height=\"574\" src=\"https:\/\/www.youtube.com\/embed\/jDYovFC892k?feature=oembed\" frameborder=\"0\" allow=\"accelerometer; autoplay; clipboard-write; encrypted-media; gyroscope; picture-in-picture; web-share\" referrerpolicy=\"strict-origin-when-cross-origin\" allowfullscreen><\/iframe><\/p>\n<\/div>\n<div class=\"video video-fit mb\" style=\"padding-top:56.25%;\"><p><iframe title=\"????Phipower Medium Pyramid for charging water, fruits and for pets????\" width=\"1020\" height=\"574\" src=\"https:\/\/www.youtube.com\/embed\/OZnXoE81lYY?feature=oembed\" frameborder=\"0\" allow=\"accelerometer; autoplay; clipboard-write; encrypted-media; gyroscope; picture-in-picture; web-share\" referrerpolicy=\"strict-origin-when-cross-origin\" allowfullscreen><\/iframe><\/p>\n<\/div>\n<h1>Pyramide de m\u00e9ditation | 140 cm de haut | Pour plus d&rsquo;\u00e9nergie et de bien-\u00eatre<\/h1>\n<p><strong>\u2714 favorise des m\u00e9ditations plus profondes<\/strong><br \/>\n<strong>\u2714 renforce le champ magn\u00e9tique terrestre<\/strong><br \/>\n<strong>\u2714 effets per\u00e7us : relaxation, \u00e9quilibre, calme, protection et bien-\u00eatre<\/strong><br \/>\n<strong>\u2714 autres sensations : l\u00e9gers picotements, chaleur, absence de stimuli externes et niveaux d&rsquo;\u00e9nergie plus \u00e9lev\u00e9s<\/strong><br \/>\n<strong>\u2714 con\u00e7u selon les dimensions de Cheops (effet de r\u00e9sonance)<\/strong><br \/>\n<strong>\u2714 complet avec tubes, connecteurs et outils d&rsquo;installation<\/strong><br \/>\n<strong>\u2714 facile \u00e0 assembler<\/strong><br \/>\n<strong>\u2714 y compris la pyramide sup\u00e9rieure compacte<\/strong><br \/>\n<strong>\u2714 version l\u00e9g\u00e8re (portable)<\/strong><br \/>\n<strong>\u2714 peut \u00eatre assembl\u00e9 en 2 tailles : moyenne (77 cm de haut, surface au sol 121 x 121 cm) et grande (140 cm de haut, surface au sol 220 x 220 cm)<\/strong><br \/>\n<strong>Boule d&rsquo;orgone avec cristaux d&rsquo;am\u00e9thyste inclus<\/strong><br \/>\n<strong>\u2714 enti\u00e8rement fait \u00e0 la main<\/strong><br \/>\n<strong>\u2714 Mat\u00e9riau de base : aluminium avec connecteurs en laiton<\/strong><br \/>\n<strong>\u2714 r\u00e9sistant aux intemp\u00e9ries : ne se d\u00e9colore pas \u00e0 l&rsquo;air libre comme le cuivre<\/strong><br \/>\n<strong>\u2714 bo\u00eete d&rsquo;exp\u00e9dition compacte<\/strong><br \/>\n<strong>\u2714 exp\u00e9dition possible dans le monde entier<\/strong><\/p>\n<h2>Description :<\/h2>\n<p>Les pyramides d\u00e9gagent un pouvoir d&rsquo;harmonisation et d&rsquo;ordonnancement. La forme pyramidale favorise la m\u00e9ditation en concentrant cette \u00e9nergie harmonieuse.<\/p>\n<p>Pyramide signifie litt\u00e9ralement \u00ab\u00a0feu\u00a0\u00bb au \u00ab\u00a0milieu\u00a0\u00bb, ce qui signifie que l&rsquo;\u00e9nergie au centre de la pyramide est la plus forte.<\/p>\n<p>La forme de la pyramide \u00e9tant conforme \u00e0 la Grande Pyramide de Kh\u00e9ops, les nombres magiques pi, phi et la vitesse de la lumi\u00e8re convergent \u00e0 l&rsquo;int\u00e9rieur de la pyramide de m\u00e9ditation.<\/p>\n<p>Pour une performance optimale, il est important d&rsquo;aligner la pyramide de mani\u00e8re \u00e0 ce que le c\u00f4t\u00e9 de la pyramide soit align\u00e9 sur le nord magn\u00e9tique.<\/p>\n<p>Lors de la m\u00e9ditation sous la pyramide, les sensations suivantes peuvent \u00eatre ressenties : protection, chaleur, paix et relaxation, l\u00e9gers picotements, absence de stimuli externes, m\u00e9ditations plus profondes, niveaux d&rsquo;\u00e9nergie plus \u00e9lev\u00e9s. Pour plus d&rsquo;informations, voir cet <a href=\"https:\/\/www.wanttoknow.nl\/hoofdartikelen\/mysterieuze-krachten-van-piramide-structuren\/\">article<\/a>.<\/p>\n<p>En termes de forme, la pyramide de m\u00e9ditation est une r\u00e9plique exacte de la Grande Pyramide de Gizeh avec une inclinaison de 51,83\u00b0.<\/p>\n<p><a href=\"https:\/\/phipower.org\/fr\/produit\/amethyste-remplie-orgon-ball-phipower\/\">La boule d&rsquo;orgonite incluse<\/a>, \u00e0 fixer dans la partie sup\u00e9rieure, est compos\u00e9e de mat\u00e9riaux organiques, de r\u00e9sine, de poussi\u00e8re m\u00e9tallique, d&rsquo;une spirale de cuivre et de pierres semi-pr\u00e9cieuses d&rsquo;am\u00e9thyste pour un effet harmonisant suppl\u00e9mentaire.<\/p>\n<p>Gr\u00e2ce \u00e0 la symbiose de la r\u00e9sonance \u00e9nerg\u00e9tique et de la connexion cosmique, cette boule d&rsquo;<a href=\"https:\/\/phipower.org\/fr\/produit\/amethyste-remplie-orgon-ball-phipower\/\">orgonite<\/a> renforce le pouvoir de gu\u00e9rison de la pyramide.<\/p>\n<p>La pyramide est portable et peut \u00eatre plac\u00e9e \u00e0 l&rsquo;int\u00e9rieur ou \u00e0 l&rsquo;ext\u00e9rieur pour la relaxation et la m\u00e9ditation.<\/p>\n<p>Fabriqu\u00e9e dans des mat\u00e9riaux l\u00e9gers qui ne rouillent pas, la pyramide s&rsquo;int\u00e8gre harmonieusement dans tous les espaces.<\/p>\n<h2>Dimensions et construction<\/h2>\n<p>La pyramide de m\u00e9ditation Phipower s&rsquo;\u00e9tend sur une surface au sol de 220 cm x 220 cm et une hauteur de 140 cm.<\/p>\n<p>Le kit peut \u00e9galement \u00eatre transform\u00e9 en une pyramide plus petite, d&rsquo;une surface au sol de 121 x 121 cm et d&rsquo;une hauteur de 77 cm.<\/p>\n<p>L&rsquo;assemblage est un rituel en soi, une danse de tubes et de connecteurs.<\/p>\n<p><a href=\"https:\/\/drive.google.com\/file\/d\/1YpC2HFKyWBXUvzjVJUbfqLCL-ZvlfqI4\/view?usp=sharing\">Le manuel<\/a> vous guide tout au long de ce processus de cr\u00e9ation et de connexion.<\/p>\n<h2>Position, \u00e9nergie et impact<\/h2>\n<p>Pour une efficacit\u00e9 optimale, orientez soigneusement la pyramide de m\u00e9ditation vers le nord magn\u00e9tique.<\/p>\n<p>C&rsquo;est l\u00e0 que commence l&rsquo;interaction entre la forme et l&rsquo;\u00e9nergie.<\/p>\n<p>Sous la pyramide de m\u00e9ditation, une palette de sensations se d\u00e9ploie &#8211; protection, chaleur, tranquillit\u00e9, picotements.<\/p>\n<p>Une oasis de silence o\u00f9 les stimuli ext\u00e9rieurs s&rsquo;estompent et o\u00f9 la m\u00e9ditation s&rsquo;approfondit, ancr\u00e9e dans des niveaux d&rsquo;\u00e9nergie plus \u00e9lev\u00e9s.<\/p>\n<p>Laissez-vous envelopper par l&rsquo;\u00e9treinte protectrice, sentez l&rsquo;\u00e9nergie subtile vous envahir et le calme et la d\u00e9tente se manifester sous la forme de douces vagues.<\/p>\n<h2>Le paquet comprend<\/h2>\n<ul>\n<li>8 x tubes de connexion de base (longs)<\/li>\n<li>8 x tubes de connexion obliques\/diagonaux (plus courts)<\/li>\n<li>4 x connecteurs de base (pi\u00e8ces d&rsquo;angle)<\/li>\n<li>1 x connecteur sup\u00e9rieur<\/li>\n<li>1 x boule d&rsquo;orgone avec pierres pr\u00e9cieuses en am\u00e9thyste<\/li>\n<li>24 x connecteurs de tubes<\/li>\n<li>2 x cl\u00e9s pour l&rsquo;installation<\/li>\n<li>1 x manuel<\/li>\n<\/ul>\n<h2>Sp\u00e9cifications :<\/h2>\n<ul>\n<li>Surface de la pyramide de m\u00e9ditation : 220 cm x 220 cm, hauteur : 140 cm<\/li>\n<li>Surface au sol de la petite pyramide : 121 cm x 121 cm, hauteur : 77 cm<\/li>\n<li>Dimensions de la bo\u00eete d&rsquo;exp\u00e9dition : 135 x 22 x 15 cm (l x l x h), poids : 10 kg.<\/li>\n<\/ul>\n<p><span style=\"font-size: 23.04px; color: #333333;\">Instructions de montage pour la grande pyramide de m\u00e9ditation :<\/span><\/p>\n<ol>\n<li>poser les 8 plus longs tubes de raccordement sur le sol pour former une surface carr\u00e9e (attention : n&rsquo;utiliser que les plus longs tubes de raccordement)<\/li>\n<li>connecter fermement les 8 tubes de raccordement les plus longs \u00e0 l&rsquo;aide des connecteurs de tubes en utilisant les 2 cl\u00e9s de serrage<\/li>\n<li>Cela permet de cr\u00e9er 4 tubes de connexion de base<\/li>\n<li>connecter les 4 tubes de raccordement de base aux 4 pi\u00e8ces d&rsquo;angle via les connecteurs de tubes \u00e0 l&rsquo;aide des 2 cl\u00e9s.<\/li>\n<li>Connecter 2 tubes courts chacun via les connecteurs de tubes \u00e0 l&rsquo;aide des 2 cl\u00e9s.<\/li>\n<li>On obtient ainsi 4 tubes de liaison diagonaux<\/li>\n<li>connecter les 4 tubes de connexion diagonaux au connecteur sup\u00e9rieur via les connecteurs de tubes, \u00e0 l&rsquo;aide des 2 cl\u00e9s.<\/li>\n<li>poser la pyramide form\u00e9e sur le sol et la fixer avec les 4 connecteurs de base via les connecteurs de tube, \u00e0 l&rsquo;aide des 2 cl\u00e9s.<\/li>\n<li>fixer la boule d&rsquo;orgone au bas du crochet sup\u00e9rieur<\/li>\n<li>placer le couvercle sup\u00e9rieur au sommet de la pyramide<\/li>\n<\/ol>\n<h2>Manuel<\/h2>\n<p>T\u00e9l\u00e9charger <a href=\"https:\/\/drive.google.com\/file\/d\/1YpC2HFKyWBXUvzjVJUbfqLCL-ZvlfqI4\/view?usp=sharing\">le manuel ici<\/a>.<\/p>\n<h2>Fait \u00e0 la main<\/h2>\n<p>La pyramide de m\u00e9ditation est fabriqu\u00e9e \u00e0 la main, de l\u00e9g\u00e8res diff\u00e9rences de taille sont donc possibles. Par cons\u00e9quent, les tubes de connexion peuvent \u00eatre moins faciles \u00e0 glisser dans les connecteurs. Dans ce cas, il est conseill\u00e9 d&rsquo;enfoncer les tubes dans les connecteurs aussi profond\u00e9ment que possible en les tournant. La pyramide est con\u00e7ue de mani\u00e8re \u00e0 ce que tous les tubes de connexion s&rsquo;adaptent parfaitement aux pi\u00e8ces d&rsquo;angle et \u00e0 la pi\u00e8ce sup\u00e9rieure.<\/p>\n","protected":false},"excerpt":{"rendered":"<p><strong>\u2714 pyramide de m\u00e9ditation compl\u00e8te de 140 cm de haut<\/strong><br \/>\n<strong>\u2714 favorise des m\u00e9ditations plus profondes<\/strong><br \/>\n<strong>\u2714 renforce le champ magn\u00e9tique terrestre<\/strong><br \/>\n<strong>\u2714 effets per\u00e7us : relaxation, \u00e9quilibre, calme, protection et bien-\u00eatre<\/strong><br \/>\n<strong>\u2714 autres sensations : l\u00e9gers picotements, chaleur, absence de stimuli externes et niveaux d&rsquo;\u00e9nergie plus \u00e9lev\u00e9s<\/strong><br \/>\n<strong>\u2714 con\u00e7u selon les dimensions de Cheops (effet de r\u00e9sonance)<\/strong><br \/>\n<strong>\u2714 complet avec tubes, connecteurs et outils d&rsquo;installation<\/strong><br \/>\n<strong>\u2714 peut \u00eatre assembl\u00e9 en 2 tailles : moyenne (77 cm de haut, surface au sol 121 x 121 cm) et grande (140 cm de haut, surface au sol 220 x 220 cm)<\/strong><br \/>\n<strong>\u2714 facile \u00e0 assembler<\/strong><br \/>\n<strong>\u2714 y compris pyramide sup\u00e9rieure compacte et boule d&rsquo;orgone<\/strong><\/p>\n","protected":false},"featured_media":5742,"comment_status":"open","ping_status":"closed","template":"","meta":[],"product_brand":[],"product_cat":[967,963,1038],"product_tag":[],"class_list":{"0":"post-4428","1":"product","2":"type-product","3":"status-publish","4":"has-post-thumbnail","6":"product_cat-frequences","7":"product_cat-produits","8":"product_cat-pyramide-de-meditation","10":"first","11":"instock","12":"taxable","13":"shipping-taxable","14":"purchasable","15":"product-type-simple"},"yoast_head":"<!-- This site is optimized with the Yoast SEO Premium plugin v23.6 (Yoast SEO v27.2) - https:\/\/yoast.com\/product\/yoast-seo-premium-wordpress\/ -->\n<title>Pyramide de m\u00e9ditation | Augmenter votre bien-\u00eatre et votre \u00e9nergie | Phipower - Phipower<\/title>\n<meta name=\"description\" content=\"\u2714 pyramide de m\u00e9ditation compl\u00e8te \u2714 favorise des m\u00e9ditations plus profondes \u2714 renforce le champ magn\u00e9tique terrestre \u2714 g\u00e9n\u00e8re la relaxation, l&#039;\u00e9quilibre, la tranquillit\u00e9 et le bien-\u00eatre\" \/>\n<meta name=\"robots\" content=\"index, follow, max-snippet:-1, max-image-preview:large, max-video-preview:-1\" \/>\n<link rel=\"canonical\" href=\"https:\/\/phipower.org\/fr\/produit\/pyramide-de-meditation\/\" \/>\n<meta property=\"og:locale\" content=\"fr_FR\" \/>\n<meta property=\"og:type\" content=\"article\" \/>\n<meta property=\"og:title\" content=\"Pyramide de m\u00e9ditation | Augmenter votre bien-\u00eatre et votre \u00e9nergie | Phipower\" \/>\n<meta property=\"og:description\" content=\"\u2714 pyramide de m\u00e9ditation compl\u00e8te \u2714 favorise des m\u00e9ditations plus profondes \u2714 renforce le champ magn\u00e9tique terrestre \u2714 g\u00e9n\u00e8re la relaxation, l&#039;\u00e9quilibre, la tranquillit\u00e9 et le bien-\u00eatre\" \/>\n<meta property=\"og:url\" content=\"https:\/\/phipower.org\/fr\/produit\/pyramide-de-meditation\/\" \/>\n<meta property=\"og:site_name\" content=\"Phipower\" \/>\n<meta property=\"article:publisher\" content=\"https:\/\/www.facebook.com\/phipowertools\/\" \/>\n<meta property=\"article:modified_time\" content=\"2026-04-21T12:33:31+00:00\" \/>\n<meta property=\"og:image\" content=\"https:\/\/phipower.org\/wp-content\/uploads\/2018\/09\/photo-1-36-1.jpg\" \/>\n\t<meta property=\"og:image:width\" content=\"750\" \/>\n\t<meta property=\"og:image:height\" content=\"750\" \/>\n\t<meta property=\"og:image:type\" content=\"image\/jpeg\" \/>\n<meta name=\"twitter:card\" content=\"summary_large_image\" \/>\n<meta name=\"twitter:site\" content=\"@phipower1\" \/>\n<meta name=\"twitter:label1\" content=\"Prix\" \/>\n\t<meta name=\"twitter:data1\" content=\"&euro;299,00\" \/>\n\t<meta name=\"twitter:label2\" content=\"Disponibilit\u00e9\" \/>\n\t<meta name=\"twitter:data2\" content=\"En stock\" \/>\n<script type=\"application\/ld+json\" class=\"yoast-schema-graph\">{\"@context\":\"https:\/\/schema.org\",\"@graph\":[{\"@type\":\"WebPage\",\"@id\":\"https:\/\/phipower.org\/fr\/produit\/pyramide-de-meditation\/\",\"url\":\"https:\/\/phipower.org\/fr\/produit\/pyramide-de-meditation\/\",\"name\":\"Pyramide de m\u00e9ditation | Augmenter votre bien-\u00eatre et votre \u00e9nergie | Phipower - Phipower\",\"isPartOf\":{\"@id\":\"https:\/\/phipower.org\/fr\/#website\"},\"primaryImageOfPage\":{\"@id\":\"https:\/\/phipower.org\/fr\/produit\/pyramide-de-meditation\/#primaryimage\"},\"image\":{\"@id\":\"https:\/\/phipower.org\/fr\/produit\/pyramide-de-meditation\/#primaryimage\"},\"thumbnailUrl\":\"https:\/\/phipower.org\/wp-content\/uploads\/2023\/10\/tijn-touber-onder-meditatie-piramide-phipower-2.jpg\",\"datePublished\":\"2023-10-20T13:51:59+00:00\",\"dateModified\":\"2026-04-21T12:33:31+00:00\",\"description\":\"\u2714 pyramide de m\u00e9ditation compl\u00e8te \u2714 favorise des m\u00e9ditations plus profondes \u2714 renforce le champ magn\u00e9tique terrestre \u2714 g\u00e9n\u00e8re la relaxation, l'\u00e9quilibre, la tranquillit\u00e9 et le bien-\u00eatre\",\"breadcrumb\":{\"@id\":\"https:\/\/phipower.org\/fr\/produit\/pyramide-de-meditation\/#breadcrumb\"},\"inLanguage\":\"fr-FR\",\"potentialAction\":[{\"@type\":\"ReadAction\",\"target\":[\"https:\/\/phipower.org\/fr\/produit\/pyramide-de-meditation\/\"]}]},{\"@type\":\"ImageObject\",\"inLanguage\":\"fr-FR\",\"@id\":\"https:\/\/phipower.org\/fr\/produit\/pyramide-de-meditation\/#primaryimage\",\"url\":\"https:\/\/phipower.org\/wp-content\/uploads\/2023\/10\/tijn-touber-onder-meditatie-piramide-phipower-2.jpg\",\"contentUrl\":\"https:\/\/phipower.org\/wp-content\/uploads\/2023\/10\/tijn-touber-onder-meditatie-piramide-phipower-2.jpg\",\"width\":1200,\"height\":1600},{\"@type\":\"BreadcrumbList\",\"@id\":\"https:\/\/phipower.org\/fr\/produit\/pyramide-de-meditation\/#breadcrumb\",\"itemListElement\":[{\"@type\":\"ListItem\",\"position\":1,\"name\":\"Home\",\"item\":\"https:\/\/phipower.org\/fr\/\"},{\"@type\":\"ListItem\",\"position\":2,\"name\":\"Shop\",\"item\":\"https:\/\/phipower.org\/shop\/\"},{\"@type\":\"ListItem\",\"position\":3,\"name\":\"Pyramide de m\u00e9ditation | Augmenter votre bien-\u00eatre et votre \u00e9nergie | Phipower\"}]},{\"@type\":\"WebSite\",\"@id\":\"https:\/\/phipower.org\/fr\/#website\",\"url\":\"https:\/\/phipower.org\/fr\/\",\"name\":\"Phipower: innovatieve gezondheidsproducten\",\"description\":\"innovatieve gezondheidsproducten\",\"publisher\":{\"@id\":\"https:\/\/phipower.org\/fr\/#organization\"},\"potentialAction\":[{\"@type\":\"SearchAction\",\"target\":{\"@type\":\"EntryPoint\",\"urlTemplate\":\"https:\/\/phipower.org\/fr\/?s={search_term_string}\"},\"query-input\":{\"@type\":\"PropertyValueSpecification\",\"valueRequired\":true,\"valueName\":\"search_term_string\"}}],\"inLanguage\":\"fr-FR\"},{\"@type\":\"Organization\",\"@id\":\"https:\/\/phipower.org\/fr\/#organization\",\"name\":\"Phipower\",\"url\":\"https:\/\/phipower.org\/fr\/\",\"logo\":{\"@type\":\"ImageObject\",\"inLanguage\":\"fr-FR\",\"@id\":\"https:\/\/phipower.org\/fr\/#\/schema\/logo\/image\/\",\"url\":\"https:\/\/phipower.org\/wp-content\/uploads\/2019\/06\/z-logo-RGB-wit-power.png\",\"contentUrl\":\"https:\/\/phipower.org\/wp-content\/uploads\/2019\/06\/z-logo-RGB-wit-power.png\",\"width\":3273,\"height\":1389,\"caption\":\"Phipower\"},\"image\":{\"@id\":\"https:\/\/phipower.org\/fr\/#\/schema\/logo\/image\/\"},\"sameAs\":[\"https:\/\/www.facebook.com\/phipowertools\/\",\"https:\/\/x.com\/phipower1\",\"https:\/\/www.tiktok.com\/@phipowerhealth\"]}]}<\/script>\n<meta property=\"product:price:amount\" content=\"299.00\" \/>\n<meta property=\"product:price:currency\" content=\"EUR\" \/>\n<meta property=\"og:availability\" content=\"instock\" \/>\n<meta property=\"product:availability\" content=\"instock\" \/>\n<meta property=\"product:retailer_item_id\" content=\"7806140071381\" \/>\n<meta property=\"product:condition\" content=\"new\" \/>\n<!-- \/ Yoast SEO Premium plugin. -->","yoast_head_json":{"title":"Pyramide de m\u00e9ditation | Augmenter votre bien-\u00eatre et votre \u00e9nergie | Phipower - Phipower","description":"\u2714 pyramide de m\u00e9ditation compl\u00e8te \u2714 favorise des m\u00e9ditations plus profondes \u2714 renforce le champ magn\u00e9tique terrestre \u2714 g\u00e9n\u00e8re la relaxation, l'\u00e9quilibre, la tranquillit\u00e9 et le bien-\u00eatre","robots":{"index":"index","follow":"follow","max-snippet":"max-snippet:-1","max-image-preview":"max-image-preview:large","max-video-preview":"max-video-preview:-1"},"canonical":"https:\/\/phipower.org\/fr\/produit\/pyramide-de-meditation\/","og_locale":"fr_FR","og_type":"article","og_title":"Pyramide de m\u00e9ditation | Augmenter votre bien-\u00eatre et votre \u00e9nergie | Phipower","og_description":"\u2714 pyramide de m\u00e9ditation compl\u00e8te \u2714 favorise des m\u00e9ditations plus profondes \u2714 renforce le champ magn\u00e9tique terrestre \u2714 g\u00e9n\u00e8re la relaxation, l'\u00e9quilibre, la tranquillit\u00e9 et le bien-\u00eatre","og_url":"https:\/\/phipower.org\/fr\/produit\/pyramide-de-meditation\/","og_site_name":"Phipower","article_publisher":"https:\/\/www.facebook.com\/phipowertools\/","article_modified_time":"2026-04-21T12:33:31+00:00","og_image":[{"width":750,"height":750,"url":"https:\/\/phipower.org\/wp-content\/uploads\/2018\/09\/photo-1-36-1.jpg","type":"image\/jpeg"}],"twitter_card":"summary_large_image","twitter_site":"@phipower1","twitter_misc":{"Prix":"&euro;299,00","Disponibilit\u00e9":"En stock"},"schema":{"@context":"https:\/\/schema.org","@graph":[{"@type":"WebPage","@id":"https:\/\/phipower.org\/fr\/produit\/pyramide-de-meditation\/","url":"https:\/\/phipower.org\/fr\/produit\/pyramide-de-meditation\/","name":"Pyramide de m\u00e9ditation | Augmenter votre bien-\u00eatre et votre \u00e9nergie | Phipower - Phipower","isPartOf":{"@id":"https:\/\/phipower.org\/fr\/#website"},"primaryImageOfPage":{"@id":"https:\/\/phipower.org\/fr\/produit\/pyramide-de-meditation\/#primaryimage"},"image":{"@id":"https:\/\/phipower.org\/fr\/produit\/pyramide-de-meditation\/#primaryimage"},"thumbnailUrl":"https:\/\/phipower.org\/wp-content\/uploads\/2023\/10\/tijn-touber-onder-meditatie-piramide-phipower-2.jpg","datePublished":"2023-10-20T13:51:59+00:00","dateModified":"2026-04-21T12:33:31+00:00","description":"\u2714 pyramide de m\u00e9ditation compl\u00e8te \u2714 favorise des m\u00e9ditations plus profondes \u2714 renforce le champ magn\u00e9tique terrestre \u2714 g\u00e9n\u00e8re la relaxation, l'\u00e9quilibre, la tranquillit\u00e9 et le bien-\u00eatre","breadcrumb":{"@id":"https:\/\/phipower.org\/fr\/produit\/pyramide-de-meditation\/#breadcrumb"},"inLanguage":"fr-FR","potentialAction":[{"@type":"ReadAction","target":["https:\/\/phipower.org\/fr\/produit\/pyramide-de-meditation\/"]}]},{"@type":"ImageObject","inLanguage":"fr-FR","@id":"https:\/\/phipower.org\/fr\/produit\/pyramide-de-meditation\/#primaryimage","url":"https:\/\/phipower.org\/wp-content\/uploads\/2023\/10\/tijn-touber-onder-meditatie-piramide-phipower-2.jpg","contentUrl":"https:\/\/phipower.org\/wp-content\/uploads\/2023\/10\/tijn-touber-onder-meditatie-piramide-phipower-2.jpg","width":1200,"height":1600},{"@type":"BreadcrumbList","@id":"https:\/\/phipower.org\/fr\/produit\/pyramide-de-meditation\/#breadcrumb","itemListElement":[{"@type":"ListItem","position":1,"name":"Home","item":"https:\/\/phipower.org\/fr\/"},{"@type":"ListItem","position":2,"name":"Shop","item":"https:\/\/phipower.org\/shop\/"},{"@type":"ListItem","position":3,"name":"Pyramide de m\u00e9ditation | Augmenter votre bien-\u00eatre et votre \u00e9nergie | Phipower"}]},{"@type":"WebSite","@id":"https:\/\/phipower.org\/fr\/#website","url":"https:\/\/phipower.org\/fr\/","name":"Phipower: innovatieve gezondheidsproducten","description":"innovatieve gezondheidsproducten","publisher":{"@id":"https:\/\/phipower.org\/fr\/#organization"},"potentialAction":[{"@type":"SearchAction","target":{"@type":"EntryPoint","urlTemplate":"https:\/\/phipower.org\/fr\/?s={search_term_string}"},"query-input":{"@type":"PropertyValueSpecification","valueRequired":true,"valueName":"search_term_string"}}],"inLanguage":"fr-FR"},{"@type":"Organization","@id":"https:\/\/phipower.org\/fr\/#organization","name":"Phipower","url":"https:\/\/phipower.org\/fr\/","logo":{"@type":"ImageObject","inLanguage":"fr-FR","@id":"https:\/\/phipower.org\/fr\/#\/schema\/logo\/image\/","url":"https:\/\/phipower.org\/wp-content\/uploads\/2019\/06\/z-logo-RGB-wit-power.png","contentUrl":"https:\/\/phipower.org\/wp-content\/uploads\/2019\/06\/z-logo-RGB-wit-power.png","width":3273,"height":1389,"caption":"Phipower"},"image":{"@id":"https:\/\/phipower.org\/fr\/#\/schema\/logo\/image\/"},"sameAs":["https:\/\/www.facebook.com\/phipowertools\/","https:\/\/x.com\/phipower1","https:\/\/www.tiktok.com\/@phipowerhealth"]}]},"product_price_amount":"299.00","product_price_currency":"EUR","og_availability":"instock","product_availability":"instock","product_retailer_item_id":"7806140071381","product_condition":"new"},"_links":{"self":[{"href":"https:\/\/phipower.org\/fr\/wp-json\/wp\/v2\/product\/4428","targetHints":{"allow":["GET"]}}],"collection":[{"href":"https:\/\/phipower.org\/fr\/wp-json\/wp\/v2\/product"}],"about":[{"href":"https:\/\/phipower.org\/fr\/wp-json\/wp\/v2\/types\/product"}],"replies":[{"embeddable":true,"href":"https:\/\/phipower.org\/fr\/wp-json\/wp\/v2\/comments?post=4428"}],"wp:featuredmedia":[{"embeddable":true,"href":"https:\/\/phipower.org\/fr\/wp-json\/wp\/v2\/media\/5742"}],"wp:attachment":[{"href":"https:\/\/phipower.org\/fr\/wp-json\/wp\/v2\/media?parent=4428"}],"wp:term":[{"taxonomy":"product_brand","embeddable":true,"href":"https:\/\/phipower.org\/fr\/wp-json\/wp\/v2\/product_brand?post=4428"},{"taxonomy":"product_cat","embeddable":true,"href":"https:\/\/phipower.org\/fr\/wp-json\/wp\/v2\/product_cat?post=4428"},{"taxonomy":"product_tag","embeddable":true,"href":"https:\/\/phipower.org\/fr\/wp-json\/wp\/v2\/product_tag?post=4428"}],"curies":[{"name":"wp","href":"https:\/\/api.w.org\/{rel}","templated":true}]}}