{"id":3701,"date":"2022-07-14T09:43:45","date_gmt":"2022-07-14T09:43:45","guid":{"rendered":"https:\/\/phipower.org\/product\/generateur-deau-alcaline-ionisateur-et-purificateur-deau-filtre-a-charbon-actif-phipower\/"},"modified":"2026-04-23T10:48:45","modified_gmt":"2026-04-23T10:48:45","slug":"generateur-deau-alcaline-ionisateur-et-purificateur-deau-filtre-a-charbon-actif-phipower","status":"publish","type":"product","link":"https:\/\/phipower.org\/fr\/produit\/generateur-deau-alcaline-ionisateur-et-purificateur-deau-filtre-a-charbon-actif-phipower\/","title":{"rendered":"G\u00e9n\u00e9rateur d&rsquo;eau alcaline | Ionisateur et purificateur d&rsquo;eau | Filtre \u00e0 charbon actif | Phipower"},"content":{"rendered":"<div class=\"video video-fit mb\" style=\"padding-top:56.25%;\"><p><iframe title=\"PhiPower water ionizer machine Installation and review!\" width=\"1020\" height=\"574\" src=\"https:\/\/www.youtube.com\/embed\/aNatLvHHil0?feature=oembed\" frameborder=\"0\" allow=\"accelerometer; autoplay; clipboard-write; encrypted-media; gyroscope; picture-in-picture; web-share\" allowfullscreen><\/iframe><\/p>\n<\/div>\n<h1>G\u00e9n\u00e9rateur d&rsquo;eau alcaline | Ionisateur et purificateur d&rsquo;eau | Filtre \u00e0 charbon actif | Phipower<\/h1>\n<p><strong>\u2714 transforme l&rsquo;eau du robinet en eau alcaline purifi\u00e9e<\/strong><br \/>\n<strong>\u2714 facile \u00e0 connecter<\/strong><br \/>\n<strong>\u2714 plusieurs positions possibles<\/strong><br \/>\n<strong>\u2714 eau purifi\u00e9e (pH 7,0)<\/strong><br \/>\n<strong>\u2714 eau potable (pH 7,5 &#8211; 8,5)<\/strong><br \/>\n<strong>\u2714 eau de cuisson (pH 8,0 &#8211; 9,0)<\/strong><br \/>\n<strong>\u2714 eau de nettoyage (pH 9,0 &#8211; 10,5)<\/strong><br \/>\n<strong>\u2714 eau de la peau (l\u00e9g\u00e8rement acide : pH 5,0 &#8211; 6,5)<\/strong><br \/>\n<strong>\u2714 eau acide pour la d\u00e9sinfection (pH 3,5 &#8211; 5,5)<\/strong><br \/>\n<strong>\u2714 avec filtre \u00e0 charbon actif pour 6 000 litres d&rsquo;eau<\/strong><\/p>\n<p><strong>Description<\/strong><br \/>\nAvec ce g\u00e9n\u00e9rateur\/ioniseur d&rsquo;eau alcaline, l&rsquo;eau du robinet est filtr\u00e9e puis amen\u00e9e \u00e0 la valeur pH souhait\u00e9e par \u00e9lectrolyse.<\/p>\n<p>Le flux d&rsquo;eau est ici s\u00e9par\u00e9 en une composante acide et une composante alcaline.<br \/>\nIl est possible d&rsquo;obtenir jusqu&rsquo;\u00e0 7 qualit\u00e9s d&rsquo;eau.<\/p>\n<p>Celles-ci sont facilement s\u00e9lectionn\u00e9es \u00e0 l&rsquo;aide des touches tactiles de la face avant.<\/p>\n<p>L&rsquo;\u00e9cran affiche la valeur pH s\u00e9lectionn\u00e9e, le d\u00e9bit, la valeur ORP et la dur\u00e9e de vie restante du filtre (en litres).<\/p>\n<p>La qualit\u00e9 d&rsquo;eau souhait\u00e9e est dirig\u00e9e vers l&rsquo;ext\u00e9rieur par le bec flexible.<\/p>\n<p>L&rsquo;autre partie de l&rsquo;eau (= eaux us\u00e9es) est \u00e9vacu\u00e9e par l&rsquo;adaptateur de robinet.<\/p>\n<p>L&rsquo;\u00e9lectrolyse se fait par l&rsquo;interm\u00e9diaire de 5 plaques en titane recouvertes de platine de haute qualit\u00e9.<\/p>\n<p>Lorsque l&rsquo;ioniseur d&rsquo;eau est connect\u00e9 au robinet, de l&rsquo;eau alcaline standard de niveau 2 est g\u00e9n\u00e9r\u00e9e (pH 8,0 ~ 9,0).<\/p>\n<p>Il est alors possible de s\u00e9lectionner diff\u00e9rents modes avec diff\u00e9rentes qualit\u00e9s d&rsquo;eau.<\/p>\n<p>Chaque mode est accompagn\u00e9 d&rsquo;une musique de fond et d&rsquo;une voix indiquant la qualit\u00e9 de l&rsquo;eau choisie.<\/p>\n<p>L&rsquo;ioniseur d&rsquo;eau peut produire les qualit\u00e9s d&rsquo;eau suivantes :<\/p>\n<p><strong>Eau alcaline niveau 1 (pH 7,5 ~ 8,5)<\/strong><br \/>\nPour les personnes qui commencent \u00e0 boire de l&rsquo;eau alcaline<br \/>\nEquilibre le pH interne et am\u00e9liore l&rsquo;absorption des min\u00e9raux<\/p>\n<p><strong>Eau basique niveau 2 (pH 8,0 ~ 9,0)<\/strong><br \/>\nPour la cuisson du riz et des nouilles, conserve la saveur naturelle plus longtemps<br \/>\nPour la consommation quotidienne apr\u00e8s la premi\u00e8re utilisation niveau 1<br \/>\nPour la pr\u00e9paration du th\u00e9 ou du caf\u00e9 (r\u00e9duit l&rsquo;amertume et am\u00e9liore la saveur)<\/p>\n<p><strong>Eau de base niveau 3 (pH 8,5 ~ 10,0)<\/strong><br \/>\nPour une consommation quotidienne avanc\u00e9e<\/p>\n<p><strong>Eau basique niveau 4 (pH 9.0 ~ 10.5<\/strong>)<br \/>\nPour le trempage\/rin\u00e7age des l\u00e9gumes\/fruits, de la viande et du poisson<br \/>\nPour la r\u00e9duction des pesticides sur les l\u00e9gumes et les fruits<br \/>\nPour la r\u00e9duction des odeurs et des mauvais go\u00fbts sur la viande et le poisson<br \/>\nPour la pr\u00e9servation des nutriments et de la saveur lors de la cuisson des l\u00e9gumes<\/p>\n<p><strong>Eau purifi\u00e9e (pH 7,0)<\/strong><br \/>\nPurifi\u00e9e par un filtre \u00e0 charbon de haute qualit\u00e9<br \/>\nConvient comme eau pour l&rsquo;alimentation au biberon<\/p>\n<p><strong>Eau acide niveau 1 (pH 5,0 ~ 6,5)<\/strong><br \/>\n<em>Remarque : pas d&rsquo;eau potable<\/em><br \/>\nPour le nettoyage du visage et de la peau<br \/>\nL&rsquo;eau se rapproche du pH de la peau<br \/>\nId\u00e9al pour le nettoyage des peaux sensibles<br \/>\nNettoie les pores de la peau<br \/>\nFavorise la brillance des cheveux<br \/>\nConvient comme apr\u00e8s-rasage naturel<\/p>\n<p><strong>Eau acide niveau 2 (pH 3,5 ~ 5,5)<\/strong><br \/>\n<em>Remarque : pas d&rsquo;eau potable<\/em><br \/>\nConvient au nettoyage de la vaisselle et des sols<br \/>\n\u00c9limine les r\u00e9sidus de produits chimiques sur les fruits et l\u00e9gumes<\/p>\n<p><strong>Le paquet comprend :<\/strong><br \/>\n1 x G\u00e9n\u00e9rateur d&rsquo;eau\/ioniseur de base<br \/>\n1 x Buse<br \/>\n1 x Tuyau d&rsquo;eau<br \/>\n1 x Adaptateur de robinet<br \/>\n1 x Support mural<br \/>\n1 x Rondelles en caoutchouc et connecteur<br \/>\n1 x C\u00e2ble d&rsquo;alimentation<br \/>\n1 x Mode d&#8217;emploi<\/p>\n<p><strong>Sp\u00e9cifications :<\/strong><\/p>\n<ul>\n<li>5 x \u00e9lectrodes en titane avec rev\u00eatement en platine<\/li>\n<li>Consommation \u00e9lectrique : 5 &#8211; 90W<\/li>\n<li>Consommation en veille : 1W<\/li>\n<li>D\u00e9bit : 0,8 &#8211; 3,5 litres\/minute<\/li>\n<li>D\u00e9bit optimal : 2 &#8211; 3 litres\/minute<\/li>\n<li>Capacit\u00e9 du filtre : environ 6000 litres<\/li>\n<li>Plage de pH : 3,5 &#8211; 10,5<\/li>\n<li>Gamme ORP : +60 ~ 500mV<\/li>\n<li>Temp\u00e9rature de l&rsquo;eau \u00e0 l&rsquo;arriv\u00e9e : inf\u00e9rieure \u00e0 45 \u00b0C<\/li>\n<li>Dimensions du produit : 25,8 x 17 x 11 cm<\/li>\n<li>Poids net : 1,5 kg<\/li>\n<\/ul>\n<p><strong>Manuel :<\/strong><br \/>\n<a href=\"https:\/\/drive.google.com\/file\/d\/1LgJxYq90kNtR8mVIcBDpfvjp4uzo5-n2\/view?usp=sharing\">T\u00e9l\u00e9charger le manuel ici<\/a><\/p>\n<div class=\"video video-fit mb\" style=\"padding-top:56.25%;\"><p><iframe title=\"Why a water ionizer?\" width=\"1020\" height=\"574\" src=\"https:\/\/www.youtube.com\/embed\/PtWQMON4VM8?feature=oembed\" frameborder=\"0\" allow=\"accelerometer; autoplay; clipboard-write; encrypted-media; gyroscope; picture-in-picture; web-share\" allowfullscreen><\/iframe><\/p>\n<\/div>\n","protected":false},"excerpt":{"rendered":"<p><strong>\u2714 transforme l&rsquo;eau du robinet en eau alcaline purifi\u00e9e<\/strong><br \/>\n<strong>\u2714 facile \u00e0 connecter<\/strong><br \/>\n<strong>\u2714 eau purifi\u00e9e (pH 7,0)<\/strong><br \/>\n<strong>\u2714 eau potable (pH 7,5 &#8211; 8,5)<\/strong><br \/>\n<strong>\u2714 eau de cuisson (pH 8,0 &#8211; 9,0)<\/strong><br \/>\n<strong>\u2714 eau de nettoyage (pH 9,0 &#8211; 10,5)<\/strong><br \/>\n<strong>\u2714 eau de la peau (l\u00e9g\u00e8rement acide : pH 5,0 &#8211; 6,5)<\/strong><br \/>\n<strong>\u2714 eau acide pour la d\u00e9sinfection (pH 3,5 &#8211; 5,5)<\/strong><br \/>\n<strong>\u2714 avec filtre \u00e0 charbon actif pour 6 000 litres d&rsquo;eau<\/strong><\/p>\n","protected":false},"featured_media":10426,"comment_status":"open","ping_status":"closed","template":"","meta":[],"product_brand":[],"product_cat":[971,963,965],"product_tag":[],"class_list":{"0":"post-3701","1":"product","2":"type-product","3":"status-publish","4":"has-post-thumbnail","6":"product_cat-generateur-deau-alcaline","7":"product_cat-produits","8":"product_cat-traitement-de-leau","9":"product_shipping_class-2-5-kg","11":"first","12":"instock","13":"taxable","14":"shipping-taxable","15":"purchasable","16":"product-type-simple"},"yoast_head":"<!-- This site is optimized with the Yoast SEO Premium plugin v23.6 (Yoast SEO v27.2) - https:\/\/yoast.com\/product\/yoast-seo-premium-wordpress\/ -->\n<title>G\u00e9n\u00e9rateur d&#039;eau alcaline | pour une hydratation au pH \u00e9quilibr\u00e9 | Phipower<\/title>\n<meta name=\"description\" content=\"\u2714 transforme l&#039;eau du robinet en eau alcaline purifi\u00e9e \u2714 facile \u00e0 connecter \u2714 diff\u00e9rents r\u00e9glages possibles \u2714 eau purifi\u00e9e (pH 7,0) \u2714 eau potable (pH 7,5 - 8,5)\" \/>\n<meta name=\"robots\" content=\"index, follow, max-snippet:-1, max-image-preview:large, max-video-preview:-1\" \/>\n<link rel=\"canonical\" href=\"https:\/\/phipower.org\/fr\/produit\/generateur-deau-alcaline-ionisateur-et-purificateur-deau-filtre-a-charbon-actif-phipower\/\" \/>\n<meta property=\"og:locale\" content=\"fr_FR\" \/>\n<meta property=\"og:type\" content=\"article\" \/>\n<meta property=\"og:title\" content=\"G\u00e9n\u00e9rateur d&#039;eau alcaline | Ionisateur et purificateur d&#039;eau | Filtre \u00e0 charbon actif | Phipower\" \/>\n<meta property=\"og:description\" content=\"\u2714 transforme l&#039;eau du robinet en eau alcaline purifi\u00e9e \u2714 facile \u00e0 connecter \u2714 diff\u00e9rents r\u00e9glages possibles \u2714 eau purifi\u00e9e (pH 7,0) \u2714 eau potable (pH 7,5 - 8,5)\" \/>\n<meta property=\"og:url\" content=\"https:\/\/phipower.org\/fr\/produit\/generateur-deau-alcaline-ionisateur-et-purificateur-deau-filtre-a-charbon-actif-phipower\/\" \/>\n<meta property=\"og:site_name\" content=\"Phipower\" \/>\n<meta property=\"article:publisher\" content=\"https:\/\/www.facebook.com\/phipowertools\/\" \/>\n<meta property=\"article:modified_time\" content=\"2026-04-23T10:48:45+00:00\" \/>\n<meta property=\"og:image\" content=\"https:\/\/phipower.org\/wp-content\/uploads\/2021\/09\/waterstofgas-inhaler-inhalator-H2-O2-300ml-H2-generator-medisch-apparaat-phipower-zijkant-1.jpg\" \/>\n\t<meta property=\"og:image:width\" content=\"1200\" \/>\n\t<meta property=\"og:image:height\" content=\"1200\" \/>\n\t<meta property=\"og:image:type\" content=\"image\/jpeg\" \/>\n<meta name=\"twitter:card\" content=\"summary_large_image\" \/>\n<meta name=\"twitter:site\" content=\"@phipower1\" \/>\n<meta name=\"twitter:label1\" content=\"Prix\" \/>\n\t<meta name=\"twitter:data1\" content=\"&euro;499,00\" \/>\n\t<meta name=\"twitter:label2\" content=\"Disponibilit\u00e9\" \/>\n\t<meta name=\"twitter:data2\" content=\"En stock\" \/>\n<script type=\"application\/ld+json\" class=\"yoast-schema-graph\">{\"@context\":\"https:\/\/schema.org\",\"@graph\":[{\"@type\":\"WebPage\",\"@id\":\"https:\/\/phipower.org\/fr\/produit\/generateur-deau-alcaline-ionisateur-et-purificateur-deau-filtre-a-charbon-actif-phipower\/\",\"url\":\"https:\/\/phipower.org\/fr\/produit\/generateur-deau-alcaline-ionisateur-et-purificateur-deau-filtre-a-charbon-actif-phipower\/\",\"name\":\"G\u00e9n\u00e9rateur d'eau alcaline | pour une hydratation au pH \u00e9quilibr\u00e9 | Phipower\",\"isPartOf\":{\"@id\":\"https:\/\/phipower.org\/fr\/#website\"},\"primaryImageOfPage\":{\"@id\":\"https:\/\/phipower.org\/fr\/produit\/generateur-deau-alcaline-ionisateur-et-purificateur-deau-filtre-a-charbon-actif-phipower\/#primaryimage\"},\"image\":{\"@id\":\"https:\/\/phipower.org\/fr\/produit\/generateur-deau-alcaline-ionisateur-et-purificateur-deau-filtre-a-charbon-actif-phipower\/#primaryimage\"},\"thumbnailUrl\":\"https:\/\/phipower.org\/wp-content\/uploads\/2022\/07\/Basisch-water-generator-Water-ionisator-en-zuivering-Actief-koolstoffilter-Phipower.webp\",\"datePublished\":\"2022-07-14T09:43:45+00:00\",\"dateModified\":\"2026-04-23T10:48:45+00:00\",\"description\":\"\u2714 transforme l'eau du robinet en eau alcaline purifi\u00e9e \u2714 facile \u00e0 connecter \u2714 diff\u00e9rents r\u00e9glages possibles \u2714 eau purifi\u00e9e (pH 7,0) \u2714 eau potable (pH 7,5 - 8,5)\",\"breadcrumb\":{\"@id\":\"https:\/\/phipower.org\/fr\/produit\/generateur-deau-alcaline-ionisateur-et-purificateur-deau-filtre-a-charbon-actif-phipower\/#breadcrumb\"},\"inLanguage\":\"fr-FR\",\"potentialAction\":[{\"@type\":\"ReadAction\",\"target\":[\"https:\/\/phipower.org\/fr\/produit\/generateur-deau-alcaline-ionisateur-et-purificateur-deau-filtre-a-charbon-actif-phipower\/\"]}]},{\"@type\":\"ImageObject\",\"inLanguage\":\"fr-FR\",\"@id\":\"https:\/\/phipower.org\/fr\/produit\/generateur-deau-alcaline-ionisateur-et-purificateur-deau-filtre-a-charbon-actif-phipower\/#primaryimage\",\"url\":\"https:\/\/phipower.org\/wp-content\/uploads\/2022\/07\/Basisch-water-generator-Water-ionisator-en-zuivering-Actief-koolstoffilter-Phipower.webp\",\"contentUrl\":\"https:\/\/phipower.org\/wp-content\/uploads\/2022\/07\/Basisch-water-generator-Water-ionisator-en-zuivering-Actief-koolstoffilter-Phipower.webp\",\"width\":1920,\"height\":1920},{\"@type\":\"BreadcrumbList\",\"@id\":\"https:\/\/phipower.org\/fr\/produit\/generateur-deau-alcaline-ionisateur-et-purificateur-deau-filtre-a-charbon-actif-phipower\/#breadcrumb\",\"itemListElement\":[{\"@type\":\"ListItem\",\"position\":1,\"name\":\"Home\",\"item\":\"https:\/\/phipower.org\/fr\/\"},{\"@type\":\"ListItem\",\"position\":2,\"name\":\"Boutique\",\"item\":\"https:\/\/phipower.org\/fr\/boutique\/\"},{\"@type\":\"ListItem\",\"position\":3,\"name\":\"G\u00e9n\u00e9rateur d&#8217;eau alcaline | Ionisateur et purificateur d&#8217;eau | Filtre \u00e0 charbon actif | Phipower\"}]},{\"@type\":\"WebSite\",\"@id\":\"https:\/\/phipower.org\/fr\/#website\",\"url\":\"https:\/\/phipower.org\/fr\/\",\"name\":\"Phipower: innovatieve gezondheidsproducten\",\"description\":\"innovatieve gezondheidsproducten\",\"publisher\":{\"@id\":\"https:\/\/phipower.org\/fr\/#organization\"},\"potentialAction\":[{\"@type\":\"SearchAction\",\"target\":{\"@type\":\"EntryPoint\",\"urlTemplate\":\"https:\/\/phipower.org\/fr\/?s={search_term_string}\"},\"query-input\":{\"@type\":\"PropertyValueSpecification\",\"valueRequired\":true,\"valueName\":\"search_term_string\"}}],\"inLanguage\":\"fr-FR\"},{\"@type\":\"Organization\",\"@id\":\"https:\/\/phipower.org\/fr\/#organization\",\"name\":\"Phipower\",\"url\":\"https:\/\/phipower.org\/fr\/\",\"logo\":{\"@type\":\"ImageObject\",\"inLanguage\":\"fr-FR\",\"@id\":\"https:\/\/phipower.org\/fr\/#\/schema\/logo\/image\/\",\"url\":\"https:\/\/phipower.org\/wp-content\/uploads\/2019\/06\/z-logo-RGB-wit-power.png\",\"contentUrl\":\"https:\/\/phipower.org\/wp-content\/uploads\/2019\/06\/z-logo-RGB-wit-power.png\",\"width\":3273,\"height\":1389,\"caption\":\"Phipower\"},\"image\":{\"@id\":\"https:\/\/phipower.org\/fr\/#\/schema\/logo\/image\/\"},\"sameAs\":[\"https:\/\/www.facebook.com\/phipowertools\/\",\"https:\/\/x.com\/phipower1\",\"https:\/\/www.tiktok.com\/@phipowerhealth\"]}]}<\/script>\n<meta property=\"product:price:amount\" content=\"499.00\" \/>\n<meta property=\"product:price:currency\" content=\"EUR\" \/>\n<meta property=\"og:availability\" content=\"instock\" \/>\n<meta property=\"product:availability\" content=\"instock\" \/>\n<meta property=\"product:retailer_item_id\" content=\"8719324436915\" \/>\n<meta property=\"product:condition\" content=\"new\" \/>\n<!-- \/ Yoast SEO Premium plugin. -->","yoast_head_json":{"title":"G\u00e9n\u00e9rateur d'eau alcaline | pour une hydratation au pH \u00e9quilibr\u00e9 | Phipower","description":"\u2714 transforme l'eau du robinet en eau alcaline purifi\u00e9e \u2714 facile \u00e0 connecter \u2714 diff\u00e9rents r\u00e9glages possibles \u2714 eau purifi\u00e9e (pH 7,0) \u2714 eau potable (pH 7,5 - 8,5)","robots":{"index":"index","follow":"follow","max-snippet":"max-snippet:-1","max-image-preview":"max-image-preview:large","max-video-preview":"max-video-preview:-1"},"canonical":"https:\/\/phipower.org\/fr\/produit\/generateur-deau-alcaline-ionisateur-et-purificateur-deau-filtre-a-charbon-actif-phipower\/","og_locale":"fr_FR","og_type":"article","og_title":"G\u00e9n\u00e9rateur d'eau alcaline | Ionisateur et purificateur d'eau | Filtre \u00e0 charbon actif | Phipower","og_description":"\u2714 transforme l'eau du robinet en eau alcaline purifi\u00e9e \u2714 facile \u00e0 connecter \u2714 diff\u00e9rents r\u00e9glages possibles \u2714 eau purifi\u00e9e (pH 7,0) \u2714 eau potable (pH 7,5 - 8,5)","og_url":"https:\/\/phipower.org\/fr\/produit\/generateur-deau-alcaline-ionisateur-et-purificateur-deau-filtre-a-charbon-actif-phipower\/","og_site_name":"Phipower","article_publisher":"https:\/\/www.facebook.com\/phipowertools\/","article_modified_time":"2026-04-23T10:48:45+00:00","og_image":[{"width":1200,"height":1200,"url":"https:\/\/phipower.org\/wp-content\/uploads\/2021\/09\/waterstofgas-inhaler-inhalator-H2-O2-300ml-H2-generator-medisch-apparaat-phipower-zijkant-1.jpg","type":"image\/jpeg"}],"twitter_card":"summary_large_image","twitter_site":"@phipower1","twitter_misc":{"Prix":"&euro;499,00","Disponibilit\u00e9":"En stock"},"schema":{"@context":"https:\/\/schema.org","@graph":[{"@type":"WebPage","@id":"https:\/\/phipower.org\/fr\/produit\/generateur-deau-alcaline-ionisateur-et-purificateur-deau-filtre-a-charbon-actif-phipower\/","url":"https:\/\/phipower.org\/fr\/produit\/generateur-deau-alcaline-ionisateur-et-purificateur-deau-filtre-a-charbon-actif-phipower\/","name":"G\u00e9n\u00e9rateur d'eau alcaline | pour une hydratation au pH \u00e9quilibr\u00e9 | Phipower","isPartOf":{"@id":"https:\/\/phipower.org\/fr\/#website"},"primaryImageOfPage":{"@id":"https:\/\/phipower.org\/fr\/produit\/generateur-deau-alcaline-ionisateur-et-purificateur-deau-filtre-a-charbon-actif-phipower\/#primaryimage"},"image":{"@id":"https:\/\/phipower.org\/fr\/produit\/generateur-deau-alcaline-ionisateur-et-purificateur-deau-filtre-a-charbon-actif-phipower\/#primaryimage"},"thumbnailUrl":"https:\/\/phipower.org\/wp-content\/uploads\/2022\/07\/Basisch-water-generator-Water-ionisator-en-zuivering-Actief-koolstoffilter-Phipower.webp","datePublished":"2022-07-14T09:43:45+00:00","dateModified":"2026-04-23T10:48:45+00:00","description":"\u2714 transforme l'eau du robinet en eau alcaline purifi\u00e9e \u2714 facile \u00e0 connecter \u2714 diff\u00e9rents r\u00e9glages possibles \u2714 eau purifi\u00e9e (pH 7,0) \u2714 eau potable (pH 7,5 - 8,5)","breadcrumb":{"@id":"https:\/\/phipower.org\/fr\/produit\/generateur-deau-alcaline-ionisateur-et-purificateur-deau-filtre-a-charbon-actif-phipower\/#breadcrumb"},"inLanguage":"fr-FR","potentialAction":[{"@type":"ReadAction","target":["https:\/\/phipower.org\/fr\/produit\/generateur-deau-alcaline-ionisateur-et-purificateur-deau-filtre-a-charbon-actif-phipower\/"]}]},{"@type":"ImageObject","inLanguage":"fr-FR","@id":"https:\/\/phipower.org\/fr\/produit\/generateur-deau-alcaline-ionisateur-et-purificateur-deau-filtre-a-charbon-actif-phipower\/#primaryimage","url":"https:\/\/phipower.org\/wp-content\/uploads\/2022\/07\/Basisch-water-generator-Water-ionisator-en-zuivering-Actief-koolstoffilter-Phipower.webp","contentUrl":"https:\/\/phipower.org\/wp-content\/uploads\/2022\/07\/Basisch-water-generator-Water-ionisator-en-zuivering-Actief-koolstoffilter-Phipower.webp","width":1920,"height":1920},{"@type":"BreadcrumbList","@id":"https:\/\/phipower.org\/fr\/produit\/generateur-deau-alcaline-ionisateur-et-purificateur-deau-filtre-a-charbon-actif-phipower\/#breadcrumb","itemListElement":[{"@type":"ListItem","position":1,"name":"Home","item":"https:\/\/phipower.org\/fr\/"},{"@type":"ListItem","position":2,"name":"Boutique","item":"https:\/\/phipower.org\/fr\/boutique\/"},{"@type":"ListItem","position":3,"name":"G\u00e9n\u00e9rateur d&#8217;eau alcaline | Ionisateur et purificateur d&#8217;eau | Filtre \u00e0 charbon actif | Phipower"}]},{"@type":"WebSite","@id":"https:\/\/phipower.org\/fr\/#website","url":"https:\/\/phipower.org\/fr\/","name":"Phipower: innovatieve gezondheidsproducten","description":"innovatieve gezondheidsproducten","publisher":{"@id":"https:\/\/phipower.org\/fr\/#organization"},"potentialAction":[{"@type":"SearchAction","target":{"@type":"EntryPoint","urlTemplate":"https:\/\/phipower.org\/fr\/?s={search_term_string}"},"query-input":{"@type":"PropertyValueSpecification","valueRequired":true,"valueName":"search_term_string"}}],"inLanguage":"fr-FR"},{"@type":"Organization","@id":"https:\/\/phipower.org\/fr\/#organization","name":"Phipower","url":"https:\/\/phipower.org\/fr\/","logo":{"@type":"ImageObject","inLanguage":"fr-FR","@id":"https:\/\/phipower.org\/fr\/#\/schema\/logo\/image\/","url":"https:\/\/phipower.org\/wp-content\/uploads\/2019\/06\/z-logo-RGB-wit-power.png","contentUrl":"https:\/\/phipower.org\/wp-content\/uploads\/2019\/06\/z-logo-RGB-wit-power.png","width":3273,"height":1389,"caption":"Phipower"},"image":{"@id":"https:\/\/phipower.org\/fr\/#\/schema\/logo\/image\/"},"sameAs":["https:\/\/www.facebook.com\/phipowertools\/","https:\/\/x.com\/phipower1","https:\/\/www.tiktok.com\/@phipowerhealth"]}]},"product_price_amount":"499.00","product_price_currency":"EUR","og_availability":"instock","product_availability":"instock","product_retailer_item_id":"8719324436915","product_condition":"new"},"_links":{"self":[{"href":"https:\/\/phipower.org\/fr\/wp-json\/wp\/v2\/product\/3701","targetHints":{"allow":["GET"]}}],"collection":[{"href":"https:\/\/phipower.org\/fr\/wp-json\/wp\/v2\/product"}],"about":[{"href":"https:\/\/phipower.org\/fr\/wp-json\/wp\/v2\/types\/product"}],"replies":[{"embeddable":true,"href":"https:\/\/phipower.org\/fr\/wp-json\/wp\/v2\/comments?post=3701"}],"wp:featuredmedia":[{"embeddable":true,"href":"https:\/\/phipower.org\/fr\/wp-json\/wp\/v2\/media\/10426"}],"wp:attachment":[{"href":"https:\/\/phipower.org\/fr\/wp-json\/wp\/v2\/media?parent=3701"}],"wp:term":[{"taxonomy":"product_brand","embeddable":true,"href":"https:\/\/phipower.org\/fr\/wp-json\/wp\/v2\/product_brand?post=3701"},{"taxonomy":"product_cat","embeddable":true,"href":"https:\/\/phipower.org\/fr\/wp-json\/wp\/v2\/product_cat?post=3701"},{"taxonomy":"product_tag","embeddable":true,"href":"https:\/\/phipower.org\/fr\/wp-json\/wp\/v2\/product_tag?post=3701"}],"curies":[{"name":"wp","href":"https:\/\/api.w.org\/{rel}","templated":true}]}}