{"id":3652,"date":"2023-02-20T23:00:07","date_gmt":"2023-02-20T23:00:07","guid":{"rendered":"https:\/\/phipower.org\/product\/filtre-pour-generateur-deau-alcaline-filtre-a-charbon-actif-phipower\/"},"modified":"2026-04-16T14:20:08","modified_gmt":"2026-04-16T14:20:08","slug":"filtre-pour-generateur-deau-de-base-filtre-a-charbon-actif-phipower","status":"publish","type":"product","link":"https:\/\/phipower.org\/fr\/produit\/filtre-pour-generateur-deau-de-base-filtre-a-charbon-actif-phipower\/","title":{"rendered":"Filtre pour g\u00e9n\u00e9rateur d&rsquo;eau alcaline | Filtre \u00e0 charbon actif | Phipower"},"content":{"rendered":"<h1>Filtre pour g\u00e9n\u00e9rateur d&rsquo;eau alcaline | Filtre \u00e0 charbon actif | Phipower<\/h1>\n<p><strong>Filtre \u00e0 charbon actif pour g\u00e9n\u00e9rateur d&rsquo;eau alcaline<\/strong><br \/>\n<strong>\u2714 \u00e9limination efficace des r\u00e9sidus ind\u00e9sirables dans l&rsquo;eau du robinet<\/strong><br \/>\n<strong>\u2714 permet d&rsquo;obtenir 6 000 litres d&rsquo;eau pure<\/strong><br \/>\n<strong>\u2714 facile \u00e0 connecter<\/strong><\/p>\n<p><strong>Description<\/strong><br \/>\nCe filtre pour le <a href=\"https:\/\/phipower.org\/basisch-water-generator-water-ionisator-en-filter-phipower\/\">g\u00e9n\u00e9rateur\/ioniseur d\u2019eau alcaline Phipower<\/a> permet de filtrer et de purifier jusqu\u2019\u00e0 6 000 litres d\u2019eau du robinet.<\/p>\n<p>Le filtre est facile \u00e0 remplacer et \u00e0 fixer.<\/p>\n<p>Le filtre est compos\u00e9 de charbon actif de haute qualit\u00e9 et garantit n\u00e9anmoins un excellent d\u00e9bit.<\/p>\n<p>Le filtre est r\u00e9sistant aux produits chimiques et \u00e9limine efficacement la pollution organique, les r\u00e9sidus de chlore et d&rsquo;autres substances ind\u00e9sirables de l&rsquo;eau du robinet.<\/p>\n<p>Voir les instructions ci-dessous pour fixer le filtre dans le <a href=\"https:\/\/phipower.org\/basisch-water-generator-water-ionisator-en-filter-phipower\/\">g\u00e9n\u00e9rateur d&rsquo;eau alcaline Phipower<\/a>.<\/p>\n<p><strong>Manuel :<\/strong><br \/>\n<a href=\"https:\/\/drive.google.com\/file\/d\/1LgJxYq90kNtR8mVIcBDpfvjp4uzo5-n2\/view?usp=sharing\">T\u00e9l\u00e9charger le manuel ici<\/a><\/p>\n","protected":false},"excerpt":{"rendered":"<p><strong>\u2714 filtre \u00e0 charbon actif pour <a href=\"https:\/\/phipower.org\/basisch-water-generator-water-ionisator-en-filter-phipower\/\">g\u00e9n\u00e9rateur d\u2019eau alcaline<\/a><\/strong><br \/>\n<strong>\u2714 \u00e9limination efficace des r\u00e9sidus ind\u00e9sirables dans l\u2019eau du robinet<\/strong><br \/>\n<strong>\u2714 capacit\u00e9 de 6 000 litres d\u2019eau pure<\/strong><br \/>\n<strong>\u2714 facile \u00e0 raccorder<\/strong><\/p>\n","protected":false},"featured_media":3654,"comment_status":"open","ping_status":"closed","template":"","meta":[],"product_brand":[],"product_cat":[971,963,965],"product_tag":[],"class_list":{"0":"post-3652","1":"product","2":"type-product","3":"status-publish","4":"has-post-thumbnail","6":"product_cat-generateur-deau-alcaline","7":"product_cat-produits","8":"product_cat-traitement-de-leau","9":"product_shipping_class-0-2-kg","11":"first","12":"instock","13":"taxable","14":"shipping-taxable","15":"purchasable","16":"product-type-simple"},"yoast_head":"<!-- This site is optimized with the Yoast SEO Premium plugin v23.6 (Yoast SEO v27.2) - https:\/\/yoast.com\/product\/yoast-seo-premium-wordpress\/ -->\n<title>Filtre pour g\u00e9n\u00e9rateur d&#039;eau alcaline | Filtre \u00e0 charbon actif | Phipower - Phipower<\/title>\n<meta name=\"description\" content=\"\u2714 filtre \u00e0 charbon actif pour g\u00e9n\u00e9rateur d&#039;eau alcaline \u2714 \u00e9limination efficace des r\u00e9sidus ind\u00e9sirables dans l&#039;eau du robinet \u2714 capacit\u00e9 de 6 000 litres d&#039;eau purifi\u00e9e\" \/>\n<meta name=\"robots\" content=\"index, follow, max-snippet:-1, max-image-preview:large, max-video-preview:-1\" \/>\n<link rel=\"canonical\" href=\"https:\/\/phipower.org\/fr\/produit\/filtre-pour-generateur-deau-de-base-filtre-a-charbon-actif-phipower\/\" \/>\n<meta property=\"og:locale\" content=\"fr_FR\" \/>\n<meta property=\"og:type\" content=\"article\" \/>\n<meta property=\"og:title\" content=\"Filtre pour g\u00e9n\u00e9rateur d&#039;eau alcaline | Filtre \u00e0 charbon actif | Phipower\" \/>\n<meta property=\"og:description\" content=\"\u2714 filtre \u00e0 charbon actif pour g\u00e9n\u00e9rateur d&#039;eau alcaline \u2714 \u00e9limination efficace des r\u00e9sidus ind\u00e9sirables dans l&#039;eau du robinet \u2714 capacit\u00e9 de 6 000 litres d&#039;eau purifi\u00e9e\" \/>\n<meta property=\"og:url\" content=\"https:\/\/phipower.org\/fr\/produit\/filtre-pour-generateur-deau-de-base-filtre-a-charbon-actif-phipower\/\" \/>\n<meta property=\"og:site_name\" content=\"Phipower\" \/>\n<meta property=\"article:publisher\" content=\"https:\/\/www.facebook.com\/phipowertools\/\" \/>\n<meta property=\"article:modified_time\" content=\"2026-04-16T14:20:08+00:00\" \/>\n<meta property=\"og:image\" content=\"https:\/\/phipower.org\/wp-content\/uploads\/2021\/09\/waterstofgas-inhaler-inhalator-H2-O2-300ml-H2-generator-medisch-apparaat-phipower-zijkant-1.jpg\" \/>\n\t<meta property=\"og:image:width\" content=\"1200\" \/>\n\t<meta property=\"og:image:height\" content=\"1200\" \/>\n\t<meta property=\"og:image:type\" content=\"image\/jpeg\" \/>\n<meta name=\"twitter:card\" content=\"summary_large_image\" \/>\n<meta name=\"twitter:site\" content=\"@phipower1\" \/>\n<meta name=\"twitter:label1\" content=\"Prix\" \/>\n\t<meta name=\"twitter:data1\" content=\"&euro;69,00\" \/>\n\t<meta name=\"twitter:label2\" content=\"Disponibilit\u00e9\" \/>\n\t<meta name=\"twitter:data2\" content=\"En stock\" \/>\n<script type=\"application\/ld+json\" class=\"yoast-schema-graph\">{\"@context\":\"https:\/\/schema.org\",\"@graph\":[{\"@type\":\"WebPage\",\"@id\":\"https:\/\/phipower.org\/fr\/produit\/filtre-pour-generateur-deau-de-base-filtre-a-charbon-actif-phipower\/\",\"url\":\"https:\/\/phipower.org\/fr\/produit\/filtre-pour-generateur-deau-de-base-filtre-a-charbon-actif-phipower\/\",\"name\":\"Filtre pour g\u00e9n\u00e9rateur d'eau alcaline | Filtre \u00e0 charbon actif | Phipower - Phipower\",\"isPartOf\":{\"@id\":\"https:\/\/phipower.org\/fr\/#website\"},\"primaryImageOfPage\":{\"@id\":\"https:\/\/phipower.org\/fr\/produit\/filtre-pour-generateur-deau-de-base-filtre-a-charbon-actif-phipower\/#primaryimage\"},\"image\":{\"@id\":\"https:\/\/phipower.org\/fr\/produit\/filtre-pour-generateur-deau-de-base-filtre-a-charbon-actif-phipower\/#primaryimage\"},\"thumbnailUrl\":\"https:\/\/phipower.org\/wp-content\/uploads\/2023\/02\/Filter-voor-basisch-water-generator-Actief-koolstoffilter-Phipower-voorkant.jpg\",\"datePublished\":\"2023-02-20T23:00:07+00:00\",\"dateModified\":\"2026-04-16T14:20:08+00:00\",\"description\":\"\u2714 filtre \u00e0 charbon actif pour g\u00e9n\u00e9rateur d'eau alcaline \u2714 \u00e9limination efficace des r\u00e9sidus ind\u00e9sirables dans l'eau du robinet \u2714 capacit\u00e9 de 6 000 litres d'eau purifi\u00e9e\",\"breadcrumb\":{\"@id\":\"https:\/\/phipower.org\/fr\/produit\/filtre-pour-generateur-deau-de-base-filtre-a-charbon-actif-phipower\/#breadcrumb\"},\"inLanguage\":\"fr-FR\",\"potentialAction\":[{\"@type\":\"ReadAction\",\"target\":[\"https:\/\/phipower.org\/fr\/produit\/filtre-pour-generateur-deau-de-base-filtre-a-charbon-actif-phipower\/\"]}]},{\"@type\":\"ImageObject\",\"inLanguage\":\"fr-FR\",\"@id\":\"https:\/\/phipower.org\/fr\/produit\/filtre-pour-generateur-deau-de-base-filtre-a-charbon-actif-phipower\/#primaryimage\",\"url\":\"https:\/\/phipower.org\/wp-content\/uploads\/2023\/02\/Filter-voor-basisch-water-generator-Actief-koolstoffilter-Phipower-voorkant.jpg\",\"contentUrl\":\"https:\/\/phipower.org\/wp-content\/uploads\/2023\/02\/Filter-voor-basisch-water-generator-Actief-koolstoffilter-Phipower-voorkant.jpg\",\"width\":1200,\"height\":1200},{\"@type\":\"BreadcrumbList\",\"@id\":\"https:\/\/phipower.org\/fr\/produit\/filtre-pour-generateur-deau-de-base-filtre-a-charbon-actif-phipower\/#breadcrumb\",\"itemListElement\":[{\"@type\":\"ListItem\",\"position\":1,\"name\":\"Home\",\"item\":\"https:\/\/phipower.org\/fr\/\"},{\"@type\":\"ListItem\",\"position\":2,\"name\":\"Boutique\",\"item\":\"https:\/\/phipower.org\/fr\/boutique\/\"},{\"@type\":\"ListItem\",\"position\":3,\"name\":\"Filtre pour g\u00e9n\u00e9rateur d&#8217;eau alcaline | Filtre \u00e0 charbon actif | Phipower\"}]},{\"@type\":\"WebSite\",\"@id\":\"https:\/\/phipower.org\/fr\/#website\",\"url\":\"https:\/\/phipower.org\/fr\/\",\"name\":\"Phipower: innovatieve gezondheidsproducten\",\"description\":\"innovatieve gezondheidsproducten\",\"publisher\":{\"@id\":\"https:\/\/phipower.org\/fr\/#organization\"},\"potentialAction\":[{\"@type\":\"SearchAction\",\"target\":{\"@type\":\"EntryPoint\",\"urlTemplate\":\"https:\/\/phipower.org\/fr\/?s={search_term_string}\"},\"query-input\":{\"@type\":\"PropertyValueSpecification\",\"valueRequired\":true,\"valueName\":\"search_term_string\"}}],\"inLanguage\":\"fr-FR\"},{\"@type\":\"Organization\",\"@id\":\"https:\/\/phipower.org\/fr\/#organization\",\"name\":\"Phipower\",\"url\":\"https:\/\/phipower.org\/fr\/\",\"logo\":{\"@type\":\"ImageObject\",\"inLanguage\":\"fr-FR\",\"@id\":\"https:\/\/phipower.org\/fr\/#\/schema\/logo\/image\/\",\"url\":\"https:\/\/phipower.org\/wp-content\/uploads\/2019\/06\/z-logo-RGB-wit-power.png\",\"contentUrl\":\"https:\/\/phipower.org\/wp-content\/uploads\/2019\/06\/z-logo-RGB-wit-power.png\",\"width\":3273,\"height\":1389,\"caption\":\"Phipower\"},\"image\":{\"@id\":\"https:\/\/phipower.org\/fr\/#\/schema\/logo\/image\/\"},\"sameAs\":[\"https:\/\/www.facebook.com\/phipowertools\/\",\"https:\/\/x.com\/phipower1\",\"https:\/\/www.tiktok.com\/@phipowerhealth\"]}]}<\/script>\n<meta property=\"product:price:amount\" content=\"69.00\" \/>\n<meta property=\"product:price:currency\" content=\"EUR\" \/>\n<meta property=\"og:availability\" content=\"instock\" \/>\n<meta property=\"product:availability\" content=\"instock\" \/>\n<meta property=\"product:retailer_item_id\" content=\"7806140071411\" \/>\n<meta property=\"product:condition\" content=\"new\" \/>\n<!-- \/ Yoast SEO Premium plugin. -->","yoast_head_json":{"title":"Filtre pour g\u00e9n\u00e9rateur d'eau alcaline | Filtre \u00e0 charbon actif | Phipower - Phipower","description":"\u2714 filtre \u00e0 charbon actif pour g\u00e9n\u00e9rateur d'eau alcaline \u2714 \u00e9limination efficace des r\u00e9sidus ind\u00e9sirables dans l'eau du robinet \u2714 capacit\u00e9 de 6 000 litres d'eau purifi\u00e9e","robots":{"index":"index","follow":"follow","max-snippet":"max-snippet:-1","max-image-preview":"max-image-preview:large","max-video-preview":"max-video-preview:-1"},"canonical":"https:\/\/phipower.org\/fr\/produit\/filtre-pour-generateur-deau-de-base-filtre-a-charbon-actif-phipower\/","og_locale":"fr_FR","og_type":"article","og_title":"Filtre pour g\u00e9n\u00e9rateur d'eau alcaline | Filtre \u00e0 charbon actif | Phipower","og_description":"\u2714 filtre \u00e0 charbon actif pour g\u00e9n\u00e9rateur d'eau alcaline \u2714 \u00e9limination efficace des r\u00e9sidus ind\u00e9sirables dans l'eau du robinet \u2714 capacit\u00e9 de 6 000 litres d'eau purifi\u00e9e","og_url":"https:\/\/phipower.org\/fr\/produit\/filtre-pour-generateur-deau-de-base-filtre-a-charbon-actif-phipower\/","og_site_name":"Phipower","article_publisher":"https:\/\/www.facebook.com\/phipowertools\/","article_modified_time":"2026-04-16T14:20:08+00:00","og_image":[{"width":1200,"height":1200,"url":"https:\/\/phipower.org\/wp-content\/uploads\/2021\/09\/waterstofgas-inhaler-inhalator-H2-O2-300ml-H2-generator-medisch-apparaat-phipower-zijkant-1.jpg","type":"image\/jpeg"}],"twitter_card":"summary_large_image","twitter_site":"@phipower1","twitter_misc":{"Prix":"&euro;69,00","Disponibilit\u00e9":"En stock"},"schema":{"@context":"https:\/\/schema.org","@graph":[{"@type":"WebPage","@id":"https:\/\/phipower.org\/fr\/produit\/filtre-pour-generateur-deau-de-base-filtre-a-charbon-actif-phipower\/","url":"https:\/\/phipower.org\/fr\/produit\/filtre-pour-generateur-deau-de-base-filtre-a-charbon-actif-phipower\/","name":"Filtre pour g\u00e9n\u00e9rateur d'eau alcaline | Filtre \u00e0 charbon actif | Phipower - Phipower","isPartOf":{"@id":"https:\/\/phipower.org\/fr\/#website"},"primaryImageOfPage":{"@id":"https:\/\/phipower.org\/fr\/produit\/filtre-pour-generateur-deau-de-base-filtre-a-charbon-actif-phipower\/#primaryimage"},"image":{"@id":"https:\/\/phipower.org\/fr\/produit\/filtre-pour-generateur-deau-de-base-filtre-a-charbon-actif-phipower\/#primaryimage"},"thumbnailUrl":"https:\/\/phipower.org\/wp-content\/uploads\/2023\/02\/Filter-voor-basisch-water-generator-Actief-koolstoffilter-Phipower-voorkant.jpg","datePublished":"2023-02-20T23:00:07+00:00","dateModified":"2026-04-16T14:20:08+00:00","description":"\u2714 filtre \u00e0 charbon actif pour g\u00e9n\u00e9rateur d'eau alcaline \u2714 \u00e9limination efficace des r\u00e9sidus ind\u00e9sirables dans l'eau du robinet \u2714 capacit\u00e9 de 6 000 litres d'eau purifi\u00e9e","breadcrumb":{"@id":"https:\/\/phipower.org\/fr\/produit\/filtre-pour-generateur-deau-de-base-filtre-a-charbon-actif-phipower\/#breadcrumb"},"inLanguage":"fr-FR","potentialAction":[{"@type":"ReadAction","target":["https:\/\/phipower.org\/fr\/produit\/filtre-pour-generateur-deau-de-base-filtre-a-charbon-actif-phipower\/"]}]},{"@type":"ImageObject","inLanguage":"fr-FR","@id":"https:\/\/phipower.org\/fr\/produit\/filtre-pour-generateur-deau-de-base-filtre-a-charbon-actif-phipower\/#primaryimage","url":"https:\/\/phipower.org\/wp-content\/uploads\/2023\/02\/Filter-voor-basisch-water-generator-Actief-koolstoffilter-Phipower-voorkant.jpg","contentUrl":"https:\/\/phipower.org\/wp-content\/uploads\/2023\/02\/Filter-voor-basisch-water-generator-Actief-koolstoffilter-Phipower-voorkant.jpg","width":1200,"height":1200},{"@type":"BreadcrumbList","@id":"https:\/\/phipower.org\/fr\/produit\/filtre-pour-generateur-deau-de-base-filtre-a-charbon-actif-phipower\/#breadcrumb","itemListElement":[{"@type":"ListItem","position":1,"name":"Home","item":"https:\/\/phipower.org\/fr\/"},{"@type":"ListItem","position":2,"name":"Boutique","item":"https:\/\/phipower.org\/fr\/boutique\/"},{"@type":"ListItem","position":3,"name":"Filtre pour g\u00e9n\u00e9rateur d&#8217;eau alcaline | Filtre \u00e0 charbon actif | Phipower"}]},{"@type":"WebSite","@id":"https:\/\/phipower.org\/fr\/#website","url":"https:\/\/phipower.org\/fr\/","name":"Phipower: innovatieve gezondheidsproducten","description":"innovatieve gezondheidsproducten","publisher":{"@id":"https:\/\/phipower.org\/fr\/#organization"},"potentialAction":[{"@type":"SearchAction","target":{"@type":"EntryPoint","urlTemplate":"https:\/\/phipower.org\/fr\/?s={search_term_string}"},"query-input":{"@type":"PropertyValueSpecification","valueRequired":true,"valueName":"search_term_string"}}],"inLanguage":"fr-FR"},{"@type":"Organization","@id":"https:\/\/phipower.org\/fr\/#organization","name":"Phipower","url":"https:\/\/phipower.org\/fr\/","logo":{"@type":"ImageObject","inLanguage":"fr-FR","@id":"https:\/\/phipower.org\/fr\/#\/schema\/logo\/image\/","url":"https:\/\/phipower.org\/wp-content\/uploads\/2019\/06\/z-logo-RGB-wit-power.png","contentUrl":"https:\/\/phipower.org\/wp-content\/uploads\/2019\/06\/z-logo-RGB-wit-power.png","width":3273,"height":1389,"caption":"Phipower"},"image":{"@id":"https:\/\/phipower.org\/fr\/#\/schema\/logo\/image\/"},"sameAs":["https:\/\/www.facebook.com\/phipowertools\/","https:\/\/x.com\/phipower1","https:\/\/www.tiktok.com\/@phipowerhealth"]}]},"product_price_amount":"69.00","product_price_currency":"EUR","og_availability":"instock","product_availability":"instock","product_retailer_item_id":"7806140071411","product_condition":"new"},"_links":{"self":[{"href":"https:\/\/phipower.org\/fr\/wp-json\/wp\/v2\/product\/3652","targetHints":{"allow":["GET"]}}],"collection":[{"href":"https:\/\/phipower.org\/fr\/wp-json\/wp\/v2\/product"}],"about":[{"href":"https:\/\/phipower.org\/fr\/wp-json\/wp\/v2\/types\/product"}],"replies":[{"embeddable":true,"href":"https:\/\/phipower.org\/fr\/wp-json\/wp\/v2\/comments?post=3652"}],"wp:featuredmedia":[{"embeddable":true,"href":"https:\/\/phipower.org\/fr\/wp-json\/wp\/v2\/media\/3654"}],"wp:attachment":[{"href":"https:\/\/phipower.org\/fr\/wp-json\/wp\/v2\/media?parent=3652"}],"wp:term":[{"taxonomy":"product_brand","embeddable":true,"href":"https:\/\/phipower.org\/fr\/wp-json\/wp\/v2\/product_brand?post=3652"},{"taxonomy":"product_cat","embeddable":true,"href":"https:\/\/phipower.org\/fr\/wp-json\/wp\/v2\/product_cat?post=3652"},{"taxonomy":"product_tag","embeddable":true,"href":"https:\/\/phipower.org\/fr\/wp-json\/wp\/v2\/product_tag?post=3652"}],"curies":[{"name":"wp","href":"https:\/\/api.w.org\/{rel}","templated":true}]}}