{"id":3640,"date":"2022-11-06T21:46:50","date_gmt":"2022-11-06T21:46:50","guid":{"rendered":"https:\/\/phipower.org\/product\/support-ajustable-pour-lampe-de-luminotherapie-rouge-1500w-deep-red-nir-phipower\/"},"modified":"2026-04-16T14:20:14","modified_gmt":"2026-04-16T14:20:14","slug":"support-ajustable-pour-lampe-de-luminotherapie-1500w-plein-corps-rouge-profond-rouge-nir-phipower","status":"publish","type":"product","link":"https:\/\/phipower.org\/fr\/product\/support-ajustable-pour-lampe-de-luminotherapie-1500w-plein-corps-rouge-profond-rouge-nir-phipower\/","title":{"rendered":"Support ajustable pour lampe de luminoth\u00e9rapie rouge 1500W | Deep Red\/NIR | Phipower"},"content":{"rendered":"<h1>Support r\u00e9glable pour lampe de luminoth\u00e9rapie rouge 1500W | Phipower<\/h1>\n<p><strong>\u2714 pour le montage horizontal et vertical de la lampe 1500W<\/strong><br \/>\n<strong>\u2714 r\u00e9glable en hauteur (103 &#8211; 148 cm)<\/strong><br \/>\n<strong>\u2714 rotation libre<\/strong><br \/>\n<strong>\u2714 mobile<\/strong><br \/>\n<strong>\u2714 fixer jusqu&rsquo;\u00e0 4 lampes (traitement du corps entier)<\/strong><br \/>\n<strong>\u2714 pour l&rsquo;usage domestique ou les th\u00e9rapeutes<\/strong><br \/>\n<strong>\u2714 chargeable jusqu&rsquo;\u00e0 50 kg<\/strong><\/p>\n<p><strong>Remarque : l&rsquo;ampoule rouge de 1500W n&rsquo;est pas incluse et peut \u00eatre command\u00e9e s\u00e9par\u00e9ment !<\/strong><\/p>\n<p><strong>Description :<\/strong><br \/>\nIl s\u2019agit d\u2019un support universel pour <a href=\"https:\/\/phipower.org\/1-500w-full-body-rood-licht-therapie-lamp-diep-rood-nir-phipower\/\">la lampe de th\u00e9rapie par la lumi\u00e8re rouge 1500 W de Phipower (\u00e0 commander s\u00e9par\u00e9ment)<\/a>.<\/p>\n<p>1, 2 ou 4 <a href=\"https:\/\/phipower.org\/1-500w-full-body-rood-licht-therapie-lamp-diep-rood-nir-phipower\/\">lampes de luminoth\u00e9rapie rouge<\/a> peuvent \u00eatre fix\u00e9es au support.<\/p>\n<p>Les lampes peuvent ainsi \u00eatre plac\u00e9es \u00e0 l&rsquo;horizontale et \u00e0 la verticale et peuvent \u00e9galement pivoter librement.<\/p>\n<p>Le support \u00e9tant mobile, il peut \u00eatre utilis\u00e9 de mani\u00e8re flexible \u00e0 domicile ou par des th\u00e9rapeutes.<\/p>\n<p>Un spectre b\u00e9n\u00e9fique sp\u00e9cifique de lumi\u00e8re proche infrarouge (NIR) (850 nm) et de lumi\u00e8re rouge intense (660 nm) a \u00e9t\u00e9 choisi pour la <a href=\"https:\/\/phipower.org\/1-500w-full-body-rood-licht-therapie-lamp-diep-rood-nir-phipower\/\">lampe \u00e0 lumi\u00e8re rouge<\/a> de Phipower.<\/p>\n<p>La recherche a montr\u00e9 que la combinaison de ces fr\u00e9quences de lumi\u00e8re rouge est particuli\u00e8rement b\u00e9n\u00e9fique pour le corps humain.<\/p>\n<p>Les fr\u00e9quences combin\u00e9es ont un effet b\u00e9n\u00e9fique sur l&rsquo;\u00e9quilibre \u00e9nerg\u00e9tique de nos cellules, ce qui se traduit par de nombreux avantages cliniquement prouv\u00e9s pour la peau, l&rsquo;\u00e9quilibre \u00e9nerg\u00e9tique et le m\u00e9tabolisme.<\/p>\n<p>La combinaison de la lumi\u00e8re Deep Red et NIR stimule les mitochondries cellulaires et r\u00e9duit le stress oxydatif, ce qui nous permet de nous sentir plus \u00e9nergiques, plus forts et de r\u00e9cup\u00e9rer plus rapidement.<\/p>\n<p>En principe, une lampe peut d\u00e9j\u00e0 \u00eatre utilis\u00e9e pour un bon traitement du corps. Pour une couverture compl\u00e8te et un traitement plus intensif, une extension \u00e0 2 lampes est recommand\u00e9e.<\/p>\n<p>L&rsquo;intensit\u00e9 maximale peut \u00eatre obtenue avec 4 lampes. Il est \u00e0 noter que la dur\u00e9e du traitement est r\u00e9duite \u00e0 environ 5 minutes \u00e0 la fois.<\/p>\n<p><strong>Utilisation :<\/strong><\/p>\n<p>Le pied permet notamment de suspendre la lampe en position horizontale (la lampe brille de haut en bas).<\/p>\n<p>Le support peut \u00eatre gliss\u00e9 sous un lit, un canap\u00e9 ou une table de traitement.<\/p>\n<p>Cela permet d&rsquo;effectuer le traitement en position allong\u00e9e.<\/p>\n<p>Le support est r\u00e9glable en hauteur (103 &#8211; 148 cm)<\/p>\n<p>Placer la partie du corps ou la surface de la peau \u00e0 traiter devant la lampe \u00e0 une distance de 15 \u00e0 90 cm (selon l&rsquo;intensit\u00e9 souhait\u00e9e).<\/p>\n<p>Commencez d&rsquo;abord par une distance l\u00e9g\u00e8rement plus grande et une dur\u00e9e l\u00e9g\u00e8rement plus courte (environ 5 minutes) pour ressentir l&rsquo;effet.<\/p>\n<p>Utilisez toujours une protection oculaire pour prot\u00e9ger les yeux de la lumi\u00e8re rouge intense.<\/p>\n<p>Cliquez sur RED et NIR pour r\u00e9gler la luminosit\u00e9 souhait\u00e9e (par d\u00e9faut = 100 %).<\/p>\n<p>Cliquez sur le menu pour r\u00e9gler la dur\u00e9e du traitement, l&rsquo;impulsion NIR (si n\u00e9cessaire) et le groupe (dans le cas de plusieurs unit\u00e9s reli\u00e9es).<\/p>\n<p>Au milieu de la session, un bip sonore indique que la session est \u00e0 mi-parcours et que la personne peut faire demi-tour si n\u00e9cessaire.<\/p>\n<p>Augmentez lentement la dur\u00e9e et l&rsquo;intensit\u00e9 du traitement (pas plus de 10 minutes \u00e0 la fois au d\u00e9but).<\/p>\n<p>Une fois la dur\u00e9e du traitement \u00e9coul\u00e9e, la lampe s&rsquo;\u00e9teint automatiquement.<\/p>\n<p>R\u00e9p\u00e9ter le traitement une fois par jour jusqu&rsquo;\u00e0 l&rsquo;obtention des r\u00e9sultats souhait\u00e9s.<\/p>\n<p>Consulter un m\u00e9decin pour les contre-indications physiologiques \u00e0 l&rsquo;utilisation.<\/p>\n<p><strong>Le paquet comprend<\/strong><\/p>\n<p><img decoding=\"async\" class=\"alignnone size-medium wp-image-1927\" src=\"https:\/\/phipower.org\/wp-content\/uploads\/2022\/11\/Verstelbare-standaard-voor-1500W-Full-Body-Rood-Licht-Therapie-Lamp-Diep-RoodNIR-Phipower-verrijdbaar-onderdelen-563x400.jpg\" alt=\"\" width=\"563\" height=\"400\" srcset=\"https:\/\/phipower.org\/wp-content\/uploads\/2022\/11\/Verstelbare-standaard-voor-1500W-Full-Body-Rood-Licht-Therapie-Lamp-Diep-RoodNIR-Phipower-verrijdbaar-onderdelen-563x400.jpg 563w, https:\/\/phipower.org\/wp-content\/uploads\/2022\/11\/Verstelbare-standaard-voor-1500W-Full-Body-Rood-Licht-Therapie-Lamp-Diep-RoodNIR-Phipower-verrijdbaar-onderdelen-1127x800.jpg 1127w, https:\/\/phipower.org\/wp-content\/uploads\/2022\/11\/Verstelbare-standaard-voor-1500W-Full-Body-Rood-Licht-Therapie-Lamp-Diep-RoodNIR-Phipower-verrijdbaar-onderdelen-768x545.jpg 768w, https:\/\/phipower.org\/wp-content\/uploads\/2022\/11\/Verstelbare-standaard-voor-1500W-Full-Body-Rood-Licht-Therapie-Lamp-Diep-RoodNIR-Phipower-verrijdbaar-onderdelen-600x426.jpg 600w, https:\/\/phipower.org\/wp-content\/uploads\/2022\/11\/Verstelbare-standaard-voor-1500W-Full-Body-Rood-Licht-Therapie-Lamp-Diep-RoodNIR-Phipower-verrijdbaar-onderdelen.jpg 1186w\" sizes=\"(max-width: 563px) 100vw, 563px\" \/><\/p>\n<p><strong>Sp\u00e9cifications du support<\/strong><\/p>\n<ul>\n<li>dimensions du support : 68 x 72 x 148 cm<\/li>\n<li>dimensions de la bo\u00eete : 110 x 50 x 8 cm<\/li>\n<li>poids du support : 10 kg<\/li>\n<li>Poids brut de l&#8217;emballage : 11,8 kg<\/li>\n<\/ul>\n<p><strong>Garantie :<\/strong><br \/>\n1 an de garantie<\/p>\n<p><strong>Manuel :<\/strong><\/p>\n<p>Le manuel est <a href=\"https:\/\/drive.google.com\/file\/d\/19hHgp5uRaTN-_LuE0_AakyYj8xZawEhi\/view?usp=share_link\"><br \/>\n  <em>disponible ici.<\/em><br \/>\n<\/a><\/p>\n<p><strong>\u00c9tudes de r\u00e9f\u00e9rence :<\/strong><\/p>\n<p><a href=\"https:\/\/www.ncbi.nlm.nih.gov\/pmc\/articles\/PMC5523874\/\">https:\/\/www.ncbi.nlm.nih.gov\/pmc\/articles\/PMC5523874\/<\/a><\/p>\n<p><a href=\"https:\/\/www.ncbi.nlm.nih.gov\/pmc\/articles\/PMC4846838\/\">https:\/\/www.ncbi.nlm.nih.gov\/pmc\/articles\/PMC4846838\/<\/a><\/p>\n<p><a href=\"https:\/\/www.ncbi.nlm.nih.gov\/pubmed\/28265160\">https:\/\/www.ncbi.nlm.nih.gov\/pubmed\/28265160<\/a><\/p>\n<p><a href=\"https:\/\/pubmed.ncbi.nlm.nih.gov\/24049929\/\">https:\/\/pubmed.ncbi.nlm.nih.gov\/24049929\/<\/a><\/p>\n<p><a href=\"https:\/\/www.ncbi.nlm.nih.gov\/pubmed\/19587693\">https:\/\/www.ncbi.nlm.nih.gov\/pubmed\/19587693<\/a><\/p>\n<p><a href=\"https:\/\/www.ncbi.nlm.nih.gov\/pmc\/articles\/PMC4560854\/#B31\">https:\/\/www.ncbi.nlm.nih.gov\/pmc\/articles\/PMC4560854\/#B31<\/a><\/p>\n<p><a href=\"https:\/\/www.ncbi.nlm.nih.gov\/pubmed\/30706177\">https:\/\/www.ncbi.nlm.nih.gov\/pubmed\/30706177<\/a><\/p>\n<p><a href=\"https:\/\/www.cell.com\/current-biology\/fulltext\/S0960-9822(06)01781-7\">https:\/\/www.cell.com\/current-biology\/fulltext\/S0960-9822(06)01781-7<\/a><\/p>\n<p><a href=\"https:\/\/www.sciencedirect.com\/science\/article\/pii\/0307441294900590?via%3Dihub\">https:\/\/www.sciencedirect.com\/science\/article\/pii\/0307441294900590?via%3Dihub<\/a><\/p>\n<p><a href=\"https:\/\/www.abebooks.com\/Fundamentals-Biochemistry-Life-Molecular-Level-2nd\/1346355380\/bd\">https:\/\/www.abebooks.com\/Fundamentals-Biochemistry-Life-Molecular-Level-2nd\/1346355380\/bd<\/a><\/p>\n<p><a href=\"http:\/\/www.pnas.org\/content\/105\/50\/19565.long\">http:\/\/www.pnas.org\/content\/105\/50\/19565.long<\/a><\/p>\n<p><a href=\"https:\/\/www.ncbi.nlm.nih.gov\/pmc\/articles\/PMC4432802\/\">https:\/\/www.ncbi.nlm.nih.gov\/pmc\/articles\/PMC4432802\/<\/a><\/p>\n<p><a href=\"https:\/\/www.ncbi.nlm.nih.gov\/pubmed\/24363178\">https:\/\/www.ncbi.nlm.nih.gov\/pubmed\/24363178<\/a><\/p>\n<p><a href=\"https:\/\/www.ncbi.nlm.nih.gov\/books\/NBK21154\/\">https:\/\/www.ncbi.nlm.nih.gov\/books\/NBK21154\/<\/a><\/p>\n<p><a href=\"https:\/\/www.ncbi.nlm.nih.gov\/pubmed\/24429632\">https:\/\/www.ncbi.nlm.nih.gov\/pubmed\/24429632<\/a><\/p>\n<p><strong>Note Bene :<\/strong><br \/>\n<em>Les produits de luminoth\u00e9rapie Phipower peuvent contribuer \u00e0 la capacit\u00e9 de r\u00e9g\u00e9n\u00e9ration de la peau, stimuler le m\u00e9tabolisme et donner plus d&rsquo;\u00e9nergie. Les informations contenues dans cet article sont uniquement destin\u00e9es \u00e0 des fins \u00e9ducatives et n&rsquo;ont pas pour but de soutenir la s\u00e9curit\u00e9 ou l&rsquo;efficacit\u00e9 des dispositifs Phipower, ni de diagnostiquer, traiter, gu\u00e9rir ou pr\u00e9venir une quelconque maladie. Il ne remplace pas une consultation personnelle avec votre fournisseur de soins de sant\u00e9 et ne doit pas \u00eatre interpr\u00e9t\u00e9 comme un avis m\u00e9dical.<\/em><\/p>\n","protected":false},"excerpt":{"rendered":"<p><strong>\u2714 pour une fixation horizontale et verticale<\/strong><br \/>\n<strong>\u2714 r\u00e9glable en hauteur (103 &#8211; 148 cm)<\/strong><br \/>\n<strong>\u2714 mobile<\/strong><br \/>\n<strong>\u2714 rotation libre<\/strong><br \/>\n<strong>\u2714 permet de fixer jusqu\u2019\u00e0 4 lampes (traitement complet du corps)<\/strong><br \/>\n<strong>\u2714 pour un usage domestique ou professionnel<\/strong><br \/>\n<strong>\u2714 supporte jusqu\u2019\u00e0 50 kg<\/strong><\/p>\n","protected":false},"featured_media":3618,"comment_status":"open","ping_status":"closed","template":"","meta":[],"product_brand":[],"product_cat":[967,969,963],"product_tag":[],"class_list":{"0":"post-3640","1":"product","2":"type-product","3":"status-publish","4":"has-post-thumbnail","6":"product_cat-frequences","7":"product_cat-lampe-de-luminotherapie-rouge","8":"product_cat-produits","9":"product_shipping_class-10-20-kg","11":"first","12":"instock","13":"taxable","14":"shipping-taxable","15":"purchasable","16":"product-type-simple"},"yoast_head":"<!-- This site is optimized with the Yoast SEO Premium plugin v23.6 (Yoast SEO v27.2) - https:\/\/yoast.com\/product\/yoast-seo-premium-wordpress\/ -->\n<title>Support ajustable pour lampe de luminoth\u00e9rapie rouge 1500W | Deep Red\/NIR | Phipower - Phipower<\/title>\n<meta name=\"description\" content=\"\u2714 lampe standard r\u00e9glable de luminoth\u00e9rapie rouge pour tout le corps \u2714 1500W r\u00e9duit la douleur \u2714 stimule la formation de collag\u00e8ne \u2714 r\u00e9duit le tissu cicatriciel\" \/>\n<meta name=\"robots\" content=\"index, follow, max-snippet:-1, max-image-preview:large, max-video-preview:-1\" \/>\n<link rel=\"canonical\" href=\"https:\/\/phipower.org\/fr\/product\/support-ajustable-pour-lampe-de-luminotherapie-1500w-plein-corps-rouge-profond-rouge-nir-phipower\/\" \/>\n<meta property=\"og:locale\" content=\"fr_FR\" \/>\n<meta property=\"og:type\" content=\"article\" \/>\n<meta property=\"og:title\" content=\"Support ajustable pour lampe de luminoth\u00e9rapie rouge 1500W | Deep Red\/NIR | Phipower\" \/>\n<meta property=\"og:description\" content=\"\u2714 lampe standard r\u00e9glable de luminoth\u00e9rapie rouge pour tout le corps \u2714 1500W r\u00e9duit la douleur \u2714 stimule la formation de collag\u00e8ne \u2714 r\u00e9duit le tissu cicatriciel\" \/>\n<meta property=\"og:url\" content=\"https:\/\/phipower.org\/fr\/product\/support-ajustable-pour-lampe-de-luminotherapie-1500w-plein-corps-rouge-profond-rouge-nir-phipower\/\" \/>\n<meta property=\"og:site_name\" content=\"Phipower\" \/>\n<meta property=\"article:publisher\" content=\"https:\/\/www.facebook.com\/phipowertools\/\" \/>\n<meta property=\"article:modified_time\" content=\"2026-04-16T14:20:14+00:00\" \/>\n<meta property=\"og:image\" content=\"https:\/\/phipower.org\/wp-content\/uploads\/2022\/11\/Verstelbare-standaard-voor-1500W-Full-Body-Rood-Licht-Therapie-Lamp-Diep-RoodNIR-Phipower-verrijdbaar.jpg\" \/>\n\t<meta property=\"og:image:width\" content=\"1200\" \/>\n\t<meta property=\"og:image:height\" content=\"1200\" \/>\n\t<meta property=\"og:image:type\" content=\"image\/jpeg\" \/>\n<meta name=\"twitter:card\" content=\"summary_large_image\" \/>\n<meta name=\"twitter:image\" content=\"https:\/\/phipower.org\/wp-content\/uploads\/2022\/10\/Rood-licht-therapie-red-light-therapy-near-infrared-infrarood-light-850-lamp-front.jpg\" \/>\n<meta name=\"twitter:site\" content=\"@phipower1\" \/>\n<meta name=\"twitter:label1\" content=\"Prix\" \/>\n\t<meta name=\"twitter:data1\" content=\"&euro;399,00\" \/>\n\t<meta name=\"twitter:label2\" content=\"Disponibilit\u00e9\" \/>\n\t<meta name=\"twitter:data2\" content=\"En stock\" \/>\n<script type=\"application\/ld+json\" class=\"yoast-schema-graph\">{\"@context\":\"https:\/\/schema.org\",\"@graph\":[{\"@type\":\"WebPage\",\"@id\":\"https:\/\/phipower.org\/fr\/product\/support-ajustable-pour-lampe-de-luminotherapie-1500w-plein-corps-rouge-profond-rouge-nir-phipower\/\",\"url\":\"https:\/\/phipower.org\/fr\/product\/support-ajustable-pour-lampe-de-luminotherapie-1500w-plein-corps-rouge-profond-rouge-nir-phipower\/\",\"name\":\"Support ajustable pour lampe de luminoth\u00e9rapie rouge 1500W | Deep Red\/NIR | Phipower - Phipower\",\"isPartOf\":{\"@id\":\"https:\/\/phipower.org\/fr\/#website\"},\"primaryImageOfPage\":{\"@id\":\"https:\/\/phipower.org\/fr\/product\/support-ajustable-pour-lampe-de-luminotherapie-1500w-plein-corps-rouge-profond-rouge-nir-phipower\/#primaryimage\"},\"image\":{\"@id\":\"https:\/\/phipower.org\/fr\/product\/support-ajustable-pour-lampe-de-luminotherapie-1500w-plein-corps-rouge-profond-rouge-nir-phipower\/#primaryimage\"},\"thumbnailUrl\":\"https:\/\/phipower.org\/wp-content\/uploads\/2022\/11\/Rood-licht-therapie-red-light-therapy-near-infrared-light-660-nm-850-nm-stand-top.jpg\",\"datePublished\":\"2022-11-06T21:46:50+00:00\",\"dateModified\":\"2026-04-16T14:20:14+00:00\",\"description\":\"\u2714 lampe standard r\u00e9glable de luminoth\u00e9rapie rouge pour tout le corps \u2714 1500W r\u00e9duit la douleur \u2714 stimule la formation de collag\u00e8ne \u2714 r\u00e9duit le tissu cicatriciel\",\"breadcrumb\":{\"@id\":\"https:\/\/phipower.org\/fr\/product\/support-ajustable-pour-lampe-de-luminotherapie-1500w-plein-corps-rouge-profond-rouge-nir-phipower\/#breadcrumb\"},\"inLanguage\":\"fr-FR\",\"potentialAction\":[{\"@type\":\"ReadAction\",\"target\":[\"https:\/\/phipower.org\/fr\/product\/support-ajustable-pour-lampe-de-luminotherapie-1500w-plein-corps-rouge-profond-rouge-nir-phipower\/\"]}]},{\"@type\":\"ImageObject\",\"inLanguage\":\"fr-FR\",\"@id\":\"https:\/\/phipower.org\/fr\/product\/support-ajustable-pour-lampe-de-luminotherapie-1500w-plein-corps-rouge-profond-rouge-nir-phipower\/#primaryimage\",\"url\":\"https:\/\/phipower.org\/wp-content\/uploads\/2022\/11\/Rood-licht-therapie-red-light-therapy-near-infrared-light-660-nm-850-nm-stand-top.jpg\",\"contentUrl\":\"https:\/\/phipower.org\/wp-content\/uploads\/2022\/11\/Rood-licht-therapie-red-light-therapy-near-infrared-light-660-nm-850-nm-stand-top.jpg\",\"width\":1200,\"height\":1200},{\"@type\":\"BreadcrumbList\",\"@id\":\"https:\/\/phipower.org\/fr\/product\/support-ajustable-pour-lampe-de-luminotherapie-1500w-plein-corps-rouge-profond-rouge-nir-phipower\/#breadcrumb\",\"itemListElement\":[{\"@type\":\"ListItem\",\"position\":1,\"name\":\"Home\",\"item\":\"https:\/\/phipower.org\/fr\/\"},{\"@type\":\"ListItem\",\"position\":2,\"name\":\"Boutique\",\"item\":\"https:\/\/phipower.org\/fr\/boutique\/\"},{\"@type\":\"ListItem\",\"position\":3,\"name\":\"Support ajustable pour lampe de luminoth\u00e9rapie rouge 1500W | Deep Red\/NIR | Phipower\"}]},{\"@type\":\"WebSite\",\"@id\":\"https:\/\/phipower.org\/fr\/#website\",\"url\":\"https:\/\/phipower.org\/fr\/\",\"name\":\"Phipower: innovatieve gezondheidsproducten\",\"description\":\"innovatieve gezondheidsproducten\",\"publisher\":{\"@id\":\"https:\/\/phipower.org\/fr\/#organization\"},\"potentialAction\":[{\"@type\":\"SearchAction\",\"target\":{\"@type\":\"EntryPoint\",\"urlTemplate\":\"https:\/\/phipower.org\/fr\/?s={search_term_string}\"},\"query-input\":{\"@type\":\"PropertyValueSpecification\",\"valueRequired\":true,\"valueName\":\"search_term_string\"}}],\"inLanguage\":\"fr-FR\"},{\"@type\":\"Organization\",\"@id\":\"https:\/\/phipower.org\/fr\/#organization\",\"name\":\"Phipower\",\"url\":\"https:\/\/phipower.org\/fr\/\",\"logo\":{\"@type\":\"ImageObject\",\"inLanguage\":\"fr-FR\",\"@id\":\"https:\/\/phipower.org\/fr\/#\/schema\/logo\/image\/\",\"url\":\"https:\/\/phipower.org\/wp-content\/uploads\/2019\/06\/z-logo-RGB-wit-power.png\",\"contentUrl\":\"https:\/\/phipower.org\/wp-content\/uploads\/2019\/06\/z-logo-RGB-wit-power.png\",\"width\":3273,\"height\":1389,\"caption\":\"Phipower\"},\"image\":{\"@id\":\"https:\/\/phipower.org\/fr\/#\/schema\/logo\/image\/\"},\"sameAs\":[\"https:\/\/www.facebook.com\/phipowertools\/\",\"https:\/\/x.com\/phipower1\",\"https:\/\/www.tiktok.com\/@phipowerhealth\"]}]}<\/script>\n<meta property=\"product:price:amount\" content=\"399.00\" \/>\n<meta property=\"product:price:currency\" content=\"EUR\" \/>\n<meta property=\"og:availability\" content=\"instock\" \/>\n<meta property=\"product:availability\" content=\"instock\" \/>\n<meta property=\"product:retailer_item_id\" content=\"8719324436946\" \/>\n<meta property=\"product:condition\" content=\"new\" \/>\n<!-- \/ Yoast SEO Premium plugin. -->","yoast_head_json":{"title":"Support ajustable pour lampe de luminoth\u00e9rapie rouge 1500W | Deep Red\/NIR | Phipower - Phipower","description":"\u2714 lampe standard r\u00e9glable de luminoth\u00e9rapie rouge pour tout le corps \u2714 1500W r\u00e9duit la douleur \u2714 stimule la formation de collag\u00e8ne \u2714 r\u00e9duit le tissu cicatriciel","robots":{"index":"index","follow":"follow","max-snippet":"max-snippet:-1","max-image-preview":"max-image-preview:large","max-video-preview":"max-video-preview:-1"},"canonical":"https:\/\/phipower.org\/fr\/product\/support-ajustable-pour-lampe-de-luminotherapie-1500w-plein-corps-rouge-profond-rouge-nir-phipower\/","og_locale":"fr_FR","og_type":"article","og_title":"Support ajustable pour lampe de luminoth\u00e9rapie rouge 1500W | Deep Red\/NIR | Phipower","og_description":"\u2714 lampe standard r\u00e9glable de luminoth\u00e9rapie rouge pour tout le corps \u2714 1500W r\u00e9duit la douleur \u2714 stimule la formation de collag\u00e8ne \u2714 r\u00e9duit le tissu cicatriciel","og_url":"https:\/\/phipower.org\/fr\/product\/support-ajustable-pour-lampe-de-luminotherapie-1500w-plein-corps-rouge-profond-rouge-nir-phipower\/","og_site_name":"Phipower","article_publisher":"https:\/\/www.facebook.com\/phipowertools\/","article_modified_time":"2026-04-16T14:20:14+00:00","og_image":[{"width":1200,"height":1200,"url":"https:\/\/phipower.org\/wp-content\/uploads\/2022\/11\/Verstelbare-standaard-voor-1500W-Full-Body-Rood-Licht-Therapie-Lamp-Diep-RoodNIR-Phipower-verrijdbaar.jpg","type":"image\/jpeg"}],"twitter_card":"summary_large_image","twitter_image":"https:\/\/phipower.org\/wp-content\/uploads\/2022\/10\/Rood-licht-therapie-red-light-therapy-near-infrared-infrarood-light-850-lamp-front.jpg","twitter_site":"@phipower1","twitter_misc":{"Prix":"&euro;399,00","Disponibilit\u00e9":"En stock"},"schema":{"@context":"https:\/\/schema.org","@graph":[{"@type":"WebPage","@id":"https:\/\/phipower.org\/fr\/product\/support-ajustable-pour-lampe-de-luminotherapie-1500w-plein-corps-rouge-profond-rouge-nir-phipower\/","url":"https:\/\/phipower.org\/fr\/product\/support-ajustable-pour-lampe-de-luminotherapie-1500w-plein-corps-rouge-profond-rouge-nir-phipower\/","name":"Support ajustable pour lampe de luminoth\u00e9rapie rouge 1500W | Deep Red\/NIR | Phipower - Phipower","isPartOf":{"@id":"https:\/\/phipower.org\/fr\/#website"},"primaryImageOfPage":{"@id":"https:\/\/phipower.org\/fr\/product\/support-ajustable-pour-lampe-de-luminotherapie-1500w-plein-corps-rouge-profond-rouge-nir-phipower\/#primaryimage"},"image":{"@id":"https:\/\/phipower.org\/fr\/product\/support-ajustable-pour-lampe-de-luminotherapie-1500w-plein-corps-rouge-profond-rouge-nir-phipower\/#primaryimage"},"thumbnailUrl":"https:\/\/phipower.org\/wp-content\/uploads\/2022\/11\/Rood-licht-therapie-red-light-therapy-near-infrared-light-660-nm-850-nm-stand-top.jpg","datePublished":"2022-11-06T21:46:50+00:00","dateModified":"2026-04-16T14:20:14+00:00","description":"\u2714 lampe standard r\u00e9glable de luminoth\u00e9rapie rouge pour tout le corps \u2714 1500W r\u00e9duit la douleur \u2714 stimule la formation de collag\u00e8ne \u2714 r\u00e9duit le tissu cicatriciel","breadcrumb":{"@id":"https:\/\/phipower.org\/fr\/product\/support-ajustable-pour-lampe-de-luminotherapie-1500w-plein-corps-rouge-profond-rouge-nir-phipower\/#breadcrumb"},"inLanguage":"fr-FR","potentialAction":[{"@type":"ReadAction","target":["https:\/\/phipower.org\/fr\/product\/support-ajustable-pour-lampe-de-luminotherapie-1500w-plein-corps-rouge-profond-rouge-nir-phipower\/"]}]},{"@type":"ImageObject","inLanguage":"fr-FR","@id":"https:\/\/phipower.org\/fr\/product\/support-ajustable-pour-lampe-de-luminotherapie-1500w-plein-corps-rouge-profond-rouge-nir-phipower\/#primaryimage","url":"https:\/\/phipower.org\/wp-content\/uploads\/2022\/11\/Rood-licht-therapie-red-light-therapy-near-infrared-light-660-nm-850-nm-stand-top.jpg","contentUrl":"https:\/\/phipower.org\/wp-content\/uploads\/2022\/11\/Rood-licht-therapie-red-light-therapy-near-infrared-light-660-nm-850-nm-stand-top.jpg","width":1200,"height":1200},{"@type":"BreadcrumbList","@id":"https:\/\/phipower.org\/fr\/product\/support-ajustable-pour-lampe-de-luminotherapie-1500w-plein-corps-rouge-profond-rouge-nir-phipower\/#breadcrumb","itemListElement":[{"@type":"ListItem","position":1,"name":"Home","item":"https:\/\/phipower.org\/fr\/"},{"@type":"ListItem","position":2,"name":"Boutique","item":"https:\/\/phipower.org\/fr\/boutique\/"},{"@type":"ListItem","position":3,"name":"Support ajustable pour lampe de luminoth\u00e9rapie rouge 1500W | Deep Red\/NIR | Phipower"}]},{"@type":"WebSite","@id":"https:\/\/phipower.org\/fr\/#website","url":"https:\/\/phipower.org\/fr\/","name":"Phipower: innovatieve gezondheidsproducten","description":"innovatieve gezondheidsproducten","publisher":{"@id":"https:\/\/phipower.org\/fr\/#organization"},"potentialAction":[{"@type":"SearchAction","target":{"@type":"EntryPoint","urlTemplate":"https:\/\/phipower.org\/fr\/?s={search_term_string}"},"query-input":{"@type":"PropertyValueSpecification","valueRequired":true,"valueName":"search_term_string"}}],"inLanguage":"fr-FR"},{"@type":"Organization","@id":"https:\/\/phipower.org\/fr\/#organization","name":"Phipower","url":"https:\/\/phipower.org\/fr\/","logo":{"@type":"ImageObject","inLanguage":"fr-FR","@id":"https:\/\/phipower.org\/fr\/#\/schema\/logo\/image\/","url":"https:\/\/phipower.org\/wp-content\/uploads\/2019\/06\/z-logo-RGB-wit-power.png","contentUrl":"https:\/\/phipower.org\/wp-content\/uploads\/2019\/06\/z-logo-RGB-wit-power.png","width":3273,"height":1389,"caption":"Phipower"},"image":{"@id":"https:\/\/phipower.org\/fr\/#\/schema\/logo\/image\/"},"sameAs":["https:\/\/www.facebook.com\/phipowertools\/","https:\/\/x.com\/phipower1","https:\/\/www.tiktok.com\/@phipowerhealth"]}]},"product_price_amount":"399.00","product_price_currency":"EUR","og_availability":"instock","product_availability":"instock","product_retailer_item_id":"8719324436946","product_condition":"new"},"_links":{"self":[{"href":"https:\/\/phipower.org\/fr\/wp-json\/wp\/v2\/product\/3640","targetHints":{"allow":["GET"]}}],"collection":[{"href":"https:\/\/phipower.org\/fr\/wp-json\/wp\/v2\/product"}],"about":[{"href":"https:\/\/phipower.org\/fr\/wp-json\/wp\/v2\/types\/product"}],"replies":[{"embeddable":true,"href":"https:\/\/phipower.org\/fr\/wp-json\/wp\/v2\/comments?post=3640"}],"wp:featuredmedia":[{"embeddable":true,"href":"https:\/\/phipower.org\/fr\/wp-json\/wp\/v2\/media\/3618"}],"wp:attachment":[{"href":"https:\/\/phipower.org\/fr\/wp-json\/wp\/v2\/media?parent=3640"}],"wp:term":[{"taxonomy":"product_brand","embeddable":true,"href":"https:\/\/phipower.org\/fr\/wp-json\/wp\/v2\/product_brand?post=3640"},{"taxonomy":"product_cat","embeddable":true,"href":"https:\/\/phipower.org\/fr\/wp-json\/wp\/v2\/product_cat?post=3640"},{"taxonomy":"product_tag","embeddable":true,"href":"https:\/\/phipower.org\/fr\/wp-json\/wp\/v2\/product_tag?post=3640"}],"curies":[{"name":"wp","href":"https:\/\/api.w.org\/{rel}","templated":true}]}}