{"id":3558,"date":"2020-05-19T11:54:46","date_gmt":"2020-05-19T11:54:46","guid":{"rendered":"https:\/\/phipower.org\/product\/lampe-de-luminotherapie-rouge-rouge-profond-nir-phipower\/"},"modified":"2026-04-03T12:43:43","modified_gmt":"2026-04-03T12:43:43","slug":"lampe-de-luminotherapie-rouge-rouge-profond-nir-phipower","status":"publish","type":"product","link":"https:\/\/phipower.org\/fr\/produit\/lampe-de-luminotherapie-rouge-rouge-profond-nir-phipower\/","title":{"rendered":"Lampe de luminoth\u00e9rapie rouge | Rouge profond\/NIR | Stimule la production de collag\u00e8ne | Phipower"},"content":{"rendered":"<div class=\"video video-fit mb\" style=\"padding-top:56.25%;\"><p><iframe title=\"New: Red Light Therapy Lamp | Deep Red\/NIR | Phipower\" width=\"1020\" height=\"574\" src=\"https:\/\/www.youtube.com\/embed\/CW7sz97KcRw?feature=oembed\" frameborder=\"0\" allow=\"accelerometer; autoplay; clipboard-write; encrypted-media; gyroscope; picture-in-picture; web-share\" allowfullscreen><\/iframe><\/p>\n<\/div>\n<h1>Lampe de luminoth\u00e9rapie rouge | Phipower<\/h1>\n<p><strong>\u2714 Favorise la capacit\u00e9 de r\u00e9paration de la peau<\/strong><br \/>\n<strong>\u2714 bon pour les muscles et les tissus conjonctifs<\/strong><br \/>\n<strong>\u2714 stimule la formation de collag\u00e8ne<\/strong><br \/>\n<strong>\u2714 donne l&rsquo;\u00e9nergie<\/strong><br \/>\n<strong>\u2714 stimule le m\u00e9tabolisme<\/strong><br \/>\n<strong>\u2714 a un effet positif sur le foie<\/strong><br \/>\n<strong>\u2714 favorise le sommeil<\/strong><br \/>\n<strong>\u2714 pour un esprit clair<\/strong><br \/>\n<strong>\u2714 la lampe ne chauffe pas<\/strong><\/p>\n<p><strong>Description :<\/strong><br \/>\nLa th\u00e9rapie par la lumi\u00e8re rouge de Phipower utilise un spectre b\u00e9n\u00e9fique sp\u00e9cifique de lumi\u00e8re proche infrarouge (NIR) (850 nm) et de lumi\u00e8re rouge profonde (660 nm).<\/p>\n<p>La recherche a montr\u00e9 que la combinaison de ces fr\u00e9quences de lumi\u00e8re rouge est particuli\u00e8rement b\u00e9n\u00e9fique pour le corps humain.<\/p>\n<p>Les fr\u00e9quences combin\u00e9es ont un effet b\u00e9n\u00e9fique sur l&rsquo;\u00e9quilibre \u00e9nerg\u00e9tique de nos cellules, ce qui se traduit par de nombreux avantages cliniquement prouv\u00e9s pour la peau, l&rsquo;\u00e9quilibre \u00e9nerg\u00e9tique et le m\u00e9tabolisme.<\/p>\n<p>La lumi\u00e8re rouge et infrarouge stimule les mitochondries cellulaires et r\u00e9duit le stress oxydatif, ce qui nous permet de nous sentir plus \u00e9nergiques, plus forts et de r\u00e9cup\u00e9rer plus rapidement.<\/p>\n<p>Tous ces avantages sont r\u00e9unis dans une lampe pratique dot\u00e9e d&rsquo;un total de 40 LED m\u00e9dicales (20x NIR 850nm et 20x Deep Red 660nm).<\/p>\n<p><strong>Utilisation :<\/strong><br \/>\nLa lampe est facile \u00e0 placer en position verticale gr\u00e2ce au pied int\u00e9gr\u00e9.<\/p>\n<p>Placez la partie du corps ou la surface de la peau \u00e0 traiter devant la lampe \u00e0 une distance de 0 \u00e0 60 cm (selon l&rsquo;intensit\u00e9 souhait\u00e9e).<\/p>\n<p>Commencez d&rsquo;abord par une distance l\u00e9g\u00e8rement plus grande pour vous rendre compte de l&rsquo;effet.<\/p>\n<p>Cliquez sur RED et NIR pour activer la combinaison lumineuse et r\u00e9gler la dur\u00e9e (10, 15 ou 20 min).<\/p>\n<p>Lorsqu&rsquo;une heure est programm\u00e9e, la lampe s&rsquo;\u00e9teint automatiquement.<\/p>\n<p>Si aucune heure n&rsquo;est programm\u00e9e, la lampe reste allum\u00e9e.<\/p>\n<p>R\u00e9p\u00e9ter le traitement deux fois par jour jusqu&rsquo;\u00e0 l&rsquo;obtention des r\u00e9sultats souhait\u00e9s.<\/p>\n<p>Consulter un m\u00e9decin pour les contre-indications physiologiques \u00e0 l&rsquo;utilisation.<\/p>\n<p><strong>Le paquet comprend<\/strong><\/p>\n<ul>\n<li>1 x lampe de luminoth\u00e9rapie rouge<\/li>\n<li>1 x adaptateur d&rsquo;alimentation (110-230VAC)<\/li>\n<li>1 x manuel<\/li>\n<li>1 x emballage de luxe<\/li>\n<\/ul>\n<p><strong>Sp\u00e9cifications de la lampe de photobiomodulation \u00e0 LED :<\/strong><\/p>\n<ul>\n<li>dimensions de la lampe : 24,7 x 14,7 x 4 cm<\/li>\n<li>dimensions de la bo\u00eete : 28 x 23 x 8 cm<\/li>\n<li>poids de la lampe : 1,1 kg<\/li>\n<li>poids brut de l&#8217;emballage : 1,75 kg<\/li>\n<li>Puissance des LED : 200W<\/li>\n<li>consommation \u00e9lectrique : 60W<\/li>\n<li>40 x LED (20 x NIR 850nm + 20 x Deep RED 660nm)<\/li>\n<li>dur\u00e9e de vie pr\u00e9vue : 50 000 heures<\/li>\n<li>contr\u00f4le de la minuterie 10\/15\/20 min<\/li>\n<\/ul>\n<p><strong>Garantie :<\/strong><br \/>\n1 an de garantie<\/p>\n<p><strong>Manuel :<\/strong><br \/>\nCliquez <a href=\"https:\/\/drive.google.com\/file\/d\/1CzXxkBgJU40m94I9Bch-XIV3t4OWoxAy\/view?usp=sharing\">ici<\/a> pour le <a href=\"https:\/\/drive.google.com\/file\/d\/1CzXxkBgJU40m94I9Bch-XIV3t4OWoxAy\/view?usp=sharing\">manuel<\/a>.<\/p>\n<p><strong>\u00c9tudes de r\u00e9f\u00e9rence :<\/strong><\/p>\n<p><a href=\"https:\/\/www.ncbi.nlm.nih.gov\/pmc\/articles\/PMC5523874\/\">https:\/\/www.ncbi.nlm.nih.gov\/pmc\/articles\/PMC5523874\/<\/a><\/p>\n<p><a href=\"https:\/\/www.ncbi.nlm.nih.gov\/pmc\/articles\/PMC4846838\/\">https:\/\/www.ncbi.nlm.nih.gov\/pmc\/articles\/PMC4846838\/<\/a><\/p>\n<p><a href=\"https:\/\/www.ncbi.nlm.nih.gov\/pubmed\/28265160\">https:\/\/www.ncbi.nlm.nih.gov\/pubmed\/28265160<\/a><\/p>\n<p><a href=\"https:\/\/pubmed.ncbi.nlm.nih.gov\/24049929\/\">https:\/\/pubmed.ncbi.nlm.nih.gov\/24049929\/<\/a><\/p>\n<p><a href=\"https:\/\/www.ncbi.nlm.nih.gov\/pubmed\/19587693\">https:\/\/www.ncbi.nlm.nih.gov\/pubmed\/19587693<\/a><\/p>\n<p><a href=\"https:\/\/www.ncbi.nlm.nih.gov\/pmc\/articles\/PMC4560854\/#B31\">https:\/\/www.ncbi.nlm.nih.gov\/pmc\/articles\/PMC4560854\/#B31<\/a><\/p>\n<p><a href=\"https:\/\/www.ncbi.nlm.nih.gov\/pubmed\/30706177\">https:\/\/www.ncbi.nlm.nih.gov\/pubmed\/30706177<\/a><\/p>\n<p><a href=\"https:\/\/www.cell.com\/current-biology\/fulltext\/S0960-9822(06)01781-7\">https:\/\/www.cell.com\/current-biology\/fulltext\/S0960-9822(06)01781-7<\/a><\/p>\n<p><a href=\"https:\/\/www.sciencedirect.com\/science\/article\/pii\/0307441294900590?via%3Dihub\">https:\/\/www.sciencedirect.com\/science\/article\/pii\/0307441294900590?via%3Dihub<\/a><\/p>\n<p><a href=\"https:\/\/www.abebooks.com\/Fundamentals-Biochemistry-Life-Molecular-Level-2nd\/1346355380\/bd\">https:\/\/www.abebooks.com\/Fundamentals-Biochemistry-Life-Molecular-Level-2nd\/1346355380\/bd<\/a><\/p>\n<p><a href=\"http:\/\/www.pnas.org\/content\/105\/50\/19565.long\">http:\/\/www.pnas.org\/content\/105\/50\/19565.long<\/a><\/p>\n<p><a href=\"https:\/\/www.ncbi.nlm.nih.gov\/pmc\/articles\/PMC4432802\/\">https:\/\/www.ncbi.nlm.nih.gov\/pmc\/articles\/PMC4432802\/<\/a><\/p>\n<p><a href=\"https:\/\/www.ncbi.nlm.nih.gov\/pubmed\/24363178\">https:\/\/www.ncbi.nlm.nih.gov\/pubmed\/24363178<\/a><\/p>\n<p><a href=\"https:\/\/www.ncbi.nlm.nih.gov\/books\/NBK21154\/\">https:\/\/www.ncbi.nlm.nih.gov\/books\/NBK21154\/<\/a><\/p>\n<p><a href=\"https:\/\/www.ncbi.nlm.nih.gov\/pubmed\/24429632\">https:\/\/www.ncbi.nlm.nih.gov\/pubmed\/24429632<\/a><\/p>\n<p><strong>Note Bene :<\/strong><br \/>\n<em>Les produits de luminoth\u00e9rapie Phipower peuvent contribuer \u00e0 la capacit\u00e9 de gu\u00e9rison de la peau, stimuler le m\u00e9tabolisme et donner plus d&rsquo;\u00e9nergie. Les informations contenues dans cet article sont uniquement destin\u00e9es \u00e0 des fins \u00e9ducatives et n&rsquo;ont pas pour but de soutenir la s\u00e9curit\u00e9 ou l&rsquo;efficacit\u00e9 des dispositifs Phipower, ni de diagnostiquer, traiter, gu\u00e9rir ou pr\u00e9venir une quelconque maladie. Il ne remplace pas une consultation personnelle avec votre fournisseur de soins de sant\u00e9 et ne doit pas \u00eatre interpr\u00e9t\u00e9 comme un avis m\u00e9dical.<\/em><\/p>\n","protected":false},"excerpt":{"rendered":"<p><strong>R\u00e9duit la douleur<\/strong><br \/>\n<strong>Stimule la formation de collag\u00e8ne<\/strong><br \/>\n<strong>R\u00e9duit le tissu cicatriciel<\/strong><br \/>\n<strong>Favorise la <span style=\"font-size: 14.4px;\">cicatrisation des plaies<\/span><\/strong><br \/>\n<strong>Restaure les muscles et le tissu conjonctif<\/strong><br \/>\n<strong>Fournit de l&rsquo;\u00e9nergie<\/strong><br \/>\n<strong>Favorise le m\u00e9tabolisme <\/strong> <\/p>\n","protected":false},"featured_media":10277,"comment_status":"open","ping_status":"closed","template":"","meta":[],"product_brand":[],"product_cat":[969,963],"product_tag":[],"class_list":{"0":"post-3558","1":"product","2":"type-product","3":"status-publish","4":"has-post-thumbnail","6":"product_cat-lampe-de-luminotherapie-rouge","7":"product_cat-produits","8":"product_shipping_class-2-5-kg","10":"first","11":"instock","12":"taxable","13":"shipping-taxable","14":"purchasable","15":"product-type-simple"},"yoast_head":"<!-- This site is optimized with the Yoast SEO Premium plugin v23.6 (Yoast SEO v27.2) - https:\/\/yoast.com\/product\/yoast-seo-premium-wordpress\/ -->\n<title>Lampe de luminoth\u00e9rapie rouge | Am\u00e9liorer votre bien-\u00eatre | Phipower<\/title>\n<meta name=\"description\" content=\"\u2714 r\u00e9duit la douleur \u2714 stimule la formation de collag\u00e8ne \u2714 r\u00e9duit le tissu cicatriciel \u2714 favorise la cicatrisation \u2714 donne plus d&#039;\u00e9nergie\" \/>\n<meta name=\"robots\" content=\"index, follow, max-snippet:-1, max-image-preview:large, max-video-preview:-1\" \/>\n<link rel=\"canonical\" href=\"https:\/\/phipower.org\/fr\/produit\/lampe-de-luminotherapie-rouge-rouge-profond-nir-phipower\/\" \/>\n<meta property=\"og:locale\" content=\"fr_FR\" \/>\n<meta property=\"og:type\" content=\"article\" \/>\n<meta property=\"og:title\" content=\"Lampe de luminoth\u00e9rapie rouge | Rouge profond\/NIR | Stimule la production de collag\u00e8ne | Phipower\" \/>\n<meta property=\"og:description\" content=\"\u2714 r\u00e9duit la douleur \u2714 stimule la formation de collag\u00e8ne \u2714 r\u00e9duit le tissu cicatriciel \u2714 favorise la cicatrisation \u2714 donne plus d&#039;\u00e9nergie\" \/>\n<meta property=\"og:url\" content=\"https:\/\/phipower.org\/fr\/produit\/lampe-de-luminotherapie-rouge-rouge-profond-nir-phipower\/\" \/>\n<meta property=\"og:site_name\" content=\"Phipower\" \/>\n<meta property=\"article:publisher\" content=\"https:\/\/www.facebook.com\/phipowertools\/\" \/>\n<meta property=\"article:modified_time\" content=\"2026-04-03T12:43:43+00:00\" \/>\n<meta property=\"og:image\" content=\"https:\/\/phipower.org\/wp-content\/uploads\/2020\/05\/Rood-licht-therapie-red-light-therapy-near-infrared-NIR-light-850-nm-deep-red-diep-rood-licht-660nm-side-02.jpg\" \/>\n\t<meta property=\"og:image:width\" content=\"1200\" \/>\n\t<meta property=\"og:image:height\" content=\"1200\" \/>\n\t<meta property=\"og:image:type\" content=\"image\/jpeg\" \/>\n<meta name=\"twitter:card\" content=\"summary_large_image\" \/>\n<meta name=\"twitter:image\" content=\"https:\/\/phipower.org\/wp-content\/uploads\/2020\/05\/Rood-licht-therapie-red-light-therapy-near-infrared-NIR-light-850-nm-deep-red-diep-rood-licht-660nm-side-02.jpg\" \/>\n<meta name=\"twitter:site\" content=\"@phipower1\" \/>\n<meta name=\"twitter:label1\" content=\"Prix\" \/>\n\t<meta name=\"twitter:data1\" content=\"&euro;289,00\" \/>\n\t<meta name=\"twitter:label2\" content=\"Disponibilit\u00e9\" \/>\n\t<meta name=\"twitter:data2\" content=\"En stock\" \/>\n<script type=\"application\/ld+json\" class=\"yoast-schema-graph\">{\"@context\":\"https:\/\/schema.org\",\"@graph\":[{\"@type\":\"WebPage\",\"@id\":\"https:\/\/phipower.org\/fr\/produit\/lampe-de-luminotherapie-rouge-rouge-profond-nir-phipower\/\",\"url\":\"https:\/\/phipower.org\/fr\/produit\/lampe-de-luminotherapie-rouge-rouge-profond-nir-phipower\/\",\"name\":\"Lampe de luminoth\u00e9rapie rouge | Am\u00e9liorer votre bien-\u00eatre | Phipower\",\"isPartOf\":{\"@id\":\"https:\/\/phipower.org\/fr\/#website\"},\"primaryImageOfPage\":{\"@id\":\"https:\/\/phipower.org\/fr\/produit\/lampe-de-luminotherapie-rouge-rouge-profond-nir-phipower\/#primaryimage\"},\"image\":{\"@id\":\"https:\/\/phipower.org\/fr\/produit\/lampe-de-luminotherapie-rouge-rouge-profond-nir-phipower\/#primaryimage\"},\"thumbnailUrl\":\"https:\/\/phipower.org\/wp-content\/uploads\/2020\/05\/Rood-licht-therapie-gezicht-energie-heling-phipower.jpg\",\"datePublished\":\"2020-05-19T11:54:46+00:00\",\"dateModified\":\"2026-04-03T12:43:43+00:00\",\"description\":\"\u2714 r\u00e9duit la douleur \u2714 stimule la formation de collag\u00e8ne \u2714 r\u00e9duit le tissu cicatriciel \u2714 favorise la cicatrisation \u2714 donne plus d'\u00e9nergie\",\"breadcrumb\":{\"@id\":\"https:\/\/phipower.org\/fr\/produit\/lampe-de-luminotherapie-rouge-rouge-profond-nir-phipower\/#breadcrumb\"},\"inLanguage\":\"fr-FR\",\"potentialAction\":[{\"@type\":\"ReadAction\",\"target\":[\"https:\/\/phipower.org\/fr\/produit\/lampe-de-luminotherapie-rouge-rouge-profond-nir-phipower\/\"]}]},{\"@type\":\"ImageObject\",\"inLanguage\":\"fr-FR\",\"@id\":\"https:\/\/phipower.org\/fr\/produit\/lampe-de-luminotherapie-rouge-rouge-profond-nir-phipower\/#primaryimage\",\"url\":\"https:\/\/phipower.org\/wp-content\/uploads\/2020\/05\/Rood-licht-therapie-gezicht-energie-heling-phipower.jpg\",\"contentUrl\":\"https:\/\/phipower.org\/wp-content\/uploads\/2020\/05\/Rood-licht-therapie-gezicht-energie-heling-phipower.jpg\",\"width\":1024,\"height\":1024},{\"@type\":\"BreadcrumbList\",\"@id\":\"https:\/\/phipower.org\/fr\/produit\/lampe-de-luminotherapie-rouge-rouge-profond-nir-phipower\/#breadcrumb\",\"itemListElement\":[{\"@type\":\"ListItem\",\"position\":1,\"name\":\"Home\",\"item\":\"https:\/\/phipower.org\/fr\/\"},{\"@type\":\"ListItem\",\"position\":2,\"name\":\"Boutique\",\"item\":\"https:\/\/phipower.org\/fr\/boutique\/\"},{\"@type\":\"ListItem\",\"position\":3,\"name\":\"Lampe de luminoth\u00e9rapie rouge | Rouge profond\/NIR | Stimule la production de collag\u00e8ne | Phipower\"}]},{\"@type\":\"WebSite\",\"@id\":\"https:\/\/phipower.org\/fr\/#website\",\"url\":\"https:\/\/phipower.org\/fr\/\",\"name\":\"Phipower: innovatieve gezondheidsproducten\",\"description\":\"innovatieve gezondheidsproducten\",\"publisher\":{\"@id\":\"https:\/\/phipower.org\/fr\/#organization\"},\"potentialAction\":[{\"@type\":\"SearchAction\",\"target\":{\"@type\":\"EntryPoint\",\"urlTemplate\":\"https:\/\/phipower.org\/fr\/?s={search_term_string}\"},\"query-input\":{\"@type\":\"PropertyValueSpecification\",\"valueRequired\":true,\"valueName\":\"search_term_string\"}}],\"inLanguage\":\"fr-FR\"},{\"@type\":\"Organization\",\"@id\":\"https:\/\/phipower.org\/fr\/#organization\",\"name\":\"Phipower\",\"url\":\"https:\/\/phipower.org\/fr\/\",\"logo\":{\"@type\":\"ImageObject\",\"inLanguage\":\"fr-FR\",\"@id\":\"https:\/\/phipower.org\/fr\/#\/schema\/logo\/image\/\",\"url\":\"https:\/\/phipower.org\/wp-content\/uploads\/2019\/06\/z-logo-RGB-wit-power.png\",\"contentUrl\":\"https:\/\/phipower.org\/wp-content\/uploads\/2019\/06\/z-logo-RGB-wit-power.png\",\"width\":3273,\"height\":1389,\"caption\":\"Phipower\"},\"image\":{\"@id\":\"https:\/\/phipower.org\/fr\/#\/schema\/logo\/image\/\"},\"sameAs\":[\"https:\/\/www.facebook.com\/phipowertools\/\",\"https:\/\/x.com\/phipower1\",\"https:\/\/www.tiktok.com\/@phipowerhealth\"]}]}<\/script>\n<meta property=\"product:price:amount\" content=\"289.00\" \/>\n<meta property=\"product:price:currency\" content=\"EUR\" \/>\n<meta property=\"og:availability\" content=\"instock\" \/>\n<meta property=\"product:availability\" content=\"instock\" \/>\n<meta property=\"product:retailer_item_id\" content=\"8719324436571\" \/>\n<meta property=\"product:condition\" content=\"new\" \/>\n<!-- \/ Yoast SEO Premium plugin. -->","yoast_head_json":{"title":"Lampe de luminoth\u00e9rapie rouge | Am\u00e9liorer votre bien-\u00eatre | Phipower","description":"\u2714 r\u00e9duit la douleur \u2714 stimule la formation de collag\u00e8ne \u2714 r\u00e9duit le tissu cicatriciel \u2714 favorise la cicatrisation \u2714 donne plus d'\u00e9nergie","robots":{"index":"index","follow":"follow","max-snippet":"max-snippet:-1","max-image-preview":"max-image-preview:large","max-video-preview":"max-video-preview:-1"},"canonical":"https:\/\/phipower.org\/fr\/produit\/lampe-de-luminotherapie-rouge-rouge-profond-nir-phipower\/","og_locale":"fr_FR","og_type":"article","og_title":"Lampe de luminoth\u00e9rapie rouge | Rouge profond\/NIR | Stimule la production de collag\u00e8ne | Phipower","og_description":"\u2714 r\u00e9duit la douleur \u2714 stimule la formation de collag\u00e8ne \u2714 r\u00e9duit le tissu cicatriciel \u2714 favorise la cicatrisation \u2714 donne plus d'\u00e9nergie","og_url":"https:\/\/phipower.org\/fr\/produit\/lampe-de-luminotherapie-rouge-rouge-profond-nir-phipower\/","og_site_name":"Phipower","article_publisher":"https:\/\/www.facebook.com\/phipowertools\/","article_modified_time":"2026-04-03T12:43:43+00:00","og_image":[{"width":1200,"height":1200,"url":"https:\/\/phipower.org\/wp-content\/uploads\/2020\/05\/Rood-licht-therapie-red-light-therapy-near-infrared-NIR-light-850-nm-deep-red-diep-rood-licht-660nm-side-02.jpg","type":"image\/jpeg"}],"twitter_card":"summary_large_image","twitter_image":"https:\/\/phipower.org\/wp-content\/uploads\/2020\/05\/Rood-licht-therapie-red-light-therapy-near-infrared-NIR-light-850-nm-deep-red-diep-rood-licht-660nm-side-02.jpg","twitter_site":"@phipower1","twitter_misc":{"Prix":"&euro;289,00","Disponibilit\u00e9":"En stock"},"schema":{"@context":"https:\/\/schema.org","@graph":[{"@type":"WebPage","@id":"https:\/\/phipower.org\/fr\/produit\/lampe-de-luminotherapie-rouge-rouge-profond-nir-phipower\/","url":"https:\/\/phipower.org\/fr\/produit\/lampe-de-luminotherapie-rouge-rouge-profond-nir-phipower\/","name":"Lampe de luminoth\u00e9rapie rouge | Am\u00e9liorer votre bien-\u00eatre | Phipower","isPartOf":{"@id":"https:\/\/phipower.org\/fr\/#website"},"primaryImageOfPage":{"@id":"https:\/\/phipower.org\/fr\/produit\/lampe-de-luminotherapie-rouge-rouge-profond-nir-phipower\/#primaryimage"},"image":{"@id":"https:\/\/phipower.org\/fr\/produit\/lampe-de-luminotherapie-rouge-rouge-profond-nir-phipower\/#primaryimage"},"thumbnailUrl":"https:\/\/phipower.org\/wp-content\/uploads\/2020\/05\/Rood-licht-therapie-gezicht-energie-heling-phipower.jpg","datePublished":"2020-05-19T11:54:46+00:00","dateModified":"2026-04-03T12:43:43+00:00","description":"\u2714 r\u00e9duit la douleur \u2714 stimule la formation de collag\u00e8ne \u2714 r\u00e9duit le tissu cicatriciel \u2714 favorise la cicatrisation \u2714 donne plus d'\u00e9nergie","breadcrumb":{"@id":"https:\/\/phipower.org\/fr\/produit\/lampe-de-luminotherapie-rouge-rouge-profond-nir-phipower\/#breadcrumb"},"inLanguage":"fr-FR","potentialAction":[{"@type":"ReadAction","target":["https:\/\/phipower.org\/fr\/produit\/lampe-de-luminotherapie-rouge-rouge-profond-nir-phipower\/"]}]},{"@type":"ImageObject","inLanguage":"fr-FR","@id":"https:\/\/phipower.org\/fr\/produit\/lampe-de-luminotherapie-rouge-rouge-profond-nir-phipower\/#primaryimage","url":"https:\/\/phipower.org\/wp-content\/uploads\/2020\/05\/Rood-licht-therapie-gezicht-energie-heling-phipower.jpg","contentUrl":"https:\/\/phipower.org\/wp-content\/uploads\/2020\/05\/Rood-licht-therapie-gezicht-energie-heling-phipower.jpg","width":1024,"height":1024},{"@type":"BreadcrumbList","@id":"https:\/\/phipower.org\/fr\/produit\/lampe-de-luminotherapie-rouge-rouge-profond-nir-phipower\/#breadcrumb","itemListElement":[{"@type":"ListItem","position":1,"name":"Home","item":"https:\/\/phipower.org\/fr\/"},{"@type":"ListItem","position":2,"name":"Boutique","item":"https:\/\/phipower.org\/fr\/boutique\/"},{"@type":"ListItem","position":3,"name":"Lampe de luminoth\u00e9rapie rouge | Rouge profond\/NIR | Stimule la production de collag\u00e8ne | Phipower"}]},{"@type":"WebSite","@id":"https:\/\/phipower.org\/fr\/#website","url":"https:\/\/phipower.org\/fr\/","name":"Phipower: innovatieve gezondheidsproducten","description":"innovatieve gezondheidsproducten","publisher":{"@id":"https:\/\/phipower.org\/fr\/#organization"},"potentialAction":[{"@type":"SearchAction","target":{"@type":"EntryPoint","urlTemplate":"https:\/\/phipower.org\/fr\/?s={search_term_string}"},"query-input":{"@type":"PropertyValueSpecification","valueRequired":true,"valueName":"search_term_string"}}],"inLanguage":"fr-FR"},{"@type":"Organization","@id":"https:\/\/phipower.org\/fr\/#organization","name":"Phipower","url":"https:\/\/phipower.org\/fr\/","logo":{"@type":"ImageObject","inLanguage":"fr-FR","@id":"https:\/\/phipower.org\/fr\/#\/schema\/logo\/image\/","url":"https:\/\/phipower.org\/wp-content\/uploads\/2019\/06\/z-logo-RGB-wit-power.png","contentUrl":"https:\/\/phipower.org\/wp-content\/uploads\/2019\/06\/z-logo-RGB-wit-power.png","width":3273,"height":1389,"caption":"Phipower"},"image":{"@id":"https:\/\/phipower.org\/fr\/#\/schema\/logo\/image\/"},"sameAs":["https:\/\/www.facebook.com\/phipowertools\/","https:\/\/x.com\/phipower1","https:\/\/www.tiktok.com\/@phipowerhealth"]}]},"product_price_amount":"289.00","product_price_currency":"EUR","og_availability":"instock","product_availability":"instock","product_retailer_item_id":"8719324436571","product_condition":"new"},"_links":{"self":[{"href":"https:\/\/phipower.org\/fr\/wp-json\/wp\/v2\/product\/3558","targetHints":{"allow":["GET"]}}],"collection":[{"href":"https:\/\/phipower.org\/fr\/wp-json\/wp\/v2\/product"}],"about":[{"href":"https:\/\/phipower.org\/fr\/wp-json\/wp\/v2\/types\/product"}],"replies":[{"embeddable":true,"href":"https:\/\/phipower.org\/fr\/wp-json\/wp\/v2\/comments?post=3558"}],"wp:featuredmedia":[{"embeddable":true,"href":"https:\/\/phipower.org\/fr\/wp-json\/wp\/v2\/media\/10277"}],"wp:attachment":[{"href":"https:\/\/phipower.org\/fr\/wp-json\/wp\/v2\/media?parent=3558"}],"wp:term":[{"taxonomy":"product_brand","embeddable":true,"href":"https:\/\/phipower.org\/fr\/wp-json\/wp\/v2\/product_brand?post=3558"},{"taxonomy":"product_cat","embeddable":true,"href":"https:\/\/phipower.org\/fr\/wp-json\/wp\/v2\/product_cat?post=3558"},{"taxonomy":"product_tag","embeddable":true,"href":"https:\/\/phipower.org\/fr\/wp-json\/wp\/v2\/product_tag?post=3558"}],"curies":[{"name":"wp","href":"https:\/\/api.w.org\/{rel}","templated":true}]}}