{"id":3470,"date":"2023-02-21T09:46:34","date_gmt":"2023-02-21T09:46:34","guid":{"rendered":"https:\/\/phipower.org\/product\/filtre-pour-inhalateur-de-gaz-hydrogene-h2-300-ml-min-phipower\/"},"modified":"2026-04-16T14:19:41","modified_gmt":"2026-04-16T14:19:41","slug":"filter-for-h2-hydrogen-gas-inhaler-300-ml-min-phipower","status":"publish","type":"product","link":"https:\/\/phipower.org\/fr\/produit\/filter-for-h2-hydrogen-gas-inhaler-300-ml-min-phipower\/","title":{"rendered":"Filtre pour inhalateur de gaz hydrog\u00e8ne H2 300 ml\/min | Phipower"},"content":{"rendered":"<h1>Filtre pour inhalateur de gaz hydrog\u00e8ne H2 | Phipower<\/h1>\n<p>\u2714 filtre \u00e0 eau pour l\u2019 <a href=\"https:\/\/phipower.org\/h2-waterstofgas-inhalator-phipower\/\">inhalateur de gaz hydrog\u00e8ne H2 de Phipower<\/a><br \/>\n\u2714 le filtre \u00e0 eau doit \u00eatre remplac\u00e9 apr\u00e8s environ 6 \u00e0 12 mois d\u2019utilisation<\/p>\n<p><strong>Manuel :<\/strong><\/p>\n<p>T\u00e9l\u00e9charger <strong><a href=\"https:\/\/drive.google.com\/file\/d\/1SrhM46BOpZAWFCvnT3g3A_dRkqHLPqLf\/view?usp=sharing\">ici<\/a> <\/strong>le manuel de l&rsquo;inhalateur de gaz hydrog\u00e8ne H2.<\/p>\n<p>Pour plus d&rsquo;informations sur le potentiel de l&rsquo;hydrog\u00e8ne mol\u00e9culaire, voir <a href=\"https:\/\/www.ncbi.nlm.nih.gov\/pmc\/articles\/PMC3257754\/\">ce site web<\/a>.<\/p>\n","protected":false},"excerpt":{"rendered":"<p><strong>\u2714 filtre \u00e0 eau pour inhalateur de gaz hydrog\u00e8ne H2<\/strong><br \/>\n<strong>\u2714 remplacer le filtre \u00e0 eau apr\u00e8s env. 6-12 mois d\u2019utilisation<\/strong><\/p>\n","protected":false},"featured_media":3476,"comment_status":"open","ping_status":"closed","template":"","meta":[],"product_brand":[],"product_cat":[964,963,965],"product_tag":[],"class_list":{"0":"post-3470","1":"product","2":"type-product","3":"status-publish","4":"has-post-thumbnail","6":"product_cat-inhalateur-de-gaz-hydrogene","7":"product_cat-produits","8":"product_cat-traitement-de-leau","9":"product_shipping_class-0-2-kg","11":"first","12":"instock","13":"taxable","14":"shipping-taxable","15":"purchasable","16":"product-type-simple"},"yoast_head":"<!-- This site is optimized with the Yoast SEO Premium plugin v23.6 (Yoast SEO v27.2) - https:\/\/yoast.com\/product\/yoast-seo-premium-wordpress\/ -->\n<title>Filtre pour inhalateur de gaz hydrog\u00e8ne H2 300 ml\/min | Phipower - Phipower<\/title>\n<meta name=\"description\" content=\"\u2714 filtre \u00e0 eau pour inhalateur de gaz hydrog\u00e8ne H2 \u2714 g\u00e9n\u00e8re jusqu&#039;\u00e0 300 ml par minute d&#039;hydrog\u00e8ne pur (H2) \u2714 nourrit le corps au niveau cellulaire \u2714 donne plus d&#039;\u00e9nergie\" \/>\n<meta name=\"robots\" content=\"index, follow, max-snippet:-1, max-image-preview:large, max-video-preview:-1\" \/>\n<link rel=\"canonical\" href=\"https:\/\/phipower.org\/fr\/produit\/filter-for-h2-hydrogen-gas-inhaler-300-ml-min-phipower\/\" \/>\n<meta property=\"og:locale\" content=\"fr_FR\" \/>\n<meta property=\"og:type\" content=\"article\" \/>\n<meta property=\"og:title\" content=\"Filtre pour inhalateur de gaz hydrog\u00e8ne H2 300 ml\/min | Phipower\" \/>\n<meta property=\"og:description\" content=\"\u2714 filtre \u00e0 eau pour inhalateur de gaz hydrog\u00e8ne H2 \u2714 g\u00e9n\u00e8re jusqu&#039;\u00e0 300 ml par minute d&#039;hydrog\u00e8ne pur (H2) \u2714 nourrit le corps au niveau cellulaire \u2714 donne plus d&#039;\u00e9nergie\" \/>\n<meta property=\"og:url\" content=\"https:\/\/phipower.org\/fr\/produit\/filter-for-h2-hydrogen-gas-inhaler-300-ml-min-phipower\/\" \/>\n<meta property=\"og:site_name\" content=\"Phipower\" \/>\n<meta property=\"article:publisher\" content=\"https:\/\/www.facebook.com\/phipowertools\/\" \/>\n<meta property=\"article:modified_time\" content=\"2026-04-16T14:19:41+00:00\" \/>\n<meta property=\"og:image\" content=\"https:\/\/phipower.org\/wp-content\/uploads\/2021\/09\/waterstofgas-inhaler-inhalator-H2-O2-300ml-H2-generator-medisch-apparaat-phipower-zijkant-1.jpg\" \/>\n\t<meta property=\"og:image:width\" content=\"1200\" \/>\n\t<meta property=\"og:image:height\" content=\"1200\" \/>\n\t<meta property=\"og:image:type\" content=\"image\/jpeg\" \/>\n<meta name=\"twitter:card\" content=\"summary_large_image\" \/>\n<meta name=\"twitter:site\" content=\"@phipower1\" \/>\n<meta name=\"twitter:label1\" content=\"Prix\" \/>\n\t<meta name=\"twitter:data1\" content=\"&euro;49,00\" \/>\n\t<meta name=\"twitter:label2\" content=\"Disponibilit\u00e9\" \/>\n\t<meta name=\"twitter:data2\" content=\"En stock\" \/>\n<script type=\"application\/ld+json\" class=\"yoast-schema-graph\">{\"@context\":\"https:\/\/schema.org\",\"@graph\":[{\"@type\":\"WebPage\",\"@id\":\"https:\/\/phipower.org\/fr\/produit\/filter-for-h2-hydrogen-gas-inhaler-300-ml-min-phipower\/\",\"url\":\"https:\/\/phipower.org\/fr\/produit\/filter-for-h2-hydrogen-gas-inhaler-300-ml-min-phipower\/\",\"name\":\"Filtre pour inhalateur de gaz hydrog\u00e8ne H2 300 ml\/min | Phipower - Phipower\",\"isPartOf\":{\"@id\":\"https:\/\/phipower.org\/fr\/#website\"},\"primaryImageOfPage\":{\"@id\":\"https:\/\/phipower.org\/fr\/produit\/filter-for-h2-hydrogen-gas-inhaler-300-ml-min-phipower\/#primaryimage\"},\"image\":{\"@id\":\"https:\/\/phipower.org\/fr\/produit\/filter-for-h2-hydrogen-gas-inhaler-300-ml-min-phipower\/#primaryimage\"},\"thumbnailUrl\":\"https:\/\/phipower.org\/wp-content\/uploads\/2023\/02\/Filter-H2-waterstof-gas-inhalator-waterfilter-zijkant.jpg\",\"datePublished\":\"2023-02-21T09:46:34+00:00\",\"dateModified\":\"2026-04-16T14:19:41+00:00\",\"description\":\"\u2714 filtre \u00e0 eau pour inhalateur de gaz hydrog\u00e8ne H2 \u2714 g\u00e9n\u00e8re jusqu'\u00e0 300 ml par minute d'hydrog\u00e8ne pur (H2) \u2714 nourrit le corps au niveau cellulaire \u2714 donne plus d'\u00e9nergie\",\"breadcrumb\":{\"@id\":\"https:\/\/phipower.org\/fr\/produit\/filter-for-h2-hydrogen-gas-inhaler-300-ml-min-phipower\/#breadcrumb\"},\"inLanguage\":\"fr-FR\",\"potentialAction\":[{\"@type\":\"ReadAction\",\"target\":[\"https:\/\/phipower.org\/fr\/produit\/filter-for-h2-hydrogen-gas-inhaler-300-ml-min-phipower\/\"]}]},{\"@type\":\"ImageObject\",\"inLanguage\":\"fr-FR\",\"@id\":\"https:\/\/phipower.org\/fr\/produit\/filter-for-h2-hydrogen-gas-inhaler-300-ml-min-phipower\/#primaryimage\",\"url\":\"https:\/\/phipower.org\/wp-content\/uploads\/2023\/02\/Filter-H2-waterstof-gas-inhalator-waterfilter-zijkant.jpg\",\"contentUrl\":\"https:\/\/phipower.org\/wp-content\/uploads\/2023\/02\/Filter-H2-waterstof-gas-inhalator-waterfilter-zijkant.jpg\",\"width\":1200,\"height\":1200},{\"@type\":\"BreadcrumbList\",\"@id\":\"https:\/\/phipower.org\/fr\/produit\/filter-for-h2-hydrogen-gas-inhaler-300-ml-min-phipower\/#breadcrumb\",\"itemListElement\":[{\"@type\":\"ListItem\",\"position\":1,\"name\":\"Home\",\"item\":\"https:\/\/phipower.org\/fr\/\"},{\"@type\":\"ListItem\",\"position\":2,\"name\":\"Boutique\",\"item\":\"https:\/\/phipower.org\/fr\/boutique\/\"},{\"@type\":\"ListItem\",\"position\":3,\"name\":\"Filtre pour inhalateur de gaz hydrog\u00e8ne H2 300 ml\/min | Phipower\"}]},{\"@type\":\"WebSite\",\"@id\":\"https:\/\/phipower.org\/fr\/#website\",\"url\":\"https:\/\/phipower.org\/fr\/\",\"name\":\"Phipower: innovatieve gezondheidsproducten\",\"description\":\"innovatieve gezondheidsproducten\",\"publisher\":{\"@id\":\"https:\/\/phipower.org\/fr\/#organization\"},\"potentialAction\":[{\"@type\":\"SearchAction\",\"target\":{\"@type\":\"EntryPoint\",\"urlTemplate\":\"https:\/\/phipower.org\/fr\/?s={search_term_string}\"},\"query-input\":{\"@type\":\"PropertyValueSpecification\",\"valueRequired\":true,\"valueName\":\"search_term_string\"}}],\"inLanguage\":\"fr-FR\"},{\"@type\":\"Organization\",\"@id\":\"https:\/\/phipower.org\/fr\/#organization\",\"name\":\"Phipower\",\"url\":\"https:\/\/phipower.org\/fr\/\",\"logo\":{\"@type\":\"ImageObject\",\"inLanguage\":\"fr-FR\",\"@id\":\"https:\/\/phipower.org\/fr\/#\/schema\/logo\/image\/\",\"url\":\"https:\/\/phipower.org\/wp-content\/uploads\/2019\/06\/z-logo-RGB-wit-power.png\",\"contentUrl\":\"https:\/\/phipower.org\/wp-content\/uploads\/2019\/06\/z-logo-RGB-wit-power.png\",\"width\":3273,\"height\":1389,\"caption\":\"Phipower\"},\"image\":{\"@id\":\"https:\/\/phipower.org\/fr\/#\/schema\/logo\/image\/\"},\"sameAs\":[\"https:\/\/www.facebook.com\/phipowertools\/\",\"https:\/\/x.com\/phipower1\",\"https:\/\/www.tiktok.com\/@phipowerhealth\"]}]}<\/script>\n<meta property=\"product:price:amount\" content=\"49.00\" \/>\n<meta property=\"product:price:currency\" content=\"EUR\" \/>\n<meta property=\"og:availability\" content=\"instock\" \/>\n<meta property=\"product:availability\" content=\"instock\" \/>\n<meta property=\"product:retailer_item_id\" content=\"7806140071404\" \/>\n<meta property=\"product:condition\" content=\"new\" \/>\n<!-- \/ Yoast SEO Premium plugin. -->","yoast_head_json":{"title":"Filtre pour inhalateur de gaz hydrog\u00e8ne H2 300 ml\/min | Phipower - Phipower","description":"\u2714 filtre \u00e0 eau pour inhalateur de gaz hydrog\u00e8ne H2 \u2714 g\u00e9n\u00e8re jusqu'\u00e0 300 ml par minute d'hydrog\u00e8ne pur (H2) \u2714 nourrit le corps au niveau cellulaire \u2714 donne plus d'\u00e9nergie","robots":{"index":"index","follow":"follow","max-snippet":"max-snippet:-1","max-image-preview":"max-image-preview:large","max-video-preview":"max-video-preview:-1"},"canonical":"https:\/\/phipower.org\/fr\/produit\/filter-for-h2-hydrogen-gas-inhaler-300-ml-min-phipower\/","og_locale":"fr_FR","og_type":"article","og_title":"Filtre pour inhalateur de gaz hydrog\u00e8ne H2 300 ml\/min | Phipower","og_description":"\u2714 filtre \u00e0 eau pour inhalateur de gaz hydrog\u00e8ne H2 \u2714 g\u00e9n\u00e8re jusqu'\u00e0 300 ml par minute d'hydrog\u00e8ne pur (H2) \u2714 nourrit le corps au niveau cellulaire \u2714 donne plus d'\u00e9nergie","og_url":"https:\/\/phipower.org\/fr\/produit\/filter-for-h2-hydrogen-gas-inhaler-300-ml-min-phipower\/","og_site_name":"Phipower","article_publisher":"https:\/\/www.facebook.com\/phipowertools\/","article_modified_time":"2026-04-16T14:19:41+00:00","og_image":[{"width":1200,"height":1200,"url":"https:\/\/phipower.org\/wp-content\/uploads\/2021\/09\/waterstofgas-inhaler-inhalator-H2-O2-300ml-H2-generator-medisch-apparaat-phipower-zijkant-1.jpg","type":"image\/jpeg"}],"twitter_card":"summary_large_image","twitter_site":"@phipower1","twitter_misc":{"Prix":"&euro;49,00","Disponibilit\u00e9":"En stock"},"schema":{"@context":"https:\/\/schema.org","@graph":[{"@type":"WebPage","@id":"https:\/\/phipower.org\/fr\/produit\/filter-for-h2-hydrogen-gas-inhaler-300-ml-min-phipower\/","url":"https:\/\/phipower.org\/fr\/produit\/filter-for-h2-hydrogen-gas-inhaler-300-ml-min-phipower\/","name":"Filtre pour inhalateur de gaz hydrog\u00e8ne H2 300 ml\/min | Phipower - Phipower","isPartOf":{"@id":"https:\/\/phipower.org\/fr\/#website"},"primaryImageOfPage":{"@id":"https:\/\/phipower.org\/fr\/produit\/filter-for-h2-hydrogen-gas-inhaler-300-ml-min-phipower\/#primaryimage"},"image":{"@id":"https:\/\/phipower.org\/fr\/produit\/filter-for-h2-hydrogen-gas-inhaler-300-ml-min-phipower\/#primaryimage"},"thumbnailUrl":"https:\/\/phipower.org\/wp-content\/uploads\/2023\/02\/Filter-H2-waterstof-gas-inhalator-waterfilter-zijkant.jpg","datePublished":"2023-02-21T09:46:34+00:00","dateModified":"2026-04-16T14:19:41+00:00","description":"\u2714 filtre \u00e0 eau pour inhalateur de gaz hydrog\u00e8ne H2 \u2714 g\u00e9n\u00e8re jusqu'\u00e0 300 ml par minute d'hydrog\u00e8ne pur (H2) \u2714 nourrit le corps au niveau cellulaire \u2714 donne plus d'\u00e9nergie","breadcrumb":{"@id":"https:\/\/phipower.org\/fr\/produit\/filter-for-h2-hydrogen-gas-inhaler-300-ml-min-phipower\/#breadcrumb"},"inLanguage":"fr-FR","potentialAction":[{"@type":"ReadAction","target":["https:\/\/phipower.org\/fr\/produit\/filter-for-h2-hydrogen-gas-inhaler-300-ml-min-phipower\/"]}]},{"@type":"ImageObject","inLanguage":"fr-FR","@id":"https:\/\/phipower.org\/fr\/produit\/filter-for-h2-hydrogen-gas-inhaler-300-ml-min-phipower\/#primaryimage","url":"https:\/\/phipower.org\/wp-content\/uploads\/2023\/02\/Filter-H2-waterstof-gas-inhalator-waterfilter-zijkant.jpg","contentUrl":"https:\/\/phipower.org\/wp-content\/uploads\/2023\/02\/Filter-H2-waterstof-gas-inhalator-waterfilter-zijkant.jpg","width":1200,"height":1200},{"@type":"BreadcrumbList","@id":"https:\/\/phipower.org\/fr\/produit\/filter-for-h2-hydrogen-gas-inhaler-300-ml-min-phipower\/#breadcrumb","itemListElement":[{"@type":"ListItem","position":1,"name":"Home","item":"https:\/\/phipower.org\/fr\/"},{"@type":"ListItem","position":2,"name":"Boutique","item":"https:\/\/phipower.org\/fr\/boutique\/"},{"@type":"ListItem","position":3,"name":"Filtre pour inhalateur de gaz hydrog\u00e8ne H2 300 ml\/min | Phipower"}]},{"@type":"WebSite","@id":"https:\/\/phipower.org\/fr\/#website","url":"https:\/\/phipower.org\/fr\/","name":"Phipower: innovatieve gezondheidsproducten","description":"innovatieve gezondheidsproducten","publisher":{"@id":"https:\/\/phipower.org\/fr\/#organization"},"potentialAction":[{"@type":"SearchAction","target":{"@type":"EntryPoint","urlTemplate":"https:\/\/phipower.org\/fr\/?s={search_term_string}"},"query-input":{"@type":"PropertyValueSpecification","valueRequired":true,"valueName":"search_term_string"}}],"inLanguage":"fr-FR"},{"@type":"Organization","@id":"https:\/\/phipower.org\/fr\/#organization","name":"Phipower","url":"https:\/\/phipower.org\/fr\/","logo":{"@type":"ImageObject","inLanguage":"fr-FR","@id":"https:\/\/phipower.org\/fr\/#\/schema\/logo\/image\/","url":"https:\/\/phipower.org\/wp-content\/uploads\/2019\/06\/z-logo-RGB-wit-power.png","contentUrl":"https:\/\/phipower.org\/wp-content\/uploads\/2019\/06\/z-logo-RGB-wit-power.png","width":3273,"height":1389,"caption":"Phipower"},"image":{"@id":"https:\/\/phipower.org\/fr\/#\/schema\/logo\/image\/"},"sameAs":["https:\/\/www.facebook.com\/phipowertools\/","https:\/\/x.com\/phipower1","https:\/\/www.tiktok.com\/@phipowerhealth"]}]},"product_price_amount":"49.00","product_price_currency":"EUR","og_availability":"instock","product_availability":"instock","product_retailer_item_id":"7806140071404","product_condition":"new"},"_links":{"self":[{"href":"https:\/\/phipower.org\/fr\/wp-json\/wp\/v2\/product\/3470","targetHints":{"allow":["GET"]}}],"collection":[{"href":"https:\/\/phipower.org\/fr\/wp-json\/wp\/v2\/product"}],"about":[{"href":"https:\/\/phipower.org\/fr\/wp-json\/wp\/v2\/types\/product"}],"replies":[{"embeddable":true,"href":"https:\/\/phipower.org\/fr\/wp-json\/wp\/v2\/comments?post=3470"}],"wp:featuredmedia":[{"embeddable":true,"href":"https:\/\/phipower.org\/fr\/wp-json\/wp\/v2\/media\/3476"}],"wp:attachment":[{"href":"https:\/\/phipower.org\/fr\/wp-json\/wp\/v2\/media?parent=3470"}],"wp:term":[{"taxonomy":"product_brand","embeddable":true,"href":"https:\/\/phipower.org\/fr\/wp-json\/wp\/v2\/product_brand?post=3470"},{"taxonomy":"product_cat","embeddable":true,"href":"https:\/\/phipower.org\/fr\/wp-json\/wp\/v2\/product_cat?post=3470"},{"taxonomy":"product_tag","embeddable":true,"href":"https:\/\/phipower.org\/fr\/wp-json\/wp\/v2\/product_tag?post=3470"}],"curies":[{"name":"wp","href":"https:\/\/api.w.org\/{rel}","templated":true}]}}