{"id":11837,"date":"2026-05-11T21:49:09","date_gmt":"2026-05-11T21:49:09","guid":{"rendered":"https:\/\/phipower.org\/product\/bio-harmoniseur-rephiro-machine-rife-integree-phipower\/"},"modified":"2026-05-11T21:49:09","modified_gmt":"2026-05-11T21:49:09","slug":"bio-harmoniseur-rephiro-machine-rife-integree-phipower","status":"publish","type":"product","link":"https:\/\/phipower.org\/fr\/produit\/bio-harmoniseur-rephiro-machine-rife-integree-phipower\/","title":{"rendered":"Bio-harmoniseur Rephiro | Machine Rife int\u00e9gr\u00e9e | Phipower"},"content":{"rendered":"<h1>Bio-harmoniseur Rephiro \u2013 Quand les cellules r\u00e9apprennent \u00e0 chanter<\/h1>\n<p>Restaurez l\u2019harmonie naturelle de votre corps<\/p>\n<p>Votre corps sait comment se gu\u00e9rir lui-m\u00eame. Tout ce dont il a besoin, c\u2019est de la bonne fr\u00e9quence pour r\u00e9tablir son \u00e9quilibre naturel. <\/p>\n<p>Le Bio-harmoniseur Rephiro Machine Rife est un appareil compact qui favorise votre sant\u00e9, augmente votre vitalit\u00e9 et renforce votre bien-\u00eatre g\u00e9n\u00e9ral gr\u00e2ce \u00e0 la r\u00e9sonance des fr\u00e9quences.<\/p>\n<h3>Qu\u2019est-ce que la Machine Rife ?<\/h3>\n<p>Bas\u00e9e sur les d\u00e9couvertes pionni\u00e8res du Dr Royal Rife dans les ann\u00e9es 1930, la technologie Rife utilise des fr\u00e9quences sp\u00e9cifiques pour cibler et harmoniser les vibrations cellulaires. Lorsque les cellules vibrent \u00e0 leur fr\u00e9quence optimale, le corps peut se gu\u00e9rir et se r\u00e9g\u00e9n\u00e9rer plus efficacement. <\/p>\n<h3>Pourquoi le Rephiro ?<\/h3>\n<ul>\n<li><strong>Technologie int\u00e9gr\u00e9e :<\/strong> combine la th\u00e9rapie Rife avec la bio-harmonisation<\/li>\n<li><strong>Facile \u00e0 utiliser :<\/strong> il suffit de l\u2019allumer et de le placer pr\u00e8s de vous<\/li>\n<li><strong>Portable :<\/strong> utilisez-le partout \u2013 \u00e0 la maison, au bureau, en voyage<\/li>\n<li><strong>Naturel :<\/strong> aucun rayonnement nocif, seulement des fr\u00e9quences harmoniques<\/li>\n<\/ul>\n<p>D\u00e9couvrez le pouvoir de la r\u00e9sonance cellulaire avec le Bio-harmoniseur Rephiro.<\/p>\n","protected":false},"excerpt":{"rendered":"<p>Bio-harmoniseur Rephiro \u2013 Quand les cellules r\u00e9apprennent \u00e0 chanter Restaurez l\u2019harmonie naturelle de votre corps Votre corps sait comment se gu\u00e9rir lui-m\u00eame. Tout ce dont il a besoin, c\u2019est de la bonne fr\u00e9quence pour r\u00e9tablir son \u00e9quilibre naturel. Le Bio-harmoniseur Rephiro Machine Rife est un appareil compact qui favorise votre sant\u00e9, augmente votre vitalit\u00e9 et&#8230;<\/p>\n","protected":false},"featured_media":0,"comment_status":"open","ping_status":"closed","template":"","meta":[],"product_brand":[],"product_cat":[],"product_tag":[],"class_list":{"0":"post-11837","1":"product","2":"type-product","3":"status-publish","6":"first","7":"instock","8":"taxable","9":"shipping-taxable","10":"product-type-simple"},"yoast_head":"<!-- This site is optimized with the Yoast SEO Premium plugin v23.6 (Yoast SEO v27.2) - https:\/\/yoast.com\/product\/yoast-seo-premium-wordpress\/ -->\n<title>Bio-harmoniseur Rephiro | Machine Rife int\u00e9gr\u00e9e | Phipower - Phipower<\/title>\n<meta name=\"robots\" content=\"index, follow, max-snippet:-1, max-image-preview:large, max-video-preview:-1\" \/>\n<link rel=\"canonical\" href=\"https:\/\/phipower.org\/fr\/produit\/bio-harmoniseur-rephiro-machine-rife-integree-phipower\/\" \/>\n<meta property=\"og:locale\" content=\"fr_FR\" \/>\n<meta property=\"og:type\" content=\"article\" \/>\n<meta property=\"og:title\" content=\"Bio-harmoniseur Rephiro | Machine Rife int\u00e9gr\u00e9e | Phipower\" \/>\n<meta property=\"og:description\" content=\"Bio-harmoniseur Rephiro \u2013 Quand les cellules r\u00e9apprennent \u00e0 chanter Restaurez l\u2019harmonie naturelle de votre corps Votre corps sait comment se gu\u00e9rir lui-m\u00eame. Tout ce dont il a besoin, c\u2019est de la bonne fr\u00e9quence pour r\u00e9tablir son \u00e9quilibre naturel. Le Bio-harmoniseur Rephiro Machine Rife est un appareil compact qui favorise votre sant\u00e9, augmente votre vitalit\u00e9 et...\" \/>\n<meta property=\"og:url\" content=\"https:\/\/phipower.org\/fr\/produit\/bio-harmoniseur-rephiro-machine-rife-integree-phipower\/\" \/>\n<meta property=\"og:site_name\" content=\"Phipower\" \/>\n<meta property=\"article:publisher\" content=\"https:\/\/www.facebook.com\/phipowertools\/\" \/>\n<meta property=\"og:image\" content=\"https:\/\/phipower.org\/wp-content\/uploads\/2019\/07\/Stroomschema-Phipower.jpg\" \/>\n\t<meta property=\"og:image:width\" content=\"1920\" \/>\n\t<meta property=\"og:image:height\" content=\"1080\" \/>\n\t<meta property=\"og:image:type\" content=\"image\/jpeg\" \/>\n<meta name=\"twitter:card\" content=\"summary_large_image\" \/>\n<meta name=\"twitter:site\" content=\"@phipower1\" \/>\n<meta name=\"twitter:label1\" content=\"Prix\" \/>\n\t<meta name=\"twitter:data1\" content=\"\" \/>\n\t<meta name=\"twitter:label2\" content=\"Disponibilit\u00e9\" \/>\n\t<meta name=\"twitter:data2\" content=\"En stock\" \/>\n<script type=\"application\/ld+json\" class=\"yoast-schema-graph\">{\"@context\":\"https:\/\/schema.org\",\"@graph\":[{\"@type\":\"WebPage\",\"@id\":\"https:\/\/phipower.org\/fr\/produit\/bio-harmoniseur-rephiro-machine-rife-integree-phipower\/\",\"url\":\"https:\/\/phipower.org\/fr\/produit\/bio-harmoniseur-rephiro-machine-rife-integree-phipower\/\",\"name\":\"Bio-harmoniseur Rephiro | Machine Rife int\u00e9gr\u00e9e | Phipower - Phipower\",\"isPartOf\":{\"@id\":\"https:\/\/phipower.org\/fr\/#website\"},\"datePublished\":\"2026-05-11T21:49:09+00:00\",\"breadcrumb\":{\"@id\":\"https:\/\/phipower.org\/fr\/produit\/bio-harmoniseur-rephiro-machine-rife-integree-phipower\/#breadcrumb\"},\"inLanguage\":\"fr-FR\",\"potentialAction\":[{\"@type\":\"ReadAction\",\"target\":[\"https:\/\/phipower.org\/fr\/produit\/bio-harmoniseur-rephiro-machine-rife-integree-phipower\/\"]}]},{\"@type\":\"BreadcrumbList\",\"@id\":\"https:\/\/phipower.org\/fr\/produit\/bio-harmoniseur-rephiro-machine-rife-integree-phipower\/#breadcrumb\",\"itemListElement\":[{\"@type\":\"ListItem\",\"position\":1,\"name\":\"Home\",\"item\":\"https:\/\/phipower.org\/fr\/\"},{\"@type\":\"ListItem\",\"position\":2,\"name\":\"Shop\",\"item\":\"https:\/\/phipower.org\/shop\/\"},{\"@type\":\"ListItem\",\"position\":3,\"name\":\"Bio-harmoniseur Rephiro | Machine Rife int\u00e9gr\u00e9e | Phipower\"}]},{\"@type\":\"WebSite\",\"@id\":\"https:\/\/phipower.org\/fr\/#website\",\"url\":\"https:\/\/phipower.org\/fr\/\",\"name\":\"Phipower: innovatieve gezondheidsproducten\",\"description\":\"innovatieve gezondheidsproducten\",\"publisher\":{\"@id\":\"https:\/\/phipower.org\/fr\/#organization\"},\"potentialAction\":[{\"@type\":\"SearchAction\",\"target\":{\"@type\":\"EntryPoint\",\"urlTemplate\":\"https:\/\/phipower.org\/fr\/?s={search_term_string}\"},\"query-input\":{\"@type\":\"PropertyValueSpecification\",\"valueRequired\":true,\"valueName\":\"search_term_string\"}}],\"inLanguage\":\"fr-FR\"},{\"@type\":\"Organization\",\"@id\":\"https:\/\/phipower.org\/fr\/#organization\",\"name\":\"Phipower\",\"url\":\"https:\/\/phipower.org\/fr\/\",\"logo\":{\"@type\":\"ImageObject\",\"inLanguage\":\"fr-FR\",\"@id\":\"https:\/\/phipower.org\/fr\/#\/schema\/logo\/image\/\",\"url\":\"https:\/\/phipower.org\/wp-content\/uploads\/2019\/06\/z-logo-RGB-wit-power.png\",\"contentUrl\":\"https:\/\/phipower.org\/wp-content\/uploads\/2019\/06\/z-logo-RGB-wit-power.png\",\"width\":3273,\"height\":1389,\"caption\":\"Phipower\"},\"image\":{\"@id\":\"https:\/\/phipower.org\/fr\/#\/schema\/logo\/image\/\"},\"sameAs\":[\"https:\/\/www.facebook.com\/phipowertools\/\",\"https:\/\/x.com\/phipower1\",\"https:\/\/www.tiktok.com\/@phipowerhealth\"]}]}<\/script>\n<meta property=\"product:price:currency\" content=\"EUR\" \/>\n<meta property=\"og:availability\" content=\"instock\" \/>\n<meta property=\"product:availability\" content=\"instock\" \/>\n<meta property=\"product:condition\" content=\"new\" \/>\n<!-- \/ Yoast SEO Premium plugin. -->","yoast_head_json":{"title":"Bio-harmoniseur Rephiro | Machine Rife int\u00e9gr\u00e9e | Phipower - Phipower","robots":{"index":"index","follow":"follow","max-snippet":"max-snippet:-1","max-image-preview":"max-image-preview:large","max-video-preview":"max-video-preview:-1"},"canonical":"https:\/\/phipower.org\/fr\/produit\/bio-harmoniseur-rephiro-machine-rife-integree-phipower\/","og_locale":"fr_FR","og_type":"article","og_title":"Bio-harmoniseur Rephiro | Machine Rife int\u00e9gr\u00e9e | Phipower","og_description":"Bio-harmoniseur Rephiro \u2013 Quand les cellules r\u00e9apprennent \u00e0 chanter Restaurez l\u2019harmonie naturelle de votre corps Votre corps sait comment se gu\u00e9rir lui-m\u00eame. Tout ce dont il a besoin, c\u2019est de la bonne fr\u00e9quence pour r\u00e9tablir son \u00e9quilibre naturel. Le Bio-harmoniseur Rephiro Machine Rife est un appareil compact qui favorise votre sant\u00e9, augmente votre vitalit\u00e9 et...","og_url":"https:\/\/phipower.org\/fr\/produit\/bio-harmoniseur-rephiro-machine-rife-integree-phipower\/","og_site_name":"Phipower","article_publisher":"https:\/\/www.facebook.com\/phipowertools\/","og_image":[{"width":1920,"height":1080,"url":"https:\/\/phipower.org\/wp-content\/uploads\/2019\/07\/Stroomschema-Phipower.jpg","type":"image\/jpeg"}],"twitter_card":"summary_large_image","twitter_site":"@phipower1","twitter_misc":{"Prix":"","Disponibilit\u00e9":"En stock"},"schema":{"@context":"https:\/\/schema.org","@graph":[{"@type":"WebPage","@id":"https:\/\/phipower.org\/fr\/produit\/bio-harmoniseur-rephiro-machine-rife-integree-phipower\/","url":"https:\/\/phipower.org\/fr\/produit\/bio-harmoniseur-rephiro-machine-rife-integree-phipower\/","name":"Bio-harmoniseur Rephiro | Machine Rife int\u00e9gr\u00e9e | Phipower - Phipower","isPartOf":{"@id":"https:\/\/phipower.org\/fr\/#website"},"datePublished":"2026-05-11T21:49:09+00:00","breadcrumb":{"@id":"https:\/\/phipower.org\/fr\/produit\/bio-harmoniseur-rephiro-machine-rife-integree-phipower\/#breadcrumb"},"inLanguage":"fr-FR","potentialAction":[{"@type":"ReadAction","target":["https:\/\/phipower.org\/fr\/produit\/bio-harmoniseur-rephiro-machine-rife-integree-phipower\/"]}]},{"@type":"BreadcrumbList","@id":"https:\/\/phipower.org\/fr\/produit\/bio-harmoniseur-rephiro-machine-rife-integree-phipower\/#breadcrumb","itemListElement":[{"@type":"ListItem","position":1,"name":"Home","item":"https:\/\/phipower.org\/fr\/"},{"@type":"ListItem","position":2,"name":"Shop","item":"https:\/\/phipower.org\/shop\/"},{"@type":"ListItem","position":3,"name":"Bio-harmoniseur Rephiro | Machine Rife int\u00e9gr\u00e9e | Phipower"}]},{"@type":"WebSite","@id":"https:\/\/phipower.org\/fr\/#website","url":"https:\/\/phipower.org\/fr\/","name":"Phipower: innovatieve gezondheidsproducten","description":"innovatieve gezondheidsproducten","publisher":{"@id":"https:\/\/phipower.org\/fr\/#organization"},"potentialAction":[{"@type":"SearchAction","target":{"@type":"EntryPoint","urlTemplate":"https:\/\/phipower.org\/fr\/?s={search_term_string}"},"query-input":{"@type":"PropertyValueSpecification","valueRequired":true,"valueName":"search_term_string"}}],"inLanguage":"fr-FR"},{"@type":"Organization","@id":"https:\/\/phipower.org\/fr\/#organization","name":"Phipower","url":"https:\/\/phipower.org\/fr\/","logo":{"@type":"ImageObject","inLanguage":"fr-FR","@id":"https:\/\/phipower.org\/fr\/#\/schema\/logo\/image\/","url":"https:\/\/phipower.org\/wp-content\/uploads\/2019\/06\/z-logo-RGB-wit-power.png","contentUrl":"https:\/\/phipower.org\/wp-content\/uploads\/2019\/06\/z-logo-RGB-wit-power.png","width":3273,"height":1389,"caption":"Phipower"},"image":{"@id":"https:\/\/phipower.org\/fr\/#\/schema\/logo\/image\/"},"sameAs":["https:\/\/www.facebook.com\/phipowertools\/","https:\/\/x.com\/phipower1","https:\/\/www.tiktok.com\/@phipowerhealth"]}]},"product_price_currency":"EUR","og_availability":"instock","product_availability":"instock","product_condition":"new"},"_links":{"self":[{"href":"https:\/\/phipower.org\/fr\/wp-json\/wp\/v2\/product\/11837","targetHints":{"allow":["GET"]}}],"collection":[{"href":"https:\/\/phipower.org\/fr\/wp-json\/wp\/v2\/product"}],"about":[{"href":"https:\/\/phipower.org\/fr\/wp-json\/wp\/v2\/types\/product"}],"replies":[{"embeddable":true,"href":"https:\/\/phipower.org\/fr\/wp-json\/wp\/v2\/comments?post=11837"}],"wp:attachment":[{"href":"https:\/\/phipower.org\/fr\/wp-json\/wp\/v2\/media?parent=11837"}],"wp:term":[{"taxonomy":"product_brand","embeddable":true,"href":"https:\/\/phipower.org\/fr\/wp-json\/wp\/v2\/product_brand?post=11837"},{"taxonomy":"product_cat","embeddable":true,"href":"https:\/\/phipower.org\/fr\/wp-json\/wp\/v2\/product_cat?post=11837"},{"taxonomy":"product_tag","embeddable":true,"href":"https:\/\/phipower.org\/fr\/wp-json\/wp\/v2\/product_tag?post=11837"}],"curies":[{"name":"wp","href":"https:\/\/api.w.org\/{rel}","templated":true}]}}