{"id":3485,"date":"2018-09-04T21:38:04","date_gmt":"2018-09-04T21:38:04","guid":{"rendered":"https:\/\/phipower.org\/clause-de-non-responsabilite\/"},"modified":"2023-10-26T22:42:54","modified_gmt":"2023-10-26T22:42:54","slug":"clause-de-non-responsabilite","status":"publish","type":"page","link":"https:\/\/phipower.org\/fr\/clause-de-non-responsabilite\/","title":{"rendered":"Clause de non-responsabilit\u00e9"},"content":{"rendered":"<p>Ce site web est la propri\u00e9t\u00e9 de Phipower. Il est interdit de divulguer, copier ou sauvegarder le site ou des parties de celui-ci sans l&rsquo;autorisation \u00e9crite explicite de Phipower. Cette autorisation n&rsquo;est pas n\u00e9cessaire pour un usage personnel et non commercial.<\/p>\n<p>Les informations affich\u00e9es sur ce site web sont compil\u00e9es par Phipower avec un soin et une attention constants. N\u00e9anmoins, les informations publi\u00e9es sur le site peuvent \u00eatre incompl\u00e8tes et\/ou incorrectes. Les prix indiqu\u00e9s sur ce site sont en euros TTC. 21% de TVA, sous r\u00e9serve d&rsquo;erreurs et de modifications de prix.<\/p>\n<p>Les informations contenues dans le site sont r\u00e9guli\u00e8rement compl\u00e9t\u00e9es et\/ou mises \u00e0 jour. Phipower se r\u00e9serve le droit d&rsquo;apporter des modifications avec effet imm\u00e9diat et sans pr\u00e9avis.<\/p>\n<p>Toutes les informations, tous les produits et tous les services sont propos\u00e9s dans leur \u00e9tat actuel et sans aucune garantie (implicite) quant \u00e0 leur disponibilit\u00e9, leur bien-fond\u00e9, leur ad\u00e9quation \u00e0 un usage particulier ou autre.<\/p>\n<p>Bien que Phipower s&rsquo;efforce de pr\u00e9venir les abus, Phipower n&rsquo;est pas responsable des informations et\/ou des messages envoy\u00e9s via Internet par les utilisateurs du site.<\/p>\n<p>Phipower exclut toute responsabilit\u00e9 pour les dommages directs ou indirects, de quelque nature que ce soit, r\u00e9sultant de ou li\u00e9s de quelque mani\u00e8re que ce soit au site web.<\/p>\n","protected":false},"excerpt":{"rendered":"<p>Ce site web est la propri\u00e9t\u00e9 de Phipower. Il est interdit de divulguer, copier ou sauvegarder le site ou des parties de celui-ci sans l&rsquo;autorisation \u00e9crite explicite de Phipower. Cette autorisation n&rsquo;est pas n\u00e9cessaire pour un usage personnel et non commercial. Les informations affich\u00e9es sur ce site web sont compil\u00e9es par Phipower avec un soin&#8230;<\/p>\n","protected":false},"author":1,"featured_media":0,"parent":0,"menu_order":0,"comment_status":"closed","ping_status":"closed","template":"","meta":{"footnotes":""},"class_list":["post-3485","page","type-page","status-publish","hentry"],"yoast_head":"<!-- This site is optimized with the Yoast SEO Premium plugin v23.6 (Yoast SEO v27.2) - https:\/\/yoast.com\/product\/yoast-seo-premium-wordpress\/ -->\n<title>Phipower Disclaimer : informations importantes pour les utilisateurs<\/title>\n<meta name=\"description\" content=\"Veuillez lire la clause de non-responsabilit\u00e9 de Phipower pour comprendre les conditions d&#039;utilisation de notre site web et de nos produits. Nous attachons une grande importance \u00e0 la transparence et voulons nous assurer que vous disposez de toutes les informations dont vous avez besoin.\" \/>\n<meta name=\"robots\" content=\"index, follow, max-snippet:-1, max-image-preview:large, max-video-preview:-1\" \/>\n<link rel=\"canonical\" href=\"https:\/\/phipower.org\/fr\/clause-de-non-responsabilite\/\" \/>\n<meta property=\"og:locale\" content=\"fr_FR\" \/>\n<meta property=\"og:type\" content=\"article\" \/>\n<meta property=\"og:title\" content=\"Clause de non-responsabilit\u00e9\" \/>\n<meta property=\"og:description\" content=\"Veuillez lire la clause de non-responsabilit\u00e9 de Phipower pour comprendre les conditions d&#039;utilisation de notre site web et de nos produits. Nous attachons une grande importance \u00e0 la transparence et voulons nous assurer que vous disposez de toutes les informations dont vous avez besoin.\" \/>\n<meta property=\"og:url\" content=\"https:\/\/phipower.org\/fr\/clause-de-non-responsabilite\/\" \/>\n<meta property=\"og:site_name\" content=\"Phipower\" \/>\n<meta property=\"article:publisher\" content=\"https:\/\/www.facebook.com\/phipowertools\/\" \/>\n<meta property=\"article:modified_time\" content=\"2023-10-26T22:42:54+00:00\" \/>\n<meta property=\"og:image\" content=\"https:\/\/phipower.org\/wp-content\/uploads\/2019\/07\/Stroomschema-Phipower.jpg\" \/>\n\t<meta property=\"og:image:width\" content=\"1920\" \/>\n\t<meta property=\"og:image:height\" content=\"1080\" \/>\n\t<meta property=\"og:image:type\" content=\"image\/jpeg\" \/>\n<meta name=\"twitter:card\" content=\"summary_large_image\" \/>\n<meta name=\"twitter:site\" content=\"@phipower1\" \/>\n<meta name=\"twitter:label1\" content=\"Dur\u00e9e de lecture estim\u00e9e\" \/>\n\t<meta name=\"twitter:data1\" content=\"1 minute\" \/>\n<script type=\"application\/ld+json\" class=\"yoast-schema-graph\">{\"@context\":\"https:\/\/schema.org\",\"@graph\":[{\"@type\":\"WebPage\",\"@id\":\"https:\/\/phipower.org\/fr\/clause-de-non-responsabilite\/\",\"url\":\"https:\/\/phipower.org\/fr\/clause-de-non-responsabilite\/\",\"name\":\"Phipower Disclaimer : informations importantes pour les utilisateurs\",\"isPartOf\":{\"@id\":\"https:\/\/phipower.org\/fr\/#website\"},\"datePublished\":\"2018-09-04T21:38:04+00:00\",\"dateModified\":\"2023-10-26T22:42:54+00:00\",\"description\":\"Veuillez lire la clause de non-responsabilit\u00e9 de Phipower pour comprendre les conditions d'utilisation de notre site web et de nos produits. Nous attachons une grande importance \u00e0 la transparence et voulons nous assurer que vous disposez de toutes les informations dont vous avez besoin.\",\"breadcrumb\":{\"@id\":\"https:\/\/phipower.org\/fr\/clause-de-non-responsabilite\/#breadcrumb\"},\"inLanguage\":\"fr-FR\",\"potentialAction\":[{\"@type\":\"ReadAction\",\"target\":[\"https:\/\/phipower.org\/fr\/clause-de-non-responsabilite\/\"]}]},{\"@type\":\"BreadcrumbList\",\"@id\":\"https:\/\/phipower.org\/fr\/clause-de-non-responsabilite\/#breadcrumb\",\"itemListElement\":[{\"@type\":\"ListItem\",\"position\":1,\"name\":\"Home\",\"item\":\"https:\/\/phipower.org\/fr\/\"},{\"@type\":\"ListItem\",\"position\":2,\"name\":\"Clause de non-responsabilit\u00e9\"}]},{\"@type\":\"WebSite\",\"@id\":\"https:\/\/phipower.org\/fr\/#website\",\"url\":\"https:\/\/phipower.org\/fr\/\",\"name\":\"Phipower: innovatieve gezondheidsproducten\",\"description\":\"innovatieve gezondheidsproducten\",\"publisher\":{\"@id\":\"https:\/\/phipower.org\/fr\/#organization\"},\"potentialAction\":[{\"@type\":\"SearchAction\",\"target\":{\"@type\":\"EntryPoint\",\"urlTemplate\":\"https:\/\/phipower.org\/fr\/?s={search_term_string}\"},\"query-input\":{\"@type\":\"PropertyValueSpecification\",\"valueRequired\":true,\"valueName\":\"search_term_string\"}}],\"inLanguage\":\"fr-FR\"},{\"@type\":\"Organization\",\"@id\":\"https:\/\/phipower.org\/fr\/#organization\",\"name\":\"Phipower\",\"url\":\"https:\/\/phipower.org\/fr\/\",\"logo\":{\"@type\":\"ImageObject\",\"inLanguage\":\"fr-FR\",\"@id\":\"https:\/\/phipower.org\/fr\/#\/schema\/logo\/image\/\",\"url\":\"https:\/\/phipower.org\/wp-content\/uploads\/2019\/06\/z-logo-RGB-wit-power.png\",\"contentUrl\":\"https:\/\/phipower.org\/wp-content\/uploads\/2019\/06\/z-logo-RGB-wit-power.png\",\"width\":3273,\"height\":1389,\"caption\":\"Phipower\"},\"image\":{\"@id\":\"https:\/\/phipower.org\/fr\/#\/schema\/logo\/image\/\"},\"sameAs\":[\"https:\/\/www.facebook.com\/phipowertools\/\",\"https:\/\/x.com\/phipower1\",\"https:\/\/www.tiktok.com\/@phipowerhealth\"]}]}<\/script>\n<!-- \/ Yoast SEO Premium plugin. -->","yoast_head_json":{"title":"Phipower Disclaimer : informations importantes pour les utilisateurs","description":"Veuillez lire la clause de non-responsabilit\u00e9 de Phipower pour comprendre les conditions d'utilisation de notre site web et de nos produits. Nous attachons une grande importance \u00e0 la transparence et voulons nous assurer que vous disposez de toutes les informations dont vous avez besoin.","robots":{"index":"index","follow":"follow","max-snippet":"max-snippet:-1","max-image-preview":"max-image-preview:large","max-video-preview":"max-video-preview:-1"},"canonical":"https:\/\/phipower.org\/fr\/clause-de-non-responsabilite\/","og_locale":"fr_FR","og_type":"article","og_title":"Clause de non-responsabilit\u00e9","og_description":"Veuillez lire la clause de non-responsabilit\u00e9 de Phipower pour comprendre les conditions d'utilisation de notre site web et de nos produits. Nous attachons une grande importance \u00e0 la transparence et voulons nous assurer que vous disposez de toutes les informations dont vous avez besoin.","og_url":"https:\/\/phipower.org\/fr\/clause-de-non-responsabilite\/","og_site_name":"Phipower","article_publisher":"https:\/\/www.facebook.com\/phipowertools\/","article_modified_time":"2023-10-26T22:42:54+00:00","og_image":[{"width":1920,"height":1080,"url":"https:\/\/phipower.org\/wp-content\/uploads\/2019\/07\/Stroomschema-Phipower.jpg","type":"image\/jpeg"}],"twitter_card":"summary_large_image","twitter_site":"@phipower1","twitter_misc":{"Dur\u00e9e de lecture estim\u00e9e":"1 minute"},"schema":{"@context":"https:\/\/schema.org","@graph":[{"@type":"WebPage","@id":"https:\/\/phipower.org\/fr\/clause-de-non-responsabilite\/","url":"https:\/\/phipower.org\/fr\/clause-de-non-responsabilite\/","name":"Phipower Disclaimer : informations importantes pour les utilisateurs","isPartOf":{"@id":"https:\/\/phipower.org\/fr\/#website"},"datePublished":"2018-09-04T21:38:04+00:00","dateModified":"2023-10-26T22:42:54+00:00","description":"Veuillez lire la clause de non-responsabilit\u00e9 de Phipower pour comprendre les conditions d'utilisation de notre site web et de nos produits. Nous attachons une grande importance \u00e0 la transparence et voulons nous assurer que vous disposez de toutes les informations dont vous avez besoin.","breadcrumb":{"@id":"https:\/\/phipower.org\/fr\/clause-de-non-responsabilite\/#breadcrumb"},"inLanguage":"fr-FR","potentialAction":[{"@type":"ReadAction","target":["https:\/\/phipower.org\/fr\/clause-de-non-responsabilite\/"]}]},{"@type":"BreadcrumbList","@id":"https:\/\/phipower.org\/fr\/clause-de-non-responsabilite\/#breadcrumb","itemListElement":[{"@type":"ListItem","position":1,"name":"Home","item":"https:\/\/phipower.org\/fr\/"},{"@type":"ListItem","position":2,"name":"Clause de non-responsabilit\u00e9"}]},{"@type":"WebSite","@id":"https:\/\/phipower.org\/fr\/#website","url":"https:\/\/phipower.org\/fr\/","name":"Phipower: innovatieve gezondheidsproducten","description":"innovatieve gezondheidsproducten","publisher":{"@id":"https:\/\/phipower.org\/fr\/#organization"},"potentialAction":[{"@type":"SearchAction","target":{"@type":"EntryPoint","urlTemplate":"https:\/\/phipower.org\/fr\/?s={search_term_string}"},"query-input":{"@type":"PropertyValueSpecification","valueRequired":true,"valueName":"search_term_string"}}],"inLanguage":"fr-FR"},{"@type":"Organization","@id":"https:\/\/phipower.org\/fr\/#organization","name":"Phipower","url":"https:\/\/phipower.org\/fr\/","logo":{"@type":"ImageObject","inLanguage":"fr-FR","@id":"https:\/\/phipower.org\/fr\/#\/schema\/logo\/image\/","url":"https:\/\/phipower.org\/wp-content\/uploads\/2019\/06\/z-logo-RGB-wit-power.png","contentUrl":"https:\/\/phipower.org\/wp-content\/uploads\/2019\/06\/z-logo-RGB-wit-power.png","width":3273,"height":1389,"caption":"Phipower"},"image":{"@id":"https:\/\/phipower.org\/fr\/#\/schema\/logo\/image\/"},"sameAs":["https:\/\/www.facebook.com\/phipowertools\/","https:\/\/x.com\/phipower1","https:\/\/www.tiktok.com\/@phipowerhealth"]}]}},"_links":{"self":[{"href":"https:\/\/phipower.org\/fr\/wp-json\/wp\/v2\/pages\/3485","targetHints":{"allow":["GET"]}}],"collection":[{"href":"https:\/\/phipower.org\/fr\/wp-json\/wp\/v2\/pages"}],"about":[{"href":"https:\/\/phipower.org\/fr\/wp-json\/wp\/v2\/types\/page"}],"author":[{"embeddable":true,"href":"https:\/\/phipower.org\/fr\/wp-json\/wp\/v2\/users\/1"}],"replies":[{"embeddable":true,"href":"https:\/\/phipower.org\/fr\/wp-json\/wp\/v2\/comments?post=3485"}],"version-history":[{"count":1,"href":"https:\/\/phipower.org\/fr\/wp-json\/wp\/v2\/pages\/3485\/revisions"}],"predecessor-version":[{"id":4452,"href":"https:\/\/phipower.org\/fr\/wp-json\/wp\/v2\/pages\/3485\/revisions\/4452"}],"wp:attachment":[{"href":"https:\/\/phipower.org\/fr\/wp-json\/wp\/v2\/media?parent=3485"}],"curies":[{"name":"wp","href":"https:\/\/api.w.org\/{rel}","templated":true}]}}