{"id":3475,"date":"2018-09-04T21:48:14","date_gmt":"2018-09-04T21:48:14","guid":{"rendered":"https:\/\/phipower.org\/contact\/"},"modified":"2023-10-26T22:46:44","modified_gmt":"2023-10-26T22:46:44","slug":"contact","status":"publish","type":"page","link":"https:\/\/phipower.org\/fr\/contact\/","title":{"rendered":"Contact"},"content":{"rendered":"<h2><strong>Coordonn\u00e9es de Phipower<\/strong><\/h2>\n<p>Chez Phipower, nous sommes toujours \u00e0 la recherche de solutions b\u00e9n\u00e9fiques aux probl\u00e8mes quotidiens. Notre \u00e9quipe de service \u00e0 la client\u00e8le est joignable par t\u00e9l\u00e9phone ou par courrier \u00e9lectronique les jours ouvrables. Vous avez une question ou un commentaire sur l&rsquo;un de nos produits ? N&rsquo;h\u00e9sitez pas \u00e0 nous contacter.<strong><br \/>\n<\/strong><\/p>\n<p><strong>Adresse de la succursale :<\/strong><br \/>\nPhipower<br \/>\nMarkenhaven 28<br \/>\n3826 AC Amersfoort<br \/>\nPays-Bas<\/p>\n<p><strong>Adresse de retour :<\/strong><br \/>\nPhipower<br \/>\nMarkenhaven 28<br \/>\n3826 AC Amersfoort<br \/>\nPays-Bas<\/p>\n<p><strong>Num\u00e9ro de t\u00e9l\u00e9phone :<\/strong><br \/>\n085-3033501 (disponible du lundi au vendredi de 8h30 \u00e0 17h)<\/p>\n<p><strong>E-mail :<\/strong><br \/>\ninfo@phipower.nl<\/p>\n<p><strong>Num\u00e9ro de la chambre de commerce :<\/strong><br \/>\n68972849<\/p>\n<p><strong>Num\u00e9ro d&rsquo;identification TVA Pays-Bas :<\/strong><br \/>\nNL857669990B01<\/p>\n","protected":false},"excerpt":{"rendered":"<p>Coordonn\u00e9es de Phipower Chez Phipower, nous sommes toujours \u00e0 la recherche de solutions b\u00e9n\u00e9fiques aux probl\u00e8mes quotidiens. Notre \u00e9quipe de service \u00e0 la client\u00e8le est joignable par t\u00e9l\u00e9phone ou par courrier \u00e9lectronique les jours ouvrables. Vous avez une question ou un commentaire sur l&rsquo;un de nos produits ? N&rsquo;h\u00e9sitez pas \u00e0 nous contacter. Adresse de&#8230;<\/p>\n","protected":false},"author":1,"featured_media":0,"parent":0,"menu_order":0,"comment_status":"closed","ping_status":"closed","template":"","meta":{"footnotes":""},"class_list":["post-3475","page","type-page","status-publish","hentry"],"yoast_head":"<!-- This site is optimized with the Yoast SEO Premium plugin v23.6 (Yoast SEO v27.2) - https:\/\/yoast.com\/product\/yoast-seo-premium-wordpress\/ -->\n<title>Contactez-nous pour un soutien en mati\u00e8re de sant\u00e9 et de bien-\u00eatre - Contacter Phipower<\/title>\n<meta name=\"description\" content=\"Contactez Phipower pour toute question ou information sur nos produits de sant\u00e9 et de bien-\u00eatre. Notre \u00e9quipe d\u00e9vou\u00e9e est pr\u00eate \u00e0 vous aider sur la voie du bien-\u00eatre.\" \/>\n<meta name=\"robots\" content=\"index, follow, max-snippet:-1, max-image-preview:large, max-video-preview:-1\" \/>\n<link rel=\"canonical\" href=\"https:\/\/phipower.org\/fr\/contact\/\" \/>\n<meta property=\"og:locale\" content=\"fr_FR\" \/>\n<meta property=\"og:type\" content=\"article\" \/>\n<meta property=\"og:title\" content=\"Contact\" \/>\n<meta property=\"og:description\" content=\"Contactez Phipower pour toute question ou information sur nos produits de sant\u00e9 et de bien-\u00eatre. Notre \u00e9quipe d\u00e9vou\u00e9e est pr\u00eate \u00e0 vous aider sur la voie du bien-\u00eatre.\" \/>\n<meta property=\"og:url\" content=\"https:\/\/phipower.org\/fr\/contact\/\" \/>\n<meta property=\"og:site_name\" content=\"Phipower\" \/>\n<meta property=\"article:publisher\" content=\"https:\/\/www.facebook.com\/phipowertools\/\" \/>\n<meta property=\"article:modified_time\" content=\"2023-10-26T22:46:44+00:00\" \/>\n<meta property=\"og:image\" content=\"https:\/\/phipower.org\/wp-content\/uploads\/2019\/07\/Stroomschema-Phipower.jpg\" \/>\n\t<meta property=\"og:image:width\" content=\"1920\" \/>\n\t<meta property=\"og:image:height\" content=\"1080\" \/>\n\t<meta property=\"og:image:type\" content=\"image\/jpeg\" \/>\n<meta name=\"twitter:card\" content=\"summary_large_image\" \/>\n<meta name=\"twitter:site\" content=\"@phipower1\" \/>\n<meta name=\"twitter:label1\" content=\"Dur\u00e9e de lecture estim\u00e9e\" \/>\n\t<meta name=\"twitter:data1\" content=\"1 minute\" \/>\n<script type=\"application\/ld+json\" class=\"yoast-schema-graph\">{\"@context\":\"https:\/\/schema.org\",\"@graph\":[{\"@type\":\"WebPage\",\"@id\":\"https:\/\/phipower.org\/fr\/contact\/\",\"url\":\"https:\/\/phipower.org\/fr\/contact\/\",\"name\":\"Contactez-nous pour un soutien en mati\u00e8re de sant\u00e9 et de bien-\u00eatre - Contacter Phipower\",\"isPartOf\":{\"@id\":\"https:\/\/phipower.org\/fr\/#website\"},\"datePublished\":\"2018-09-04T21:48:14+00:00\",\"dateModified\":\"2023-10-26T22:46:44+00:00\",\"description\":\"Contactez Phipower pour toute question ou information sur nos produits de sant\u00e9 et de bien-\u00eatre. Notre \u00e9quipe d\u00e9vou\u00e9e est pr\u00eate \u00e0 vous aider sur la voie du bien-\u00eatre.\",\"breadcrumb\":{\"@id\":\"https:\/\/phipower.org\/fr\/contact\/#breadcrumb\"},\"inLanguage\":\"fr-FR\",\"potentialAction\":[{\"@type\":\"ReadAction\",\"target\":[\"https:\/\/phipower.org\/fr\/contact\/\"]}]},{\"@type\":\"BreadcrumbList\",\"@id\":\"https:\/\/phipower.org\/fr\/contact\/#breadcrumb\",\"itemListElement\":[{\"@type\":\"ListItem\",\"position\":1,\"name\":\"Home\",\"item\":\"https:\/\/phipower.org\/fr\/\"},{\"@type\":\"ListItem\",\"position\":2,\"name\":\"Contact\"}]},{\"@type\":\"WebSite\",\"@id\":\"https:\/\/phipower.org\/fr\/#website\",\"url\":\"https:\/\/phipower.org\/fr\/\",\"name\":\"Phipower: innovatieve gezondheidsproducten\",\"description\":\"innovatieve gezondheidsproducten\",\"publisher\":{\"@id\":\"https:\/\/phipower.org\/fr\/#organization\"},\"potentialAction\":[{\"@type\":\"SearchAction\",\"target\":{\"@type\":\"EntryPoint\",\"urlTemplate\":\"https:\/\/phipower.org\/fr\/?s={search_term_string}\"},\"query-input\":{\"@type\":\"PropertyValueSpecification\",\"valueRequired\":true,\"valueName\":\"search_term_string\"}}],\"inLanguage\":\"fr-FR\"},{\"@type\":\"Organization\",\"@id\":\"https:\/\/phipower.org\/fr\/#organization\",\"name\":\"Phipower\",\"url\":\"https:\/\/phipower.org\/fr\/\",\"logo\":{\"@type\":\"ImageObject\",\"inLanguage\":\"fr-FR\",\"@id\":\"https:\/\/phipower.org\/fr\/#\/schema\/logo\/image\/\",\"url\":\"https:\/\/phipower.org\/wp-content\/uploads\/2019\/06\/z-logo-RGB-wit-power.png\",\"contentUrl\":\"https:\/\/phipower.org\/wp-content\/uploads\/2019\/06\/z-logo-RGB-wit-power.png\",\"width\":3273,\"height\":1389,\"caption\":\"Phipower\"},\"image\":{\"@id\":\"https:\/\/phipower.org\/fr\/#\/schema\/logo\/image\/\"},\"sameAs\":[\"https:\/\/www.facebook.com\/phipowertools\/\",\"https:\/\/x.com\/phipower1\",\"https:\/\/www.tiktok.com\/@phipowerhealth\"]}]}<\/script>\n<!-- \/ Yoast SEO Premium plugin. -->","yoast_head_json":{"title":"Contactez-nous pour un soutien en mati\u00e8re de sant\u00e9 et de bien-\u00eatre - Contacter Phipower","description":"Contactez Phipower pour toute question ou information sur nos produits de sant\u00e9 et de bien-\u00eatre. Notre \u00e9quipe d\u00e9vou\u00e9e est pr\u00eate \u00e0 vous aider sur la voie du bien-\u00eatre.","robots":{"index":"index","follow":"follow","max-snippet":"max-snippet:-1","max-image-preview":"max-image-preview:large","max-video-preview":"max-video-preview:-1"},"canonical":"https:\/\/phipower.org\/fr\/contact\/","og_locale":"fr_FR","og_type":"article","og_title":"Contact","og_description":"Contactez Phipower pour toute question ou information sur nos produits de sant\u00e9 et de bien-\u00eatre. Notre \u00e9quipe d\u00e9vou\u00e9e est pr\u00eate \u00e0 vous aider sur la voie du bien-\u00eatre.","og_url":"https:\/\/phipower.org\/fr\/contact\/","og_site_name":"Phipower","article_publisher":"https:\/\/www.facebook.com\/phipowertools\/","article_modified_time":"2023-10-26T22:46:44+00:00","og_image":[{"width":1920,"height":1080,"url":"https:\/\/phipower.org\/wp-content\/uploads\/2019\/07\/Stroomschema-Phipower.jpg","type":"image\/jpeg"}],"twitter_card":"summary_large_image","twitter_site":"@phipower1","twitter_misc":{"Dur\u00e9e de lecture estim\u00e9e":"1 minute"},"schema":{"@context":"https:\/\/schema.org","@graph":[{"@type":"WebPage","@id":"https:\/\/phipower.org\/fr\/contact\/","url":"https:\/\/phipower.org\/fr\/contact\/","name":"Contactez-nous pour un soutien en mati\u00e8re de sant\u00e9 et de bien-\u00eatre - Contacter Phipower","isPartOf":{"@id":"https:\/\/phipower.org\/fr\/#website"},"datePublished":"2018-09-04T21:48:14+00:00","dateModified":"2023-10-26T22:46:44+00:00","description":"Contactez Phipower pour toute question ou information sur nos produits de sant\u00e9 et de bien-\u00eatre. Notre \u00e9quipe d\u00e9vou\u00e9e est pr\u00eate \u00e0 vous aider sur la voie du bien-\u00eatre.","breadcrumb":{"@id":"https:\/\/phipower.org\/fr\/contact\/#breadcrumb"},"inLanguage":"fr-FR","potentialAction":[{"@type":"ReadAction","target":["https:\/\/phipower.org\/fr\/contact\/"]}]},{"@type":"BreadcrumbList","@id":"https:\/\/phipower.org\/fr\/contact\/#breadcrumb","itemListElement":[{"@type":"ListItem","position":1,"name":"Home","item":"https:\/\/phipower.org\/fr\/"},{"@type":"ListItem","position":2,"name":"Contact"}]},{"@type":"WebSite","@id":"https:\/\/phipower.org\/fr\/#website","url":"https:\/\/phipower.org\/fr\/","name":"Phipower: innovatieve gezondheidsproducten","description":"innovatieve gezondheidsproducten","publisher":{"@id":"https:\/\/phipower.org\/fr\/#organization"},"potentialAction":[{"@type":"SearchAction","target":{"@type":"EntryPoint","urlTemplate":"https:\/\/phipower.org\/fr\/?s={search_term_string}"},"query-input":{"@type":"PropertyValueSpecification","valueRequired":true,"valueName":"search_term_string"}}],"inLanguage":"fr-FR"},{"@type":"Organization","@id":"https:\/\/phipower.org\/fr\/#organization","name":"Phipower","url":"https:\/\/phipower.org\/fr\/","logo":{"@type":"ImageObject","inLanguage":"fr-FR","@id":"https:\/\/phipower.org\/fr\/#\/schema\/logo\/image\/","url":"https:\/\/phipower.org\/wp-content\/uploads\/2019\/06\/z-logo-RGB-wit-power.png","contentUrl":"https:\/\/phipower.org\/wp-content\/uploads\/2019\/06\/z-logo-RGB-wit-power.png","width":3273,"height":1389,"caption":"Phipower"},"image":{"@id":"https:\/\/phipower.org\/fr\/#\/schema\/logo\/image\/"},"sameAs":["https:\/\/www.facebook.com\/phipowertools\/","https:\/\/x.com\/phipower1","https:\/\/www.tiktok.com\/@phipowerhealth"]}]}},"_links":{"self":[{"href":"https:\/\/phipower.org\/fr\/wp-json\/wp\/v2\/pages\/3475","targetHints":{"allow":["GET"]}}],"collection":[{"href":"https:\/\/phipower.org\/fr\/wp-json\/wp\/v2\/pages"}],"about":[{"href":"https:\/\/phipower.org\/fr\/wp-json\/wp\/v2\/types\/page"}],"author":[{"embeddable":true,"href":"https:\/\/phipower.org\/fr\/wp-json\/wp\/v2\/users\/1"}],"replies":[{"embeddable":true,"href":"https:\/\/phipower.org\/fr\/wp-json\/wp\/v2\/comments?post=3475"}],"version-history":[{"count":1,"href":"https:\/\/phipower.org\/fr\/wp-json\/wp\/v2\/pages\/3475\/revisions"}],"predecessor-version":[{"id":4477,"href":"https:\/\/phipower.org\/fr\/wp-json\/wp\/v2\/pages\/3475\/revisions\/4477"}],"wp:attachment":[{"href":"https:\/\/phipower.org\/fr\/wp-json\/wp\/v2\/media?parent=3475"}],"curies":[{"name":"wp","href":"https:\/\/api.w.org\/{rel}","templated":true}]}}