{"id":3461,"date":"2018-09-04T21:45:44","date_gmt":"2018-09-04T21:45:44","guid":{"rendered":"https:\/\/phipower.org\/service-a-la-clientele\/"},"modified":"2023-10-26T10:55:03","modified_gmt":"2023-10-26T10:55:03","slug":"service-a-la-clientele","status":"publish","type":"page","link":"https:\/\/phipower.org\/fr\/service-a-la-clientele\/","title":{"rendered":"Service \u00e0 la client\u00e8le"},"content":{"rendered":"<h1>Service client\u00e8le Phipower<\/h1>\n<div>\n<p>Vous avez une question sur un produit ou sur votre commande ? N&rsquo;h\u00e9sitez pas \u00e0 contacter notre service client\u00e8le qui se fera un plaisir de vous aider. Nous sommes \u00e0 votre service du lundi au vendredi de 8h30 \u00e0 17h. Remplissez le formulaire \u00e0 droite ou appelez le 085 &#8211; 303 35 01.<\/p>\n<p><strong>Exp\u00e9dition et retours<\/strong><br \/>\nVous avez des questions concernant une commande pass\u00e9e ou un retour ? Si c&rsquo;est le cas, contactez-nous et ayez votre num\u00e9ro de commande \u00e0 port\u00e9e de main. Vous pouvez nous joindre par t\u00e9l\u00e9phone ou par courrier \u00e9lectronique. Veuillez lire au pr\u00e9alable nos <a href=\"https:\/\/phipower.org\/service\/shipping-returns\/?_ga=1.120840715.2001467923.1461223340\">conditions de livraison et de retour<\/a>.<\/p>\n<p><strong>Traitement des plaintes<br \/>\n<\/strong>Il est bien s\u00fbr ennuyeux d&rsquo;avoir une plainte concernant le service tel que vous l&rsquo;avez v\u00e9cu. N\u00e9anmoins, nous vous demandons de bien vouloir communiquer votre plainte au service de contact avec la client\u00e8le par courrier \u00e9lectronique. Cela peut se faire par courrier \u00e9lectronique, par courrier postal et\/ou par t\u00e9l\u00e9phone. Notre personnel de contact avec la client\u00e8le examinera la plainte et tentera de la r\u00e9soudre \u00e0 la satisfaction de tous.<\/p>\n<p>Nos coordonn\u00e9es :<br \/>\nMobisun\/Phipower<br \/>\nMarkenhaven 28<br \/>\n3826 AC Amersfoort<br \/>\ne-mail : info[at]phipower[.]nl<br \/>\n085-3033501 (disponible du lundi au vendredi de 8h30 \u00e0 17h)<\/p>\n<p>Apr\u00e8s avoir re\u00e7u votre plainte, nous vous enverrons un accus\u00e9 de r\u00e9ception. Nous r\u00e9pondrons \u00e0 votre plainte dans les 14 jours suivant sa r\u00e9ception. Si le d\u00e9lai est plus long, nous vous en informerons.<\/p>\n<p>Si vous ne l&rsquo;appr\u00e9ciez pas, vous pouvez toujours contacter le service de m\u00e9diation de la Stichting Webshop Keurmerk \u00e0 laquelle Mobisun.com est affili\u00e9. Si la tentative de m\u00e9diation n&rsquo;aboutit pas \u00e0 une solution satisfaisante pour quelque raison que ce soit, vous avez la possibilit\u00e9 de soumettre votre litige au comit\u00e9 des litiges (SGC).<\/p>\n<\/div>\n","protected":false},"excerpt":{"rendered":"<p>Service client\u00e8le Phipower Vous avez une question sur un produit ou sur votre commande ? N&rsquo;h\u00e9sitez pas \u00e0 contacter notre service client\u00e8le qui se fera un plaisir de vous aider. Nous sommes \u00e0 votre service du lundi au vendredi de 8h30 \u00e0 17h. Remplissez le formulaire \u00e0 droite ou appelez le 085 &#8211; 303 35&#8230;<\/p>\n","protected":false},"author":1,"featured_media":0,"parent":0,"menu_order":0,"comment_status":"closed","ping_status":"closed","template":"","meta":{"footnotes":""},"class_list":["post-3461","page","type-page","status-publish","hentry"],"yoast_head":"<!-- This site is optimized with the Yoast SEO Premium plugin v23.6 (Yoast SEO v27.2) - https:\/\/yoast.com\/product\/yoast-seo-premium-wordpress\/ -->\n<title>Un service client\u00e8le de premier ordre chez Phipower<\/title>\n<meta name=\"description\" content=\"et d\u00e9couvrez l&#039;exp\u00e9rience exceptionnelle du service \u00e0 la client\u00e8le de Phipower. Notre \u00e9quipe est pr\u00eate \u00e0 vous aider si vous avez des questions ou si vous avez besoin d&#039;aide au cours de votre voyage vers le bien-\u00eatre.\" \/>\n<meta name=\"robots\" content=\"index, follow, max-snippet:-1, max-image-preview:large, max-video-preview:-1\" \/>\n<link rel=\"canonical\" href=\"https:\/\/phipower.org\/fr\/service-a-la-clientele\/\" \/>\n<meta property=\"og:locale\" content=\"fr_FR\" \/>\n<meta property=\"og:type\" content=\"article\" \/>\n<meta property=\"og:title\" content=\"Service \u00e0 la client\u00e8le\" \/>\n<meta property=\"og:description\" content=\"et d\u00e9couvrez l&#039;exp\u00e9rience exceptionnelle du service \u00e0 la client\u00e8le de Phipower. Notre \u00e9quipe est pr\u00eate \u00e0 vous aider si vous avez des questions ou si vous avez besoin d&#039;aide au cours de votre voyage vers le bien-\u00eatre.\" \/>\n<meta property=\"og:url\" content=\"https:\/\/phipower.org\/fr\/service-a-la-clientele\/\" \/>\n<meta property=\"og:site_name\" content=\"Phipower\" \/>\n<meta property=\"article:publisher\" content=\"https:\/\/www.facebook.com\/phipowertools\/\" \/>\n<meta property=\"article:modified_time\" content=\"2023-10-26T10:55:03+00:00\" \/>\n<meta property=\"og:image\" content=\"https:\/\/phipower.org\/wp-content\/uploads\/2019\/07\/Stroomschema-Phipower.jpg\" \/>\n\t<meta property=\"og:image:width\" content=\"1920\" \/>\n\t<meta property=\"og:image:height\" content=\"1080\" \/>\n\t<meta property=\"og:image:type\" content=\"image\/jpeg\" \/>\n<meta name=\"twitter:card\" content=\"summary_large_image\" \/>\n<meta name=\"twitter:site\" content=\"@phipower1\" \/>\n<meta name=\"twitter:label1\" content=\"Dur\u00e9e de lecture estim\u00e9e\" \/>\n\t<meta name=\"twitter:data1\" content=\"2 minutes\" \/>\n<script type=\"application\/ld+json\" class=\"yoast-schema-graph\">{\"@context\":\"https:\/\/schema.org\",\"@graph\":[{\"@type\":\"WebPage\",\"@id\":\"https:\/\/phipower.org\/fr\/service-a-la-clientele\/\",\"url\":\"https:\/\/phipower.org\/fr\/service-a-la-clientele\/\",\"name\":\"Un service client\u00e8le de premier ordre chez Phipower\",\"isPartOf\":{\"@id\":\"https:\/\/phipower.org\/fr\/#website\"},\"datePublished\":\"2018-09-04T21:45:44+00:00\",\"dateModified\":\"2023-10-26T10:55:03+00:00\",\"description\":\"et d\u00e9couvrez l'exp\u00e9rience exceptionnelle du service \u00e0 la client\u00e8le de Phipower. Notre \u00e9quipe est pr\u00eate \u00e0 vous aider si vous avez des questions ou si vous avez besoin d'aide au cours de votre voyage vers le bien-\u00eatre.\",\"breadcrumb\":{\"@id\":\"https:\/\/phipower.org\/fr\/service-a-la-clientele\/#breadcrumb\"},\"inLanguage\":\"fr-FR\",\"potentialAction\":[{\"@type\":\"ReadAction\",\"target\":[\"https:\/\/phipower.org\/fr\/service-a-la-clientele\/\"]}]},{\"@type\":\"BreadcrumbList\",\"@id\":\"https:\/\/phipower.org\/fr\/service-a-la-clientele\/#breadcrumb\",\"itemListElement\":[{\"@type\":\"ListItem\",\"position\":1,\"name\":\"Home\",\"item\":\"https:\/\/phipower.org\/fr\/\"},{\"@type\":\"ListItem\",\"position\":2,\"name\":\"Service \u00e0 la client\u00e8le\"}]},{\"@type\":\"WebSite\",\"@id\":\"https:\/\/phipower.org\/fr\/#website\",\"url\":\"https:\/\/phipower.org\/fr\/\",\"name\":\"Phipower: innovatieve gezondheidsproducten\",\"description\":\"innovatieve gezondheidsproducten\",\"publisher\":{\"@id\":\"https:\/\/phipower.org\/fr\/#organization\"},\"potentialAction\":[{\"@type\":\"SearchAction\",\"target\":{\"@type\":\"EntryPoint\",\"urlTemplate\":\"https:\/\/phipower.org\/fr\/?s={search_term_string}\"},\"query-input\":{\"@type\":\"PropertyValueSpecification\",\"valueRequired\":true,\"valueName\":\"search_term_string\"}}],\"inLanguage\":\"fr-FR\"},{\"@type\":\"Organization\",\"@id\":\"https:\/\/phipower.org\/fr\/#organization\",\"name\":\"Phipower\",\"url\":\"https:\/\/phipower.org\/fr\/\",\"logo\":{\"@type\":\"ImageObject\",\"inLanguage\":\"fr-FR\",\"@id\":\"https:\/\/phipower.org\/fr\/#\/schema\/logo\/image\/\",\"url\":\"https:\/\/phipower.org\/wp-content\/uploads\/2019\/06\/z-logo-RGB-wit-power.png\",\"contentUrl\":\"https:\/\/phipower.org\/wp-content\/uploads\/2019\/06\/z-logo-RGB-wit-power.png\",\"width\":3273,\"height\":1389,\"caption\":\"Phipower\"},\"image\":{\"@id\":\"https:\/\/phipower.org\/fr\/#\/schema\/logo\/image\/\"},\"sameAs\":[\"https:\/\/www.facebook.com\/phipowertools\/\",\"https:\/\/x.com\/phipower1\",\"https:\/\/www.tiktok.com\/@phipowerhealth\"]}]}<\/script>\n<!-- \/ Yoast SEO Premium plugin. -->","yoast_head_json":{"title":"Un service client\u00e8le de premier ordre chez Phipower","description":"et d\u00e9couvrez l'exp\u00e9rience exceptionnelle du service \u00e0 la client\u00e8le de Phipower. Notre \u00e9quipe est pr\u00eate \u00e0 vous aider si vous avez des questions ou si vous avez besoin d'aide au cours de votre voyage vers le bien-\u00eatre.","robots":{"index":"index","follow":"follow","max-snippet":"max-snippet:-1","max-image-preview":"max-image-preview:large","max-video-preview":"max-video-preview:-1"},"canonical":"https:\/\/phipower.org\/fr\/service-a-la-clientele\/","og_locale":"fr_FR","og_type":"article","og_title":"Service \u00e0 la client\u00e8le","og_description":"et d\u00e9couvrez l'exp\u00e9rience exceptionnelle du service \u00e0 la client\u00e8le de Phipower. Notre \u00e9quipe est pr\u00eate \u00e0 vous aider si vous avez des questions ou si vous avez besoin d'aide au cours de votre voyage vers le bien-\u00eatre.","og_url":"https:\/\/phipower.org\/fr\/service-a-la-clientele\/","og_site_name":"Phipower","article_publisher":"https:\/\/www.facebook.com\/phipowertools\/","article_modified_time":"2023-10-26T10:55:03+00:00","og_image":[{"width":1920,"height":1080,"url":"https:\/\/phipower.org\/wp-content\/uploads\/2019\/07\/Stroomschema-Phipower.jpg","type":"image\/jpeg"}],"twitter_card":"summary_large_image","twitter_site":"@phipower1","twitter_misc":{"Dur\u00e9e de lecture estim\u00e9e":"2 minutes"},"schema":{"@context":"https:\/\/schema.org","@graph":[{"@type":"WebPage","@id":"https:\/\/phipower.org\/fr\/service-a-la-clientele\/","url":"https:\/\/phipower.org\/fr\/service-a-la-clientele\/","name":"Un service client\u00e8le de premier ordre chez Phipower","isPartOf":{"@id":"https:\/\/phipower.org\/fr\/#website"},"datePublished":"2018-09-04T21:45:44+00:00","dateModified":"2023-10-26T10:55:03+00:00","description":"et d\u00e9couvrez l'exp\u00e9rience exceptionnelle du service \u00e0 la client\u00e8le de Phipower. Notre \u00e9quipe est pr\u00eate \u00e0 vous aider si vous avez des questions ou si vous avez besoin d'aide au cours de votre voyage vers le bien-\u00eatre.","breadcrumb":{"@id":"https:\/\/phipower.org\/fr\/service-a-la-clientele\/#breadcrumb"},"inLanguage":"fr-FR","potentialAction":[{"@type":"ReadAction","target":["https:\/\/phipower.org\/fr\/service-a-la-clientele\/"]}]},{"@type":"BreadcrumbList","@id":"https:\/\/phipower.org\/fr\/service-a-la-clientele\/#breadcrumb","itemListElement":[{"@type":"ListItem","position":1,"name":"Home","item":"https:\/\/phipower.org\/fr\/"},{"@type":"ListItem","position":2,"name":"Service \u00e0 la client\u00e8le"}]},{"@type":"WebSite","@id":"https:\/\/phipower.org\/fr\/#website","url":"https:\/\/phipower.org\/fr\/","name":"Phipower: innovatieve gezondheidsproducten","description":"innovatieve gezondheidsproducten","publisher":{"@id":"https:\/\/phipower.org\/fr\/#organization"},"potentialAction":[{"@type":"SearchAction","target":{"@type":"EntryPoint","urlTemplate":"https:\/\/phipower.org\/fr\/?s={search_term_string}"},"query-input":{"@type":"PropertyValueSpecification","valueRequired":true,"valueName":"search_term_string"}}],"inLanguage":"fr-FR"},{"@type":"Organization","@id":"https:\/\/phipower.org\/fr\/#organization","name":"Phipower","url":"https:\/\/phipower.org\/fr\/","logo":{"@type":"ImageObject","inLanguage":"fr-FR","@id":"https:\/\/phipower.org\/fr\/#\/schema\/logo\/image\/","url":"https:\/\/phipower.org\/wp-content\/uploads\/2019\/06\/z-logo-RGB-wit-power.png","contentUrl":"https:\/\/phipower.org\/wp-content\/uploads\/2019\/06\/z-logo-RGB-wit-power.png","width":3273,"height":1389,"caption":"Phipower"},"image":{"@id":"https:\/\/phipower.org\/fr\/#\/schema\/logo\/image\/"},"sameAs":["https:\/\/www.facebook.com\/phipowertools\/","https:\/\/x.com\/phipower1","https:\/\/www.tiktok.com\/@phipowerhealth"]}]}},"_links":{"self":[{"href":"https:\/\/phipower.org\/fr\/wp-json\/wp\/v2\/pages\/3461","targetHints":{"allow":["GET"]}}],"collection":[{"href":"https:\/\/phipower.org\/fr\/wp-json\/wp\/v2\/pages"}],"about":[{"href":"https:\/\/phipower.org\/fr\/wp-json\/wp\/v2\/types\/page"}],"author":[{"embeddable":true,"href":"https:\/\/phipower.org\/fr\/wp-json\/wp\/v2\/users\/1"}],"replies":[{"embeddable":true,"href":"https:\/\/phipower.org\/fr\/wp-json\/wp\/v2\/comments?post=3461"}],"version-history":[{"count":1,"href":"https:\/\/phipower.org\/fr\/wp-json\/wp\/v2\/pages\/3461\/revisions"}],"predecessor-version":[{"id":4441,"href":"https:\/\/phipower.org\/fr\/wp-json\/wp\/v2\/pages\/3461\/revisions\/4441"}],"wp:attachment":[{"href":"https:\/\/phipower.org\/fr\/wp-json\/wp\/v2\/media?parent=3461"}],"curies":[{"name":"wp","href":"https:\/\/api.w.org\/{rel}","templated":true}]}}