{"id":7789,"date":"2025-09-22T13:02:13","date_gmt":"2025-09-22T13:02:13","guid":{"rendered":"https:\/\/phipower.org\/?post_type=product&#038;p=7789"},"modified":"2026-04-15T15:45:17","modified_gmt":"2026-04-15T15:45:17","slug":"inhalador-de-gas-hidrogeno-h2-300-ml-min-phipower-kopie","status":"publish","type":"product","link":"https:\/\/phipower.org\/es\/producto\/inhalador-de-gas-hidrogeno-h2-300-ml-min-phipower-kopie\/","title":{"rendered":"Inhalador de Hidr\u00f3geno de Phipower | 666 ml\/min de Hidr\u00f3geno y 333 ml\/min de Ox\u00edgeno"},"content":{"rendered":"<h1 data-start=\"139\" data-end=\"220\">Inhalador de Hidr\u00f3geno de Phipower | 666 ml\/min Hidr\u00f3geno y 333 ml\/min Ox\u00edgeno<\/h1>\n<p data-start=\"222\" data-end=\"613\">El <strong data-start=\"225\" data-end=\"261\">Inhalador de Hidr\u00f3geno Phipower<\/strong> es un dispositivo avanzado dise\u00f1ado espec\u00edficamente para la <strong data-start=\"322\" data-end=\"343\">hidrogenoterapia<\/strong> y la <strong data-start=\"347\" data-end=\"372\">inhalaci\u00f3n de oxihidr\u00f3geno<\/strong>. Con una impresionante producci\u00f3n de <strong data-start=\"408\" data-end=\"442\">666 ml de gas hidr\u00f3geno por minuto<\/strong> y <strong data-start=\"446\" data-end=\"481\">333 ml de ox\u00edgeno puro por minuto<\/strong> (total 999 ml\/min), este inhalador proporciona una experiencia potente, estable y segura para uso dom\u00e9stico y profesional. <\/p>\n<p data-start=\"615\" data-end=\"768\">Gracias a su tecnolog\u00eda innovadora y a sus amplias funciones de seguridad, este modelo se encuentra entre los <strong data-start=\"710\" data-end=\"765\">inhaladores de hidr\u00f3geno m\u00e1s fiables del mercado<\/strong>.<\/p>\n<hr data-start=\"770\" data-end=\"773\">\n<h2 data-start=\"775\" data-end=\"803\">Beneficios clave<\/h2>\n<p data-start=\"804\" data-end=\"1291\">\u2714 <strong data-start=\"806\" data-end=\"826\">Gran capacidad:<\/strong> 999 ml\/min de flujo total de gas (666 ml de H\u2082 + 333 ml de O\u2082)<br data-start=\"878\" data-end=\"881\">\u2714 <strong data-start=\"883\" data-end=\"902\">Gases puros:<\/strong> \u2265 99,99% de hidr\u00f3geno y ox\u00edgeno puros<br data-start=\"938\" data-end=\"941\">\u2714 <strong data-start=\"943\" data-end=\"970\">Favorece la salud:<\/strong> ideal para la recuperaci\u00f3n, la relajaci\u00f3n y la vitalidad<br data-start=\"1017\" data-end=\"1020\">\u2714 <strong data-start=\"1022\" data-end=\"1042\">Sensores inteligentes:<\/strong> alarma de inclinaci\u00f3n, protecci\u00f3n contra sobrecalentamiento, control de la calidad del agua (TDS)<br data-start=\"1115\" data-end=\"1118\">\u2714 <strong data-start=\"1120\" data-end=\"1144\">F\u00e1cil de usar:<\/strong> modo d\u00eda\/noche, ajustes de temporizador y pantalla clara<br data-start=\"1197\" data-end=\"1200\">\u2714 <strong data-start=\"1202\" data-end=\"1223\">Multifuncional:<\/strong> adecuado para un solo uso o para varios usuarios simult\u00e1neamente<\/p>\n<hr data-start=\"1293\" data-end=\"1296\">\n<h2 data-start=\"1298\" data-end=\"1316\">Especificaciones<\/h2>\n<ul data-start=\"1317\" data-end=\"1803\">\n<li data-start=\"1317\" data-end=\"1364\">\n<p data-start=\"1319\" data-end=\"1364\"><strong data-start=\"1319\" data-end=\"1329\">Modelo:<\/strong> Inhalador de hidr\u00f3geno de Phipower<\/p>\n<\/li>\n<li data-start=\"1365\" data-end=\"1400\">\n<p data-start=\"1367\" data-end=\"1400\"><strong data-start=\"1367\" data-end=\"1387\">Producci\u00f3n de hidr\u00f3geno:<\/strong> 666 ml\/min<\/p>\n<\/li>\n<li data-start=\"1401\" data-end=\"1434\">\n<p data-start=\"1403\" data-end=\"1434\"><strong data-start=\"1403\" data-end=\"1421\">Salida de ox\u00edgeno:<\/strong> 333 ml\/min<\/p>\n<\/li>\n<li data-start=\"1435\" data-end=\"1469\">\n<p data-start=\"1437\" data-end=\"1469\"><strong data-start=\"1437\" data-end=\"1456\">Caudal total de gas:<\/strong> 999 ml\/min<\/p>\n<\/li>\n<li data-start=\"1470\" data-end=\"1503\">\n<p data-start=\"1472\" data-end=\"1503\"><strong data-start=\"1472\" data-end=\"1492\">Pureza del hidr\u00f3geno:<\/strong> \u2265 99,99%.<\/p>\n<\/li>\n<li data-start=\"1504\" data-end=\"1557\">\n<p data-start=\"1506\" data-end=\"1557\"><strong data-start=\"1506\" data-end=\"1525\">Dep\u00f3sito de agua:<\/strong> 1,2 litros de agua destilada<\/p>\n<\/li>\n<li data-start=\"1558\" data-end=\"1620\">\n<p data-start=\"1560\" data-end=\"1620\"><strong data-start=\"1560\" data-end=\"1578\">Sistema de filtrado:<\/strong> filtro de resina incorporado para obtener agua pura<\/p>\n<\/li>\n<li data-start=\"1621\" data-end=\"1708\">\n<p data-start=\"1623\" data-end=\"1708\"><strong data-start=\"1623\" data-end=\"1639\">Protecci\u00f3n:<\/strong> protecci\u00f3n contra sobrecalentamiento, bajo nivel de agua, detecci\u00f3n de inclinaci\u00f3n<\/p>\n<\/li>\n<li data-start=\"1709\" data-end=\"1738\">\n<p data-start=\"1711\" data-end=\"1738\"><strong data-start=\"1711\" data-end=\"1730\">Consumo:<\/strong> 300 W<\/p>\n<\/li>\n<li data-start=\"1739\" data-end=\"1776\">\n<p data-start=\"1741\" data-end=\"1776\"><strong data-start=\"1741\" data-end=\"1754\">Tensi\u00f3n:<\/strong> 110V-220V \/ 50-60Hz<\/p>\n<\/li>\n<li data-start=\"1777\" data-end=\"1803\">\n<p data-start=\"1779\" data-end=\"1803\"><strong data-start=\"1779\" data-end=\"1791\">Peso:<\/strong> aprox. 10 kg<\/p>\n<\/li>\n<\/ul>\n<hr data-start=\"1805\" data-end=\"1808\">\n<h2 data-start=\"1810\" data-end=\"1849\">Aplicaciones de la hidrogenoterapia<\/h2>\n<p data-start=\"1850\" data-end=\"1922\"><strong data-start=\"1853\" data-end=\"1889\">El inhalador de hidr\u00f3geno<\/strong> de <strong data-start=\"1853\" data-end=\"1889\">Phipower<\/strong> se utiliza en todo el mundo en:<\/p>\n<ul data-start=\"1923\" data-end=\"2203\">\n<li data-start=\"1923\" data-end=\"1983\">\n<p data-start=\"1925\" data-end=\"1983\"><strong data-start=\"1925\" data-end=\"1950\">Centros de Bienestar y Spa<\/strong> para la relajaci\u00f3n y la vitalidad<\/p>\n<\/li>\n<li data-start=\"1984\" data-end=\"2070\">\n<p data-start=\"1986\" data-end=\"2070\"><strong data-start=\"1986\" data-end=\"2029\">Entornos m\u00e9dicos y terap\u00e9uticos<\/strong> para apoyar los procesos de recuperaci\u00f3n<\/p>\n<\/li>\n<li data-start=\"2071\" data-end=\"2125\">\n<p data-start=\"2073\" data-end=\"2125\"><strong data-start=\"2073\" data-end=\"2089\">Uso dom\u00e9stico<\/strong> para la hidrogenoterapia diaria<\/p>\n<\/li>\n<li data-start=\"2126\" data-end=\"2203\">\n<p data-start=\"2128\" data-end=\"2203\"><strong data-start=\"2128\" data-end=\"2151\">Deporte y rehabilitaci\u00f3n<\/strong> para recuperarse m\u00e1s r\u00e1pidamente tras un ejercicio intenso<\/p>\n<\/li>\n<\/ul>\n<hr data-start=\"2205\" data-end=\"2208\">\n<h2 data-start=\"2210\" data-end=\"2270\">\u00bfPor qu\u00e9 elegir el inhalador de hidr\u00f3geno Phipower?<\/h2>\n<p data-start=\"2271\" data-end=\"2656\">El inhalador de hidr\u00f3geno Phipower destaca por su <strong data-start=\"2335\" data-end=\"2355\">potente potencia<\/strong>, sus <strong data-start=\"2357\" data-end=\"2385\">funciones de seguridad<\/strong> y <strong data-start=\"2389\" data-end=\"2413\">su f\u00e1cil manejo<\/strong>. Gracias a sus <strong data-start=\"2426\" data-end=\"2452\">sensores TDS infrarrojos<\/strong> y <strong data-start=\"2456\" data-end=\"2482\">controles inteligentes<\/strong>, puedes estar seguro de que siempre inhalas hidr\u00f3geno y ox\u00edgeno limpios y puros. Esto hace que el inhalador sea fiable, duradero e ideal tanto para principiantes como para usuarios experimentados.  <\/p>\n<hr data-start=\"2658\" data-end=\"2661\">\n<h1 data-start=\"2663\" data-end=\"2692\">FAQ &#8211; Preguntas m\u00e1s frecuentes<\/h1>\n<p data-start=\"2694\" data-end=\"2915\"><strong data-start=\"2694\" data-end=\"2755\">1. \u00bfCu\u00e1nto hidr\u00f3geno y ox\u00edgeno produce este aparato?<\/strong><br data-start=\"2755\" data-end=\"2758\">El inhalador de hidr\u00f3geno de Phipower suministra <strong data-start=\"2801\" data-end=\"2832\">666 ml de hidr\u00f3geno por<\/strong> <strong data-start=\"2836\" data-end=\"2866\">minuto<\/strong> y <strong data-start=\"2836\" data-end=\"2866\">333 ml de ox\u00edgeno por minuto<\/strong>, lo que supone <strong data-start=\"2884\" data-end=\"2912\">una producci\u00f3n total de 999 ml\/min.<\/strong><\/p>\n<p data-start=\"2917\" data-end=\"3138\"><strong data-start=\"2917\" data-end=\"2963\">2. \u00bfEs seguro inhalar el hidr\u00f3geno?<\/strong><br data-start=\"2963\" data-end=\"2966\">S\u00ed, el inhalador produce \u2265 99,99% de hidr\u00f3geno y ox\u00edgeno puros. Adem\u00e1s, el dispositivo est\u00e1 equipado con m\u00faltiples sensores y sistemas de seguridad para un uso seguro. <\/p>\n<p data-start=\"3140\" data-end=\"3299\"><strong data-start=\"3140\" data-end=\"3176\">3. \u00bfQu\u00e9 agua debo utilizar?<\/strong><br data-start=\"3176\" data-end=\"3179\">Utiliza siempre <strong data-start=\"3194\" data-end=\"3227\">agua destilada (TDS = 0)<\/strong>. Esto evita los dep\u00f3sitos de cal y alarga la vida del aparato. <\/p>\n<p data-start=\"3301\" data-end=\"3474\"><strong data-start=\"3301\" data-end=\"3345\">4. \u00bfCon qu\u00e9 frecuencia debo cambiar el agua?<\/strong><br data-start=\"3345\" data-end=\"3348\">El sensor TDS inteligente avisa autom\u00e1ticamente cuando hay que cambiar el agua.<\/p>\n<p data-start=\"3476\" data-end=\"3660\"><strong data-start=\"3476\" data-end=\"3546\">5. \u00bfPueden utilizar el inhalador varias personas a la vez?<\/strong><br data-start=\"3546\" data-end=\"3549\">S\u00ed, los conectores Y y X suministrados permiten que varias personas inhalen hidr\u00f3geno u ox\u00edgeno al mismo tiempo.<\/p>\n<p data-start=\"3662\" data-end=\"3711\"><strong data-start=\"3662\" data-end=\"3709\">6. \u00bfC\u00f3mo mantengo el inhalador de hidr\u00f3geno?<\/strong><\/p>\n<ul data-start=\"3712\" data-end=\"3900\">\n<li data-start=\"3712\" data-end=\"3755\">\n<p data-start=\"3714\" data-end=\"3755\">Utiliza s\u00f3lo agua destilada<\/p>\n<\/li>\n<li data-start=\"3756\" data-end=\"3799\">\n<p data-start=\"3758\" data-end=\"3799\">Sustituye el filtro de resina cada 6-12 meses<\/p>\n<\/li>\n<li data-start=\"3800\" data-end=\"3850\">\n<p data-start=\"3802\" data-end=\"3850\">Limpia regularmente los tubos y accesorios<\/p>\n<\/li>\n<li data-start=\"3851\" data-end=\"3900\">\n<p data-start=\"3853\" data-end=\"3900\">Sigue las notificaciones autom\u00e1ticas de la pantalla<\/p>\n<\/li>\n<\/ul>\n<p data-start=\"3902\" data-end=\"4091\"><strong data-start=\"3902\" data-end=\"3958\">7. \u00bfQu\u00e9 ocurre si el aparato se sobrecalienta?<\/strong><br data-start=\"3958\" data-end=\"3961\">El inhalador de hidr\u00f3geno Phipower se apaga autom\u00e1ticamente en caso de sobrecalentamiento y puede volver a utilizarse con seguridad despu\u00e9s de enfriarse.<\/p>\n<p><strong>Garant\u00eda:<\/strong><br \/>\n1 a\u00f1o de garant\u00eda<\/p>\n<p><strong>Manual:<\/strong><\/p>\n<p><a href=\"https:\/\/drive.google.com\/file\/d\/1tO_7LtcqlEKURvNFHeui5bd1c_mLjvrD\/view?usp=sharing\">Descarga <strong>aqu\u00ed <\/strong>el manual.<\/a><\/p>\n<p>Para m\u00e1s informaci\u00f3n sobre el potencial del hidr\u00f3geno molecular, consulte <a href=\"https:\/\/www.ncbi.nlm.nih.gov\/pmc\/articles\/PMC3257754\/\">este enlace web<\/a>.<\/p>\n","protected":false},"excerpt":{"rendered":"<p><strong>\u2714 666 ml por minuto de hidr\u00f3geno puro (H2)<\/strong><br \/>\n<strong>\u2714 333 ml por minuto de ox\u00edgeno puro (O2)<\/strong><br \/>\n<strong>\u2714 el hidr\u00f3geno es un potente antioxidante<\/strong><br \/>\n<strong>\u2714 el hidr\u00f3geno da m\u00e1s energ\u00eda<\/strong><br \/>\n<strong>\u2714 <\/strong><strong>refuerza el sistema inmunitario de las c\u00e9lulas del organismo<\/strong><br \/>\n<strong>\u2714 nutre y protege la piel<\/strong><br \/>\n<strong>\u2714 aumenta el metabolismo<\/strong><br \/>\n<strong>\u2714 utilizar directamente con agua destilada<\/strong><\/p>\n","protected":false},"featured_media":10553,"comment_status":"open","ping_status":"closed","template":"","meta":[],"product_brand":[],"product_cat":[952,951,953],"product_tag":[],"class_list":{"0":"post-7789","1":"product","2":"type-product","3":"status-publish","4":"has-post-thumbnail","6":"product_cat-inhalador-de-gas-hidrogeno","7":"product_cat-productos","8":"product_cat-tratamiento-del-agua","9":"product_shipping_class-10-20-kg","11":"first","12":"instock","13":"taxable","14":"shipping-taxable","15":"purchasable","16":"product-type-simple"},"yoast_head":"<!-- This site is optimized with the Yoast SEO Premium plugin v23.6 (Yoast SEO v27.2) - https:\/\/yoast.com\/product\/yoast-seo-premium-wordpress\/ -->\n<title>Inhalador de Hidr\u00f3geno Phipower | 666 ml\/min Hidr\u00f3geno y 333 ml\/min Ox\u00edgeno<\/title>\n<meta name=\"description\" content=\"Descubre el Inhalador de Hidr\u00f3geno Phipower: 666 ml\/min de hidr\u00f3geno y 333 ml\/min de ox\u00edgeno. Seguro, potente e ideal para terapia, recuperaci\u00f3n y vitalidad.\" \/>\n<meta name=\"robots\" content=\"index, follow, max-snippet:-1, max-image-preview:large, max-video-preview:-1\" \/>\n<link rel=\"canonical\" href=\"https:\/\/phipower.org\/es\/producto\/inhalador-de-gas-hidrogeno-h2-300-ml-min-phipower-kopie\/\" \/>\n<meta property=\"og:locale\" content=\"es_ES\" \/>\n<meta property=\"og:type\" content=\"article\" \/>\n<meta property=\"og:title\" content=\"Inhalador de Hidr\u00f3geno de Phipower | 666 ml\/min de Hidr\u00f3geno y 333 ml\/min de Ox\u00edgeno\" \/>\n<meta property=\"og:description\" content=\"Descubre el Inhalador de Hidr\u00f3geno Phipower: 666 ml\/min de hidr\u00f3geno y 333 ml\/min de ox\u00edgeno. Seguro, potente e ideal para terapia, recuperaci\u00f3n y vitalidad.\" \/>\n<meta property=\"og:url\" content=\"https:\/\/phipower.org\/es\/producto\/inhalador-de-gas-hidrogeno-h2-300-ml-min-phipower-kopie\/\" \/>\n<meta property=\"og:site_name\" content=\"Phipower\" \/>\n<meta property=\"article:publisher\" content=\"https:\/\/www.facebook.com\/phipowertools\/\" \/>\n<meta property=\"article:modified_time\" content=\"2026-04-15T15:45:17+00:00\" \/>\n<meta property=\"og:image\" content=\"https:\/\/phipower.org\/wp-content\/uploads\/2021\/09\/waterstofgas-inhaler-inhalator-H2-O2-300ml-H2-generator-medisch-apparaat-phipower-zijkant-1.jpg\" \/>\n\t<meta property=\"og:image:width\" content=\"1200\" \/>\n\t<meta property=\"og:image:height\" content=\"1200\" \/>\n\t<meta property=\"og:image:type\" content=\"image\/jpeg\" \/>\n<meta name=\"twitter:card\" content=\"summary_large_image\" \/>\n<meta name=\"twitter:site\" content=\"@phipower1\" \/>\n<meta name=\"twitter:label1\" content=\"Precio\" \/>\n\t<meta name=\"twitter:data1\" content=\"&euro;1.499,00\" \/>\n\t<meta name=\"twitter:label2\" content=\"Disponibilidad\" \/>\n\t<meta name=\"twitter:data2\" content=\"Disponible\" \/>\n<script type=\"application\/ld+json\" class=\"yoast-schema-graph\">{\"@context\":\"https:\/\/schema.org\",\"@graph\":[{\"@type\":\"WebPage\",\"@id\":\"https:\/\/phipower.org\/es\/producto\/inhalador-de-gas-hidrogeno-h2-300-ml-min-phipower-kopie\/\",\"url\":\"https:\/\/phipower.org\/es\/producto\/inhalador-de-gas-hidrogeno-h2-300-ml-min-phipower-kopie\/\",\"name\":\"Inhalador de Hidr\u00f3geno Phipower | 666 ml\/min Hidr\u00f3geno y 333 ml\/min Ox\u00edgeno\",\"isPartOf\":{\"@id\":\"https:\/\/phipower.org\/es\/#website\"},\"primaryImageOfPage\":{\"@id\":\"https:\/\/phipower.org\/es\/producto\/inhalador-de-gas-hidrogeno-h2-300-ml-min-phipower-kopie\/#primaryimage\"},\"image\":{\"@id\":\"https:\/\/phipower.org\/es\/producto\/inhalador-de-gas-hidrogeno-h2-300-ml-min-phipower-kopie\/#primaryimage\"},\"thumbnailUrl\":\"https:\/\/phipower.org\/wp-content\/uploads\/2025\/09\/Waterstof-Inhalator-van-Phipower-666-mlmin-Waterstof-en-333-mlmin-Zuurstof.webp\",\"datePublished\":\"2025-09-22T13:02:13+00:00\",\"dateModified\":\"2026-04-15T15:45:17+00:00\",\"description\":\"Descubre el Inhalador de Hidr\u00f3geno Phipower: 666 ml\/min de hidr\u00f3geno y 333 ml\/min de ox\u00edgeno. Seguro, potente e ideal para terapia, recuperaci\u00f3n y vitalidad.\",\"breadcrumb\":{\"@id\":\"https:\/\/phipower.org\/es\/producto\/inhalador-de-gas-hidrogeno-h2-300-ml-min-phipower-kopie\/#breadcrumb\"},\"inLanguage\":\"es\",\"potentialAction\":[{\"@type\":\"ReadAction\",\"target\":[\"https:\/\/phipower.org\/es\/producto\/inhalador-de-gas-hidrogeno-h2-300-ml-min-phipower-kopie\/\"]}]},{\"@type\":\"ImageObject\",\"inLanguage\":\"es\",\"@id\":\"https:\/\/phipower.org\/es\/producto\/inhalador-de-gas-hidrogeno-h2-300-ml-min-phipower-kopie\/#primaryimage\",\"url\":\"https:\/\/phipower.org\/wp-content\/uploads\/2025\/09\/Waterstof-Inhalator-van-Phipower-666-mlmin-Waterstof-en-333-mlmin-Zuurstof.webp\",\"contentUrl\":\"https:\/\/phipower.org\/wp-content\/uploads\/2025\/09\/Waterstof-Inhalator-van-Phipower-666-mlmin-Waterstof-en-333-mlmin-Zuurstof.webp\",\"width\":1920,\"height\":1920},{\"@type\":\"BreadcrumbList\",\"@id\":\"https:\/\/phipower.org\/es\/producto\/inhalador-de-gas-hidrogeno-h2-300-ml-min-phipower-kopie\/#breadcrumb\",\"itemListElement\":[{\"@type\":\"ListItem\",\"position\":1,\"name\":\"Home\",\"item\":\"https:\/\/phipower.org\/es\/\"},{\"@type\":\"ListItem\",\"position\":2,\"name\":\"Tienda\",\"item\":\"https:\/\/phipower.org\/es\/tienda\/\"},{\"@type\":\"ListItem\",\"position\":3,\"name\":\"Inhalador de Hidr\u00f3geno de Phipower | 666 ml\/min de Hidr\u00f3geno y 333 ml\/min de Ox\u00edgeno\"}]},{\"@type\":\"WebSite\",\"@id\":\"https:\/\/phipower.org\/es\/#website\",\"url\":\"https:\/\/phipower.org\/es\/\",\"name\":\"Phipower: innovatieve gezondheidsproducten\",\"description\":\"innovatieve gezondheidsproducten\",\"publisher\":{\"@id\":\"https:\/\/phipower.org\/es\/#organization\"},\"potentialAction\":[{\"@type\":\"SearchAction\",\"target\":{\"@type\":\"EntryPoint\",\"urlTemplate\":\"https:\/\/phipower.org\/es\/?s={search_term_string}\"},\"query-input\":{\"@type\":\"PropertyValueSpecification\",\"valueRequired\":true,\"valueName\":\"search_term_string\"}}],\"inLanguage\":\"es\"},{\"@type\":\"Organization\",\"@id\":\"https:\/\/phipower.org\/es\/#organization\",\"name\":\"Phipower\",\"url\":\"https:\/\/phipower.org\/es\/\",\"logo\":{\"@type\":\"ImageObject\",\"inLanguage\":\"es\",\"@id\":\"https:\/\/phipower.org\/es\/#\/schema\/logo\/image\/\",\"url\":\"https:\/\/phipower.org\/wp-content\/uploads\/2019\/06\/z-logo-RGB-wit-power.png\",\"contentUrl\":\"https:\/\/phipower.org\/wp-content\/uploads\/2019\/06\/z-logo-RGB-wit-power.png\",\"width\":3273,\"height\":1389,\"caption\":\"Phipower\"},\"image\":{\"@id\":\"https:\/\/phipower.org\/es\/#\/schema\/logo\/image\/\"},\"sameAs\":[\"https:\/\/www.facebook.com\/phipowertools\/\",\"https:\/\/x.com\/phipower1\",\"https:\/\/www.tiktok.com\/@phipowerhealth\"]}]}<\/script>\n<meta property=\"product:price:amount\" content=\"1499.00\" \/>\n<meta property=\"product:price:currency\" content=\"EUR\" \/>\n<meta property=\"og:availability\" content=\"instock\" \/>\n<meta property=\"product:availability\" content=\"instock\" \/>\n<meta property=\"product:retailer_item_id\" content=\"7806140071688\" \/>\n<meta property=\"product:condition\" content=\"new\" \/>\n<!-- \/ Yoast SEO Premium plugin. -->","yoast_head_json":{"title":"Inhalador de Hidr\u00f3geno Phipower | 666 ml\/min Hidr\u00f3geno y 333 ml\/min Ox\u00edgeno","description":"Descubre el Inhalador de Hidr\u00f3geno Phipower: 666 ml\/min de hidr\u00f3geno y 333 ml\/min de ox\u00edgeno. Seguro, potente e ideal para terapia, recuperaci\u00f3n y vitalidad.","robots":{"index":"index","follow":"follow","max-snippet":"max-snippet:-1","max-image-preview":"max-image-preview:large","max-video-preview":"max-video-preview:-1"},"canonical":"https:\/\/phipower.org\/es\/producto\/inhalador-de-gas-hidrogeno-h2-300-ml-min-phipower-kopie\/","og_locale":"es_ES","og_type":"article","og_title":"Inhalador de Hidr\u00f3geno de Phipower | 666 ml\/min de Hidr\u00f3geno y 333 ml\/min de Ox\u00edgeno","og_description":"Descubre el Inhalador de Hidr\u00f3geno Phipower: 666 ml\/min de hidr\u00f3geno y 333 ml\/min de ox\u00edgeno. Seguro, potente e ideal para terapia, recuperaci\u00f3n y vitalidad.","og_url":"https:\/\/phipower.org\/es\/producto\/inhalador-de-gas-hidrogeno-h2-300-ml-min-phipower-kopie\/","og_site_name":"Phipower","article_publisher":"https:\/\/www.facebook.com\/phipowertools\/","article_modified_time":"2026-04-15T15:45:17+00:00","og_image":[{"width":1200,"height":1200,"url":"https:\/\/phipower.org\/wp-content\/uploads\/2021\/09\/waterstofgas-inhaler-inhalator-H2-O2-300ml-H2-generator-medisch-apparaat-phipower-zijkant-1.jpg","type":"image\/jpeg"}],"twitter_card":"summary_large_image","twitter_site":"@phipower1","twitter_misc":{"Precio":"&euro;1.499,00","Disponibilidad":"Disponible"},"schema":{"@context":"https:\/\/schema.org","@graph":[{"@type":"WebPage","@id":"https:\/\/phipower.org\/es\/producto\/inhalador-de-gas-hidrogeno-h2-300-ml-min-phipower-kopie\/","url":"https:\/\/phipower.org\/es\/producto\/inhalador-de-gas-hidrogeno-h2-300-ml-min-phipower-kopie\/","name":"Inhalador de Hidr\u00f3geno Phipower | 666 ml\/min Hidr\u00f3geno y 333 ml\/min Ox\u00edgeno","isPartOf":{"@id":"https:\/\/phipower.org\/es\/#website"},"primaryImageOfPage":{"@id":"https:\/\/phipower.org\/es\/producto\/inhalador-de-gas-hidrogeno-h2-300-ml-min-phipower-kopie\/#primaryimage"},"image":{"@id":"https:\/\/phipower.org\/es\/producto\/inhalador-de-gas-hidrogeno-h2-300-ml-min-phipower-kopie\/#primaryimage"},"thumbnailUrl":"https:\/\/phipower.org\/wp-content\/uploads\/2025\/09\/Waterstof-Inhalator-van-Phipower-666-mlmin-Waterstof-en-333-mlmin-Zuurstof.webp","datePublished":"2025-09-22T13:02:13+00:00","dateModified":"2026-04-15T15:45:17+00:00","description":"Descubre el Inhalador de Hidr\u00f3geno Phipower: 666 ml\/min de hidr\u00f3geno y 333 ml\/min de ox\u00edgeno. Seguro, potente e ideal para terapia, recuperaci\u00f3n y vitalidad.","breadcrumb":{"@id":"https:\/\/phipower.org\/es\/producto\/inhalador-de-gas-hidrogeno-h2-300-ml-min-phipower-kopie\/#breadcrumb"},"inLanguage":"es","potentialAction":[{"@type":"ReadAction","target":["https:\/\/phipower.org\/es\/producto\/inhalador-de-gas-hidrogeno-h2-300-ml-min-phipower-kopie\/"]}]},{"@type":"ImageObject","inLanguage":"es","@id":"https:\/\/phipower.org\/es\/producto\/inhalador-de-gas-hidrogeno-h2-300-ml-min-phipower-kopie\/#primaryimage","url":"https:\/\/phipower.org\/wp-content\/uploads\/2025\/09\/Waterstof-Inhalator-van-Phipower-666-mlmin-Waterstof-en-333-mlmin-Zuurstof.webp","contentUrl":"https:\/\/phipower.org\/wp-content\/uploads\/2025\/09\/Waterstof-Inhalator-van-Phipower-666-mlmin-Waterstof-en-333-mlmin-Zuurstof.webp","width":1920,"height":1920},{"@type":"BreadcrumbList","@id":"https:\/\/phipower.org\/es\/producto\/inhalador-de-gas-hidrogeno-h2-300-ml-min-phipower-kopie\/#breadcrumb","itemListElement":[{"@type":"ListItem","position":1,"name":"Home","item":"https:\/\/phipower.org\/es\/"},{"@type":"ListItem","position":2,"name":"Tienda","item":"https:\/\/phipower.org\/es\/tienda\/"},{"@type":"ListItem","position":3,"name":"Inhalador de Hidr\u00f3geno de Phipower | 666 ml\/min de Hidr\u00f3geno y 333 ml\/min de Ox\u00edgeno"}]},{"@type":"WebSite","@id":"https:\/\/phipower.org\/es\/#website","url":"https:\/\/phipower.org\/es\/","name":"Phipower: innovatieve gezondheidsproducten","description":"innovatieve gezondheidsproducten","publisher":{"@id":"https:\/\/phipower.org\/es\/#organization"},"potentialAction":[{"@type":"SearchAction","target":{"@type":"EntryPoint","urlTemplate":"https:\/\/phipower.org\/es\/?s={search_term_string}"},"query-input":{"@type":"PropertyValueSpecification","valueRequired":true,"valueName":"search_term_string"}}],"inLanguage":"es"},{"@type":"Organization","@id":"https:\/\/phipower.org\/es\/#organization","name":"Phipower","url":"https:\/\/phipower.org\/es\/","logo":{"@type":"ImageObject","inLanguage":"es","@id":"https:\/\/phipower.org\/es\/#\/schema\/logo\/image\/","url":"https:\/\/phipower.org\/wp-content\/uploads\/2019\/06\/z-logo-RGB-wit-power.png","contentUrl":"https:\/\/phipower.org\/wp-content\/uploads\/2019\/06\/z-logo-RGB-wit-power.png","width":3273,"height":1389,"caption":"Phipower"},"image":{"@id":"https:\/\/phipower.org\/es\/#\/schema\/logo\/image\/"},"sameAs":["https:\/\/www.facebook.com\/phipowertools\/","https:\/\/x.com\/phipower1","https:\/\/www.tiktok.com\/@phipowerhealth"]}]},"product_price_amount":"1499.00","product_price_currency":"EUR","og_availability":"instock","product_availability":"instock","product_retailer_item_id":"7806140071688","product_condition":"new"},"_links":{"self":[{"href":"https:\/\/phipower.org\/es\/wp-json\/wp\/v2\/product\/7789","targetHints":{"allow":["GET"]}}],"collection":[{"href":"https:\/\/phipower.org\/es\/wp-json\/wp\/v2\/product"}],"about":[{"href":"https:\/\/phipower.org\/es\/wp-json\/wp\/v2\/types\/product"}],"replies":[{"embeddable":true,"href":"https:\/\/phipower.org\/es\/wp-json\/wp\/v2\/comments?post=7789"}],"wp:featuredmedia":[{"embeddable":true,"href":"https:\/\/phipower.org\/es\/wp-json\/wp\/v2\/media\/10553"}],"wp:attachment":[{"href":"https:\/\/phipower.org\/es\/wp-json\/wp\/v2\/media?parent=7789"}],"wp:term":[{"taxonomy":"product_brand","embeddable":true,"href":"https:\/\/phipower.org\/es\/wp-json\/wp\/v2\/product_brand?post=7789"},{"taxonomy":"product_cat","embeddable":true,"href":"https:\/\/phipower.org\/es\/wp-json\/wp\/v2\/product_cat?post=7789"},{"taxonomy":"product_tag","embeddable":true,"href":"https:\/\/phipower.org\/es\/wp-json\/wp\/v2\/product_tag?post=7789"}],"curies":[{"name":"wp","href":"https:\/\/api.w.org\/{rel}","templated":true}]}}