{"id":7192,"date":"2025-06-06T10:40:54","date_gmt":"2025-06-06T10:40:54","guid":{"rendered":"https:\/\/phipower.org\/?post_type=product&#038;p=7192"},"modified":"2026-04-16T14:21:08","modified_gmt":"2026-04-16T14:21:08","slug":"botella-de-remolino-de-agua-para-vitalizar-y-estructurar-el-agua-phipower-kopie-2","status":"publish","type":"product","link":"https:\/\/phipower.org\/es\/producto\/botella-de-remolino-de-agua-para-vitalizar-y-estructurar-el-agua-phipower-kopie-2\/","title":{"rendered":"Botella de vitalizaci\u00f3n de agua | 2,0 litros | Para vitalizar y estructurar el agua | Phipower"},"content":{"rendered":"<h1>Botella de Vitalizaci\u00f3n de Agua Phipower \u2013 2,0 litros<\/h1>\n<p><strong>Para vitalizar y estructurar el agua del grifo | Botella vortex de vidrio de borosilicato hecha a mano | Con tap\u00f3n de corcho y soporte para Analemma<\/strong><\/p>\n<h2>Transforma el agua del grifo en agua viva y estructurada<\/h2>\n<p>Experimenta el poder del agua vitalizada con la botella de hidromasaje Phipower hecha a mano. Esta botella de alta calidad de 2,0 litros est\u00e1 dise\u00f1ada espec\u00edficamente para estructurar y energetizar el agua mediante tecnolog\u00eda vortex. En combinaci\u00f3n con un <a href=\"https:\/\/phipower.org\/product\/magneet-roerder-magnetic-strirrer-voor-vitaliseren-en-structureren-van-water-phipower\/\">agitador magn\u00e9tico<\/a> y <a href=\"https:\/\/phipower.org\/es\/product\/triangulo-de-oro-amatista-cristal-de-montana-cuarzo-rosa-para-vitalizar-y-estructurar-fuerza-agua\/\">cristales<\/a>, crear\u00e1s f\u00e1cilmente en casa agua potable con una vitalidad renovada, sabor natural y estructura arm\u00f3nica.  <\/p>\n<blockquote><p><strong>\u26a0\ufe0f Atenci\u00f3n:<\/strong> este producto incluye solo la botella de agua.<br \/>\n???? Para el pack completo que incluye el agitador magn\u00e9tico y los cristales, haz clic <a href=\"https:\/\/phipower.org\/product\/vitaal-water-maker-2-0-liter-voor-gevitaliseerd-en-gestructureerd-water-phipower\/\">aqu\u00ed<\/a>.<\/p><\/blockquote>\n<hr>\n<h2>Caracter\u00edsticas principales<\/h2>\n<ul>\n<li>\u2705 <strong>Hecha a mano con vidrio de borosilicato duradero (Boro 3.3)<\/strong> \u2013 Resistente al calor, a los ara\u00f1azos y apta para el uso diario<\/li>\n<li>\u2705 <strong>Apta para lavavajillas<\/strong> \u2013 F\u00e1cil de limpiar (se recomienda lavar a mano para una mayor vida \u00fatil)<\/li>\n<li>\u2705 <strong>Capacidad: 2,0 litros<\/strong> \u2013 Ideal para casa, la oficina o para llevar<\/li>\n<li>\u2705 <strong>Tap\u00f3n de corcho con amortiguaci\u00f3n de sonido<\/strong> \u2013 Reduce el ruido durante el proceso de vortex<\/li>\n<li>\u2705 <strong data-start=\"1501\" data-end=\"1559\">Tap\u00f3n de corcho con orificio de 10 mm \u2013 <a href=\"https:\/\/phipower.org\/es\/producto\/valvulas-de-corcho-para-el-vitalizador-de-agua-phipower-atenuacion-acustica-y-fijacion-analemma-stir-bar-kopie\/\">Para varilla agitadora Analemma<\/a><\/strong><br data-start=\"1559\" data-end=\"1562\">\u2013 Coloca tu varilla agitadora de cristal de forma segura en el centro del vortex<br data-start=\"1630\" data-end=\"1633\">\u2013 Combina la estructuraci\u00f3n del agua con el efecto energ\u00e9tico del cristal de cuarzo<\/li>\n<li>\u2705 <a href=\"https:\/\/phipower.org\/es\/product\/triangulo-de-oro-amatista-cristal-de-montana-cuarzo-rosa-para-vitalizar-y-estructurar-fuerza-agua\/\"><strong>Opcional con piedras preciosas<\/strong><\/a> \u2013 Comb\u00ednala con amatista, cristal de roca y cuarzo rosa para un efecto energ\u00e9tico adicional<\/li>\n<\/ul>\n<hr>\n<h2>\u00bfC\u00f3mo funciona?<\/h2>\n<p>Al colocar la botella sobre un <a href=\"https:\/\/phipower.org\/product\/magneet-roerder-magnetic-strirrer-voor-vitaliseren-en-structureren-van-water-phipower\/\">agitador magn\u00e9tico<\/a>, se crea un vortex giratorio en el agua. Este remolino reestructura el orden molecular del agua, lo que contribuye a un perfil de consumo m\u00e1s natural, suave y vital. A\u00f1ade piedras preciosas para un efecto armonizador extra.  <\/p>\n<hr>\n<h2>Uso con la <a href=\"https:\/\/phipower.org\/es\/producto\/valvulas-de-corcho-para-el-vitalizador-de-agua-phipower-atenuacion-acustica-y-fijacion-analemma-stir-bar-kopie\/\">varilla agitadora Analemma<\/a><\/h2>\n<p>La botella de agua est\u00e1 equipada con un <strong>soporte de corcho especial<\/strong> en el que encaja perfectamente la <a href=\"https:\/\/phipower.org\/es\/producto\/valvulas-de-corcho-para-el-vitalizador-de-agua-phipower-atenuacion-acustica-y-fijacion-analemma-stir-bar-kopie\/\">varilla agitadora Analemma<\/a>. Esta varilla refuerza las propiedades estructurantes del agua y contribuye a la estabilidad a largo plazo de la estructura vital. <\/p>\n<hr>\n<h2>Limpieza y uso<\/h2>\n<ul>\n<li>Enjuaga la botella con agua tibia y jab\u00f3n suave antes del primer uso<\/li>\n<li>Apta para lavavajillas, aunque se recomienda lavar a mano<\/li>\n<li>A\u00f1ade las <a href=\"https:\/\/phipower.org\/es\/product\/triangulo-de-oro-amatista-cristal-de-montana-cuarzo-rosa-para-vitalizar-y-estructurar-fuerza-agua\/\">piedras preciosas<\/a> con cuidado manteniendo la botella en posici\u00f3n horizontal<\/li>\n<li>Comprueba que el tap\u00f3n de vertido est\u00e9 bien sujeto para un uso seguro<\/li>\n<\/ul>\n<hr>\n<h2>Sostenible y est\u00e9tica<\/h2>\n<p>Cada botella es \u00fanica, est\u00e1 hecha a mano y combina artesan\u00eda con funcionalidad. El dise\u00f1o transparente permite que el movimiento del vortex cobre vida visualmente: un ritual relajante y potente en tu hidrataci\u00f3n diaria. <\/p>\n<hr>\n<h2>P\u00eddela ahora y experimenta el poder del agua estructurada<\/h2>\n<p>Siente la diferencia del agua viva y vital. Pide hoy mismo tu <strong>Botella de Vitalizaci\u00f3n de Agua Phipower 2,0 l<\/strong> y mejora tu experiencia de hidrataci\u00f3n de forma natural. <\/p>\n","protected":false},"excerpt":{"rendered":"<p><strong>\u2714 botella de remolino de agua para generar agua vital<\/strong><br \/>\n<strong>\u2714 crea un vortex natural en el agua junto con el agitador magn\u00e9tico<\/strong><br \/>\n<strong>\u2714 estructura y vitaliza el agua<\/strong><br \/>\n<strong>\u2714 pide el <a href=\"https:\/\/phipower.org\/product\/vitaal-water-maker-2-0-liter-voor-gevitaliseerd-en-gestructureerd-water-phipower\/\">pack completo de productos aqu\u00ed<\/a><\/strong><\/p>\n","protected":false},"featured_media":7235,"comment_status":"open","ping_status":"closed","template":"","meta":[],"product_brand":[],"product_cat":[951,953],"product_tag":[],"class_list":{"0":"post-7192","1":"product","2":"type-product","3":"status-publish","4":"has-post-thumbnail","6":"product_cat-productos","7":"product_cat-tratamiento-del-agua","8":"product_shipping_class-0-2-kg","10":"first","11":"onbackorder","12":"taxable","13":"shipping-taxable","14":"purchasable","15":"product-type-simple"},"yoast_head":"<!-- This site is optimized with the Yoast SEO Premium plugin v23.6 (Yoast SEO v27.2) - https:\/\/yoast.com\/product\/yoast-seo-premium-wordpress\/ -->\n<title>Botella de Vitalizaci\u00f3n de Agua Phipower 2,0 l \u2013 Para agua vital y estructurada<\/title>\n<meta name=\"description\" content=\"Experimenta el poder del agua viva con la botella de vitalizaci\u00f3n de agua Phipower de 2,0 l. Hecha a mano con vidrio de borosilicato y tapones de corcho.\" \/>\n<meta name=\"robots\" content=\"index, follow, max-snippet:-1, max-image-preview:large, max-video-preview:-1\" \/>\n<link rel=\"canonical\" href=\"https:\/\/phipower.org\/es\/producto\/botella-de-remolino-de-agua-para-vitalizar-y-estructurar-el-agua-phipower-kopie-2\/\" \/>\n<meta property=\"og:locale\" content=\"es_ES\" \/>\n<meta property=\"og:type\" content=\"article\" \/>\n<meta property=\"og:title\" content=\"Botella de vitalizaci\u00f3n de agua | 2,0 litros | Para vitalizar y estructurar el agua | Phipower\" \/>\n<meta property=\"og:description\" content=\"Experimenta el poder del agua viva con la botella de vitalizaci\u00f3n de agua Phipower de 2,0 l. Hecha a mano con vidrio de borosilicato y tapones de corcho.\" \/>\n<meta property=\"og:url\" content=\"https:\/\/phipower.org\/es\/producto\/botella-de-remolino-de-agua-para-vitalizar-y-estructurar-el-agua-phipower-kopie-2\/\" \/>\n<meta property=\"og:site_name\" content=\"Phipower\" \/>\n<meta property=\"article:publisher\" content=\"https:\/\/www.facebook.com\/phipowertools\/\" \/>\n<meta property=\"article:modified_time\" content=\"2026-04-16T14:21:08+00:00\" \/>\n<meta property=\"og:image\" content=\"https:\/\/phipower.org\/wp-content\/uploads\/2018\/09\/photo-1-36-1.jpg\" \/>\n\t<meta property=\"og:image:width\" content=\"750\" \/>\n\t<meta property=\"og:image:height\" content=\"750\" \/>\n\t<meta property=\"og:image:type\" content=\"image\/jpeg\" \/>\n<meta name=\"twitter:card\" content=\"summary_large_image\" \/>\n<meta name=\"twitter:site\" content=\"@phipower1\" \/>\n<meta name=\"twitter:label1\" content=\"Precio\" \/>\n\t<meta name=\"twitter:data1\" content=\"&euro;99,00\" \/>\n\t<meta name=\"twitter:label2\" content=\"Disponibilidad\" \/>\n\t<meta name=\"twitter:data2\" content=\"Disponible para reservar\" \/>\n<script type=\"application\/ld+json\" class=\"yoast-schema-graph\">{\"@context\":\"https:\/\/schema.org\",\"@graph\":[{\"@type\":\"WebPage\",\"@id\":\"https:\/\/phipower.org\/es\/producto\/botella-de-remolino-de-agua-para-vitalizar-y-estructurar-el-agua-phipower-kopie-2\/\",\"url\":\"https:\/\/phipower.org\/es\/producto\/botella-de-remolino-de-agua-para-vitalizar-y-estructurar-el-agua-phipower-kopie-2\/\",\"name\":\"Botella de Vitalizaci\u00f3n de Agua Phipower 2,0 l \u2013 Para agua vital y estructurada\",\"isPartOf\":{\"@id\":\"https:\/\/phipower.org\/es\/#website\"},\"primaryImageOfPage\":{\"@id\":\"https:\/\/phipower.org\/es\/producto\/botella-de-remolino-de-agua-para-vitalizar-y-estructurar-el-agua-phipower-kopie-2\/#primaryimage\"},\"image\":{\"@id\":\"https:\/\/phipower.org\/es\/producto\/botella-de-remolino-de-agua-para-vitalizar-y-estructurar-el-agua-phipower-kopie-2\/#primaryimage\"},\"thumbnailUrl\":\"https:\/\/phipower.org\/wp-content\/uploads\/2025\/06\/Vortex-Waterfles-2.0L-\u2013-Voor-Vitaliseren-Structureren-van-Water-Phipower-Water-Vitalisatie-Fles-met-kurk.jpg\",\"datePublished\":\"2025-06-06T10:40:54+00:00\",\"dateModified\":\"2026-04-16T14:21:08+00:00\",\"description\":\"Experimenta el poder del agua viva con la botella de vitalizaci\u00f3n de agua Phipower de 2,0 l. Hecha a mano con vidrio de borosilicato y tapones de corcho.\",\"breadcrumb\":{\"@id\":\"https:\/\/phipower.org\/es\/producto\/botella-de-remolino-de-agua-para-vitalizar-y-estructurar-el-agua-phipower-kopie-2\/#breadcrumb\"},\"inLanguage\":\"es\",\"potentialAction\":[{\"@type\":\"ReadAction\",\"target\":[\"https:\/\/phipower.org\/es\/producto\/botella-de-remolino-de-agua-para-vitalizar-y-estructurar-el-agua-phipower-kopie-2\/\"]}]},{\"@type\":\"ImageObject\",\"inLanguage\":\"es\",\"@id\":\"https:\/\/phipower.org\/es\/producto\/botella-de-remolino-de-agua-para-vitalizar-y-estructurar-el-agua-phipower-kopie-2\/#primaryimage\",\"url\":\"https:\/\/phipower.org\/wp-content\/uploads\/2025\/06\/Vortex-Waterfles-2.0L-\u2013-Voor-Vitaliseren-Structureren-van-Water-Phipower-Water-Vitalisatie-Fles-met-kurk.jpg\",\"contentUrl\":\"https:\/\/phipower.org\/wp-content\/uploads\/2025\/06\/Vortex-Waterfles-2.0L-\u2013-Voor-Vitaliseren-Structureren-van-Water-Phipower-Water-Vitalisatie-Fles-met-kurk.jpg\",\"width\":1200,\"height\":1200},{\"@type\":\"BreadcrumbList\",\"@id\":\"https:\/\/phipower.org\/es\/producto\/botella-de-remolino-de-agua-para-vitalizar-y-estructurar-el-agua-phipower-kopie-2\/#breadcrumb\",\"itemListElement\":[{\"@type\":\"ListItem\",\"position\":1,\"name\":\"Home\",\"item\":\"https:\/\/phipower.org\/es\/\"},{\"@type\":\"ListItem\",\"position\":2,\"name\":\"Tienda\",\"item\":\"https:\/\/phipower.org\/es\/tienda\/\"},{\"@type\":\"ListItem\",\"position\":3,\"name\":\"Botella de vitalizaci\u00f3n de agua | 2,0 litros | Para vitalizar y estructurar el agua | Phipower\"}]},{\"@type\":\"WebSite\",\"@id\":\"https:\/\/phipower.org\/es\/#website\",\"url\":\"https:\/\/phipower.org\/es\/\",\"name\":\"Phipower: innovatieve gezondheidsproducten\",\"description\":\"innovatieve gezondheidsproducten\",\"publisher\":{\"@id\":\"https:\/\/phipower.org\/es\/#organization\"},\"potentialAction\":[{\"@type\":\"SearchAction\",\"target\":{\"@type\":\"EntryPoint\",\"urlTemplate\":\"https:\/\/phipower.org\/es\/?s={search_term_string}\"},\"query-input\":{\"@type\":\"PropertyValueSpecification\",\"valueRequired\":true,\"valueName\":\"search_term_string\"}}],\"inLanguage\":\"es\"},{\"@type\":\"Organization\",\"@id\":\"https:\/\/phipower.org\/es\/#organization\",\"name\":\"Phipower\",\"url\":\"https:\/\/phipower.org\/es\/\",\"logo\":{\"@type\":\"ImageObject\",\"inLanguage\":\"es\",\"@id\":\"https:\/\/phipower.org\/es\/#\/schema\/logo\/image\/\",\"url\":\"https:\/\/phipower.org\/wp-content\/uploads\/2019\/06\/z-logo-RGB-wit-power.png\",\"contentUrl\":\"https:\/\/phipower.org\/wp-content\/uploads\/2019\/06\/z-logo-RGB-wit-power.png\",\"width\":3273,\"height\":1389,\"caption\":\"Phipower\"},\"image\":{\"@id\":\"https:\/\/phipower.org\/es\/#\/schema\/logo\/image\/\"},\"sameAs\":[\"https:\/\/www.facebook.com\/phipowertools\/\",\"https:\/\/x.com\/phipower1\",\"https:\/\/www.tiktok.com\/@phipowerhealth\"]}]}<\/script>\n<meta property=\"product:price:amount\" content=\"99.00\" \/>\n<meta property=\"product:price:currency\" content=\"EUR\" \/>\n<meta property=\"og:availability\" content=\"backorder\" \/>\n<meta property=\"product:availability\" content=\"available for order\" \/>\n<meta property=\"product:retailer_item_id\" content=\"7806140071633\" \/>\n<meta property=\"product:condition\" content=\"new\" \/>\n<!-- \/ Yoast SEO Premium plugin. -->","yoast_head_json":{"title":"Botella de Vitalizaci\u00f3n de Agua Phipower 2,0 l \u2013 Para agua vital y estructurada","description":"Experimenta el poder del agua viva con la botella de vitalizaci\u00f3n de agua Phipower de 2,0 l. Hecha a mano con vidrio de borosilicato y tapones de corcho.","robots":{"index":"index","follow":"follow","max-snippet":"max-snippet:-1","max-image-preview":"max-image-preview:large","max-video-preview":"max-video-preview:-1"},"canonical":"https:\/\/phipower.org\/es\/producto\/botella-de-remolino-de-agua-para-vitalizar-y-estructurar-el-agua-phipower-kopie-2\/","og_locale":"es_ES","og_type":"article","og_title":"Botella de vitalizaci\u00f3n de agua | 2,0 litros | Para vitalizar y estructurar el agua | Phipower","og_description":"Experimenta el poder del agua viva con la botella de vitalizaci\u00f3n de agua Phipower de 2,0 l. Hecha a mano con vidrio de borosilicato y tapones de corcho.","og_url":"https:\/\/phipower.org\/es\/producto\/botella-de-remolino-de-agua-para-vitalizar-y-estructurar-el-agua-phipower-kopie-2\/","og_site_name":"Phipower","article_publisher":"https:\/\/www.facebook.com\/phipowertools\/","article_modified_time":"2026-04-16T14:21:08+00:00","og_image":[{"width":750,"height":750,"url":"https:\/\/phipower.org\/wp-content\/uploads\/2018\/09\/photo-1-36-1.jpg","type":"image\/jpeg"}],"twitter_card":"summary_large_image","twitter_site":"@phipower1","twitter_misc":{"Precio":"&euro;99,00","Disponibilidad":"Disponible para reservar"},"schema":{"@context":"https:\/\/schema.org","@graph":[{"@type":"WebPage","@id":"https:\/\/phipower.org\/es\/producto\/botella-de-remolino-de-agua-para-vitalizar-y-estructurar-el-agua-phipower-kopie-2\/","url":"https:\/\/phipower.org\/es\/producto\/botella-de-remolino-de-agua-para-vitalizar-y-estructurar-el-agua-phipower-kopie-2\/","name":"Botella de Vitalizaci\u00f3n de Agua Phipower 2,0 l \u2013 Para agua vital y estructurada","isPartOf":{"@id":"https:\/\/phipower.org\/es\/#website"},"primaryImageOfPage":{"@id":"https:\/\/phipower.org\/es\/producto\/botella-de-remolino-de-agua-para-vitalizar-y-estructurar-el-agua-phipower-kopie-2\/#primaryimage"},"image":{"@id":"https:\/\/phipower.org\/es\/producto\/botella-de-remolino-de-agua-para-vitalizar-y-estructurar-el-agua-phipower-kopie-2\/#primaryimage"},"thumbnailUrl":"https:\/\/phipower.org\/wp-content\/uploads\/2025\/06\/Vortex-Waterfles-2.0L-\u2013-Voor-Vitaliseren-Structureren-van-Water-Phipower-Water-Vitalisatie-Fles-met-kurk.jpg","datePublished":"2025-06-06T10:40:54+00:00","dateModified":"2026-04-16T14:21:08+00:00","description":"Experimenta el poder del agua viva con la botella de vitalizaci\u00f3n de agua Phipower de 2,0 l. Hecha a mano con vidrio de borosilicato y tapones de corcho.","breadcrumb":{"@id":"https:\/\/phipower.org\/es\/producto\/botella-de-remolino-de-agua-para-vitalizar-y-estructurar-el-agua-phipower-kopie-2\/#breadcrumb"},"inLanguage":"es","potentialAction":[{"@type":"ReadAction","target":["https:\/\/phipower.org\/es\/producto\/botella-de-remolino-de-agua-para-vitalizar-y-estructurar-el-agua-phipower-kopie-2\/"]}]},{"@type":"ImageObject","inLanguage":"es","@id":"https:\/\/phipower.org\/es\/producto\/botella-de-remolino-de-agua-para-vitalizar-y-estructurar-el-agua-phipower-kopie-2\/#primaryimage","url":"https:\/\/phipower.org\/wp-content\/uploads\/2025\/06\/Vortex-Waterfles-2.0L-\u2013-Voor-Vitaliseren-Structureren-van-Water-Phipower-Water-Vitalisatie-Fles-met-kurk.jpg","contentUrl":"https:\/\/phipower.org\/wp-content\/uploads\/2025\/06\/Vortex-Waterfles-2.0L-\u2013-Voor-Vitaliseren-Structureren-van-Water-Phipower-Water-Vitalisatie-Fles-met-kurk.jpg","width":1200,"height":1200},{"@type":"BreadcrumbList","@id":"https:\/\/phipower.org\/es\/producto\/botella-de-remolino-de-agua-para-vitalizar-y-estructurar-el-agua-phipower-kopie-2\/#breadcrumb","itemListElement":[{"@type":"ListItem","position":1,"name":"Home","item":"https:\/\/phipower.org\/es\/"},{"@type":"ListItem","position":2,"name":"Tienda","item":"https:\/\/phipower.org\/es\/tienda\/"},{"@type":"ListItem","position":3,"name":"Botella de vitalizaci\u00f3n de agua | 2,0 litros | Para vitalizar y estructurar el agua | Phipower"}]},{"@type":"WebSite","@id":"https:\/\/phipower.org\/es\/#website","url":"https:\/\/phipower.org\/es\/","name":"Phipower: innovatieve gezondheidsproducten","description":"innovatieve gezondheidsproducten","publisher":{"@id":"https:\/\/phipower.org\/es\/#organization"},"potentialAction":[{"@type":"SearchAction","target":{"@type":"EntryPoint","urlTemplate":"https:\/\/phipower.org\/es\/?s={search_term_string}"},"query-input":{"@type":"PropertyValueSpecification","valueRequired":true,"valueName":"search_term_string"}}],"inLanguage":"es"},{"@type":"Organization","@id":"https:\/\/phipower.org\/es\/#organization","name":"Phipower","url":"https:\/\/phipower.org\/es\/","logo":{"@type":"ImageObject","inLanguage":"es","@id":"https:\/\/phipower.org\/es\/#\/schema\/logo\/image\/","url":"https:\/\/phipower.org\/wp-content\/uploads\/2019\/06\/z-logo-RGB-wit-power.png","contentUrl":"https:\/\/phipower.org\/wp-content\/uploads\/2019\/06\/z-logo-RGB-wit-power.png","width":3273,"height":1389,"caption":"Phipower"},"image":{"@id":"https:\/\/phipower.org\/es\/#\/schema\/logo\/image\/"},"sameAs":["https:\/\/www.facebook.com\/phipowertools\/","https:\/\/x.com\/phipower1","https:\/\/www.tiktok.com\/@phipowerhealth"]}]},"product_price_amount":"99.00","product_price_currency":"EUR","og_availability":"backorder","product_availability":"available for order","product_retailer_item_id":"7806140071633","product_condition":"new"},"_links":{"self":[{"href":"https:\/\/phipower.org\/es\/wp-json\/wp\/v2\/product\/7192","targetHints":{"allow":["GET"]}}],"collection":[{"href":"https:\/\/phipower.org\/es\/wp-json\/wp\/v2\/product"}],"about":[{"href":"https:\/\/phipower.org\/es\/wp-json\/wp\/v2\/types\/product"}],"replies":[{"embeddable":true,"href":"https:\/\/phipower.org\/es\/wp-json\/wp\/v2\/comments?post=7192"}],"wp:featuredmedia":[{"embeddable":true,"href":"https:\/\/phipower.org\/es\/wp-json\/wp\/v2\/media\/7235"}],"wp:attachment":[{"href":"https:\/\/phipower.org\/es\/wp-json\/wp\/v2\/media?parent=7192"}],"wp:term":[{"taxonomy":"product_brand","embeddable":true,"href":"https:\/\/phipower.org\/es\/wp-json\/wp\/v2\/product_brand?post=7192"},{"taxonomy":"product_cat","embeddable":true,"href":"https:\/\/phipower.org\/es\/wp-json\/wp\/v2\/product_cat?post=7192"},{"taxonomy":"product_tag","embeddable":true,"href":"https:\/\/phipower.org\/es\/wp-json\/wp\/v2\/product_tag?post=7192"}],"curies":[{"name":"wp","href":"https:\/\/api.w.org\/{rel}","templated":true}]}}