{"id":7096,"date":"2025-05-26T10:41:58","date_gmt":"2025-05-26T10:41:58","guid":{"rendered":"https:\/\/phipower.org\/?post_type=product&#038;p=7096"},"modified":"2025-05-30T13:11:51","modified_gmt":"2025-05-30T13:11:51","slug":"valvulas-de-corcho-para-el-vitalizador-de-agua-phipower-atenuacion-acustica-y-fijacion-analemma-stir-bar-kopie","status":"publish","type":"product","link":"https:\/\/phipower.org\/es\/producto\/valvulas-de-corcho-para-el-vitalizador-de-agua-phipower-atenuacion-acustica-y-fijacion-analemma-stir-bar-kopie\/","title":{"rendered":"Varilla de agua Analemma &#8211; Transforma tu agua potable en agua coherente"},"content":{"rendered":"<h1>Varilla de agua Analemma &#8211; Transforma tu agua potable en agua coherente<\/h1>\n<h4><strong>Desde: \u20ac164.90 \u2714 En stock | \u2714 Efecto de por vida<\/strong><\/h4>\n<h2>\u2705 \u00bfQu\u00e9 es el agua coherente?<\/h2>\n<p>La Varilla de Agua Analemma transforma el agua corriente del grifo en agua coherente, estructurada, rica en energ\u00eda y en armon\u00eda natural. Esto tiene beneficios directos para tu salud, vitalidad y bienestar. <\/p>\n<h2>???? Beneficios clave<\/h2>\n<ul>\n<li>???? M\u00e1s energ\u00eda celular (ATP)<\/li>\n<li>????\ufe0f Refuerza el sistema inmunitario<\/li>\n<li>\u23f3 Rejuvenecimiento de la edad biol\u00f3gica<\/li>\n<li>???? Mejora las ondas cerebrales y la concentraci\u00f3n<\/li>\n<li>???? Refuerza la flora intestinal<\/li>\n<li>???? Vitaliza las plantas y los animales<\/li>\n<\/ul>\n<h2>???? Funcionamiento cient\u00edficamente probado<\/h2>\n<p>Un estudio doble ciego controlado con placebo demuestra que el agua Analemma aumenta significativamente la producci\u00f3n de energ\u00eda celular y restablece el equilibrio del microbioma.<\/p>\n<h2>???? \u00bfC\u00f3mo funciona?<\/h2>\n<p>La c\u00e1psula de cristal de cuarzo contiene <strong>agua madre<\/strong> cargada energ\u00e9ticamente a trav\u00e9s de los metales, la geometr\u00eda y la luz del sol y la luna. Al agitar el agua con la varilla, tu agua adquiere instant\u00e1neamente esta estructura. <\/p>\n<h2>???? Integraci\u00f3n con el Preparador de Agua Vitalizada Phipower<\/h2>\n<p>La Varilla de Agua Analemma puede utilizarse <strong>junto con el <a href=\"https:\/\/phipower.org\/es\/producto\/paquete-botella-de-agua-en-remolino-agitador-magnetico-triangulo-dorado-para-vitalizar-y-estructurar-el-agua-phipower\/\">Vitalised Water Maker de Phipower<\/a><\/strong> mediante una <a href=\"https:\/\/phipower.org\/es\/?post_type=product&#038;p=6928\"><strong>v\u00e1lvula de corcho<\/strong><\/a>. De este modo, enriqueces el agua vitalizada del v\u00f3rtice con la informaci\u00f3n coherente del agua madre de la varilla de agua Analemma. <\/p>\n<ul>\n<li>\u2728 V\u00f3rtice + frecuencias de luz + cristales (Phipower)<\/li>\n<li>\u2795 Agua madre + transferencia de cristal (Analemma)<\/li>\n<li>???? \u00daltima agua vital y coherente<\/li>\n<\/ul>\n<h2>???? Propiedades<\/h2>\n<ul>\n<li>Apto para agua, zumo, vino, caf\u00e9 y m\u00e1s<\/li>\n<li>Producido de forma sostenible en Holanda<\/li>\n<li>Eficacia de por vida: no necesita pilas, filtros ni mantenimiento<\/li>\n<li>Tambi\u00e9n para viajar: compacto y elegante<\/li>\n<\/ul>\n<h2>\u2764\ufe0f \u00bfQu\u00e9 dicen los clientes?<\/h2>\n<blockquote><p>\u201cNuestra piel, nuestro intestino y nuestro perro est\u00e1n m\u00e1s sanos que nunca<em>\u201d<\/em><br \/>\n<em>&#8211; Stephanie, NL<\/em><\/p><\/blockquote>\n<blockquote><p>\u201cMe siento m\u00e1s tranquila, bebo m\u00e1s y a mis hijos les encanta el agua<em>\u201d<\/em><br \/>\n<em>&#8211; Wieteke, NL<\/em><\/p><\/blockquote>\n<blockquote><p>\u201cEnorme relajaci\u00f3n y claridad en 15 minutos<em>\u201d<\/em><br \/>\n<em>&#8211; Matthew, AU<\/em><\/p><\/blockquote>\n<h2>???? Preguntas m\u00e1s frecuentes (FAQ)<\/h2>\n<ul>\n<li><strong>\u00bfCu\u00e1nto tiempo debo remover con la varilla?<\/strong><br \/>\n15 segundos para un vaso, 30 segundos para una jarra de agua.<\/li>\n<li><strong>\u00bfEs seguro para los beb\u00e9s, las mascotas o las plantas?<\/strong><br \/>\nS\u00ed, el agua coherente es segura para todos e incluso extremadamente beneficiosa.<\/li>\n<li><strong>\u00bfFunciona tambi\u00e9n con el Preparador de Agua Vitalizada Phipower?<\/strong><br \/>\nS\u00ed! Con la v\u00e1lvula de corcho a juego, colocas perfectamente la Varilla de Agua Analemma en la <a href=\"https:\/\/phipower.org\/es\/producto\/paquete-botella-de-agua-en-remolino-agitador-magnetico-triangulo-dorado-para-vitalizar-y-estructurar-el-agua-phipower\/\">botella de remolino de agua Phipower<\/a>. De este modo, potencias el efecto de ambos sistemas.  <\/li>\n<\/ul>\n<h3 data-start=\"2719\" data-end=\"2772\">???? <strong data-start=\"2726\" data-end=\"2770\">Ver el v\u00eddeo sobre el uso y los antecedentes<\/strong><\/h3>\n<p data-start=\"2773\" data-end=\"2800\"><a href=\"https:\/\/analemma-water.plugandpay.nl\/r?id=Yd58K2FE\">Ver v\u00eddeo<\/a><\/p>\n<h2>???? Descargas<\/h2>\n<ul>\n<li><a href=\"https:\/\/drive.google.com\/file\/d\/12zGyJuRwNIhtY8xwoPeGilOQ2LGzOIty\/view?usp=sharing\">Manual de la ca\u00f1a de agua (PDF)<\/a><\/li>\n<li><a href=\"https:\/\/drive.google.com\/file\/d\/1MTC-4t77LG0AsQ1FWTpRx7FcemDUYxNX\/view?usp=sharing\">Efectos del agua Analemma en los niveles de ATP humanos (PDF)<\/a><\/li>\n<li><a href=\"https:\/\/drive.google.com\/file\/d\/17JzY-72D2BuQ4ZM1xnR6HDxJGSk9AIhQ\/view?usp=sharing\">Efectos del agua Analemma en el microbioma g\u00e1strico (PDF)<\/a><\/li>\n<li><a href=\"https:\/\/drive.google.com\/file\/d\/1flWoBrqx5eXE5dHat6esF-ouYQiMX0Yo\/view?usp=sharing\">Efectos del agua Analemma o de las ondas cerebrales (PDF)<\/a><\/li>\n<li><a href=\"https:\/\/drive.google.com\/file\/d\/1Ls30753u8hsTbg-ehDygwBV6Ba8K0v-_\/view?usp=sharing\">Efectos del agua de Analemma en las plantas y el suelo (PDF)<\/a><\/li>\n<\/ul>\n<h2>???? Pedidos<\/h2>\n<p>???? Pide <strong><a href=\"https:\/\/analemma-water.plugandpay.nl\/r?id=XwC7M61e\">aqu\u00ed<\/a> <\/strong>y experimenta hoy mismo la diferencia del agua coherente.<\/p>\n<p><!-- Bestelknop Analemma Waterstaaf --><br \/>\n<a style=\"display: inline-block; background-color: #4caf50; color: white; padding: 14px 28px; text-align: center; text-decoration: none; font-size: 16px; border-radius: 8px; font-weight: bold; margin-bottom: 10px;\" href=\"https:\/\/analemma-water.plugandpay.nl\/r?id=XwC7M61e\" target=\"_blank\" rel=\"noopener\"><br \/>\n\u2705 Pide ahora tu Vara de Agua Analemma<br \/>\n<\/a><\/p>\n<p><!-- Extra integratieknoppen --><a style=\"display: inline-block; background-color: #2196f3; color: white; padding: 12px 24px; text-align: center; text-decoration: none; font-size: 14px; border-radius: 6px; font-weight: bold; margin-right: 8px;\" href=\"https:\/\/phipower.org\/es\/producto\/paquete-botella-de-agua-en-remolino-agitador-magnetico-triangulo-dorado-para-vitalizar-y-estructurar-el-agua-phipower\/\" target=\"_blank\" rel=\"noopener\"><br \/>\n???? A\u00f1adir Vitalised Water Maker<br \/>\n<\/a><\/p>\n<p><a style=\"display: inline-block; background-color: #ff9800; color: white; padding: 12px 24px; text-align: center; text-decoration: none; font-size: 14px; border-radius: 6px; font-weight: bold;\" href=\"https:\/\/phipower.org\/es\/?post_type=product&#038;p=6928\" target=\"_blank\" rel=\"noopener\"><br \/>\n\u2795 A\u00f1ade una v\u00e1lvula de corcho para integrarla<br \/>\n<\/a><\/p>\n","protected":false},"excerpt":{"rendered":"<p data-start=\"108\" data-end=\"521\">\u2714 Aumenta la energ\u00eda celular (ATP)<br data-start=\"186\" data-end=\"189\">\u2714 Favorece el sistema inmunitario<br data-start=\"216\" data-end=\"219\">\u2714 Rejuvenece la edad biol\u00f3gica<br data-start=\"250\" data-end=\"253\">\u2714 Aporta calma y claridad mental<br data-start=\"288\" data-end=\"291\">\u2714 Funciona de por vida sin mantenimiento<br data-start=\"326\" data-end=\"329\">\u2714 Acci\u00f3n reforzada con la <a href=\"https:\/\/phipower.org\/es\/producto\/paquete-botella-de-agua-en-remolino-agitador-magnetico-triangulo-dorado-para-vitalizar-y-estructurar-el-agua-phipower\/\">botella de remolino de agua Phipower <\/a> <\/p>\n<p class=\"\" data-start=\"108\" data-end=\"521\">\n","protected":false},"featured_media":7106,"comment_status":"open","ping_status":"closed","template":"","meta":[],"product_brand":[],"product_cat":[1076,1084,954,951,953],"product_tag":[],"class_list":{"0":"post-7096","1":"product","2":"type-product","3":"status-publish","4":"has-post-thumbnail","6":"product_cat-agua-estructurada","7":"product_cat-agua-vitalizada-es","8":"product_cat-frecuencias","9":"product_cat-productos","10":"product_cat-tratamiento-del-agua","11":"product_shipping_class-0-2-kg","13":"first","14":"instock","15":"taxable","16":"shipping-taxable","17":"product-type-external"},"yoast_head":"<!-- This site is optimized with the Yoast SEO Premium plugin v23.6 (Yoast SEO v27.2) - https:\/\/yoast.com\/product\/yoast-seo-premium-wordpress\/ -->\n<title>Varilla de Agua Analemma - Agua Coherente para M\u00e1s Energ\u00eda y Equilibrio<\/title>\n<meta name=\"description\" content=\"Transforma tu agua potable en agua coherente mAumenta tu energ\u00eda, mejora tu microbioma e int\u00e9grate con el Preparador de Agua Vital Phipower.\" \/>\n<meta name=\"robots\" content=\"index, follow, max-snippet:-1, max-image-preview:large, max-video-preview:-1\" \/>\n<link rel=\"canonical\" href=\"https:\/\/phipower.org\/es\/producto\/valvulas-de-corcho-para-el-vitalizador-de-agua-phipower-atenuacion-acustica-y-fijacion-analemma-stir-bar-kopie\/\" \/>\n<meta property=\"og:locale\" content=\"es_ES\" \/>\n<meta property=\"og:type\" content=\"article\" \/>\n<meta property=\"og:title\" content=\"Varilla de agua Analemma - Transforma tu agua potable en agua coherente\" \/>\n<meta property=\"og:description\" content=\"Transforma tu agua potable en agua coherente mAumenta tu energ\u00eda, mejora tu microbioma e int\u00e9grate con el Preparador de Agua Vital Phipower.\" \/>\n<meta property=\"og:url\" content=\"https:\/\/phipower.org\/es\/producto\/valvulas-de-corcho-para-el-vitalizador-de-agua-phipower-atenuacion-acustica-y-fijacion-analemma-stir-bar-kopie\/\" \/>\n<meta property=\"og:site_name\" content=\"Phipower\" \/>\n<meta property=\"article:publisher\" content=\"https:\/\/www.facebook.com\/phipowertools\/\" \/>\n<meta property=\"article:modified_time\" content=\"2025-05-30T13:11:51+00:00\" \/>\n<meta property=\"og:image\" content=\"https:\/\/phipower.org\/wp-content\/uploads\/2018\/09\/photo-1-36-1.jpg\" \/>\n\t<meta property=\"og:image:width\" content=\"750\" \/>\n\t<meta property=\"og:image:height\" content=\"750\" \/>\n\t<meta property=\"og:image:type\" content=\"image\/jpeg\" \/>\n<meta name=\"twitter:card\" content=\"summary_large_image\" \/>\n<meta name=\"twitter:site\" content=\"@phipower1\" \/>\n<meta name=\"twitter:label1\" content=\"Precio\" \/>\n\t<meta name=\"twitter:data1\" content=\"&euro;164,90\" \/>\n\t<meta name=\"twitter:label2\" content=\"Disponibilidad\" \/>\n\t<meta name=\"twitter:data2\" content=\"Disponible\" \/>\n<script type=\"application\/ld+json\" class=\"yoast-schema-graph\">{\"@context\":\"https:\/\/schema.org\",\"@graph\":[{\"@type\":\"WebPage\",\"@id\":\"https:\/\/phipower.org\/es\/producto\/valvulas-de-corcho-para-el-vitalizador-de-agua-phipower-atenuacion-acustica-y-fijacion-analemma-stir-bar-kopie\/\",\"url\":\"https:\/\/phipower.org\/es\/producto\/valvulas-de-corcho-para-el-vitalizador-de-agua-phipower-atenuacion-acustica-y-fijacion-analemma-stir-bar-kopie\/\",\"name\":\"Varilla de Agua Analemma - Agua Coherente para M\u00e1s Energ\u00eda y Equilibrio\",\"isPartOf\":{\"@id\":\"https:\/\/phipower.org\/es\/#website\"},\"primaryImageOfPage\":{\"@id\":\"https:\/\/phipower.org\/es\/producto\/valvulas-de-corcho-para-el-vitalizador-de-agua-phipower-atenuacion-acustica-y-fijacion-analemma-stir-bar-kopie\/#primaryimage\"},\"image\":{\"@id\":\"https:\/\/phipower.org\/es\/producto\/valvulas-de-corcho-para-el-vitalizador-de-agua-phipower-atenuacion-acustica-y-fijacion-analemma-stir-bar-kopie\/#primaryimage\"},\"thumbnailUrl\":\"https:\/\/phipower.org\/wp-content\/uploads\/2025\/05\/analemma-waterstaaf-coherenct-vitaal-water.jpeg\",\"datePublished\":\"2025-05-26T10:41:58+00:00\",\"dateModified\":\"2025-05-30T13:11:51+00:00\",\"description\":\"Transforma tu agua potable en agua coherente mAumenta tu energ\u00eda, mejora tu microbioma e int\u00e9grate con el Preparador de Agua Vital Phipower.\",\"breadcrumb\":{\"@id\":\"https:\/\/phipower.org\/es\/producto\/valvulas-de-corcho-para-el-vitalizador-de-agua-phipower-atenuacion-acustica-y-fijacion-analemma-stir-bar-kopie\/#breadcrumb\"},\"inLanguage\":\"es\",\"potentialAction\":[{\"@type\":\"ReadAction\",\"target\":[\"https:\/\/phipower.org\/es\/producto\/valvulas-de-corcho-para-el-vitalizador-de-agua-phipower-atenuacion-acustica-y-fijacion-analemma-stir-bar-kopie\/\"]}]},{\"@type\":\"ImageObject\",\"inLanguage\":\"es\",\"@id\":\"https:\/\/phipower.org\/es\/producto\/valvulas-de-corcho-para-el-vitalizador-de-agua-phipower-atenuacion-acustica-y-fijacion-analemma-stir-bar-kopie\/#primaryimage\",\"url\":\"https:\/\/phipower.org\/wp-content\/uploads\/2025\/05\/analemma-waterstaaf-coherenct-vitaal-water.jpeg\",\"contentUrl\":\"https:\/\/phipower.org\/wp-content\/uploads\/2025\/05\/analemma-waterstaaf-coherenct-vitaal-water.jpeg\",\"width\":1200,\"height\":1178},{\"@type\":\"BreadcrumbList\",\"@id\":\"https:\/\/phipower.org\/es\/producto\/valvulas-de-corcho-para-el-vitalizador-de-agua-phipower-atenuacion-acustica-y-fijacion-analemma-stir-bar-kopie\/#breadcrumb\",\"itemListElement\":[{\"@type\":\"ListItem\",\"position\":1,\"name\":\"Home\",\"item\":\"https:\/\/phipower.org\/es\/\"},{\"@type\":\"ListItem\",\"position\":2,\"name\":\"Tienda\",\"item\":\"https:\/\/phipower.org\/es\/tienda\/\"},{\"@type\":\"ListItem\",\"position\":3,\"name\":\"Varilla de agua Analemma &#8211; Transforma tu agua potable en agua coherente\"}]},{\"@type\":\"WebSite\",\"@id\":\"https:\/\/phipower.org\/es\/#website\",\"url\":\"https:\/\/phipower.org\/es\/\",\"name\":\"Phipower: innovatieve gezondheidsproducten\",\"description\":\"innovatieve gezondheidsproducten\",\"publisher\":{\"@id\":\"https:\/\/phipower.org\/es\/#organization\"},\"potentialAction\":[{\"@type\":\"SearchAction\",\"target\":{\"@type\":\"EntryPoint\",\"urlTemplate\":\"https:\/\/phipower.org\/es\/?s={search_term_string}\"},\"query-input\":{\"@type\":\"PropertyValueSpecification\",\"valueRequired\":true,\"valueName\":\"search_term_string\"}}],\"inLanguage\":\"es\"},{\"@type\":\"Organization\",\"@id\":\"https:\/\/phipower.org\/es\/#organization\",\"name\":\"Phipower\",\"url\":\"https:\/\/phipower.org\/es\/\",\"logo\":{\"@type\":\"ImageObject\",\"inLanguage\":\"es\",\"@id\":\"https:\/\/phipower.org\/es\/#\/schema\/logo\/image\/\",\"url\":\"https:\/\/phipower.org\/wp-content\/uploads\/2019\/06\/z-logo-RGB-wit-power.png\",\"contentUrl\":\"https:\/\/phipower.org\/wp-content\/uploads\/2019\/06\/z-logo-RGB-wit-power.png\",\"width\":3273,\"height\":1389,\"caption\":\"Phipower\"},\"image\":{\"@id\":\"https:\/\/phipower.org\/es\/#\/schema\/logo\/image\/\"},\"sameAs\":[\"https:\/\/www.facebook.com\/phipowertools\/\",\"https:\/\/x.com\/phipower1\",\"https:\/\/www.tiktok.com\/@phipowerhealth\"]}]}<\/script>\n<meta property=\"product:price:amount\" content=\"164.90\" \/>\n<meta property=\"product:price:currency\" content=\"EUR\" \/>\n<meta property=\"og:availability\" content=\"instock\" \/>\n<meta property=\"product:availability\" content=\"instock\" \/>\n<meta property=\"product:retailer_item_id\" content=\"AnalemmaStaafBasic\" \/>\n<meta property=\"product:condition\" content=\"new\" \/>\n<!-- \/ Yoast SEO Premium plugin. -->","yoast_head_json":{"title":"Varilla de Agua Analemma - Agua Coherente para M\u00e1s Energ\u00eda y Equilibrio","description":"Transforma tu agua potable en agua coherente mAumenta tu energ\u00eda, mejora tu microbioma e int\u00e9grate con el Preparador de Agua Vital Phipower.","robots":{"index":"index","follow":"follow","max-snippet":"max-snippet:-1","max-image-preview":"max-image-preview:large","max-video-preview":"max-video-preview:-1"},"canonical":"https:\/\/phipower.org\/es\/producto\/valvulas-de-corcho-para-el-vitalizador-de-agua-phipower-atenuacion-acustica-y-fijacion-analemma-stir-bar-kopie\/","og_locale":"es_ES","og_type":"article","og_title":"Varilla de agua Analemma - Transforma tu agua potable en agua coherente","og_description":"Transforma tu agua potable en agua coherente mAumenta tu energ\u00eda, mejora tu microbioma e int\u00e9grate con el Preparador de Agua Vital Phipower.","og_url":"https:\/\/phipower.org\/es\/producto\/valvulas-de-corcho-para-el-vitalizador-de-agua-phipower-atenuacion-acustica-y-fijacion-analemma-stir-bar-kopie\/","og_site_name":"Phipower","article_publisher":"https:\/\/www.facebook.com\/phipowertools\/","article_modified_time":"2025-05-30T13:11:51+00:00","og_image":[{"width":750,"height":750,"url":"https:\/\/phipower.org\/wp-content\/uploads\/2018\/09\/photo-1-36-1.jpg","type":"image\/jpeg"}],"twitter_card":"summary_large_image","twitter_site":"@phipower1","twitter_misc":{"Precio":"&euro;164,90","Disponibilidad":"Disponible"},"schema":{"@context":"https:\/\/schema.org","@graph":[{"@type":"WebPage","@id":"https:\/\/phipower.org\/es\/producto\/valvulas-de-corcho-para-el-vitalizador-de-agua-phipower-atenuacion-acustica-y-fijacion-analemma-stir-bar-kopie\/","url":"https:\/\/phipower.org\/es\/producto\/valvulas-de-corcho-para-el-vitalizador-de-agua-phipower-atenuacion-acustica-y-fijacion-analemma-stir-bar-kopie\/","name":"Varilla de Agua Analemma - Agua Coherente para M\u00e1s Energ\u00eda y Equilibrio","isPartOf":{"@id":"https:\/\/phipower.org\/es\/#website"},"primaryImageOfPage":{"@id":"https:\/\/phipower.org\/es\/producto\/valvulas-de-corcho-para-el-vitalizador-de-agua-phipower-atenuacion-acustica-y-fijacion-analemma-stir-bar-kopie\/#primaryimage"},"image":{"@id":"https:\/\/phipower.org\/es\/producto\/valvulas-de-corcho-para-el-vitalizador-de-agua-phipower-atenuacion-acustica-y-fijacion-analemma-stir-bar-kopie\/#primaryimage"},"thumbnailUrl":"https:\/\/phipower.org\/wp-content\/uploads\/2025\/05\/analemma-waterstaaf-coherenct-vitaal-water.jpeg","datePublished":"2025-05-26T10:41:58+00:00","dateModified":"2025-05-30T13:11:51+00:00","description":"Transforma tu agua potable en agua coherente mAumenta tu energ\u00eda, mejora tu microbioma e int\u00e9grate con el Preparador de Agua Vital Phipower.","breadcrumb":{"@id":"https:\/\/phipower.org\/es\/producto\/valvulas-de-corcho-para-el-vitalizador-de-agua-phipower-atenuacion-acustica-y-fijacion-analemma-stir-bar-kopie\/#breadcrumb"},"inLanguage":"es","potentialAction":[{"@type":"ReadAction","target":["https:\/\/phipower.org\/es\/producto\/valvulas-de-corcho-para-el-vitalizador-de-agua-phipower-atenuacion-acustica-y-fijacion-analemma-stir-bar-kopie\/"]}]},{"@type":"ImageObject","inLanguage":"es","@id":"https:\/\/phipower.org\/es\/producto\/valvulas-de-corcho-para-el-vitalizador-de-agua-phipower-atenuacion-acustica-y-fijacion-analemma-stir-bar-kopie\/#primaryimage","url":"https:\/\/phipower.org\/wp-content\/uploads\/2025\/05\/analemma-waterstaaf-coherenct-vitaal-water.jpeg","contentUrl":"https:\/\/phipower.org\/wp-content\/uploads\/2025\/05\/analemma-waterstaaf-coherenct-vitaal-water.jpeg","width":1200,"height":1178},{"@type":"BreadcrumbList","@id":"https:\/\/phipower.org\/es\/producto\/valvulas-de-corcho-para-el-vitalizador-de-agua-phipower-atenuacion-acustica-y-fijacion-analemma-stir-bar-kopie\/#breadcrumb","itemListElement":[{"@type":"ListItem","position":1,"name":"Home","item":"https:\/\/phipower.org\/es\/"},{"@type":"ListItem","position":2,"name":"Tienda","item":"https:\/\/phipower.org\/es\/tienda\/"},{"@type":"ListItem","position":3,"name":"Varilla de agua Analemma &#8211; Transforma tu agua potable en agua coherente"}]},{"@type":"WebSite","@id":"https:\/\/phipower.org\/es\/#website","url":"https:\/\/phipower.org\/es\/","name":"Phipower: innovatieve gezondheidsproducten","description":"innovatieve gezondheidsproducten","publisher":{"@id":"https:\/\/phipower.org\/es\/#organization"},"potentialAction":[{"@type":"SearchAction","target":{"@type":"EntryPoint","urlTemplate":"https:\/\/phipower.org\/es\/?s={search_term_string}"},"query-input":{"@type":"PropertyValueSpecification","valueRequired":true,"valueName":"search_term_string"}}],"inLanguage":"es"},{"@type":"Organization","@id":"https:\/\/phipower.org\/es\/#organization","name":"Phipower","url":"https:\/\/phipower.org\/es\/","logo":{"@type":"ImageObject","inLanguage":"es","@id":"https:\/\/phipower.org\/es\/#\/schema\/logo\/image\/","url":"https:\/\/phipower.org\/wp-content\/uploads\/2019\/06\/z-logo-RGB-wit-power.png","contentUrl":"https:\/\/phipower.org\/wp-content\/uploads\/2019\/06\/z-logo-RGB-wit-power.png","width":3273,"height":1389,"caption":"Phipower"},"image":{"@id":"https:\/\/phipower.org\/es\/#\/schema\/logo\/image\/"},"sameAs":["https:\/\/www.facebook.com\/phipowertools\/","https:\/\/x.com\/phipower1","https:\/\/www.tiktok.com\/@phipowerhealth"]}]},"product_price_amount":"164.90","product_price_currency":"EUR","og_availability":"instock","product_availability":"instock","product_retailer_item_id":"AnalemmaStaafBasic","product_condition":"new"},"_links":{"self":[{"href":"https:\/\/phipower.org\/es\/wp-json\/wp\/v2\/product\/7096","targetHints":{"allow":["GET"]}}],"collection":[{"href":"https:\/\/phipower.org\/es\/wp-json\/wp\/v2\/product"}],"about":[{"href":"https:\/\/phipower.org\/es\/wp-json\/wp\/v2\/types\/product"}],"replies":[{"embeddable":true,"href":"https:\/\/phipower.org\/es\/wp-json\/wp\/v2\/comments?post=7096"}],"wp:featuredmedia":[{"embeddable":true,"href":"https:\/\/phipower.org\/es\/wp-json\/wp\/v2\/media\/7106"}],"wp:attachment":[{"href":"https:\/\/phipower.org\/es\/wp-json\/wp\/v2\/media?parent=7096"}],"wp:term":[{"taxonomy":"product_brand","embeddable":true,"href":"https:\/\/phipower.org\/es\/wp-json\/wp\/v2\/product_brand?post=7096"},{"taxonomy":"product_cat","embeddable":true,"href":"https:\/\/phipower.org\/es\/wp-json\/wp\/v2\/product_cat?post=7096"},{"taxonomy":"product_tag","embeddable":true,"href":"https:\/\/phipower.org\/es\/wp-json\/wp\/v2\/product_tag?post=7096"}],"curies":[{"name":"wp","href":"https:\/\/api.w.org\/{rel}","templated":true}]}}