{"id":6928,"date":"2025-05-13T08:21:55","date_gmt":"2025-05-13T08:21:55","guid":{"rendered":"https:\/\/phipower.org\/?post_type=product&#038;p=6928"},"modified":"2026-04-16T14:16:46","modified_gmt":"2026-04-16T14:16:46","slug":"valvulas-de-corcho-para-el-vitalizador-de-agua-phipower-atenuacion-acustica-y-fijacion-analemma-stir-bar","status":"publish","type":"product","link":"https:\/\/phipower.org\/es\/product\/valvulas-de-corcho-para-el-vitalizador-de-agua-phipower-atenuacion-acustica-y-fijacion-analemma-stir-bar\/","title":{"rendered":"Tapones de corcho para vitalizador de agua Phipower \u2013 Insonorizaci\u00f3n y sujeci\u00f3n de la varilla Analemma"},"content":{"rendered":"<h1>Tapones de corcho para vitalizador de agua Phipower \u2013 Set de 2<\/h1>\n<p>Mejora tu experiencia con el <a href=\"https:\/\/phipower.org\/product\/gevitaliseerd-water-maker-voor-vitaliseren-en-structureren-van-water-phipower\/\"><strong>Generador de Agua Vitalizada Phipower<\/strong><\/a> con este set de dos funcionales <strong>tapones de corcho<\/strong>. Dise\u00f1ados para una estructuraci\u00f3n \u00f3ptima del agua y amortiguaci\u00f3n del ruido, ideales para quienes buscan un agua m\u00e1s vital y m\u00e1s paz en el hogar. <\/p>\n<h2>\u2705 \u00bfQu\u00e9 incluye este set?<\/h2>\n<h3>1. Tap\u00f3n de corcho completo \u2013 Insonorizante<\/h3>\n<p>Este tap\u00f3n cierra completamente la parte superior del <a href=\"https:\/\/phipower.org\/product\/gevitaliseerd-water-maker-voor-vitaliseren-en-structureren-van-water-phipower\/\">vitalizador de agua Phipower<\/a>. El resultado: <\/p>\n<ul>\n<li><strong>Reducci\u00f3n significativa del ruido<\/strong> del v\u00f3rtice de agua en rotaci\u00f3n<\/li>\n<li><strong>M\u00e1s tranquilidad<\/strong> durante la meditaci\u00f3n, el sue\u00f1o o la terapia<\/li>\n<li>Ideal para su uso en entornos silenciosos<\/li>\n<\/ul>\n<h3>2. Tap\u00f3n de corcho con orificio de 10 mm \u2013 Para varilla Analemma<\/h3>\n<p>El segundo tap\u00f3n tiene un <strong>orificio de 10 mm de ajuste preciso<\/strong>, perfecto para la <a href=\"https:\/\/phipower.org\/es\/producto\/valvulas-de-corcho-para-el-vitalizador-de-agua-phipower-atenuacion-acustica-y-fijacion-analemma-stir-bar-kopie\/\"><strong>varilla Analemma de cristal de cuarzo<\/strong><\/a>. Con \u00e9l podr\u00e1s: <\/p>\n<ul>\n<li>Colocar la varilla de forma estable en el v\u00f3rtice<\/li>\n<li>Combinar el poder de la <strong>energ\u00eda del cristal con la estructuraci\u00f3n del agua<\/strong><\/li>\n<li>Potenciar significativamente el efecto vitalizador de tu agua<\/li>\n<\/ul>\n<h2>???? Material natural y sostenible<\/h2>\n<p>Ambos tapones est\u00e1n fabricados con <strong>corcho de alta calidad<\/strong>, un material natural con excelentes propiedades de sellado.<\/p>\n<ul>\n<li>Respetuoso con el medio ambiente<\/li>\n<li>Ligero<\/li>\n<li>Reutilizable y duradero<\/li>\n<\/ul>\n<h2>???? \u00bfPor qu\u00e9 elegir estos tapones de corcho?<\/h2>\n<ul>\n<li>Ajuste perfecto para el Generador de Agua Vital Phipower<\/li>\n<li>Favorece una <strong>estructuraci\u00f3n y energetizaci\u00f3n profunda del agua<\/strong><\/li>\n<li><strong>Reduce las molestias por ruido<\/strong> del v\u00f3rtice<\/li>\n<li>Refuerza el efecto de la <a href=\"https:\/\/phipower.org\/es\/producto\/valvulas-de-corcho-para-el-vitalizador-de-agua-phipower-atenuacion-acustica-y-fijacion-analemma-stir-bar-kopie\/\"><strong>varilla de cristal de cuarzo Analemma<\/strong><\/a><\/li>\n<li>Aspecto natural y f\u00e1cil de usar<\/li>\n<\/ul>\n<h2>???? Pide ahora tus tapones de corcho para Phipower<\/h2>\n<p>\u00bfQuieres m\u00e1s paz mientras vitalizas tu agua y crear una estructura m\u00e1s potente con la energ\u00eda del cristal?<br \/>\n<strong>Pide ahora este pr\u00e1ctico set de tapones de corcho<\/strong> y saca el m\u00e1ximo partido a tu <a href=\"https:\/\/phipower.org\/product\/gevitaliseerd-water-maker-voor-vitaliseren-en-structureren-van-water-phipower\/\">sistema Phipower<\/a>.<\/p>\n<p>&nbsp;<\/p>\n","protected":false},"excerpt":{"rendered":"<p class=\"\" data-start=\"108\" data-end=\"521\">\u2714 amortigua el ruido del remolino de agua durante la vitalizaci\u00f3n<br data-start=\"168\" data-end=\"171\">\u2714 tap\u00f3n con orificio de 10 mm para colocar la varilla Analemma<br data-start=\"235\" data-end=\"238\">\u2714 refuerza el efecto del v\u00f3rtice de agua con energ\u00eda de cristal<br data-start=\"299\" data-end=\"302\">\u2714 dise\u00f1ado a medida para el Generador de Agua Vitalizada Phipower<br data-start=\"364\" data-end=\"367\">\u2714 fabricado en corcho natural y sostenible<br data-start=\"406\" data-end=\"409\">\u2714 f\u00e1cil de usar y con buen cierre<br data-start=\"451\" data-end=\"454\">\u2714 ideal para espacios silenciosos como dormitorios y salas de terapia<\/p>\n","protected":false},"featured_media":7064,"comment_status":"open","ping_status":"closed","template":"","meta":[],"product_brand":[],"product_cat":[1076,1084,954,951,953],"product_tag":[],"class_list":{"0":"post-6928","1":"product","2":"type-product","3":"status-publish","4":"has-post-thumbnail","6":"product_cat-agua-estructurada","7":"product_cat-agua-vitalizada-es","8":"product_cat-frecuencias","9":"product_cat-productos","10":"product_cat-tratamiento-del-agua","11":"product_shipping_class-0-2-kg","13":"first","14":"instock","15":"taxable","16":"shipping-taxable","17":"purchasable","18":"product-type-simple"},"yoast_head":"<!-- This site is optimized with the Yoast SEO Premium plugin v23.6 (Yoast SEO v27.2) - https:\/\/yoast.com\/product\/yoast-seo-premium-wordpress\/ -->\n<title>Tapones de corcho para vitalizador de agua Phipower \u2013 Insonorizaci\u00f3n y varilla Analemma<\/title>\n<meta name=\"description\" content=\"Set de 2 tapones de corcho para el vitalizador de agua Phipower. Amortigua el ruido del v\u00f3rtice y sostiene la varilla Analemma para una estructuraci\u00f3n adicional del agua.\" \/>\n<meta name=\"robots\" content=\"index, follow, max-snippet:-1, max-image-preview:large, max-video-preview:-1\" \/>\n<link rel=\"canonical\" href=\"https:\/\/phipower.org\/es\/product\/valvulas-de-corcho-para-el-vitalizador-de-agua-phipower-atenuacion-acustica-y-fijacion-analemma-stir-bar\/\" \/>\n<meta property=\"og:locale\" content=\"es_ES\" \/>\n<meta property=\"og:type\" content=\"article\" \/>\n<meta property=\"og:title\" content=\"Tapones de corcho para vitalizador de agua Phipower \u2013 Insonorizaci\u00f3n y sujeci\u00f3n de la varilla Analemma\" \/>\n<meta property=\"og:description\" content=\"Set de 2 tapones de corcho para el vitalizador de agua Phipower. Amortigua el ruido del v\u00f3rtice y sostiene la varilla Analemma para una estructuraci\u00f3n adicional del agua.\" \/>\n<meta property=\"og:url\" content=\"https:\/\/phipower.org\/es\/product\/valvulas-de-corcho-para-el-vitalizador-de-agua-phipower-atenuacion-acustica-y-fijacion-analemma-stir-bar\/\" \/>\n<meta property=\"og:site_name\" content=\"Phipower\" \/>\n<meta property=\"article:publisher\" content=\"https:\/\/www.facebook.com\/phipowertools\/\" \/>\n<meta property=\"article:modified_time\" content=\"2026-04-16T14:16:46+00:00\" \/>\n<meta property=\"og:image\" content=\"https:\/\/phipower.org\/wp-content\/uploads\/2018\/09\/photo-1-36-1.jpg\" \/>\n\t<meta property=\"og:image:width\" content=\"750\" \/>\n\t<meta property=\"og:image:height\" content=\"750\" \/>\n\t<meta property=\"og:image:type\" content=\"image\/jpeg\" \/>\n<meta name=\"twitter:card\" content=\"summary_large_image\" \/>\n<meta name=\"twitter:site\" content=\"@phipower1\" \/>\n<meta name=\"twitter:label1\" content=\"Precio\" \/>\n\t<meta name=\"twitter:data1\" content=\"&euro;29,00\" \/>\n\t<meta name=\"twitter:label2\" content=\"Disponibilidad\" \/>\n\t<meta name=\"twitter:data2\" content=\"Disponible\" \/>\n<script type=\"application\/ld+json\" class=\"yoast-schema-graph\">{\"@context\":\"https:\/\/schema.org\",\"@graph\":[{\"@type\":\"WebPage\",\"@id\":\"https:\/\/phipower.org\/es\/product\/valvulas-de-corcho-para-el-vitalizador-de-agua-phipower-atenuacion-acustica-y-fijacion-analemma-stir-bar\/\",\"url\":\"https:\/\/phipower.org\/es\/product\/valvulas-de-corcho-para-el-vitalizador-de-agua-phipower-atenuacion-acustica-y-fijacion-analemma-stir-bar\/\",\"name\":\"Tapones de corcho para vitalizador de agua Phipower \u2013 Insonorizaci\u00f3n y varilla Analemma\",\"isPartOf\":{\"@id\":\"https:\/\/phipower.org\/es\/#website\"},\"primaryImageOfPage\":{\"@id\":\"https:\/\/phipower.org\/es\/product\/valvulas-de-corcho-para-el-vitalizador-de-agua-phipower-atenuacion-acustica-y-fijacion-analemma-stir-bar\/#primaryimage\"},\"image\":{\"@id\":\"https:\/\/phipower.org\/es\/product\/valvulas-de-corcho-para-el-vitalizador-de-agua-phipower-atenuacion-acustica-y-fijacion-analemma-stir-bar\/#primaryimage\"},\"thumbnailUrl\":\"https:\/\/phipower.org\/wp-content\/uploads\/2025\/05\/Kurk-Afsluiters-voor-Phipower-Water-Vitalisator-Geluidsdemping-Bevestiging-Analemma-Roerstaaf.png\",\"datePublished\":\"2025-05-13T08:21:55+00:00\",\"dateModified\":\"2026-04-16T14:16:46+00:00\",\"description\":\"Set de 2 tapones de corcho para el vitalizador de agua Phipower. Amortigua el ruido del v\u00f3rtice y sostiene la varilla Analemma para una estructuraci\u00f3n adicional del agua.\",\"breadcrumb\":{\"@id\":\"https:\/\/phipower.org\/es\/product\/valvulas-de-corcho-para-el-vitalizador-de-agua-phipower-atenuacion-acustica-y-fijacion-analemma-stir-bar\/#breadcrumb\"},\"inLanguage\":\"es\",\"potentialAction\":[{\"@type\":\"ReadAction\",\"target\":[\"https:\/\/phipower.org\/es\/product\/valvulas-de-corcho-para-el-vitalizador-de-agua-phipower-atenuacion-acustica-y-fijacion-analemma-stir-bar\/\"]}]},{\"@type\":\"ImageObject\",\"inLanguage\":\"es\",\"@id\":\"https:\/\/phipower.org\/es\/product\/valvulas-de-corcho-para-el-vitalizador-de-agua-phipower-atenuacion-acustica-y-fijacion-analemma-stir-bar\/#primaryimage\",\"url\":\"https:\/\/phipower.org\/wp-content\/uploads\/2025\/05\/Kurk-Afsluiters-voor-Phipower-Water-Vitalisator-Geluidsdemping-Bevestiging-Analemma-Roerstaaf.png\",\"contentUrl\":\"https:\/\/phipower.org\/wp-content\/uploads\/2025\/05\/Kurk-Afsluiters-voor-Phipower-Water-Vitalisator-Geluidsdemping-Bevestiging-Analemma-Roerstaaf.png\",\"width\":1200,\"height\":1200},{\"@type\":\"BreadcrumbList\",\"@id\":\"https:\/\/phipower.org\/es\/product\/valvulas-de-corcho-para-el-vitalizador-de-agua-phipower-atenuacion-acustica-y-fijacion-analemma-stir-bar\/#breadcrumb\",\"itemListElement\":[{\"@type\":\"ListItem\",\"position\":1,\"name\":\"Home\",\"item\":\"https:\/\/phipower.org\/es\/\"},{\"@type\":\"ListItem\",\"position\":2,\"name\":\"Tienda\",\"item\":\"https:\/\/phipower.org\/es\/tienda\/\"},{\"@type\":\"ListItem\",\"position\":3,\"name\":\"Tapones de corcho para vitalizador de agua Phipower \u2013 Insonorizaci\u00f3n y sujeci\u00f3n de la varilla Analemma\"}]},{\"@type\":\"WebSite\",\"@id\":\"https:\/\/phipower.org\/es\/#website\",\"url\":\"https:\/\/phipower.org\/es\/\",\"name\":\"Phipower: innovatieve gezondheidsproducten\",\"description\":\"innovatieve gezondheidsproducten\",\"publisher\":{\"@id\":\"https:\/\/phipower.org\/es\/#organization\"},\"potentialAction\":[{\"@type\":\"SearchAction\",\"target\":{\"@type\":\"EntryPoint\",\"urlTemplate\":\"https:\/\/phipower.org\/es\/?s={search_term_string}\"},\"query-input\":{\"@type\":\"PropertyValueSpecification\",\"valueRequired\":true,\"valueName\":\"search_term_string\"}}],\"inLanguage\":\"es\"},{\"@type\":\"Organization\",\"@id\":\"https:\/\/phipower.org\/es\/#organization\",\"name\":\"Phipower\",\"url\":\"https:\/\/phipower.org\/es\/\",\"logo\":{\"@type\":\"ImageObject\",\"inLanguage\":\"es\",\"@id\":\"https:\/\/phipower.org\/es\/#\/schema\/logo\/image\/\",\"url\":\"https:\/\/phipower.org\/wp-content\/uploads\/2019\/06\/z-logo-RGB-wit-power.png\",\"contentUrl\":\"https:\/\/phipower.org\/wp-content\/uploads\/2019\/06\/z-logo-RGB-wit-power.png\",\"width\":3273,\"height\":1389,\"caption\":\"Phipower\"},\"image\":{\"@id\":\"https:\/\/phipower.org\/es\/#\/schema\/logo\/image\/\"},\"sameAs\":[\"https:\/\/www.facebook.com\/phipowertools\/\",\"https:\/\/x.com\/phipower1\",\"https:\/\/www.tiktok.com\/@phipowerhealth\"]}]}<\/script>\n<meta property=\"product:price:amount\" content=\"29.00\" \/>\n<meta property=\"product:price:currency\" content=\"EUR\" \/>\n<meta property=\"og:availability\" content=\"instock\" \/>\n<meta property=\"product:availability\" content=\"instock\" \/>\n<meta property=\"product:retailer_item_id\" content=\"7806140071664\" \/>\n<meta property=\"product:condition\" content=\"new\" \/>\n<!-- \/ Yoast SEO Premium plugin. -->","yoast_head_json":{"title":"Tapones de corcho para vitalizador de agua Phipower \u2013 Insonorizaci\u00f3n y varilla Analemma","description":"Set de 2 tapones de corcho para el vitalizador de agua Phipower. Amortigua el ruido del v\u00f3rtice y sostiene la varilla Analemma para una estructuraci\u00f3n adicional del agua.","robots":{"index":"index","follow":"follow","max-snippet":"max-snippet:-1","max-image-preview":"max-image-preview:large","max-video-preview":"max-video-preview:-1"},"canonical":"https:\/\/phipower.org\/es\/product\/valvulas-de-corcho-para-el-vitalizador-de-agua-phipower-atenuacion-acustica-y-fijacion-analemma-stir-bar\/","og_locale":"es_ES","og_type":"article","og_title":"Tapones de corcho para vitalizador de agua Phipower \u2013 Insonorizaci\u00f3n y sujeci\u00f3n de la varilla Analemma","og_description":"Set de 2 tapones de corcho para el vitalizador de agua Phipower. Amortigua el ruido del v\u00f3rtice y sostiene la varilla Analemma para una estructuraci\u00f3n adicional del agua.","og_url":"https:\/\/phipower.org\/es\/product\/valvulas-de-corcho-para-el-vitalizador-de-agua-phipower-atenuacion-acustica-y-fijacion-analemma-stir-bar\/","og_site_name":"Phipower","article_publisher":"https:\/\/www.facebook.com\/phipowertools\/","article_modified_time":"2026-04-16T14:16:46+00:00","og_image":[{"width":750,"height":750,"url":"https:\/\/phipower.org\/wp-content\/uploads\/2018\/09\/photo-1-36-1.jpg","type":"image\/jpeg"}],"twitter_card":"summary_large_image","twitter_site":"@phipower1","twitter_misc":{"Precio":"&euro;29,00","Disponibilidad":"Disponible"},"schema":{"@context":"https:\/\/schema.org","@graph":[{"@type":"WebPage","@id":"https:\/\/phipower.org\/es\/product\/valvulas-de-corcho-para-el-vitalizador-de-agua-phipower-atenuacion-acustica-y-fijacion-analemma-stir-bar\/","url":"https:\/\/phipower.org\/es\/product\/valvulas-de-corcho-para-el-vitalizador-de-agua-phipower-atenuacion-acustica-y-fijacion-analemma-stir-bar\/","name":"Tapones de corcho para vitalizador de agua Phipower \u2013 Insonorizaci\u00f3n y varilla Analemma","isPartOf":{"@id":"https:\/\/phipower.org\/es\/#website"},"primaryImageOfPage":{"@id":"https:\/\/phipower.org\/es\/product\/valvulas-de-corcho-para-el-vitalizador-de-agua-phipower-atenuacion-acustica-y-fijacion-analemma-stir-bar\/#primaryimage"},"image":{"@id":"https:\/\/phipower.org\/es\/product\/valvulas-de-corcho-para-el-vitalizador-de-agua-phipower-atenuacion-acustica-y-fijacion-analemma-stir-bar\/#primaryimage"},"thumbnailUrl":"https:\/\/phipower.org\/wp-content\/uploads\/2025\/05\/Kurk-Afsluiters-voor-Phipower-Water-Vitalisator-Geluidsdemping-Bevestiging-Analemma-Roerstaaf.png","datePublished":"2025-05-13T08:21:55+00:00","dateModified":"2026-04-16T14:16:46+00:00","description":"Set de 2 tapones de corcho para el vitalizador de agua Phipower. Amortigua el ruido del v\u00f3rtice y sostiene la varilla Analemma para una estructuraci\u00f3n adicional del agua.","breadcrumb":{"@id":"https:\/\/phipower.org\/es\/product\/valvulas-de-corcho-para-el-vitalizador-de-agua-phipower-atenuacion-acustica-y-fijacion-analemma-stir-bar\/#breadcrumb"},"inLanguage":"es","potentialAction":[{"@type":"ReadAction","target":["https:\/\/phipower.org\/es\/product\/valvulas-de-corcho-para-el-vitalizador-de-agua-phipower-atenuacion-acustica-y-fijacion-analemma-stir-bar\/"]}]},{"@type":"ImageObject","inLanguage":"es","@id":"https:\/\/phipower.org\/es\/product\/valvulas-de-corcho-para-el-vitalizador-de-agua-phipower-atenuacion-acustica-y-fijacion-analemma-stir-bar\/#primaryimage","url":"https:\/\/phipower.org\/wp-content\/uploads\/2025\/05\/Kurk-Afsluiters-voor-Phipower-Water-Vitalisator-Geluidsdemping-Bevestiging-Analemma-Roerstaaf.png","contentUrl":"https:\/\/phipower.org\/wp-content\/uploads\/2025\/05\/Kurk-Afsluiters-voor-Phipower-Water-Vitalisator-Geluidsdemping-Bevestiging-Analemma-Roerstaaf.png","width":1200,"height":1200},{"@type":"BreadcrumbList","@id":"https:\/\/phipower.org\/es\/product\/valvulas-de-corcho-para-el-vitalizador-de-agua-phipower-atenuacion-acustica-y-fijacion-analemma-stir-bar\/#breadcrumb","itemListElement":[{"@type":"ListItem","position":1,"name":"Home","item":"https:\/\/phipower.org\/es\/"},{"@type":"ListItem","position":2,"name":"Tienda","item":"https:\/\/phipower.org\/es\/tienda\/"},{"@type":"ListItem","position":3,"name":"Tapones de corcho para vitalizador de agua Phipower \u2013 Insonorizaci\u00f3n y sujeci\u00f3n de la varilla Analemma"}]},{"@type":"WebSite","@id":"https:\/\/phipower.org\/es\/#website","url":"https:\/\/phipower.org\/es\/","name":"Phipower: innovatieve gezondheidsproducten","description":"innovatieve gezondheidsproducten","publisher":{"@id":"https:\/\/phipower.org\/es\/#organization"},"potentialAction":[{"@type":"SearchAction","target":{"@type":"EntryPoint","urlTemplate":"https:\/\/phipower.org\/es\/?s={search_term_string}"},"query-input":{"@type":"PropertyValueSpecification","valueRequired":true,"valueName":"search_term_string"}}],"inLanguage":"es"},{"@type":"Organization","@id":"https:\/\/phipower.org\/es\/#organization","name":"Phipower","url":"https:\/\/phipower.org\/es\/","logo":{"@type":"ImageObject","inLanguage":"es","@id":"https:\/\/phipower.org\/es\/#\/schema\/logo\/image\/","url":"https:\/\/phipower.org\/wp-content\/uploads\/2019\/06\/z-logo-RGB-wit-power.png","contentUrl":"https:\/\/phipower.org\/wp-content\/uploads\/2019\/06\/z-logo-RGB-wit-power.png","width":3273,"height":1389,"caption":"Phipower"},"image":{"@id":"https:\/\/phipower.org\/es\/#\/schema\/logo\/image\/"},"sameAs":["https:\/\/www.facebook.com\/phipowertools\/","https:\/\/x.com\/phipower1","https:\/\/www.tiktok.com\/@phipowerhealth"]}]},"product_price_amount":"29.00","product_price_currency":"EUR","og_availability":"instock","product_availability":"instock","product_retailer_item_id":"7806140071664","product_condition":"new"},"_links":{"self":[{"href":"https:\/\/phipower.org\/es\/wp-json\/wp\/v2\/product\/6928","targetHints":{"allow":["GET"]}}],"collection":[{"href":"https:\/\/phipower.org\/es\/wp-json\/wp\/v2\/product"}],"about":[{"href":"https:\/\/phipower.org\/es\/wp-json\/wp\/v2\/types\/product"}],"replies":[{"embeddable":true,"href":"https:\/\/phipower.org\/es\/wp-json\/wp\/v2\/comments?post=6928"}],"wp:featuredmedia":[{"embeddable":true,"href":"https:\/\/phipower.org\/es\/wp-json\/wp\/v2\/media\/7064"}],"wp:attachment":[{"href":"https:\/\/phipower.org\/es\/wp-json\/wp\/v2\/media?parent=6928"}],"wp:term":[{"taxonomy":"product_brand","embeddable":true,"href":"https:\/\/phipower.org\/es\/wp-json\/wp\/v2\/product_brand?post=6928"},{"taxonomy":"product_cat","embeddable":true,"href":"https:\/\/phipower.org\/es\/wp-json\/wp\/v2\/product_cat?post=6928"},{"taxonomy":"product_tag","embeddable":true,"href":"https:\/\/phipower.org\/es\/wp-json\/wp\/v2\/product_tag?post=6928"}],"curies":[{"name":"wp","href":"https:\/\/api.w.org\/{rel}","templated":true}]}}