{"id":6821,"date":"2025-04-22T18:49:34","date_gmt":"2025-04-22T18:49:34","guid":{"rendered":"https:\/\/phipower.org\/?post_type=product&#038;p=6821"},"modified":"2026-04-16T14:17:31","modified_gmt":"2026-04-16T14:17:31","slug":"huevo-de-agravio-huevo-energetico-compacto-para-la-proteccion-personal-y-la-vitalizacion-kopie-kopie-kopie","status":"publish","type":"product","link":"https:\/\/phipower.org\/es\/product\/huevo-de-agravio-huevo-energetico-compacto-para-la-proteccion-personal-y-la-vitalizacion-kopie-kopie-kopie\/","title":{"rendered":"Mejora del suelo Vita Earth \u2013 Recupera la fuerza de la Tierra"},"content":{"rendered":"<section>\n<h2>La necesidad de vitalizar la tierra<\/h2>\n<p>La tierra en la que vivimos ha sufrido mucho debido a las actividades humanas. Los m\u00e9todos agr\u00edcolas industriales, la producci\u00f3n intensiva de alimentos y los productos qu\u00edmicos han agotado y empobrecido el suelo en todo el mundo. Como resultado, no solo ha disminuido la fertilidad, sino que la vida del suelo y la calidad energ\u00e9tica de la tierra se han visto gravemente afectadas.  <\/p>\n<p><strong>Con la mejora natural del suelo Vita Earth, ayudamos a la tierra a recuperar su fuerza original y su capacidad nutritiva.<\/strong> As\u00ed creamos una base saludable para todo lo que vive en la tierra.<\/p>\n<\/section>\n<section>\n<h2>\u00bfQu\u00e9 es Vita Earth?<\/h2>\n<div class=\"features\">\n<ul>\n<li><strong>Material:<\/strong> Cilindro fuerte y resistente al desgaste<\/li>\n<li><strong>Contenido:<\/strong> Huevos de Energ\u00eda Blue Earth con energ\u00eda vital aumentada<\/li>\n<li><strong>Protecci\u00f3n:<\/strong> Resistente a la lluvia, a los cambios de temperatura y a la presi\u00f3n del suelo<\/li>\n<\/ul>\n<p><strong>\u00danico:<\/strong> Apto tanto para tierra como para masas de agua (estanques, arroyos, barriles de lluvia) para mejorar la calidad energ\u00e9tica.<\/p>\n<\/div>\n<\/section>\n<section>\n<h2>Funcionamiento de Vita Earth<\/h2>\n<div class=\"features\">\n<ul>\n<li>Aumentar considerablemente el valor Bovis del suelo<\/li>\n<li>Restaurar la fertilidad de la tierra<\/li>\n<li>Reforzar el crecimiento natural y la resistencia de las plantas<\/li>\n<li>Reducir la necesidad de aditivos artificiales<\/li>\n<li>Revitalizar y fortalecer la vida del suelo<\/li>\n<\/ul>\n<p>Al enterrar el Vita Earth a <strong>unos 80 cm de profundidad<\/strong>, activas un potente campo de energ\u00eda que hace que las plantas crezcan m\u00e1s sanas, vitales y menos propensas a enfermedades.<\/p>\n<\/div>\n<\/section>\n<section>\n<h2>Uso y aplicaci\u00f3n<\/h2>\n<table>\n<thead>\n<tr>\n<th>Aplicaci\u00f3n<\/th>\n<th>Resultado<\/th>\n<\/tr>\n<\/thead>\n<tbody>\n<tr>\n<td>Huerto<\/td>\n<td>Mejor crecimiento, cosechas m\u00e1s sabrosas y sanas<\/td>\n<\/tr>\n<tr>\n<td>Frutales<\/td>\n<td>\u00c1rboles m\u00e1s fuertes y frutos resistentes<\/td>\n<\/tr>\n<tr>\n<td>Jard\u00edn de flores<\/td>\n<td>Floraci\u00f3n m\u00e1s abundante y mejor salud de las plantas<\/td>\n<\/tr>\n<tr>\n<td>Terreno agr\u00edcola<\/td>\n<td>Menor necesidad de fertilizaci\u00f3n artificial<\/td>\n<\/tr>\n<tr>\n<td>Masas de agua<\/td>\n<td>Mejora de la calidad energ\u00e9tica de estanques y arroyos<\/td>\n<\/tr>\n<\/tbody>\n<\/table>\n<h3>Instrucciones de uso importantes<\/h3>\n<ul>\n<li>Entierra el Vita Earth a una profundidad m\u00ednima de 80 cm, con el <strong>lado azul hacia arriba<\/strong> para un funcionamiento m\u00e1ximo.<\/li>\n<li>Para el agua: coloca el Vita Earth en estanques, arroyos o barriles de lluvia para aumentar el valor energ\u00e9tico del agua.<\/li>\n<li>Para superficies m\u00e1s grandes: coloca varias unidades en un patr\u00f3n geom\u00e9trico para un efecto sin\u00e9rgico.<\/li>\n<\/ul>\n<\/section>\n<section>\n<h2>Resultados pr\u00e1cticos<\/h2>\n<div class=\"process\">\n<ul>\n<li>El suelo se recupera por s\u00ed mismo m\u00e1s r\u00e1pido.<\/li>\n<li>Las plantas muestran m\u00e1s vitalidad y fuerza.<\/li>\n<li>Se necesita menos o ninguna fertilizaci\u00f3n artificial.<\/li>\n<li>La vida del suelo se recupera y florece.<\/li>\n<\/ul>\n<\/div>\n<\/section>\n<section>\n<h2>Blue Earth Innovations \u2013 Vitalizaci\u00f3n de la tierra a gran escala<\/h2>\n<p>A trav\u00e9s de las innovaciones de <strong>Blue Earth Innovations<\/strong>, nos comprometemos en todo el mundo a purificar, restaurar y vitalizar la tierra.<\/p>\n<p>Vita Earth es un ejemplo de c\u00f3mo combinamos la tecnolog\u00eda con los principios naturales para apoyar la salud de nuestro planeta.<\/p>\n<p>Juntos trabajamos por un futuro f\u00e9rtil y energ\u00e9ticamente potente para toda la vida en la tierra.<\/p>\n<\/section>\n<h2>Pide ahora tu mejora natural del suelo Vita Earth<\/h2>\n<p>\u00bfQuieres fortalecer y vitalizar tu jard\u00edn, huerto o terreno agr\u00edcola de forma natural? \u00a1Pide ahora tu <strong>Vita Earth<\/strong> y experimenta los efectos positivos en tus plantas, cosecha y entorno! <\/p>\n","protected":false},"excerpt":{"rendered":"<p>\u2714 Aumenta la fertilidad natural del suelo y fomenta el crecimiento saludable de las plantas<br \/>\n\u2714 Inhibe los microorganismos da\u00f1inos y estimula el ecosistema del suelo<br \/>\n\u2714 Instalaci\u00f3n sencilla y sin mantenimiento tras su colocaci\u00f3n<br \/>\n\u2714 Fabricado de forma sostenible con materiales ecol\u00f3gicos y resistentes a la intemperie<\/p>\n","protected":false},"featured_media":6845,"comment_status":"open","ping_status":"closed","template":"","meta":[],"product_brand":[],"product_cat":[954,951],"product_tag":[],"class_list":{"0":"post-6821","1":"product","2":"type-product","3":"status-publish","4":"has-post-thumbnail","6":"product_cat-frecuencias","7":"product_cat-productos","8":"product_shipping_class-0-2-kg","10":"first","11":"instock","12":"taxable","13":"shipping-taxable","14":"purchasable","15":"product-type-simple"},"yoast_head":"<!-- This site is optimized with the Yoast SEO Premium plugin v23.6 (Yoast SEO v27.2) - https:\/\/yoast.com\/product\/yoast-seo-premium-wordpress\/ -->\n<title>Mejora del suelo Vita Earth \u2013 Restauraci\u00f3n natural del suelo y vitalizaci\u00f3n de la tierra<\/title>\n<meta name=\"description\" content=\"Aumenta la fertilidad y la vitalidad del suelo de tu jard\u00edn, huerto o terreno agr\u00edcola con Vita Earth. Descubre nuestra soluci\u00f3n natural de vitalizaci\u00f3n para una restauraci\u00f3n sostenible del suelo y cosechas saludables.\" \/>\n<meta name=\"robots\" content=\"index, follow, max-snippet:-1, max-image-preview:large, max-video-preview:-1\" \/>\n<link rel=\"canonical\" href=\"https:\/\/phipower.org\/es\/product\/huevo-de-agravio-huevo-energetico-compacto-para-la-proteccion-personal-y-la-vitalizacion-kopie-kopie-kopie\/\" \/>\n<meta property=\"og:locale\" content=\"es_ES\" \/>\n<meta property=\"og:type\" content=\"article\" \/>\n<meta property=\"og:title\" content=\"Mejora del suelo Vita Earth \u2013 Recupera la fuerza de la Tierra\" \/>\n<meta property=\"og:description\" content=\"Aumenta la fertilidad y la vitalidad del suelo de tu jard\u00edn, huerto o terreno agr\u00edcola con Vita Earth. Descubre nuestra soluci\u00f3n natural de vitalizaci\u00f3n para una restauraci\u00f3n sostenible del suelo y cosechas saludables.\" \/>\n<meta property=\"og:url\" content=\"https:\/\/phipower.org\/es\/product\/huevo-de-agravio-huevo-energetico-compacto-para-la-proteccion-personal-y-la-vitalizacion-kopie-kopie-kopie\/\" \/>\n<meta property=\"og:site_name\" content=\"Phipower\" \/>\n<meta property=\"article:publisher\" content=\"https:\/\/www.facebook.com\/phipowertools\/\" \/>\n<meta property=\"article:modified_time\" content=\"2026-04-16T14:17:31+00:00\" \/>\n<meta property=\"og:image\" content=\"https:\/\/phipower.org\/wp-content\/uploads\/2018\/09\/photo-1-36-1.jpg\" \/>\n\t<meta property=\"og:image:width\" content=\"750\" \/>\n\t<meta property=\"og:image:height\" content=\"750\" \/>\n\t<meta property=\"og:image:type\" content=\"image\/jpeg\" \/>\n<meta name=\"twitter:card\" content=\"summary_large_image\" \/>\n<meta name=\"twitter:site\" content=\"@phipower1\" \/>\n<meta name=\"twitter:label1\" content=\"Precio\" \/>\n\t<meta name=\"twitter:data1\" content=\"&euro;90,00\" \/>\n\t<meta name=\"twitter:label2\" content=\"Disponibilidad\" \/>\n\t<meta name=\"twitter:data2\" content=\"Disponible\" \/>\n<script type=\"application\/ld+json\" class=\"yoast-schema-graph\">{\"@context\":\"https:\/\/schema.org\",\"@graph\":[{\"@type\":\"WebPage\",\"@id\":\"https:\/\/phipower.org\/es\/product\/huevo-de-agravio-huevo-energetico-compacto-para-la-proteccion-personal-y-la-vitalizacion-kopie-kopie-kopie\/\",\"url\":\"https:\/\/phipower.org\/es\/product\/huevo-de-agravio-huevo-energetico-compacto-para-la-proteccion-personal-y-la-vitalizacion-kopie-kopie-kopie\/\",\"name\":\"Mejora del suelo Vita Earth \u2013 Restauraci\u00f3n natural del suelo y vitalizaci\u00f3n de la tierra\",\"isPartOf\":{\"@id\":\"https:\/\/phipower.org\/es\/#website\"},\"primaryImageOfPage\":{\"@id\":\"https:\/\/phipower.org\/es\/product\/huevo-de-agravio-huevo-energetico-compacto-para-la-proteccion-personal-y-la-vitalizacion-kopie-kopie-kopie\/#primaryimage\"},\"image\":{\"@id\":\"https:\/\/phipower.org\/es\/product\/huevo-de-agravio-huevo-energetico-compacto-para-la-proteccion-personal-y-la-vitalizacion-kopie-kopie-kopie\/#primaryimage\"},\"thumbnailUrl\":\"https:\/\/phipower.org\/wp-content\/uploads\/2025\/04\/vita-earth-verhoog-de-vruchtbaarheid-van-de-aarde.jpg\",\"datePublished\":\"2025-04-22T18:49:34+00:00\",\"dateModified\":\"2026-04-16T14:17:31+00:00\",\"description\":\"Aumenta la fertilidad y la vitalidad del suelo de tu jard\u00edn, huerto o terreno agr\u00edcola con Vita Earth. Descubre nuestra soluci\u00f3n natural de vitalizaci\u00f3n para una restauraci\u00f3n sostenible del suelo y cosechas saludables.\",\"breadcrumb\":{\"@id\":\"https:\/\/phipower.org\/es\/product\/huevo-de-agravio-huevo-energetico-compacto-para-la-proteccion-personal-y-la-vitalizacion-kopie-kopie-kopie\/#breadcrumb\"},\"inLanguage\":\"es\",\"potentialAction\":[{\"@type\":\"ReadAction\",\"target\":[\"https:\/\/phipower.org\/es\/product\/huevo-de-agravio-huevo-energetico-compacto-para-la-proteccion-personal-y-la-vitalizacion-kopie-kopie-kopie\/\"]}]},{\"@type\":\"ImageObject\",\"inLanguage\":\"es\",\"@id\":\"https:\/\/phipower.org\/es\/product\/huevo-de-agravio-huevo-energetico-compacto-para-la-proteccion-personal-y-la-vitalizacion-kopie-kopie-kopie\/#primaryimage\",\"url\":\"https:\/\/phipower.org\/wp-content\/uploads\/2025\/04\/vita-earth-verhoog-de-vruchtbaarheid-van-de-aarde.jpg\",\"contentUrl\":\"https:\/\/phipower.org\/wp-content\/uploads\/2025\/04\/vita-earth-verhoog-de-vruchtbaarheid-van-de-aarde.jpg\",\"width\":600,\"height\":600},{\"@type\":\"BreadcrumbList\",\"@id\":\"https:\/\/phipower.org\/es\/product\/huevo-de-agravio-huevo-energetico-compacto-para-la-proteccion-personal-y-la-vitalizacion-kopie-kopie-kopie\/#breadcrumb\",\"itemListElement\":[{\"@type\":\"ListItem\",\"position\":1,\"name\":\"Home\",\"item\":\"https:\/\/phipower.org\/es\/\"},{\"@type\":\"ListItem\",\"position\":2,\"name\":\"Tienda\",\"item\":\"https:\/\/phipower.org\/es\/tienda\/\"},{\"@type\":\"ListItem\",\"position\":3,\"name\":\"Mejora del suelo Vita Earth \u2013 Recupera la fuerza de la Tierra\"}]},{\"@type\":\"WebSite\",\"@id\":\"https:\/\/phipower.org\/es\/#website\",\"url\":\"https:\/\/phipower.org\/es\/\",\"name\":\"Phipower: innovatieve gezondheidsproducten\",\"description\":\"innovatieve gezondheidsproducten\",\"publisher\":{\"@id\":\"https:\/\/phipower.org\/es\/#organization\"},\"potentialAction\":[{\"@type\":\"SearchAction\",\"target\":{\"@type\":\"EntryPoint\",\"urlTemplate\":\"https:\/\/phipower.org\/es\/?s={search_term_string}\"},\"query-input\":{\"@type\":\"PropertyValueSpecification\",\"valueRequired\":true,\"valueName\":\"search_term_string\"}}],\"inLanguage\":\"es\"},{\"@type\":\"Organization\",\"@id\":\"https:\/\/phipower.org\/es\/#organization\",\"name\":\"Phipower\",\"url\":\"https:\/\/phipower.org\/es\/\",\"logo\":{\"@type\":\"ImageObject\",\"inLanguage\":\"es\",\"@id\":\"https:\/\/phipower.org\/es\/#\/schema\/logo\/image\/\",\"url\":\"https:\/\/phipower.org\/wp-content\/uploads\/2019\/06\/z-logo-RGB-wit-power.png\",\"contentUrl\":\"https:\/\/phipower.org\/wp-content\/uploads\/2019\/06\/z-logo-RGB-wit-power.png\",\"width\":3273,\"height\":1389,\"caption\":\"Phipower\"},\"image\":{\"@id\":\"https:\/\/phipower.org\/es\/#\/schema\/logo\/image\/\"},\"sameAs\":[\"https:\/\/www.facebook.com\/phipowertools\/\",\"https:\/\/x.com\/phipower1\",\"https:\/\/www.tiktok.com\/@phipowerhealth\"]}]}<\/script>\n<meta property=\"product:price:amount\" content=\"90.00\" \/>\n<meta property=\"product:price:currency\" content=\"EUR\" \/>\n<meta property=\"og:availability\" content=\"instock\" \/>\n<meta property=\"product:availability\" content=\"instock\" \/>\n<meta property=\"product:retailer_item_id\" content=\"7806140071718\" \/>\n<meta property=\"product:condition\" content=\"new\" \/>\n<!-- \/ Yoast SEO Premium plugin. -->","yoast_head_json":{"title":"Mejora del suelo Vita Earth \u2013 Restauraci\u00f3n natural del suelo y vitalizaci\u00f3n de la tierra","description":"Aumenta la fertilidad y la vitalidad del suelo de tu jard\u00edn, huerto o terreno agr\u00edcola con Vita Earth. Descubre nuestra soluci\u00f3n natural de vitalizaci\u00f3n para una restauraci\u00f3n sostenible del suelo y cosechas saludables.","robots":{"index":"index","follow":"follow","max-snippet":"max-snippet:-1","max-image-preview":"max-image-preview:large","max-video-preview":"max-video-preview:-1"},"canonical":"https:\/\/phipower.org\/es\/product\/huevo-de-agravio-huevo-energetico-compacto-para-la-proteccion-personal-y-la-vitalizacion-kopie-kopie-kopie\/","og_locale":"es_ES","og_type":"article","og_title":"Mejora del suelo Vita Earth \u2013 Recupera la fuerza de la Tierra","og_description":"Aumenta la fertilidad y la vitalidad del suelo de tu jard\u00edn, huerto o terreno agr\u00edcola con Vita Earth. Descubre nuestra soluci\u00f3n natural de vitalizaci\u00f3n para una restauraci\u00f3n sostenible del suelo y cosechas saludables.","og_url":"https:\/\/phipower.org\/es\/product\/huevo-de-agravio-huevo-energetico-compacto-para-la-proteccion-personal-y-la-vitalizacion-kopie-kopie-kopie\/","og_site_name":"Phipower","article_publisher":"https:\/\/www.facebook.com\/phipowertools\/","article_modified_time":"2026-04-16T14:17:31+00:00","og_image":[{"width":750,"height":750,"url":"https:\/\/phipower.org\/wp-content\/uploads\/2018\/09\/photo-1-36-1.jpg","type":"image\/jpeg"}],"twitter_card":"summary_large_image","twitter_site":"@phipower1","twitter_misc":{"Precio":"&euro;90,00","Disponibilidad":"Disponible"},"schema":{"@context":"https:\/\/schema.org","@graph":[{"@type":"WebPage","@id":"https:\/\/phipower.org\/es\/product\/huevo-de-agravio-huevo-energetico-compacto-para-la-proteccion-personal-y-la-vitalizacion-kopie-kopie-kopie\/","url":"https:\/\/phipower.org\/es\/product\/huevo-de-agravio-huevo-energetico-compacto-para-la-proteccion-personal-y-la-vitalizacion-kopie-kopie-kopie\/","name":"Mejora del suelo Vita Earth \u2013 Restauraci\u00f3n natural del suelo y vitalizaci\u00f3n de la tierra","isPartOf":{"@id":"https:\/\/phipower.org\/es\/#website"},"primaryImageOfPage":{"@id":"https:\/\/phipower.org\/es\/product\/huevo-de-agravio-huevo-energetico-compacto-para-la-proteccion-personal-y-la-vitalizacion-kopie-kopie-kopie\/#primaryimage"},"image":{"@id":"https:\/\/phipower.org\/es\/product\/huevo-de-agravio-huevo-energetico-compacto-para-la-proteccion-personal-y-la-vitalizacion-kopie-kopie-kopie\/#primaryimage"},"thumbnailUrl":"https:\/\/phipower.org\/wp-content\/uploads\/2025\/04\/vita-earth-verhoog-de-vruchtbaarheid-van-de-aarde.jpg","datePublished":"2025-04-22T18:49:34+00:00","dateModified":"2026-04-16T14:17:31+00:00","description":"Aumenta la fertilidad y la vitalidad del suelo de tu jard\u00edn, huerto o terreno agr\u00edcola con Vita Earth. Descubre nuestra soluci\u00f3n natural de vitalizaci\u00f3n para una restauraci\u00f3n sostenible del suelo y cosechas saludables.","breadcrumb":{"@id":"https:\/\/phipower.org\/es\/product\/huevo-de-agravio-huevo-energetico-compacto-para-la-proteccion-personal-y-la-vitalizacion-kopie-kopie-kopie\/#breadcrumb"},"inLanguage":"es","potentialAction":[{"@type":"ReadAction","target":["https:\/\/phipower.org\/es\/product\/huevo-de-agravio-huevo-energetico-compacto-para-la-proteccion-personal-y-la-vitalizacion-kopie-kopie-kopie\/"]}]},{"@type":"ImageObject","inLanguage":"es","@id":"https:\/\/phipower.org\/es\/product\/huevo-de-agravio-huevo-energetico-compacto-para-la-proteccion-personal-y-la-vitalizacion-kopie-kopie-kopie\/#primaryimage","url":"https:\/\/phipower.org\/wp-content\/uploads\/2025\/04\/vita-earth-verhoog-de-vruchtbaarheid-van-de-aarde.jpg","contentUrl":"https:\/\/phipower.org\/wp-content\/uploads\/2025\/04\/vita-earth-verhoog-de-vruchtbaarheid-van-de-aarde.jpg","width":600,"height":600},{"@type":"BreadcrumbList","@id":"https:\/\/phipower.org\/es\/product\/huevo-de-agravio-huevo-energetico-compacto-para-la-proteccion-personal-y-la-vitalizacion-kopie-kopie-kopie\/#breadcrumb","itemListElement":[{"@type":"ListItem","position":1,"name":"Home","item":"https:\/\/phipower.org\/es\/"},{"@type":"ListItem","position":2,"name":"Tienda","item":"https:\/\/phipower.org\/es\/tienda\/"},{"@type":"ListItem","position":3,"name":"Mejora del suelo Vita Earth \u2013 Recupera la fuerza de la Tierra"}]},{"@type":"WebSite","@id":"https:\/\/phipower.org\/es\/#website","url":"https:\/\/phipower.org\/es\/","name":"Phipower: innovatieve gezondheidsproducten","description":"innovatieve gezondheidsproducten","publisher":{"@id":"https:\/\/phipower.org\/es\/#organization"},"potentialAction":[{"@type":"SearchAction","target":{"@type":"EntryPoint","urlTemplate":"https:\/\/phipower.org\/es\/?s={search_term_string}"},"query-input":{"@type":"PropertyValueSpecification","valueRequired":true,"valueName":"search_term_string"}}],"inLanguage":"es"},{"@type":"Organization","@id":"https:\/\/phipower.org\/es\/#organization","name":"Phipower","url":"https:\/\/phipower.org\/es\/","logo":{"@type":"ImageObject","inLanguage":"es","@id":"https:\/\/phipower.org\/es\/#\/schema\/logo\/image\/","url":"https:\/\/phipower.org\/wp-content\/uploads\/2019\/06\/z-logo-RGB-wit-power.png","contentUrl":"https:\/\/phipower.org\/wp-content\/uploads\/2019\/06\/z-logo-RGB-wit-power.png","width":3273,"height":1389,"caption":"Phipower"},"image":{"@id":"https:\/\/phipower.org\/es\/#\/schema\/logo\/image\/"},"sameAs":["https:\/\/www.facebook.com\/phipowertools\/","https:\/\/x.com\/phipower1","https:\/\/www.tiktok.com\/@phipowerhealth"]}]},"product_price_amount":"90.00","product_price_currency":"EUR","og_availability":"instock","product_availability":"instock","product_retailer_item_id":"7806140071718","product_condition":"new"},"_links":{"self":[{"href":"https:\/\/phipower.org\/es\/wp-json\/wp\/v2\/product\/6821","targetHints":{"allow":["GET"]}}],"collection":[{"href":"https:\/\/phipower.org\/es\/wp-json\/wp\/v2\/product"}],"about":[{"href":"https:\/\/phipower.org\/es\/wp-json\/wp\/v2\/types\/product"}],"replies":[{"embeddable":true,"href":"https:\/\/phipower.org\/es\/wp-json\/wp\/v2\/comments?post=6821"}],"wp:featuredmedia":[{"embeddable":true,"href":"https:\/\/phipower.org\/es\/wp-json\/wp\/v2\/media\/6845"}],"wp:attachment":[{"href":"https:\/\/phipower.org\/es\/wp-json\/wp\/v2\/media?parent=6821"}],"wp:term":[{"taxonomy":"product_brand","embeddable":true,"href":"https:\/\/phipower.org\/es\/wp-json\/wp\/v2\/product_brand?post=6821"},{"taxonomy":"product_cat","embeddable":true,"href":"https:\/\/phipower.org\/es\/wp-json\/wp\/v2\/product_cat?post=6821"},{"taxonomy":"product_tag","embeddable":true,"href":"https:\/\/phipower.org\/es\/wp-json\/wp\/v2\/product_tag?post=6821"}],"curies":[{"name":"wp","href":"https:\/\/api.w.org\/{rel}","templated":true}]}}